{"id":191832,"date":"2023-05-18T06:53:57","date_gmt":"2023-05-18T04:53:57","guid":{"rendered":"https:\/\/najnaj.eu\/?post_type=product&#038;p=191832"},"modified":"2026-03-24T11:04:46","modified_gmt":"2026-03-24T10:04:46","slug":"ergobaby-jastucici-za-grickanje-i-podbradak-za-360-i-omni-360-nosiljku-heart-kiss","status":"publish","type":"product","link":"https:\/\/najnaj.eu\/sl\/izdelek\/ergobaby-jastucici-za-grickanje-i-podbradak-za-360-i-omni-360-nosiljku-heart-kiss\/","title":{"rendered":"Ergobaby prigrizek in blazinice za brado za nosilko 360 in Omni 360 &#8211; Heart Kiss"},"content":{"rendered":"<h1 class=\"alt-font\">Udobna in prakti\u010dna za\u0161\u010dita za naramne trakove in sprednji del nosilke.<\/h1>\n<p><strong>Dojen\u010dki pogosto grizejo naramnice, da bi la\u017eje prebrodili obdobje izra\u0161\u010danja zobkov. Uporaba nosilk za dojen\u010dke Ergobaby 360 in Omni 360 bo za\u0161\u010ditila naramnice in sprednji del nosilke, ko dojen\u010dka nosite na sprednji strani, ter prepre\u010dila pogosto pranje nosilke in s tem podalj\u0161ala njeno \u017eivljenjsko dobo. Nosilke za dojen\u010dke in podbradniki so izdelani iz 100 % bomba\u017ea. Nosilke za dojen\u010dke so zasnovane samo za uporabo z nosilkama za dojen\u010dke Ergobaby 360 in Omni 360.   <\/strong><\/p>\n","protected":false},"excerpt":{"rendered":"<p><strong>Blazinice za brado za nosilki Ergobaby 360 in Omni 360 so ne\u017ene do otrokovih ust in \u0161\u010ditijo naramnice ter sprednji del nosilke.<\/strong><\/p>\n","protected":false},"featured_media":199945,"comment_status":"closed","ping_status":"closed","template":"","meta":{"_acf_changed":false,"footnotes":""},"product_brand":[],"product_cat":[1186,1156,882],"product_tag":[],"class_list":{"0":"post-191832","1":"product","2":"type-product","3":"status-publish","4":"has-post-thumbnail","6":"product_cat-jastucici-za-grickanje-sl","7":"product_cat-dodaci-za-nosiljke-sl","8":"product_cat-nosilke","9":"pa_brand-ergobaby-sl","11":"first","12":"instock","13":"purchasable","14":"product-type-simple"},"bundled_by":[],"bundle_stock_status":"instock","bundle_stock_quantity":4,"bundle_virtual":false,"bundle_layout":"","bundle_add_to_cart_form_location":"","bundle_editable_in_cart":false,"bundle_sold_individually_context":"","bundle_item_grouping":"","bundle_min_size":"","bundle_max_size":"","bundle_price":[],"bundled_items":[],"bundle_sell_ids":[],"acf":[],"yoast_head":"<!-- This site is optimized with the Yoast SEO Premium plugin v21.5 (Yoast SEO v27.4) - https:\/\/yoast.com\/product\/yoast-seo-premium-wordpress\/ -->\n<title>Ergobaby prigrizek in blazinice za brado za nosilko 360 in Omni 360 - Heart Kiss - NajNaj.eu<\/title>\n<meta name=\"robots\" content=\"index, follow, max-snippet:-1, max-image-preview:large, max-video-preview:-1\" \/>\n<link rel=\"canonical\" href=\"https:\/\/najnaj.eu\/sl\/izdelek\/ergobaby-jastucici-za-grickanje-i-podbradak-za-360-i-omni-360-nosiljku-heart-kiss\/\" \/>\n<meta property=\"og:locale\" content=\"sl_SI\" \/>\n<meta property=\"og:type\" content=\"article\" \/>\n<meta property=\"og:title\" content=\"Ergobaby prigrizek in blazinice za brado za nosilko 360 in Omni 360 - Heart Kiss\" \/>\n<meta property=\"og:description\" content=\"Blazinice za brado za nosilki Ergobaby 360 in Omni 360 so ne\u017ene do otrokovih ust in \u0161\u010ditijo naramnice ter sprednji del nosilke.\" \/>\n<meta property=\"og:url\" content=\"https:\/\/najnaj.eu\/sl\/izdelek\/ergobaby-jastucici-za-grickanje-i-podbradak-za-360-i-omni-360-nosiljku-heart-kiss\/\" \/>\n<meta property=\"og:site_name\" content=\"NajNaj.eu\" \/>\n<meta property=\"article:publisher\" content=\"https:\/\/web.facebook.com\/najnaj.eu\/\" \/>\n<meta property=\"article:modified_time\" content=\"2026-03-24T10:04:46+00:00\" \/>\n<meta property=\"og:image\" content=\"https:\/\/najnaj.eu\/wp-content\/uploads\/2023\/05\/drool-bib-heart-kiss-01-5057x5057-54d6d0b-1.jpg\" \/>\n\t<meta property=\"og:image:width\" content=\"2400\" \/>\n\t<meta property=\"og:image:height\" content=\"2400\" \/>\n\t<meta property=\"og:image:type\" content=\"image\/jpeg\" \/>\n<meta name=\"twitter:card\" content=\"summary_large_image\" \/>\n<meta name=\"twitter:label1\" content=\"Price\" \/>\n\t<meta name=\"twitter:data1\" content=\"19,90&nbsp;&euro;\" \/>\n\t<meta name=\"twitter:label2\" content=\"Availability\" \/>\n\t<meta name=\"twitter:data2\" content=\"In stock\" \/>\n<script type=\"application\/ld+json\" class=\"yoast-schema-graph\">{\"@context\":\"https:\\\/\\\/schema.org\",\"@graph\":[{\"@type\":\"WebPage\",\"@id\":\"https:\\\/\\\/najnaj.eu\\\/sl\\\/izdelek\\\/ergobaby-jastucici-za-grickanje-i-podbradak-za-360-i-omni-360-nosiljku-heart-kiss\\\/\",\"url\":\"https:\\\/\\\/najnaj.eu\\\/sl\\\/izdelek\\\/ergobaby-jastucici-za-grickanje-i-podbradak-za-360-i-omni-360-nosiljku-heart-kiss\\\/\",\"name\":\"Ergobaby prigrizek in blazinice za brado za nosilko 360 in Omni 360 - Heart Kiss - NajNaj.eu\",\"isPartOf\":{\"@id\":\"https:\\\/\\\/najnaj.eu\\\/sl\\\/#website\"},\"primaryImageOfPage\":{\"@id\":\"https:\\\/\\\/najnaj.eu\\\/sl\\\/izdelek\\\/ergobaby-jastucici-za-grickanje-i-podbradak-za-360-i-omni-360-nosiljku-heart-kiss\\\/#primaryimage\"},\"image\":{\"@id\":\"https:\\\/\\\/najnaj.eu\\\/sl\\\/izdelek\\\/ergobaby-jastucici-za-grickanje-i-podbradak-za-360-i-omni-360-nosiljku-heart-kiss\\\/#primaryimage\"},\"thumbnailUrl\":\"https:\\\/\\\/najnaj.eu\\\/wp-content\\\/uploads\\\/2023\\\/05\\\/drool-bib-heart-kiss-01-5057x5057-54d6d0b-1.jpg\",\"datePublished\":\"2023-05-18T04:53:57+00:00\",\"dateModified\":\"2026-03-24T10:04:46+00:00\",\"breadcrumb\":{\"@id\":\"https:\\\/\\\/najnaj.eu\\\/sl\\\/izdelek\\\/ergobaby-jastucici-za-grickanje-i-podbradak-za-360-i-omni-360-nosiljku-heart-kiss\\\/#breadcrumb\"},\"inLanguage\":\"sl-SI\",\"potentialAction\":[{\"@type\":\"ReadAction\",\"target\":[\"https:\\\/\\\/najnaj.eu\\\/sl\\\/izdelek\\\/ergobaby-jastucici-za-grickanje-i-podbradak-za-360-i-omni-360-nosiljku-heart-kiss\\\/\"]}]},{\"@type\":\"ImageObject\",\"inLanguage\":\"sl-SI\",\"@id\":\"https:\\\/\\\/najnaj.eu\\\/sl\\\/izdelek\\\/ergobaby-jastucici-za-grickanje-i-podbradak-za-360-i-omni-360-nosiljku-heart-kiss\\\/#primaryimage\",\"url\":\"https:\\\/\\\/najnaj.eu\\\/wp-content\\\/uploads\\\/2023\\\/05\\\/drool-bib-heart-kiss-01-5057x5057-54d6d0b-1.jpg\",\"contentUrl\":\"https:\\\/\\\/najnaj.eu\\\/wp-content\\\/uploads\\\/2023\\\/05\\\/drool-bib-heart-kiss-01-5057x5057-54d6d0b-1.jpg\",\"width\":2400,\"height\":2400},{\"@type\":\"BreadcrumbList\",\"@id\":\"https:\\\/\\\/najnaj.eu\\\/sl\\\/izdelek\\\/ergobaby-jastucici-za-grickanje-i-podbradak-za-360-i-omni-360-nosiljku-heart-kiss\\\/#breadcrumb\",\"itemListElement\":[{\"@type\":\"ListItem\",\"position\":1,\"name\":\"Po\u010detna stranica\",\"item\":\"https:\\\/\\\/najnaj.eu\\\/sl\\\/prednja-stran\\\/\"},{\"@type\":\"ListItem\",\"position\":2,\"name\":\"Shop\",\"item\":\"https:\\\/\\\/najnaj.eu\\\/sl\\\/shop\\\/\"},{\"@type\":\"ListItem\",\"position\":3,\"name\":\"Ergobaby prigrizek in blazinice za brado za nosilko 360 in Omni 360 &#8211; Heart Kiss\"}]},{\"@type\":\"WebSite\",\"@id\":\"https:\\\/\\\/najnaj.eu\\\/sl\\\/#website\",\"url\":\"https:\\\/\\\/najnaj.eu\\\/sl\\\/\",\"name\":\"NajNaj.eu\",\"description\":\"Za najva\u017enije!\",\"publisher\":{\"@id\":\"https:\\\/\\\/najnaj.eu\\\/sl\\\/#organization\"},\"potentialAction\":[{\"@type\":\"SearchAction\",\"target\":{\"@type\":\"EntryPoint\",\"urlTemplate\":\"https:\\\/\\\/najnaj.eu\\\/sl\\\/?s={search_term_string}\"},\"query-input\":{\"@type\":\"PropertyValueSpecification\",\"valueRequired\":true,\"valueName\":\"search_term_string\"}}],\"inLanguage\":\"sl-SI\"},{\"@type\":\"Organization\",\"@id\":\"https:\\\/\\\/najnaj.eu\\\/sl\\\/#organization\",\"name\":\"NajNaj.eu\",\"url\":\"https:\\\/\\\/najnaj.eu\\\/sl\\\/\",\"logo\":{\"@type\":\"ImageObject\",\"inLanguage\":\"sl-SI\",\"@id\":\"https:\\\/\\\/najnaj.eu\\\/sl\\\/#\\\/schema\\\/logo\\\/image\\\/\",\"url\":\"https:\\\/\\\/najnaj.eu\\\/wp-content\\\/uploads\\\/2023\\\/09\\\/logo_Najnaj_2023.svg\",\"contentUrl\":\"https:\\\/\\\/najnaj.eu\\\/wp-content\\\/uploads\\\/2023\\\/09\\\/logo_Najnaj_2023.svg\",\"width\":501,\"height\":278,\"caption\":\"NajNaj.eu\"},\"image\":{\"@id\":\"https:\\\/\\\/najnaj.eu\\\/sl\\\/#\\\/schema\\\/logo\\\/image\\\/\"},\"sameAs\":[\"https:\\\/\\\/web.facebook.com\\\/najnaj.eu\\\/\",\"https:\\\/\\\/www.instagram.com\\\/najnaj.eu\\\/\",\"https:\\\/\\\/www.tiktok.com\\\/@najnaj.eu\"]}]}<\/script>\n<meta property=\"product:brand\" content=\"Ergobaby\" \/>\n<meta property=\"product:price:amount\" content=\"19.90\" \/>\n<meta property=\"product:price:currency\" content=\"EUR\" \/>\n<meta property=\"og:availability\" content=\"instock\" \/>\n<meta property=\"product:availability\" content=\"instock\" \/>\n<meta property=\"product:retailer_item_id\" content=\"DROOLBIBHRTKS\" \/>\n<meta property=\"product:condition\" content=\"new\" \/>\n<!-- \/ Yoast SEO Premium plugin. -->","yoast_head_json":{"title":"Ergobaby prigrizek in blazinice za brado za nosilko 360 in Omni 360 - Heart Kiss - NajNaj.eu","robots":{"index":"index","follow":"follow","max-snippet":"max-snippet:-1","max-image-preview":"max-image-preview:large","max-video-preview":"max-video-preview:-1"},"canonical":"https:\/\/najnaj.eu\/sl\/izdelek\/ergobaby-jastucici-za-grickanje-i-podbradak-za-360-i-omni-360-nosiljku-heart-kiss\/","og_locale":"sl_SI","og_type":"article","og_title":"Ergobaby prigrizek in blazinice za brado za nosilko 360 in Omni 360 - Heart Kiss","og_description":"Blazinice za brado za nosilki Ergobaby 360 in Omni 360 so ne\u017ene do otrokovih ust in \u0161\u010ditijo naramnice ter sprednji del nosilke.","og_url":"https:\/\/najnaj.eu\/sl\/izdelek\/ergobaby-jastucici-za-grickanje-i-podbradak-za-360-i-omni-360-nosiljku-heart-kiss\/","og_site_name":"NajNaj.eu","article_publisher":"https:\/\/web.facebook.com\/najnaj.eu\/","article_modified_time":"2026-03-24T10:04:46+00:00","og_image":[{"width":2400,"height":2400,"url":"https:\/\/najnaj.eu\/wp-content\/uploads\/2023\/05\/drool-bib-heart-kiss-01-5057x5057-54d6d0b-1.jpg","type":"image\/jpeg"}],"twitter_card":"summary_large_image","twitter_misc":{"Price":"19,90&nbsp;&euro;","Availability":"In stock"},"schema":{"@context":"https:\/\/schema.org","@graph":[{"@type":"WebPage","@id":"https:\/\/najnaj.eu\/sl\/izdelek\/ergobaby-jastucici-za-grickanje-i-podbradak-za-360-i-omni-360-nosiljku-heart-kiss\/","url":"https:\/\/najnaj.eu\/sl\/izdelek\/ergobaby-jastucici-za-grickanje-i-podbradak-za-360-i-omni-360-nosiljku-heart-kiss\/","name":"Ergobaby prigrizek in blazinice za brado za nosilko 360 in Omni 360 - Heart Kiss - NajNaj.eu","isPartOf":{"@id":"https:\/\/najnaj.eu\/sl\/#website"},"primaryImageOfPage":{"@id":"https:\/\/najnaj.eu\/sl\/izdelek\/ergobaby-jastucici-za-grickanje-i-podbradak-za-360-i-omni-360-nosiljku-heart-kiss\/#primaryimage"},"image":{"@id":"https:\/\/najnaj.eu\/sl\/izdelek\/ergobaby-jastucici-za-grickanje-i-podbradak-za-360-i-omni-360-nosiljku-heart-kiss\/#primaryimage"},"thumbnailUrl":"https:\/\/najnaj.eu\/wp-content\/uploads\/2023\/05\/drool-bib-heart-kiss-01-5057x5057-54d6d0b-1.jpg","datePublished":"2023-05-18T04:53:57+00:00","dateModified":"2026-03-24T10:04:46+00:00","breadcrumb":{"@id":"https:\/\/najnaj.eu\/sl\/izdelek\/ergobaby-jastucici-za-grickanje-i-podbradak-za-360-i-omni-360-nosiljku-heart-kiss\/#breadcrumb"},"inLanguage":"sl-SI","potentialAction":[{"@type":"ReadAction","target":["https:\/\/najnaj.eu\/sl\/izdelek\/ergobaby-jastucici-za-grickanje-i-podbradak-za-360-i-omni-360-nosiljku-heart-kiss\/"]}]},{"@type":"ImageObject","inLanguage":"sl-SI","@id":"https:\/\/najnaj.eu\/sl\/izdelek\/ergobaby-jastucici-za-grickanje-i-podbradak-za-360-i-omni-360-nosiljku-heart-kiss\/#primaryimage","url":"https:\/\/najnaj.eu\/wp-content\/uploads\/2023\/05\/drool-bib-heart-kiss-01-5057x5057-54d6d0b-1.jpg","contentUrl":"https:\/\/najnaj.eu\/wp-content\/uploads\/2023\/05\/drool-bib-heart-kiss-01-5057x5057-54d6d0b-1.jpg","width":2400,"height":2400},{"@type":"BreadcrumbList","@id":"https:\/\/najnaj.eu\/sl\/izdelek\/ergobaby-jastucici-za-grickanje-i-podbradak-za-360-i-omni-360-nosiljku-heart-kiss\/#breadcrumb","itemListElement":[{"@type":"ListItem","position":1,"name":"Po\u010detna stranica","item":"https:\/\/najnaj.eu\/sl\/prednja-stran\/"},{"@type":"ListItem","position":2,"name":"Shop","item":"https:\/\/najnaj.eu\/sl\/shop\/"},{"@type":"ListItem","position":3,"name":"Ergobaby prigrizek in blazinice za brado za nosilko 360 in Omni 360 &#8211; Heart Kiss"}]},{"@type":"WebSite","@id":"https:\/\/najnaj.eu\/sl\/#website","url":"https:\/\/najnaj.eu\/sl\/","name":"NajNaj.eu","description":"Za najva\u017enije!","publisher":{"@id":"https:\/\/najnaj.eu\/sl\/#organization"},"potentialAction":[{"@type":"SearchAction","target":{"@type":"EntryPoint","urlTemplate":"https:\/\/najnaj.eu\/sl\/?s={search_term_string}"},"query-input":{"@type":"PropertyValueSpecification","valueRequired":true,"valueName":"search_term_string"}}],"inLanguage":"sl-SI"},{"@type":"Organization","@id":"https:\/\/najnaj.eu\/sl\/#organization","name":"NajNaj.eu","url":"https:\/\/najnaj.eu\/sl\/","logo":{"@type":"ImageObject","inLanguage":"sl-SI","@id":"https:\/\/najnaj.eu\/sl\/#\/schema\/logo\/image\/","url":"https:\/\/najnaj.eu\/wp-content\/uploads\/2023\/09\/logo_Najnaj_2023.svg","contentUrl":"https:\/\/najnaj.eu\/wp-content\/uploads\/2023\/09\/logo_Najnaj_2023.svg","width":501,"height":278,"caption":"NajNaj.eu"},"image":{"@id":"https:\/\/najnaj.eu\/sl\/#\/schema\/logo\/image\/"},"sameAs":["https:\/\/web.facebook.com\/najnaj.eu\/","https:\/\/www.instagram.com\/najnaj.eu\/","https:\/\/www.tiktok.com\/@najnaj.eu"]}]},"product_brand":"Ergobaby","product_price_amount":"19.90","product_price_currency":"EUR","og_availability":"instock","product_availability":"instock","product_retailer_item_id":"DROOLBIBHRTKS","product_condition":"new"},"_links":{"self":[{"href":"https:\/\/najnaj.eu\/sl\/wp-json\/wp\/v2\/product\/191832","targetHints":{"allow":["GET"]}}],"collection":[{"href":"https:\/\/najnaj.eu\/sl\/wp-json\/wp\/v2\/product"}],"about":[{"href":"https:\/\/najnaj.eu\/sl\/wp-json\/wp\/v2\/types\/product"}],"replies":[{"embeddable":true,"href":"https:\/\/najnaj.eu\/sl\/wp-json\/wp\/v2\/comments?post=191832"}],"version-history":[{"count":0,"href":"https:\/\/najnaj.eu\/sl\/wp-json\/wp\/v2\/product\/191832\/revisions"}],"wp:featuredmedia":[{"embeddable":true,"href":"https:\/\/najnaj.eu\/sl\/wp-json\/wp\/v2\/media\/199945"}],"wp:attachment":[{"href":"https:\/\/najnaj.eu\/sl\/wp-json\/wp\/v2\/media?parent=191832"}],"wp:term":[{"taxonomy":"product_brand","embeddable":true,"href":"https:\/\/najnaj.eu\/sl\/wp-json\/wp\/v2\/product_brand?post=191832"},{"taxonomy":"product_cat","embeddable":true,"href":"https:\/\/najnaj.eu\/sl\/wp-json\/wp\/v2\/product_cat?post=191832"},{"taxonomy":"product_tag","embeddable":true,"href":"https:\/\/najnaj.eu\/sl\/wp-json\/wp\/v2\/product_tag?post=191832"}],"curies":[{"name":"wp","href":"https:\/\/api.w.org\/{rel}","templated":true}]}}