{"id":191761,"date":"2023-09-15T10:07:08","date_gmt":"2023-09-15T08:07:08","guid":{"rendered":"https:\/\/najnaj.eu\/proizvod\/ergobaby-adapt-softflex-mesh-nosiljka-grafit-siva\/"},"modified":"2026-03-24T11:03:53","modified_gmt":"2026-03-24T10:03:53","slug":"ergobaby-adapt-softflex-mesh-nosiljka-grafit-siva","status":"publish","type":"product","link":"https:\/\/najnaj.eu\/sl\/izdelek\/ergobaby-adapt-softflex-mesh-nosiljka-grafit-siva\/","title":{"rendered":"Ergobaby Adapt SoftFlex mre\u017easta nosilka, grafitno siva"},"content":{"rendered":"<h1><strong><span style=\"color: #9ab9af;\"><span style=\"color: #81a4b9;\">Nosilec, ki zdru\u017euje preprostost in udobje!<\/span><\/span><\/strong><\/h1>\n<p>Nosilka Adapt se popolnoma prilagodi vam in va\u0161emu dojen\u010dku zaradi mehke in udobne tkanine v kombinaciji s tremi preprostimi na\u010dini prilagajanja. Adapt je zasnovana tako, da otroka nosite obrnjenega proti sebi, in ker se prilagaja va\u0161i starosti, nosilka \u201eraste\u201c z va\u0161im mal\u010dkom.   <img loading=\"lazy\" decoding=\"async\" class=\"wp-image-110790 alignright\" src=\"https:\/\/najnaj.eu\/wp-content\/uploads\/2023\/08\/EGB-Adapt-Illustrations-04.png\" alt=\"\" width=\"146\" height=\"215\"><\/p>\n<p><iframe loading=\"lazy\" title=\"Predstavljamo novi Ergobaby Adapt SoftFlex\u2122 Mesh!\" width=\"980\" height=\"551\" src=\"https:\/\/www.youtube.com\/embed\/pbT_6WsRgJ4?feature=oembed&#038;enablejsapi=1&#038;origin=https:\/\/najnaj.eu\" frameborder=\"0\" allow=\"accelerometer; autoplay; clipboard-write; encrypted-media; gyroscope; picture-in-picture; web-share\" allowfullscreen><\/iframe><\/p>\n<h2><span style=\"color: #81a4b9;\"><strong>No\u0161enje je tako enostavno kot 1-2-3!<\/strong><\/span><\/h2>\n<p>Z inovativno zasnovo nosilke Adapt udobje \u0161e nikoli ni bilo la\u017eje, ergonomija pa ve\u010dja. 3 polo\u017eaji no\u0161enja vam omogo\u010dajo no\u0161enje va\u0161ega mal\u010dka od rojstva do vrt\u010devske starosti (pribli\u017eno 0 &#8211; 48 mesecev; 3,2 &#8211; 20,4 kg). <\/p>\n<p><strong>Trije ergonomski polo\u017eaji no\u0161enja:<\/strong><\/p>\n<ul>\n<li>na trebuhu proti star\u0161u<\/li>\n<li>na strani<\/li>\n<li>na hrbtu<\/li>\n<\/ul>\n<h2><span style=\"color: #81a4b9;\"><strong>Maksimalna zra\u010dnost<img loading=\"lazy\" decoding=\"async\" class=\"wp-image-110794 alignright\" src=\"https:\/\/najnaj.eu\/wp-content\/uploads\/2023\/08\/EGB-Adapt-Illustrations-26.png\" alt=\"\" width=\"169\" height=\"177\"> <\/strong><\/span><\/h2>\n<p>Izdelana je iz lahke mre\u017easte tkanine SoftFlex\u2122 za maksimalno zra\u010dnost, zaradi \u010desar bo nosilka, ki bo vas in va\u0161ega otroka ohranjala sve\u017ee in suhe ves dan.<\/p>\n<p><strong>Druge funkcije:<\/strong><\/p>\n<ul>\n<li>Mre\u017easta tkanina SoftFlex\u2122 za maksimalno zra\u010dnost<\/li>\n<li>Prekri\u017eni naramni trakovi in \u200b\u200bledvena opora<\/li>\n<li>Ergonomija v vseh polo\u017eajih (polo\u017eaj M)<\/li>\n<li>Enostavna namestitev<\/li>\n<li>Kapuca za zasebnost in za\u0161\u010dito pred soncem<\/li>\n<li>Obseg pasu: 45 cm &#8211; 144,8 cm<\/li>\n<li>3,2 \u2013 20,4 kg<\/li>\n<li>Pralno v pralnem stroju<\/li>\n<li>Mo\u017eno dojenje v nosilki<\/li>\n<\/ul>\n<h2><span style=\"color: #81a4b9;\"><strong>Zdravo za dojen\u010dkove boke<\/strong><\/span><\/h2>\n<p>Adapt SoftFlex\u2122Mesh je nosilka, ki se lahko uporablja od rojstva brez vlo\u017eka in vedno zagotavlja, da je otrok v nosilki name\u0161\u010den v naravnem \u201epolo\u017eaju M\u201c z raz\u0161irjenimi nogami, spodnji del pa je v vi\u0161ini kolen ali pod njo. Nosilka podpira otroka od stegna do stegna, raste z otrokom in se prilagaja glede na otrokovo velikost in polo\u017eaj no\u0161enja. <\/p>\n<p>Mednarodni in\u0161titut za displazijo kolkov (IHDI) prepoznava mre\u017eico Adapt SoftFlex\u2122 kot \u201eizdelek, prijazen do kolkov\u201c, tako kot vse druge nosilke Ergobaby.<\/p>\n<h2><span style=\"color: #81a4b9;\"><strong>Zdrava hrbtenica za dojen\u010dke in star\u0161e<\/strong><\/span><\/h2>\n<p>Nosilka Adapt SoftFlex\u2122 Mesh je s strani organizacije Healthier Back (AGR) prepoznana tudi kot \u201eizdelek za zdravo hrbtenico star\u0161ev\u201c.<\/p>\n","protected":false},"excerpt":{"rendered":"<h3><span style=\"color: #9ab9af;\"><strong>Ergobaby Adapt SoftFlex\u2122 mre\u017easta nosilka<\/strong><\/span><\/h3>\n<p>Mre\u017easta nosilka Adapt SoftFlex\u2122 odli\u010dno zdru\u017euje udobje in enostavnost uporabe. Zasnovana je tako, da povezuje dojen\u010dka in star\u0161a ter se enostavno prilagaja rasti va\u0161ega dojen\u010dka. <\/p>\n<p>Izdelana iz mre\u017easte tkanine SoftFlex\u2122 za maksimalno zra\u010dnost je zasnovana tako, da vam in va\u0161emu otroku zagotavlja celodnevno udobje in suhost!<\/p>\n<ul>\n<li>Nastavljiva velikost za otroke od rojstva do vrt\u010devske starosti (pribli\u017eno 0-48 mesecev), brez potrebe po vlo\u017eku<\/li>\n<li>Za otroke od 3,2 kg do 20,4 kg<\/li>\n<li>Oblazinjena ledvena opora za dodatno udobje hrbta<\/li>\n<li>Omogo\u010da 3 polo\u017eaje no\u0161enja: na trebuhu proti star\u0161u, na boku in na hrbtu<\/li>\n<li>Maksimalno udobje za star\u0161e<\/li>\n<li>Udoben in ergonomski polo\u017eaj za otroka v vseh polo\u017eajih no\u0161enja<\/li>\n<li>Kapuca za za\u0161\u010dito pred soncem (UPF 50+) in zasebnost<\/li>\n<li>Tkanina s certifikatom Oeko-Tex STANDARD 100<\/li>\n<li>ErgoPromise \u2013 10-letna garancija<\/li>\n<\/ul>\n","protected":false},"featured_media":155989,"comment_status":"open","ping_status":"closed","template":"","meta":{"_acf_changed":false,"footnotes":""},"product_brand":[],"product_cat":[734,544,738],"product_tag":[],"class_list":{"0":"post-191761","1":"product","2":"type-product","3":"status-publish","4":"has-post-thumbnail","6":"product_cat-3-polozaja-nosenja","7":"product_cat-nosiljke","8":"product_cat-od-rodenja-do-3-godine","9":"pa_boja-siva","10":"pa_brand-ergobaby","12":"first","13":"instock","14":"purchasable","15":"product-type-simple"},"bundled_by":[],"bundle_stock_status":"instock","bundle_stock_quantity":15,"bundle_virtual":false,"bundle_layout":"","bundle_add_to_cart_form_location":"","bundle_editable_in_cart":false,"bundle_sold_individually_context":"","bundle_item_grouping":"","bundle_min_size":"","bundle_max_size":"","bundle_price":[],"bundled_items":[],"bundle_sell_ids":[],"acf":[],"yoast_head":"<!-- This site is optimized with the Yoast SEO Premium plugin v21.5 (Yoast SEO v27.3) - https:\/\/yoast.com\/product\/yoast-seo-premium-wordpress\/ -->\n<title>Ergobaby Adapt SoftFlex mre\u017easta nosilka, grafitno siva - NajNaj.eu<\/title>\n<meta name=\"robots\" content=\"index, follow, max-snippet:-1, max-image-preview:large, max-video-preview:-1\" \/>\n<link rel=\"canonical\" href=\"https:\/\/najnaj.eu\/sl\/izdelek\/ergobaby-adapt-softflex-mesh-nosiljka-grafit-siva\/\" \/>\n<meta property=\"og:locale\" content=\"sl_SI\" \/>\n<meta property=\"og:type\" content=\"article\" \/>\n<meta property=\"og:title\" content=\"Ergobaby Adapt SoftFlex mre\u017easta nosilka, grafitno siva\" \/>\n<meta property=\"og:description\" content=\"Ergobaby Adapt SoftFlex\u2122 mre\u017easta nosilka Mre\u017easta nosilka Adapt SoftFlex\u2122 odli\u010dno zdru\u017euje udobje in enostavnost uporabe. Zasnovana je tako, da povezuje dojen\u010dka in star\u0161a ter se enostavno prilagaja rasti va\u0161ega dojen\u010dka.  Izdelana iz mre\u017easte tkanine SoftFlex\u2122 za maksimalno zra\u010dnost je zasnovana tako, da vam in va\u0161emu otroku zagotavlja celodnevno udobje in suhost!  Nastavljiva velikost za otroke od rojstva do vrt\u010devske starosti (pribli\u017eno 0-48 mesecev), brez potrebe po vlo\u017eku  Za otroke od 3,2 kg do 20,4 kg  Oblazinjena ledvena opora za dodatno udobje hrbta  Omogo\u010da 3 polo\u017eaje no\u0161enja: na trebuhu proti star\u0161u, na boku in na hrbtu  Maksimalno udobje za star\u0161e  Udoben in ergonomski polo\u017eaj za otroka v vseh polo\u017eajih no\u0161enja  Kapuca za za\u0161\u010dito pred soncem (UPF 50+) in zasebnost  Tkanina s certifikatom Oeko-Tex STANDARD 100  ErgoPromise \u2013 10-letna garancija\" \/>\n<meta property=\"og:url\" content=\"https:\/\/najnaj.eu\/sl\/izdelek\/ergobaby-adapt-softflex-mesh-nosiljka-grafit-siva\/\" \/>\n<meta property=\"og:site_name\" content=\"NajNaj.eu\" \/>\n<meta property=\"article:publisher\" content=\"https:\/\/web.facebook.com\/najnaj.eu\/\" \/>\n<meta property=\"article:modified_time\" content=\"2026-03-24T10:03:53+00:00\" \/>\n<meta property=\"og:image\" content=\"https:\/\/najnaj.eu\/wp-content\/uploads\/2023\/08\/adapt-softflex-baby-carrier-graphite_grey-2-3000x3000-2567b33.jpg\" \/>\n\t<meta property=\"og:image:width\" content=\"1000\" \/>\n\t<meta property=\"og:image:height\" content=\"1000\" \/>\n\t<meta property=\"og:image:type\" content=\"image\/jpeg\" \/>\n<meta name=\"twitter:card\" content=\"summary_large_image\" \/>\n<meta name=\"twitter:label1\" content=\"Price\" \/>\n\t<meta name=\"twitter:data1\" content=\"139,90&nbsp;&euro;\" \/>\n\t<meta name=\"twitter:label2\" content=\"Availability\" \/>\n\t<meta name=\"twitter:data2\" content=\"In stock\" \/>\n<script type=\"application\/ld+json\" class=\"yoast-schema-graph\">{\"@context\":\"https:\\\/\\\/schema.org\",\"@graph\":[{\"@type\":\"WebPage\",\"@id\":\"https:\\\/\\\/najnaj.eu\\\/sl\\\/izdelek\\\/ergobaby-adapt-softflex-mesh-nosiljka-grafit-siva\\\/\",\"url\":\"https:\\\/\\\/najnaj.eu\\\/sl\\\/izdelek\\\/ergobaby-adapt-softflex-mesh-nosiljka-grafit-siva\\\/\",\"name\":\"Ergobaby Adapt SoftFlex mre\u017easta nosilka, grafitno siva - NajNaj.eu\",\"isPartOf\":{\"@id\":\"https:\\\/\\\/najnaj.eu\\\/sl\\\/#website\"},\"primaryImageOfPage\":{\"@id\":\"https:\\\/\\\/najnaj.eu\\\/sl\\\/izdelek\\\/ergobaby-adapt-softflex-mesh-nosiljka-grafit-siva\\\/#primaryimage\"},\"image\":{\"@id\":\"https:\\\/\\\/najnaj.eu\\\/sl\\\/izdelek\\\/ergobaby-adapt-softflex-mesh-nosiljka-grafit-siva\\\/#primaryimage\"},\"thumbnailUrl\":\"https:\\\/\\\/najnaj.eu\\\/wp-content\\\/uploads\\\/2023\\\/08\\\/adapt-softflex-baby-carrier-graphite_grey-2-3000x3000-2567b33.jpg\",\"datePublished\":\"2023-09-15T08:07:08+00:00\",\"dateModified\":\"2026-03-24T10:03:53+00:00\",\"breadcrumb\":{\"@id\":\"https:\\\/\\\/najnaj.eu\\\/sl\\\/izdelek\\\/ergobaby-adapt-softflex-mesh-nosiljka-grafit-siva\\\/#breadcrumb\"},\"inLanguage\":\"sl-SI\",\"potentialAction\":[{\"@type\":\"ReadAction\",\"target\":[\"https:\\\/\\\/najnaj.eu\\\/sl\\\/izdelek\\\/ergobaby-adapt-softflex-mesh-nosiljka-grafit-siva\\\/\"]}]},{\"@type\":\"ImageObject\",\"inLanguage\":\"sl-SI\",\"@id\":\"https:\\\/\\\/najnaj.eu\\\/sl\\\/izdelek\\\/ergobaby-adapt-softflex-mesh-nosiljka-grafit-siva\\\/#primaryimage\",\"url\":\"https:\\\/\\\/najnaj.eu\\\/wp-content\\\/uploads\\\/2023\\\/08\\\/adapt-softflex-baby-carrier-graphite_grey-2-3000x3000-2567b33.jpg\",\"contentUrl\":\"https:\\\/\\\/najnaj.eu\\\/wp-content\\\/uploads\\\/2023\\\/08\\\/adapt-softflex-baby-carrier-graphite_grey-2-3000x3000-2567b33.jpg\",\"width\":1000,\"height\":1000},{\"@type\":\"BreadcrumbList\",\"@id\":\"https:\\\/\\\/najnaj.eu\\\/sl\\\/izdelek\\\/ergobaby-adapt-softflex-mesh-nosiljka-grafit-siva\\\/#breadcrumb\",\"itemListElement\":[{\"@type\":\"ListItem\",\"position\":1,\"name\":\"Po\u010detna stranica\",\"item\":\"https:\\\/\\\/najnaj.eu\\\/sl\\\/prednja-stran\\\/\"},{\"@type\":\"ListItem\",\"position\":2,\"name\":\"Shop\",\"item\":\"https:\\\/\\\/najnaj.eu\\\/sl\\\/shop\\\/\"},{\"@type\":\"ListItem\",\"position\":3,\"name\":\"Ergobaby Adapt SoftFlex mre\u017easta nosilka, grafitno siva\"}]},{\"@type\":\"WebSite\",\"@id\":\"https:\\\/\\\/najnaj.eu\\\/sl\\\/#website\",\"url\":\"https:\\\/\\\/najnaj.eu\\\/sl\\\/\",\"name\":\"NajNaj.eu\",\"description\":\"Za najva\u017enije!\",\"publisher\":{\"@id\":\"https:\\\/\\\/najnaj.eu\\\/sl\\\/#organization\"},\"potentialAction\":[{\"@type\":\"SearchAction\",\"target\":{\"@type\":\"EntryPoint\",\"urlTemplate\":\"https:\\\/\\\/najnaj.eu\\\/sl\\\/?s={search_term_string}\"},\"query-input\":{\"@type\":\"PropertyValueSpecification\",\"valueRequired\":true,\"valueName\":\"search_term_string\"}}],\"inLanguage\":\"sl-SI\"},{\"@type\":\"Organization\",\"@id\":\"https:\\\/\\\/najnaj.eu\\\/sl\\\/#organization\",\"name\":\"NajNaj.eu\",\"url\":\"https:\\\/\\\/najnaj.eu\\\/sl\\\/\",\"logo\":{\"@type\":\"ImageObject\",\"inLanguage\":\"sl-SI\",\"@id\":\"https:\\\/\\\/najnaj.eu\\\/sl\\\/#\\\/schema\\\/logo\\\/image\\\/\",\"url\":\"https:\\\/\\\/najnaj.eu\\\/wp-content\\\/uploads\\\/2023\\\/09\\\/logo_Najnaj_2023.svg\",\"contentUrl\":\"https:\\\/\\\/najnaj.eu\\\/wp-content\\\/uploads\\\/2023\\\/09\\\/logo_Najnaj_2023.svg\",\"width\":501,\"height\":278,\"caption\":\"NajNaj.eu\"},\"image\":{\"@id\":\"https:\\\/\\\/najnaj.eu\\\/sl\\\/#\\\/schema\\\/logo\\\/image\\\/\"},\"sameAs\":[\"https:\\\/\\\/web.facebook.com\\\/najnaj.eu\\\/\",\"https:\\\/\\\/www.instagram.com\\\/najnaj.eu\\\/\",\"https:\\\/\\\/www.tiktok.com\\\/@najnaj.eu\"]}]}<\/script>\n<meta property=\"product:brand\" content=\"Ergobaby\" \/>\n<meta property=\"product:price:amount\" content=\"139.90\" \/>\n<meta property=\"product:price:currency\" content=\"EUR\" \/>\n<meta property=\"og:availability\" content=\"instock\" \/>\n<meta property=\"product:availability\" content=\"instock\" \/>\n<meta property=\"product:retailer_item_id\" content=\"BCASFMGRAPH\" \/>\n<meta property=\"product:condition\" content=\"new\" \/>\n<!-- \/ Yoast SEO Premium plugin. -->","yoast_head_json":{"title":"Ergobaby Adapt SoftFlex mre\u017easta nosilka, grafitno siva - NajNaj.eu","robots":{"index":"index","follow":"follow","max-snippet":"max-snippet:-1","max-image-preview":"max-image-preview:large","max-video-preview":"max-video-preview:-1"},"canonical":"https:\/\/najnaj.eu\/sl\/izdelek\/ergobaby-adapt-softflex-mesh-nosiljka-grafit-siva\/","og_locale":"sl_SI","og_type":"article","og_title":"Ergobaby Adapt SoftFlex mre\u017easta nosilka, grafitno siva","og_description":"Ergobaby Adapt SoftFlex\u2122 mre\u017easta nosilka Mre\u017easta nosilka Adapt SoftFlex\u2122 odli\u010dno zdru\u017euje udobje in enostavnost uporabe. Zasnovana je tako, da povezuje dojen\u010dka in star\u0161a ter se enostavno prilagaja rasti va\u0161ega dojen\u010dka.  Izdelana iz mre\u017easte tkanine SoftFlex\u2122 za maksimalno zra\u010dnost je zasnovana tako, da vam in va\u0161emu otroku zagotavlja celodnevno udobje in suhost!  Nastavljiva velikost za otroke od rojstva do vrt\u010devske starosti (pribli\u017eno 0-48 mesecev), brez potrebe po vlo\u017eku  Za otroke od 3,2 kg do 20,4 kg  Oblazinjena ledvena opora za dodatno udobje hrbta  Omogo\u010da 3 polo\u017eaje no\u0161enja: na trebuhu proti star\u0161u, na boku in na hrbtu  Maksimalno udobje za star\u0161e  Udoben in ergonomski polo\u017eaj za otroka v vseh polo\u017eajih no\u0161enja  Kapuca za za\u0161\u010dito pred soncem (UPF 50+) in zasebnost  Tkanina s certifikatom Oeko-Tex STANDARD 100  ErgoPromise \u2013 10-letna garancija","og_url":"https:\/\/najnaj.eu\/sl\/izdelek\/ergobaby-adapt-softflex-mesh-nosiljka-grafit-siva\/","og_site_name":"NajNaj.eu","article_publisher":"https:\/\/web.facebook.com\/najnaj.eu\/","article_modified_time":"2026-03-24T10:03:53+00:00","og_image":[{"width":1000,"height":1000,"url":"https:\/\/najnaj.eu\/wp-content\/uploads\/2023\/08\/adapt-softflex-baby-carrier-graphite_grey-2-3000x3000-2567b33.jpg","type":"image\/jpeg"}],"twitter_card":"summary_large_image","twitter_misc":{"Price":"139,90&nbsp;&euro;","Availability":"In stock"},"schema":{"@context":"https:\/\/schema.org","@graph":[{"@type":"WebPage","@id":"https:\/\/najnaj.eu\/sl\/izdelek\/ergobaby-adapt-softflex-mesh-nosiljka-grafit-siva\/","url":"https:\/\/najnaj.eu\/sl\/izdelek\/ergobaby-adapt-softflex-mesh-nosiljka-grafit-siva\/","name":"Ergobaby Adapt SoftFlex mre\u017easta nosilka, grafitno siva - NajNaj.eu","isPartOf":{"@id":"https:\/\/najnaj.eu\/sl\/#website"},"primaryImageOfPage":{"@id":"https:\/\/najnaj.eu\/sl\/izdelek\/ergobaby-adapt-softflex-mesh-nosiljka-grafit-siva\/#primaryimage"},"image":{"@id":"https:\/\/najnaj.eu\/sl\/izdelek\/ergobaby-adapt-softflex-mesh-nosiljka-grafit-siva\/#primaryimage"},"thumbnailUrl":"https:\/\/najnaj.eu\/wp-content\/uploads\/2023\/08\/adapt-softflex-baby-carrier-graphite_grey-2-3000x3000-2567b33.jpg","datePublished":"2023-09-15T08:07:08+00:00","dateModified":"2026-03-24T10:03:53+00:00","breadcrumb":{"@id":"https:\/\/najnaj.eu\/sl\/izdelek\/ergobaby-adapt-softflex-mesh-nosiljka-grafit-siva\/#breadcrumb"},"inLanguage":"sl-SI","potentialAction":[{"@type":"ReadAction","target":["https:\/\/najnaj.eu\/sl\/izdelek\/ergobaby-adapt-softflex-mesh-nosiljka-grafit-siva\/"]}]},{"@type":"ImageObject","inLanguage":"sl-SI","@id":"https:\/\/najnaj.eu\/sl\/izdelek\/ergobaby-adapt-softflex-mesh-nosiljka-grafit-siva\/#primaryimage","url":"https:\/\/najnaj.eu\/wp-content\/uploads\/2023\/08\/adapt-softflex-baby-carrier-graphite_grey-2-3000x3000-2567b33.jpg","contentUrl":"https:\/\/najnaj.eu\/wp-content\/uploads\/2023\/08\/adapt-softflex-baby-carrier-graphite_grey-2-3000x3000-2567b33.jpg","width":1000,"height":1000},{"@type":"BreadcrumbList","@id":"https:\/\/najnaj.eu\/sl\/izdelek\/ergobaby-adapt-softflex-mesh-nosiljka-grafit-siva\/#breadcrumb","itemListElement":[{"@type":"ListItem","position":1,"name":"Po\u010detna stranica","item":"https:\/\/najnaj.eu\/sl\/prednja-stran\/"},{"@type":"ListItem","position":2,"name":"Shop","item":"https:\/\/najnaj.eu\/sl\/shop\/"},{"@type":"ListItem","position":3,"name":"Ergobaby Adapt SoftFlex mre\u017easta nosilka, grafitno siva"}]},{"@type":"WebSite","@id":"https:\/\/najnaj.eu\/sl\/#website","url":"https:\/\/najnaj.eu\/sl\/","name":"NajNaj.eu","description":"Za najva\u017enije!","publisher":{"@id":"https:\/\/najnaj.eu\/sl\/#organization"},"potentialAction":[{"@type":"SearchAction","target":{"@type":"EntryPoint","urlTemplate":"https:\/\/najnaj.eu\/sl\/?s={search_term_string}"},"query-input":{"@type":"PropertyValueSpecification","valueRequired":true,"valueName":"search_term_string"}}],"inLanguage":"sl-SI"},{"@type":"Organization","@id":"https:\/\/najnaj.eu\/sl\/#organization","name":"NajNaj.eu","url":"https:\/\/najnaj.eu\/sl\/","logo":{"@type":"ImageObject","inLanguage":"sl-SI","@id":"https:\/\/najnaj.eu\/sl\/#\/schema\/logo\/image\/","url":"https:\/\/najnaj.eu\/wp-content\/uploads\/2023\/09\/logo_Najnaj_2023.svg","contentUrl":"https:\/\/najnaj.eu\/wp-content\/uploads\/2023\/09\/logo_Najnaj_2023.svg","width":501,"height":278,"caption":"NajNaj.eu"},"image":{"@id":"https:\/\/najnaj.eu\/sl\/#\/schema\/logo\/image\/"},"sameAs":["https:\/\/web.facebook.com\/najnaj.eu\/","https:\/\/www.instagram.com\/najnaj.eu\/","https:\/\/www.tiktok.com\/@najnaj.eu"]}]},"product_brand":"Ergobaby","product_price_amount":"139.90","product_price_currency":"EUR","og_availability":"instock","product_availability":"instock","product_retailer_item_id":"BCASFMGRAPH","product_condition":"new"},"_links":{"self":[{"href":"https:\/\/najnaj.eu\/sl\/wp-json\/wp\/v2\/product\/191761","targetHints":{"allow":["GET"]}}],"collection":[{"href":"https:\/\/najnaj.eu\/sl\/wp-json\/wp\/v2\/product"}],"about":[{"href":"https:\/\/najnaj.eu\/sl\/wp-json\/wp\/v2\/types\/product"}],"replies":[{"embeddable":true,"href":"https:\/\/najnaj.eu\/sl\/wp-json\/wp\/v2\/comments?post=191761"}],"version-history":[{"count":0,"href":"https:\/\/najnaj.eu\/sl\/wp-json\/wp\/v2\/product\/191761\/revisions"}],"wp:featuredmedia":[{"embeddable":true,"href":"https:\/\/najnaj.eu\/sl\/wp-json\/wp\/v2\/media\/155989"}],"wp:attachment":[{"href":"https:\/\/najnaj.eu\/sl\/wp-json\/wp\/v2\/media?parent=191761"}],"wp:term":[{"taxonomy":"product_brand","embeddable":true,"href":"https:\/\/najnaj.eu\/sl\/wp-json\/wp\/v2\/product_brand?post=191761"},{"taxonomy":"product_cat","embeddable":true,"href":"https:\/\/najnaj.eu\/sl\/wp-json\/wp\/v2\/product_cat?post=191761"},{"taxonomy":"product_tag","embeddable":true,"href":"https:\/\/najnaj.eu\/sl\/wp-json\/wp\/v2\/product_tag?post=191761"}],"curies":[{"name":"wp","href":"https:\/\/api.w.org\/{rel}","templated":true}]}}