{"id":191704,"date":"2023-09-19T10:53:00","date_gmt":"2023-09-19T08:53:00","guid":{"rendered":"https:\/\/najnaj.eu\/proizvod\/ergobaby-embrace-nosiljka-heather-grey-siva\/"},"modified":"2026-03-24T11:02:27","modified_gmt":"2026-03-24T10:02:27","slug":"ergobaby-embrace-nosiljka-heather-grey-siva","status":"publish","type":"product","link":"https:\/\/najnaj.eu\/sl\/izdelek\/ergobaby-embrace-nosiljka-heather-grey-siva\/","title":{"rendered":"Ergobaby nosilka Embrace, Heather Grey, siva"},"content":{"rendered":"<p>Nosilka za dojen\u010dke Embrace je Ergobabyjev odgovor na povpra\u0161evanje star\u0161ev po vsem svetu, ki i\u0161\u010dejo mehko in udobno mo\u017enost za no\u0161enje svojega novorojen\u010dka, ki je preprostej\u0161a od povijanja.<br \/>\n Nosilec Embrace ponuja:<\/p>\n<p>\u2022 <strong>Ne\u017enost in mehkoba<\/strong> \u2013 mehka in udobna pletenina ne\u017eno objame otroka ob star\u0161e in mu nudi oporo<br \/>\n \u2022 <strong>Preprostost<\/strong> \u2013 brez zapletenega vezanja vozlov. Embrace ima pas in naramnice, ki se enostavno zapnejo. Ko dojen\u010dek nekoliko zraste, preprosto preklopite iz na\u010dina za novorojen\u010dka na na\u010din za dojen\u010dka in ga \u0161e naprej nosite k sebi. In ko je dojen\u010dek pripravljen in si star\u0161i to \u017eelijo, je tudi obrnjena naprej preprosta in enostavna.<br \/>\n \u2022 <strong>Udobje<\/strong> \u2013 tako za dojen\u010dka kot za star\u0161e. Ergonomski in udoben nastavljiv sede\u017e se prilagaja glede na otrokovo rast. Trakove nosilke je mogo\u010de podalj\u0161ati za dodatno oporo dojen\u010dka in star\u0161ev.<br \/>\n \u2022 <strong>Kompaktnost<\/strong> \u2013 ko nosilke ne uporabljate, jo lahko zvijete in shranite. Zaradi svoje majhnosti se prilega v torbo za plenice in je pri roki, kadar koli ga potrebujete.<br \/>\n \u2022 <strong>Dobra opora<\/strong> \u2013 raztegljivi naramni trakovi dr\u017eijo blago in tako podpirajo otrokov vrat, kar zagotavlja ne\u017eno in udobno oporo.<br \/>\n Oblazinjena opora za vrat nudi dodatno oporo glavici novorojen\u010dka. <\/p>\n<p>Nosilka za dojen\u010dke Ergobaby Embrace se lahko uporablja za otroke od <strong>3,2 do 11,3 kg<\/strong> . Tkanina nosilke za dojen\u010dke Embrace ima certifikat Oeko-Tex Standard 100. Nosilka za dojen\u010dke Ergobaby Embrace ima desetletno <a href=\"https:\/\/ergobaby.hr\/jamstvo-ergopromise\/\"><strong>garancijo ErgoPromise.<\/strong><\/a>  <\/p>\n<p>[ux_video url=&#8221;https:\/\/www.youtube.com\/watch?v=j_Iv3DiRkvk&#8221; height=&#8221;50%&#8221;]<\/p>\n<p style=\"text-align: center;\"><strong><em>Nosilka za dojen\u010dke Embrace zdru\u017euje prijetno mehkobo elasti\u010dne povoja in preprostost ter udobje oblikovane nosilke.  <\/em><\/strong><\/p>\n<p style=\"text-align: center;\"><strong><em>Zasnovan za varnost in udobje dojen\u010dka \u017ee od samega za\u010detka.<\/em><\/strong><\/p>\n","protected":false},"excerpt":{"rendered":"<p>Na\u0161a mehka, ne\u017ena in izjemno udobna nosilka za novorojen\u010dke je najslaj\u0161i na\u010din za povezovanje. Brez zapletenega povijanja ali zavezovanja. Ergobaby Embrace vam in va\u0161emu dojen\u010dku omogo\u010da, da skupaj odkrijete nov ritem iz bli\u017eine.  <\/p>\n<table width=\"715\">\n<tbody>\n<tr>\n<td width=\"715\"><strong>Udobje za dojen\u010dka<\/strong> \u2013 mehka tkanina ne\u017eno objame otroka ob star\u0161e in mu nudi oporo<\/td>\n<\/tr>\n<\/tbody>\n<\/table>\n<table width=\"715\">\n<tbody>\n<tr>\n<td width=\"715\"><strong>Preprostost<\/strong> \u2013 enostavno pritrjevanje brez nerodnega ovijanja ali odve\u010dne tkanine<\/td>\n<\/tr>\n<tr>\n<td width=\"715\"><strong>Udobje za star\u0161e<\/strong> \u2013 podporni pas in raztegljivi pre\u010dni trakovi<\/td>\n<\/tr>\n<tr>\n<td><strong>Kompaktnost<\/strong> \u2013 enostavno se zlo\u017ei in spravi v torbo za plenice<\/td>\n<\/tr>\n<\/tbody>\n<\/table>\n<p><span style=\"font-size: 100%;\">Tkanina s certifikatom Oeko-Tex Standard 100<\/span><\/p>\n<p><span style=\"font-size: 100%;\">Od 3,2 kg do 11,3 kg<\/span><\/p>\n<p><span style=\"font-size: 100%;\">Trije na\u010dini no\u0161enja:<\/span><\/p>\n<ol>\n<li><span style=\"font-size: 100%;\">Novorojen\u010dek (pod 58,4 cm)<\/span><\/li>\n<li><span style=\"font-size: 100%;\">Dojen\u010dek, po mnenju star\u0161ev (nad 58,4 cm)<\/span><\/li>\n<li><span style=\"font-size: 100%;\">Dojen\u010dek, obrnjen naprej (nad 66 cm)<\/span><\/li>\n<\/ol>\n","protected":false},"featured_media":153456,"comment_status":"open","ping_status":"closed","template":"","meta":{"_acf_changed":false,"footnotes":""},"product_brand":[],"product_cat":[733,544,737],"product_tag":[],"class_list":{"0":"post-191704","1":"product","2":"type-product","3":"status-publish","4":"has-post-thumbnail","6":"product_cat-2-polozaja-nosenja","7":"product_cat-nosiljke","8":"product_cat-za-prvih-godinu-dana","9":"pa_boja-siva","10":"pa_brand-ergobaby","12":"first","13":"outofstock","14":"purchasable","15":"product-type-simple"},"bundled_by":[],"bundle_stock_status":"outofstock","bundle_stock_quantity":0,"bundle_virtual":false,"bundle_layout":"","bundle_add_to_cart_form_location":"","bundle_editable_in_cart":false,"bundle_sold_individually_context":"","bundle_item_grouping":"","bundle_min_size":"","bundle_max_size":"","bundle_price":[],"bundled_items":[],"bundle_sell_ids":[],"acf":[],"yoast_head":"<!-- This site is optimized with the Yoast SEO Premium plugin v21.5 (Yoast SEO v27.3) - https:\/\/yoast.com\/product\/yoast-seo-premium-wordpress\/ -->\n<title>Ergobaby nosilka Embrace, Heather Grey, siva - NajNaj.eu<\/title>\n<meta name=\"robots\" content=\"index, follow, max-snippet:-1, max-image-preview:large, max-video-preview:-1\" \/>\n<link rel=\"canonical\" href=\"https:\/\/najnaj.eu\/sl\/izdelek\/ergobaby-embrace-nosiljka-heather-grey-siva\/\" \/>\n<meta property=\"og:locale\" content=\"sl_SI\" \/>\n<meta property=\"og:type\" content=\"article\" \/>\n<meta property=\"og:title\" content=\"Ergobaby nosilka Embrace, Heather Grey, siva\" \/>\n<meta property=\"og:description\" content=\"Na\u0161a mehka, ne\u017ena in izjemno udobna nosilka za novorojen\u010dke je najslaj\u0161i na\u010din za povezovanje. Brez zapletenega povijanja ali zavezovanja. Ergobaby Embrace vam in va\u0161emu dojen\u010dku omogo\u010da, da skupaj odkrijete nov ritem iz bli\u017eine.   Udobje za dojen\u010dka \u2013 mehka tkanina ne\u017eno objame otroka ob star\u0161e in mu nudi oporo    Preprostost \u2013 enostavno pritrjevanje brez nerodnega ovijanja ali odve\u010dne tkanine  Udobje za star\u0161e \u2013 podporni pas in raztegljivi pre\u010dni trakovi  Kompaktnost \u2013 enostavno se zlo\u017ei in spravi v torbo za plenice  Tkanina s certifikatom Oeko-Tex Standard 100 Od 3,2 kg do 11,3 kg Trije na\u010dini no\u0161enja:  Novorojen\u010dek (pod 58,4 cm)  Dojen\u010dek, po mnenju star\u0161ev (nad 58,4 cm)  Dojen\u010dek, obrnjen naprej (nad 66 cm)\" \/>\n<meta property=\"og:url\" content=\"https:\/\/najnaj.eu\/sl\/izdelek\/ergobaby-embrace-nosiljka-heather-grey-siva\/\" \/>\n<meta property=\"og:site_name\" content=\"NajNaj.eu\" \/>\n<meta property=\"article:publisher\" content=\"https:\/\/web.facebook.com\/najnaj.eu\/\" \/>\n<meta property=\"article:modified_time\" content=\"2026-03-24T10:02:27+00:00\" \/>\n<meta property=\"og:image\" content=\"https:\/\/najnaj.eu\/wp-content\/uploads\/2023\/08\/Embrace_HeatherGrey_BCEMAGRY_001.jpg\" \/>\n\t<meta property=\"og:image:width\" content=\"829\" \/>\n\t<meta property=\"og:image:height\" content=\"1280\" \/>\n\t<meta property=\"og:image:type\" content=\"image\/jpeg\" \/>\n<meta name=\"twitter:card\" content=\"summary_large_image\" \/>\n<meta name=\"twitter:label1\" content=\"Price\" \/>\n\t<meta name=\"twitter:data1\" content=\"99,90&nbsp;&euro;\" \/>\n\t<meta name=\"twitter:label2\" content=\"Availability\" \/>\n\t<meta name=\"twitter:data2\" content=\"Out of stock\" \/>\n<script type=\"application\/ld+json\" class=\"yoast-schema-graph\">{\"@context\":\"https:\\\/\\\/schema.org\",\"@graph\":[{\"@type\":\"WebPage\",\"@id\":\"https:\\\/\\\/najnaj.eu\\\/sl\\\/izdelek\\\/ergobaby-embrace-nosiljka-heather-grey-siva\\\/\",\"url\":\"https:\\\/\\\/najnaj.eu\\\/sl\\\/izdelek\\\/ergobaby-embrace-nosiljka-heather-grey-siva\\\/\",\"name\":\"Ergobaby nosilka Embrace, Heather Grey, siva - NajNaj.eu\",\"isPartOf\":{\"@id\":\"https:\\\/\\\/najnaj.eu\\\/sl\\\/#website\"},\"primaryImageOfPage\":{\"@id\":\"https:\\\/\\\/najnaj.eu\\\/sl\\\/izdelek\\\/ergobaby-embrace-nosiljka-heather-grey-siva\\\/#primaryimage\"},\"image\":{\"@id\":\"https:\\\/\\\/najnaj.eu\\\/sl\\\/izdelek\\\/ergobaby-embrace-nosiljka-heather-grey-siva\\\/#primaryimage\"},\"thumbnailUrl\":\"https:\\\/\\\/najnaj.eu\\\/wp-content\\\/uploads\\\/2023\\\/08\\\/Embrace_HeatherGrey_BCEMAGRY_001.jpg\",\"datePublished\":\"2023-09-19T08:53:00+00:00\",\"dateModified\":\"2026-03-24T10:02:27+00:00\",\"breadcrumb\":{\"@id\":\"https:\\\/\\\/najnaj.eu\\\/sl\\\/izdelek\\\/ergobaby-embrace-nosiljka-heather-grey-siva\\\/#breadcrumb\"},\"inLanguage\":\"sl-SI\",\"potentialAction\":[{\"@type\":\"ReadAction\",\"target\":[\"https:\\\/\\\/najnaj.eu\\\/sl\\\/izdelek\\\/ergobaby-embrace-nosiljka-heather-grey-siva\\\/\"]}]},{\"@type\":\"ImageObject\",\"inLanguage\":\"sl-SI\",\"@id\":\"https:\\\/\\\/najnaj.eu\\\/sl\\\/izdelek\\\/ergobaby-embrace-nosiljka-heather-grey-siva\\\/#primaryimage\",\"url\":\"https:\\\/\\\/najnaj.eu\\\/wp-content\\\/uploads\\\/2023\\\/08\\\/Embrace_HeatherGrey_BCEMAGRY_001.jpg\",\"contentUrl\":\"https:\\\/\\\/najnaj.eu\\\/wp-content\\\/uploads\\\/2023\\\/08\\\/Embrace_HeatherGrey_BCEMAGRY_001.jpg\",\"width\":829,\"height\":1280,\"caption\":\"Nosilka za novorojen\u010dke\"},{\"@type\":\"BreadcrumbList\",\"@id\":\"https:\\\/\\\/najnaj.eu\\\/sl\\\/izdelek\\\/ergobaby-embrace-nosiljka-heather-grey-siva\\\/#breadcrumb\",\"itemListElement\":[{\"@type\":\"ListItem\",\"position\":1,\"name\":\"Po\u010detna stranica\",\"item\":\"https:\\\/\\\/najnaj.eu\\\/sl\\\/prednja-stran\\\/\"},{\"@type\":\"ListItem\",\"position\":2,\"name\":\"Shop\",\"item\":\"https:\\\/\\\/najnaj.eu\\\/sl\\\/shop\\\/\"},{\"@type\":\"ListItem\",\"position\":3,\"name\":\"Ergobaby nosilka Embrace, Heather Grey, siva\"}]},{\"@type\":\"WebSite\",\"@id\":\"https:\\\/\\\/najnaj.eu\\\/sl\\\/#website\",\"url\":\"https:\\\/\\\/najnaj.eu\\\/sl\\\/\",\"name\":\"NajNaj.eu\",\"description\":\"Za najva\u017enije!\",\"publisher\":{\"@id\":\"https:\\\/\\\/najnaj.eu\\\/sl\\\/#organization\"},\"potentialAction\":[{\"@type\":\"SearchAction\",\"target\":{\"@type\":\"EntryPoint\",\"urlTemplate\":\"https:\\\/\\\/najnaj.eu\\\/sl\\\/?s={search_term_string}\"},\"query-input\":{\"@type\":\"PropertyValueSpecification\",\"valueRequired\":true,\"valueName\":\"search_term_string\"}}],\"inLanguage\":\"sl-SI\"},{\"@type\":\"Organization\",\"@id\":\"https:\\\/\\\/najnaj.eu\\\/sl\\\/#organization\",\"name\":\"NajNaj.eu\",\"url\":\"https:\\\/\\\/najnaj.eu\\\/sl\\\/\",\"logo\":{\"@type\":\"ImageObject\",\"inLanguage\":\"sl-SI\",\"@id\":\"https:\\\/\\\/najnaj.eu\\\/sl\\\/#\\\/schema\\\/logo\\\/image\\\/\",\"url\":\"https:\\\/\\\/najnaj.eu\\\/wp-content\\\/uploads\\\/2023\\\/09\\\/logo_Najnaj_2023.svg\",\"contentUrl\":\"https:\\\/\\\/najnaj.eu\\\/wp-content\\\/uploads\\\/2023\\\/09\\\/logo_Najnaj_2023.svg\",\"width\":501,\"height\":278,\"caption\":\"NajNaj.eu\"},\"image\":{\"@id\":\"https:\\\/\\\/najnaj.eu\\\/sl\\\/#\\\/schema\\\/logo\\\/image\\\/\"},\"sameAs\":[\"https:\\\/\\\/web.facebook.com\\\/najnaj.eu\\\/\",\"https:\\\/\\\/www.instagram.com\\\/najnaj.eu\\\/\",\"https:\\\/\\\/www.tiktok.com\\\/@najnaj.eu\"]}]}<\/script>\n<meta property=\"product:brand\" content=\"Ergobaby\" \/>\n<meta property=\"product:price:amount\" content=\"99.90\" \/>\n<meta property=\"product:price:currency\" content=\"EUR\" \/>\n<meta property=\"og:availability\" content=\"out of stock\" \/>\n<meta property=\"product:availability\" content=\"out of stock\" \/>\n<meta property=\"product:retailer_item_id\" content=\"BCEMAGRY\" \/>\n<meta property=\"product:condition\" content=\"new\" \/>\n<!-- \/ Yoast SEO Premium plugin. -->","yoast_head_json":{"title":"Ergobaby nosilka Embrace, Heather Grey, siva - NajNaj.eu","robots":{"index":"index","follow":"follow","max-snippet":"max-snippet:-1","max-image-preview":"max-image-preview:large","max-video-preview":"max-video-preview:-1"},"canonical":"https:\/\/najnaj.eu\/sl\/izdelek\/ergobaby-embrace-nosiljka-heather-grey-siva\/","og_locale":"sl_SI","og_type":"article","og_title":"Ergobaby nosilka Embrace, Heather Grey, siva","og_description":"Na\u0161a mehka, ne\u017ena in izjemno udobna nosilka za novorojen\u010dke je najslaj\u0161i na\u010din za povezovanje. Brez zapletenega povijanja ali zavezovanja. Ergobaby Embrace vam in va\u0161emu dojen\u010dku omogo\u010da, da skupaj odkrijete nov ritem iz bli\u017eine.   Udobje za dojen\u010dka \u2013 mehka tkanina ne\u017eno objame otroka ob star\u0161e in mu nudi oporo    Preprostost \u2013 enostavno pritrjevanje brez nerodnega ovijanja ali odve\u010dne tkanine  Udobje za star\u0161e \u2013 podporni pas in raztegljivi pre\u010dni trakovi  Kompaktnost \u2013 enostavno se zlo\u017ei in spravi v torbo za plenice  Tkanina s certifikatom Oeko-Tex Standard 100 Od 3,2 kg do 11,3 kg Trije na\u010dini no\u0161enja:  Novorojen\u010dek (pod 58,4 cm)  Dojen\u010dek, po mnenju star\u0161ev (nad 58,4 cm)  Dojen\u010dek, obrnjen naprej (nad 66 cm)","og_url":"https:\/\/najnaj.eu\/sl\/izdelek\/ergobaby-embrace-nosiljka-heather-grey-siva\/","og_site_name":"NajNaj.eu","article_publisher":"https:\/\/web.facebook.com\/najnaj.eu\/","article_modified_time":"2026-03-24T10:02:27+00:00","og_image":[{"width":829,"height":1280,"url":"https:\/\/najnaj.eu\/wp-content\/uploads\/2023\/08\/Embrace_HeatherGrey_BCEMAGRY_001.jpg","type":"image\/jpeg"}],"twitter_card":"summary_large_image","twitter_misc":{"Price":"99,90&nbsp;&euro;","Availability":"Out of stock"},"schema":{"@context":"https:\/\/schema.org","@graph":[{"@type":"WebPage","@id":"https:\/\/najnaj.eu\/sl\/izdelek\/ergobaby-embrace-nosiljka-heather-grey-siva\/","url":"https:\/\/najnaj.eu\/sl\/izdelek\/ergobaby-embrace-nosiljka-heather-grey-siva\/","name":"Ergobaby nosilka Embrace, Heather Grey, siva - NajNaj.eu","isPartOf":{"@id":"https:\/\/najnaj.eu\/sl\/#website"},"primaryImageOfPage":{"@id":"https:\/\/najnaj.eu\/sl\/izdelek\/ergobaby-embrace-nosiljka-heather-grey-siva\/#primaryimage"},"image":{"@id":"https:\/\/najnaj.eu\/sl\/izdelek\/ergobaby-embrace-nosiljka-heather-grey-siva\/#primaryimage"},"thumbnailUrl":"https:\/\/najnaj.eu\/wp-content\/uploads\/2023\/08\/Embrace_HeatherGrey_BCEMAGRY_001.jpg","datePublished":"2023-09-19T08:53:00+00:00","dateModified":"2026-03-24T10:02:27+00:00","breadcrumb":{"@id":"https:\/\/najnaj.eu\/sl\/izdelek\/ergobaby-embrace-nosiljka-heather-grey-siva\/#breadcrumb"},"inLanguage":"sl-SI","potentialAction":[{"@type":"ReadAction","target":["https:\/\/najnaj.eu\/sl\/izdelek\/ergobaby-embrace-nosiljka-heather-grey-siva\/"]}]},{"@type":"ImageObject","inLanguage":"sl-SI","@id":"https:\/\/najnaj.eu\/sl\/izdelek\/ergobaby-embrace-nosiljka-heather-grey-siva\/#primaryimage","url":"https:\/\/najnaj.eu\/wp-content\/uploads\/2023\/08\/Embrace_HeatherGrey_BCEMAGRY_001.jpg","contentUrl":"https:\/\/najnaj.eu\/wp-content\/uploads\/2023\/08\/Embrace_HeatherGrey_BCEMAGRY_001.jpg","width":829,"height":1280,"caption":"Nosilka za novorojen\u010dke"},{"@type":"BreadcrumbList","@id":"https:\/\/najnaj.eu\/sl\/izdelek\/ergobaby-embrace-nosiljka-heather-grey-siva\/#breadcrumb","itemListElement":[{"@type":"ListItem","position":1,"name":"Po\u010detna stranica","item":"https:\/\/najnaj.eu\/sl\/prednja-stran\/"},{"@type":"ListItem","position":2,"name":"Shop","item":"https:\/\/najnaj.eu\/sl\/shop\/"},{"@type":"ListItem","position":3,"name":"Ergobaby nosilka Embrace, Heather Grey, siva"}]},{"@type":"WebSite","@id":"https:\/\/najnaj.eu\/sl\/#website","url":"https:\/\/najnaj.eu\/sl\/","name":"NajNaj.eu","description":"Za najva\u017enije!","publisher":{"@id":"https:\/\/najnaj.eu\/sl\/#organization"},"potentialAction":[{"@type":"SearchAction","target":{"@type":"EntryPoint","urlTemplate":"https:\/\/najnaj.eu\/sl\/?s={search_term_string}"},"query-input":{"@type":"PropertyValueSpecification","valueRequired":true,"valueName":"search_term_string"}}],"inLanguage":"sl-SI"},{"@type":"Organization","@id":"https:\/\/najnaj.eu\/sl\/#organization","name":"NajNaj.eu","url":"https:\/\/najnaj.eu\/sl\/","logo":{"@type":"ImageObject","inLanguage":"sl-SI","@id":"https:\/\/najnaj.eu\/sl\/#\/schema\/logo\/image\/","url":"https:\/\/najnaj.eu\/wp-content\/uploads\/2023\/09\/logo_Najnaj_2023.svg","contentUrl":"https:\/\/najnaj.eu\/wp-content\/uploads\/2023\/09\/logo_Najnaj_2023.svg","width":501,"height":278,"caption":"NajNaj.eu"},"image":{"@id":"https:\/\/najnaj.eu\/sl\/#\/schema\/logo\/image\/"},"sameAs":["https:\/\/web.facebook.com\/najnaj.eu\/","https:\/\/www.instagram.com\/najnaj.eu\/","https:\/\/www.tiktok.com\/@najnaj.eu"]}]},"product_brand":"Ergobaby","product_price_amount":"99.90","product_price_currency":"EUR","og_availability":"out of stock","product_availability":"out of stock","product_retailer_item_id":"BCEMAGRY","product_condition":"new"},"_links":{"self":[{"href":"https:\/\/najnaj.eu\/sl\/wp-json\/wp\/v2\/product\/191704","targetHints":{"allow":["GET"]}}],"collection":[{"href":"https:\/\/najnaj.eu\/sl\/wp-json\/wp\/v2\/product"}],"about":[{"href":"https:\/\/najnaj.eu\/sl\/wp-json\/wp\/v2\/types\/product"}],"replies":[{"embeddable":true,"href":"https:\/\/najnaj.eu\/sl\/wp-json\/wp\/v2\/comments?post=191704"}],"version-history":[{"count":0,"href":"https:\/\/najnaj.eu\/sl\/wp-json\/wp\/v2\/product\/191704\/revisions"}],"wp:featuredmedia":[{"embeddable":true,"href":"https:\/\/najnaj.eu\/sl\/wp-json\/wp\/v2\/media\/153456"}],"wp:attachment":[{"href":"https:\/\/najnaj.eu\/sl\/wp-json\/wp\/v2\/media?parent=191704"}],"wp:term":[{"taxonomy":"product_brand","embeddable":true,"href":"https:\/\/najnaj.eu\/sl\/wp-json\/wp\/v2\/product_brand?post=191704"},{"taxonomy":"product_cat","embeddable":true,"href":"https:\/\/najnaj.eu\/sl\/wp-json\/wp\/v2\/product_cat?post=191704"},{"taxonomy":"product_tag","embeddable":true,"href":"https:\/\/najnaj.eu\/sl\/wp-json\/wp\/v2\/product_tag?post=191704"}],"curies":[{"name":"wp","href":"https:\/\/api.w.org\/{rel}","templated":true}]}}