{"id":191677,"date":"2023-09-19T12:04:24","date_gmt":"2023-09-19T10:04:24","guid":{"rendered":"https:\/\/najnaj.eu\/proizvod\/ergobaby-embrace-soft-air-mesh-nosiljka-crna-2\/"},"modified":"2026-03-24T11:00:48","modified_gmt":"2026-03-24T10:00:48","slug":"ergobaby-embrace-soft-air-mesh-nosiljka-crna","status":"publish","type":"product","link":"https:\/\/najnaj.eu\/sl\/izdelek\/ergobaby-embrace-soft-air-mesh-nosiljka-crna\/","title":{"rendered":"Ergobaby Embrace Soft Air Mesh nosilka, \u010drna"},"content":{"rendered":"<h2><span style=\"color: #995537;\"><strong>Ergobaby Embrace Soft Air Mesh nosilka za novorojen\u010dke<\/strong><\/span><\/h2>\n<p><img loading=\"lazy\" decoding=\"async\" class=\"wp-image-112824 aligncenter\" src=\"https:\/\/najnaj.eu\/wp-content\/uploads\/2023\/08\/embrace-soft-air-mesh-baby-carrier-washed-black-life-001-4024x2665-4789e4d.jpg\" alt=\"\" width=\"850\" height=\"563\"><\/p>\n<p>Otrok v 9 mesecih \u010duti toplino in udobje v materinem trebuhu. Po rojstvu dojen\u010dki \u0161e vedno potrebujejo bli\u017eino, objem in pomirjujo\u010de utripe materinega srca.<br \/>\n Ergobaby Embrace je idealna nosilka za enostavno in ne\u017eno povezovanje star\u0161ev in dojen\u010dkov ter ustvarjanje novih star\u0161evskih spominov in dogodiv\u0161\u010din.<\/p>\n<p>Mehka, zra\u010dna in izjemno udobna nosilka za dojen\u010dke Embrace Soft Air Mesh je najlep\u0161i na\u010din povezovanja.<\/p>\n<p>Brez zapletenega zavijanja ali zavezovanja.<\/p>\n<h3><span style=\"color: #995537;\"><strong>Udobno in zra\u010dno<\/strong><\/span><\/h3>\n<p>Nosilka Embrace je narejena iz lahke in zra\u010dne mre\u017easte tkanine Sofr Air Mesh, naramnice, opora za glavico dojen\u010dka in notranji del nosilke pa iz zra\u010dne mre\u017eice z luknjami.<\/p>\n<h3><span style=\"color: #995537;\"><strong>Plesti za ciljno podporo<\/strong><\/span><\/h3>\n<p>Pletenina na prekri\u017eanih naramnicah zagotavlja usmerjeno podporo dojen\u010dku in enostavnost no\u0161enja star\u0161em.<\/p>\n<h3><span style=\"color: #995537;\"><strong>Osve\u017eitev in suhost<\/strong><\/span><\/h3>\n<p>Materiali, ki dihajo, omogo\u010dajo najve\u010dji pretok zraka, zmanj\u0161ujejo potenje in pregrevanje ter se hitro su\u0161ijo.<\/p>\n<p>Embrace Soft Air Mesh vam in va\u0161emu dojen\u010dku zagotavlja udobje in sve\u017eino skozi ves dan ter vam omogo\u010da, da najdete nov skupni ritem. Podpira vse va\u0161e dru\u017einske trenutke, hkrati pa ohranja in nosi va\u0161e ljubljene!<\/p>\n<p>Nosilka za dojen\u010dke Ergobaby Embrace se lahko uporablja za otroke od <strong>3,2 do 11,3 kg<\/strong> . Tkanina nosilke za dojen\u010dke Embrace ima certifikat Oeko-Tex Standard 100. Nosilka za dojen\u010dke Ergobaby Embrace ima desetletno <a href=\"https:\/\/ergobaby.hr\/jamstvo-ergopromise\/\"><strong>garancijo ErgoPromise.<\/strong><\/a>  <\/p>\n<p style=\"text-align: center;\"><strong><em>Nosilka Embrace Soft Air Mesh zdru\u017euje prijetno mehkobo elasti\u010dnega \u0161ala za no\u0161enje ter preprostost in udobje oblikovane nosilke.  <\/em><\/strong><\/p>\n<p style=\"text-align: center;\"><strong><em>Zasnovan za varnost in udobje dojen\u010dka \u017ee od samega za\u010detka.<\/em><\/strong><\/p>\n","protected":false},"excerpt":{"rendered":"<p>Na\u0161a mehka, crkljiva in super udobna otro\u0161ka nosilka je najbolj sr\u010dkan na\u010din povezovanja. Brez zapletenega zavijanja ali zavezovanja. Ergobaby Embrace vam in va\u0161emu dojen\u010dku omogo\u010da, da se \u010dim la\u017eje pove\u017eete in najdeta skupni ritem.<\/p>\n<p>Nosilka Embrace je narejena iz lahke in zra\u010dne mre\u017easte tkanine Sofr Air Mesh, naramnice, opora za glavico dojen\u010dka in notranji del nosilke pa iz zra\u010dne mre\u017eice z luknjami.<\/p>\n<p>Pletenina na prekri\u017eanih naramnicah zagotavlja usmerjeno podporo dojen\u010dku in enostavnost no\u0161enja star\u0161em.<\/p>\n<table width=\"715\">\n<tbody>\n<tr>\n<td width=\"715\"><strong>Materiali, ki dihajo<\/strong> &#8211; omogo\u010dajo najve\u010dji pretok zraka, zmanj\u0161ujejo potenje in pregrevanje ter se hitro su\u0161ijo in zagotavljajo udobje ves dan<\/td>\n<\/tr>\n<\/tbody>\n<\/table>\n<table width=\"715\">\n<tbody>\n<tr>\n<td width=\"715\"><strong>Preprostost<\/strong> \u2013 enostavno pritrjevanje brez nerodnega ovijanja ali odve\u010dne tkanine<\/td>\n<\/tr>\n<tr>\n<td width=\"715\"><strong>Udobje za star\u0161e<\/strong> \u2013 podporni pas in raztegljivi pre\u010dni trakovi<\/td>\n<\/tr>\n<tr>\n<td><strong>Kompaktnost<\/strong> \u2013 enostavno se zlo\u017ei in spravi v torbo za plenice<\/td>\n<\/tr>\n<\/tbody>\n<\/table>\n<p><span style=\"font-size: 100%;\">Od 3,2 kg do 11,3 kg<\/span><\/p>\n<p><span style=\"font-size: 100%;\">Trije na\u010dini no\u0161enja:<\/span><\/p>\n<ol>\n<li><span style=\"font-size: 100%;\">Novorojen\u010dek (pod 58,4 cm)<\/span><\/li>\n<li><span style=\"font-size: 100%;\">Dojen\u010dek, po mnenju star\u0161ev (nad 58,4 cm)<\/span><\/li>\n<li><span style=\"font-size: 100%;\">Dojen\u010dek, obrnjen naprej (nad 66 cm)<\/span><\/li>\n<\/ol>\n<p>Ergopromise 10-letna garancija<\/p>\n","protected":false},"featured_media":165009,"comment_status":"open","ping_status":"closed","template":"","meta":{"_acf_changed":false,"footnotes":""},"product_brand":[],"product_cat":[1112,882,1234],"product_tag":[],"class_list":{"0":"post-191677","1":"product","2":"type-product","3":"status-publish","4":"has-post-thumbnail","6":"product_cat-3-polozaja-nosenja-sl","7":"product_cat-nosilke","8":"product_cat-za-prvih-godinu-dana-sl","9":"pa_boja-crna-sl","10":"pa_brand-ergobaby-sl","12":"first","13":"instock","14":"purchasable","15":"product-type-simple"},"bundled_by":[],"bundle_stock_status":"instock","bundle_stock_quantity":15,"bundle_virtual":false,"bundle_layout":"","bundle_add_to_cart_form_location":"","bundle_editable_in_cart":false,"bundle_sold_individually_context":"","bundle_item_grouping":"","bundle_min_size":"","bundle_max_size":"","bundle_price":[],"bundled_items":[],"bundle_sell_ids":[],"acf":[],"yoast_head":"<!-- This site is optimized with the Yoast SEO Premium plugin v21.5 (Yoast SEO v27.3) - https:\/\/yoast.com\/product\/yoast-seo-premium-wordpress\/ -->\n<title>Ergobaby Embrace Soft Air Mesh nosilka, \u010drna - NajNaj.eu<\/title>\n<meta name=\"robots\" content=\"index, follow, max-snippet:-1, max-image-preview:large, max-video-preview:-1\" \/>\n<link rel=\"canonical\" href=\"https:\/\/najnaj.eu\/sl\/izdelek\/ergobaby-embrace-soft-air-mesh-nosiljka-crna\/\" \/>\n<meta property=\"og:locale\" content=\"sl_SI\" \/>\n<meta property=\"og:type\" content=\"article\" \/>\n<meta property=\"og:title\" content=\"Ergobaby Embrace Soft Air Mesh nosilka, \u010drna\" \/>\n<meta property=\"og:description\" content=\"Na\u0161a mehka, crkljiva in super udobna otro\u0161ka nosilka je najbolj sr\u010dkan na\u010din povezovanja. Brez zapletenega zavijanja ali zavezovanja. Ergobaby Embrace vam in va\u0161emu dojen\u010dku omogo\u010da, da se \u010dim la\u017eje pove\u017eete in najdeta skupni ritem. Nosilka Embrace je narejena iz lahke in zra\u010dne mre\u017easte tkanine Sofr Air Mesh, naramnice, opora za glavico dojen\u010dka in notranji del nosilke pa iz zra\u010dne mre\u017eice z luknjami. Pletenina na prekri\u017eanih naramnicah zagotavlja usmerjeno podporo dojen\u010dku in enostavnost no\u0161enja star\u0161em.  Materiali, ki dihajo - omogo\u010dajo najve\u010dji pretok zraka, zmanj\u0161ujejo potenje in pregrevanje ter se hitro su\u0161ijo in zagotavljajo udobje ves dan    Preprostost \u2013 enostavno pritrjevanje brez nerodnega ovijanja ali odve\u010dne tkanine  Udobje za star\u0161e \u2013 podporni pas in raztegljivi pre\u010dni trakovi  Kompaktnost \u2013 enostavno se zlo\u017ei in spravi v torbo za plenice  Od 3,2 kg do 11,3 kg Trije na\u010dini no\u0161enja:  Novorojen\u010dek (pod 58,4 cm)  Dojen\u010dek, po mnenju star\u0161ev (nad 58,4 cm)  Dojen\u010dek, obrnjen naprej (nad 66 cm) Ergopromise 10-letna garancija\" \/>\n<meta property=\"og:url\" content=\"https:\/\/najnaj.eu\/sl\/izdelek\/ergobaby-embrace-soft-air-mesh-nosiljka-crna\/\" \/>\n<meta property=\"og:site_name\" content=\"NajNaj.eu\" \/>\n<meta property=\"article:publisher\" content=\"https:\/\/web.facebook.com\/najnaj.eu\/\" \/>\n<meta property=\"article:modified_time\" content=\"2026-03-24T10:00:48+00:00\" \/>\n<meta property=\"og:image\" content=\"https:\/\/najnaj.eu\/wp-content\/uploads\/2022\/04\/embrace-soft-air-mesh-baby-carrier-washed-black-st7-1.jpg\" \/>\n\t<meta property=\"og:image:width\" content=\"1687\" \/>\n\t<meta property=\"og:image:height\" content=\"2400\" \/>\n\t<meta property=\"og:image:type\" content=\"image\/jpeg\" \/>\n<meta name=\"twitter:card\" content=\"summary_large_image\" \/>\n<meta name=\"twitter:label1\" content=\"Price\" \/>\n\t<meta name=\"twitter:data1\" content=\"99,90&nbsp;&euro;\" \/>\n\t<meta name=\"twitter:label2\" content=\"Availability\" \/>\n\t<meta name=\"twitter:data2\" content=\"In stock\" \/>\n<script type=\"application\/ld+json\" class=\"yoast-schema-graph\">{\"@context\":\"https:\\\/\\\/schema.org\",\"@graph\":[{\"@type\":\"WebPage\",\"@id\":\"https:\\\/\\\/najnaj.eu\\\/sl\\\/izdelek\\\/ergobaby-embrace-soft-air-mesh-nosiljka-crna\\\/\",\"url\":\"https:\\\/\\\/najnaj.eu\\\/sl\\\/izdelek\\\/ergobaby-embrace-soft-air-mesh-nosiljka-crna\\\/\",\"name\":\"Ergobaby Embrace Soft Air Mesh nosilka, \u010drna - NajNaj.eu\",\"isPartOf\":{\"@id\":\"https:\\\/\\\/najnaj.eu\\\/sl\\\/#website\"},\"primaryImageOfPage\":{\"@id\":\"https:\\\/\\\/najnaj.eu\\\/sl\\\/izdelek\\\/ergobaby-embrace-soft-air-mesh-nosiljka-crna\\\/#primaryimage\"},\"image\":{\"@id\":\"https:\\\/\\\/najnaj.eu\\\/sl\\\/izdelek\\\/ergobaby-embrace-soft-air-mesh-nosiljka-crna\\\/#primaryimage\"},\"thumbnailUrl\":\"https:\\\/\\\/najnaj.eu\\\/wp-content\\\/uploads\\\/2022\\\/04\\\/embrace-soft-air-mesh-baby-carrier-washed-black-st7-1.jpg\",\"datePublished\":\"2023-09-19T10:04:24+00:00\",\"dateModified\":\"2026-03-24T10:00:48+00:00\",\"breadcrumb\":{\"@id\":\"https:\\\/\\\/najnaj.eu\\\/sl\\\/izdelek\\\/ergobaby-embrace-soft-air-mesh-nosiljka-crna\\\/#breadcrumb\"},\"inLanguage\":\"sl-SI\",\"potentialAction\":[{\"@type\":\"ReadAction\",\"target\":[\"https:\\\/\\\/najnaj.eu\\\/sl\\\/izdelek\\\/ergobaby-embrace-soft-air-mesh-nosiljka-crna\\\/\"]}]},{\"@type\":\"ImageObject\",\"inLanguage\":\"sl-SI\",\"@id\":\"https:\\\/\\\/najnaj.eu\\\/sl\\\/izdelek\\\/ergobaby-embrace-soft-air-mesh-nosiljka-crna\\\/#primaryimage\",\"url\":\"https:\\\/\\\/najnaj.eu\\\/wp-content\\\/uploads\\\/2022\\\/04\\\/embrace-soft-air-mesh-baby-carrier-washed-black-st7-1.jpg\",\"contentUrl\":\"https:\\\/\\\/najnaj.eu\\\/wp-content\\\/uploads\\\/2022\\\/04\\\/embrace-soft-air-mesh-baby-carrier-washed-black-st7-1.jpg\",\"width\":1687,\"height\":2400,\"caption\":\"Nosilka za novorojen\u010dke\"},{\"@type\":\"BreadcrumbList\",\"@id\":\"https:\\\/\\\/najnaj.eu\\\/sl\\\/izdelek\\\/ergobaby-embrace-soft-air-mesh-nosiljka-crna\\\/#breadcrumb\",\"itemListElement\":[{\"@type\":\"ListItem\",\"position\":1,\"name\":\"Po\u010detna stranica\",\"item\":\"https:\\\/\\\/najnaj.eu\\\/sl\\\/prednja-stran\\\/\"},{\"@type\":\"ListItem\",\"position\":2,\"name\":\"Shop\",\"item\":\"https:\\\/\\\/najnaj.eu\\\/sl\\\/shop\\\/\"},{\"@type\":\"ListItem\",\"position\":3,\"name\":\"Ergobaby Embrace Soft Air Mesh nosilka, \u010drna\"}]},{\"@type\":\"WebSite\",\"@id\":\"https:\\\/\\\/najnaj.eu\\\/sl\\\/#website\",\"url\":\"https:\\\/\\\/najnaj.eu\\\/sl\\\/\",\"name\":\"NajNaj.eu\",\"description\":\"Za najva\u017enije!\",\"publisher\":{\"@id\":\"https:\\\/\\\/najnaj.eu\\\/sl\\\/#organization\"},\"potentialAction\":[{\"@type\":\"SearchAction\",\"target\":{\"@type\":\"EntryPoint\",\"urlTemplate\":\"https:\\\/\\\/najnaj.eu\\\/sl\\\/?s={search_term_string}\"},\"query-input\":{\"@type\":\"PropertyValueSpecification\",\"valueRequired\":true,\"valueName\":\"search_term_string\"}}],\"inLanguage\":\"sl-SI\"},{\"@type\":\"Organization\",\"@id\":\"https:\\\/\\\/najnaj.eu\\\/sl\\\/#organization\",\"name\":\"NajNaj.eu\",\"url\":\"https:\\\/\\\/najnaj.eu\\\/sl\\\/\",\"logo\":{\"@type\":\"ImageObject\",\"inLanguage\":\"sl-SI\",\"@id\":\"https:\\\/\\\/najnaj.eu\\\/sl\\\/#\\\/schema\\\/logo\\\/image\\\/\",\"url\":\"https:\\\/\\\/najnaj.eu\\\/wp-content\\\/uploads\\\/2023\\\/09\\\/logo_Najnaj_2023.svg\",\"contentUrl\":\"https:\\\/\\\/najnaj.eu\\\/wp-content\\\/uploads\\\/2023\\\/09\\\/logo_Najnaj_2023.svg\",\"width\":501,\"height\":278,\"caption\":\"NajNaj.eu\"},\"image\":{\"@id\":\"https:\\\/\\\/najnaj.eu\\\/sl\\\/#\\\/schema\\\/logo\\\/image\\\/\"},\"sameAs\":[\"https:\\\/\\\/web.facebook.com\\\/najnaj.eu\\\/\",\"https:\\\/\\\/www.instagram.com\\\/najnaj.eu\\\/\",\"https:\\\/\\\/www.tiktok.com\\\/@najnaj.eu\"]}]}<\/script>\n<meta property=\"product:brand\" content=\"Ergobaby\" \/>\n<meta property=\"product:price:amount\" content=\"99.90\" \/>\n<meta property=\"product:price:currency\" content=\"EUR\" \/>\n<meta property=\"og:availability\" content=\"instock\" \/>\n<meta property=\"product:availability\" content=\"instock\" \/>\n<meta property=\"product:retailer_item_id\" content=\"BCEMASAMBLK\" \/>\n<meta property=\"product:condition\" content=\"new\" \/>\n<!-- \/ Yoast SEO Premium plugin. -->","yoast_head_json":{"title":"Ergobaby Embrace Soft Air Mesh nosilka, \u010drna - NajNaj.eu","robots":{"index":"index","follow":"follow","max-snippet":"max-snippet:-1","max-image-preview":"max-image-preview:large","max-video-preview":"max-video-preview:-1"},"canonical":"https:\/\/najnaj.eu\/sl\/izdelek\/ergobaby-embrace-soft-air-mesh-nosiljka-crna\/","og_locale":"sl_SI","og_type":"article","og_title":"Ergobaby Embrace Soft Air Mesh nosilka, \u010drna","og_description":"Na\u0161a mehka, crkljiva in super udobna otro\u0161ka nosilka je najbolj sr\u010dkan na\u010din povezovanja. Brez zapletenega zavijanja ali zavezovanja. Ergobaby Embrace vam in va\u0161emu dojen\u010dku omogo\u010da, da se \u010dim la\u017eje pove\u017eete in najdeta skupni ritem. Nosilka Embrace je narejena iz lahke in zra\u010dne mre\u017easte tkanine Sofr Air Mesh, naramnice, opora za glavico dojen\u010dka in notranji del nosilke pa iz zra\u010dne mre\u017eice z luknjami. Pletenina na prekri\u017eanih naramnicah zagotavlja usmerjeno podporo dojen\u010dku in enostavnost no\u0161enja star\u0161em.  Materiali, ki dihajo - omogo\u010dajo najve\u010dji pretok zraka, zmanj\u0161ujejo potenje in pregrevanje ter se hitro su\u0161ijo in zagotavljajo udobje ves dan    Preprostost \u2013 enostavno pritrjevanje brez nerodnega ovijanja ali odve\u010dne tkanine  Udobje za star\u0161e \u2013 podporni pas in raztegljivi pre\u010dni trakovi  Kompaktnost \u2013 enostavno se zlo\u017ei in spravi v torbo za plenice  Od 3,2 kg do 11,3 kg Trije na\u010dini no\u0161enja:  Novorojen\u010dek (pod 58,4 cm)  Dojen\u010dek, po mnenju star\u0161ev (nad 58,4 cm)  Dojen\u010dek, obrnjen naprej (nad 66 cm) Ergopromise 10-letna garancija","og_url":"https:\/\/najnaj.eu\/sl\/izdelek\/ergobaby-embrace-soft-air-mesh-nosiljka-crna\/","og_site_name":"NajNaj.eu","article_publisher":"https:\/\/web.facebook.com\/najnaj.eu\/","article_modified_time":"2026-03-24T10:00:48+00:00","og_image":[{"width":1687,"height":2400,"url":"https:\/\/najnaj.eu\/wp-content\/uploads\/2022\/04\/embrace-soft-air-mesh-baby-carrier-washed-black-st7-1.jpg","type":"image\/jpeg"}],"twitter_card":"summary_large_image","twitter_misc":{"Price":"99,90&nbsp;&euro;","Availability":"In stock"},"schema":{"@context":"https:\/\/schema.org","@graph":[{"@type":"WebPage","@id":"https:\/\/najnaj.eu\/sl\/izdelek\/ergobaby-embrace-soft-air-mesh-nosiljka-crna\/","url":"https:\/\/najnaj.eu\/sl\/izdelek\/ergobaby-embrace-soft-air-mesh-nosiljka-crna\/","name":"Ergobaby Embrace Soft Air Mesh nosilka, \u010drna - NajNaj.eu","isPartOf":{"@id":"https:\/\/najnaj.eu\/sl\/#website"},"primaryImageOfPage":{"@id":"https:\/\/najnaj.eu\/sl\/izdelek\/ergobaby-embrace-soft-air-mesh-nosiljka-crna\/#primaryimage"},"image":{"@id":"https:\/\/najnaj.eu\/sl\/izdelek\/ergobaby-embrace-soft-air-mesh-nosiljka-crna\/#primaryimage"},"thumbnailUrl":"https:\/\/najnaj.eu\/wp-content\/uploads\/2022\/04\/embrace-soft-air-mesh-baby-carrier-washed-black-st7-1.jpg","datePublished":"2023-09-19T10:04:24+00:00","dateModified":"2026-03-24T10:00:48+00:00","breadcrumb":{"@id":"https:\/\/najnaj.eu\/sl\/izdelek\/ergobaby-embrace-soft-air-mesh-nosiljka-crna\/#breadcrumb"},"inLanguage":"sl-SI","potentialAction":[{"@type":"ReadAction","target":["https:\/\/najnaj.eu\/sl\/izdelek\/ergobaby-embrace-soft-air-mesh-nosiljka-crna\/"]}]},{"@type":"ImageObject","inLanguage":"sl-SI","@id":"https:\/\/najnaj.eu\/sl\/izdelek\/ergobaby-embrace-soft-air-mesh-nosiljka-crna\/#primaryimage","url":"https:\/\/najnaj.eu\/wp-content\/uploads\/2022\/04\/embrace-soft-air-mesh-baby-carrier-washed-black-st7-1.jpg","contentUrl":"https:\/\/najnaj.eu\/wp-content\/uploads\/2022\/04\/embrace-soft-air-mesh-baby-carrier-washed-black-st7-1.jpg","width":1687,"height":2400,"caption":"Nosilka za novorojen\u010dke"},{"@type":"BreadcrumbList","@id":"https:\/\/najnaj.eu\/sl\/izdelek\/ergobaby-embrace-soft-air-mesh-nosiljka-crna\/#breadcrumb","itemListElement":[{"@type":"ListItem","position":1,"name":"Po\u010detna stranica","item":"https:\/\/najnaj.eu\/sl\/prednja-stran\/"},{"@type":"ListItem","position":2,"name":"Shop","item":"https:\/\/najnaj.eu\/sl\/shop\/"},{"@type":"ListItem","position":3,"name":"Ergobaby Embrace Soft Air Mesh nosilka, \u010drna"}]},{"@type":"WebSite","@id":"https:\/\/najnaj.eu\/sl\/#website","url":"https:\/\/najnaj.eu\/sl\/","name":"NajNaj.eu","description":"Za najva\u017enije!","publisher":{"@id":"https:\/\/najnaj.eu\/sl\/#organization"},"potentialAction":[{"@type":"SearchAction","target":{"@type":"EntryPoint","urlTemplate":"https:\/\/najnaj.eu\/sl\/?s={search_term_string}"},"query-input":{"@type":"PropertyValueSpecification","valueRequired":true,"valueName":"search_term_string"}}],"inLanguage":"sl-SI"},{"@type":"Organization","@id":"https:\/\/najnaj.eu\/sl\/#organization","name":"NajNaj.eu","url":"https:\/\/najnaj.eu\/sl\/","logo":{"@type":"ImageObject","inLanguage":"sl-SI","@id":"https:\/\/najnaj.eu\/sl\/#\/schema\/logo\/image\/","url":"https:\/\/najnaj.eu\/wp-content\/uploads\/2023\/09\/logo_Najnaj_2023.svg","contentUrl":"https:\/\/najnaj.eu\/wp-content\/uploads\/2023\/09\/logo_Najnaj_2023.svg","width":501,"height":278,"caption":"NajNaj.eu"},"image":{"@id":"https:\/\/najnaj.eu\/sl\/#\/schema\/logo\/image\/"},"sameAs":["https:\/\/web.facebook.com\/najnaj.eu\/","https:\/\/www.instagram.com\/najnaj.eu\/","https:\/\/www.tiktok.com\/@najnaj.eu"]}]},"product_brand":"Ergobaby","product_price_amount":"99.90","product_price_currency":"EUR","og_availability":"instock","product_availability":"instock","product_retailer_item_id":"BCEMASAMBLK","product_condition":"new"},"_links":{"self":[{"href":"https:\/\/najnaj.eu\/sl\/wp-json\/wp\/v2\/product\/191677","targetHints":{"allow":["GET"]}}],"collection":[{"href":"https:\/\/najnaj.eu\/sl\/wp-json\/wp\/v2\/product"}],"about":[{"href":"https:\/\/najnaj.eu\/sl\/wp-json\/wp\/v2\/types\/product"}],"replies":[{"embeddable":true,"href":"https:\/\/najnaj.eu\/sl\/wp-json\/wp\/v2\/comments?post=191677"}],"version-history":[{"count":0,"href":"https:\/\/najnaj.eu\/sl\/wp-json\/wp\/v2\/product\/191677\/revisions"}],"wp:featuredmedia":[{"embeddable":true,"href":"https:\/\/najnaj.eu\/sl\/wp-json\/wp\/v2\/media\/165009"}],"wp:attachment":[{"href":"https:\/\/najnaj.eu\/sl\/wp-json\/wp\/v2\/media?parent=191677"}],"wp:term":[{"taxonomy":"product_brand","embeddable":true,"href":"https:\/\/najnaj.eu\/sl\/wp-json\/wp\/v2\/product_brand?post=191677"},{"taxonomy":"product_cat","embeddable":true,"href":"https:\/\/najnaj.eu\/sl\/wp-json\/wp\/v2\/product_cat?post=191677"},{"taxonomy":"product_tag","embeddable":true,"href":"https:\/\/najnaj.eu\/sl\/wp-json\/wp\/v2\/product_tag?post=191677"}],"curies":[{"name":"wp","href":"https:\/\/api.w.org\/{rel}","templated":true}]}}