{"id":191308,"date":"2023-09-21T08:18:54","date_gmt":"2023-09-21T06:18:54","guid":{"rendered":"https:\/\/najnaj.eu\/proizvod\/ergobaby-evolve-lezalnik-3v1-svetlo-siv\/"},"modified":"2026-03-24T10:58:33","modified_gmt":"2026-03-24T09:58:33","slug":"ergobaby-evolve-lezaljka-3u1-light-grey","status":"publish","type":"product","link":"https:\/\/najnaj.eu\/sl\/izdelek\/ergobaby-evolve-lezaljka-3u1-light-grey\/","title":{"rendered":"Ergobaby Evolve 3v1 nosilka za dojen\u010dke \u2013 svetlo siva"},"content":{"rendered":"<p>&nbsp;<\/p>\n<p><img loading=\"lazy\" decoding=\"async\" class=\"alignnone size-full wp-image-117398\" src=\"https:\/\/najnaj.eu\/wp-content\/uploads\/2023\/08\/Ergobaby-Evolve-dugi-opis.jpg\" alt=\"\" width=\"1024\" height=\"400\"><\/p>\n<h2><strong>Zna\u010dilnosti izdelka<\/strong><\/h2>\n<ul>\n<li>Udobje in podpora \u017ee od prvega dne<\/li>\n<li>Otro\u0161ki le\u017ealnik Evolve 3 v 1 raste z va\u0161im otrokom.<\/li>\n<li>Mehka in zra\u010dna tkanina v enem<\/li>\n<li>Hitra in enostavna sprememba polo\u017eaja s pedalom<\/li>\n<li>Pomaga prepre\u010diti nastanek sindroma okcipitalnega re\u017enja<\/li>\n<li>Tkanina le\u017ealnika je enostavno snemljiva in pralna v pralnem stroju.<\/li>\n<li>Popolnoma zlo\u017eljivo za la\u017eji transport<\/li>\n<li>Tehnika naravnega nihanja<\/li>\n<\/ul>\n<p><img loading=\"lazy\" decoding=\"async\" class=\"alignnone size-full wp-image-117403\" src=\"https:\/\/najnaj.eu\/wp-content\/uploads\/2023\/08\/Ergobaby-Evolve-dugi-opis-1.jpg\" alt=\"\" width=\"1024\" height=\"400\"><\/p>\n<h2><strong>3 polo\u017eaji nagiba in mo\u017enost zlaganja<\/strong><\/h2>\n<p><img loading=\"lazy\" decoding=\"async\" class=\"alignnone size-full wp-image-117409\" src=\"https:\/\/najnaj.eu\/wp-content\/uploads\/2023\/08\/Ergobaby-Evolve-dugi-opis-2.jpg\" alt=\"\" width=\"1024\" height=\"400\"><\/p>\n<h2><strong>Specifikacije izdelka:<\/strong><\/h2>\n<ul>\n<li>Te\u017ea le\u017ealnika: 4 kg<\/li>\n<li>Starost otroka: od rojstva do pribli\u017eno 3 let<\/li>\n<li>Te\u017ea otroka: od 2,5 kg do 13,2 kg<\/li>\n<li>Dimenzije: 42 cm (\u0161irina) x 81,3 cm (dol\u017eina) x 56 cm (vi\u0161ina)<\/li>\n<li>Vi\u0161ina zlo\u017eenega le\u017ealnika: 15,3 cm<\/li>\n<\/ul>\n<h2><strong>Materiali<\/strong><\/h2>\n<p>Mehka tkanina: 100 % bomba\u017e<br \/>\nMre\u017easta tkanina: 100 % poliester<br \/>\nZra\u010dna pletenina z luknjami: 79 % poliester\/17 % viskoza\/4 % elastan<br \/>\nOkvir: ABS plastika<\/p>\n","protected":false},"excerpt":{"rendered":"<p><strong>Udoben le\u017ealnik za novorojen\u010dka, pomirjujo\u010da gugalnica za dojen\u010dka in zabaven stol\u010dek za hranjenje \u2013 vse v enem!<\/strong><\/p>\n<p>Ziba Ergobaby Evolve 3v1 raste z va\u0161im otrokom.<\/p>\n<ul>\n<li>Ergonomska podpora in udobje od prvega dne do otro\u0161tva<\/li>\n<li>Vlo\u017eek za novorojen\u010dke nudi oporo celotnemu telesu in pomaga prepre\u010devati medeni\u010dni polo\u017eaj nose\u010dnice.<\/li>\n<li>Mehka, raztegljiva pletenina in zra\u010dna mre\u017easta tkanina za maksimalno zra\u010dnost in udobje<\/li>\n<li>Trije polo\u017eaji nagiba z enostavno spremembo polo\u017eaja s pomo\u010djo stopenjskega pedala in varnostnega sistema zaklepanja<\/li>\n<li>Popolnoma zlo\u017eljivo za kompaktno shranjevanje in enostaven prenos iz enega prostora v drugega<\/li>\n<li>Naravna tehnika nihanja \u2013 brez vti\u010dev, baterij ali stikal<\/li>\n<li>Tkanina za le\u017ealnik je enostavna za odstranitev in namestitev ter je pralna v pralnem stroju.<\/li>\n<li>Oblazinjen pas z zaponkami zagotavlja varnost, za\u0161\u010dito in enostavno uporabo<\/li>\n<li>Skrbno zasnovano, varno in udobno<\/li>\n<li>\u010cudovit dizajn in moderne barve le\u017ealnika Evolve 3-v-1 se bodo podali v vsak dom.<\/li>\n<li>Zasnovano v sodelovanju s pediatri<\/li>\n<li>Na voljo v 4 zna\u010dilnih barvah Ergobaby<\/li>\n<li>Za otroke od 2,5 kg do 13,2 kg<\/li>\n<\/ul>\n<p><strong>DARILO: \u0160katla za igra\u010de!<\/strong><br \/>\nBarve in modela igra\u010dnega loka ni mogo\u010de izbrati. Ponudba velja do 31. 12. 2025 oziroma do razprodaje zalog.  <\/p>\n","protected":false},"featured_media":233888,"comment_status":"open","ping_status":"closed","template":"","meta":{"_acf_changed":false,"footnotes":""},"product_brand":[],"product_cat":[1260,914],"product_tag":[],"class_list":{"0":"post-191308","1":"product","2":"type-product","3":"status-publish","4":"has-post-thumbnail","6":"product_cat-evolve-lezaljka-3-u-1-sl","7":"product_cat-lezalniki","8":"pa_boja-siva-sl","9":"pa_brand-ergobaby-sl","11":"first","12":"instock","13":"purchasable","14":"product-type-simple"},"bundled_by":[],"bundle_stock_status":"instock","bundle_stock_quantity":15,"bundle_virtual":false,"bundle_layout":"","bundle_add_to_cart_form_location":"","bundle_editable_in_cart":false,"bundle_sold_individually_context":"","bundle_item_grouping":"","bundle_min_size":"","bundle_max_size":"","bundle_price":[],"bundled_items":[],"bundle_sell_ids":[],"acf":[],"yoast_head":"<!-- This site is optimized with the Yoast SEO Premium plugin v21.5 (Yoast SEO v27.3) - https:\/\/yoast.com\/product\/yoast-seo-premium-wordpress\/ -->\n<title>Ergobaby Evolve 3v1 nosilka za dojen\u010dke \u2013 svetlo siva - NajNaj.eu<\/title>\n<meta name=\"robots\" content=\"index, follow, max-snippet:-1, max-image-preview:large, max-video-preview:-1\" \/>\n<link rel=\"canonical\" href=\"https:\/\/najnaj.eu\/sl\/izdelek\/ergobaby-evolve-lezaljka-3u1-light-grey\/\" \/>\n<meta property=\"og:locale\" content=\"sl_SI\" \/>\n<meta property=\"og:type\" content=\"article\" \/>\n<meta property=\"og:title\" content=\"Ergobaby Evolve 3v1 nosilka za dojen\u010dke \u2013 svetlo siva\" \/>\n<meta property=\"og:description\" content=\"Udoben le\u017ealnik za novorojen\u010dka, pomirjujo\u010da gugalnica za dojen\u010dka in zabaven stol\u010dek za hranjenje \u2013 vse v enem! Ziba Ergobaby Evolve 3v1 raste z va\u0161im otrokom.  Ergonomska podpora in udobje od prvega dne do otro\u0161tva  Vlo\u017eek za novorojen\u010dke nudi oporo celotnemu telesu in pomaga prepre\u010devati medeni\u010dni polo\u017eaj nose\u010dnice.  Mehka, raztegljiva pletenina in zra\u010dna mre\u017easta tkanina za maksimalno zra\u010dnost in udobje  Trije polo\u017eaji nagiba z enostavno spremembo polo\u017eaja s pomo\u010djo stopenjskega pedala in varnostnega sistema zaklepanja  Popolnoma zlo\u017eljivo za kompaktno shranjevanje in enostaven prenos iz enega prostora v drugega  Naravna tehnika nihanja \u2013 brez vti\u010dev, baterij ali stikal  Tkanina za le\u017ealnik je enostavna za odstranitev in namestitev ter je pralna v pralnem stroju.  Oblazinjen pas z zaponkami zagotavlja varnost, za\u0161\u010dito in enostavno uporabo  Skrbno zasnovano, varno in udobno  \u010cudovit dizajn in moderne barve le\u017ealnika Evolve 3-v-1 se bodo podali v vsak dom.  Zasnovano v sodelovanju s pediatri  Na voljo v 4 zna\u010dilnih barvah Ergobaby  Za otroke od 2,5 kg do 13,2 kg DARILO: \u0160katla za igra\u010de! Barve in modela igra\u010dnega loka ni mogo\u010de izbrati. Ponudba velja do 31. 12. 2025 oziroma do razprodaje zalog.\" \/>\n<meta property=\"og:url\" content=\"https:\/\/najnaj.eu\/sl\/izdelek\/ergobaby-evolve-lezaljka-3u1-light-grey\/\" \/>\n<meta property=\"og:site_name\" content=\"NajNaj.eu\" \/>\n<meta property=\"article:publisher\" content=\"https:\/\/web.facebook.com\/najnaj.eu\/\" \/>\n<meta property=\"article:modified_time\" content=\"2026-03-24T09:58:33+00:00\" \/>\n<meta property=\"og:image\" content=\"https:\/\/najnaj.eu\/wp-content\/uploads\/2023\/09\/Evolve-luk-web-1.jpg\" \/>\n\t<meta property=\"og:image:width\" content=\"1080\" \/>\n\t<meta property=\"og:image:height\" content=\"1080\" \/>\n\t<meta property=\"og:image:type\" content=\"image\/jpeg\" \/>\n<meta name=\"twitter:card\" content=\"summary_large_image\" \/>\n<meta name=\"twitter:label1\" content=\"Price\" \/>\n\t<meta name=\"twitter:data1\" content=\"199,90&nbsp;&euro;\" \/>\n\t<meta name=\"twitter:label2\" content=\"Availability\" \/>\n\t<meta name=\"twitter:data2\" content=\"In stock\" \/>\n<script type=\"application\/ld+json\" class=\"yoast-schema-graph\">{\"@context\":\"https:\\\/\\\/schema.org\",\"@graph\":[{\"@type\":\"WebPage\",\"@id\":\"https:\\\/\\\/najnaj.eu\\\/sl\\\/izdelek\\\/ergobaby-evolve-lezaljka-3u1-light-grey\\\/\",\"url\":\"https:\\\/\\\/najnaj.eu\\\/sl\\\/izdelek\\\/ergobaby-evolve-lezaljka-3u1-light-grey\\\/\",\"name\":\"Ergobaby Evolve 3v1 nosilka za dojen\u010dke \u2013 svetlo siva - NajNaj.eu\",\"isPartOf\":{\"@id\":\"https:\\\/\\\/najnaj.eu\\\/sl\\\/#website\"},\"primaryImageOfPage\":{\"@id\":\"https:\\\/\\\/najnaj.eu\\\/sl\\\/izdelek\\\/ergobaby-evolve-lezaljka-3u1-light-grey\\\/#primaryimage\"},\"image\":{\"@id\":\"https:\\\/\\\/najnaj.eu\\\/sl\\\/izdelek\\\/ergobaby-evolve-lezaljka-3u1-light-grey\\\/#primaryimage\"},\"thumbnailUrl\":\"https:\\\/\\\/najnaj.eu\\\/wp-content\\\/uploads\\\/2023\\\/09\\\/evolve-bouncer-light-grey-prod-01-4534x4534-3887445-2.jpg\",\"datePublished\":\"2023-09-21T06:18:54+00:00\",\"dateModified\":\"2026-03-24T09:58:33+00:00\",\"breadcrumb\":{\"@id\":\"https:\\\/\\\/najnaj.eu\\\/sl\\\/izdelek\\\/ergobaby-evolve-lezaljka-3u1-light-grey\\\/#breadcrumb\"},\"inLanguage\":\"sl-SI\",\"potentialAction\":[{\"@type\":\"ReadAction\",\"target\":[\"https:\\\/\\\/najnaj.eu\\\/sl\\\/izdelek\\\/ergobaby-evolve-lezaljka-3u1-light-grey\\\/\"]}]},{\"@type\":\"ImageObject\",\"inLanguage\":\"sl-SI\",\"@id\":\"https:\\\/\\\/najnaj.eu\\\/sl\\\/izdelek\\\/ergobaby-evolve-lezaljka-3u1-light-grey\\\/#primaryimage\",\"url\":\"https:\\\/\\\/najnaj.eu\\\/wp-content\\\/uploads\\\/2023\\\/09\\\/evolve-bouncer-light-grey-prod-01-4534x4534-3887445-2.jpg\",\"contentUrl\":\"https:\\\/\\\/najnaj.eu\\\/wp-content\\\/uploads\\\/2023\\\/09\\\/evolve-bouncer-light-grey-prod-01-4534x4534-3887445-2.jpg\",\"width\":1080,\"height\":1080},{\"@type\":\"BreadcrumbList\",\"@id\":\"https:\\\/\\\/najnaj.eu\\\/sl\\\/izdelek\\\/ergobaby-evolve-lezaljka-3u1-light-grey\\\/#breadcrumb\",\"itemListElement\":[{\"@type\":\"ListItem\",\"position\":1,\"name\":\"Po\u010detna stranica\",\"item\":\"https:\\\/\\\/najnaj.eu\\\/sl\\\/prednja-stran\\\/\"},{\"@type\":\"ListItem\",\"position\":2,\"name\":\"Shop\",\"item\":\"https:\\\/\\\/najnaj.eu\\\/sl\\\/shop\\\/\"},{\"@type\":\"ListItem\",\"position\":3,\"name\":\"Ergobaby Evolve 3v1 nosilka za dojen\u010dke \u2013 svetlo siva\"}]},{\"@type\":\"WebSite\",\"@id\":\"https:\\\/\\\/najnaj.eu\\\/sl\\\/#website\",\"url\":\"https:\\\/\\\/najnaj.eu\\\/sl\\\/\",\"name\":\"NajNaj.eu\",\"description\":\"Za najva\u017enije!\",\"publisher\":{\"@id\":\"https:\\\/\\\/najnaj.eu\\\/sl\\\/#organization\"},\"potentialAction\":[{\"@type\":\"SearchAction\",\"target\":{\"@type\":\"EntryPoint\",\"urlTemplate\":\"https:\\\/\\\/najnaj.eu\\\/sl\\\/?s={search_term_string}\"},\"query-input\":{\"@type\":\"PropertyValueSpecification\",\"valueRequired\":true,\"valueName\":\"search_term_string\"}}],\"inLanguage\":\"sl-SI\"},{\"@type\":\"Organization\",\"@id\":\"https:\\\/\\\/najnaj.eu\\\/sl\\\/#organization\",\"name\":\"NajNaj.eu\",\"url\":\"https:\\\/\\\/najnaj.eu\\\/sl\\\/\",\"logo\":{\"@type\":\"ImageObject\",\"inLanguage\":\"sl-SI\",\"@id\":\"https:\\\/\\\/najnaj.eu\\\/sl\\\/#\\\/schema\\\/logo\\\/image\\\/\",\"url\":\"https:\\\/\\\/najnaj.eu\\\/wp-content\\\/uploads\\\/2023\\\/09\\\/logo_Najnaj_2023.svg\",\"contentUrl\":\"https:\\\/\\\/najnaj.eu\\\/wp-content\\\/uploads\\\/2023\\\/09\\\/logo_Najnaj_2023.svg\",\"width\":501,\"height\":278,\"caption\":\"NajNaj.eu\"},\"image\":{\"@id\":\"https:\\\/\\\/najnaj.eu\\\/sl\\\/#\\\/schema\\\/logo\\\/image\\\/\"},\"sameAs\":[\"https:\\\/\\\/web.facebook.com\\\/najnaj.eu\\\/\",\"https:\\\/\\\/www.instagram.com\\\/najnaj.eu\\\/\",\"https:\\\/\\\/www.tiktok.com\\\/@najnaj.eu\"]}]}<\/script>\n<meta property=\"product:brand\" content=\"Ergobaby\" \/>\n<meta property=\"product:price:amount\" content=\"199.90\" \/>\n<meta property=\"product:price:currency\" content=\"EUR\" \/>\n<meta property=\"og:availability\" content=\"instock\" \/>\n<meta property=\"product:availability\" content=\"instock\" \/>\n<meta property=\"product:retailer_item_id\" content=\"EVLBNCLTGRY\" \/>\n<meta property=\"product:condition\" content=\"new\" \/>\n<!-- \/ Yoast SEO Premium plugin. -->","yoast_head_json":{"title":"Ergobaby Evolve 3v1 nosilka za dojen\u010dke \u2013 svetlo siva - NajNaj.eu","robots":{"index":"index","follow":"follow","max-snippet":"max-snippet:-1","max-image-preview":"max-image-preview:large","max-video-preview":"max-video-preview:-1"},"canonical":"https:\/\/najnaj.eu\/sl\/izdelek\/ergobaby-evolve-lezaljka-3u1-light-grey\/","og_locale":"sl_SI","og_type":"article","og_title":"Ergobaby Evolve 3v1 nosilka za dojen\u010dke \u2013 svetlo siva","og_description":"Udoben le\u017ealnik za novorojen\u010dka, pomirjujo\u010da gugalnica za dojen\u010dka in zabaven stol\u010dek za hranjenje \u2013 vse v enem! Ziba Ergobaby Evolve 3v1 raste z va\u0161im otrokom.  Ergonomska podpora in udobje od prvega dne do otro\u0161tva  Vlo\u017eek za novorojen\u010dke nudi oporo celotnemu telesu in pomaga prepre\u010devati medeni\u010dni polo\u017eaj nose\u010dnice.  Mehka, raztegljiva pletenina in zra\u010dna mre\u017easta tkanina za maksimalno zra\u010dnost in udobje  Trije polo\u017eaji nagiba z enostavno spremembo polo\u017eaja s pomo\u010djo stopenjskega pedala in varnostnega sistema zaklepanja  Popolnoma zlo\u017eljivo za kompaktno shranjevanje in enostaven prenos iz enega prostora v drugega  Naravna tehnika nihanja \u2013 brez vti\u010dev, baterij ali stikal  Tkanina za le\u017ealnik je enostavna za odstranitev in namestitev ter je pralna v pralnem stroju.  Oblazinjen pas z zaponkami zagotavlja varnost, za\u0161\u010dito in enostavno uporabo  Skrbno zasnovano, varno in udobno  \u010cudovit dizajn in moderne barve le\u017ealnika Evolve 3-v-1 se bodo podali v vsak dom.  Zasnovano v sodelovanju s pediatri  Na voljo v 4 zna\u010dilnih barvah Ergobaby  Za otroke od 2,5 kg do 13,2 kg DARILO: \u0160katla za igra\u010de! Barve in modela igra\u010dnega loka ni mogo\u010de izbrati. Ponudba velja do 31. 12. 2025 oziroma do razprodaje zalog.","og_url":"https:\/\/najnaj.eu\/sl\/izdelek\/ergobaby-evolve-lezaljka-3u1-light-grey\/","og_site_name":"NajNaj.eu","article_publisher":"https:\/\/web.facebook.com\/najnaj.eu\/","article_modified_time":"2026-03-24T09:58:33+00:00","og_image":[{"width":1080,"height":1080,"url":"https:\/\/najnaj.eu\/wp-content\/uploads\/2023\/09\/Evolve-luk-web-1.jpg","type":"image\/jpeg"}],"twitter_card":"summary_large_image","twitter_misc":{"Price":"199,90&nbsp;&euro;","Availability":"In stock"},"schema":{"@context":"https:\/\/schema.org","@graph":[{"@type":"WebPage","@id":"https:\/\/najnaj.eu\/sl\/izdelek\/ergobaby-evolve-lezaljka-3u1-light-grey\/","url":"https:\/\/najnaj.eu\/sl\/izdelek\/ergobaby-evolve-lezaljka-3u1-light-grey\/","name":"Ergobaby Evolve 3v1 nosilka za dojen\u010dke \u2013 svetlo siva - NajNaj.eu","isPartOf":{"@id":"https:\/\/najnaj.eu\/sl\/#website"},"primaryImageOfPage":{"@id":"https:\/\/najnaj.eu\/sl\/izdelek\/ergobaby-evolve-lezaljka-3u1-light-grey\/#primaryimage"},"image":{"@id":"https:\/\/najnaj.eu\/sl\/izdelek\/ergobaby-evolve-lezaljka-3u1-light-grey\/#primaryimage"},"thumbnailUrl":"https:\/\/najnaj.eu\/wp-content\/uploads\/2023\/09\/evolve-bouncer-light-grey-prod-01-4534x4534-3887445-2.jpg","datePublished":"2023-09-21T06:18:54+00:00","dateModified":"2026-03-24T09:58:33+00:00","breadcrumb":{"@id":"https:\/\/najnaj.eu\/sl\/izdelek\/ergobaby-evolve-lezaljka-3u1-light-grey\/#breadcrumb"},"inLanguage":"sl-SI","potentialAction":[{"@type":"ReadAction","target":["https:\/\/najnaj.eu\/sl\/izdelek\/ergobaby-evolve-lezaljka-3u1-light-grey\/"]}]},{"@type":"ImageObject","inLanguage":"sl-SI","@id":"https:\/\/najnaj.eu\/sl\/izdelek\/ergobaby-evolve-lezaljka-3u1-light-grey\/#primaryimage","url":"https:\/\/najnaj.eu\/wp-content\/uploads\/2023\/09\/evolve-bouncer-light-grey-prod-01-4534x4534-3887445-2.jpg","contentUrl":"https:\/\/najnaj.eu\/wp-content\/uploads\/2023\/09\/evolve-bouncer-light-grey-prod-01-4534x4534-3887445-2.jpg","width":1080,"height":1080},{"@type":"BreadcrumbList","@id":"https:\/\/najnaj.eu\/sl\/izdelek\/ergobaby-evolve-lezaljka-3u1-light-grey\/#breadcrumb","itemListElement":[{"@type":"ListItem","position":1,"name":"Po\u010detna stranica","item":"https:\/\/najnaj.eu\/sl\/prednja-stran\/"},{"@type":"ListItem","position":2,"name":"Shop","item":"https:\/\/najnaj.eu\/sl\/shop\/"},{"@type":"ListItem","position":3,"name":"Ergobaby Evolve 3v1 nosilka za dojen\u010dke \u2013 svetlo siva"}]},{"@type":"WebSite","@id":"https:\/\/najnaj.eu\/sl\/#website","url":"https:\/\/najnaj.eu\/sl\/","name":"NajNaj.eu","description":"Za najva\u017enije!","publisher":{"@id":"https:\/\/najnaj.eu\/sl\/#organization"},"potentialAction":[{"@type":"SearchAction","target":{"@type":"EntryPoint","urlTemplate":"https:\/\/najnaj.eu\/sl\/?s={search_term_string}"},"query-input":{"@type":"PropertyValueSpecification","valueRequired":true,"valueName":"search_term_string"}}],"inLanguage":"sl-SI"},{"@type":"Organization","@id":"https:\/\/najnaj.eu\/sl\/#organization","name":"NajNaj.eu","url":"https:\/\/najnaj.eu\/sl\/","logo":{"@type":"ImageObject","inLanguage":"sl-SI","@id":"https:\/\/najnaj.eu\/sl\/#\/schema\/logo\/image\/","url":"https:\/\/najnaj.eu\/wp-content\/uploads\/2023\/09\/logo_Najnaj_2023.svg","contentUrl":"https:\/\/najnaj.eu\/wp-content\/uploads\/2023\/09\/logo_Najnaj_2023.svg","width":501,"height":278,"caption":"NajNaj.eu"},"image":{"@id":"https:\/\/najnaj.eu\/sl\/#\/schema\/logo\/image\/"},"sameAs":["https:\/\/web.facebook.com\/najnaj.eu\/","https:\/\/www.instagram.com\/najnaj.eu\/","https:\/\/www.tiktok.com\/@najnaj.eu"]}]},"product_brand":"Ergobaby","product_price_amount":"199.90","product_price_currency":"EUR","og_availability":"instock","product_availability":"instock","product_retailer_item_id":"EVLBNCLTGRY","product_condition":"new"},"_links":{"self":[{"href":"https:\/\/najnaj.eu\/sl\/wp-json\/wp\/v2\/product\/191308","targetHints":{"allow":["GET"]}}],"collection":[{"href":"https:\/\/najnaj.eu\/sl\/wp-json\/wp\/v2\/product"}],"about":[{"href":"https:\/\/najnaj.eu\/sl\/wp-json\/wp\/v2\/types\/product"}],"replies":[{"embeddable":true,"href":"https:\/\/najnaj.eu\/sl\/wp-json\/wp\/v2\/comments?post=191308"}],"version-history":[{"count":0,"href":"https:\/\/najnaj.eu\/sl\/wp-json\/wp\/v2\/product\/191308\/revisions"}],"wp:featuredmedia":[{"embeddable":true,"href":"https:\/\/najnaj.eu\/sl\/wp-json\/wp\/v2\/media\/233888"}],"wp:attachment":[{"href":"https:\/\/najnaj.eu\/sl\/wp-json\/wp\/v2\/media?parent=191308"}],"wp:term":[{"taxonomy":"product_brand","embeddable":true,"href":"https:\/\/najnaj.eu\/sl\/wp-json\/wp\/v2\/product_brand?post=191308"},{"taxonomy":"product_cat","embeddable":true,"href":"https:\/\/najnaj.eu\/sl\/wp-json\/wp\/v2\/product_cat?post=191308"},{"taxonomy":"product_tag","embeddable":true,"href":"https:\/\/najnaj.eu\/sl\/wp-json\/wp\/v2\/product_tag?post=191308"}],"curies":[{"name":"wp","href":"https:\/\/api.w.org\/{rel}","templated":true}]}}