{"id":150722,"date":"2023-05-03T11:28:49","date_gmt":"2023-05-03T09:28:49","guid":{"rendered":"https:\/\/najnaj.hr\/proizvod\/lassig-pelena-za-kupanje-block-stripes-milky-blue\/"},"modified":"2026-02-04T11:10:06","modified_gmt":"2026-02-04T10:10:06","slug":"lassig-pelena-za-kupanje-block-stripes-milky-blue","status":"publish","type":"product","link":"https:\/\/najnaj.eu\/sl\/izdelek\/lassig-pelena-za-kupanje-block-stripes-milky-blue\/","title":{"rendered":"L\u00e4ssig Pelena za kupanje Block Stripes milky\/blue"},"content":{"rendered":"<p>Izra\u0111ena od recikliranog poliestera, L\u00e4ssig Pelena za kupanje za vi\u0161ekratnu upotrebu savr\u0161ena je za odmor na moru ili posjet bazenu. No\u0161ena u kombinaciji s kremom za sun\u010danje i odgovaraju\u0107im \u0161e\u0161irom za sun\u010danje iz kolekcije L\u00e4ssig Splash &amp; Fun, pelena za kupanje osigurava bezbri\u017eno i zabavno kupanje.<\/p>\n<p>L\u00e4ssig pelena za kupanje je ekolo\u0161ki prihvatljiva i estetska alternativa jednokratnim pelenama za plivanje. Njegovo idealno pristajanje, visokokvalitetni materijali i be\u0161avni zavr\u0161etak oko me\u0111uno\u017eja osiguravaju ugodan osje\u0107aj u vodi i na pla\u017ei.<\/p>\n<p>Patentirana podstava i sustav koji upija vlagu, odr\u017eavaju osjetljivu dje\u010dju ko\u017eu nje\u017enom i suhom na pla\u017ei. Vlaga se hvata u unutarnjoj podstavi i prodire prema van preko velike povr\u0161ine. Ve\u0107e nesre\u0107e tako\u0111er su sprije\u010dene u vodi, a kada do\u0111ete ku\u0107i, pelena se mo\u017ee prati na 30\u00b0C u nje\u017enom ciklusu.<\/p>\n<p>U proizvodnji L\u00c4SSIG pelena za plivanje, otpadna plastika je reciklirana tako \u0161to je ispredana u pre\u0111u, pretvaraju\u0107i ekvivalent sedam PET boca u metar tkane tkanine. Kori\u0161tenjem recikliranih materijala i inovativnih procesa te isklju\u010divanjem komponenti \u017eivotinjskog podrijetla, L\u00e4ssig doprinosi kru\u017enom gospodarstvu i o\u010duvanju resursa na\u0161eg planeta.<\/p>\n","protected":false},"excerpt":{"rendered":"<p>L\u00c4SSIG Pelena za kupanje, izra\u0111ena od recikliranog poliestera, nudi ugodnu i ekolo\u0161ki prihvatljivu alternativu jednokratnim pelenama. Njegova upijaju\u0107a podstava odr\u017eava dje\u010dju ko\u017eu suhom i sprje\u010dava ve\u0107e nezgode u vodi.<\/p>\n","protected":false},"featured_media":138174,"comment_status":"closed","ping_status":"closed","template":"","meta":{"_acf_changed":false,"footnotes":""},"product_brand":[],"product_cat":[662],"product_tag":[2272,2203],"class_list":{"0":"post-150722","1":"product","2":"type-product","3":"status-publish","4":"has-post-thumbnail","6":"product_cat-stvari-za-djecu","7":"product_tag-ljeto","8":"product_tag-sf","9":"pa_boja-bijela","10":"pa_boja-plava","11":"pa_brand-lassig","13":"first","14":"instock","15":"sale","16":"purchasable","17":"product-type-variable"},"bundled_by":[],"bundle_stock_status":"instock","bundle_stock_quantity":null,"bundle_virtual":false,"bundle_layout":"","bundle_add_to_cart_form_location":"","bundle_editable_in_cart":false,"bundle_sold_individually_context":"","bundle_item_grouping":"","bundle_min_size":"","bundle_max_size":"","bundle_price":[],"bundled_items":[],"bundle_sell_ids":[],"acf":[],"yoast_head":"<!-- This site is optimized with the Yoast SEO Premium plugin v21.5 (Yoast SEO v27.3) - https:\/\/yoast.com\/product\/yoast-seo-premium-wordpress\/ -->\n<title>L\u00e4ssig Pelena za kupanje Block Stripes milky\/blue - NajNaj.eu<\/title>\n<meta name=\"robots\" content=\"index, follow, max-snippet:-1, max-image-preview:large, max-video-preview:-1\" \/>\n<link rel=\"canonical\" href=\"https:\/\/najnaj.eu\/sl\/izdelek\/lassig-pelena-za-kupanje-block-stripes-milky-blue\/\" \/>\n<meta property=\"og:locale\" content=\"sl_SI\" \/>\n<meta property=\"og:type\" content=\"article\" \/>\n<meta property=\"og:title\" content=\"L\u00e4ssig Pelena za kupanje Block Stripes milky\/blue\" \/>\n<meta property=\"og:description\" content=\"L\u00c4SSIG Pelena za kupanje, izra\u0111ena od recikliranog poliestera, nudi ugodnu i ekolo\u0161ki prihvatljivu alternativu jednokratnim pelenama. Njegova upijaju\u0107a podstava odr\u017eava dje\u010dju ko\u017eu suhom i sprje\u010dava ve\u0107e nezgode u vodi.\" \/>\n<meta property=\"og:url\" content=\"https:\/\/najnaj.eu\/sl\/izdelek\/lassig-pelena-za-kupanje-block-stripes-milky-blue\/\" \/>\n<meta property=\"og:site_name\" content=\"NajNaj.eu\" \/>\n<meta property=\"article:publisher\" content=\"https:\/\/web.facebook.com\/najnaj.eu\/\" \/>\n<meta property=\"article:modified_time\" content=\"2026-02-04T10:10:06+00:00\" \/>\n<meta property=\"og:image\" content=\"https:\/\/najnaj.eu\/wp-content\/uploads\/2023\/08\/SPL_F22_1431002159_P_1-Small.jpg\" \/>\n\t<meta property=\"og:image:width\" content=\"480\" \/>\n\t<meta property=\"og:image:height\" content=\"480\" \/>\n\t<meta property=\"og:image:type\" content=\"image\/jpeg\" \/>\n<meta name=\"twitter:card\" content=\"summary_large_image\" \/>\n<meta name=\"twitter:label1\" content=\"Availability\" \/>\n\t<meta name=\"twitter:data1\" content=\"In stock\" \/>\n<script type=\"application\/ld+json\" class=\"yoast-schema-graph\">{\"@context\":\"https:\\\/\\\/schema.org\",\"@graph\":[{\"@type\":\"WebPage\",\"@id\":\"https:\\\/\\\/najnaj.eu\\\/sl\\\/izdelek\\\/lassig-pelena-za-kupanje-block-stripes-milky-blue\\\/\",\"url\":\"https:\\\/\\\/najnaj.eu\\\/sl\\\/izdelek\\\/lassig-pelena-za-kupanje-block-stripes-milky-blue\\\/\",\"name\":\"L\u00e4ssig Pelena za kupanje Block Stripes milky\\\/blue - NajNaj.eu\",\"isPartOf\":{\"@id\":\"https:\\\/\\\/najnaj.eu\\\/sl\\\/#website\"},\"primaryImageOfPage\":{\"@id\":\"https:\\\/\\\/najnaj.eu\\\/sl\\\/izdelek\\\/lassig-pelena-za-kupanje-block-stripes-milky-blue\\\/#primaryimage\"},\"image\":{\"@id\":\"https:\\\/\\\/najnaj.eu\\\/sl\\\/izdelek\\\/lassig-pelena-za-kupanje-block-stripes-milky-blue\\\/#primaryimage\"},\"thumbnailUrl\":\"https:\\\/\\\/najnaj.eu\\\/wp-content\\\/uploads\\\/2023\\\/08\\\/SPL_F22_1431002159_P_1-Small.jpg\",\"datePublished\":\"2023-05-03T09:28:49+00:00\",\"dateModified\":\"2026-02-04T10:10:06+00:00\",\"breadcrumb\":{\"@id\":\"https:\\\/\\\/najnaj.eu\\\/sl\\\/izdelek\\\/lassig-pelena-za-kupanje-block-stripes-milky-blue\\\/#breadcrumb\"},\"inLanguage\":\"sl-SI\",\"potentialAction\":[{\"@type\":\"ReadAction\",\"target\":[\"https:\\\/\\\/najnaj.eu\\\/sl\\\/izdelek\\\/lassig-pelena-za-kupanje-block-stripes-milky-blue\\\/\"]}]},{\"@type\":\"ImageObject\",\"inLanguage\":\"sl-SI\",\"@id\":\"https:\\\/\\\/najnaj.eu\\\/sl\\\/izdelek\\\/lassig-pelena-za-kupanje-block-stripes-milky-blue\\\/#primaryimage\",\"url\":\"https:\\\/\\\/najnaj.eu\\\/wp-content\\\/uploads\\\/2023\\\/08\\\/SPL_F22_1431002159_P_1-Small.jpg\",\"contentUrl\":\"https:\\\/\\\/najnaj.eu\\\/wp-content\\\/uploads\\\/2023\\\/08\\\/SPL_F22_1431002159_P_1-Small.jpg\",\"width\":480,\"height\":480},{\"@type\":\"BreadcrumbList\",\"@id\":\"https:\\\/\\\/najnaj.eu\\\/sl\\\/izdelek\\\/lassig-pelena-za-kupanje-block-stripes-milky-blue\\\/#breadcrumb\",\"itemListElement\":[{\"@type\":\"ListItem\",\"position\":1,\"name\":\"Po\u010detna stranica\",\"item\":\"https:\\\/\\\/najnaj.eu\\\/sl\\\/prednja-stran\\\/\"},{\"@type\":\"ListItem\",\"position\":2,\"name\":\"Shop\",\"item\":\"https:\\\/\\\/najnaj.eu\\\/sl\\\/shop\\\/\"},{\"@type\":\"ListItem\",\"position\":3,\"name\":\"L\u00e4ssig Pelena za kupanje Block Stripes milky\\\/blue\"}]},{\"@type\":\"WebSite\",\"@id\":\"https:\\\/\\\/najnaj.eu\\\/sl\\\/#website\",\"url\":\"https:\\\/\\\/najnaj.eu\\\/sl\\\/\",\"name\":\"NajNaj.eu\",\"description\":\"Za najva\u017enije!\",\"publisher\":{\"@id\":\"https:\\\/\\\/najnaj.eu\\\/sl\\\/#organization\"},\"potentialAction\":[{\"@type\":\"SearchAction\",\"target\":{\"@type\":\"EntryPoint\",\"urlTemplate\":\"https:\\\/\\\/najnaj.eu\\\/sl\\\/?s={search_term_string}\"},\"query-input\":{\"@type\":\"PropertyValueSpecification\",\"valueRequired\":true,\"valueName\":\"search_term_string\"}}],\"inLanguage\":\"sl-SI\"},{\"@type\":\"Organization\",\"@id\":\"https:\\\/\\\/najnaj.eu\\\/sl\\\/#organization\",\"name\":\"NajNaj.eu\",\"url\":\"https:\\\/\\\/najnaj.eu\\\/sl\\\/\",\"logo\":{\"@type\":\"ImageObject\",\"inLanguage\":\"sl-SI\",\"@id\":\"https:\\\/\\\/najnaj.eu\\\/sl\\\/#\\\/schema\\\/logo\\\/image\\\/\",\"url\":\"https:\\\/\\\/najnaj.eu\\\/wp-content\\\/uploads\\\/2023\\\/09\\\/logo_Najnaj_2023.svg\",\"contentUrl\":\"https:\\\/\\\/najnaj.eu\\\/wp-content\\\/uploads\\\/2023\\\/09\\\/logo_Najnaj_2023.svg\",\"width\":501,\"height\":278,\"caption\":\"NajNaj.eu\"},\"image\":{\"@id\":\"https:\\\/\\\/najnaj.eu\\\/sl\\\/#\\\/schema\\\/logo\\\/image\\\/\"},\"sameAs\":[\"https:\\\/\\\/web.facebook.com\\\/najnaj.eu\\\/\",\"https:\\\/\\\/www.instagram.com\\\/najnaj.eu\\\/\",\"https:\\\/\\\/www.tiktok.com\\\/@najnaj.eu\"]}]}<\/script>\n<meta property=\"product:brand\" content=\"L\u00e4ssig\" \/>\n<meta property=\"og:availability\" content=\"instock\" \/>\n<meta property=\"product:availability\" content=\"instock\" \/>\n<meta property=\"product:retailer_item_id\" content=\"1431002159\" \/>\n<meta property=\"product:condition\" content=\"new\" \/>\n<!-- \/ Yoast SEO Premium plugin. -->","yoast_head_json":{"title":"L\u00e4ssig Pelena za kupanje Block Stripes milky\/blue - NajNaj.eu","robots":{"index":"index","follow":"follow","max-snippet":"max-snippet:-1","max-image-preview":"max-image-preview:large","max-video-preview":"max-video-preview:-1"},"canonical":"https:\/\/najnaj.eu\/sl\/izdelek\/lassig-pelena-za-kupanje-block-stripes-milky-blue\/","og_locale":"sl_SI","og_type":"article","og_title":"L\u00e4ssig Pelena za kupanje Block Stripes milky\/blue","og_description":"L\u00c4SSIG Pelena za kupanje, izra\u0111ena od recikliranog poliestera, nudi ugodnu i ekolo\u0161ki prihvatljivu alternativu jednokratnim pelenama. Njegova upijaju\u0107a podstava odr\u017eava dje\u010dju ko\u017eu suhom i sprje\u010dava ve\u0107e nezgode u vodi.","og_url":"https:\/\/najnaj.eu\/sl\/izdelek\/lassig-pelena-za-kupanje-block-stripes-milky-blue\/","og_site_name":"NajNaj.eu","article_publisher":"https:\/\/web.facebook.com\/najnaj.eu\/","article_modified_time":"2026-02-04T10:10:06+00:00","og_image":[{"width":480,"height":480,"url":"https:\/\/najnaj.eu\/wp-content\/uploads\/2023\/08\/SPL_F22_1431002159_P_1-Small.jpg","type":"image\/jpeg"}],"twitter_card":"summary_large_image","twitter_misc":{"Availability":"In stock"},"schema":{"@context":"https:\/\/schema.org","@graph":[{"@type":"WebPage","@id":"https:\/\/najnaj.eu\/sl\/izdelek\/lassig-pelena-za-kupanje-block-stripes-milky-blue\/","url":"https:\/\/najnaj.eu\/sl\/izdelek\/lassig-pelena-za-kupanje-block-stripes-milky-blue\/","name":"L\u00e4ssig Pelena za kupanje Block Stripes milky\/blue - NajNaj.eu","isPartOf":{"@id":"https:\/\/najnaj.eu\/sl\/#website"},"primaryImageOfPage":{"@id":"https:\/\/najnaj.eu\/sl\/izdelek\/lassig-pelena-za-kupanje-block-stripes-milky-blue\/#primaryimage"},"image":{"@id":"https:\/\/najnaj.eu\/sl\/izdelek\/lassig-pelena-za-kupanje-block-stripes-milky-blue\/#primaryimage"},"thumbnailUrl":"https:\/\/najnaj.eu\/wp-content\/uploads\/2023\/08\/SPL_F22_1431002159_P_1-Small.jpg","datePublished":"2023-05-03T09:28:49+00:00","dateModified":"2026-02-04T10:10:06+00:00","breadcrumb":{"@id":"https:\/\/najnaj.eu\/sl\/izdelek\/lassig-pelena-za-kupanje-block-stripes-milky-blue\/#breadcrumb"},"inLanguage":"sl-SI","potentialAction":[{"@type":"ReadAction","target":["https:\/\/najnaj.eu\/sl\/izdelek\/lassig-pelena-za-kupanje-block-stripes-milky-blue\/"]}]},{"@type":"ImageObject","inLanguage":"sl-SI","@id":"https:\/\/najnaj.eu\/sl\/izdelek\/lassig-pelena-za-kupanje-block-stripes-milky-blue\/#primaryimage","url":"https:\/\/najnaj.eu\/wp-content\/uploads\/2023\/08\/SPL_F22_1431002159_P_1-Small.jpg","contentUrl":"https:\/\/najnaj.eu\/wp-content\/uploads\/2023\/08\/SPL_F22_1431002159_P_1-Small.jpg","width":480,"height":480},{"@type":"BreadcrumbList","@id":"https:\/\/najnaj.eu\/sl\/izdelek\/lassig-pelena-za-kupanje-block-stripes-milky-blue\/#breadcrumb","itemListElement":[{"@type":"ListItem","position":1,"name":"Po\u010detna stranica","item":"https:\/\/najnaj.eu\/sl\/prednja-stran\/"},{"@type":"ListItem","position":2,"name":"Shop","item":"https:\/\/najnaj.eu\/sl\/shop\/"},{"@type":"ListItem","position":3,"name":"L\u00e4ssig Pelena za kupanje Block Stripes milky\/blue"}]},{"@type":"WebSite","@id":"https:\/\/najnaj.eu\/sl\/#website","url":"https:\/\/najnaj.eu\/sl\/","name":"NajNaj.eu","description":"Za najva\u017enije!","publisher":{"@id":"https:\/\/najnaj.eu\/sl\/#organization"},"potentialAction":[{"@type":"SearchAction","target":{"@type":"EntryPoint","urlTemplate":"https:\/\/najnaj.eu\/sl\/?s={search_term_string}"},"query-input":{"@type":"PropertyValueSpecification","valueRequired":true,"valueName":"search_term_string"}}],"inLanguage":"sl-SI"},{"@type":"Organization","@id":"https:\/\/najnaj.eu\/sl\/#organization","name":"NajNaj.eu","url":"https:\/\/najnaj.eu\/sl\/","logo":{"@type":"ImageObject","inLanguage":"sl-SI","@id":"https:\/\/najnaj.eu\/sl\/#\/schema\/logo\/image\/","url":"https:\/\/najnaj.eu\/wp-content\/uploads\/2023\/09\/logo_Najnaj_2023.svg","contentUrl":"https:\/\/najnaj.eu\/wp-content\/uploads\/2023\/09\/logo_Najnaj_2023.svg","width":501,"height":278,"caption":"NajNaj.eu"},"image":{"@id":"https:\/\/najnaj.eu\/sl\/#\/schema\/logo\/image\/"},"sameAs":["https:\/\/web.facebook.com\/najnaj.eu\/","https:\/\/www.instagram.com\/najnaj.eu\/","https:\/\/www.tiktok.com\/@najnaj.eu"]}]},"product_brand":"L\u00e4ssig","og_availability":"instock","product_availability":"instock","product_retailer_item_id":"1431002159","product_condition":"new"},"_links":{"self":[{"href":"https:\/\/najnaj.eu\/sl\/wp-json\/wp\/v2\/product\/150722","targetHints":{"allow":["GET"]}}],"collection":[{"href":"https:\/\/najnaj.eu\/sl\/wp-json\/wp\/v2\/product"}],"about":[{"href":"https:\/\/najnaj.eu\/sl\/wp-json\/wp\/v2\/types\/product"}],"replies":[{"embeddable":true,"href":"https:\/\/najnaj.eu\/sl\/wp-json\/wp\/v2\/comments?post=150722"}],"version-history":[{"count":0,"href":"https:\/\/najnaj.eu\/sl\/wp-json\/wp\/v2\/product\/150722\/revisions"}],"wp:featuredmedia":[{"embeddable":true,"href":"https:\/\/najnaj.eu\/sl\/wp-json\/wp\/v2\/media\/138174"}],"wp:attachment":[{"href":"https:\/\/najnaj.eu\/sl\/wp-json\/wp\/v2\/media?parent=150722"}],"wp:term":[{"taxonomy":"product_brand","embeddable":true,"href":"https:\/\/najnaj.eu\/sl\/wp-json\/wp\/v2\/product_brand?post=150722"},{"taxonomy":"product_cat","embeddable":true,"href":"https:\/\/najnaj.eu\/sl\/wp-json\/wp\/v2\/product_cat?post=150722"},{"taxonomy":"product_tag","embeddable":true,"href":"https:\/\/najnaj.eu\/sl\/wp-json\/wp\/v2\/product_tag?post=150722"}],"curies":[{"name":"wp","href":"https:\/\/api.w.org\/{rel}","templated":true}]}}