{"id":308517,"date":"2026-02-16T12:19:26","date_gmt":"2026-02-16T11:19:26","guid":{"rendered":"https:\/\/najnaj.eu\/carriwell-20\/"},"modified":"2026-05-06T10:23:27","modified_gmt":"2026-05-06T08:23:27","slug":"carriwell-20","status":"publish","type":"page","link":"https:\/\/najnaj.eu\/sl\/carriwell-20\/","title":{"rendered":"Carriwell -20%"},"content":{"rendered":"\n<h1 class=\"wp-block-heading has-text-align-center\"><mark style=\"background-color:rgba(0, 0, 0, 0);color:#7e5f7d\" class=\"has-inline-color\">Izdelki Carriwell s po\u0161kodovano embala\u017eo -20%<\/mark><\/h1>\n\n<p class=\"has-text-align-center\">Zaradi po\u0161kodbe embala\u017ee smo zni\u017eali cene ve\u010d izdelkov Carriwell. Izdelki so popolnoma novi in \u200b\u200bnerabljeni! <\/p>\n\n<p class=\"has-text-align-center\">Akcija traja do razprodaje zalog.<\/p>\n\n<div style=\"height:1.1rem\" aria-hidden=\"true\" class=\"wp-block-spacer\"><\/div>\n<div class=\"nn-awdr-rule-grid\"><div class=\"storefront-sorting\"><div class=\"woocommerce-notices-wrapper\"><\/div><form class=\"woocommerce-ordering\" method=\"get\">\n\t\t<select\n\t\tname=\"orderby\"\n\t\tclass=\"orderby\"\n\t\t\t\t\taria-label=\"Vrstni red trgovine\"\n\t\t\t>\n\t\t\t\t\t<option value=\"menu_order\"  selected='selected'>Privzeto razvr\u0161\u010danje<\/option>\n\t\t\t\t\t<option value=\"date\" >Razvrsti po najnovej\u0161em<\/option>\n\t\t\t\t\t<option value=\"price\" >Razvrsti po ceni: cenej\u0161i najprej<\/option>\n\t\t\t\t\t<option value=\"price-desc\" >Razvrsti po ceni: dra\u017eji najprej<\/option>\n\t\t\t<\/select>\n\t<input type=\"hidden\" name=\"paged\" value=\"1\" \/>\n\t<\/form>\n<p class=\"woocommerce-result-count\" role=\"alert\" aria-relevant=\"all\" >\n\tPrikaz rezultata<\/p>\n<nav class=\"woocommerce-pagination\"><\/nav><\/div><ul class=\"products columns-4\">\n<li class=\"product type-product post-302094 status-publish first instock product_cat-dojenje-sl product_cat-nedrcki-za-dojenje product_cat-nosecniski-nedrcki product_cat-za-mamo product_tag-novopecena-mama product_tag-popust-odprite-embalazo has-post-thumbnail sale purchasable product-type-simple\">\n\t<a href=\"https:\/\/najnaj.eu\/sl\/izdelek\/carriwell-modrcek-za-nosecnice-in-dojenje-podlozen-bel-kopiraj\/\" class=\"woocommerce-LoopProduct-link woocommerce-loop-product__link\"><div class=\"product-thumbnail\"><picture><source srcset=\"https:\/\/najnaj.eu\/wp-content\/uploads\/2020\/04\/3300_Seamless-Padded-Maternity-Nursing-Bra_White_Web_v00-768x960.jpg\" media=\"(min-width: 720px)\"><source srcset=\"https:\/\/najnaj.eu\/wp-content\/uploads\/2020\/04\/3300_Seamless-Padded-Maternity-Nursing-Bra_White_Web_v00-420x525.jpg\"><img class=\"lazy\" loading=\"lazy\"  srcset=\"https:\/\/najnaj.eu\/wp-content\/uploads\/2020\/04\/3300_Seamless-Padded-Maternity-Nursing-Bra_White_Web_v00.jpg\" alt=\"Zni\u017eana: Carriwell modr\u010dek za nose\u010dnice in dojenje podlo\u017een bel - po\u0161kodovana embala\u017ea\" width=\"320\" height=\"320\" ><\/picture><picture><source srcset=\"https:\/\/najnaj.eu\/wp-content\/uploads\/2020\/04\/Nursing-Photos_Cecilie_Web_v16-768x960.jpg\" media=\"(min-width: 720px)\"><source srcset=\"https:\/\/najnaj.eu\/wp-content\/uploads\/2020\/04\/Nursing-Photos_Cecilie_Web_v16-420x525.jpg\"><img class=\"lazy hover-product-img\" loading=\"lazy\"  srcset=\"https:\/\/najnaj.eu\/wp-content\/uploads\/2020\/04\/Nursing-Photos_Cecilie_Web_v16-768x960.jpg\" alt=\"Zni\u017eana: Carriwell modr\u010dek za nose\u010dnice in dojenje podlo\u017een bel - po\u0161kodovana embala\u017ea\" width=\"320\" height=\"320\" ><\/picture><\/div><h2 class=\"woocommerce-loop-product__title\">Zni\u017eana: Carriwell modr\u010dek za nose\u010dnice in dojenje podlo\u017een bel &#8211; po\u0161kodovana embala\u017ea<\/h2>\n\t<span class=\"onsale\">Akcija!<\/span>\n\t\n\t<span class=\"price\"><del><span class=\"wcpbc-price wcpbc-price-302094\" data-product-id=\"302094\"> <span class=\"screen-reader-text\">Izvirna cena je bila: 39,99&nbsp;&euro;.<\/span><ins aria-hidden=\"true\"><span class=\"woocommerce-Price-amount amount\"><bdi>39,99&nbsp;<span class=\"woocommerce-Price-currencySymbol\">&euro;<\/span><\/bdi><\/span><\/ins><span class=\"screen-reader-text\">Trenutna cena je: 39,99&nbsp;&euro;.<\/span><\/span><\/del>&nbsp;<ins><span class=\"woocommerce-Price-amount amount\"><bdi>31,99&nbsp;<span class=\"woocommerce-Price-currencySymbol\">&euro;<\/span><\/bdi><\/span><\/ins><\/span>\n<\/a><a href=\"\/sl\/wp-json\/wp\/v2\/pages\/308517?add-to-cart=302094\" aria-describedby=\"woocommerce_loop_add_to_cart_link_describedby_302094\" data-quantity=\"1\" class=\"button product_type_simple add_to_cart_button ajax_add_to_cart\" data-product_id=\"302094\" data-product_sku=\"CW3301-ostecena\" aria-label=\"Dodaj v ko\u0161arico: &ldquo;Zni\u017eana: Carriwell modr\u010dek za nose\u010dnice in dojenje podlo\u017een bel - po\u0161kodovana embala\u017ea&rdquo;\" rel=\"nofollow\" data-success_message=\"&ldquo;Zni\u017eana: Carriwell modr\u010dek za nose\u010dnice in dojenje podlo\u017een bel - po\u0161kodovana embala\u017ea&rdquo; je bil dodan v va\u0161o ko\u0161arico\" role=\"button\">Dodaj v ko\u0161arico<\/a>\t<span id=\"woocommerce_loop_add_to_cart_link_describedby_302094\" class=\"screen-reader-text\">\n\t\t\t<\/span>\n<span class=\"gtm4wp_productdata\" style=\"display:none; visibility:hidden;\" data-gtm4wp_product_data=\"{&quot;internal_id&quot;:302094,&quot;item_id&quot;:302094,&quot;item_name&quot;:&quot;Zni\\u017eana: Carriwell modr\\u010dek za nose\\u010dnice in dojenje podlo\\u017een bel - po\\u0161kodovana embala\\u017ea&quot;,&quot;sku&quot;:&quot;CW3301-ostecena&quot;,&quot;price&quot;:39.99,&quot;stocklevel&quot;:1,&quot;stockstatus&quot;:&quot;instock&quot;,&quot;google_business_vertical&quot;:&quot;custom&quot;,&quot;item_category&quot;:&quot;Nose\\u010dni\\u0161ki nedr\\u010dki&quot;,&quot;id&quot;:302094,&quot;item_brand&quot;:&quot;Carriwell&quot;,&quot;productlink&quot;:&quot;https:\\\/\\\/najnaj.eu\\\/sl\\\/izdelek\\\/carriwell-modrcek-za-nosecnice-in-dojenje-podlozen-bel-kopiraj\\\/&quot;,&quot;item_list_name&quot;:&quot;General Product List&quot;,&quot;index&quot;:1,&quot;product_type&quot;:&quot;simple&quot;}\"><\/span><div class=\"lowest_price list\" data-product-id=\"302094\">Najni\u017ea cijena u zadnjih 30 dana: <span class=\"woocommerce-Price-amount amount\"><bdi>39,99&nbsp;<span class=\"woocommerce-Price-currencySymbol\">&euro;<\/span><\/bdi><\/span><\/div><\/li>\n<\/ul>\n<div class=\"storefront-sorting\"><form class=\"woocommerce-ordering\" method=\"get\">\n\t\t<select\n\t\tname=\"orderby\"\n\t\tclass=\"orderby\"\n\t\t\t\t\taria-label=\"Vrstni red trgovine\"\n\t\t\t>\n\t\t\t\t\t<option value=\"menu_order\"  selected='selected'>Privzeto razvr\u0161\u010danje<\/option>\n\t\t\t\t\t<option value=\"date\" >Razvrsti po najnovej\u0161em<\/option>\n\t\t\t\t\t<option value=\"price\" >Razvrsti po ceni: cenej\u0161i najprej<\/option>\n\t\t\t\t\t<option value=\"price-desc\" >Razvrsti po ceni: dra\u017eji najprej<\/option>\n\t\t\t<\/select>\n\t<input type=\"hidden\" name=\"paged\" value=\"1\" \/>\n\t<\/form>\n<p class=\"woocommerce-result-count\" role=\"alert\" aria-relevant=\"all\" >\n\tPrikaz rezultata<\/p>\n<nav class=\"woocommerce-pagination\"><\/nav><\/div><\/div>","protected":false},"excerpt":{"rendered":"<p>Izdelki Carriwell s po\u0161kodovano embala\u017eo -20% Zaradi po\u0161kodbe embala\u017ee smo zni\u017eali cene ve\u010d izdelkov Carriwell. Izdelki so popolnoma novi in \u200b\u200bnerabljeni! Akcija traja do razprodaje zalog.<\/p>\n","protected":false},"author":1889,"featured_media":0,"parent":0,"menu_order":0,"comment_status":"closed","ping_status":"closed","template":"templates\/page-custom-fullwidth.php","meta":{"_acf_changed":false,"footnotes":""},"class_list":["post-308517","page","type-page","status-publish","hentry"],"acf":[],"yoast_head":"<!-- This site is optimized with the Yoast SEO Premium plugin v21.5 (Yoast SEO v27.5) - https:\/\/yoast.com\/product\/yoast-seo-premium-wordpress\/ -->\n<title>Carriwell -20% - RAZPRODAJA - NajNaj.eu<\/title>\n<meta name=\"description\" content=\"Zni\u017eane cene izdelkov Carriwell s po\u0161kodovano embala\u017eo. Izdelki so novi in \u200b\u200bnerabljeni!\" \/>\n<meta name=\"robots\" content=\"index, follow, max-snippet:-1, max-image-preview:large, max-video-preview:-1\" \/>\n<link rel=\"canonical\" href=\"https:\/\/najnaj.eu\/sl\/carriwell-20\/\" \/>\n<meta property=\"og:locale\" content=\"sl_SI\" \/>\n<meta property=\"og:type\" content=\"article\" \/>\n<meta property=\"og:title\" content=\"Carriwell -20%\" \/>\n<meta property=\"og:description\" content=\"Zni\u017eane cene izdelkov Carriwell s po\u0161kodovano embala\u017eo. Izdelki so novi in \u200b\u200bnerabljeni!\" \/>\n<meta property=\"og:url\" content=\"https:\/\/najnaj.eu\/sl\/carriwell-20\/\" \/>\n<meta property=\"og:site_name\" content=\"NajNaj.eu\" \/>\n<meta property=\"article:publisher\" content=\"https:\/\/web.facebook.com\/najnaj.eu\/\" \/>\n<meta property=\"article:modified_time\" content=\"2026-05-06T08:23:27+00:00\" \/>\n<meta name=\"twitter:card\" content=\"summary_large_image\" \/>\n<script type=\"application\/ld+json\" class=\"yoast-schema-graph\">{\"@context\":\"https:\\\/\\\/schema.org\",\"@graph\":[{\"@type\":\"WebPage\",\"@id\":\"https:\\\/\\\/najnaj.eu\\\/sl\\\/carriwell-20\\\/\",\"url\":\"https:\\\/\\\/najnaj.eu\\\/sl\\\/carriwell-20\\\/\",\"name\":\"Carriwell -20% - RAZPRODAJA - NajNaj.eu\",\"isPartOf\":{\"@id\":\"https:\\\/\\\/najnaj.eu\\\/sl\\\/#website\"},\"datePublished\":\"2026-02-16T11:19:26+00:00\",\"dateModified\":\"2026-05-06T08:23:27+00:00\",\"description\":\"Zni\u017eane cene izdelkov Carriwell s po\u0161kodovano embala\u017eo. Izdelki so novi in \u200b\u200bnerabljeni!\",\"breadcrumb\":{\"@id\":\"https:\\\/\\\/najnaj.eu\\\/sl\\\/carriwell-20\\\/#breadcrumb\"},\"inLanguage\":\"sl-SI\",\"potentialAction\":[{\"@type\":\"ReadAction\",\"target\":[\"https:\\\/\\\/najnaj.eu\\\/sl\\\/carriwell-20\\\/\"]}]},{\"@type\":\"BreadcrumbList\",\"@id\":\"https:\\\/\\\/najnaj.eu\\\/sl\\\/carriwell-20\\\/#breadcrumb\",\"itemListElement\":[{\"@type\":\"ListItem\",\"position\":1,\"name\":\"Po\u010detna stranica\",\"item\":\"https:\\\/\\\/najnaj.eu\\\/sl\\\/prednja-stran\\\/\"},{\"@type\":\"ListItem\",\"position\":2,\"name\":\"Carriwell -20%\"}]},{\"@type\":\"WebSite\",\"@id\":\"https:\\\/\\\/najnaj.eu\\\/sl\\\/#website\",\"url\":\"https:\\\/\\\/najnaj.eu\\\/sl\\\/\",\"name\":\"NajNaj.eu\",\"description\":\"Za najva\u017enije!\",\"publisher\":{\"@id\":\"https:\\\/\\\/najnaj.eu\\\/sl\\\/#organization\"},\"potentialAction\":[{\"@type\":\"SearchAction\",\"target\":{\"@type\":\"EntryPoint\",\"urlTemplate\":\"https:\\\/\\\/najnaj.eu\\\/sl\\\/?s={search_term_string}\"},\"query-input\":{\"@type\":\"PropertyValueSpecification\",\"valueRequired\":true,\"valueName\":\"search_term_string\"}}],\"inLanguage\":\"sl-SI\"},{\"@type\":\"Organization\",\"@id\":\"https:\\\/\\\/najnaj.eu\\\/sl\\\/#organization\",\"name\":\"NajNaj.eu\",\"url\":\"https:\\\/\\\/najnaj.eu\\\/sl\\\/\",\"logo\":{\"@type\":\"ImageObject\",\"inLanguage\":\"sl-SI\",\"@id\":\"https:\\\/\\\/najnaj.eu\\\/sl\\\/#\\\/schema\\\/logo\\\/image\\\/\",\"url\":\"https:\\\/\\\/najnaj.eu\\\/wp-content\\\/uploads\\\/2023\\\/09\\\/logo_Najnaj_2023.svg\",\"contentUrl\":\"https:\\\/\\\/najnaj.eu\\\/wp-content\\\/uploads\\\/2023\\\/09\\\/logo_Najnaj_2023.svg\",\"width\":501,\"height\":278,\"caption\":\"NajNaj.eu\"},\"image\":{\"@id\":\"https:\\\/\\\/najnaj.eu\\\/sl\\\/#\\\/schema\\\/logo\\\/image\\\/\"},\"sameAs\":[\"https:\\\/\\\/web.facebook.com\\\/najnaj.eu\\\/\",\"https:\\\/\\\/www.instagram.com\\\/najnaj.eu\\\/\",\"https:\\\/\\\/www.tiktok.com\\\/@najnaj.eu\"]}]}<\/script>\n<!-- \/ Yoast SEO Premium plugin. -->","yoast_head_json":{"title":"Carriwell -20% - RAZPRODAJA - NajNaj.eu","description":"Zni\u017eane cene izdelkov Carriwell s po\u0161kodovano embala\u017eo. Izdelki so novi in \u200b\u200bnerabljeni!","robots":{"index":"index","follow":"follow","max-snippet":"max-snippet:-1","max-image-preview":"max-image-preview:large","max-video-preview":"max-video-preview:-1"},"canonical":"https:\/\/najnaj.eu\/sl\/carriwell-20\/","og_locale":"sl_SI","og_type":"article","og_title":"Carriwell -20%","og_description":"Zni\u017eane cene izdelkov Carriwell s po\u0161kodovano embala\u017eo. Izdelki so novi in \u200b\u200bnerabljeni!","og_url":"https:\/\/najnaj.eu\/sl\/carriwell-20\/","og_site_name":"NajNaj.eu","article_publisher":"https:\/\/web.facebook.com\/najnaj.eu\/","article_modified_time":"2026-05-06T08:23:27+00:00","twitter_card":"summary_large_image","schema":{"@context":"https:\/\/schema.org","@graph":[{"@type":"WebPage","@id":"https:\/\/najnaj.eu\/sl\/carriwell-20\/","url":"https:\/\/najnaj.eu\/sl\/carriwell-20\/","name":"Carriwell -20% - RAZPRODAJA - NajNaj.eu","isPartOf":{"@id":"https:\/\/najnaj.eu\/sl\/#website"},"datePublished":"2026-02-16T11:19:26+00:00","dateModified":"2026-05-06T08:23:27+00:00","description":"Zni\u017eane cene izdelkov Carriwell s po\u0161kodovano embala\u017eo. Izdelki so novi in \u200b\u200bnerabljeni!","breadcrumb":{"@id":"https:\/\/najnaj.eu\/sl\/carriwell-20\/#breadcrumb"},"inLanguage":"sl-SI","potentialAction":[{"@type":"ReadAction","target":["https:\/\/najnaj.eu\/sl\/carriwell-20\/"]}]},{"@type":"BreadcrumbList","@id":"https:\/\/najnaj.eu\/sl\/carriwell-20\/#breadcrumb","itemListElement":[{"@type":"ListItem","position":1,"name":"Po\u010detna stranica","item":"https:\/\/najnaj.eu\/sl\/prednja-stran\/"},{"@type":"ListItem","position":2,"name":"Carriwell -20%"}]},{"@type":"WebSite","@id":"https:\/\/najnaj.eu\/sl\/#website","url":"https:\/\/najnaj.eu\/sl\/","name":"NajNaj.eu","description":"Za najva\u017enije!","publisher":{"@id":"https:\/\/najnaj.eu\/sl\/#organization"},"potentialAction":[{"@type":"SearchAction","target":{"@type":"EntryPoint","urlTemplate":"https:\/\/najnaj.eu\/sl\/?s={search_term_string}"},"query-input":{"@type":"PropertyValueSpecification","valueRequired":true,"valueName":"search_term_string"}}],"inLanguage":"sl-SI"},{"@type":"Organization","@id":"https:\/\/najnaj.eu\/sl\/#organization","name":"NajNaj.eu","url":"https:\/\/najnaj.eu\/sl\/","logo":{"@type":"ImageObject","inLanguage":"sl-SI","@id":"https:\/\/najnaj.eu\/sl\/#\/schema\/logo\/image\/","url":"https:\/\/najnaj.eu\/wp-content\/uploads\/2023\/09\/logo_Najnaj_2023.svg","contentUrl":"https:\/\/najnaj.eu\/wp-content\/uploads\/2023\/09\/logo_Najnaj_2023.svg","width":501,"height":278,"caption":"NajNaj.eu"},"image":{"@id":"https:\/\/najnaj.eu\/sl\/#\/schema\/logo\/image\/"},"sameAs":["https:\/\/web.facebook.com\/najnaj.eu\/","https:\/\/www.instagram.com\/najnaj.eu\/","https:\/\/www.tiktok.com\/@najnaj.eu"]}]}},"_links":{"self":[{"href":"https:\/\/najnaj.eu\/sl\/wp-json\/wp\/v2\/pages\/308517","targetHints":{"allow":["GET"]}}],"collection":[{"href":"https:\/\/najnaj.eu\/sl\/wp-json\/wp\/v2\/pages"}],"about":[{"href":"https:\/\/najnaj.eu\/sl\/wp-json\/wp\/v2\/types\/page"}],"author":[{"embeddable":true,"href":"https:\/\/najnaj.eu\/sl\/wp-json\/wp\/v2\/users\/1889"}],"replies":[{"embeddable":true,"href":"https:\/\/najnaj.eu\/sl\/wp-json\/wp\/v2\/comments?post=308517"}],"version-history":[{"count":0,"href":"https:\/\/najnaj.eu\/sl\/wp-json\/wp\/v2\/pages\/308517\/revisions"}],"wp:attachment":[{"href":"https:\/\/najnaj.eu\/sl\/wp-json\/wp\/v2\/media?parent=308517"}],"curies":[{"name":"wp","href":"https:\/\/api.w.org\/{rel}","templated":true}]}}