{"id":308467,"date":"2026-04-29T12:42:37","date_gmt":"2026-04-29T10:42:37","guid":{"rendered":"https:\/\/najnaj.eu\/besafe-go-beyond-20\/"},"modified":"2026-05-06T10:22:54","modified_gmt":"2026-05-06T08:22:54","slug":"besafe-go-beyond-20","status":"publish","type":"page","link":"https:\/\/najnaj.eu\/sl\/besafe-go-beyond-20\/","title":{"rendered":"BeSafe Go Beyond -20%"},"content":{"rendered":"\n<h1 class=\"wp-block-heading has-text-align-center\"><mark style=\"background-color:rgba(0, 0, 0, 0);color:#7e5f7d\" class=\"has-inline-color\">BeSafe Go Beyond -20%<\/mark><\/h1>\n\n<p class=\"has-text-align-center\">Zadnja zaloga otro\u0161kih avtosede\u017eev Go Beyond je na voljo v dveh barvah\/materialih &#8211; Peak Mesh in Sea Green M\u00e9lange.  <\/p>\n\n<ul class=\"wp-block-list\">\n<li>varen le\u017ee\u010di polo\u017eaj med vo\u017enjo v avtomobilu<\/li>\n\n\n\n<li>le\u017ee\u010de in na invalidskem vozi\u010dku<\/li>\n\n\n\n<li>prakti\u010dno vrtenje za 180\u00b0 \u2013 proti vratom<\/li>\n\n\n\n<li>vi\u0161ina otroka: 41 \u2013 87 cm<\/li>\n\n\n\n<li>namestitev z uporabo <a href=\"https:\/\/najnaj.eu\/izdelek\/besafe-beyond-isofix-baza\/\">ISOfix podstavka<\/a> (obvezno za vrtenje in uporabo le\u017ee\u010dega polo\u017eaja) ali avtomobilskega varnostnega pasu<\/li>\n<\/ul>\n\n<p class=\"has-text-align-center\">Akcija traja do razprodaje zalog.<\/p>\n\n<div style=\"height:1.1rem\" aria-hidden=\"true\" class=\"wp-block-spacer\"><\/div>\n<div class=\"nn-awdr-rule-grid\"><div class=\"storefront-sorting\"><div class=\"woocommerce-notices-wrapper\"><\/div><form class=\"woocommerce-ordering\" method=\"get\">\n\t\t<select\n\t\tname=\"orderby\"\n\t\tclass=\"orderby\"\n\t\t\t\t\taria-label=\"Vrstni red trgovine\"\n\t\t\t>\n\t\t\t\t\t<option value=\"menu_order\"  selected='selected'>Privzeto razvr\u0161\u010danje<\/option>\n\t\t\t\t\t<option value=\"date\" >Razvrsti po najnovej\u0161em<\/option>\n\t\t\t\t\t<option value=\"price\" >Razvrsti po ceni: cenej\u0161i najprej<\/option>\n\t\t\t\t\t<option value=\"price-desc\" >Razvrsti po ceni: dra\u017eji najprej<\/option>\n\t\t\t<\/select>\n\t<input type=\"hidden\" name=\"paged\" value=\"1\" \/>\n\t<\/form>\n<p class=\"woocommerce-result-count\" role=\"alert\" aria-relevant=\"all\" >\n\tPrikaz vseh 2 rezultatov<\/p>\n<nav class=\"woocommerce-pagination\"><\/nav><\/div><ul class=\"products columns-2\">\n<li class=\"product type-product post-204895 status-publish first instock product_cat-autosjedalice product_cat-novorodence product_cat-proizvodi has-post-thumbnail sale shipping-taxable purchasable product-type-simple\">\n\t<a href=\"https:\/\/najnaj.eu\/sl\/izdelek\/besafe-go-beyond-peak-mesh\/\" class=\"woocommerce-LoopProduct-link woocommerce-loop-product__link\"><div class=\"product-thumbnail\"><picture><source srcset=\"https:\/\/najnaj.eu\/wp-content\/uploads\/2025\/01\/11036236_BeSafe_Go-Beyond_Peak-Mesh_Bundle_Side_Rotated_ADAC-1-768x768.jpg\" media=\"(min-width: 720px)\"><source srcset=\"https:\/\/najnaj.eu\/wp-content\/uploads\/2025\/01\/11036236_BeSafe_Go-Beyond_Peak-Mesh_Bundle_Side_Rotated_ADAC-1-420x420.jpg\"><img class=\"lazy\" loading=\"lazy\"  srcset=\"https:\/\/najnaj.eu\/wp-content\/uploads\/2025\/01\/11036236_BeSafe_Go-Beyond_Peak-Mesh_Bundle_Side_Rotated_ADAC-1.jpg\" alt=\"BeSafe Go Beyond, Peak Mesh\" width=\"320\" height=\"320\" ><\/picture><picture><source srcset=\"https:\/\/najnaj.eu\/wp-content\/uploads\/2025\/01\/11036236_BeSafe_Go-Beyond_Peak_Mesh_Right_Extended_Shadow-768x768.jpg\" media=\"(min-width: 720px)\"><source srcset=\"https:\/\/najnaj.eu\/wp-content\/uploads\/2025\/01\/11036236_BeSafe_Go-Beyond_Peak_Mesh_Right_Extended_Shadow-420x420.jpg\"><img class=\"lazy hover-product-img\" loading=\"lazy\"  srcset=\"https:\/\/najnaj.eu\/wp-content\/uploads\/2025\/01\/11036236_BeSafe_Go-Beyond_Peak_Mesh_Right_Extended_Shadow-768x768.jpg\" alt=\"BeSafe Go Beyond, Peak Mesh\" width=\"320\" height=\"320\" ><\/picture><\/div><h2 class=\"woocommerce-loop-product__title\">BeSafe Go Beyond, Peak Mesh<\/h2>\n\t<span class=\"onsale\">Akcija!<\/span>\n\t\n\t<span class=\"price\"><del><span class=\"wcpbc-price wcpbc-price-204895\" data-product-id=\"204895\"> <span class=\"screen-reader-text\">Izvirna cena je bila: 439,00&nbsp;&euro;.<\/span><ins aria-hidden=\"true\"><span class=\"woocommerce-Price-amount amount\"><bdi>439,00&nbsp;<span class=\"woocommerce-Price-currencySymbol\">&euro;<\/span><\/bdi><\/span><\/ins><span class=\"screen-reader-text\">Trenutna cena je: 439,00&nbsp;&euro;.<\/span><\/span><\/del>&nbsp;<ins><span class=\"woocommerce-Price-amount amount\"><bdi>351,20&nbsp;<span class=\"woocommerce-Price-currencySymbol\">&euro;<\/span><\/bdi><\/span><\/ins><\/span>\n<\/a><a href=\"\/sl\/wp-json\/wp\/v2\/pages\/308467?add-to-cart=204895\" aria-describedby=\"woocommerce_loop_add_to_cart_link_describedby_204895\" data-quantity=\"1\" class=\"button product_type_simple add_to_cart_button ajax_add_to_cart\" data-product_id=\"204895\" data-product_sku=\"11036236-PeakMesh\" aria-label=\"Dodaj v ko\u0161arico: &ldquo;BeSafe Go Beyond, Peak Mesh&rdquo;\" rel=\"nofollow\" data-success_message=\"&ldquo;BeSafe Go Beyond, Peak Mesh&rdquo; je bil dodan v va\u0161o ko\u0161arico\" role=\"button\">Dodaj v ko\u0161arico<\/a>\t<span id=\"woocommerce_loop_add_to_cart_link_describedby_204895\" class=\"screen-reader-text\">\n\t\t\t<\/span>\n<span class=\"gtm4wp_productdata\" style=\"display:none; visibility:hidden;\" data-gtm4wp_product_data=\"{&quot;internal_id&quot;:204895,&quot;item_id&quot;:204895,&quot;item_name&quot;:&quot;BeSafe Go Beyond, Peak Mesh&quot;,&quot;sku&quot;:&quot;11036236-PeakMesh&quot;,&quot;price&quot;:439,&quot;stocklevel&quot;:8,&quot;stockstatus&quot;:&quot;instock&quot;,&quot;google_business_vertical&quot;:&quot;custom&quot;,&quot;item_category&quot;:&quot;Autosjedalice&quot;,&quot;id&quot;:204895,&quot;item_brand&quot;:&quot;BeSafe&quot;,&quot;productlink&quot;:&quot;https:\\\/\\\/najnaj.eu\\\/sl\\\/izdelek\\\/besafe-go-beyond-peak-mesh\\\/&quot;,&quot;item_list_name&quot;:&quot;General Product List&quot;,&quot;index&quot;:1,&quot;product_type&quot;:&quot;simple&quot;}\"><\/span><div class=\"lowest_price list\" data-product-id=\"204895\">Najni\u017ea cijena u zadnjih 30 dana: <span class=\"woocommerce-Price-amount amount\"><bdi>439,00&nbsp;<span class=\"woocommerce-Price-currencySymbol\">&euro;<\/span><\/bdi><\/span><\/div><\/li>\n<li class=\"product type-product post-204874 status-publish last instock product_cat-autosjedalice product_cat-novorodence product_cat-proizvodi has-post-thumbnail sale shipping-taxable purchasable product-type-simple\">\n\t<a href=\"https:\/\/najnaj.eu\/sl\/izdelek\/besafe-go-beyond-sea-green-melange\/\" class=\"woocommerce-LoopProduct-link woocommerce-loop-product__link\"><div class=\"product-thumbnail\"><picture><source srcset=\"https:\/\/najnaj.eu\/wp-content\/uploads\/2025\/01\/11036236_BeSafe_Go-Beyond_Sea-Green-Melange_Bundle_Side_Rotated_ADAC-1-768x768.jpg\" media=\"(min-width: 720px)\"><source srcset=\"https:\/\/najnaj.eu\/wp-content\/uploads\/2025\/01\/11036236_BeSafe_Go-Beyond_Sea-Green-Melange_Bundle_Side_Rotated_ADAC-1-420x420.jpg\"><img class=\"lazy\" loading=\"lazy\"  srcset=\"https:\/\/najnaj.eu\/wp-content\/uploads\/2025\/01\/11036236_BeSafe_Go-Beyond_Sea-Green-Melange_Bundle_Side_Rotated_ADAC-1.jpg\" alt=\"BeSafe Go Beyond, Sea Green M\u00e9lange\" width=\"320\" height=\"320\" ><\/picture><picture><source srcset=\"https:\/\/najnaj.eu\/wp-content\/uploads\/2025\/01\/11036236_BeSafe_Go-Beyond_Sea-Green-Melange_Right-768x768.jpg\" media=\"(min-width: 720px)\"><source srcset=\"https:\/\/najnaj.eu\/wp-content\/uploads\/2025\/01\/11036236_BeSafe_Go-Beyond_Sea-Green-Melange_Right-420x420.jpg\"><img class=\"lazy hover-product-img\" loading=\"lazy\"  srcset=\"https:\/\/najnaj.eu\/wp-content\/uploads\/2025\/01\/11036236_BeSafe_Go-Beyond_Sea-Green-Melange_Right-768x768.jpg\" alt=\"BeSafe Go Beyond, Sea Green M\u00e9lange\" width=\"320\" height=\"320\" ><\/picture><\/div><h2 class=\"woocommerce-loop-product__title\">BeSafe Go Beyond, Sea Green M\u00e9lange<\/h2>\n\t<span class=\"onsale\">Akcija!<\/span>\n\t\n\t<span class=\"price\"><del><span class=\"wcpbc-price wcpbc-price-204874\" data-product-id=\"204874\"> <span class=\"screen-reader-text\">Izvirna cena je bila: 429,00&nbsp;&euro;.<\/span><ins aria-hidden=\"true\"><span class=\"woocommerce-Price-amount amount\"><bdi>429,00&nbsp;<span class=\"woocommerce-Price-currencySymbol\">&euro;<\/span><\/bdi><\/span><\/ins><span class=\"screen-reader-text\">Trenutna cena je: 429,00&nbsp;&euro;.<\/span><\/span><\/del>&nbsp;<ins><span class=\"woocommerce-Price-amount amount\"><bdi>343,20&nbsp;<span class=\"woocommerce-Price-currencySymbol\">&euro;<\/span><\/bdi><\/span><\/ins><\/span>\n<\/a><a href=\"\/sl\/wp-json\/wp\/v2\/pages\/308467?add-to-cart=204874\" aria-describedby=\"woocommerce_loop_add_to_cart_link_describedby_204874\" data-quantity=\"1\" class=\"button product_type_simple add_to_cart_button ajax_add_to_cart\" data-product_id=\"204874\" data-product_sku=\"11036236-SeaGreenM\" aria-label=\"Dodaj v ko\u0161arico: &ldquo;BeSafe Go Beyond, Sea Green M\u00e9lange&rdquo;\" rel=\"nofollow\" data-success_message=\"&ldquo;BeSafe Go Beyond, Sea Green M\u00e9lange&rdquo; je bil dodan v va\u0161o ko\u0161arico\" role=\"button\">Dodaj v ko\u0161arico<\/a>\t<span id=\"woocommerce_loop_add_to_cart_link_describedby_204874\" class=\"screen-reader-text\">\n\t\t\t<\/span>\n<span class=\"gtm4wp_productdata\" style=\"display:none; visibility:hidden;\" data-gtm4wp_product_data=\"{&quot;internal_id&quot;:204874,&quot;item_id&quot;:204874,&quot;item_name&quot;:&quot;BeSafe Go Beyond, Sea Green M\\u00e9lange&quot;,&quot;sku&quot;:&quot;11036236-SeaGreenM&quot;,&quot;price&quot;:429,&quot;stocklevel&quot;:2,&quot;stockstatus&quot;:&quot;instock&quot;,&quot;google_business_vertical&quot;:&quot;custom&quot;,&quot;item_category&quot;:&quot;Autosjedalice&quot;,&quot;id&quot;:204874,&quot;item_brand&quot;:&quot;BeSafe&quot;,&quot;productlink&quot;:&quot;https:\\\/\\\/najnaj.eu\\\/sl\\\/izdelek\\\/besafe-go-beyond-sea-green-melange\\\/&quot;,&quot;item_list_name&quot;:&quot;General Product List&quot;,&quot;index&quot;:2,&quot;product_type&quot;:&quot;simple&quot;}\"><\/span><div class=\"lowest_price list\" data-product-id=\"204874\">Najni\u017ea cijena u zadnjih 30 dana: <span class=\"woocommerce-Price-amount amount\"><bdi>429,00&nbsp;<span class=\"woocommerce-Price-currencySymbol\">&euro;<\/span><\/bdi><\/span><\/div><\/li>\n<\/ul>\n<div class=\"storefront-sorting\"><form class=\"woocommerce-ordering\" method=\"get\">\n\t\t<select\n\t\tname=\"orderby\"\n\t\tclass=\"orderby\"\n\t\t\t\t\taria-label=\"Vrstni red trgovine\"\n\t\t\t>\n\t\t\t\t\t<option value=\"menu_order\"  selected='selected'>Privzeto razvr\u0161\u010danje<\/option>\n\t\t\t\t\t<option value=\"date\" >Razvrsti po najnovej\u0161em<\/option>\n\t\t\t\t\t<option value=\"price\" >Razvrsti po ceni: cenej\u0161i najprej<\/option>\n\t\t\t\t\t<option value=\"price-desc\" >Razvrsti po ceni: dra\u017eji najprej<\/option>\n\t\t\t<\/select>\n\t<input type=\"hidden\" name=\"paged\" value=\"1\" \/>\n\t<\/form>\n<p class=\"woocommerce-result-count\" role=\"alert\" aria-relevant=\"all\" >\n\tPrikaz vseh 2 rezultatov<\/p>\n<nav class=\"woocommerce-pagination\"><\/nav><\/div><\/div>","protected":false},"excerpt":{"rendered":"<p>BeSafe Go Beyond -20% Zadnja zaloga otro\u0161kih avtosede\u017eev Go Beyond je na voljo v dveh barvah\/materialih &#8211; Peak Mesh in Sea Green M\u00e9lange. Akcija traja do razprodaje zalog.<\/p>\n","protected":false},"author":1889,"featured_media":0,"parent":0,"menu_order":0,"comment_status":"closed","ping_status":"closed","template":"templates\/page-custom-fullwidth.php","meta":{"_acf_changed":false,"footnotes":""},"class_list":["post-308467","page","type-page","status-publish","hentry"],"acf":[],"yoast_head":"<!-- This site is optimized with the Yoast SEO Premium plugin v21.5 (Yoast SEO v27.5) - https:\/\/yoast.com\/product\/yoast-seo-premium-wordpress\/ -->\n<title>%seznamime_spletnega_mesta%%<\/title>\n<meta name=\"description\" content=\"Zadnji kosi otro\u0161kega avtosede\u017ea BeSafe Go Beyond -20%. Varen le\u017ee\u010di polo\u017eaj, vrtenje za 180\u00b0, do 87 cm.\" \/>\n<meta name=\"robots\" content=\"index, follow, max-snippet:-1, max-image-preview:large, max-video-preview:-1\" \/>\n<link rel=\"canonical\" href=\"https:\/\/najnaj.eu\/sl\/besafe-go-beyond-20\/\" \/>\n<meta property=\"og:locale\" content=\"sl_SI\" \/>\n<meta property=\"og:type\" content=\"article\" \/>\n<meta property=\"og:title\" content=\"BeSafe Go Beyond -20%\" \/>\n<meta property=\"og:description\" content=\"Zadnji kosi otro\u0161kega avtosede\u017ea BeSafe Go Beyond -20%. Varen le\u017ee\u010di polo\u017eaj, vrtenje za 180\u00b0, do 87 cm.\" \/>\n<meta property=\"og:url\" content=\"https:\/\/najnaj.eu\/sl\/besafe-go-beyond-20\/\" \/>\n<meta property=\"og:site_name\" content=\"NajNaj.eu\" \/>\n<meta property=\"article:publisher\" content=\"https:\/\/web.facebook.com\/najnaj.eu\/\" \/>\n<meta property=\"article:modified_time\" content=\"2026-05-06T08:22:54+00:00\" \/>\n<meta name=\"twitter:card\" content=\"summary_large_image\" \/>\n<script type=\"application\/ld+json\" class=\"yoast-schema-graph\">{\"@context\":\"https:\\\/\\\/schema.org\",\"@graph\":[{\"@type\":\"WebPage\",\"@id\":\"https:\\\/\\\/najnaj.eu\\\/sl\\\/besafe-go-beyond-20\\\/\",\"url\":\"https:\\\/\\\/najnaj.eu\\\/sl\\\/besafe-go-beyond-20\\\/\",\"name\":\"%seznamime_spletnega_mesta%%\",\"isPartOf\":{\"@id\":\"https:\\\/\\\/najnaj.eu\\\/sl\\\/#website\"},\"datePublished\":\"2026-04-29T10:42:37+00:00\",\"dateModified\":\"2026-05-06T08:22:54+00:00\",\"description\":\"Zadnji kosi otro\u0161kega avtosede\u017ea BeSafe Go Beyond -20%. Varen le\u017ee\u010di polo\u017eaj, vrtenje za 180\u00b0, do 87 cm.\",\"breadcrumb\":{\"@id\":\"https:\\\/\\\/najnaj.eu\\\/sl\\\/besafe-go-beyond-20\\\/#breadcrumb\"},\"inLanguage\":\"sl-SI\",\"potentialAction\":[{\"@type\":\"ReadAction\",\"target\":[\"https:\\\/\\\/najnaj.eu\\\/sl\\\/besafe-go-beyond-20\\\/\"]}]},{\"@type\":\"BreadcrumbList\",\"@id\":\"https:\\\/\\\/najnaj.eu\\\/sl\\\/besafe-go-beyond-20\\\/#breadcrumb\",\"itemListElement\":[{\"@type\":\"ListItem\",\"position\":1,\"name\":\"Po\u010detna stranica\",\"item\":\"https:\\\/\\\/najnaj.eu\\\/sl\\\/prednja-stran\\\/\"},{\"@type\":\"ListItem\",\"position\":2,\"name\":\"BeSafe Go Beyond -20%\"}]},{\"@type\":\"WebSite\",\"@id\":\"https:\\\/\\\/najnaj.eu\\\/sl\\\/#website\",\"url\":\"https:\\\/\\\/najnaj.eu\\\/sl\\\/\",\"name\":\"NajNaj.eu\",\"description\":\"Za najva\u017enije!\",\"publisher\":{\"@id\":\"https:\\\/\\\/najnaj.eu\\\/sl\\\/#organization\"},\"potentialAction\":[{\"@type\":\"SearchAction\",\"target\":{\"@type\":\"EntryPoint\",\"urlTemplate\":\"https:\\\/\\\/najnaj.eu\\\/sl\\\/?s={search_term_string}\"},\"query-input\":{\"@type\":\"PropertyValueSpecification\",\"valueRequired\":true,\"valueName\":\"search_term_string\"}}],\"inLanguage\":\"sl-SI\"},{\"@type\":\"Organization\",\"@id\":\"https:\\\/\\\/najnaj.eu\\\/sl\\\/#organization\",\"name\":\"NajNaj.eu\",\"url\":\"https:\\\/\\\/najnaj.eu\\\/sl\\\/\",\"logo\":{\"@type\":\"ImageObject\",\"inLanguage\":\"sl-SI\",\"@id\":\"https:\\\/\\\/najnaj.eu\\\/sl\\\/#\\\/schema\\\/logo\\\/image\\\/\",\"url\":\"https:\\\/\\\/najnaj.eu\\\/wp-content\\\/uploads\\\/2023\\\/09\\\/logo_Najnaj_2023.svg\",\"contentUrl\":\"https:\\\/\\\/najnaj.eu\\\/wp-content\\\/uploads\\\/2023\\\/09\\\/logo_Najnaj_2023.svg\",\"width\":501,\"height\":278,\"caption\":\"NajNaj.eu\"},\"image\":{\"@id\":\"https:\\\/\\\/najnaj.eu\\\/sl\\\/#\\\/schema\\\/logo\\\/image\\\/\"},\"sameAs\":[\"https:\\\/\\\/web.facebook.com\\\/najnaj.eu\\\/\",\"https:\\\/\\\/www.instagram.com\\\/najnaj.eu\\\/\",\"https:\\\/\\\/www.tiktok.com\\\/@najnaj.eu\"]}]}<\/script>\n<!-- \/ Yoast SEO Premium plugin. -->","yoast_head_json":{"title":"%seznamime_spletnega_mesta%%","description":"Zadnji kosi otro\u0161kega avtosede\u017ea BeSafe Go Beyond -20%. Varen le\u017ee\u010di polo\u017eaj, vrtenje za 180\u00b0, do 87 cm.","robots":{"index":"index","follow":"follow","max-snippet":"max-snippet:-1","max-image-preview":"max-image-preview:large","max-video-preview":"max-video-preview:-1"},"canonical":"https:\/\/najnaj.eu\/sl\/besafe-go-beyond-20\/","og_locale":"sl_SI","og_type":"article","og_title":"BeSafe Go Beyond -20%","og_description":"Zadnji kosi otro\u0161kega avtosede\u017ea BeSafe Go Beyond -20%. Varen le\u017ee\u010di polo\u017eaj, vrtenje za 180\u00b0, do 87 cm.","og_url":"https:\/\/najnaj.eu\/sl\/besafe-go-beyond-20\/","og_site_name":"NajNaj.eu","article_publisher":"https:\/\/web.facebook.com\/najnaj.eu\/","article_modified_time":"2026-05-06T08:22:54+00:00","twitter_card":"summary_large_image","schema":{"@context":"https:\/\/schema.org","@graph":[{"@type":"WebPage","@id":"https:\/\/najnaj.eu\/sl\/besafe-go-beyond-20\/","url":"https:\/\/najnaj.eu\/sl\/besafe-go-beyond-20\/","name":"%seznamime_spletnega_mesta%%","isPartOf":{"@id":"https:\/\/najnaj.eu\/sl\/#website"},"datePublished":"2026-04-29T10:42:37+00:00","dateModified":"2026-05-06T08:22:54+00:00","description":"Zadnji kosi otro\u0161kega avtosede\u017ea BeSafe Go Beyond -20%. Varen le\u017ee\u010di polo\u017eaj, vrtenje za 180\u00b0, do 87 cm.","breadcrumb":{"@id":"https:\/\/najnaj.eu\/sl\/besafe-go-beyond-20\/#breadcrumb"},"inLanguage":"sl-SI","potentialAction":[{"@type":"ReadAction","target":["https:\/\/najnaj.eu\/sl\/besafe-go-beyond-20\/"]}]},{"@type":"BreadcrumbList","@id":"https:\/\/najnaj.eu\/sl\/besafe-go-beyond-20\/#breadcrumb","itemListElement":[{"@type":"ListItem","position":1,"name":"Po\u010detna stranica","item":"https:\/\/najnaj.eu\/sl\/prednja-stran\/"},{"@type":"ListItem","position":2,"name":"BeSafe Go Beyond -20%"}]},{"@type":"WebSite","@id":"https:\/\/najnaj.eu\/sl\/#website","url":"https:\/\/najnaj.eu\/sl\/","name":"NajNaj.eu","description":"Za najva\u017enije!","publisher":{"@id":"https:\/\/najnaj.eu\/sl\/#organization"},"potentialAction":[{"@type":"SearchAction","target":{"@type":"EntryPoint","urlTemplate":"https:\/\/najnaj.eu\/sl\/?s={search_term_string}"},"query-input":{"@type":"PropertyValueSpecification","valueRequired":true,"valueName":"search_term_string"}}],"inLanguage":"sl-SI"},{"@type":"Organization","@id":"https:\/\/najnaj.eu\/sl\/#organization","name":"NajNaj.eu","url":"https:\/\/najnaj.eu\/sl\/","logo":{"@type":"ImageObject","inLanguage":"sl-SI","@id":"https:\/\/najnaj.eu\/sl\/#\/schema\/logo\/image\/","url":"https:\/\/najnaj.eu\/wp-content\/uploads\/2023\/09\/logo_Najnaj_2023.svg","contentUrl":"https:\/\/najnaj.eu\/wp-content\/uploads\/2023\/09\/logo_Najnaj_2023.svg","width":501,"height":278,"caption":"NajNaj.eu"},"image":{"@id":"https:\/\/najnaj.eu\/sl\/#\/schema\/logo\/image\/"},"sameAs":["https:\/\/web.facebook.com\/najnaj.eu\/","https:\/\/www.instagram.com\/najnaj.eu\/","https:\/\/www.tiktok.com\/@najnaj.eu"]}]}},"_links":{"self":[{"href":"https:\/\/najnaj.eu\/sl\/wp-json\/wp\/v2\/pages\/308467","targetHints":{"allow":["GET"]}}],"collection":[{"href":"https:\/\/najnaj.eu\/sl\/wp-json\/wp\/v2\/pages"}],"about":[{"href":"https:\/\/najnaj.eu\/sl\/wp-json\/wp\/v2\/types\/page"}],"author":[{"embeddable":true,"href":"https:\/\/najnaj.eu\/sl\/wp-json\/wp\/v2\/users\/1889"}],"replies":[{"embeddable":true,"href":"https:\/\/najnaj.eu\/sl\/wp-json\/wp\/v2\/comments?post=308467"}],"version-history":[{"count":0,"href":"https:\/\/najnaj.eu\/sl\/wp-json\/wp\/v2\/pages\/308467\/revisions"}],"wp:attachment":[{"href":"https:\/\/najnaj.eu\/sl\/wp-json\/wp\/v2\/media?parent=308467"}],"curies":[{"name":"wp","href":"https:\/\/api.w.org\/{rel}","templated":true}]}}