{"id":308453,"date":"2026-03-09T15:43:17","date_gmt":"2026-03-09T14:43:17","guid":{"rendered":"https:\/\/najnaj.eu\/kaos-prodajalna-do-30\/"},"modified":"2026-05-06T10:22:44","modified_gmt":"2026-05-06T08:22:44","slug":"kaos-prodajalna-do-30","status":"publish","type":"page","link":"https:\/\/najnaj.eu\/sl\/kaos-prodajalna-do-30\/","title":{"rendered":"KAOS prodajalna do -30%"},"content":{"rendered":"\n<h1 class=\"wp-block-heading has-text-align-center\"><mark style=\"background-color:rgba(0, 0, 0, 0);color:#7e5f7d\" class=\"has-inline-color\">KAOS Klapp podajalnik in dodatki do -30% popusta<\/mark><\/h1>\n\n<p class=\"has-text-align-center\">Izdelke KAOS s tovarni\u0161kimi estetskimi nepravilnostmi, po\u0161kodovano embala\u017eo ali drugimi manj\u0161imi napakami smo zni\u017eali. Vsi izdelki so <strong>strukturno trdni in varni za uporabo<\/strong> ter bodo ustrezno za\u0161\u010diteni med transportom. Slike napak in podrobnej\u0161e informacije najdete na strani izdelka.  <\/p>\n\n<p class=\"has-text-align-center\">Akcija traja do razprodaje zalog.<\/p>\n\n<div style=\"height:1.1rem\" aria-hidden=\"true\" class=\"wp-block-spacer\"><\/div>\n<div class=\"nn-awdr-rule-grid\"><div class=\"storefront-sorting\"><div class=\"woocommerce-notices-wrapper\"><\/div><form class=\"woocommerce-ordering\" method=\"get\">\n\t\t<select\n\t\tname=\"orderby\"\n\t\tclass=\"orderby\"\n\t\t\t\t\taria-label=\"Vrstni red trgovine\"\n\t\t\t>\n\t\t\t\t\t<option value=\"menu_order\"  selected='selected'>Privzeto razvr\u0161\u010danje<\/option>\n\t\t\t\t\t<option value=\"date\" >Razvrsti po najnovej\u0161em<\/option>\n\t\t\t\t\t<option value=\"price\" >Razvrsti po ceni: cenej\u0161i najprej<\/option>\n\t\t\t\t\t<option value=\"price-desc\" >Razvrsti po ceni: dra\u017eji najprej<\/option>\n\t\t\t<\/select>\n\t<input type=\"hidden\" name=\"paged\" value=\"1\" \/>\n\t<\/form>\n<p class=\"woocommerce-result-count\" role=\"alert\" aria-relevant=\"all\" >\n\tPrikaz rezultata<\/p>\n<nav class=\"woocommerce-pagination\"><\/nav><\/div><ul class=\"products columns-4\">\n<li class=\"product type-product post-243224 status-publish first instock product_cat-dodaci-za-hranilice product_cat-hranilice product_cat-hranjenje product_cat-stolice-za-hranjenje product_tag-popust-otvorena-ambalaza has-post-thumbnail sale shipping-taxable purchasable product-type-simple\">\n\t<a href=\"https:\/\/najnaj.eu\/sl\/izdelek\/kaos-klapp-set-za-novorodence-ivory-ambalaza\/\" class=\"woocommerce-LoopProduct-link woocommerce-loop-product__link\"><div class=\"product-thumbnail\"><picture><source srcset=\"https:\/\/najnaj.eu\/wp-content\/uploads\/2025\/02\/KLA-BAB-SEA-IVO-4-768x768.jpg\" media=\"(min-width: 720px)\"><source srcset=\"https:\/\/najnaj.eu\/wp-content\/uploads\/2025\/02\/KLA-BAB-SEA-IVO-4-420x420.jpg\"><img class=\"lazy\" loading=\"lazy\"  srcset=\"https:\/\/najnaj.eu\/wp-content\/uploads\/2025\/02\/KLA-BAB-SEA-IVO-4.jpg\" alt=\"SNI\u017dENO: KAOS Klapp Set za novoro\u0111en\u010de Ivory - bez originalne ambala\u017ee\" width=\"320\" height=\"320\" ><\/picture><picture><source srcset=\"https:\/\/najnaj.eu\/wp-content\/uploads\/2025\/02\/KLA-BAB-SEA-IVO-5-768x768.jpg\" media=\"(min-width: 720px)\"><source srcset=\"https:\/\/najnaj.eu\/wp-content\/uploads\/2025\/02\/KLA-BAB-SEA-IVO-5-420x420.jpg\"><img class=\"lazy hover-product-img\" loading=\"lazy\"  srcset=\"https:\/\/najnaj.eu\/wp-content\/uploads\/2025\/02\/KLA-BAB-SEA-IVO-5-768x768.jpg\" alt=\"SNI\u017dENO: KAOS Klapp Set za novoro\u0111en\u010de Ivory - bez originalne ambala\u017ee\" width=\"320\" height=\"320\" ><\/picture><\/div><h2 class=\"woocommerce-loop-product__title\">SNI\u017dENO: KAOS Klapp Set za novoro\u0111en\u010de Ivory &#8211; bez originalne ambala\u017ee<\/h2>\n\t<span class=\"onsale\">Akcija!<\/span>\n\t\n\t<span class=\"price\"><del><span class=\"wcpbc-price wcpbc-price-243224\" data-product-id=\"243224\"> <span class=\"screen-reader-text\">Izvirna cena je bila: 129,00&nbsp;&euro;.<\/span><ins aria-hidden=\"true\"><span class=\"woocommerce-Price-amount amount\"><bdi>129,00&nbsp;<span class=\"woocommerce-Price-currencySymbol\">&euro;<\/span><\/bdi><\/span><\/ins><span class=\"screen-reader-text\">Trenutna cena je: 129,00&nbsp;&euro;.<\/span><\/span><\/del>&nbsp;<ins><span class=\"woocommerce-Price-amount amount\"><bdi>90,30&nbsp;<span class=\"woocommerce-Price-currencySymbol\">&euro;<\/span><\/bdi><\/span><\/ins><\/span>\n<\/a><a href=\"\/sl\/wp-json\/wp\/v2\/pages\/308453?add-to-cart=243224\" aria-describedby=\"woocommerce_loop_add_to_cart_link_describedby_243224\" data-quantity=\"1\" class=\"button product_type_simple add_to_cart_button ajax_add_to_cart\" data-product_id=\"243224\" data-product_sku=\"KLA-BAB-SEA-IVO-ambalaza\" aria-label=\"Dodaj v ko\u0161arico: &ldquo;SNI\u017dENO: KAOS Klapp Set za novoro\u0111en\u010de Ivory - bez originalne ambala\u017ee&rdquo;\" rel=\"nofollow\" data-success_message=\"&ldquo;SNI\u017dENO: KAOS Klapp Set za novoro\u0111en\u010de Ivory - bez originalne ambala\u017ee&rdquo; je bil dodan v va\u0161o ko\u0161arico\" role=\"button\">Dodaj v ko\u0161arico<\/a>\t<span id=\"woocommerce_loop_add_to_cart_link_describedby_243224\" class=\"screen-reader-text\">\n\t\t\t<\/span>\n<span class=\"gtm4wp_productdata\" style=\"display:none; visibility:hidden;\" data-gtm4wp_product_data=\"{&quot;internal_id&quot;:243224,&quot;item_id&quot;:243224,&quot;item_name&quot;:&quot;SNI\\u017dENO: KAOS Klapp Set za novoro\\u0111en\\u010de Ivory - bez originalne ambala\\u017ee&quot;,&quot;sku&quot;:&quot;KLA-BAB-SEA-IVO-ambalaza&quot;,&quot;price&quot;:129,&quot;stocklevel&quot;:1,&quot;stockstatus&quot;:&quot;instock&quot;,&quot;google_business_vertical&quot;:&quot;custom&quot;,&quot;item_category&quot;:&quot;Hranjenje&quot;,&quot;id&quot;:243224,&quot;item_brand&quot;:&quot;KAOS&quot;,&quot;productlink&quot;:&quot;https:\\\/\\\/najnaj.eu\\\/sl\\\/izdelek\\\/kaos-klapp-set-za-novorodence-ivory-ambalaza\\\/&quot;,&quot;item_list_name&quot;:&quot;General Product List&quot;,&quot;index&quot;:1,&quot;product_type&quot;:&quot;simple&quot;}\"><\/span><div class=\"lowest_price list\" data-product-id=\"243224\">Najni\u017ea cijena u zadnjih 30 dana: <span class=\"woocommerce-Price-amount amount\"><bdi>129,00&nbsp;<span class=\"woocommerce-Price-currencySymbol\">&euro;<\/span><\/bdi><\/span><\/div><\/li>\n<\/ul>\n<div class=\"storefront-sorting\"><form class=\"woocommerce-ordering\" method=\"get\">\n\t\t<select\n\t\tname=\"orderby\"\n\t\tclass=\"orderby\"\n\t\t\t\t\taria-label=\"Vrstni red trgovine\"\n\t\t\t>\n\t\t\t\t\t<option value=\"menu_order\"  selected='selected'>Privzeto razvr\u0161\u010danje<\/option>\n\t\t\t\t\t<option value=\"date\" >Razvrsti po najnovej\u0161em<\/option>\n\t\t\t\t\t<option value=\"price\" >Razvrsti po ceni: cenej\u0161i najprej<\/option>\n\t\t\t\t\t<option value=\"price-desc\" >Razvrsti po ceni: dra\u017eji najprej<\/option>\n\t\t\t<\/select>\n\t<input type=\"hidden\" name=\"paged\" value=\"1\" \/>\n\t<\/form>\n<p class=\"woocommerce-result-count\" role=\"alert\" aria-relevant=\"all\" >\n\tPrikaz rezultata<\/p>\n<nav class=\"woocommerce-pagination\"><\/nav><\/div><\/div>\n<p><\/p>\n","protected":false},"excerpt":{"rendered":"<p>KAOS Klapp podajalnik in dodatki do -30% popusta Izdelke KAOS s tovarni\u0161kimi estetskimi nepravilnostmi, po\u0161kodovano embala\u017eo ali drugimi manj\u0161imi napakami smo zni\u017eali. Vsi izdelki so strukturno trdni in varni za [&hellip;]<\/p>\n","protected":false},"author":1889,"featured_media":0,"parent":0,"menu_order":0,"comment_status":"closed","ping_status":"closed","template":"templates\/page-custom-fullwidth.php","meta":{"_acf_changed":false,"footnotes":""},"class_list":["post-308453","page","type-page","status-publish","hentry"],"acf":[],"yoast_head":"<!-- This site is optimized with the Yoast SEO Premium plugin v21.5 (Yoast SEO v27.5) - https:\/\/yoast.com\/product\/yoast-seo-premium-wordpress\/ -->\n<title>KAOS prodajalna do -30% RAZPRODAJA - NajNaj.eu<\/title>\n<meta name=\"description\" content=\"Najbolj\u0161e cene za podajalnike in dodatke KAOS z majhnimi napakami. Vsi izdelki so strukturno brezhibni in popolnoma varni za uporabo.\" \/>\n<meta name=\"robots\" content=\"index, follow, max-snippet:-1, max-image-preview:large, max-video-preview:-1\" \/>\n<link rel=\"canonical\" href=\"https:\/\/najnaj.eu\/sl\/kaos-prodajalna-do-30\/\" \/>\n<meta property=\"og:locale\" content=\"sl_SI\" \/>\n<meta property=\"og:type\" content=\"article\" \/>\n<meta property=\"og:title\" content=\"KAOS prodajalna do -30%\" \/>\n<meta property=\"og:description\" content=\"Najbolj\u0161e cene za podajalnike in dodatke KAOS z majhnimi napakami. Vsi izdelki so strukturno brezhibni in popolnoma varni za uporabo.\" \/>\n<meta property=\"og:url\" content=\"https:\/\/najnaj.eu\/sl\/kaos-prodajalna-do-30\/\" \/>\n<meta property=\"og:site_name\" content=\"NajNaj.eu\" \/>\n<meta property=\"article:publisher\" content=\"https:\/\/web.facebook.com\/najnaj.eu\/\" \/>\n<meta property=\"article:modified_time\" content=\"2026-05-06T08:22:44+00:00\" \/>\n<meta name=\"twitter:card\" content=\"summary_large_image\" \/>\n<script type=\"application\/ld+json\" class=\"yoast-schema-graph\">{\"@context\":\"https:\\\/\\\/schema.org\",\"@graph\":[{\"@type\":\"WebPage\",\"@id\":\"https:\\\/\\\/najnaj.eu\\\/sl\\\/kaos-prodajalna-do-30\\\/\",\"url\":\"https:\\\/\\\/najnaj.eu\\\/sl\\\/kaos-prodajalna-do-30\\\/\",\"name\":\"KAOS prodajalna do -30% RAZPRODAJA - NajNaj.eu\",\"isPartOf\":{\"@id\":\"https:\\\/\\\/najnaj.eu\\\/sl\\\/#website\"},\"datePublished\":\"2026-03-09T14:43:17+00:00\",\"dateModified\":\"2026-05-06T08:22:44+00:00\",\"description\":\"Najbolj\u0161e cene za podajalnike in dodatke KAOS z majhnimi napakami. Vsi izdelki so strukturno brezhibni in popolnoma varni za uporabo.\",\"breadcrumb\":{\"@id\":\"https:\\\/\\\/najnaj.eu\\\/sl\\\/kaos-prodajalna-do-30\\\/#breadcrumb\"},\"inLanguage\":\"sl-SI\",\"potentialAction\":[{\"@type\":\"ReadAction\",\"target\":[\"https:\\\/\\\/najnaj.eu\\\/sl\\\/kaos-prodajalna-do-30\\\/\"]}]},{\"@type\":\"BreadcrumbList\",\"@id\":\"https:\\\/\\\/najnaj.eu\\\/sl\\\/kaos-prodajalna-do-30\\\/#breadcrumb\",\"itemListElement\":[{\"@type\":\"ListItem\",\"position\":1,\"name\":\"Po\u010detna stranica\",\"item\":\"https:\\\/\\\/najnaj.eu\\\/sl\\\/prednja-stran\\\/\"},{\"@type\":\"ListItem\",\"position\":2,\"name\":\"KAOS prodajalna do -30%\"}]},{\"@type\":\"WebSite\",\"@id\":\"https:\\\/\\\/najnaj.eu\\\/sl\\\/#website\",\"url\":\"https:\\\/\\\/najnaj.eu\\\/sl\\\/\",\"name\":\"NajNaj.eu\",\"description\":\"Za najva\u017enije!\",\"publisher\":{\"@id\":\"https:\\\/\\\/najnaj.eu\\\/sl\\\/#organization\"},\"potentialAction\":[{\"@type\":\"SearchAction\",\"target\":{\"@type\":\"EntryPoint\",\"urlTemplate\":\"https:\\\/\\\/najnaj.eu\\\/sl\\\/?s={search_term_string}\"},\"query-input\":{\"@type\":\"PropertyValueSpecification\",\"valueRequired\":true,\"valueName\":\"search_term_string\"}}],\"inLanguage\":\"sl-SI\"},{\"@type\":\"Organization\",\"@id\":\"https:\\\/\\\/najnaj.eu\\\/sl\\\/#organization\",\"name\":\"NajNaj.eu\",\"url\":\"https:\\\/\\\/najnaj.eu\\\/sl\\\/\",\"logo\":{\"@type\":\"ImageObject\",\"inLanguage\":\"sl-SI\",\"@id\":\"https:\\\/\\\/najnaj.eu\\\/sl\\\/#\\\/schema\\\/logo\\\/image\\\/\",\"url\":\"https:\\\/\\\/najnaj.eu\\\/wp-content\\\/uploads\\\/2023\\\/09\\\/logo_Najnaj_2023.svg\",\"contentUrl\":\"https:\\\/\\\/najnaj.eu\\\/wp-content\\\/uploads\\\/2023\\\/09\\\/logo_Najnaj_2023.svg\",\"width\":501,\"height\":278,\"caption\":\"NajNaj.eu\"},\"image\":{\"@id\":\"https:\\\/\\\/najnaj.eu\\\/sl\\\/#\\\/schema\\\/logo\\\/image\\\/\"},\"sameAs\":[\"https:\\\/\\\/web.facebook.com\\\/najnaj.eu\\\/\",\"https:\\\/\\\/www.instagram.com\\\/najnaj.eu\\\/\",\"https:\\\/\\\/www.tiktok.com\\\/@najnaj.eu\"]}]}<\/script>\n<!-- \/ Yoast SEO Premium plugin. -->","yoast_head_json":{"title":"KAOS prodajalna do -30% RAZPRODAJA - NajNaj.eu","description":"Najbolj\u0161e cene za podajalnike in dodatke KAOS z majhnimi napakami. Vsi izdelki so strukturno brezhibni in popolnoma varni za uporabo.","robots":{"index":"index","follow":"follow","max-snippet":"max-snippet:-1","max-image-preview":"max-image-preview:large","max-video-preview":"max-video-preview:-1"},"canonical":"https:\/\/najnaj.eu\/sl\/kaos-prodajalna-do-30\/","og_locale":"sl_SI","og_type":"article","og_title":"KAOS prodajalna do -30%","og_description":"Najbolj\u0161e cene za podajalnike in dodatke KAOS z majhnimi napakami. Vsi izdelki so strukturno brezhibni in popolnoma varni za uporabo.","og_url":"https:\/\/najnaj.eu\/sl\/kaos-prodajalna-do-30\/","og_site_name":"NajNaj.eu","article_publisher":"https:\/\/web.facebook.com\/najnaj.eu\/","article_modified_time":"2026-05-06T08:22:44+00:00","twitter_card":"summary_large_image","schema":{"@context":"https:\/\/schema.org","@graph":[{"@type":"WebPage","@id":"https:\/\/najnaj.eu\/sl\/kaos-prodajalna-do-30\/","url":"https:\/\/najnaj.eu\/sl\/kaos-prodajalna-do-30\/","name":"KAOS prodajalna do -30% RAZPRODAJA - NajNaj.eu","isPartOf":{"@id":"https:\/\/najnaj.eu\/sl\/#website"},"datePublished":"2026-03-09T14:43:17+00:00","dateModified":"2026-05-06T08:22:44+00:00","description":"Najbolj\u0161e cene za podajalnike in dodatke KAOS z majhnimi napakami. Vsi izdelki so strukturno brezhibni in popolnoma varni za uporabo.","breadcrumb":{"@id":"https:\/\/najnaj.eu\/sl\/kaos-prodajalna-do-30\/#breadcrumb"},"inLanguage":"sl-SI","potentialAction":[{"@type":"ReadAction","target":["https:\/\/najnaj.eu\/sl\/kaos-prodajalna-do-30\/"]}]},{"@type":"BreadcrumbList","@id":"https:\/\/najnaj.eu\/sl\/kaos-prodajalna-do-30\/#breadcrumb","itemListElement":[{"@type":"ListItem","position":1,"name":"Po\u010detna stranica","item":"https:\/\/najnaj.eu\/sl\/prednja-stran\/"},{"@type":"ListItem","position":2,"name":"KAOS prodajalna do -30%"}]},{"@type":"WebSite","@id":"https:\/\/najnaj.eu\/sl\/#website","url":"https:\/\/najnaj.eu\/sl\/","name":"NajNaj.eu","description":"Za najva\u017enije!","publisher":{"@id":"https:\/\/najnaj.eu\/sl\/#organization"},"potentialAction":[{"@type":"SearchAction","target":{"@type":"EntryPoint","urlTemplate":"https:\/\/najnaj.eu\/sl\/?s={search_term_string}"},"query-input":{"@type":"PropertyValueSpecification","valueRequired":true,"valueName":"search_term_string"}}],"inLanguage":"sl-SI"},{"@type":"Organization","@id":"https:\/\/najnaj.eu\/sl\/#organization","name":"NajNaj.eu","url":"https:\/\/najnaj.eu\/sl\/","logo":{"@type":"ImageObject","inLanguage":"sl-SI","@id":"https:\/\/najnaj.eu\/sl\/#\/schema\/logo\/image\/","url":"https:\/\/najnaj.eu\/wp-content\/uploads\/2023\/09\/logo_Najnaj_2023.svg","contentUrl":"https:\/\/najnaj.eu\/wp-content\/uploads\/2023\/09\/logo_Najnaj_2023.svg","width":501,"height":278,"caption":"NajNaj.eu"},"image":{"@id":"https:\/\/najnaj.eu\/sl\/#\/schema\/logo\/image\/"},"sameAs":["https:\/\/web.facebook.com\/najnaj.eu\/","https:\/\/www.instagram.com\/najnaj.eu\/","https:\/\/www.tiktok.com\/@najnaj.eu"]}]}},"_links":{"self":[{"href":"https:\/\/najnaj.eu\/sl\/wp-json\/wp\/v2\/pages\/308453","targetHints":{"allow":["GET"]}}],"collection":[{"href":"https:\/\/najnaj.eu\/sl\/wp-json\/wp\/v2\/pages"}],"about":[{"href":"https:\/\/najnaj.eu\/sl\/wp-json\/wp\/v2\/types\/page"}],"author":[{"embeddable":true,"href":"https:\/\/najnaj.eu\/sl\/wp-json\/wp\/v2\/users\/1889"}],"replies":[{"embeddable":true,"href":"https:\/\/najnaj.eu\/sl\/wp-json\/wp\/v2\/comments?post=308453"}],"version-history":[{"count":0,"href":"https:\/\/najnaj.eu\/sl\/wp-json\/wp\/v2\/pages\/308453\/revisions"}],"wp:attachment":[{"href":"https:\/\/najnaj.eu\/sl\/wp-json\/wp\/v2\/media?parent=308453"}],"curies":[{"name":"wp","href":"https:\/\/api.w.org\/{rel}","templated":true}]}}