{"id":308452,"date":"2026-02-19T08:51:42","date_gmt":"2026-02-19T07:51:42","guid":{"rendered":"https:\/\/najnaj.eu\/jedi-s-citronsko-omako-30\/"},"modified":"2026-05-06T10:22:44","modified_gmt":"2026-05-06T08:22:44","slug":"jedi-s-citronsko-omako-30","status":"publish","type":"page","link":"https:\/\/najnaj.eu\/sl\/jedi-s-citronsko-omako-30\/","title":{"rendered":"Jedi s citronsko omako -30%"},"content":{"rendered":"\n<h1 class=\"wp-block-heading has-text-align-center\"><mark style=\"background-color:rgba(0, 0, 0, 0);color:#7e5f7d\" class=\"has-inline-color\">Jedi iz citrona s po\u0161kodovano embala\u017eo do -30 %<\/mark><\/h1>\n\n<p class=\"has-text-align-center\">Zaradi po\u0161kodbe embala\u017ee smo zni\u017eali cene prakti\u010dnega otro\u0161kega jedilnega pribora Citron. Izdelki so popolnoma novi in \u200b\u200bnerabljeni! <\/p>\n\n<p class=\"has-text-align-center\">Akcija traja do razprodaje zalog.<\/p>\n\n<div style=\"height:1.1rem\" aria-hidden=\"true\" class=\"wp-block-spacer\"><\/div>\n<div class=\"nn-awdr-rule-grid\"><div class=\"storefront-sorting\"><div class=\"woocommerce-notices-wrapper\"><\/div><\/div><div class=\"woocommerce-no-products-found\">\n\t\n\t<div class=\"woocommerce-info\" role=\"status\">\n\t\tUjemajo\u010dih izdelkov ni mogo\u010de najti.\t<\/div>\n<\/div>\n<\/div>\n<p><\/p>\n","protected":false},"excerpt":{"rendered":"<p>Jedi iz citrona s po\u0161kodovano embala\u017eo do -30 % Zaradi po\u0161kodbe embala\u017ee smo zni\u017eali cene prakti\u010dnega otro\u0161kega jedilnega pribora Citron. Izdelki so popolnoma novi in \u200b\u200bnerabljeni! Akcija traja do razprodaje [&hellip;]<\/p>\n","protected":false},"author":1889,"featured_media":0,"parent":0,"menu_order":0,"comment_status":"closed","ping_status":"closed","template":"templates\/page-custom-fullwidth.php","meta":{"_acf_changed":false,"footnotes":""},"class_list":["post-308452","page","type-page","status-publish","hentry"],"acf":[],"yoast_head":"<!-- This site is optimized with the Yoast SEO Premium plugin v21.5 (Yoast SEO v27.5) - https:\/\/yoast.com\/product\/yoast-seo-premium-wordpress\/ -->\n<title>Jedi s citronsko omako -30% RAZPRODAJA - NajNaj.eu<\/title>\n<meta name=\"description\" content=\"Zni\u017eane cene za izdelke Citron s po\u0161kodovano embala\u017eo. Izdelki so novi in \u200b\u200bnerabljeni!\" \/>\n<meta name=\"robots\" content=\"index, follow, max-snippet:-1, max-image-preview:large, max-video-preview:-1\" \/>\n<link rel=\"canonical\" href=\"https:\/\/najnaj.eu\/sl\/jedi-s-citronsko-omako-30\/\" \/>\n<meta property=\"og:locale\" content=\"sl_SI\" \/>\n<meta property=\"og:type\" content=\"article\" \/>\n<meta property=\"og:title\" content=\"Jedi s citronsko omako -30%\" \/>\n<meta property=\"og:description\" content=\"Zni\u017eane cene za izdelke Citron s po\u0161kodovano embala\u017eo. Izdelki so novi in \u200b\u200bnerabljeni!\" \/>\n<meta property=\"og:url\" content=\"https:\/\/najnaj.eu\/sl\/jedi-s-citronsko-omako-30\/\" \/>\n<meta property=\"og:site_name\" content=\"NajNaj.eu\" \/>\n<meta property=\"article:publisher\" content=\"https:\/\/web.facebook.com\/najnaj.eu\/\" \/>\n<meta property=\"article:modified_time\" content=\"2026-05-06T08:22:44+00:00\" \/>\n<meta name=\"twitter:card\" content=\"summary_large_image\" \/>\n<script type=\"application\/ld+json\" class=\"yoast-schema-graph\">{\"@context\":\"https:\\\/\\\/schema.org\",\"@graph\":[{\"@type\":\"WebPage\",\"@id\":\"https:\\\/\\\/najnaj.eu\\\/sl\\\/jedi-s-citronsko-omako-30\\\/\",\"url\":\"https:\\\/\\\/najnaj.eu\\\/sl\\\/jedi-s-citronsko-omako-30\\\/\",\"name\":\"Jedi s citronsko omako -30% RAZPRODAJA - NajNaj.eu\",\"isPartOf\":{\"@id\":\"https:\\\/\\\/najnaj.eu\\\/sl\\\/#website\"},\"datePublished\":\"2026-02-19T07:51:42+00:00\",\"dateModified\":\"2026-05-06T08:22:44+00:00\",\"description\":\"Zni\u017eane cene za izdelke Citron s po\u0161kodovano embala\u017eo. Izdelki so novi in \u200b\u200bnerabljeni!\",\"breadcrumb\":{\"@id\":\"https:\\\/\\\/najnaj.eu\\\/sl\\\/jedi-s-citronsko-omako-30\\\/#breadcrumb\"},\"inLanguage\":\"sl-SI\",\"potentialAction\":[{\"@type\":\"ReadAction\",\"target\":[\"https:\\\/\\\/najnaj.eu\\\/sl\\\/jedi-s-citronsko-omako-30\\\/\"]}]},{\"@type\":\"BreadcrumbList\",\"@id\":\"https:\\\/\\\/najnaj.eu\\\/sl\\\/jedi-s-citronsko-omako-30\\\/#breadcrumb\",\"itemListElement\":[{\"@type\":\"ListItem\",\"position\":1,\"name\":\"Po\u010detna stranica\",\"item\":\"https:\\\/\\\/najnaj.eu\\\/sl\\\/prednja-stran\\\/\"},{\"@type\":\"ListItem\",\"position\":2,\"name\":\"Jedi s citronsko omako -30%\"}]},{\"@type\":\"WebSite\",\"@id\":\"https:\\\/\\\/najnaj.eu\\\/sl\\\/#website\",\"url\":\"https:\\\/\\\/najnaj.eu\\\/sl\\\/\",\"name\":\"NajNaj.eu\",\"description\":\"Za najva\u017enije!\",\"publisher\":{\"@id\":\"https:\\\/\\\/najnaj.eu\\\/sl\\\/#organization\"},\"potentialAction\":[{\"@type\":\"SearchAction\",\"target\":{\"@type\":\"EntryPoint\",\"urlTemplate\":\"https:\\\/\\\/najnaj.eu\\\/sl\\\/?s={search_term_string}\"},\"query-input\":{\"@type\":\"PropertyValueSpecification\",\"valueRequired\":true,\"valueName\":\"search_term_string\"}}],\"inLanguage\":\"sl-SI\"},{\"@type\":\"Organization\",\"@id\":\"https:\\\/\\\/najnaj.eu\\\/sl\\\/#organization\",\"name\":\"NajNaj.eu\",\"url\":\"https:\\\/\\\/najnaj.eu\\\/sl\\\/\",\"logo\":{\"@type\":\"ImageObject\",\"inLanguage\":\"sl-SI\",\"@id\":\"https:\\\/\\\/najnaj.eu\\\/sl\\\/#\\\/schema\\\/logo\\\/image\\\/\",\"url\":\"https:\\\/\\\/najnaj.eu\\\/wp-content\\\/uploads\\\/2023\\\/09\\\/logo_Najnaj_2023.svg\",\"contentUrl\":\"https:\\\/\\\/najnaj.eu\\\/wp-content\\\/uploads\\\/2023\\\/09\\\/logo_Najnaj_2023.svg\",\"width\":501,\"height\":278,\"caption\":\"NajNaj.eu\"},\"image\":{\"@id\":\"https:\\\/\\\/najnaj.eu\\\/sl\\\/#\\\/schema\\\/logo\\\/image\\\/\"},\"sameAs\":[\"https:\\\/\\\/web.facebook.com\\\/najnaj.eu\\\/\",\"https:\\\/\\\/www.instagram.com\\\/najnaj.eu\\\/\",\"https:\\\/\\\/www.tiktok.com\\\/@najnaj.eu\"]}]}<\/script>\n<!-- \/ Yoast SEO Premium plugin. -->","yoast_head_json":{"title":"Jedi s citronsko omako -30% RAZPRODAJA - NajNaj.eu","description":"Zni\u017eane cene za izdelke Citron s po\u0161kodovano embala\u017eo. Izdelki so novi in \u200b\u200bnerabljeni!","robots":{"index":"index","follow":"follow","max-snippet":"max-snippet:-1","max-image-preview":"max-image-preview:large","max-video-preview":"max-video-preview:-1"},"canonical":"https:\/\/najnaj.eu\/sl\/jedi-s-citronsko-omako-30\/","og_locale":"sl_SI","og_type":"article","og_title":"Jedi s citronsko omako -30%","og_description":"Zni\u017eane cene za izdelke Citron s po\u0161kodovano embala\u017eo. Izdelki so novi in \u200b\u200bnerabljeni!","og_url":"https:\/\/najnaj.eu\/sl\/jedi-s-citronsko-omako-30\/","og_site_name":"NajNaj.eu","article_publisher":"https:\/\/web.facebook.com\/najnaj.eu\/","article_modified_time":"2026-05-06T08:22:44+00:00","twitter_card":"summary_large_image","schema":{"@context":"https:\/\/schema.org","@graph":[{"@type":"WebPage","@id":"https:\/\/najnaj.eu\/sl\/jedi-s-citronsko-omako-30\/","url":"https:\/\/najnaj.eu\/sl\/jedi-s-citronsko-omako-30\/","name":"Jedi s citronsko omako -30% RAZPRODAJA - NajNaj.eu","isPartOf":{"@id":"https:\/\/najnaj.eu\/sl\/#website"},"datePublished":"2026-02-19T07:51:42+00:00","dateModified":"2026-05-06T08:22:44+00:00","description":"Zni\u017eane cene za izdelke Citron s po\u0161kodovano embala\u017eo. Izdelki so novi in \u200b\u200bnerabljeni!","breadcrumb":{"@id":"https:\/\/najnaj.eu\/sl\/jedi-s-citronsko-omako-30\/#breadcrumb"},"inLanguage":"sl-SI","potentialAction":[{"@type":"ReadAction","target":["https:\/\/najnaj.eu\/sl\/jedi-s-citronsko-omako-30\/"]}]},{"@type":"BreadcrumbList","@id":"https:\/\/najnaj.eu\/sl\/jedi-s-citronsko-omako-30\/#breadcrumb","itemListElement":[{"@type":"ListItem","position":1,"name":"Po\u010detna stranica","item":"https:\/\/najnaj.eu\/sl\/prednja-stran\/"},{"@type":"ListItem","position":2,"name":"Jedi s citronsko omako -30%"}]},{"@type":"WebSite","@id":"https:\/\/najnaj.eu\/sl\/#website","url":"https:\/\/najnaj.eu\/sl\/","name":"NajNaj.eu","description":"Za najva\u017enije!","publisher":{"@id":"https:\/\/najnaj.eu\/sl\/#organization"},"potentialAction":[{"@type":"SearchAction","target":{"@type":"EntryPoint","urlTemplate":"https:\/\/najnaj.eu\/sl\/?s={search_term_string}"},"query-input":{"@type":"PropertyValueSpecification","valueRequired":true,"valueName":"search_term_string"}}],"inLanguage":"sl-SI"},{"@type":"Organization","@id":"https:\/\/najnaj.eu\/sl\/#organization","name":"NajNaj.eu","url":"https:\/\/najnaj.eu\/sl\/","logo":{"@type":"ImageObject","inLanguage":"sl-SI","@id":"https:\/\/najnaj.eu\/sl\/#\/schema\/logo\/image\/","url":"https:\/\/najnaj.eu\/wp-content\/uploads\/2023\/09\/logo_Najnaj_2023.svg","contentUrl":"https:\/\/najnaj.eu\/wp-content\/uploads\/2023\/09\/logo_Najnaj_2023.svg","width":501,"height":278,"caption":"NajNaj.eu"},"image":{"@id":"https:\/\/najnaj.eu\/sl\/#\/schema\/logo\/image\/"},"sameAs":["https:\/\/web.facebook.com\/najnaj.eu\/","https:\/\/www.instagram.com\/najnaj.eu\/","https:\/\/www.tiktok.com\/@najnaj.eu"]}]}},"_links":{"self":[{"href":"https:\/\/najnaj.eu\/sl\/wp-json\/wp\/v2\/pages\/308452","targetHints":{"allow":["GET"]}}],"collection":[{"href":"https:\/\/najnaj.eu\/sl\/wp-json\/wp\/v2\/pages"}],"about":[{"href":"https:\/\/najnaj.eu\/sl\/wp-json\/wp\/v2\/types\/page"}],"author":[{"embeddable":true,"href":"https:\/\/najnaj.eu\/sl\/wp-json\/wp\/v2\/users\/1889"}],"replies":[{"embeddable":true,"href":"https:\/\/najnaj.eu\/sl\/wp-json\/wp\/v2\/comments?post=308452"}],"version-history":[{"count":0,"href":"https:\/\/najnaj.eu\/sl\/wp-json\/wp\/v2\/pages\/308452\/revisions"}],"wp:attachment":[{"href":"https:\/\/najnaj.eu\/sl\/wp-json\/wp\/v2\/media?parent=308452"}],"curies":[{"name":"wp","href":"https:\/\/api.w.org\/{rel}","templated":true}]}}