{"id":309209,"date":"2026-05-11T14:25:08","date_gmt":"2026-05-11T12:25:08","guid":{"rendered":"https:\/\/najnaj.eu\/?post_type=product&#038;p=309209"},"modified":"2026-05-13T09:05:45","modified_gmt":"2026-05-13T07:05:45","slug":"lassig-weekender-torba-yula","status":"publish","type":"product","link":"https:\/\/najnaj.eu\/fr\/proizvod\/lassig-weekender-torba-yula\/","title":{"rendered":"L\u00e4ssig Weekender Torba Yula"},"content":{"rendered":"<p>L\u00c4SSIG Yula torba savr\u0161en je suputnik za obitelji koje ne \u017eele kompromitirati dizajn ili funkcionalnost kada su u pokretu. Bilo da se koristi kao bolni\u010dka torba, torba za previjanje, dvostruka torba ili torba za vikend, impresionira svestranom upotrebom, dobro organiziranim prostorom za pohranu i prakti\u010dnim dodacima.<\/p>\n<p>Posebne zna\u010dajke:<br \/>\n&#8211; svestrana upotreba: idealno kao torba za vikend, torba za previjanje, torba za bolnicu ili dvostruka torba<br \/>\n&#8211; vodoodbojan, mekan vanjski materijal s naboranim izgledom<br \/>\n&#8211; pregledan raspored zahvaljuju\u0107i \u0161irokom otvoru i svijetloj podstavi<br \/>\n&#8211; dodatni pretinci za pohranu unutra i izvana &#8211; uklju\u010duju\u0107i podstavljeni pretinac za prijenosno ra\u010dunalo (16 in\u010da)<br \/>\n&#8211; bo\u010dni vanjski d\u017eepovi za bocu, ki\u0161obran itd.<br \/>\n&#8211; vodoodbojni pretinac za mokre stvari<br \/>\n&#8211; visoka udobnost no\u0161enja zahvaljuju\u0107i podstavljenoj stra\u017enjoj strani i naramenicama<br \/>\n&#8211; om\u010da na stra\u017enjoj strani za pri\u010dvr\u0161\u0107ivanje kolica<br \/>\n&#8211; jednostavno pri\u010dvr\u0161\u0107ivanje na kolica<br \/>\n&#8211; integrirana tra\u017eilica klju\u010deva s elasti\u010dnom trakom<br \/>\n&#8211; elegantni detalji: odvojivi privjesak za vrpcu i tkana etiketa unutra<br \/>\n&#8211; uklju\u010duje prakti\u010dne dodatke za previjanje<\/p>\n<p>Dodaci:<br \/>\n&#8211; vodoodbojna podloga za previjanje<br \/>\n&#8211; dodatak za kolica<br \/>\n&#8211; torbica za alat<br \/>\n&#8211; za rame remen<br \/>\n&#8211; privjesak za uzicu<\/p>\n<p>Yula vikend torba je svestran suputnik za svakodnevni obiteljski \u017eivot i putovanja. Nudi puno prostora za pohranu i savr\u0161eno se kombinira s L\u00c4SSIG priborom za previjanje.<\/p>\n","protected":false},"excerpt":{"rendered":"<p>L\u00c4SSIG Yula torba impresionira kao elegantna i svestrana torba &#8211; bilo da se koristi kao bolni\u010dka torba, torba za previjanje ili vikend torba. S prakti\u010dnim dodacima, dobro organiziranim prostorom za pohranu i promi\u0161ljenim detaljima, idealan je suputnik za obiteljski \u017eivot.<\/p>\n","protected":false},"featured_media":309212,"comment_status":"closed","ping_status":"closed","template":"","meta":{"_acf_changed":false,"footnotes":""},"product_brand":[],"product_cat":[552,676,677,562],"product_tag":[],"class_list":{"0":"post-309209","1":"product","2":"type-product","3":"status-publish","4":"has-post-thumbnail","6":"product_cat-dodaci-za-kolica","7":"product_cat-moda","8":"product_cat-torbe-moda","9":"product_cat-za-mamu","10":"pa_boja-crna","11":"pa_brand-lassig","13":"first","14":"instock","15":"shipping-taxable","16":"purchasable","17":"product-type-simple"},"bundled_by":[],"bundle_stock_status":"instock","bundle_stock_quantity":6,"bundle_virtual":false,"bundle_layout":"","bundle_add_to_cart_form_location":"","bundle_editable_in_cart":false,"bundle_sold_individually_context":"","bundle_item_grouping":"","bundle_min_size":"","bundle_max_size":"","bundle_price":[],"bundled_items":[],"bundle_sell_ids":[],"acf":[],"yoast_head":"<!-- This site is optimized with the Yoast SEO Premium plugin v21.5 (Yoast SEO v27.5) - https:\/\/yoast.com\/product\/yoast-seo-premium-wordpress\/ -->\n<title>L\u00e4ssig Weekender Torba Yula - NajNaj.eu<\/title>\n<meta name=\"robots\" content=\"index, follow, max-snippet:-1, max-image-preview:large, max-video-preview:-1\" \/>\n<link rel=\"canonical\" href=\"https:\/\/najnaj.eu\/fr\/proizvod\/lassig-weekender-torba-yula\/\" \/>\n<meta property=\"og:locale\" content=\"fr_FR\" \/>\n<meta property=\"og:type\" content=\"article\" \/>\n<meta property=\"og:title\" content=\"L\u00e4ssig Weekender Torba Yula\" \/>\n<meta property=\"og:description\" content=\"L\u00c4SSIG Yula torba impresionira kao elegantna i svestrana torba - bilo da se koristi kao bolni\u010dka torba, torba za previjanje ili vikend torba. S prakti\u010dnim dodacima, dobro organiziranim prostorom za pohranu i promi\u0161ljenim detaljima, idealan je suputnik za obiteljski \u017eivot.\" \/>\n<meta property=\"og:url\" content=\"https:\/\/najnaj.eu\/fr\/proizvod\/lassig-weekender-torba-yula\/\" \/>\n<meta property=\"og:site_name\" content=\"NajNaj.eu\" \/>\n<meta property=\"article:publisher\" content=\"https:\/\/web.facebook.com\/najnaj.eu\/\" \/>\n<meta property=\"article:modified_time\" content=\"2026-05-13T07:05:45+00:00\" \/>\n<meta property=\"og:image\" content=\"https:\/\/najnaj.eu\/wp-content\/uploads\/2026\/05\/GRE_J25_11010510000_P_1-scaled.jpg\" \/>\n\t<meta property=\"og:image:width\" content=\"2560\" \/>\n\t<meta property=\"og:image:height\" content=\"2560\" \/>\n\t<meta property=\"og:image:type\" content=\"image\/jpeg\" \/>\n<meta name=\"twitter:card\" content=\"summary_large_image\" \/>\n<meta name=\"twitter:label1\" content=\"Prix\" \/>\n\t<meta name=\"twitter:data1\" content=\"139,95&nbsp;&euro;\" \/>\n\t<meta name=\"twitter:label2\" content=\"Disponibilit\u00e9\" \/>\n\t<meta name=\"twitter:data2\" content=\"En stock\" \/>\n<script type=\"application\/ld+json\" class=\"yoast-schema-graph\">{\"@context\":\"https:\\\/\\\/schema.org\",\"@graph\":[{\"@type\":\"WebPage\",\"@id\":\"https:\\\/\\\/najnaj.eu\\\/fr\\\/proizvod\\\/lassig-weekender-torba-yula\\\/\",\"url\":\"https:\\\/\\\/najnaj.eu\\\/fr\\\/proizvod\\\/lassig-weekender-torba-yula\\\/\",\"name\":\"L\u00e4ssig Weekender Torba Yula - NajNaj.eu\",\"isPartOf\":{\"@id\":\"https:\\\/\\\/najnaj.eu\\\/fr\\\/#website\"},\"primaryImageOfPage\":{\"@id\":\"https:\\\/\\\/najnaj.eu\\\/fr\\\/proizvod\\\/lassig-weekender-torba-yula\\\/#primaryimage\"},\"image\":{\"@id\":\"https:\\\/\\\/najnaj.eu\\\/fr\\\/proizvod\\\/lassig-weekender-torba-yula\\\/#primaryimage\"},\"thumbnailUrl\":\"https:\\\/\\\/najnaj.eu\\\/wp-content\\\/uploads\\\/2026\\\/05\\\/GRE_J25_11010510000_P_1-scaled.jpg\",\"datePublished\":\"2026-05-11T12:25:08+00:00\",\"dateModified\":\"2026-05-13T07:05:45+00:00\",\"breadcrumb\":{\"@id\":\"https:\\\/\\\/najnaj.eu\\\/fr\\\/proizvod\\\/lassig-weekender-torba-yula\\\/#breadcrumb\"},\"inLanguage\":\"fr-FR\",\"potentialAction\":[{\"@type\":\"ReadAction\",\"target\":[\"https:\\\/\\\/najnaj.eu\\\/fr\\\/proizvod\\\/lassig-weekender-torba-yula\\\/\"]}]},{\"@type\":\"ImageObject\",\"inLanguage\":\"fr-FR\",\"@id\":\"https:\\\/\\\/najnaj.eu\\\/fr\\\/proizvod\\\/lassig-weekender-torba-yula\\\/#primaryimage\",\"url\":\"https:\\\/\\\/najnaj.eu\\\/wp-content\\\/uploads\\\/2026\\\/05\\\/GRE_J25_11010510000_P_1-scaled.jpg\",\"contentUrl\":\"https:\\\/\\\/najnaj.eu\\\/wp-content\\\/uploads\\\/2026\\\/05\\\/GRE_J25_11010510000_P_1-scaled.jpg\",\"width\":2560,\"height\":2560},{\"@type\":\"BreadcrumbList\",\"@id\":\"https:\\\/\\\/najnaj.eu\\\/fr\\\/proizvod\\\/lassig-weekender-torba-yula\\\/#breadcrumb\",\"itemListElement\":[{\"@type\":\"ListItem\",\"position\":1,\"name\":\"Po\u010detna stranica\",\"item\":\"https:\\\/\\\/najnaj.eu\\\/fr\\\/\"},{\"@type\":\"ListItem\",\"position\":2,\"name\":\"Trgovina\",\"item\":\"https:\\\/\\\/najnaj.hr\\\/trgovina\\\/\"},{\"@type\":\"ListItem\",\"position\":3,\"name\":\"L\u00e4ssig Weekender Torba Yula\"}]},{\"@type\":\"WebSite\",\"@id\":\"https:\\\/\\\/najnaj.eu\\\/fr\\\/#website\",\"url\":\"https:\\\/\\\/najnaj.eu\\\/fr\\\/\",\"name\":\"NajNaj.eu\",\"description\":\"Za najva\u017enije!\",\"potentialAction\":[{\"@type\":\"SearchAction\",\"target\":{\"@type\":\"EntryPoint\",\"urlTemplate\":\"https:\\\/\\\/najnaj.eu\\\/fr\\\/?s={search_term_string}\"},\"query-input\":{\"@type\":\"PropertyValueSpecification\",\"valueRequired\":true,\"valueName\":\"search_term_string\"}}],\"inLanguage\":\"fr-FR\"}]}<\/script>\n<meta property=\"product:brand\" content=\"L\u00e4ssig\" \/>\n<meta property=\"product:price:amount\" content=\"139.95\" \/>\n<meta property=\"product:price:currency\" content=\"EUR\" \/>\n<meta property=\"og:availability\" content=\"instock\" \/>\n<meta property=\"product:availability\" content=\"instock\" \/>\n<meta property=\"product:retailer_item_id\" content=\"11010510000\" \/>\n<meta property=\"product:condition\" content=\"new\" \/>\n<!-- \/ Yoast SEO Premium plugin. -->","yoast_head_json":{"title":"L\u00e4ssig Weekender Torba Yula - NajNaj.eu","robots":{"index":"index","follow":"follow","max-snippet":"max-snippet:-1","max-image-preview":"max-image-preview:large","max-video-preview":"max-video-preview:-1"},"canonical":"https:\/\/najnaj.eu\/fr\/proizvod\/lassig-weekender-torba-yula\/","og_locale":"fr_FR","og_type":"article","og_title":"L\u00e4ssig Weekender Torba Yula","og_description":"L\u00c4SSIG Yula torba impresionira kao elegantna i svestrana torba - bilo da se koristi kao bolni\u010dka torba, torba za previjanje ili vikend torba. S prakti\u010dnim dodacima, dobro organiziranim prostorom za pohranu i promi\u0161ljenim detaljima, idealan je suputnik za obiteljski \u017eivot.","og_url":"https:\/\/najnaj.eu\/fr\/proizvod\/lassig-weekender-torba-yula\/","og_site_name":"NajNaj.eu","article_publisher":"https:\/\/web.facebook.com\/najnaj.eu\/","article_modified_time":"2026-05-13T07:05:45+00:00","og_image":[{"width":2560,"height":2560,"url":"https:\/\/najnaj.eu\/wp-content\/uploads\/2026\/05\/GRE_J25_11010510000_P_1-scaled.jpg","type":"image\/jpeg"}],"twitter_card":"summary_large_image","twitter_misc":{"Prix":"139,95&nbsp;&euro;","Disponibilit\u00e9":"En stock"},"schema":{"@context":"https:\/\/schema.org","@graph":[{"@type":"WebPage","@id":"https:\/\/najnaj.eu\/fr\/proizvod\/lassig-weekender-torba-yula\/","url":"https:\/\/najnaj.eu\/fr\/proizvod\/lassig-weekender-torba-yula\/","name":"L\u00e4ssig Weekender Torba Yula - NajNaj.eu","isPartOf":{"@id":"https:\/\/najnaj.eu\/fr\/#website"},"primaryImageOfPage":{"@id":"https:\/\/najnaj.eu\/fr\/proizvod\/lassig-weekender-torba-yula\/#primaryimage"},"image":{"@id":"https:\/\/najnaj.eu\/fr\/proizvod\/lassig-weekender-torba-yula\/#primaryimage"},"thumbnailUrl":"https:\/\/najnaj.eu\/wp-content\/uploads\/2026\/05\/GRE_J25_11010510000_P_1-scaled.jpg","datePublished":"2026-05-11T12:25:08+00:00","dateModified":"2026-05-13T07:05:45+00:00","breadcrumb":{"@id":"https:\/\/najnaj.eu\/fr\/proizvod\/lassig-weekender-torba-yula\/#breadcrumb"},"inLanguage":"fr-FR","potentialAction":[{"@type":"ReadAction","target":["https:\/\/najnaj.eu\/fr\/proizvod\/lassig-weekender-torba-yula\/"]}]},{"@type":"ImageObject","inLanguage":"fr-FR","@id":"https:\/\/najnaj.eu\/fr\/proizvod\/lassig-weekender-torba-yula\/#primaryimage","url":"https:\/\/najnaj.eu\/wp-content\/uploads\/2026\/05\/GRE_J25_11010510000_P_1-scaled.jpg","contentUrl":"https:\/\/najnaj.eu\/wp-content\/uploads\/2026\/05\/GRE_J25_11010510000_P_1-scaled.jpg","width":2560,"height":2560},{"@type":"BreadcrumbList","@id":"https:\/\/najnaj.eu\/fr\/proizvod\/lassig-weekender-torba-yula\/#breadcrumb","itemListElement":[{"@type":"ListItem","position":1,"name":"Po\u010detna stranica","item":"https:\/\/najnaj.eu\/fr\/"},{"@type":"ListItem","position":2,"name":"Trgovina","item":"https:\/\/najnaj.hr\/trgovina\/"},{"@type":"ListItem","position":3,"name":"L\u00e4ssig Weekender Torba Yula"}]},{"@type":"WebSite","@id":"https:\/\/najnaj.eu\/fr\/#website","url":"https:\/\/najnaj.eu\/fr\/","name":"NajNaj.eu","description":"Za najva\u017enije!","potentialAction":[{"@type":"SearchAction","target":{"@type":"EntryPoint","urlTemplate":"https:\/\/najnaj.eu\/fr\/?s={search_term_string}"},"query-input":{"@type":"PropertyValueSpecification","valueRequired":true,"valueName":"search_term_string"}}],"inLanguage":"fr-FR"}]},"product_brand":"L\u00e4ssig","product_price_amount":"139.95","product_price_currency":"EUR","og_availability":"instock","product_availability":"instock","product_retailer_item_id":"11010510000","product_condition":"new"},"_links":{"self":[{"href":"https:\/\/najnaj.eu\/fr\/wp-json\/wp\/v2\/product\/309209","targetHints":{"allow":["GET"]}}],"collection":[{"href":"https:\/\/najnaj.eu\/fr\/wp-json\/wp\/v2\/product"}],"about":[{"href":"https:\/\/najnaj.eu\/fr\/wp-json\/wp\/v2\/types\/product"}],"replies":[{"embeddable":true,"href":"https:\/\/najnaj.eu\/fr\/wp-json\/wp\/v2\/comments?post=309209"}],"version-history":[{"count":1,"href":"https:\/\/najnaj.eu\/fr\/wp-json\/wp\/v2\/product\/309209\/revisions"}],"predecessor-version":[{"id":312481,"href":"https:\/\/najnaj.eu\/fr\/wp-json\/wp\/v2\/product\/309209\/revisions\/312481"}],"wp:featuredmedia":[{"embeddable":true,"href":"https:\/\/najnaj.eu\/fr\/wp-json\/wp\/v2\/media\/309212"}],"wp:attachment":[{"href":"https:\/\/najnaj.eu\/fr\/wp-json\/wp\/v2\/media?parent=309209"}],"wp:term":[{"taxonomy":"product_brand","embeddable":true,"href":"https:\/\/najnaj.eu\/fr\/wp-json\/wp\/v2\/product_brand?post=309209"},{"taxonomy":"product_cat","embeddable":true,"href":"https:\/\/najnaj.eu\/fr\/wp-json\/wp\/v2\/product_cat?post=309209"},{"taxonomy":"product_tag","embeddable":true,"href":"https:\/\/najnaj.eu\/fr\/wp-json\/wp\/v2\/product_tag?post=309209"}],"curies":[{"name":"wp","href":"https:\/\/api.w.org\/{rel}","templated":true}]}}