{"id":308987,"date":"2026-05-11T13:06:48","date_gmt":"2026-05-11T11:06:48","guid":{"rendered":"https:\/\/najnaj.eu\/?post_type=product&#038;p=308987"},"modified":"2026-05-13T09:05:54","modified_gmt":"2026-05-13T07:05:54","slug":"lassig-cas-torbica-za-dokumente-maslinasto-zelena","status":"publish","type":"product","link":"https:\/\/najnaj.eu\/fr\/proizvod\/lassig-cas-torbica-za-dokumente-maslinasto-zelena\/","title":{"rendered":"L\u00e4ssig CAS Torbica za dokumente Maslinasto zelena"},"content":{"rendered":"<p>L\u00c4SSIG Torbica za dokumente pru\u017ea prostor za sve va\u017ene dokumente \u2013 za vrijeme i nakon trudno\u0107e. Ova torbica nudi dovoljno pretinaca tako da imate sve nadohvat ruke &#8211; trudni\u010dku knji\u017eicu, slike ultrazvuka, zdravstvenu iskaznicu, karton pregleda i karticu cijepljenja. Idealan je i kao dodatak na putovanjima jer imate sve pri ruci \u2013 putovnicu, karte i kupone.<\/p>\n<p>Prakti\u010dna torbica za dokumente ima patentni zatvara\u010d sa svih strana tako da se svi dokumenti mogu sigurno spremiti. Nekoliko d\u017eepova s obje unutarnje strane (uklju\u010duju\u0107i 7 d\u017eepova za kartice s jedne strane i 3 d\u017eepa za bilje\u017enicu s druge strane), kao i prozirni pretinac i dr\u017ea\u010d za olovke, omogu\u0107uju da sve bude jasno organizirano. Pretinac s patentnim zatvara\u010dem na pole\u0111ini upotpunjuje ovaj sofisticirani svakodnevni dodatak, koji se tako\u0111er mo\u017ee koristiti kao torbica\/nov\u010danik.<\/p>\n","protected":false},"excerpt":{"rendered":"<p>Ova torbica za dokumente izvrstan je organizator za mjesece tijekom i nakon trudno\u0107e. Patentni zatvara\u010d sa svih strana osigurava da su va\u0161i dokumenti o trudno\u0107i i pregledima, kao i svi ostali va\u017eni dokumenti, sigurni i za\u0161ti\u0107eni.<\/p>\n","protected":false},"featured_media":308991,"comment_status":"open","ping_status":"closed","template":"","meta":{"_acf_changed":false,"footnotes":""},"product_brand":[],"product_cat":[676,753,562],"product_tag":[],"class_list":{"0":"post-308987","1":"product","2":"type-product","3":"status-publish","4":"has-post-thumbnail","6":"product_cat-moda","7":"product_cat-organizatori-za-dokumente","8":"product_cat-za-mamu","9":"pa_boja-zelena","10":"pa_brand-lassig","11":"pa_torbe-za-dokumente","13":"first","14":"instock","15":"purchasable","16":"product-type-simple"},"bundled_by":[],"bundle_stock_status":"instock","bundle_stock_quantity":15,"bundle_virtual":false,"bundle_layout":"","bundle_add_to_cart_form_location":"","bundle_editable_in_cart":false,"bundle_sold_individually_context":"","bundle_item_grouping":"","bundle_min_size":"","bundle_max_size":"","bundle_price":[],"bundled_items":[],"bundle_sell_ids":[],"acf":[],"yoast_head":"<!-- This site is optimized with the Yoast SEO Premium plugin v21.5 (Yoast SEO v27.5) - https:\/\/yoast.com\/product\/yoast-seo-premium-wordpress\/ -->\n<title>L\u00e4ssig CAS Torbica za dokumente Maslinasto zelena - NajNaj.eu<\/title>\n<meta name=\"robots\" content=\"index, follow, max-snippet:-1, max-image-preview:large, max-video-preview:-1\" \/>\n<link rel=\"canonical\" href=\"https:\/\/najnaj.eu\/fr\/proizvod\/lassig-cas-torbica-za-dokumente-maslinasto-zelena\/\" \/>\n<meta property=\"og:locale\" content=\"fr_FR\" \/>\n<meta property=\"og:type\" content=\"article\" \/>\n<meta property=\"og:title\" content=\"L\u00e4ssig CAS Torbica za dokumente Maslinasto zelena\" \/>\n<meta property=\"og:description\" content=\"Ova torbica za dokumente izvrstan je organizator za mjesece tijekom i nakon trudno\u0107e. Patentni zatvara\u010d sa svih strana osigurava da su va\u0161i dokumenti o trudno\u0107i i pregledima, kao i svi ostali va\u017eni dokumenti, sigurni i za\u0161ti\u0107eni.\" \/>\n<meta property=\"og:url\" content=\"https:\/\/najnaj.eu\/fr\/proizvod\/lassig-cas-torbica-za-dokumente-maslinasto-zelena\/\" \/>\n<meta property=\"og:site_name\" content=\"NajNaj.eu\" \/>\n<meta property=\"article:publisher\" content=\"https:\/\/web.facebook.com\/najnaj.eu\/\" \/>\n<meta property=\"article:modified_time\" content=\"2026-05-13T07:05:54+00:00\" \/>\n<meta property=\"og:image\" content=\"https:\/\/najnaj.eu\/wp-content\/uploads\/2026\/05\/CAS_F23_1106010037_P_1.jpg\" \/>\n\t<meta property=\"og:image:width\" content=\"2000\" \/>\n\t<meta property=\"og:image:height\" content=\"2000\" \/>\n\t<meta property=\"og:image:type\" content=\"image\/jpeg\" \/>\n<meta name=\"twitter:card\" content=\"summary_large_image\" \/>\n<meta name=\"twitter:label1\" content=\"Prix\" \/>\n\t<meta name=\"twitter:data1\" content=\"29,95&nbsp;&euro;\" \/>\n\t<meta name=\"twitter:label2\" content=\"Disponibilit\u00e9\" \/>\n\t<meta name=\"twitter:data2\" content=\"En stock\" \/>\n<script type=\"application\/ld+json\" class=\"yoast-schema-graph\">{\"@context\":\"https:\\\/\\\/schema.org\",\"@graph\":[{\"@type\":\"WebPage\",\"@id\":\"https:\\\/\\\/najnaj.eu\\\/fr\\\/proizvod\\\/lassig-cas-torbica-za-dokumente-maslinasto-zelena\\\/\",\"url\":\"https:\\\/\\\/najnaj.eu\\\/fr\\\/proizvod\\\/lassig-cas-torbica-za-dokumente-maslinasto-zelena\\\/\",\"name\":\"L\u00e4ssig CAS Torbica za dokumente Maslinasto zelena - NajNaj.eu\",\"isPartOf\":{\"@id\":\"https:\\\/\\\/najnaj.eu\\\/fr\\\/#website\"},\"primaryImageOfPage\":{\"@id\":\"https:\\\/\\\/najnaj.eu\\\/fr\\\/proizvod\\\/lassig-cas-torbica-za-dokumente-maslinasto-zelena\\\/#primaryimage\"},\"image\":{\"@id\":\"https:\\\/\\\/najnaj.eu\\\/fr\\\/proizvod\\\/lassig-cas-torbica-za-dokumente-maslinasto-zelena\\\/#primaryimage\"},\"thumbnailUrl\":\"https:\\\/\\\/najnaj.eu\\\/wp-content\\\/uploads\\\/2026\\\/05\\\/CAS_F23_1106010037_P_1.jpg\",\"datePublished\":\"2026-05-11T11:06:48+00:00\",\"dateModified\":\"2026-05-13T07:05:54+00:00\",\"breadcrumb\":{\"@id\":\"https:\\\/\\\/najnaj.eu\\\/fr\\\/proizvod\\\/lassig-cas-torbica-za-dokumente-maslinasto-zelena\\\/#breadcrumb\"},\"inLanguage\":\"fr-FR\",\"potentialAction\":[{\"@type\":\"ReadAction\",\"target\":[\"https:\\\/\\\/najnaj.eu\\\/fr\\\/proizvod\\\/lassig-cas-torbica-za-dokumente-maslinasto-zelena\\\/\"]}]},{\"@type\":\"ImageObject\",\"inLanguage\":\"fr-FR\",\"@id\":\"https:\\\/\\\/najnaj.eu\\\/fr\\\/proizvod\\\/lassig-cas-torbica-za-dokumente-maslinasto-zelena\\\/#primaryimage\",\"url\":\"https:\\\/\\\/najnaj.eu\\\/wp-content\\\/uploads\\\/2026\\\/05\\\/CAS_F23_1106010037_P_1.jpg\",\"contentUrl\":\"https:\\\/\\\/najnaj.eu\\\/wp-content\\\/uploads\\\/2026\\\/05\\\/CAS_F23_1106010037_P_1.jpg\",\"width\":2000,\"height\":2000},{\"@type\":\"BreadcrumbList\",\"@id\":\"https:\\\/\\\/najnaj.eu\\\/fr\\\/proizvod\\\/lassig-cas-torbica-za-dokumente-maslinasto-zelena\\\/#breadcrumb\",\"itemListElement\":[{\"@type\":\"ListItem\",\"position\":1,\"name\":\"Po\u010detna stranica\",\"item\":\"https:\\\/\\\/najnaj.eu\\\/fr\\\/\"},{\"@type\":\"ListItem\",\"position\":2,\"name\":\"Trgovina\",\"item\":\"https:\\\/\\\/najnaj.hr\\\/trgovina\\\/\"},{\"@type\":\"ListItem\",\"position\":3,\"name\":\"L\u00e4ssig CAS Torbica za dokumente Maslinasto zelena\"}]},{\"@type\":\"WebSite\",\"@id\":\"https:\\\/\\\/najnaj.eu\\\/fr\\\/#website\",\"url\":\"https:\\\/\\\/najnaj.eu\\\/fr\\\/\",\"name\":\"NajNaj.eu\",\"description\":\"Za najva\u017enije!\",\"potentialAction\":[{\"@type\":\"SearchAction\",\"target\":{\"@type\":\"EntryPoint\",\"urlTemplate\":\"https:\\\/\\\/najnaj.eu\\\/fr\\\/?s={search_term_string}\"},\"query-input\":{\"@type\":\"PropertyValueSpecification\",\"valueRequired\":true,\"valueName\":\"search_term_string\"}}],\"inLanguage\":\"fr-FR\"}]}<\/script>\n<meta property=\"product:brand\" content=\"L\u00e4ssig\" \/>\n<meta property=\"product:price:amount\" content=\"29.95\" \/>\n<meta property=\"product:price:currency\" content=\"EUR\" \/>\n<meta property=\"og:availability\" content=\"instock\" \/>\n<meta property=\"product:availability\" content=\"instock\" \/>\n<meta property=\"product:retailer_item_id\" content=\"1106010037\" \/>\n<meta property=\"product:condition\" content=\"new\" \/>\n<!-- \/ Yoast SEO Premium plugin. -->","yoast_head_json":{"title":"L\u00e4ssig CAS Torbica za dokumente Maslinasto zelena - NajNaj.eu","robots":{"index":"index","follow":"follow","max-snippet":"max-snippet:-1","max-image-preview":"max-image-preview:large","max-video-preview":"max-video-preview:-1"},"canonical":"https:\/\/najnaj.eu\/fr\/proizvod\/lassig-cas-torbica-za-dokumente-maslinasto-zelena\/","og_locale":"fr_FR","og_type":"article","og_title":"L\u00e4ssig CAS Torbica za dokumente Maslinasto zelena","og_description":"Ova torbica za dokumente izvrstan je organizator za mjesece tijekom i nakon trudno\u0107e. Patentni zatvara\u010d sa svih strana osigurava da su va\u0161i dokumenti o trudno\u0107i i pregledima, kao i svi ostali va\u017eni dokumenti, sigurni i za\u0161ti\u0107eni.","og_url":"https:\/\/najnaj.eu\/fr\/proizvod\/lassig-cas-torbica-za-dokumente-maslinasto-zelena\/","og_site_name":"NajNaj.eu","article_publisher":"https:\/\/web.facebook.com\/najnaj.eu\/","article_modified_time":"2026-05-13T07:05:54+00:00","og_image":[{"width":2000,"height":2000,"url":"https:\/\/najnaj.eu\/wp-content\/uploads\/2026\/05\/CAS_F23_1106010037_P_1.jpg","type":"image\/jpeg"}],"twitter_card":"summary_large_image","twitter_misc":{"Prix":"29,95&nbsp;&euro;","Disponibilit\u00e9":"En stock"},"schema":{"@context":"https:\/\/schema.org","@graph":[{"@type":"WebPage","@id":"https:\/\/najnaj.eu\/fr\/proizvod\/lassig-cas-torbica-za-dokumente-maslinasto-zelena\/","url":"https:\/\/najnaj.eu\/fr\/proizvod\/lassig-cas-torbica-za-dokumente-maslinasto-zelena\/","name":"L\u00e4ssig CAS Torbica za dokumente Maslinasto zelena - NajNaj.eu","isPartOf":{"@id":"https:\/\/najnaj.eu\/fr\/#website"},"primaryImageOfPage":{"@id":"https:\/\/najnaj.eu\/fr\/proizvod\/lassig-cas-torbica-za-dokumente-maslinasto-zelena\/#primaryimage"},"image":{"@id":"https:\/\/najnaj.eu\/fr\/proizvod\/lassig-cas-torbica-za-dokumente-maslinasto-zelena\/#primaryimage"},"thumbnailUrl":"https:\/\/najnaj.eu\/wp-content\/uploads\/2026\/05\/CAS_F23_1106010037_P_1.jpg","datePublished":"2026-05-11T11:06:48+00:00","dateModified":"2026-05-13T07:05:54+00:00","breadcrumb":{"@id":"https:\/\/najnaj.eu\/fr\/proizvod\/lassig-cas-torbica-za-dokumente-maslinasto-zelena\/#breadcrumb"},"inLanguage":"fr-FR","potentialAction":[{"@type":"ReadAction","target":["https:\/\/najnaj.eu\/fr\/proizvod\/lassig-cas-torbica-za-dokumente-maslinasto-zelena\/"]}]},{"@type":"ImageObject","inLanguage":"fr-FR","@id":"https:\/\/najnaj.eu\/fr\/proizvod\/lassig-cas-torbica-za-dokumente-maslinasto-zelena\/#primaryimage","url":"https:\/\/najnaj.eu\/wp-content\/uploads\/2026\/05\/CAS_F23_1106010037_P_1.jpg","contentUrl":"https:\/\/najnaj.eu\/wp-content\/uploads\/2026\/05\/CAS_F23_1106010037_P_1.jpg","width":2000,"height":2000},{"@type":"BreadcrumbList","@id":"https:\/\/najnaj.eu\/fr\/proizvod\/lassig-cas-torbica-za-dokumente-maslinasto-zelena\/#breadcrumb","itemListElement":[{"@type":"ListItem","position":1,"name":"Po\u010detna stranica","item":"https:\/\/najnaj.eu\/fr\/"},{"@type":"ListItem","position":2,"name":"Trgovina","item":"https:\/\/najnaj.hr\/trgovina\/"},{"@type":"ListItem","position":3,"name":"L\u00e4ssig CAS Torbica za dokumente Maslinasto zelena"}]},{"@type":"WebSite","@id":"https:\/\/najnaj.eu\/fr\/#website","url":"https:\/\/najnaj.eu\/fr\/","name":"NajNaj.eu","description":"Za najva\u017enije!","potentialAction":[{"@type":"SearchAction","target":{"@type":"EntryPoint","urlTemplate":"https:\/\/najnaj.eu\/fr\/?s={search_term_string}"},"query-input":{"@type":"PropertyValueSpecification","valueRequired":true,"valueName":"search_term_string"}}],"inLanguage":"fr-FR"}]},"product_brand":"L\u00e4ssig","product_price_amount":"29.95","product_price_currency":"EUR","og_availability":"instock","product_availability":"instock","product_retailer_item_id":"1106010037","product_condition":"new"},"_links":{"self":[{"href":"https:\/\/najnaj.eu\/fr\/wp-json\/wp\/v2\/product\/308987","targetHints":{"allow":["GET"]}}],"collection":[{"href":"https:\/\/najnaj.eu\/fr\/wp-json\/wp\/v2\/product"}],"about":[{"href":"https:\/\/najnaj.eu\/fr\/wp-json\/wp\/v2\/types\/product"}],"replies":[{"embeddable":true,"href":"https:\/\/najnaj.eu\/fr\/wp-json\/wp\/v2\/comments?post=308987"}],"version-history":[{"count":1,"href":"https:\/\/najnaj.eu\/fr\/wp-json\/wp\/v2\/product\/308987\/revisions"}],"predecessor-version":[{"id":312484,"href":"https:\/\/najnaj.eu\/fr\/wp-json\/wp\/v2\/product\/308987\/revisions\/312484"}],"wp:featuredmedia":[{"embeddable":true,"href":"https:\/\/najnaj.eu\/fr\/wp-json\/wp\/v2\/media\/308991"}],"wp:attachment":[{"href":"https:\/\/najnaj.eu\/fr\/wp-json\/wp\/v2\/media?parent=308987"}],"wp:term":[{"taxonomy":"product_brand","embeddable":true,"href":"https:\/\/najnaj.eu\/fr\/wp-json\/wp\/v2\/product_brand?post=308987"},{"taxonomy":"product_cat","embeddable":true,"href":"https:\/\/najnaj.eu\/fr\/wp-json\/wp\/v2\/product_cat?post=308987"},{"taxonomy":"product_tag","embeddable":true,"href":"https:\/\/najnaj.eu\/fr\/wp-json\/wp\/v2\/product_tag?post=308987"}],"curies":[{"name":"wp","href":"https:\/\/api.w.org\/{rel}","templated":true}]}}