{"id":307790,"date":"2026-04-30T09:07:11","date_gmt":"2026-04-30T07:07:11","guid":{"rendered":"https:\/\/najnaj.eu\/?post_type=product&#038;p=307790"},"modified":"2026-04-30T13:44:43","modified_gmt":"2026-04-30T11:44:43","slug":"besafe-beyond-dark-grey-melange","status":"publish","type":"product","link":"https:\/\/najnaj.eu\/fr\/proizvod\/besafe-beyond-dark-grey-melange\/","title":{"rendered":"BeSafe Beyond, Dark Grey M\u00e9lange"},"content":{"rendered":"<p><strong>1. Rukovanje jednom rukom<\/strong><br \/>\nRotacija i pode\u0161avanje nagiba sjedalice samo jednom rukom kako bi djetetu bilo udobno. Omogu\u0107uje rotaciju prema vratima automobila za lak\u0161i pristup djetetu.<\/p>\n<p><strong>2. Vi\u0161e prostora za noge<\/strong><br \/>\nJednostavnim klikom mo\u017ee se podesiti prostor za noge do 16 cm. Prostor za noge pode\u0161ava se promjenom nagiba prednjeg oslonca na bazi.<\/p>\n<p><strong>3. Postavljanje na ISOfix bazu<\/strong><br \/>\nIzuzetno brzo i jednostavno postavljanje pomo\u0107u ISOfix konektora. Pritisnite bazu na ISOfix pri\u010dvrsne to\u010dke u va\u0161em automobilu, gurnite ju prema sjedalu i namjestite potpornu nogu \u2013 i sve je spremno.<\/p>\n<p><strong>4. Prostrana autosjedalica<\/strong><br \/>\nUnutra\u0161njost sjedalice dizajnirana kako bi bila jo\u0161 prostranija, omogu\u0107uju\u0107i djetetu udobnu vo\u017enju sve do 6 godina. Jednostavno pode\u0161avanje naslona za glavu u 11 polo\u017eaja sve do 125 cm.<\/p>\n<p><strong>5. Dodatna za\u0161tita<\/strong><br \/>\nDodatna za\u0161tita od bo\u010dnog udara apsorbira energiju i smanjuje optere\u0107enje do dodatnih 20% u slu\u010daju bo\u010dnog udara. Naslon za glavu je inovativan i za\u0161titni, izra\u0111en od posebnih materijala, optimalno apsorbira sile bilo kakvog udara.<\/p>\n<p><strong>Vrhunska sigurnost<\/strong><br \/>\n\u2013 Odobrena do 125 cm i 22 kg<br \/>\n\u2013 Dodatni za\u0161titni naslon za glavu s Dynamic Force Absorber\u2122<br \/>\n\u2013 Materijali koji apsorbiraju udarce i konstrukcija autosjedalicu u obliku \u0161koljke<br \/>\n\u2013 Dodatna za\u0161tita od bo\u010dnog sudara (SIP+) koja se lako pri\u010dvr\u0161\u0107uje na autosjedalicu<br \/>\n\u2013 Pro\u0161la najte\u017ei test sudara na svijetu &#8211; Plus test<br \/>\n\u2013 Omogu\u0107uje vo\u017enju suprotno od smjera vo\u017enje sve do 6 godina<br \/>\n&#8211; Pobjednik ADAC testa 2024<\/p>\n<p><strong>Jedinstvene zna\u010dajke za svakodnevnu fleksibilnost<\/strong><br \/>\n\u2013 Jednostavna i brza ISOfix instalacija<br \/>\n\u2013 Prakti\u010dna za no\u0161enje i premje\u0161tanje izme\u0111u automobila, jer se sjedalica jednostavno mo\u017ee odvojiti od baze<br \/>\n\u2013 Jednostavnarotacija za 180\u00b0 za jednostavniji pristup djetetu<br \/>\n\u2013 Rukovanje jednom rukom za rotiranje i pode\u0161avanje nagiba sjedalice<br \/>\n\u2013 Magneti za pojas za jednostavno postavljanje i va\u0111enje djeteta iz automobila<\/p>\n<p><strong>Udobnost<\/strong><br \/>\n\u2013 Universal Level Technology\u2122 za optimalan kut sjedenja u svakom automobilu<br \/>\n\u2013 Prostor za noge produljiv do 16 cm kada se koristi u smjeru suprotnom od smjera vo\u017enje<br \/>\n\u2013 Podesivi polo\u017eaji naslona za dodatnu udobnost<br \/>\n\u2013 Za\u0161titni jastu\u010di\u0107i pru\u017eaju dodatnu udobnost i stabilnost manjoj djeci<br \/>\n\u2013 Naslon za glavu podesiv u 11 stupnjeva raste s djetetom sve do 125 cm<\/p>\n<p><strong>Priroda i promjenjiva mobilnost na umu<\/strong><br \/>\nKoncept BeSafe Beyond napravljen je da traje. Njegovi izdr\u017eljivi materijali, u kombinaciji s konstrukcijom koja omogu\u0107uje jednostavan popravak, produ\u017euju \u017eivotni vijek svih proizvoda Beyond koncepta na 15 godina. Kori\u0161tenjem iste baze za dje\u010dju autosjedalicu i sjedalicu za malu djecu od 0 do 6 godina, smanjujemo koli\u010dinu materijala kori\u0161tenog tijekom proizvodnje.<br \/>\nPovrh toga, modularni i lagani dizajn koncepta \u010dini ga savr\u0161enim za obitelji koje \u017eele koristiti svoje sjedalo u vi\u0161e automobila \u2013 bilo da posjeduju 2 automobila ili koriste usluge dijeljenja automobila.<\/p>\n<p><strong>Vrijeme kori\u0161tenja<\/strong><br \/>\nOdricanje od odgovornosti za dob: imajte na umu da je navedeni dobni raspon samo smjernica temeljena na prosje\u010dnim vrijednostima i ne ograni\u010dava niti jam\u010di vrijeme kori\u0161tenja.<\/p>\n","protected":false},"excerpt":{"rendered":"<ul>\n<li>odobrena za kori\u0161tenje od 61 do 125 cm i 22 kg \u2013 pribli\u017eno od 6 mj do 6 godina<\/li>\n<li>kori\u0161tenje <strong>isklju\u010divo suprotno od smjera vo\u017enje<\/strong>, s rotacijom prema vratima automobila<\/li>\n<li><strong>pro\u0161la Plus test \u2013 najte\u017ei test sudara na svijetu<\/strong><\/li>\n<li>za postavljanje u automobil potrebna je <a href=\"https:\/\/najnaj.eu\/proizvod\/besafe-beyond-isofix-baza\/\">Beyond ISOfix baza<\/a><\/li>\n<\/ul>\n","protected":false},"featured_media":307808,"comment_status":"closed","ping_status":"closed","template":"","meta":{"_acf_changed":false,"footnotes":""},"product_brand":[],"product_cat":[574,2286,318],"product_tag":[],"class_list":{"0":"post-307790","1":"product","2":"type-product","3":"status-publish","4":"has-post-thumbnail","6":"product_cat-autosjedalice","7":"product_cat-mala-djeca-6-mj-6-god","8":"product_cat-proizvodi","9":"pa_boja-tamno-siva","10":"pa_brand-besafe","11":"pa_nacin-postavljanja-isofix","12":"pa_visina-djeteta-od-61-do-125-cm","14":"first","15":"instock","16":"shipping-taxable","17":"purchasable","18":"product-type-simple"},"bundled_by":[],"bundle_stock_status":"instock","bundle_stock_quantity":5,"bundle_virtual":false,"bundle_layout":"","bundle_add_to_cart_form_location":"","bundle_editable_in_cart":false,"bundle_sold_individually_context":"","bundle_item_grouping":"","bundle_min_size":"","bundle_max_size":"","bundle_price":[],"bundled_items":[],"bundle_sell_ids":[],"acf":[],"yoast_head":"<!-- This site is optimized with the Yoast SEO Premium plugin v21.5 (Yoast SEO v27.4) - https:\/\/yoast.com\/product\/yoast-seo-premium-wordpress\/ -->\n<title>BeSafe Beyond, Dark Grey M\u00e9lange - NajNaj.eu<\/title>\n<meta name=\"description\" content=\"BeSafe Beyond \u2013 za kori\u0161tenje do pribli\u017eno 6. godine (125 cm \/ 22 kg), isklju\u010divo suprotno od smjera vo\u017enje, s rotacijom prema vratima automobila.\" \/>\n<meta name=\"robots\" content=\"index, follow, max-snippet:-1, max-image-preview:large, max-video-preview:-1\" \/>\n<link rel=\"canonical\" href=\"https:\/\/najnaj.eu\/fr\/proizvod\/besafe-beyond-dark-grey-melange\/\" \/>\n<meta property=\"og:locale\" content=\"fr_FR\" \/>\n<meta property=\"og:type\" content=\"article\" \/>\n<meta property=\"og:title\" content=\"BeSafe Beyond, Dark Grey M\u00e9lange\" \/>\n<meta property=\"og:description\" content=\"BeSafe Beyond \u2013 za kori\u0161tenje do pribli\u017eno 6. godine (125 cm \/ 22 kg), isklju\u010divo suprotno od smjera vo\u017enje, s rotacijom prema vratima automobila.\" \/>\n<meta property=\"og:url\" content=\"https:\/\/najnaj.eu\/fr\/proizvod\/besafe-beyond-dark-grey-melange\/\" \/>\n<meta property=\"og:site_name\" content=\"NajNaj.eu\" \/>\n<meta property=\"article:publisher\" content=\"https:\/\/web.facebook.com\/najnaj.eu\/\" \/>\n<meta property=\"article:modified_time\" content=\"2026-04-30T11:44:43+00:00\" \/>\n<meta property=\"og:image\" content=\"https:\/\/najnaj.eu\/wp-content\/uploads\/2026\/04\/11036240_BeSafe_Beyond_Dark-Grey-Melange_Base_Right.jpg\" \/>\n\t<meta property=\"og:image:width\" content=\"2000\" \/>\n\t<meta property=\"og:image:height\" content=\"2000\" \/>\n\t<meta property=\"og:image:type\" content=\"image\/jpeg\" \/>\n<meta name=\"twitter:card\" content=\"summary_large_image\" \/>\n<meta name=\"twitter:label1\" content=\"Prix\" \/>\n\t<meta name=\"twitter:data1\" content=\"509,00&nbsp;&euro;\" \/>\n\t<meta name=\"twitter:label2\" content=\"Disponibilit\u00e9\" \/>\n\t<meta name=\"twitter:data2\" content=\"En stock\" \/>\n<script type=\"application\/ld+json\" class=\"yoast-schema-graph\">{\"@context\":\"https:\\\/\\\/schema.org\",\"@graph\":[{\"@type\":\"WebPage\",\"@id\":\"https:\\\/\\\/najnaj.eu\\\/fr\\\/proizvod\\\/besafe-beyond-dark-grey-melange\\\/\",\"url\":\"https:\\\/\\\/najnaj.eu\\\/fr\\\/proizvod\\\/besafe-beyond-dark-grey-melange\\\/\",\"name\":\"BeSafe Beyond, Dark Grey M\u00e9lange - NajNaj.eu\",\"isPartOf\":{\"@id\":\"https:\\\/\\\/najnaj.eu\\\/fr\\\/#website\"},\"primaryImageOfPage\":{\"@id\":\"https:\\\/\\\/najnaj.eu\\\/fr\\\/proizvod\\\/besafe-beyond-dark-grey-melange\\\/#primaryimage\"},\"image\":{\"@id\":\"https:\\\/\\\/najnaj.eu\\\/fr\\\/proizvod\\\/besafe-beyond-dark-grey-melange\\\/#primaryimage\"},\"thumbnailUrl\":\"https:\\\/\\\/najnaj.eu\\\/wp-content\\\/uploads\\\/2026\\\/04\\\/11036240_BeSafe_Beyond_Dark-Grey-Melange_Base_Right.jpg\",\"datePublished\":\"2026-04-30T07:07:11+00:00\",\"dateModified\":\"2026-04-30T11:44:43+00:00\",\"description\":\"BeSafe Beyond \u2013 za kori\u0161tenje do pribli\u017eno 6. godine (125 cm \\\/ 22 kg), isklju\u010divo suprotno od smjera vo\u017enje, s rotacijom prema vratima automobila.\",\"breadcrumb\":{\"@id\":\"https:\\\/\\\/najnaj.eu\\\/fr\\\/proizvod\\\/besafe-beyond-dark-grey-melange\\\/#breadcrumb\"},\"inLanguage\":\"fr-FR\",\"potentialAction\":[{\"@type\":\"ReadAction\",\"target\":[\"https:\\\/\\\/najnaj.eu\\\/fr\\\/proizvod\\\/besafe-beyond-dark-grey-melange\\\/\"]}]},{\"@type\":\"ImageObject\",\"inLanguage\":\"fr-FR\",\"@id\":\"https:\\\/\\\/najnaj.eu\\\/fr\\\/proizvod\\\/besafe-beyond-dark-grey-melange\\\/#primaryimage\",\"url\":\"https:\\\/\\\/najnaj.eu\\\/wp-content\\\/uploads\\\/2026\\\/04\\\/11036240_BeSafe_Beyond_Dark-Grey-Melange_Base_Right.jpg\",\"contentUrl\":\"https:\\\/\\\/najnaj.eu\\\/wp-content\\\/uploads\\\/2026\\\/04\\\/11036240_BeSafe_Beyond_Dark-Grey-Melange_Base_Right.jpg\",\"width\":2000,\"height\":2000},{\"@type\":\"BreadcrumbList\",\"@id\":\"https:\\\/\\\/najnaj.eu\\\/fr\\\/proizvod\\\/besafe-beyond-dark-grey-melange\\\/#breadcrumb\",\"itemListElement\":[{\"@type\":\"ListItem\",\"position\":1,\"name\":\"Po\u010detna stranica\",\"item\":\"https:\\\/\\\/najnaj.eu\\\/fr\\\/\"},{\"@type\":\"ListItem\",\"position\":2,\"name\":\"Trgovina\",\"item\":\"https:\\\/\\\/najnaj.hr\\\/trgovina\\\/\"},{\"@type\":\"ListItem\",\"position\":3,\"name\":\"BeSafe Beyond, Dark Grey M\u00e9lange\"}]},{\"@type\":\"WebSite\",\"@id\":\"https:\\\/\\\/najnaj.eu\\\/fr\\\/#website\",\"url\":\"https:\\\/\\\/najnaj.eu\\\/fr\\\/\",\"name\":\"NajNaj.eu\",\"description\":\"Za najva\u017enije!\",\"potentialAction\":[{\"@type\":\"SearchAction\",\"target\":{\"@type\":\"EntryPoint\",\"urlTemplate\":\"https:\\\/\\\/najnaj.eu\\\/fr\\\/?s={search_term_string}\"},\"query-input\":{\"@type\":\"PropertyValueSpecification\",\"valueRequired\":true,\"valueName\":\"search_term_string\"}}],\"inLanguage\":\"fr-FR\"}]}<\/script>\n<meta property=\"product:brand\" content=\"BeSafe\" \/>\n<meta property=\"product:price:amount\" content=\"509.00\" \/>\n<meta property=\"product:price:currency\" content=\"EUR\" \/>\n<meta property=\"og:availability\" content=\"instock\" \/>\n<meta property=\"product:availability\" content=\"instock\" \/>\n<meta property=\"product:retailer_item_id\" content=\"11036240-DarkGreyM\" \/>\n<meta property=\"product:condition\" content=\"new\" \/>\n<!-- \/ Yoast SEO Premium plugin. -->","yoast_head_json":{"title":"BeSafe Beyond, Dark Grey M\u00e9lange - NajNaj.eu","description":"BeSafe Beyond \u2013 za kori\u0161tenje do pribli\u017eno 6. godine (125 cm \/ 22 kg), isklju\u010divo suprotno od smjera vo\u017enje, s rotacijom prema vratima automobila.","robots":{"index":"index","follow":"follow","max-snippet":"max-snippet:-1","max-image-preview":"max-image-preview:large","max-video-preview":"max-video-preview:-1"},"canonical":"https:\/\/najnaj.eu\/fr\/proizvod\/besafe-beyond-dark-grey-melange\/","og_locale":"fr_FR","og_type":"article","og_title":"BeSafe Beyond, Dark Grey M\u00e9lange","og_description":"BeSafe Beyond \u2013 za kori\u0161tenje do pribli\u017eno 6. godine (125 cm \/ 22 kg), isklju\u010divo suprotno od smjera vo\u017enje, s rotacijom prema vratima automobila.","og_url":"https:\/\/najnaj.eu\/fr\/proizvod\/besafe-beyond-dark-grey-melange\/","og_site_name":"NajNaj.eu","article_publisher":"https:\/\/web.facebook.com\/najnaj.eu\/","article_modified_time":"2026-04-30T11:44:43+00:00","og_image":[{"width":2000,"height":2000,"url":"https:\/\/najnaj.eu\/wp-content\/uploads\/2026\/04\/11036240_BeSafe_Beyond_Dark-Grey-Melange_Base_Right.jpg","type":"image\/jpeg"}],"twitter_card":"summary_large_image","twitter_misc":{"Prix":"509,00&nbsp;&euro;","Disponibilit\u00e9":"En stock"},"schema":{"@context":"https:\/\/schema.org","@graph":[{"@type":"WebPage","@id":"https:\/\/najnaj.eu\/fr\/proizvod\/besafe-beyond-dark-grey-melange\/","url":"https:\/\/najnaj.eu\/fr\/proizvod\/besafe-beyond-dark-grey-melange\/","name":"BeSafe Beyond, Dark Grey M\u00e9lange - NajNaj.eu","isPartOf":{"@id":"https:\/\/najnaj.eu\/fr\/#website"},"primaryImageOfPage":{"@id":"https:\/\/najnaj.eu\/fr\/proizvod\/besafe-beyond-dark-grey-melange\/#primaryimage"},"image":{"@id":"https:\/\/najnaj.eu\/fr\/proizvod\/besafe-beyond-dark-grey-melange\/#primaryimage"},"thumbnailUrl":"https:\/\/najnaj.eu\/wp-content\/uploads\/2026\/04\/11036240_BeSafe_Beyond_Dark-Grey-Melange_Base_Right.jpg","datePublished":"2026-04-30T07:07:11+00:00","dateModified":"2026-04-30T11:44:43+00:00","description":"BeSafe Beyond \u2013 za kori\u0161tenje do pribli\u017eno 6. godine (125 cm \/ 22 kg), isklju\u010divo suprotno od smjera vo\u017enje, s rotacijom prema vratima automobila.","breadcrumb":{"@id":"https:\/\/najnaj.eu\/fr\/proizvod\/besafe-beyond-dark-grey-melange\/#breadcrumb"},"inLanguage":"fr-FR","potentialAction":[{"@type":"ReadAction","target":["https:\/\/najnaj.eu\/fr\/proizvod\/besafe-beyond-dark-grey-melange\/"]}]},{"@type":"ImageObject","inLanguage":"fr-FR","@id":"https:\/\/najnaj.eu\/fr\/proizvod\/besafe-beyond-dark-grey-melange\/#primaryimage","url":"https:\/\/najnaj.eu\/wp-content\/uploads\/2026\/04\/11036240_BeSafe_Beyond_Dark-Grey-Melange_Base_Right.jpg","contentUrl":"https:\/\/najnaj.eu\/wp-content\/uploads\/2026\/04\/11036240_BeSafe_Beyond_Dark-Grey-Melange_Base_Right.jpg","width":2000,"height":2000},{"@type":"BreadcrumbList","@id":"https:\/\/najnaj.eu\/fr\/proizvod\/besafe-beyond-dark-grey-melange\/#breadcrumb","itemListElement":[{"@type":"ListItem","position":1,"name":"Po\u010detna stranica","item":"https:\/\/najnaj.eu\/fr\/"},{"@type":"ListItem","position":2,"name":"Trgovina","item":"https:\/\/najnaj.hr\/trgovina\/"},{"@type":"ListItem","position":3,"name":"BeSafe Beyond, Dark Grey M\u00e9lange"}]},{"@type":"WebSite","@id":"https:\/\/najnaj.eu\/fr\/#website","url":"https:\/\/najnaj.eu\/fr\/","name":"NajNaj.eu","description":"Za najva\u017enije!","potentialAction":[{"@type":"SearchAction","target":{"@type":"EntryPoint","urlTemplate":"https:\/\/najnaj.eu\/fr\/?s={search_term_string}"},"query-input":{"@type":"PropertyValueSpecification","valueRequired":true,"valueName":"search_term_string"}}],"inLanguage":"fr-FR"}]},"product_brand":"BeSafe","product_price_amount":"509.00","product_price_currency":"EUR","og_availability":"instock","product_availability":"instock","product_retailer_item_id":"11036240-DarkGreyM","product_condition":"new"},"_links":{"self":[{"href":"https:\/\/najnaj.eu\/fr\/wp-json\/wp\/v2\/product\/307790","targetHints":{"allow":["GET"]}}],"collection":[{"href":"https:\/\/najnaj.eu\/fr\/wp-json\/wp\/v2\/product"}],"about":[{"href":"https:\/\/najnaj.eu\/fr\/wp-json\/wp\/v2\/types\/product"}],"replies":[{"embeddable":true,"href":"https:\/\/najnaj.eu\/fr\/wp-json\/wp\/v2\/comments?post=307790"}],"version-history":[{"count":0,"href":"https:\/\/najnaj.eu\/fr\/wp-json\/wp\/v2\/product\/307790\/revisions"}],"wp:featuredmedia":[{"embeddable":true,"href":"https:\/\/najnaj.eu\/fr\/wp-json\/wp\/v2\/media\/307808"}],"wp:attachment":[{"href":"https:\/\/najnaj.eu\/fr\/wp-json\/wp\/v2\/media?parent=307790"}],"wp:term":[{"taxonomy":"product_brand","embeddable":true,"href":"https:\/\/najnaj.eu\/fr\/wp-json\/wp\/v2\/product_brand?post=307790"},{"taxonomy":"product_cat","embeddable":true,"href":"https:\/\/najnaj.eu\/fr\/wp-json\/wp\/v2\/product_cat?post=307790"},{"taxonomy":"product_tag","embeddable":true,"href":"https:\/\/najnaj.eu\/fr\/wp-json\/wp\/v2\/product_tag?post=307790"}],"curies":[{"name":"wp","href":"https:\/\/api.w.org\/{rel}","templated":true}]}}