{"id":307520,"date":"2026-04-27T15:31:08","date_gmt":"2026-04-27T13:31:08","guid":{"rendered":"https:\/\/najnaj.eu\/?post_type=product&#038;p=307520"},"modified":"2026-04-28T11:21:19","modified_gmt":"2026-04-28T09:21:19","slug":"predavanje-i-pricaonica-o-fizioloskom-porodaju-9-lipnja-2026-u-18-sati-zagreb","status":"publish","type":"product","link":"https:\/\/najnaj.eu\/fr\/proizvod\/predavanje-i-pricaonica-o-fizioloskom-porodaju-9-lipnja-2026-u-18-sati-zagreb\/","title":{"rendered":"Predavanje i pri\u010daonica o fiziolo\u0161kom poro\u0111aju &#8211; 9. lipnja 2026. u 18 sati (Zagreb)"},"content":{"rendered":"<p>Teme predavanja:<\/p>\n<ol>\n<li><strong>Kako zapo\u010dinje poro\u0111aj (kako razlikovati prave od la\u017enih trudova)<\/strong><\/li>\n<li><strong>Postupak prilikom dolaska u rodili\u0161te<\/strong><\/li>\n<li><strong>\u0160to ponijeti sa sobom u rodili\u0161te<\/strong><\/li>\n<li><strong>Kako komunicirati s osobljem u rodili\u0161tu (kako ostvariti vlastite \u017eelje u hrvatskom rodili\u0161tu)<\/strong><\/li>\n<li><strong>Fiziolo\u0161ki poro\u0111aj<\/strong><\/li>\n<li><strong>Kako se nositi sa trudovima<\/strong><\/li>\n<li><strong>Trenutci neposredno nakon poro\u0111aja<\/strong><\/li>\n<\/ol>\n<p>Radionica je osmi\u0161ljena kao pri\u010daonica na kojoj su polaznici i pitanja fokus predavanja.<\/p>\n<p>Radionicu vodi: Erika Spiri\u0107 &#8211; primalja s preko 40 godina iskustva, jedna od osniva\u010dica Hrvatske komore primalja<\/p>\n<p><strong style=\"font-size: 1.41575em;\">Vrijeme odr\u017eavanja:<\/strong><\/p>\n<p>9. lipnja 2025. u 18 sati<\/p>\n<p><strong style=\"font-size: 1.41575em;\">Mjesto odr\u017eavanja:<\/strong><\/p>\n<p>NajNaj studio \u2013 Ulica Ivana Kukuljevi\u0107a 20, Zagreb.<\/p>\n<p><strong style=\"font-size: 1.41575em;\">Trajanje radionica:<\/strong><\/p>\n<p>Predvi\u0111eno vrijeme trajanja radionice je dva sata. Trajanje ovisi o pitanjima polaznika.<\/p>\n<h4><strong>Povrati i zamjene<\/strong><\/h4>\n<p>Sukladno \u010dl. 86 st. 1 t. 12. Zakona o za\u0161titi potro\u0161a\u010da, Kupac nema pravo na jednostrani raskid Ugovora na daljinu (povrata novca) s obzirom da je predmet ugovora pru\u017eanje usluga vezanih uz slobodno vrijeme, koje se doga\u0111aju u to\u010dno odre\u0111eno vrijeme odnosno u odre\u0111enom razdoblju.<\/p>\n<p data-start=\"136\" data-end=\"171\"><strong data-start=\"136\" data-end=\"171\">Napomena o odr\u017eavanju radionice<\/strong><\/p>\n<p data-start=\"173\" data-end=\"341\">Zadr\u017eavamo pravo otkazivanja radionice u slu\u010daju nedovoljnog broja prijavljenih sudionika. U tom slu\u010daju, svim kupcima bit \u0107e izvr\u0161en puni povrat upla\u0107enih sredstava.<\/p>\n","protected":false},"excerpt":{"rendered":"<p>Prijavite se na pri\u010daonicu o poro\u0111aju i pripremite se za dolazak bebe!<\/p>\n<p><strong>POSEBNA PONUDA: <\/strong>prijavite se na paket od 3 radionice (babyhandling, fiziolo\u0161ki poro\u0111aj i dojenje) uz promo cijenu od 70 eura za jednu osobu ili 120 eura za par!<\/p>\n<p>Vi\u0161e info <strong><a href=\"https:\/\/najnaj.eu\/proizvod\/novo-paket-radionica-fizioloski-porodaj-9-6-dojenje-11-6-baby-handling-16-6-u-18-sati\/\">ovdje<\/a>.<\/strong><\/p>\n<p>&nbsp;<\/p>\n","protected":false},"featured_media":307594,"comment_status":"closed","ping_status":"closed","template":"","meta":{"_acf_changed":false,"footnotes":""},"product_brand":[],"product_cat":[681,1709,562,675],"product_tag":[2118],"class_list":{"0":"post-307520","1":"product","2":"type-product","3":"status-publish","4":"has-post-thumbnail","6":"product_cat-ostalo-za-trudnice","7":"product_cat-pokloni","8":"product_cat-za-mamu","9":"product_cat-za-trudnice","10":"product_tag-predavanja-i-radionice","12":"first","13":"instock","14":"shipping-taxable","15":"purchasable","16":"product-type-variable"},"bundled_by":["307633"],"bundle_stock_status":"instock","bundle_stock_quantity":15,"bundle_virtual":false,"bundle_layout":"","bundle_add_to_cart_form_location":"","bundle_editable_in_cart":false,"bundle_sold_individually_context":"","bundle_item_grouping":"","bundle_min_size":"","bundle_max_size":"","bundle_price":[],"bundled_items":[],"bundle_sell_ids":[],"acf":[],"yoast_head":"<!-- This site is optimized with the Yoast SEO Premium plugin v21.5 (Yoast SEO v27.4) - https:\/\/yoast.com\/product\/yoast-seo-premium-wordpress\/ -->\n<title>Predavanje i pri\u010daonica o fiziolo\u0161kom poro\u0111aju - 9. lipnja 2026. u 18 sati (Zagreb) - NajNaj.eu<\/title>\n<meta name=\"robots\" content=\"index, follow, max-snippet:-1, max-image-preview:large, max-video-preview:-1\" \/>\n<link rel=\"canonical\" href=\"https:\/\/najnaj.eu\/fr\/proizvod\/predavanje-i-pricaonica-o-fizioloskom-porodaju-9-lipnja-2026-u-18-sati-zagreb\/\" \/>\n<meta property=\"og:locale\" content=\"fr_FR\" \/>\n<meta property=\"og:type\" content=\"article\" \/>\n<meta property=\"og:title\" content=\"Predavanje i pri\u010daonica o fiziolo\u0161kom poro\u0111aju - 9. lipnja 2026. u 18 sati (Zagreb)\" \/>\n<meta property=\"og:description\" content=\"Prijavite se na pri\u010daonicu o poro\u0111aju i pripremite se za dolazak bebe!  POSEBNA PONUDA: prijavite se na paket od 3 radionice (babyhandling, fiziolo\u0161ki poro\u0111aj i dojenje) uz promo cijenu od 70 eura za jednu osobu ili 120 eura za par!  Vi\u0161e info ovdje.  &nbsp;\" \/>\n<meta property=\"og:url\" content=\"https:\/\/najnaj.eu\/fr\/proizvod\/predavanje-i-pricaonica-o-fizioloskom-porodaju-9-lipnja-2026-u-18-sati-zagreb\/\" \/>\n<meta property=\"og:site_name\" content=\"NajNaj.eu\" \/>\n<meta property=\"article:publisher\" content=\"https:\/\/web.facebook.com\/najnaj.eu\/\" \/>\n<meta property=\"article:modified_time\" content=\"2026-04-28T09:21:19+00:00\" \/>\n<meta property=\"og:image\" content=\"https:\/\/najnaj.eu\/wp-content\/uploads\/2026\/04\/fiz-porodaj.png\" \/>\n\t<meta property=\"og:image:width\" content=\"1000\" \/>\n\t<meta property=\"og:image:height\" content=\"1000\" \/>\n\t<meta property=\"og:image:type\" content=\"image\/png\" \/>\n<meta name=\"twitter:card\" content=\"summary_large_image\" \/>\n<meta name=\"twitter:label1\" content=\"Disponibilit\u00e9\" \/>\n\t<meta name=\"twitter:data1\" content=\"En stock\" \/>\n<script type=\"application\/ld+json\" class=\"yoast-schema-graph\">{\"@context\":\"https:\\\/\\\/schema.org\",\"@graph\":[{\"@type\":\"WebPage\",\"@id\":\"https:\\\/\\\/najnaj.eu\\\/fr\\\/proizvod\\\/predavanje-i-pricaonica-o-fizioloskom-porodaju-9-lipnja-2026-u-18-sati-zagreb\\\/\",\"url\":\"https:\\\/\\\/najnaj.eu\\\/fr\\\/proizvod\\\/predavanje-i-pricaonica-o-fizioloskom-porodaju-9-lipnja-2026-u-18-sati-zagreb\\\/\",\"name\":\"Predavanje i pri\u010daonica o fiziolo\u0161kom poro\u0111aju - 9. lipnja 2026. u 18 sati (Zagreb) - NajNaj.eu\",\"isPartOf\":{\"@id\":\"https:\\\/\\\/najnaj.eu\\\/fr\\\/#website\"},\"primaryImageOfPage\":{\"@id\":\"https:\\\/\\\/najnaj.eu\\\/fr\\\/proizvod\\\/predavanje-i-pricaonica-o-fizioloskom-porodaju-9-lipnja-2026-u-18-sati-zagreb\\\/#primaryimage\"},\"image\":{\"@id\":\"https:\\\/\\\/najnaj.eu\\\/fr\\\/proizvod\\\/predavanje-i-pricaonica-o-fizioloskom-porodaju-9-lipnja-2026-u-18-sati-zagreb\\\/#primaryimage\"},\"thumbnailUrl\":\"https:\\\/\\\/najnaj.eu\\\/wp-content\\\/uploads\\\/2026\\\/04\\\/fiz-porodaj.png\",\"datePublished\":\"2026-04-27T13:31:08+00:00\",\"dateModified\":\"2026-04-28T09:21:19+00:00\",\"breadcrumb\":{\"@id\":\"https:\\\/\\\/najnaj.eu\\\/fr\\\/proizvod\\\/predavanje-i-pricaonica-o-fizioloskom-porodaju-9-lipnja-2026-u-18-sati-zagreb\\\/#breadcrumb\"},\"inLanguage\":\"fr-FR\",\"potentialAction\":[{\"@type\":\"ReadAction\",\"target\":[\"https:\\\/\\\/najnaj.eu\\\/fr\\\/proizvod\\\/predavanje-i-pricaonica-o-fizioloskom-porodaju-9-lipnja-2026-u-18-sati-zagreb\\\/\"]}]},{\"@type\":\"ImageObject\",\"inLanguage\":\"fr-FR\",\"@id\":\"https:\\\/\\\/najnaj.eu\\\/fr\\\/proizvod\\\/predavanje-i-pricaonica-o-fizioloskom-porodaju-9-lipnja-2026-u-18-sati-zagreb\\\/#primaryimage\",\"url\":\"https:\\\/\\\/najnaj.eu\\\/wp-content\\\/uploads\\\/2026\\\/04\\\/fiz-porodaj.png\",\"contentUrl\":\"https:\\\/\\\/najnaj.eu\\\/wp-content\\\/uploads\\\/2026\\\/04\\\/fiz-porodaj.png\",\"width\":1000,\"height\":1000},{\"@type\":\"BreadcrumbList\",\"@id\":\"https:\\\/\\\/najnaj.eu\\\/fr\\\/proizvod\\\/predavanje-i-pricaonica-o-fizioloskom-porodaju-9-lipnja-2026-u-18-sati-zagreb\\\/#breadcrumb\",\"itemListElement\":[{\"@type\":\"ListItem\",\"position\":1,\"name\":\"Po\u010detna stranica\",\"item\":\"https:\\\/\\\/najnaj.eu\\\/fr\\\/\"},{\"@type\":\"ListItem\",\"position\":2,\"name\":\"Trgovina\",\"item\":\"https:\\\/\\\/najnaj.hr\\\/trgovina\\\/\"},{\"@type\":\"ListItem\",\"position\":3,\"name\":\"Predavanje i pri\u010daonica o fiziolo\u0161kom poro\u0111aju &#8211; 9. lipnja 2026. u 18 sati (Zagreb)\"}]},{\"@type\":\"WebSite\",\"@id\":\"https:\\\/\\\/najnaj.eu\\\/fr\\\/#website\",\"url\":\"https:\\\/\\\/najnaj.eu\\\/fr\\\/\",\"name\":\"NajNaj.eu\",\"description\":\"Za najva\u017enije!\",\"potentialAction\":[{\"@type\":\"SearchAction\",\"target\":{\"@type\":\"EntryPoint\",\"urlTemplate\":\"https:\\\/\\\/najnaj.eu\\\/fr\\\/?s={search_term_string}\"},\"query-input\":{\"@type\":\"PropertyValueSpecification\",\"valueRequired\":true,\"valueName\":\"search_term_string\"}}],\"inLanguage\":\"fr-FR\"}]}<\/script>\n<meta property=\"og:availability\" content=\"instock\" \/>\n<meta property=\"product:availability\" content=\"instock\" \/>\n<meta property=\"product:retailer_item_id\" content=\"PORODAJ090626\" \/>\n<meta property=\"product:condition\" content=\"new\" \/>\n<!-- \/ Yoast SEO Premium plugin. -->","yoast_head_json":{"title":"Predavanje i pri\u010daonica o fiziolo\u0161kom poro\u0111aju - 9. lipnja 2026. u 18 sati (Zagreb) - NajNaj.eu","robots":{"index":"index","follow":"follow","max-snippet":"max-snippet:-1","max-image-preview":"max-image-preview:large","max-video-preview":"max-video-preview:-1"},"canonical":"https:\/\/najnaj.eu\/fr\/proizvod\/predavanje-i-pricaonica-o-fizioloskom-porodaju-9-lipnja-2026-u-18-sati-zagreb\/","og_locale":"fr_FR","og_type":"article","og_title":"Predavanje i pri\u010daonica o fiziolo\u0161kom poro\u0111aju - 9. lipnja 2026. u 18 sati (Zagreb)","og_description":"Prijavite se na pri\u010daonicu o poro\u0111aju i pripremite se za dolazak bebe!  POSEBNA PONUDA: prijavite se na paket od 3 radionice (babyhandling, fiziolo\u0161ki poro\u0111aj i dojenje) uz promo cijenu od 70 eura za jednu osobu ili 120 eura za par!  Vi\u0161e info ovdje.  &nbsp;","og_url":"https:\/\/najnaj.eu\/fr\/proizvod\/predavanje-i-pricaonica-o-fizioloskom-porodaju-9-lipnja-2026-u-18-sati-zagreb\/","og_site_name":"NajNaj.eu","article_publisher":"https:\/\/web.facebook.com\/najnaj.eu\/","article_modified_time":"2026-04-28T09:21:19+00:00","og_image":[{"width":1000,"height":1000,"url":"https:\/\/najnaj.eu\/wp-content\/uploads\/2026\/04\/fiz-porodaj.png","type":"image\/png"}],"twitter_card":"summary_large_image","twitter_misc":{"Disponibilit\u00e9":"En stock"},"schema":{"@context":"https:\/\/schema.org","@graph":[{"@type":"WebPage","@id":"https:\/\/najnaj.eu\/fr\/proizvod\/predavanje-i-pricaonica-o-fizioloskom-porodaju-9-lipnja-2026-u-18-sati-zagreb\/","url":"https:\/\/najnaj.eu\/fr\/proizvod\/predavanje-i-pricaonica-o-fizioloskom-porodaju-9-lipnja-2026-u-18-sati-zagreb\/","name":"Predavanje i pri\u010daonica o fiziolo\u0161kom poro\u0111aju - 9. lipnja 2026. u 18 sati (Zagreb) - NajNaj.eu","isPartOf":{"@id":"https:\/\/najnaj.eu\/fr\/#website"},"primaryImageOfPage":{"@id":"https:\/\/najnaj.eu\/fr\/proizvod\/predavanje-i-pricaonica-o-fizioloskom-porodaju-9-lipnja-2026-u-18-sati-zagreb\/#primaryimage"},"image":{"@id":"https:\/\/najnaj.eu\/fr\/proizvod\/predavanje-i-pricaonica-o-fizioloskom-porodaju-9-lipnja-2026-u-18-sati-zagreb\/#primaryimage"},"thumbnailUrl":"https:\/\/najnaj.eu\/wp-content\/uploads\/2026\/04\/fiz-porodaj.png","datePublished":"2026-04-27T13:31:08+00:00","dateModified":"2026-04-28T09:21:19+00:00","breadcrumb":{"@id":"https:\/\/najnaj.eu\/fr\/proizvod\/predavanje-i-pricaonica-o-fizioloskom-porodaju-9-lipnja-2026-u-18-sati-zagreb\/#breadcrumb"},"inLanguage":"fr-FR","potentialAction":[{"@type":"ReadAction","target":["https:\/\/najnaj.eu\/fr\/proizvod\/predavanje-i-pricaonica-o-fizioloskom-porodaju-9-lipnja-2026-u-18-sati-zagreb\/"]}]},{"@type":"ImageObject","inLanguage":"fr-FR","@id":"https:\/\/najnaj.eu\/fr\/proizvod\/predavanje-i-pricaonica-o-fizioloskom-porodaju-9-lipnja-2026-u-18-sati-zagreb\/#primaryimage","url":"https:\/\/najnaj.eu\/wp-content\/uploads\/2026\/04\/fiz-porodaj.png","contentUrl":"https:\/\/najnaj.eu\/wp-content\/uploads\/2026\/04\/fiz-porodaj.png","width":1000,"height":1000},{"@type":"BreadcrumbList","@id":"https:\/\/najnaj.eu\/fr\/proizvod\/predavanje-i-pricaonica-o-fizioloskom-porodaju-9-lipnja-2026-u-18-sati-zagreb\/#breadcrumb","itemListElement":[{"@type":"ListItem","position":1,"name":"Po\u010detna stranica","item":"https:\/\/najnaj.eu\/fr\/"},{"@type":"ListItem","position":2,"name":"Trgovina","item":"https:\/\/najnaj.hr\/trgovina\/"},{"@type":"ListItem","position":3,"name":"Predavanje i pri\u010daonica o fiziolo\u0161kom poro\u0111aju &#8211; 9. lipnja 2026. u 18 sati (Zagreb)"}]},{"@type":"WebSite","@id":"https:\/\/najnaj.eu\/fr\/#website","url":"https:\/\/najnaj.eu\/fr\/","name":"NajNaj.eu","description":"Za najva\u017enije!","potentialAction":[{"@type":"SearchAction","target":{"@type":"EntryPoint","urlTemplate":"https:\/\/najnaj.eu\/fr\/?s={search_term_string}"},"query-input":{"@type":"PropertyValueSpecification","valueRequired":true,"valueName":"search_term_string"}}],"inLanguage":"fr-FR"}]},"og_availability":"instock","product_availability":"instock","product_retailer_item_id":"PORODAJ090626","product_condition":"new"},"_links":{"self":[{"href":"https:\/\/najnaj.eu\/fr\/wp-json\/wp\/v2\/product\/307520","targetHints":{"allow":["GET"]}}],"collection":[{"href":"https:\/\/najnaj.eu\/fr\/wp-json\/wp\/v2\/product"}],"about":[{"href":"https:\/\/najnaj.eu\/fr\/wp-json\/wp\/v2\/types\/product"}],"replies":[{"embeddable":true,"href":"https:\/\/najnaj.eu\/fr\/wp-json\/wp\/v2\/comments?post=307520"}],"version-history":[{"count":0,"href":"https:\/\/najnaj.eu\/fr\/wp-json\/wp\/v2\/product\/307520\/revisions"}],"wp:featuredmedia":[{"embeddable":true,"href":"https:\/\/najnaj.eu\/fr\/wp-json\/wp\/v2\/media\/307594"}],"wp:attachment":[{"href":"https:\/\/najnaj.eu\/fr\/wp-json\/wp\/v2\/media?parent=307520"}],"wp:term":[{"taxonomy":"product_brand","embeddable":true,"href":"https:\/\/najnaj.eu\/fr\/wp-json\/wp\/v2\/product_brand?post=307520"},{"taxonomy":"product_cat","embeddable":true,"href":"https:\/\/najnaj.eu\/fr\/wp-json\/wp\/v2\/product_cat?post=307520"},{"taxonomy":"product_tag","embeddable":true,"href":"https:\/\/najnaj.eu\/fr\/wp-json\/wp\/v2\/product_tag?post=307520"}],"curies":[{"name":"wp","href":"https:\/\/api.w.org\/{rel}","templated":true}]}}