{"id":306843,"date":"2026-04-23T10:03:08","date_gmt":"2026-04-23T08:03:08","guid":{"rendered":"https:\/\/najnaj.eu\/?post_type=product&#038;p=306843"},"modified":"2026-05-05T11:22:08","modified_gmt":"2026-05-05T09:22:08","slug":"b-box-kutija-za-grickalice-superman","status":"publish","type":"product","link":"https:\/\/najnaj.eu\/fr\/proizvod\/b-box-kutija-za-grickalice-superman\/","title":{"rendered":"b.box Kutija za grickalice &#8211; Superman"},"content":{"rendered":"<p>Na putu ste? Uz na\u0161u posudicu, vrijeme za u\u017einu postaje najbolji dio dana. Savr\u0161eno rje\u0161enje za male porcije, koje uta\u017euju glad u parku, na putu ili na pla\u017ei. Fleksibilan poklopac omogu\u0107ava pospremanje cijele vo\u0107ke u kutijicu, bez potrebe za rezanjem, \u010dime se odr\u017eava njena svje\u017eina i dugotrajnost. Bez brige mo\u017eete spakirati \u010dak i teku\u0107e namirnice, poput jogurta ili umaka, jer su pretinci i poklopci nepropusni. Dijelovi posudice se mogu rastaviti, \u0161to omogu\u0107ava odr\u017eavanje higijene, a kop\u010da za otvaranje\/zatvaranje je dovoljno velika da je i dje\u010dji prsti\u0107i mogu sami otvoriti. Posudica je izra\u0111ena od polipropilena i silikona, \u0161to je \u010dini sigurnom za pohranu u zamrziva\u010d i olak\u0161ava vam pripremu tjednih obroka.<\/p>\n","protected":false},"excerpt":{"rendered":"<p>Leti, leti, u visine! SUPREMAN je tu da spasi dan. U\u010dinite svaki ru\u010dak super uz na\u0161u odva\u017enu i \u017eivopisnu SUPERMAN kolekciju. Dizajnirano da male heroje odr\u017ei punima energije za svaku avanturu koja slijedi.<\/p>\n<ul>\n<li>Dva zatvorena odjeljka otporna na curenje, osiguravaju mokru hranu poput pirea, jogurta ili umaka<\/li>\n<li>Brtve se mogu potpuno ukloniti radi lak\u0161eg \u010di\u0161\u0107enja i sprje\u010davanja nakupljanja plijesni<\/li>\n<li>Uz jedinstveni odjeljak za cijelo vo\u0107e s rastezljivom brtvom nema potrebe za rezanjem vo\u0107a na komadi\u0107e<\/li>\n<li>Pogodno za perilicu posu\u0111a, samo na gornjoj polici<\/li>\n<li>Dimenzije: 11 x 16,5 x 5,7 cm<\/li>\n<li>Kapacitet: 350 ml<\/li>\n<\/ul>\n","protected":false},"featured_media":306904,"comment_status":"open","ping_status":"closed","template":"","meta":{"_acf_changed":false,"footnotes":""},"product_brand":[],"product_cat":[577,655,622],"product_tag":[],"class_list":{"0":"post-306843","1":"product","2":"type-product","3":"status-publish","4":"has-post-thumbnail","6":"product_cat-hranjenje","7":"product_cat-kutije-za-uzinu","8":"product_cat-posude","9":"pa_boja-crvena","10":"pa_boja-tamno-plava","11":"pa_brand-b-box","12":"pa_vrsta-posuda-kutije-za-uzinu","14":"first","15":"instock","16":"purchasable","17":"product-type-simple"},"bundled_by":[],"bundle_stock_status":"instock","bundle_stock_quantity":15,"bundle_virtual":false,"bundle_layout":"","bundle_add_to_cart_form_location":"","bundle_editable_in_cart":false,"bundle_sold_individually_context":"","bundle_item_grouping":"","bundle_min_size":"","bundle_max_size":"","bundle_price":[],"bundled_items":[],"bundle_sell_ids":[],"acf":[],"yoast_head":"<!-- This site is optimized with the Yoast SEO Premium plugin v21.5 (Yoast SEO v27.5) - https:\/\/yoast.com\/product\/yoast-seo-premium-wordpress\/ -->\n<title>b.box Kutija za grickalice - Superman - NajNaj.eu<\/title>\n<meta name=\"robots\" content=\"index, follow, max-snippet:-1, max-image-preview:large, max-video-preview:-1\" \/>\n<link rel=\"canonical\" href=\"https:\/\/najnaj.eu\/fr\/proizvod\/b-box-kutija-za-grickalice-superman\/\" \/>\n<meta property=\"og:locale\" content=\"fr_FR\" \/>\n<meta property=\"og:type\" content=\"article\" \/>\n<meta property=\"og:title\" content=\"b.box Kutija za grickalice - Superman\" \/>\n<meta property=\"og:description\" content=\"Leti, leti, u visine! SUPREMAN je tu da spasi dan. U\u010dinite svaki ru\u010dak super uz na\u0161u odva\u017enu i \u017eivopisnu SUPERMAN kolekciju. Dizajnirano da male heroje odr\u017ei punima energije za svaku avanturu koja slijedi.   Dva zatvorena odjeljka otporna na curenje, osiguravaju mokru hranu poput pirea, jogurta ili umaka  Brtve se mogu potpuno ukloniti radi lak\u0161eg \u010di\u0161\u0107enja i sprje\u010davanja nakupljanja plijesni  Uz jedinstveni odjeljak za cijelo vo\u0107e s rastezljivom brtvom nema potrebe za rezanjem vo\u0107a na komadi\u0107e  Pogodno za perilicu posu\u0111a, samo na gornjoj polici  Dimenzije: 11 x 16,5 x 5,7 cm  Kapacitet: 350 ml\" \/>\n<meta property=\"og:url\" content=\"https:\/\/najnaj.eu\/fr\/proizvod\/b-box-kutija-za-grickalice-superman\/\" \/>\n<meta property=\"og:site_name\" content=\"NajNaj.eu\" \/>\n<meta property=\"article:publisher\" content=\"https:\/\/web.facebook.com\/najnaj.eu\/\" \/>\n<meta property=\"article:modified_time\" content=\"2026-05-05T09:22:08+00:00\" \/>\n<meta property=\"og:image\" content=\"https:\/\/najnaj.eu\/wp-content\/uploads\/2026\/04\/Superman-Snackbox_1-copy.jpg\" \/>\n\t<meta property=\"og:image:width\" content=\"1200\" \/>\n\t<meta property=\"og:image:height\" content=\"1200\" \/>\n\t<meta property=\"og:image:type\" content=\"image\/jpeg\" \/>\n<meta name=\"twitter:card\" content=\"summary_large_image\" \/>\n<meta name=\"twitter:label1\" content=\"Prix\" \/>\n\t<meta name=\"twitter:data1\" content=\"15,99&nbsp;&euro;\" \/>\n\t<meta name=\"twitter:label2\" content=\"Disponibilit\u00e9\" \/>\n\t<meta name=\"twitter:data2\" content=\"En stock\" \/>\n<script type=\"application\/ld+json\" class=\"yoast-schema-graph\">{\"@context\":\"https:\\\/\\\/schema.org\",\"@graph\":[{\"@type\":\"WebPage\",\"@id\":\"https:\\\/\\\/najnaj.eu\\\/fr\\\/proizvod\\\/b-box-kutija-za-grickalice-superman\\\/\",\"url\":\"https:\\\/\\\/najnaj.eu\\\/fr\\\/proizvod\\\/b-box-kutija-za-grickalice-superman\\\/\",\"name\":\"b.box Kutija za grickalice - Superman - NajNaj.eu\",\"isPartOf\":{\"@id\":\"https:\\\/\\\/najnaj.eu\\\/fr\\\/#website\"},\"primaryImageOfPage\":{\"@id\":\"https:\\\/\\\/najnaj.eu\\\/fr\\\/proizvod\\\/b-box-kutija-za-grickalice-superman\\\/#primaryimage\"},\"image\":{\"@id\":\"https:\\\/\\\/najnaj.eu\\\/fr\\\/proizvod\\\/b-box-kutija-za-grickalice-superman\\\/#primaryimage\"},\"thumbnailUrl\":\"https:\\\/\\\/najnaj.eu\\\/wp-content\\\/uploads\\\/2026\\\/04\\\/Superman-Snackbox_1-copy.jpg\",\"datePublished\":\"2026-04-23T08:03:08+00:00\",\"dateModified\":\"2026-05-05T09:22:08+00:00\",\"breadcrumb\":{\"@id\":\"https:\\\/\\\/najnaj.eu\\\/fr\\\/proizvod\\\/b-box-kutija-za-grickalice-superman\\\/#breadcrumb\"},\"inLanguage\":\"fr-FR\",\"potentialAction\":[{\"@type\":\"ReadAction\",\"target\":[\"https:\\\/\\\/najnaj.eu\\\/fr\\\/proizvod\\\/b-box-kutija-za-grickalice-superman\\\/\"]}]},{\"@type\":\"ImageObject\",\"inLanguage\":\"fr-FR\",\"@id\":\"https:\\\/\\\/najnaj.eu\\\/fr\\\/proizvod\\\/b-box-kutija-za-grickalice-superman\\\/#primaryimage\",\"url\":\"https:\\\/\\\/najnaj.eu\\\/wp-content\\\/uploads\\\/2026\\\/04\\\/Superman-Snackbox_1-copy.jpg\",\"contentUrl\":\"https:\\\/\\\/najnaj.eu\\\/wp-content\\\/uploads\\\/2026\\\/04\\\/Superman-Snackbox_1-copy.jpg\",\"width\":1200,\"height\":1200},{\"@type\":\"BreadcrumbList\",\"@id\":\"https:\\\/\\\/najnaj.eu\\\/fr\\\/proizvod\\\/b-box-kutija-za-grickalice-superman\\\/#breadcrumb\",\"itemListElement\":[{\"@type\":\"ListItem\",\"position\":1,\"name\":\"Po\u010detna stranica\",\"item\":\"https:\\\/\\\/najnaj.eu\\\/fr\\\/\"},{\"@type\":\"ListItem\",\"position\":2,\"name\":\"Trgovina\",\"item\":\"https:\\\/\\\/najnaj.hr\\\/trgovina\\\/\"},{\"@type\":\"ListItem\",\"position\":3,\"name\":\"b.box Kutija za grickalice &#8211; Superman\"}]},{\"@type\":\"WebSite\",\"@id\":\"https:\\\/\\\/najnaj.eu\\\/fr\\\/#website\",\"url\":\"https:\\\/\\\/najnaj.eu\\\/fr\\\/\",\"name\":\"NajNaj.eu\",\"description\":\"Za najva\u017enije!\",\"potentialAction\":[{\"@type\":\"SearchAction\",\"target\":{\"@type\":\"EntryPoint\",\"urlTemplate\":\"https:\\\/\\\/najnaj.eu\\\/fr\\\/?s={search_term_string}\"},\"query-input\":{\"@type\":\"PropertyValueSpecification\",\"valueRequired\":true,\"valueName\":\"search_term_string\"}}],\"inLanguage\":\"fr-FR\"}]}<\/script>\n<meta property=\"product:brand\" content=\"b.box\" \/>\n<meta property=\"product:price:amount\" content=\"15.99\" \/>\n<meta property=\"product:price:currency\" content=\"EUR\" \/>\n<meta property=\"og:availability\" content=\"instock\" \/>\n<meta property=\"product:availability\" content=\"instock\" \/>\n<meta property=\"product:retailer_item_id\" content=\"BX1440\" \/>\n<meta property=\"product:condition\" content=\"new\" \/>\n<!-- \/ Yoast SEO Premium plugin. -->","yoast_head_json":{"title":"b.box Kutija za grickalice - Superman - NajNaj.eu","robots":{"index":"index","follow":"follow","max-snippet":"max-snippet:-1","max-image-preview":"max-image-preview:large","max-video-preview":"max-video-preview:-1"},"canonical":"https:\/\/najnaj.eu\/fr\/proizvod\/b-box-kutija-za-grickalice-superman\/","og_locale":"fr_FR","og_type":"article","og_title":"b.box Kutija za grickalice - Superman","og_description":"Leti, leti, u visine! SUPREMAN je tu da spasi dan. U\u010dinite svaki ru\u010dak super uz na\u0161u odva\u017enu i \u017eivopisnu SUPERMAN kolekciju. Dizajnirano da male heroje odr\u017ei punima energije za svaku avanturu koja slijedi.   Dva zatvorena odjeljka otporna na curenje, osiguravaju mokru hranu poput pirea, jogurta ili umaka  Brtve se mogu potpuno ukloniti radi lak\u0161eg \u010di\u0161\u0107enja i sprje\u010davanja nakupljanja plijesni  Uz jedinstveni odjeljak za cijelo vo\u0107e s rastezljivom brtvom nema potrebe za rezanjem vo\u0107a na komadi\u0107e  Pogodno za perilicu posu\u0111a, samo na gornjoj polici  Dimenzije: 11 x 16,5 x 5,7 cm  Kapacitet: 350 ml","og_url":"https:\/\/najnaj.eu\/fr\/proizvod\/b-box-kutija-za-grickalice-superman\/","og_site_name":"NajNaj.eu","article_publisher":"https:\/\/web.facebook.com\/najnaj.eu\/","article_modified_time":"2026-05-05T09:22:08+00:00","og_image":[{"width":1200,"height":1200,"url":"https:\/\/najnaj.eu\/wp-content\/uploads\/2026\/04\/Superman-Snackbox_1-copy.jpg","type":"image\/jpeg"}],"twitter_card":"summary_large_image","twitter_misc":{"Prix":"15,99&nbsp;&euro;","Disponibilit\u00e9":"En stock"},"schema":{"@context":"https:\/\/schema.org","@graph":[{"@type":"WebPage","@id":"https:\/\/najnaj.eu\/fr\/proizvod\/b-box-kutija-za-grickalice-superman\/","url":"https:\/\/najnaj.eu\/fr\/proizvod\/b-box-kutija-za-grickalice-superman\/","name":"b.box Kutija za grickalice - Superman - NajNaj.eu","isPartOf":{"@id":"https:\/\/najnaj.eu\/fr\/#website"},"primaryImageOfPage":{"@id":"https:\/\/najnaj.eu\/fr\/proizvod\/b-box-kutija-za-grickalice-superman\/#primaryimage"},"image":{"@id":"https:\/\/najnaj.eu\/fr\/proizvod\/b-box-kutija-za-grickalice-superman\/#primaryimage"},"thumbnailUrl":"https:\/\/najnaj.eu\/wp-content\/uploads\/2026\/04\/Superman-Snackbox_1-copy.jpg","datePublished":"2026-04-23T08:03:08+00:00","dateModified":"2026-05-05T09:22:08+00:00","breadcrumb":{"@id":"https:\/\/najnaj.eu\/fr\/proizvod\/b-box-kutija-za-grickalice-superman\/#breadcrumb"},"inLanguage":"fr-FR","potentialAction":[{"@type":"ReadAction","target":["https:\/\/najnaj.eu\/fr\/proizvod\/b-box-kutija-za-grickalice-superman\/"]}]},{"@type":"ImageObject","inLanguage":"fr-FR","@id":"https:\/\/najnaj.eu\/fr\/proizvod\/b-box-kutija-za-grickalice-superman\/#primaryimage","url":"https:\/\/najnaj.eu\/wp-content\/uploads\/2026\/04\/Superman-Snackbox_1-copy.jpg","contentUrl":"https:\/\/najnaj.eu\/wp-content\/uploads\/2026\/04\/Superman-Snackbox_1-copy.jpg","width":1200,"height":1200},{"@type":"BreadcrumbList","@id":"https:\/\/najnaj.eu\/fr\/proizvod\/b-box-kutija-za-grickalice-superman\/#breadcrumb","itemListElement":[{"@type":"ListItem","position":1,"name":"Po\u010detna stranica","item":"https:\/\/najnaj.eu\/fr\/"},{"@type":"ListItem","position":2,"name":"Trgovina","item":"https:\/\/najnaj.hr\/trgovina\/"},{"@type":"ListItem","position":3,"name":"b.box Kutija za grickalice &#8211; Superman"}]},{"@type":"WebSite","@id":"https:\/\/najnaj.eu\/fr\/#website","url":"https:\/\/najnaj.eu\/fr\/","name":"NajNaj.eu","description":"Za najva\u017enije!","potentialAction":[{"@type":"SearchAction","target":{"@type":"EntryPoint","urlTemplate":"https:\/\/najnaj.eu\/fr\/?s={search_term_string}"},"query-input":{"@type":"PropertyValueSpecification","valueRequired":true,"valueName":"search_term_string"}}],"inLanguage":"fr-FR"}]},"product_brand":"b.box","product_price_amount":"15.99","product_price_currency":"EUR","og_availability":"instock","product_availability":"instock","product_retailer_item_id":"BX1440","product_condition":"new"},"_links":{"self":[{"href":"https:\/\/najnaj.eu\/fr\/wp-json\/wp\/v2\/product\/306843","targetHints":{"allow":["GET"]}}],"collection":[{"href":"https:\/\/najnaj.eu\/fr\/wp-json\/wp\/v2\/product"}],"about":[{"href":"https:\/\/najnaj.eu\/fr\/wp-json\/wp\/v2\/types\/product"}],"replies":[{"embeddable":true,"href":"https:\/\/najnaj.eu\/fr\/wp-json\/wp\/v2\/comments?post=306843"}],"version-history":[{"count":0,"href":"https:\/\/najnaj.eu\/fr\/wp-json\/wp\/v2\/product\/306843\/revisions"}],"wp:featuredmedia":[{"embeddable":true,"href":"https:\/\/najnaj.eu\/fr\/wp-json\/wp\/v2\/media\/306904"}],"wp:attachment":[{"href":"https:\/\/najnaj.eu\/fr\/wp-json\/wp\/v2\/media?parent=306843"}],"wp:term":[{"taxonomy":"product_brand","embeddable":true,"href":"https:\/\/najnaj.eu\/fr\/wp-json\/wp\/v2\/product_brand?post=306843"},{"taxonomy":"product_cat","embeddable":true,"href":"https:\/\/najnaj.eu\/fr\/wp-json\/wp\/v2\/product_cat?post=306843"},{"taxonomy":"product_tag","embeddable":true,"href":"https:\/\/najnaj.eu\/fr\/wp-json\/wp\/v2\/product_tag?post=306843"}],"curies":[{"name":"wp","href":"https:\/\/api.w.org\/{rel}","templated":true}]}}