{"id":306620,"date":"2026-04-22T13:39:45","date_gmt":"2026-04-22T11:39:45","guid":{"rendered":"https:\/\/najnaj.eu\/?post_type=product&#038;p=306620"},"modified":"2026-05-05T11:22:41","modified_gmt":"2026-05-05T09:22:41","slug":"b-box-silikonski-podbradnjak-superman","status":"publish","type":"product","link":"https:\/\/najnaj.eu\/fr\/proizvod\/b-box-silikonski-podbradnjak-superman\/","title":{"rendered":"b.box Silikonski podbradnjak &#8211; Superman"},"content":{"rendered":"<p>Kakav ulov! Ovaj savr\u0161eni podbradnjak koji se mo\u017ee ponijeti svugdje ima duboki \u2018stay open\u2019 d\u017eep, strukturno dizajniran da pomogne uhvatiti vi\u0161e hrane i teku\u0107ine, osiguravaju\u0107i da je beba \u010dista, suha i da joj je udobno za vrijeme obroka. Izra\u0111en je od netoksi\u010dnog silikona pogodnog za hranu koji zadr\u017eava glatku neljepljivu povr\u0161inu, \u010dak i kada je mokar.<\/p>\n<p>Lako se \u010disti, mo\u017ee se prati u perilici posu\u0111a i jednostavno se mota i pri\u010dvr\u0161\u0107uje za jelo u pokretu. Uklju\u010duje kop\u010du koja se lako pode\u0161ava za pravilno pristajanje, su\u017eena ramena koja omogu\u0107uju ve\u0107u pokretljivost ruku i glatki, udobni rub. Dostupan u rasponu prekrasnih suvremenih boja koje odgovaraju svakoj bebi, svakom no\u0161enju!<\/p>\n","protected":false},"excerpt":{"rendered":"<p>Leti, leti, u visine! SUPREMAN je tu da spasi dan. U\u010dinite svaki ru\u010dak super uz na\u0161u odva\u017enu i \u017eivopisnu SUPERMAN kolekciju. Dizajnirano da male heroje odr\u017ei punima energije za svaku avanturu koja slijedi.<\/p>\n<ul>\n<li>4mj+<\/li>\n<li>duboki \u201cstay open\u201d d\u017eep hvata vi\u0161e hrane i teku\u0107ine<\/li>\n<li>udoban su\u017eeni oblik ramena<\/li>\n<li>glatki oblo\u017eeni rub za udobnije no\u0161enje<\/li>\n<li>podesivo zatvaranje vrata<\/li>\n<li>netoksi\u010dni silikon zadr\u017eava svoju glatku neljepljivu povr\u0161inu, \u010dak i kada je mokar<\/li>\n<li>smotajte i osigurajte za kompaktnije &gt;skladi\u0161tenje u pokretu<\/li>\n<li>lako se \u010disti<\/li>\n<li>pogodno za pranje u perilici posu\u0111a<\/li>\n<li>izra\u0111en od FDA silikona<\/li>\n<li>dimenzije: 21,8cm x 29,6cm<\/li>\n<li>Bez BPA, ftalata i PVC-a<\/li>\n<\/ul>\n","protected":false},"featured_media":306621,"comment_status":"open","ping_status":"closed","template":"","meta":{"_acf_changed":false,"footnotes":""},"product_brand":[],"product_cat":[577,659,623],"product_tag":[],"class_list":{"0":"post-306620","1":"product","2":"type-product","3":"status-publish","4":"has-post-thumbnail","6":"product_cat-hranjenje","7":"product_cat-ostalo-za-hranjenje","8":"product_cat-podbradnjaci","9":"pa_boja-crvena","10":"pa_boja-tamno-plava","11":"pa_brand-b-box","13":"first","14":"instock","15":"shipping-taxable","16":"purchasable","17":"product-type-simple"},"bundled_by":[],"bundle_stock_status":"instock","bundle_stock_quantity":15,"bundle_virtual":false,"bundle_layout":"","bundle_add_to_cart_form_location":"","bundle_editable_in_cart":false,"bundle_sold_individually_context":"","bundle_item_grouping":"","bundle_min_size":"","bundle_max_size":"","bundle_price":[],"bundled_items":[],"bundle_sell_ids":[],"acf":[],"yoast_head":"<!-- This site is optimized with the Yoast SEO Premium plugin v21.5 (Yoast SEO v27.5) - https:\/\/yoast.com\/product\/yoast-seo-premium-wordpress\/ -->\n<title>b.box Silikonski podbradnjak - Superman - NajNaj.eu<\/title>\n<meta name=\"robots\" content=\"index, follow, max-snippet:-1, max-image-preview:large, max-video-preview:-1\" \/>\n<link rel=\"canonical\" href=\"https:\/\/najnaj.eu\/fr\/proizvod\/b-box-silikonski-podbradnjak-superman\/\" \/>\n<meta property=\"og:locale\" content=\"fr_FR\" \/>\n<meta property=\"og:type\" content=\"article\" \/>\n<meta property=\"og:title\" content=\"b.box Silikonski podbradnjak - Superman\" \/>\n<meta property=\"og:description\" content=\"Leti, leti, u visine! SUPREMAN je tu da spasi dan. U\u010dinite svaki ru\u010dak super uz na\u0161u odva\u017enu i \u017eivopisnu SUPERMAN kolekciju. Dizajnirano da male heroje odr\u017ei punima energije za svaku avanturu koja slijedi.   4mj+  duboki \u201cstay open\u201d d\u017eep hvata vi\u0161e hrane i teku\u0107ine  udoban su\u017eeni oblik ramena  glatki oblo\u017eeni rub za udobnije no\u0161enje  podesivo zatvaranje vrata  netoksi\u010dni silikon zadr\u017eava svoju glatku neljepljivu povr\u0161inu, \u010dak i kada je mokar  smotajte i osigurajte za kompaktnije &gt;skladi\u0161tenje u pokretu  lako se \u010disti  pogodno za pranje u perilici posu\u0111a  izra\u0111en od FDA silikona  dimenzije: 21,8cm x 29,6cm  Bez BPA, ftalata i PVC-a\" \/>\n<meta property=\"og:url\" content=\"https:\/\/najnaj.eu\/fr\/proizvod\/b-box-silikonski-podbradnjak-superman\/\" \/>\n<meta property=\"og:site_name\" content=\"NajNaj.eu\" \/>\n<meta property=\"article:publisher\" content=\"https:\/\/web.facebook.com\/najnaj.eu\/\" \/>\n<meta property=\"article:modified_time\" content=\"2026-05-05T09:22:41+00:00\" \/>\n<meta property=\"og:image\" content=\"https:\/\/najnaj.eu\/wp-content\/uploads\/2026\/04\/Superman-Silicone-Bibs_1-copy.jpg\" \/>\n\t<meta property=\"og:image:width\" content=\"1200\" \/>\n\t<meta property=\"og:image:height\" content=\"1200\" \/>\n\t<meta property=\"og:image:type\" content=\"image\/jpeg\" \/>\n<meta name=\"twitter:card\" content=\"summary_large_image\" \/>\n<meta name=\"twitter:label1\" content=\"Prix\" \/>\n\t<meta name=\"twitter:data1\" content=\"15,99&nbsp;&euro;\" \/>\n\t<meta name=\"twitter:label2\" content=\"Disponibilit\u00e9\" \/>\n\t<meta name=\"twitter:data2\" content=\"En stock\" \/>\n<script type=\"application\/ld+json\" class=\"yoast-schema-graph\">{\"@context\":\"https:\\\/\\\/schema.org\",\"@graph\":[{\"@type\":\"WebPage\",\"@id\":\"https:\\\/\\\/najnaj.eu\\\/fr\\\/proizvod\\\/b-box-silikonski-podbradnjak-superman\\\/\",\"url\":\"https:\\\/\\\/najnaj.eu\\\/fr\\\/proizvod\\\/b-box-silikonski-podbradnjak-superman\\\/\",\"name\":\"b.box Silikonski podbradnjak - Superman - NajNaj.eu\",\"isPartOf\":{\"@id\":\"https:\\\/\\\/najnaj.eu\\\/fr\\\/#website\"},\"primaryImageOfPage\":{\"@id\":\"https:\\\/\\\/najnaj.eu\\\/fr\\\/proizvod\\\/b-box-silikonski-podbradnjak-superman\\\/#primaryimage\"},\"image\":{\"@id\":\"https:\\\/\\\/najnaj.eu\\\/fr\\\/proizvod\\\/b-box-silikonski-podbradnjak-superman\\\/#primaryimage\"},\"thumbnailUrl\":\"https:\\\/\\\/najnaj.eu\\\/wp-content\\\/uploads\\\/2026\\\/04\\\/Superman-Silicone-Bibs_1-copy.jpg\",\"datePublished\":\"2026-04-22T11:39:45+00:00\",\"dateModified\":\"2026-05-05T09:22:41+00:00\",\"breadcrumb\":{\"@id\":\"https:\\\/\\\/najnaj.eu\\\/fr\\\/proizvod\\\/b-box-silikonski-podbradnjak-superman\\\/#breadcrumb\"},\"inLanguage\":\"fr-FR\",\"potentialAction\":[{\"@type\":\"ReadAction\",\"target\":[\"https:\\\/\\\/najnaj.eu\\\/fr\\\/proizvod\\\/b-box-silikonski-podbradnjak-superman\\\/\"]}]},{\"@type\":\"ImageObject\",\"inLanguage\":\"fr-FR\",\"@id\":\"https:\\\/\\\/najnaj.eu\\\/fr\\\/proizvod\\\/b-box-silikonski-podbradnjak-superman\\\/#primaryimage\",\"url\":\"https:\\\/\\\/najnaj.eu\\\/wp-content\\\/uploads\\\/2026\\\/04\\\/Superman-Silicone-Bibs_1-copy.jpg\",\"contentUrl\":\"https:\\\/\\\/najnaj.eu\\\/wp-content\\\/uploads\\\/2026\\\/04\\\/Superman-Silicone-Bibs_1-copy.jpg\",\"width\":1200,\"height\":1200},{\"@type\":\"BreadcrumbList\",\"@id\":\"https:\\\/\\\/najnaj.eu\\\/fr\\\/proizvod\\\/b-box-silikonski-podbradnjak-superman\\\/#breadcrumb\",\"itemListElement\":[{\"@type\":\"ListItem\",\"position\":1,\"name\":\"Po\u010detna stranica\",\"item\":\"https:\\\/\\\/najnaj.eu\\\/fr\\\/\"},{\"@type\":\"ListItem\",\"position\":2,\"name\":\"Trgovina\",\"item\":\"https:\\\/\\\/najnaj.hr\\\/trgovina\\\/\"},{\"@type\":\"ListItem\",\"position\":3,\"name\":\"b.box Silikonski podbradnjak &#8211; Superman\"}]},{\"@type\":\"WebSite\",\"@id\":\"https:\\\/\\\/najnaj.eu\\\/fr\\\/#website\",\"url\":\"https:\\\/\\\/najnaj.eu\\\/fr\\\/\",\"name\":\"NajNaj.eu\",\"description\":\"Za najva\u017enije!\",\"potentialAction\":[{\"@type\":\"SearchAction\",\"target\":{\"@type\":\"EntryPoint\",\"urlTemplate\":\"https:\\\/\\\/najnaj.eu\\\/fr\\\/?s={search_term_string}\"},\"query-input\":{\"@type\":\"PropertyValueSpecification\",\"valueRequired\":true,\"valueName\":\"search_term_string\"}}],\"inLanguage\":\"fr-FR\"}]}<\/script>\n<meta property=\"product:brand\" content=\"b.box\" \/>\n<meta property=\"product:price:amount\" content=\"15.99\" \/>\n<meta property=\"product:price:currency\" content=\"EUR\" \/>\n<meta property=\"og:availability\" content=\"instock\" \/>\n<meta property=\"product:availability\" content=\"instock\" \/>\n<meta property=\"product:retailer_item_id\" content=\"BX1438\" \/>\n<meta property=\"product:condition\" content=\"new\" \/>\n<!-- \/ Yoast SEO Premium plugin. -->","yoast_head_json":{"title":"b.box Silikonski podbradnjak - Superman - NajNaj.eu","robots":{"index":"index","follow":"follow","max-snippet":"max-snippet:-1","max-image-preview":"max-image-preview:large","max-video-preview":"max-video-preview:-1"},"canonical":"https:\/\/najnaj.eu\/fr\/proizvod\/b-box-silikonski-podbradnjak-superman\/","og_locale":"fr_FR","og_type":"article","og_title":"b.box Silikonski podbradnjak - Superman","og_description":"Leti, leti, u visine! SUPREMAN je tu da spasi dan. U\u010dinite svaki ru\u010dak super uz na\u0161u odva\u017enu i \u017eivopisnu SUPERMAN kolekciju. Dizajnirano da male heroje odr\u017ei punima energije za svaku avanturu koja slijedi.   4mj+  duboki \u201cstay open\u201d d\u017eep hvata vi\u0161e hrane i teku\u0107ine  udoban su\u017eeni oblik ramena  glatki oblo\u017eeni rub za udobnije no\u0161enje  podesivo zatvaranje vrata  netoksi\u010dni silikon zadr\u017eava svoju glatku neljepljivu povr\u0161inu, \u010dak i kada je mokar  smotajte i osigurajte za kompaktnije &gt;skladi\u0161tenje u pokretu  lako se \u010disti  pogodno za pranje u perilici posu\u0111a  izra\u0111en od FDA silikona  dimenzije: 21,8cm x 29,6cm  Bez BPA, ftalata i PVC-a","og_url":"https:\/\/najnaj.eu\/fr\/proizvod\/b-box-silikonski-podbradnjak-superman\/","og_site_name":"NajNaj.eu","article_publisher":"https:\/\/web.facebook.com\/najnaj.eu\/","article_modified_time":"2026-05-05T09:22:41+00:00","og_image":[{"width":1200,"height":1200,"url":"https:\/\/najnaj.eu\/wp-content\/uploads\/2026\/04\/Superman-Silicone-Bibs_1-copy.jpg","type":"image\/jpeg"}],"twitter_card":"summary_large_image","twitter_misc":{"Prix":"15,99&nbsp;&euro;","Disponibilit\u00e9":"En stock"},"schema":{"@context":"https:\/\/schema.org","@graph":[{"@type":"WebPage","@id":"https:\/\/najnaj.eu\/fr\/proizvod\/b-box-silikonski-podbradnjak-superman\/","url":"https:\/\/najnaj.eu\/fr\/proizvod\/b-box-silikonski-podbradnjak-superman\/","name":"b.box Silikonski podbradnjak - Superman - NajNaj.eu","isPartOf":{"@id":"https:\/\/najnaj.eu\/fr\/#website"},"primaryImageOfPage":{"@id":"https:\/\/najnaj.eu\/fr\/proizvod\/b-box-silikonski-podbradnjak-superman\/#primaryimage"},"image":{"@id":"https:\/\/najnaj.eu\/fr\/proizvod\/b-box-silikonski-podbradnjak-superman\/#primaryimage"},"thumbnailUrl":"https:\/\/najnaj.eu\/wp-content\/uploads\/2026\/04\/Superman-Silicone-Bibs_1-copy.jpg","datePublished":"2026-04-22T11:39:45+00:00","dateModified":"2026-05-05T09:22:41+00:00","breadcrumb":{"@id":"https:\/\/najnaj.eu\/fr\/proizvod\/b-box-silikonski-podbradnjak-superman\/#breadcrumb"},"inLanguage":"fr-FR","potentialAction":[{"@type":"ReadAction","target":["https:\/\/najnaj.eu\/fr\/proizvod\/b-box-silikonski-podbradnjak-superman\/"]}]},{"@type":"ImageObject","inLanguage":"fr-FR","@id":"https:\/\/najnaj.eu\/fr\/proizvod\/b-box-silikonski-podbradnjak-superman\/#primaryimage","url":"https:\/\/najnaj.eu\/wp-content\/uploads\/2026\/04\/Superman-Silicone-Bibs_1-copy.jpg","contentUrl":"https:\/\/najnaj.eu\/wp-content\/uploads\/2026\/04\/Superman-Silicone-Bibs_1-copy.jpg","width":1200,"height":1200},{"@type":"BreadcrumbList","@id":"https:\/\/najnaj.eu\/fr\/proizvod\/b-box-silikonski-podbradnjak-superman\/#breadcrumb","itemListElement":[{"@type":"ListItem","position":1,"name":"Po\u010detna stranica","item":"https:\/\/najnaj.eu\/fr\/"},{"@type":"ListItem","position":2,"name":"Trgovina","item":"https:\/\/najnaj.hr\/trgovina\/"},{"@type":"ListItem","position":3,"name":"b.box Silikonski podbradnjak &#8211; Superman"}]},{"@type":"WebSite","@id":"https:\/\/najnaj.eu\/fr\/#website","url":"https:\/\/najnaj.eu\/fr\/","name":"NajNaj.eu","description":"Za najva\u017enije!","potentialAction":[{"@type":"SearchAction","target":{"@type":"EntryPoint","urlTemplate":"https:\/\/najnaj.eu\/fr\/?s={search_term_string}"},"query-input":{"@type":"PropertyValueSpecification","valueRequired":true,"valueName":"search_term_string"}}],"inLanguage":"fr-FR"}]},"product_brand":"b.box","product_price_amount":"15.99","product_price_currency":"EUR","og_availability":"instock","product_availability":"instock","product_retailer_item_id":"BX1438","product_condition":"new"},"_links":{"self":[{"href":"https:\/\/najnaj.eu\/fr\/wp-json\/wp\/v2\/product\/306620","targetHints":{"allow":["GET"]}}],"collection":[{"href":"https:\/\/najnaj.eu\/fr\/wp-json\/wp\/v2\/product"}],"about":[{"href":"https:\/\/najnaj.eu\/fr\/wp-json\/wp\/v2\/types\/product"}],"replies":[{"embeddable":true,"href":"https:\/\/najnaj.eu\/fr\/wp-json\/wp\/v2\/comments?post=306620"}],"version-history":[{"count":0,"href":"https:\/\/najnaj.eu\/fr\/wp-json\/wp\/v2\/product\/306620\/revisions"}],"wp:featuredmedia":[{"embeddable":true,"href":"https:\/\/najnaj.eu\/fr\/wp-json\/wp\/v2\/media\/306621"}],"wp:attachment":[{"href":"https:\/\/najnaj.eu\/fr\/wp-json\/wp\/v2\/media?parent=306620"}],"wp:term":[{"taxonomy":"product_brand","embeddable":true,"href":"https:\/\/najnaj.eu\/fr\/wp-json\/wp\/v2\/product_brand?post=306620"},{"taxonomy":"product_cat","embeddable":true,"href":"https:\/\/najnaj.eu\/fr\/wp-json\/wp\/v2\/product_cat?post=306620"},{"taxonomy":"product_tag","embeddable":true,"href":"https:\/\/najnaj.eu\/fr\/wp-json\/wp\/v2\/product_tag?post=306620"}],"curies":[{"name":"wp","href":"https:\/\/api.w.org\/{rel}","templated":true}]}}