{"id":305738,"date":"2026-04-13T09:55:46","date_gmt":"2026-04-13T07:55:46","guid":{"rendered":"https:\/\/najnaj.eu\/?post_type=product&#038;p=305738"},"modified":"2026-04-13T11:56:52","modified_gmt":"2026-04-13T09:56:52","slug":"ergobaby-2-u-1-vreca-za-spavanje-on-the-move-light-tog-0-5-sailboat-dreams-6-18-m","status":"publish","type":"product","link":"https:\/\/najnaj.eu\/fr\/proizvod\/ergobaby-2-u-1-vreca-za-spavanje-on-the-move-light-tog-0-5-sailboat-dreams-6-18-m\/","title":{"rendered":"Ergobaby 2-u-1 vre\u0107a za spavanje On The Move Light TOG 0.5, Sailboat Dreams (6-18\/M)"},"content":{"rendered":"<p>Ergobaby vre\u0107a za spavanje On The Move ima dvije funkcije. Izra\u0111ena od ultra mekog i 100%-nog prozra\u010dnog pamuka u kojoj \u0107e va\u0161em djetetu biti ugodno i toplo dok spava u svom kreveti\u0107u ili izvan njega. Vre\u0107a za spavanje ima podesive naramenice za jednostavno obla\u010denje i skidanje, a dvosmjerni patentni zatvara\u010d omogu\u0107uje brzu promjenu pelene. Uz otvore za noge koji se mogu sakriti vre\u0107a za spavanje jednostavno postaje vre\u0107a za hodanje \u2013 savr\u0161eno za tek prohodalu djecu uvijek u pokretu!<\/p>\n<p><img loading=\"lazy\" decoding=\"async\" class=\"alignnone size-full wp-image-91685\" src=\"https:\/\/najnaj.eu\/wp-content\/uploads\/2023\/08\/Ergibaby-vreca-za-spavanje-infografika.jpeg\" alt=\"\" width=\"1052\" height=\"1053\" \/><\/p>\n","protected":false},"excerpt":{"rendered":"<ul>\n<li>omogu\u0107uje brzu promjenu pelena<\/li>\n<li>otvori za noge koji se mogu sakriti<\/li>\n<li>pogodna za putovanja &#8211; utor za pojaseve u kolicima i autosjedalicama<\/li>\n<li>debljina: TOG 0.5 (za ljetno razdoblje)<\/li>\n<\/ul>\n","protected":false},"featured_media":305744,"comment_status":"open","ping_status":"closed","template":"","meta":{"_acf_changed":false,"footnotes":""},"product_brand":[],"product_cat":[1266,626,554],"product_tag":[],"class_list":{"0":"post-305738","1":"product","2":"type-product","3":"status-publish","4":"has-post-thumbnail","6":"product_cat-2-u-1-vrece-za-spavanje-s-nogavicama","7":"product_cat-ljetne-vrece-za-spavanje","8":"product_cat-vrece-za-spavanje","9":"pa_boja-bijela","10":"pa_brand-ergobaby","12":"first","13":"instock","14":"purchasable","15":"product-type-simple"},"bundled_by":[],"bundle_stock_status":"instock","bundle_stock_quantity":15,"bundle_virtual":false,"bundle_layout":"","bundle_add_to_cart_form_location":"","bundle_editable_in_cart":false,"bundle_sold_individually_context":"","bundle_item_grouping":"","bundle_min_size":"","bundle_max_size":"","bundle_price":[],"bundled_items":[],"bundle_sell_ids":[],"acf":[],"yoast_head":"<!-- This site is optimized with the Yoast SEO Premium plugin v21.5 (Yoast SEO v27.4) - https:\/\/yoast.com\/product\/yoast-seo-premium-wordpress\/ -->\n<title>Ergobaby 2-u-1 vre\u0107a za spavanje On The Move Light TOG 0.5, Sailboat Dreams (6-18\/M) - NajNaj.eu<\/title>\n<meta name=\"robots\" content=\"index, follow, max-snippet:-1, max-image-preview:large, max-video-preview:-1\" \/>\n<link rel=\"canonical\" href=\"https:\/\/najnaj.eu\/fr\/proizvod\/ergobaby-2-u-1-vreca-za-spavanje-on-the-move-light-tog-0-5-sailboat-dreams-6-18-m\/\" \/>\n<meta property=\"og:locale\" content=\"fr_FR\" \/>\n<meta property=\"og:type\" content=\"article\" \/>\n<meta property=\"og:title\" content=\"Ergobaby 2-u-1 vre\u0107a za spavanje On The Move Light TOG 0.5, Sailboat Dreams (6-18\/M)\" \/>\n<meta property=\"og:description\" content=\"omogu\u0107uje brzu promjenu pelena  otvori za noge koji se mogu sakriti  pogodna za putovanja - utor za pojaseve u kolicima i autosjedalicama  debljina: TOG 0.5 (za ljetno razdoblje)\" \/>\n<meta property=\"og:url\" content=\"https:\/\/najnaj.eu\/fr\/proizvod\/ergobaby-2-u-1-vreca-za-spavanje-on-the-move-light-tog-0-5-sailboat-dreams-6-18-m\/\" \/>\n<meta property=\"og:site_name\" content=\"NajNaj.eu\" \/>\n<meta property=\"article:publisher\" content=\"https:\/\/web.facebook.com\/najnaj.eu\/\" \/>\n<meta property=\"article:modified_time\" content=\"2026-04-13T09:56:52+00:00\" \/>\n<meta property=\"og:image\" content=\"https:\/\/najnaj.eu\/wp-content\/uploads\/2026\/04\/on-the-move-sleep-bag-sailboat-dreams-02-5004x5004-5446c03aa-scaled.jpg\" \/>\n\t<meta property=\"og:image:width\" content=\"2560\" \/>\n\t<meta property=\"og:image:height\" content=\"2560\" \/>\n\t<meta property=\"og:image:type\" content=\"image\/jpeg\" \/>\n<meta name=\"twitter:card\" content=\"summary_large_image\" \/>\n<meta name=\"twitter:label1\" content=\"Prix\" \/>\n\t<meta name=\"twitter:data1\" content=\"34,90&nbsp;&euro;\" \/>\n\t<meta name=\"twitter:label2\" content=\"Disponibilit\u00e9\" \/>\n\t<meta name=\"twitter:data2\" content=\"En stock\" \/>\n<script type=\"application\/ld+json\" class=\"yoast-schema-graph\">{\"@context\":\"https:\\\/\\\/schema.org\",\"@graph\":[{\"@type\":\"WebPage\",\"@id\":\"https:\\\/\\\/najnaj.eu\\\/fr\\\/proizvod\\\/ergobaby-2-u-1-vreca-za-spavanje-on-the-move-light-tog-0-5-sailboat-dreams-6-18-m\\\/\",\"url\":\"https:\\\/\\\/najnaj.eu\\\/fr\\\/proizvod\\\/ergobaby-2-u-1-vreca-za-spavanje-on-the-move-light-tog-0-5-sailboat-dreams-6-18-m\\\/\",\"name\":\"Ergobaby 2-u-1 vre\u0107a za spavanje On The Move Light TOG 0.5, Sailboat Dreams (6-18\\\/M) - NajNaj.eu\",\"isPartOf\":{\"@id\":\"https:\\\/\\\/najnaj.eu\\\/fr\\\/#website\"},\"primaryImageOfPage\":{\"@id\":\"https:\\\/\\\/najnaj.eu\\\/fr\\\/proizvod\\\/ergobaby-2-u-1-vreca-za-spavanje-on-the-move-light-tog-0-5-sailboat-dreams-6-18-m\\\/#primaryimage\"},\"image\":{\"@id\":\"https:\\\/\\\/najnaj.eu\\\/fr\\\/proizvod\\\/ergobaby-2-u-1-vreca-za-spavanje-on-the-move-light-tog-0-5-sailboat-dreams-6-18-m\\\/#primaryimage\"},\"thumbnailUrl\":\"https:\\\/\\\/najnaj.eu\\\/wp-content\\\/uploads\\\/2026\\\/04\\\/on-the-move-sleep-bag-sailboat-dreams-02-5004x5004-5446c03aa-scaled.jpg\",\"datePublished\":\"2026-04-13T07:55:46+00:00\",\"dateModified\":\"2026-04-13T09:56:52+00:00\",\"breadcrumb\":{\"@id\":\"https:\\\/\\\/najnaj.eu\\\/fr\\\/proizvod\\\/ergobaby-2-u-1-vreca-za-spavanje-on-the-move-light-tog-0-5-sailboat-dreams-6-18-m\\\/#breadcrumb\"},\"inLanguage\":\"fr-FR\",\"potentialAction\":[{\"@type\":\"ReadAction\",\"target\":[\"https:\\\/\\\/najnaj.eu\\\/fr\\\/proizvod\\\/ergobaby-2-u-1-vreca-za-spavanje-on-the-move-light-tog-0-5-sailboat-dreams-6-18-m\\\/\"]}]},{\"@type\":\"ImageObject\",\"inLanguage\":\"fr-FR\",\"@id\":\"https:\\\/\\\/najnaj.eu\\\/fr\\\/proizvod\\\/ergobaby-2-u-1-vreca-za-spavanje-on-the-move-light-tog-0-5-sailboat-dreams-6-18-m\\\/#primaryimage\",\"url\":\"https:\\\/\\\/najnaj.eu\\\/wp-content\\\/uploads\\\/2026\\\/04\\\/on-the-move-sleep-bag-sailboat-dreams-02-5004x5004-5446c03aa-scaled.jpg\",\"contentUrl\":\"https:\\\/\\\/najnaj.eu\\\/wp-content\\\/uploads\\\/2026\\\/04\\\/on-the-move-sleep-bag-sailboat-dreams-02-5004x5004-5446c03aa-scaled.jpg\",\"width\":2560,\"height\":2560},{\"@type\":\"BreadcrumbList\",\"@id\":\"https:\\\/\\\/najnaj.eu\\\/fr\\\/proizvod\\\/ergobaby-2-u-1-vreca-za-spavanje-on-the-move-light-tog-0-5-sailboat-dreams-6-18-m\\\/#breadcrumb\",\"itemListElement\":[{\"@type\":\"ListItem\",\"position\":1,\"name\":\"Po\u010detna stranica\",\"item\":\"https:\\\/\\\/najnaj.eu\\\/fr\\\/\"},{\"@type\":\"ListItem\",\"position\":2,\"name\":\"Trgovina\",\"item\":\"https:\\\/\\\/najnaj.hr\\\/trgovina\\\/\"},{\"@type\":\"ListItem\",\"position\":3,\"name\":\"Ergobaby 2-u-1 vre\u0107a za spavanje On The Move Light TOG 0.5, Sailboat Dreams (6-18\\\/M)\"}]},{\"@type\":\"WebSite\",\"@id\":\"https:\\\/\\\/najnaj.eu\\\/fr\\\/#website\",\"url\":\"https:\\\/\\\/najnaj.eu\\\/fr\\\/\",\"name\":\"NajNaj.eu\",\"description\":\"Za najva\u017enije!\",\"potentialAction\":[{\"@type\":\"SearchAction\",\"target\":{\"@type\":\"EntryPoint\",\"urlTemplate\":\"https:\\\/\\\/najnaj.eu\\\/fr\\\/?s={search_term_string}\"},\"query-input\":{\"@type\":\"PropertyValueSpecification\",\"valueRequired\":true,\"valueName\":\"search_term_string\"}}],\"inLanguage\":\"fr-FR\"}]}<\/script>\n<meta property=\"product:brand\" content=\"Ergobaby\" \/>\n<meta property=\"product:price:amount\" content=\"34.90\" \/>\n<meta property=\"product:price:currency\" content=\"EUR\" \/>\n<meta property=\"og:availability\" content=\"instock\" \/>\n<meta property=\"product:availability\" content=\"instock\" \/>\n<meta property=\"product:retailer_item_id\" content=\"SLBMDSAIL5\" \/>\n<meta property=\"product:condition\" content=\"new\" \/>\n<!-- \/ Yoast SEO Premium plugin. -->","yoast_head_json":{"title":"Ergobaby 2-u-1 vre\u0107a za spavanje On The Move Light TOG 0.5, Sailboat Dreams (6-18\/M) - NajNaj.eu","robots":{"index":"index","follow":"follow","max-snippet":"max-snippet:-1","max-image-preview":"max-image-preview:large","max-video-preview":"max-video-preview:-1"},"canonical":"https:\/\/najnaj.eu\/fr\/proizvod\/ergobaby-2-u-1-vreca-za-spavanje-on-the-move-light-tog-0-5-sailboat-dreams-6-18-m\/","og_locale":"fr_FR","og_type":"article","og_title":"Ergobaby 2-u-1 vre\u0107a za spavanje On The Move Light TOG 0.5, Sailboat Dreams (6-18\/M)","og_description":"omogu\u0107uje brzu promjenu pelena  otvori za noge koji se mogu sakriti  pogodna za putovanja - utor za pojaseve u kolicima i autosjedalicama  debljina: TOG 0.5 (za ljetno razdoblje)","og_url":"https:\/\/najnaj.eu\/fr\/proizvod\/ergobaby-2-u-1-vreca-za-spavanje-on-the-move-light-tog-0-5-sailboat-dreams-6-18-m\/","og_site_name":"NajNaj.eu","article_publisher":"https:\/\/web.facebook.com\/najnaj.eu\/","article_modified_time":"2026-04-13T09:56:52+00:00","og_image":[{"width":2560,"height":2560,"url":"https:\/\/najnaj.eu\/wp-content\/uploads\/2026\/04\/on-the-move-sleep-bag-sailboat-dreams-02-5004x5004-5446c03aa-scaled.jpg","type":"image\/jpeg"}],"twitter_card":"summary_large_image","twitter_misc":{"Prix":"34,90&nbsp;&euro;","Disponibilit\u00e9":"En stock"},"schema":{"@context":"https:\/\/schema.org","@graph":[{"@type":"WebPage","@id":"https:\/\/najnaj.eu\/fr\/proizvod\/ergobaby-2-u-1-vreca-za-spavanje-on-the-move-light-tog-0-5-sailboat-dreams-6-18-m\/","url":"https:\/\/najnaj.eu\/fr\/proizvod\/ergobaby-2-u-1-vreca-za-spavanje-on-the-move-light-tog-0-5-sailboat-dreams-6-18-m\/","name":"Ergobaby 2-u-1 vre\u0107a za spavanje On The Move Light TOG 0.5, Sailboat Dreams (6-18\/M) - NajNaj.eu","isPartOf":{"@id":"https:\/\/najnaj.eu\/fr\/#website"},"primaryImageOfPage":{"@id":"https:\/\/najnaj.eu\/fr\/proizvod\/ergobaby-2-u-1-vreca-za-spavanje-on-the-move-light-tog-0-5-sailboat-dreams-6-18-m\/#primaryimage"},"image":{"@id":"https:\/\/najnaj.eu\/fr\/proizvod\/ergobaby-2-u-1-vreca-za-spavanje-on-the-move-light-tog-0-5-sailboat-dreams-6-18-m\/#primaryimage"},"thumbnailUrl":"https:\/\/najnaj.eu\/wp-content\/uploads\/2026\/04\/on-the-move-sleep-bag-sailboat-dreams-02-5004x5004-5446c03aa-scaled.jpg","datePublished":"2026-04-13T07:55:46+00:00","dateModified":"2026-04-13T09:56:52+00:00","breadcrumb":{"@id":"https:\/\/najnaj.eu\/fr\/proizvod\/ergobaby-2-u-1-vreca-za-spavanje-on-the-move-light-tog-0-5-sailboat-dreams-6-18-m\/#breadcrumb"},"inLanguage":"fr-FR","potentialAction":[{"@type":"ReadAction","target":["https:\/\/najnaj.eu\/fr\/proizvod\/ergobaby-2-u-1-vreca-za-spavanje-on-the-move-light-tog-0-5-sailboat-dreams-6-18-m\/"]}]},{"@type":"ImageObject","inLanguage":"fr-FR","@id":"https:\/\/najnaj.eu\/fr\/proizvod\/ergobaby-2-u-1-vreca-za-spavanje-on-the-move-light-tog-0-5-sailboat-dreams-6-18-m\/#primaryimage","url":"https:\/\/najnaj.eu\/wp-content\/uploads\/2026\/04\/on-the-move-sleep-bag-sailboat-dreams-02-5004x5004-5446c03aa-scaled.jpg","contentUrl":"https:\/\/najnaj.eu\/wp-content\/uploads\/2026\/04\/on-the-move-sleep-bag-sailboat-dreams-02-5004x5004-5446c03aa-scaled.jpg","width":2560,"height":2560},{"@type":"BreadcrumbList","@id":"https:\/\/najnaj.eu\/fr\/proizvod\/ergobaby-2-u-1-vreca-za-spavanje-on-the-move-light-tog-0-5-sailboat-dreams-6-18-m\/#breadcrumb","itemListElement":[{"@type":"ListItem","position":1,"name":"Po\u010detna stranica","item":"https:\/\/najnaj.eu\/fr\/"},{"@type":"ListItem","position":2,"name":"Trgovina","item":"https:\/\/najnaj.hr\/trgovina\/"},{"@type":"ListItem","position":3,"name":"Ergobaby 2-u-1 vre\u0107a za spavanje On The Move Light TOG 0.5, Sailboat Dreams (6-18\/M)"}]},{"@type":"WebSite","@id":"https:\/\/najnaj.eu\/fr\/#website","url":"https:\/\/najnaj.eu\/fr\/","name":"NajNaj.eu","description":"Za najva\u017enije!","potentialAction":[{"@type":"SearchAction","target":{"@type":"EntryPoint","urlTemplate":"https:\/\/najnaj.eu\/fr\/?s={search_term_string}"},"query-input":{"@type":"PropertyValueSpecification","valueRequired":true,"valueName":"search_term_string"}}],"inLanguage":"fr-FR"}]},"product_brand":"Ergobaby","product_price_amount":"34.90","product_price_currency":"EUR","og_availability":"instock","product_availability":"instock","product_retailer_item_id":"SLBMDSAIL5","product_condition":"new"},"_links":{"self":[{"href":"https:\/\/najnaj.eu\/fr\/wp-json\/wp\/v2\/product\/305738","targetHints":{"allow":["GET"]}}],"collection":[{"href":"https:\/\/najnaj.eu\/fr\/wp-json\/wp\/v2\/product"}],"about":[{"href":"https:\/\/najnaj.eu\/fr\/wp-json\/wp\/v2\/types\/product"}],"replies":[{"embeddable":true,"href":"https:\/\/najnaj.eu\/fr\/wp-json\/wp\/v2\/comments?post=305738"}],"version-history":[{"count":0,"href":"https:\/\/najnaj.eu\/fr\/wp-json\/wp\/v2\/product\/305738\/revisions"}],"wp:featuredmedia":[{"embeddable":true,"href":"https:\/\/najnaj.eu\/fr\/wp-json\/wp\/v2\/media\/305744"}],"wp:attachment":[{"href":"https:\/\/najnaj.eu\/fr\/wp-json\/wp\/v2\/media?parent=305738"}],"wp:term":[{"taxonomy":"product_brand","embeddable":true,"href":"https:\/\/najnaj.eu\/fr\/wp-json\/wp\/v2\/product_brand?post=305738"},{"taxonomy":"product_cat","embeddable":true,"href":"https:\/\/najnaj.eu\/fr\/wp-json\/wp\/v2\/product_cat?post=305738"},{"taxonomy":"product_tag","embeddable":true,"href":"https:\/\/najnaj.eu\/fr\/wp-json\/wp\/v2\/product_tag?post=305738"}],"curies":[{"name":"wp","href":"https:\/\/api.w.org\/{rel}","templated":true}]}}