{"id":305023,"date":"2026-04-07T11:26:47","date_gmt":"2026-04-07T09:26:47","guid":{"rendered":"https:\/\/najnaj.eu\/?post_type=product&#038;p=305023"},"modified":"2026-04-09T12:02:34","modified_gmt":"2026-04-09T10:02:34","slug":"aeromoov-zracna-podloga-za-autosjedalicu-grupa-0-cherries","status":"publish","type":"product","link":"https:\/\/najnaj.eu\/fr\/proizvod\/aeromoov-zracna-podloga-za-autosjedalicu-grupa-0-cherries\/","title":{"rendered":"AeroMoov Zra\u010dna Podloga za autosjedalicu grupa 0, Cherries"},"content":{"rendered":"<p>AeroMoov se pobrinuo da ljetne \u0161etnje i izleti budu ugodni i bezbri\u017eni.<br \/>\nAeroMoov zra\u010dna podloga posebno je dizajnirana kako bi osigurala da se djeca manje znoje i ne pregriju u autosjedalicama ili kolicima. Posebna 3D tehnologija osigurava cirkulaciju zraka ispod djeteta, te odr\u017eava dijete svje\u017eim i suhim tokom ljetnih mjeseci i visokih temperatura.<\/p>\n<p>\uf0b7Osigurava stalnu cirkulaciju zraka oko le\u0111a, nogu i glave djeteta<br \/>\n\uf0b7Upija vlagu i znoj<br \/>\n\uf0b7Smanjuje rizik od pregrijavanja<br \/>\n\uf0b7Mekana, udobna i periva u perilici na 40\u00b0C<\/p>\n<p>Karakteristike<br \/>\nJedinstvena 3D tehnologija<br \/>\nJedinstvena 3D tehnologija zra\u010dne podloge raspr\u0161uje vi\u0161ak topline i uvodi svje\u017ei zrak. Kako se 3D zra\u010dni sloj ne mo\u017ee komprimirati, on osigurava stalnu cirkulaciju zraka. Na taj na\u010din djetetova le\u0111a i kosa ostanu suha, a vo\u017enja u sjedalicama i kolicima ugodna i svje\u017ea.<\/p>\n<p>Mekani, upijaju\u0107i sloj od organskog pamuka<br \/>\nDijete sjedi na mekom sloju organskog pamuka koji upija sav vi\u0161ak znoja. Zra\u010dna podloga je izuzetno udobna, a kori\u0161tenjem podloga \u0161titimo originalne presvlake autosjedalica i kolica, te \u0107e dulje izgledati nova i lijepa.<\/p>\n","protected":false},"excerpt":{"rendered":"<p>Aeromoov zra\u010dna podloga namijenjena je djeci kojoj je toplo u autosjedalicama ili kolicima.<br \/>\n-omogu\u0107ava optimalnu cirkulaciju zraka<br \/>\n&#8211; udobna i meka podloga od organskog pamuka<br \/>\n&#8211; odgovara raznim modelima autosjedalicama grupe 1<br \/>\n&#8211; \u0161irok spektar boja<\/p>\n","protected":false},"featured_media":305033,"comment_status":"open","ping_status":"closed","template":"","meta":{"_acf_changed":false,"footnotes":""},"product_brand":[],"product_cat":[829,855],"product_tag":[2272],"class_list":{"0":"post-305023","1":"product","2":"type-product","3":"status-publish","4":"has-post-thumbnail","6":"product_cat-dodaci-za-autosjedalice","7":"product_cat-zracne-podloge-sjedalice","8":"product_tag-ljeto","9":"pa_boja-roza","10":"pa_brand-aeromoov","12":"first","13":"instock","14":"purchasable","15":"product-type-simple"},"bundled_by":[],"bundle_stock_status":"instock","bundle_stock_quantity":15,"bundle_virtual":false,"bundle_layout":"","bundle_add_to_cart_form_location":"","bundle_editable_in_cart":false,"bundle_sold_individually_context":"","bundle_item_grouping":"","bundle_min_size":"","bundle_max_size":"","bundle_price":[],"bundled_items":[],"bundle_sell_ids":[],"acf":[],"yoast_head":"<!-- This site is optimized with the Yoast SEO Premium plugin v21.5 (Yoast SEO v27.3) - https:\/\/yoast.com\/product\/yoast-seo-premium-wordpress\/ -->\n<title>AeroMoov Zra\u010dna Podloga za autosjedalicu grupa 0, Cherries - NajNaj.eu<\/title>\n<meta name=\"robots\" content=\"index, follow, max-snippet:-1, max-image-preview:large, max-video-preview:-1\" \/>\n<link rel=\"canonical\" href=\"https:\/\/najnaj.eu\/fr\/proizvod\/aeromoov-zracna-podloga-za-autosjedalicu-grupa-0-cherries\/\" \/>\n<meta property=\"og:locale\" content=\"fr_FR\" \/>\n<meta property=\"og:type\" content=\"article\" \/>\n<meta property=\"og:title\" content=\"AeroMoov Zra\u010dna Podloga za autosjedalicu grupa 0, Cherries\" \/>\n<meta property=\"og:description\" content=\"Aeromoov zra\u010dna podloga namijenjena je djeci kojoj je toplo u autosjedalicama ili kolicima. -omogu\u0107ava optimalnu cirkulaciju zraka - udobna i meka podloga od organskog pamuka - odgovara raznim modelima autosjedalicama grupe 1 - \u0161irok spektar boja\" \/>\n<meta property=\"og:url\" content=\"https:\/\/najnaj.eu\/fr\/proizvod\/aeromoov-zracna-podloga-za-autosjedalicu-grupa-0-cherries\/\" \/>\n<meta property=\"og:site_name\" content=\"NajNaj.eu\" \/>\n<meta property=\"article:publisher\" content=\"https:\/\/web.facebook.com\/najnaj.eu\/\" \/>\n<meta property=\"article:modified_time\" content=\"2026-04-09T10:02:34+00:00\" \/>\n<meta property=\"og:image\" content=\"https:\/\/najnaj.eu\/wp-content\/uploads\/2026\/04\/ALltd-0-CHS-Front-436x1024.png\" \/>\n\t<meta property=\"og:image:width\" content=\"436\" \/>\n\t<meta property=\"og:image:height\" content=\"1024\" \/>\n\t<meta property=\"og:image:type\" content=\"image\/png\" \/>\n<meta name=\"twitter:card\" content=\"summary_large_image\" \/>\n<meta name=\"twitter:label1\" content=\"Prix\" \/>\n\t<meta name=\"twitter:data1\" content=\"36,95&nbsp;&euro;\" \/>\n\t<meta name=\"twitter:label2\" content=\"Disponibilit\u00e9\" \/>\n\t<meta name=\"twitter:data2\" content=\"En stock\" \/>\n<script type=\"application\/ld+json\" class=\"yoast-schema-graph\">{\"@context\":\"https:\\\/\\\/schema.org\",\"@graph\":[{\"@type\":\"WebPage\",\"@id\":\"https:\\\/\\\/najnaj.eu\\\/fr\\\/proizvod\\\/aeromoov-zracna-podloga-za-autosjedalicu-grupa-0-cherries\\\/\",\"url\":\"https:\\\/\\\/najnaj.eu\\\/fr\\\/proizvod\\\/aeromoov-zracna-podloga-za-autosjedalicu-grupa-0-cherries\\\/\",\"name\":\"AeroMoov Zra\u010dna Podloga za autosjedalicu grupa 0, Cherries - NajNaj.eu\",\"isPartOf\":{\"@id\":\"https:\\\/\\\/najnaj.eu\\\/fr\\\/#website\"},\"primaryImageOfPage\":{\"@id\":\"https:\\\/\\\/najnaj.eu\\\/fr\\\/proizvod\\\/aeromoov-zracna-podloga-za-autosjedalicu-grupa-0-cherries\\\/#primaryimage\"},\"image\":{\"@id\":\"https:\\\/\\\/najnaj.eu\\\/fr\\\/proizvod\\\/aeromoov-zracna-podloga-za-autosjedalicu-grupa-0-cherries\\\/#primaryimage\"},\"thumbnailUrl\":\"https:\\\/\\\/najnaj.eu\\\/wp-content\\\/uploads\\\/2026\\\/04\\\/ALltd-0-CHS-Front-scaled.png\",\"datePublished\":\"2026-04-07T09:26:47+00:00\",\"dateModified\":\"2026-04-09T10:02:34+00:00\",\"breadcrumb\":{\"@id\":\"https:\\\/\\\/najnaj.eu\\\/fr\\\/proizvod\\\/aeromoov-zracna-podloga-za-autosjedalicu-grupa-0-cherries\\\/#breadcrumb\"},\"inLanguage\":\"fr-FR\",\"potentialAction\":[{\"@type\":\"ReadAction\",\"target\":[\"https:\\\/\\\/najnaj.eu\\\/fr\\\/proizvod\\\/aeromoov-zracna-podloga-za-autosjedalicu-grupa-0-cherries\\\/\"]}]},{\"@type\":\"ImageObject\",\"inLanguage\":\"fr-FR\",\"@id\":\"https:\\\/\\\/najnaj.eu\\\/fr\\\/proizvod\\\/aeromoov-zracna-podloga-za-autosjedalicu-grupa-0-cherries\\\/#primaryimage\",\"url\":\"https:\\\/\\\/najnaj.eu\\\/wp-content\\\/uploads\\\/2026\\\/04\\\/ALltd-0-CHS-Front-scaled.png\",\"contentUrl\":\"https:\\\/\\\/najnaj.eu\\\/wp-content\\\/uploads\\\/2026\\\/04\\\/ALltd-0-CHS-Front-scaled.png\",\"width\":1089,\"height\":2560},{\"@type\":\"BreadcrumbList\",\"@id\":\"https:\\\/\\\/najnaj.eu\\\/fr\\\/proizvod\\\/aeromoov-zracna-podloga-za-autosjedalicu-grupa-0-cherries\\\/#breadcrumb\",\"itemListElement\":[{\"@type\":\"ListItem\",\"position\":1,\"name\":\"Po\u010detna stranica\",\"item\":\"https:\\\/\\\/najnaj.eu\\\/fr\\\/\"},{\"@type\":\"ListItem\",\"position\":2,\"name\":\"Trgovina\",\"item\":\"https:\\\/\\\/najnaj.hr\\\/trgovina\\\/\"},{\"@type\":\"ListItem\",\"position\":3,\"name\":\"AeroMoov Zra\u010dna Podloga za autosjedalicu grupa 0, Cherries\"}]},{\"@type\":\"WebSite\",\"@id\":\"https:\\\/\\\/najnaj.eu\\\/fr\\\/#website\",\"url\":\"https:\\\/\\\/najnaj.eu\\\/fr\\\/\",\"name\":\"NajNaj.eu\",\"description\":\"Za najva\u017enije!\",\"potentialAction\":[{\"@type\":\"SearchAction\",\"target\":{\"@type\":\"EntryPoint\",\"urlTemplate\":\"https:\\\/\\\/najnaj.eu\\\/fr\\\/?s={search_term_string}\"},\"query-input\":{\"@type\":\"PropertyValueSpecification\",\"valueRequired\":true,\"valueName\":\"search_term_string\"}}],\"inLanguage\":\"fr-FR\"}]}<\/script>\n<meta property=\"product:brand\" content=\"AeroMoov\" \/>\n<meta property=\"product:price:amount\" content=\"36.95\" \/>\n<meta property=\"product:price:currency\" content=\"EUR\" \/>\n<meta property=\"og:availability\" content=\"instock\" \/>\n<meta property=\"product:availability\" content=\"instock\" \/>\n<meta property=\"product:retailer_item_id\" content=\"AL-0-CHS\" \/>\n<meta property=\"product:condition\" content=\"new\" \/>\n<!-- \/ Yoast SEO Premium plugin. -->","yoast_head_json":{"title":"AeroMoov Zra\u010dna Podloga za autosjedalicu grupa 0, Cherries - NajNaj.eu","robots":{"index":"index","follow":"follow","max-snippet":"max-snippet:-1","max-image-preview":"max-image-preview:large","max-video-preview":"max-video-preview:-1"},"canonical":"https:\/\/najnaj.eu\/fr\/proizvod\/aeromoov-zracna-podloga-za-autosjedalicu-grupa-0-cherries\/","og_locale":"fr_FR","og_type":"article","og_title":"AeroMoov Zra\u010dna Podloga za autosjedalicu grupa 0, Cherries","og_description":"Aeromoov zra\u010dna podloga namijenjena je djeci kojoj je toplo u autosjedalicama ili kolicima. -omogu\u0107ava optimalnu cirkulaciju zraka - udobna i meka podloga od organskog pamuka - odgovara raznim modelima autosjedalicama grupe 1 - \u0161irok spektar boja","og_url":"https:\/\/najnaj.eu\/fr\/proizvod\/aeromoov-zracna-podloga-za-autosjedalicu-grupa-0-cherries\/","og_site_name":"NajNaj.eu","article_publisher":"https:\/\/web.facebook.com\/najnaj.eu\/","article_modified_time":"2026-04-09T10:02:34+00:00","og_image":[{"width":436,"height":1024,"url":"https:\/\/najnaj.eu\/wp-content\/uploads\/2026\/04\/ALltd-0-CHS-Front-436x1024.png","type":"image\/png"}],"twitter_card":"summary_large_image","twitter_misc":{"Prix":"36,95&nbsp;&euro;","Disponibilit\u00e9":"En stock"},"schema":{"@context":"https:\/\/schema.org","@graph":[{"@type":"WebPage","@id":"https:\/\/najnaj.eu\/fr\/proizvod\/aeromoov-zracna-podloga-za-autosjedalicu-grupa-0-cherries\/","url":"https:\/\/najnaj.eu\/fr\/proizvod\/aeromoov-zracna-podloga-za-autosjedalicu-grupa-0-cherries\/","name":"AeroMoov Zra\u010dna Podloga za autosjedalicu grupa 0, Cherries - NajNaj.eu","isPartOf":{"@id":"https:\/\/najnaj.eu\/fr\/#website"},"primaryImageOfPage":{"@id":"https:\/\/najnaj.eu\/fr\/proizvod\/aeromoov-zracna-podloga-za-autosjedalicu-grupa-0-cherries\/#primaryimage"},"image":{"@id":"https:\/\/najnaj.eu\/fr\/proizvod\/aeromoov-zracna-podloga-za-autosjedalicu-grupa-0-cherries\/#primaryimage"},"thumbnailUrl":"https:\/\/najnaj.eu\/wp-content\/uploads\/2026\/04\/ALltd-0-CHS-Front-scaled.png","datePublished":"2026-04-07T09:26:47+00:00","dateModified":"2026-04-09T10:02:34+00:00","breadcrumb":{"@id":"https:\/\/najnaj.eu\/fr\/proizvod\/aeromoov-zracna-podloga-za-autosjedalicu-grupa-0-cherries\/#breadcrumb"},"inLanguage":"fr-FR","potentialAction":[{"@type":"ReadAction","target":["https:\/\/najnaj.eu\/fr\/proizvod\/aeromoov-zracna-podloga-za-autosjedalicu-grupa-0-cherries\/"]}]},{"@type":"ImageObject","inLanguage":"fr-FR","@id":"https:\/\/najnaj.eu\/fr\/proizvod\/aeromoov-zracna-podloga-za-autosjedalicu-grupa-0-cherries\/#primaryimage","url":"https:\/\/najnaj.eu\/wp-content\/uploads\/2026\/04\/ALltd-0-CHS-Front-scaled.png","contentUrl":"https:\/\/najnaj.eu\/wp-content\/uploads\/2026\/04\/ALltd-0-CHS-Front-scaled.png","width":1089,"height":2560},{"@type":"BreadcrumbList","@id":"https:\/\/najnaj.eu\/fr\/proizvod\/aeromoov-zracna-podloga-za-autosjedalicu-grupa-0-cherries\/#breadcrumb","itemListElement":[{"@type":"ListItem","position":1,"name":"Po\u010detna stranica","item":"https:\/\/najnaj.eu\/fr\/"},{"@type":"ListItem","position":2,"name":"Trgovina","item":"https:\/\/najnaj.hr\/trgovina\/"},{"@type":"ListItem","position":3,"name":"AeroMoov Zra\u010dna Podloga za autosjedalicu grupa 0, Cherries"}]},{"@type":"WebSite","@id":"https:\/\/najnaj.eu\/fr\/#website","url":"https:\/\/najnaj.eu\/fr\/","name":"NajNaj.eu","description":"Za najva\u017enije!","potentialAction":[{"@type":"SearchAction","target":{"@type":"EntryPoint","urlTemplate":"https:\/\/najnaj.eu\/fr\/?s={search_term_string}"},"query-input":{"@type":"PropertyValueSpecification","valueRequired":true,"valueName":"search_term_string"}}],"inLanguage":"fr-FR"}]},"product_brand":"AeroMoov","product_price_amount":"36.95","product_price_currency":"EUR","og_availability":"instock","product_availability":"instock","product_retailer_item_id":"AL-0-CHS","product_condition":"new"},"_links":{"self":[{"href":"https:\/\/najnaj.eu\/fr\/wp-json\/wp\/v2\/product\/305023","targetHints":{"allow":["GET"]}}],"collection":[{"href":"https:\/\/najnaj.eu\/fr\/wp-json\/wp\/v2\/product"}],"about":[{"href":"https:\/\/najnaj.eu\/fr\/wp-json\/wp\/v2\/types\/product"}],"replies":[{"embeddable":true,"href":"https:\/\/najnaj.eu\/fr\/wp-json\/wp\/v2\/comments?post=305023"}],"version-history":[{"count":0,"href":"https:\/\/najnaj.eu\/fr\/wp-json\/wp\/v2\/product\/305023\/revisions"}],"wp:featuredmedia":[{"embeddable":true,"href":"https:\/\/najnaj.eu\/fr\/wp-json\/wp\/v2\/media\/305033"}],"wp:attachment":[{"href":"https:\/\/najnaj.eu\/fr\/wp-json\/wp\/v2\/media?parent=305023"}],"wp:term":[{"taxonomy":"product_brand","embeddable":true,"href":"https:\/\/najnaj.eu\/fr\/wp-json\/wp\/v2\/product_brand?post=305023"},{"taxonomy":"product_cat","embeddable":true,"href":"https:\/\/najnaj.eu\/fr\/wp-json\/wp\/v2\/product_cat?post=305023"},{"taxonomy":"product_tag","embeddable":true,"href":"https:\/\/najnaj.eu\/fr\/wp-json\/wp\/v2\/product_tag?post=305023"}],"curies":[{"name":"wp","href":"https:\/\/api.w.org\/{rel}","templated":true}]}}