{"id":304637,"date":"2026-04-01T15:30:57","date_gmt":"2026-04-01T13:30:57","guid":{"rendered":"https:\/\/najnaj.eu\/?post_type=product&#038;p=304637"},"modified":"2026-04-08T08:34:22","modified_gmt":"2026-04-08T06:34:22","slug":"kanta-za-pelene-magic-majestic-blossom","status":"publish","type":"product","link":"https:\/\/najnaj.eu\/fr\/proizvod\/kanta-za-pelene-magic-majestic-blossom\/","title":{"rendered":"Kanta za pelene Magic Majestic &#8211; Blossom"},"content":{"rendered":"<p>Magic Majestic kanta za pelene 100% zadr\u017eava miris i odr\u017eava sobu va\u0161e bebe mirisnom i svje\u017eom.<\/p>\n<p>Za upotrebu mogu se koristiti uobi\u010dajene vre\u0107ice za sme\u0107e \u0161to omogu\u0107ava u\u0161tedu i jednostavnost kori\u0161tenja.<\/p>\n<p>Ova je kanta modernog dizajna i malih dimenzija zbog \u010dega se uklapa u ba\u0161 svaki prostor. Jednostavna je i ekonomi\u010dna za kori\u0161enje, a kako bi miris bio u potpunosti neprobojan, kantu je potrebno koristiti na pravilan na\u010din.<\/p>\n<p>Magic Majestic kanta za pelene mo\u017ee se koristiti svakodnevno kao normalna kanta za otpad nakon perioda kada vam je potrebna za pelene.<br \/>\nDostupna u 6 predivnih boja.<\/p>\n","protected":false},"excerpt":{"rendered":"<p>\u2022 Sustav za zaustavljanje neugodnih mirisa<br \/>\n\u2022 100% bez mirisa<br \/>\n\u2022 Jednostavna za kori\u0161tenje<br \/>\n\u2022 Upotreba uz uobi\u010dajene plasti\u010dne vre\u0107ice<br \/>\n\u2022 Kapacitet: 25 pelena za novoro\u0111en\u010de<br \/>\n\u2022 Primjereno za vre\u0107i\u0107e za otpad zapremine 30 l ili vi\u0161e<br \/>\n\u2022 Sigurno i jednostavno rukovanje jednom rukom<br \/>\n\u2022 Uz proizvod dolazi paket od 15 Magic vre\u0107ica<\/p>\n","protected":false},"featured_media":304640,"comment_status":"open","ping_status":"closed","template":"","meta":{"_acf_changed":false,"footnotes":""},"product_brand":[],"product_cat":[667,840],"product_tag":[],"class_list":{"0":"post-304637","1":"product","2":"type-product","3":"status-publish","4":"has-post-thumbnail","6":"product_cat-djecja-sobica","7":"product_cat-kante-za-pelene","8":"pa_boja-roza","9":"pa_brand-magic","11":"first","12":"outofstock","13":"purchasable","14":"product-type-simple"},"bundled_by":[],"bundle_stock_status":"outofstock","bundle_stock_quantity":0,"bundle_virtual":false,"bundle_layout":"","bundle_add_to_cart_form_location":"","bundle_editable_in_cart":false,"bundle_sold_individually_context":"","bundle_item_grouping":"","bundle_min_size":"","bundle_max_size":"","bundle_price":[],"bundled_items":[],"bundle_sell_ids":[],"acf":[],"yoast_head":"<!-- This site is optimized with the Yoast SEO Premium plugin v21.5 (Yoast SEO v27.3) - https:\/\/yoast.com\/product\/yoast-seo-premium-wordpress\/ -->\n<title>Kanta za pelene Magic Majestic - Blossom - NajNaj.eu<\/title>\n<meta name=\"robots\" content=\"index, follow, max-snippet:-1, max-image-preview:large, max-video-preview:-1\" \/>\n<link rel=\"canonical\" href=\"https:\/\/najnaj.eu\/fr\/proizvod\/kanta-za-pelene-magic-majestic-blossom\/\" \/>\n<meta property=\"og:locale\" content=\"fr_FR\" \/>\n<meta property=\"og:type\" content=\"article\" \/>\n<meta property=\"og:title\" content=\"Kanta za pelene Magic Majestic - Blossom\" \/>\n<meta property=\"og:description\" content=\"\u2022 Sustav za zaustavljanje neugodnih mirisa \u2022 100% bez mirisa \u2022 Jednostavna za kori\u0161tenje \u2022 Upotreba uz uobi\u010dajene plasti\u010dne vre\u0107ice \u2022 Kapacitet: 25 pelena za novoro\u0111en\u010de \u2022 Primjereno za vre\u0107i\u0107e za otpad zapremine 30 l ili vi\u0161e \u2022 Sigurno i jednostavno rukovanje jednom rukom \u2022 Uz proizvod dolazi paket od 15 Magic vre\u0107ica\" \/>\n<meta property=\"og:url\" content=\"https:\/\/najnaj.eu\/fr\/proizvod\/kanta-za-pelene-magic-majestic-blossom\/\" \/>\n<meta property=\"og:site_name\" content=\"NajNaj.eu\" \/>\n<meta property=\"article:publisher\" content=\"https:\/\/web.facebook.com\/najnaj.eu\/\" \/>\n<meta property=\"article:modified_time\" content=\"2026-04-08T06:34:22+00:00\" \/>\n<meta property=\"og:image\" content=\"https:\/\/najnaj.eu\/wp-content\/uploads\/2026\/04\/MAJESTIC_Blossom_2_800x.webp\" \/>\n\t<meta property=\"og:image:width\" content=\"800\" \/>\n\t<meta property=\"og:image:height\" content=\"800\" \/>\n\t<meta property=\"og:image:type\" content=\"image\/webp\" \/>\n<meta name=\"twitter:card\" content=\"summary_large_image\" \/>\n<meta name=\"twitter:label1\" content=\"Prix\" \/>\n\t<meta name=\"twitter:data1\" content=\"64,95&nbsp;&euro;\" \/>\n\t<meta name=\"twitter:label2\" content=\"Disponibilit\u00e9\" \/>\n\t<meta name=\"twitter:data2\" content=\"Rupture de stock\" \/>\n<script type=\"application\/ld+json\" class=\"yoast-schema-graph\">{\"@context\":\"https:\\\/\\\/schema.org\",\"@graph\":[{\"@type\":\"WebPage\",\"@id\":\"https:\\\/\\\/najnaj.eu\\\/fr\\\/proizvod\\\/kanta-za-pelene-magic-majestic-blossom\\\/\",\"url\":\"https:\\\/\\\/najnaj.eu\\\/fr\\\/proizvod\\\/kanta-za-pelene-magic-majestic-blossom\\\/\",\"name\":\"Kanta za pelene Magic Majestic - Blossom - NajNaj.eu\",\"isPartOf\":{\"@id\":\"https:\\\/\\\/najnaj.eu\\\/fr\\\/#website\"},\"primaryImageOfPage\":{\"@id\":\"https:\\\/\\\/najnaj.eu\\\/fr\\\/proizvod\\\/kanta-za-pelene-magic-majestic-blossom\\\/#primaryimage\"},\"image\":{\"@id\":\"https:\\\/\\\/najnaj.eu\\\/fr\\\/proizvod\\\/kanta-za-pelene-magic-majestic-blossom\\\/#primaryimage\"},\"thumbnailUrl\":\"https:\\\/\\\/najnaj.eu\\\/wp-content\\\/uploads\\\/2026\\\/04\\\/MAJESTIC_Blossom_2_800x.webp\",\"datePublished\":\"2026-04-01T13:30:57+00:00\",\"dateModified\":\"2026-04-08T06:34:22+00:00\",\"breadcrumb\":{\"@id\":\"https:\\\/\\\/najnaj.eu\\\/fr\\\/proizvod\\\/kanta-za-pelene-magic-majestic-blossom\\\/#breadcrumb\"},\"inLanguage\":\"fr-FR\",\"potentialAction\":[{\"@type\":\"ReadAction\",\"target\":[\"https:\\\/\\\/najnaj.eu\\\/fr\\\/proizvod\\\/kanta-za-pelene-magic-majestic-blossom\\\/\"]}]},{\"@type\":\"ImageObject\",\"inLanguage\":\"fr-FR\",\"@id\":\"https:\\\/\\\/najnaj.eu\\\/fr\\\/proizvod\\\/kanta-za-pelene-magic-majestic-blossom\\\/#primaryimage\",\"url\":\"https:\\\/\\\/najnaj.eu\\\/wp-content\\\/uploads\\\/2026\\\/04\\\/MAJESTIC_Blossom_2_800x.webp\",\"contentUrl\":\"https:\\\/\\\/najnaj.eu\\\/wp-content\\\/uploads\\\/2026\\\/04\\\/MAJESTIC_Blossom_2_800x.webp\",\"width\":800,\"height\":800},{\"@type\":\"BreadcrumbList\",\"@id\":\"https:\\\/\\\/najnaj.eu\\\/fr\\\/proizvod\\\/kanta-za-pelene-magic-majestic-blossom\\\/#breadcrumb\",\"itemListElement\":[{\"@type\":\"ListItem\",\"position\":1,\"name\":\"Po\u010detna stranica\",\"item\":\"https:\\\/\\\/najnaj.eu\\\/fr\\\/\"},{\"@type\":\"ListItem\",\"position\":2,\"name\":\"Trgovina\",\"item\":\"https:\\\/\\\/najnaj.hr\\\/trgovina\\\/\"},{\"@type\":\"ListItem\",\"position\":3,\"name\":\"Kanta za pelene Magic Majestic &#8211; Blossom\"}]},{\"@type\":\"WebSite\",\"@id\":\"https:\\\/\\\/najnaj.eu\\\/fr\\\/#website\",\"url\":\"https:\\\/\\\/najnaj.eu\\\/fr\\\/\",\"name\":\"NajNaj.eu\",\"description\":\"Za najva\u017enije!\",\"potentialAction\":[{\"@type\":\"SearchAction\",\"target\":{\"@type\":\"EntryPoint\",\"urlTemplate\":\"https:\\\/\\\/najnaj.eu\\\/fr\\\/?s={search_term_string}\"},\"query-input\":{\"@type\":\"PropertyValueSpecification\",\"valueRequired\":true,\"valueName\":\"search_term_string\"}}],\"inLanguage\":\"fr-FR\"}]}<\/script>\n<meta property=\"product:brand\" content=\"Magic\" \/>\n<meta property=\"product:price:amount\" content=\"64.95\" \/>\n<meta property=\"product:price:currency\" content=\"EUR\" \/>\n<meta property=\"og:availability\" content=\"out of stock\" \/>\n<meta property=\"product:availability\" content=\"out of stock\" \/>\n<meta property=\"product:retailer_item_id\" content=\"10110451221\" \/>\n<meta property=\"product:condition\" content=\"new\" \/>\n<!-- \/ Yoast SEO Premium plugin. -->","yoast_head_json":{"title":"Kanta za pelene Magic Majestic - Blossom - NajNaj.eu","robots":{"index":"index","follow":"follow","max-snippet":"max-snippet:-1","max-image-preview":"max-image-preview:large","max-video-preview":"max-video-preview:-1"},"canonical":"https:\/\/najnaj.eu\/fr\/proizvod\/kanta-za-pelene-magic-majestic-blossom\/","og_locale":"fr_FR","og_type":"article","og_title":"Kanta za pelene Magic Majestic - Blossom","og_description":"\u2022 Sustav za zaustavljanje neugodnih mirisa \u2022 100% bez mirisa \u2022 Jednostavna za kori\u0161tenje \u2022 Upotreba uz uobi\u010dajene plasti\u010dne vre\u0107ice \u2022 Kapacitet: 25 pelena za novoro\u0111en\u010de \u2022 Primjereno za vre\u0107i\u0107e za otpad zapremine 30 l ili vi\u0161e \u2022 Sigurno i jednostavno rukovanje jednom rukom \u2022 Uz proizvod dolazi paket od 15 Magic vre\u0107ica","og_url":"https:\/\/najnaj.eu\/fr\/proizvod\/kanta-za-pelene-magic-majestic-blossom\/","og_site_name":"NajNaj.eu","article_publisher":"https:\/\/web.facebook.com\/najnaj.eu\/","article_modified_time":"2026-04-08T06:34:22+00:00","og_image":[{"width":800,"height":800,"url":"https:\/\/najnaj.eu\/wp-content\/uploads\/2026\/04\/MAJESTIC_Blossom_2_800x.webp","type":"image\/webp"}],"twitter_card":"summary_large_image","twitter_misc":{"Prix":"64,95&nbsp;&euro;","Disponibilit\u00e9":"Rupture de stock"},"schema":{"@context":"https:\/\/schema.org","@graph":[{"@type":"WebPage","@id":"https:\/\/najnaj.eu\/fr\/proizvod\/kanta-za-pelene-magic-majestic-blossom\/","url":"https:\/\/najnaj.eu\/fr\/proizvod\/kanta-za-pelene-magic-majestic-blossom\/","name":"Kanta za pelene Magic Majestic - Blossom - NajNaj.eu","isPartOf":{"@id":"https:\/\/najnaj.eu\/fr\/#website"},"primaryImageOfPage":{"@id":"https:\/\/najnaj.eu\/fr\/proizvod\/kanta-za-pelene-magic-majestic-blossom\/#primaryimage"},"image":{"@id":"https:\/\/najnaj.eu\/fr\/proizvod\/kanta-za-pelene-magic-majestic-blossom\/#primaryimage"},"thumbnailUrl":"https:\/\/najnaj.eu\/wp-content\/uploads\/2026\/04\/MAJESTIC_Blossom_2_800x.webp","datePublished":"2026-04-01T13:30:57+00:00","dateModified":"2026-04-08T06:34:22+00:00","breadcrumb":{"@id":"https:\/\/najnaj.eu\/fr\/proizvod\/kanta-za-pelene-magic-majestic-blossom\/#breadcrumb"},"inLanguage":"fr-FR","potentialAction":[{"@type":"ReadAction","target":["https:\/\/najnaj.eu\/fr\/proizvod\/kanta-za-pelene-magic-majestic-blossom\/"]}]},{"@type":"ImageObject","inLanguage":"fr-FR","@id":"https:\/\/najnaj.eu\/fr\/proizvod\/kanta-za-pelene-magic-majestic-blossom\/#primaryimage","url":"https:\/\/najnaj.eu\/wp-content\/uploads\/2026\/04\/MAJESTIC_Blossom_2_800x.webp","contentUrl":"https:\/\/najnaj.eu\/wp-content\/uploads\/2026\/04\/MAJESTIC_Blossom_2_800x.webp","width":800,"height":800},{"@type":"BreadcrumbList","@id":"https:\/\/najnaj.eu\/fr\/proizvod\/kanta-za-pelene-magic-majestic-blossom\/#breadcrumb","itemListElement":[{"@type":"ListItem","position":1,"name":"Po\u010detna stranica","item":"https:\/\/najnaj.eu\/fr\/"},{"@type":"ListItem","position":2,"name":"Trgovina","item":"https:\/\/najnaj.hr\/trgovina\/"},{"@type":"ListItem","position":3,"name":"Kanta za pelene Magic Majestic &#8211; Blossom"}]},{"@type":"WebSite","@id":"https:\/\/najnaj.eu\/fr\/#website","url":"https:\/\/najnaj.eu\/fr\/","name":"NajNaj.eu","description":"Za najva\u017enije!","potentialAction":[{"@type":"SearchAction","target":{"@type":"EntryPoint","urlTemplate":"https:\/\/najnaj.eu\/fr\/?s={search_term_string}"},"query-input":{"@type":"PropertyValueSpecification","valueRequired":true,"valueName":"search_term_string"}}],"inLanguage":"fr-FR"}]},"product_brand":"Magic","product_price_amount":"64.95","product_price_currency":"EUR","og_availability":"out of stock","product_availability":"out of stock","product_retailer_item_id":"10110451221","product_condition":"new"},"_links":{"self":[{"href":"https:\/\/najnaj.eu\/fr\/wp-json\/wp\/v2\/product\/304637","targetHints":{"allow":["GET"]}}],"collection":[{"href":"https:\/\/najnaj.eu\/fr\/wp-json\/wp\/v2\/product"}],"about":[{"href":"https:\/\/najnaj.eu\/fr\/wp-json\/wp\/v2\/types\/product"}],"replies":[{"embeddable":true,"href":"https:\/\/najnaj.eu\/fr\/wp-json\/wp\/v2\/comments?post=304637"}],"version-history":[{"count":1,"href":"https:\/\/najnaj.eu\/fr\/wp-json\/wp\/v2\/product\/304637\/revisions"}],"predecessor-version":[{"id":305351,"href":"https:\/\/najnaj.eu\/fr\/wp-json\/wp\/v2\/product\/304637\/revisions\/305351"}],"wp:featuredmedia":[{"embeddable":true,"href":"https:\/\/najnaj.eu\/fr\/wp-json\/wp\/v2\/media\/304640"}],"wp:attachment":[{"href":"https:\/\/najnaj.eu\/fr\/wp-json\/wp\/v2\/media?parent=304637"}],"wp:term":[{"taxonomy":"product_brand","embeddable":true,"href":"https:\/\/najnaj.eu\/fr\/wp-json\/wp\/v2\/product_brand?post=304637"},{"taxonomy":"product_cat","embeddable":true,"href":"https:\/\/najnaj.eu\/fr\/wp-json\/wp\/v2\/product_cat?post=304637"},{"taxonomy":"product_tag","embeddable":true,"href":"https:\/\/najnaj.eu\/fr\/wp-json\/wp\/v2\/product_tag?post=304637"}],"curies":[{"name":"wp","href":"https:\/\/api.w.org\/{rel}","templated":true}]}}