{"id":304138,"date":"2026-03-30T14:55:08","date_gmt":"2026-03-30T12:55:08","guid":{"rendered":"https:\/\/najnaj.eu\/?post_type=product&#038;p=304138"},"modified":"2026-04-08T08:34:34","modified_gmt":"2026-04-08T06:34:34","slug":"besafe-stretch%c2%b2-anthracite-mesh","status":"publish","type":"product","link":"https:\/\/najnaj.eu\/fr\/proizvod\/besafe-stretch%c2%b2-anthracite-mesh\/","title":{"rendered":"BeSafe Stretch\u00b2, Anthracite Mesh"},"content":{"rendered":"<h3><strong>Suprotno od smjera vo\u017enje do 7. godine\u00a0<\/strong><\/h3>\n<p><span style=\"font-weight: 400;\">Autosjedalica inovativnog dizajna koja pru\u017ea vrhunsku sigurnost i udobnost za djecu do otprilike 7 godina. Uz BeSafe Stretch\u00b2, dijete mo\u017ee putovati okrenuto suprotno od smjera vo\u017enje od 6 mjeseci pa sve do pribli\u017eno 7 godina (125 cm i 36 kg).<\/span><\/p>\n<h3><strong>Izvanredan prostor za noge<\/strong><\/h3>\n<p><span style=\"font-weight: 400;\">Prostor za noge na Stretch\u00b2 lako se pode\u0161ava pomo\u0107u prednjeg oslonca i mo\u017ee se prilagoditi rastu djeteta do 26 cm. Dovoljno mjesta i udobnosti \u010dak i za sedmogodi\u0161njake.<\/span><\/p>\n<h3><strong>Jednostavno pode\u0161avanje nagiba<\/strong><\/h3>\n<p><span style=\"font-weight: 400;\">Autosjedalica nudi pet razina nagiba za maksimalnu udobnost, \u0161to je mogu\u0107e pode\u0161avati i nakon \u0161to je sjedalica postavljena u automobil.<\/span><\/p>\n<h3><strong>Jednostavna i fleksibilna instalacija<\/strong><\/h3>\n<p><span style=\"font-weight: 400;\">Sjedalica se lako postavlja pomo\u0107u sigurnosnog pojasa automobila, te nije ograni\u010dena na ISOfix priklju\u010dke, \u0161to omogu\u0107ava monta\u017eu na bilo koje sjedalo u automobilu, \u010dak i na suvoza\u010devo sjedalo. Zahvaljuju\u0107i pametnim rje\u0161enjima, postavljanje pojasom vrlo je intuitivno i jednostavno za svakoga.\u00a0<\/span><\/p>\n<h3><strong>Jedinstveni okvir za maksimalnu sigurnost<\/strong><\/h3>\n<p><span style=\"font-weight: 400;\">Posebno dizajniran okvir autosjedalice apsorbira energiju pri frontalnom sudaru, dok dodatno oja\u010dana stra\u017enja konstrukcija osigurava stabilnost i za\u0161titu djeteta.<\/span><\/p>\n<h3><strong>Ergo Cushion\u2122\u00a0<\/strong><\/h3>\n<p><span style=\"font-weight: 400;\">Ergo Cushion\u2122 pru\u017ea dodatnu udobnost starijoj djeci dodatnim jastu\u010di\u0107ima koji se ume\u0107u na naslon za le\u0111a, te tako podupiru prirodnu krivinu lumbalne kralje\u017enice. Ovo je osobito va\u017eno za djecu otprilike od 3\/4 do oko 7 godina starosti, jer u tom razdoblju razvoja kralje\u017enice dolazi do izra\u017eenije zakrivljenosti u donjem dijelu le\u0111a (lumbalna lordoza).<\/span><\/p>\n<h3><strong>Nenadma\u0161na sigurnost<\/strong><\/h3>\n<p><span style=\"font-weight: 400;\">\u00a0&#8211; Odobrena do visine 125 cm prema regulativi UN R129 s razli\u010ditim veli\u010dinama lutaka<br \/>\n<\/span><span style=\"font-weight: 400;\">\u00a0&#8211; Dodatni crash testovi s ve\u0107om lutkom ili dodatnom te\u017einom<br \/>\n<\/span><span style=\"font-weight: 400;\">\u00a0&#8211; Pro\u0161la zahtjevni test sudara &#8211; \u0161vedski Plus Test<br \/>\n<\/span><span style=\"font-weight: 400;\">\u00a0&#8211; Materijali koji u\u010dinkovito apsorbiraju udarce i \u010dvrsta konstrukcija \u0161koljke sjedalice<br \/>\n<\/span><span style=\"font-weight: 400;\">\u00a0&#8211; Dodatna za\u0161tita od bo\u010dnih sudara (SIP+) koja se jednostavno pri\u010dvr\u0161\u0107uje na sjedalicu<br \/>\n<\/span><span style=\"font-weight: 400;\">\u00a0&#8211; Inovativni za\u0161titni, a mekan naslon za glavu (Dynamic Force Absorber\u2122)<br \/>\n<\/span><span style=\"font-weight: 400;\">\u00a0&#8211; Omogu\u0107uje vo\u017enju suprotno od smjera vo\u017enje, \u0161to je 5x sigurnije, do pribli\u017eno 7. godine<\/span><\/p>\n<h3><strong>Funkcionalnost za lak\u0161u svakodnevnu upotrebu<\/strong><\/h3>\n<p><span style=\"font-weight: 400;\">\u00a0&#8211; Monta\u017ea pomo\u0107u pojasa omogu\u0107uje postavljanje bilo gdje u automobilu<br \/>\n<\/span><span style=\"font-weight: 400;\">\u00a0&#8211; Pojasevi pri\u010dvr\u0161\u0107eni za donju sidrenu to\u010dku automatski se zate\u017eu, olak\u0161avaju\u0107i pravilnu monta\u017eu<br \/>\n<\/span><span style=\"font-weight: 400;\">\u00a0&#8211; Jednostavan mehanizam zaklju\u010davanja i zatezanja osigurava sigurno postavljanje<br \/>\n<\/span><span style=\"font-weight: 400;\">\u00a0&#8211; Magnetic Belt Assistants\u2122 &#8211; prakti\u010dni magnetski dr\u017ea\u010di na sjedalici i pojasevima olak\u0161avaju stavljanje i va\u0111enje djeteta iz sjedalice<br \/>\n<\/span><span style=\"font-weight: 400;\">\u00a0&#8211; Polo\u017eaji nagiba naslona mogu se prilago\u0111avati i nakon monta\u017ee<br \/>\n<\/span><span style=\"font-weight: 400;\">\u00a0&#8211; Jednostavno pode\u0161avanje naslona za glavu, pojaseva i prostora za noge<\/span><\/p>\n<h3><strong>Vrhunska udobnost<\/strong><\/h3>\n<p><span style=\"font-weight: 400;\">\u00a0&#8211; Pet razina nagiba naslona za optimalnu udobnost<br \/>\n<\/span><span style=\"font-weight: 400;\">\u00a0&#8211; Naslon za glavu s 10 razina pode\u0161avanja koji raste s djetetom<br \/>\n<\/span><span style=\"font-weight: 400;\">\u00a0&#8211; Prostor za noge do 26 cm<br \/>\n<\/span><span style=\"font-weight: 400;\">\u00a0&#8211; Certificirano kao proizvod koji \u010duva zdravlje le\u0111a (AGR)<br \/>\n<\/span><span style=\"font-weight: 400;\">\u00a0&#8211; Ergo Cushion\u2122: dodatna udobnost za stariju djecu pomo\u0107u jastu\u010di\u0107a koji se ume\u0107u u naslon sjedalice, za dodatnu potporu lumbalne krivine kralje\u017enice<br \/>\n<\/span><span style=\"font-weight: 400;\">\u00a0&#8211; Velika \u0161koljka sjedalice omogu\u0107uje slobodu pokreta dok je dijete sigurno vezano<br \/>\n<\/span><span style=\"font-weight: 400;\">\u00a0&#8211; Kvalitetni materijali<\/span><\/p>\n<h3><strong>Za\u0161to je razvijen BeSafe Stretch?<\/strong><\/h3>\n<p><span style=\"font-weight: 400;\">Previ\u0161e roditelja okre\u0107e svoju djecu u smjer vo\u017enje kada imaju oko 3\u20134 godine. Me\u0111utim, najsigurnija opcija je da djeca ostanu okrenuta suprotno od smjera vo\u017enje jo\u0161 dulje.<\/span><\/p>\n<p><span style=\"font-weight: 400;\">U razvoju autosjedalice BeSafe Stretch\u00b2 ulo\u017een je maksimalan trud kako bi se osigurale izvanredne performanse na crash testovima, \u010dak i za djecu do 7 godina. Istra\u017eivanja me\u0111u korisnicima pokazuju da je jedan od glavnih problema kod autosjedalica okrenutih suprotno od smjera vo\u017enje to \u0161to ih djeca prerastu zbog te\u017eine prije nego dosegnu 125 cm visine. Zbog toga je postavljen ambiciozan cilj da Stretch\u00b2 mo\u017ee podnijeti te\u017einu do 36 kg, a da pritom i dalje pru\u017ea dovoljno prostora za noge starijoj djeci. Nijedan drugi proizvo\u0111a\u010d autosjedalica do sada nije uspio posti\u0107i takav rezultat. BeSafe proizvodi autosjedalice od 1963. godine, a u razvoju modela Stretch\u00b2\u00a0iskori\u0161teno je dugogodi\u0161nje iskustvo i stru\u010dnost.<\/span><\/p>\n<p>&nbsp;<\/p>\n","protected":false},"excerpt":{"rendered":"<p><span style=\"font-weight: 400;\"><strong>Suprotno od smjera vo\u017enje od 6 mjeseci do 7 godina.<\/strong><br \/>\nNenadma\u0161na sigurnost i udobnost za dijete.<\/span><\/p>\n<ul>\n<li>Visina: 61-125 cm<\/li>\n<li>Maks. te\u017eina: 36 kg<\/li>\n<li>Dob: Pribl. 6 mj \u2013 7 godina<\/li>\n<li>Atest: UN R129<\/li>\n<li>Postavljanje: automobilski pojas s upori\u0161tem u tri to\u010dke<\/li>\n<li>Smjer: suprotno od smjera vo\u017enje<\/li>\n<li><strong>Pro\u0161ao Plus test \u2013 najte\u017ei test sudara na svijetu<\/strong><\/li>\n<li>Prostor za noge raste sve do 26 cm<span style=\"font-weight: 400;\"><br \/>\n<\/span><\/li>\n<li>Jednostavno pode\u0161avanje nagiba i izvanredan prostor za noge<\/li>\n<li>Ergo Cushion\u2122 za optimalnu potporu<\/li>\n<li>Certificirano kao proizvod koji \u010duva zdravlje le\u0111a (AGR)<\/li>\n<li>Magnetic Belt Assistants\u2122 za lak\u0161e postavljanje i va\u0111enje djeteta<\/li>\n<\/ul>\n<p>Pogledajte Stretch\u00b2 u interaktivnom <a href=\"https:\/\/catalogue.arkid.app\/embed\/de4cptTwEfBkhoPrifd7dA\" target=\"_blank\" rel=\"noopener\"><strong>3D prikazu<\/strong><\/a>!<\/p>\n<p>&nbsp;<\/p>\n<h5><\/h5>\n","protected":false},"featured_media":304141,"comment_status":"open","ping_status":"closed","template":"","meta":{"_acf_changed":false,"footnotes":""},"product_brand":[],"product_cat":[574,832],"product_tag":[],"class_list":{"0":"post-304138","1":"product","2":"type-product","3":"status-publish","4":"has-post-thumbnail","6":"product_cat-autosjedalice","7":"product_cat-veca-djeca-od-4-god","8":"pa_boja-tamno-siva","9":"pa_brand-besafe","10":"pa_nacin-postavljanja-automobilski-pojas","11":"pa_visina-djeteta-od-61-do-105-cm","12":"pa_visina-djeteta-od-61-do-125-cm","14":"first","15":"instock","16":"purchasable","17":"product-type-simple"},"bundled_by":[],"bundle_stock_status":"instock","bundle_stock_quantity":5,"bundle_virtual":false,"bundle_layout":"","bundle_add_to_cart_form_location":"","bundle_editable_in_cart":false,"bundle_sold_individually_context":"","bundle_item_grouping":"","bundle_min_size":"","bundle_max_size":"","bundle_price":[],"bundled_items":[],"bundle_sell_ids":[],"acf":[],"yoast_head":"<!-- This site is optimized with the Yoast SEO Premium plugin v21.5 (Yoast SEO v27.3) - https:\/\/yoast.com\/product\/yoast-seo-premium-wordpress\/ -->\n<title>BeSafe Stretch\u00b2, Anthracite Mesh - NajNaj.eu<\/title>\n<meta name=\"description\" content=\"Autosjedalica inovativnog dizajna koja pru\u017ea vrhunsku sigurnost i udobnost vo\u017enje u suprotnom smjeru, za djecu do 7 godina.\" \/>\n<meta name=\"robots\" content=\"index, follow, max-snippet:-1, max-image-preview:large, max-video-preview:-1\" \/>\n<link rel=\"canonical\" href=\"https:\/\/najnaj.eu\/fr\/proizvod\/besafe-stretch%c2%b2-anthracite-mesh\/\" \/>\n<meta property=\"og:locale\" content=\"fr_FR\" \/>\n<meta property=\"og:type\" content=\"article\" \/>\n<meta property=\"og:title\" content=\"BeSafe Stretch\u00b2, Anthracite Mesh\" \/>\n<meta property=\"og:description\" content=\"Autosjedalica inovativnog dizajna koja pru\u017ea vrhunsku sigurnost i udobnost vo\u017enje u suprotnom smjeru, za djecu do 7 godina.\" \/>\n<meta property=\"og:url\" content=\"https:\/\/najnaj.eu\/fr\/proizvod\/besafe-stretch%c2%b2-anthracite-mesh\/\" \/>\n<meta property=\"og:site_name\" content=\"NajNaj.eu\" \/>\n<meta property=\"article:publisher\" content=\"https:\/\/web.facebook.com\/najnaj.eu\/\" \/>\n<meta property=\"article:modified_time\" content=\"2026-04-08T06:34:34+00:00\" \/>\n<meta property=\"og:image\" content=\"https:\/\/najnaj.eu\/wp-content\/uploads\/2026\/03\/11048209_BeSafe_Stretch2_Anthracite-Mesh_Right_Shadow.jpg\" \/>\n\t<meta property=\"og:image:width\" content=\"1000\" \/>\n\t<meta property=\"og:image:height\" content=\"1000\" \/>\n\t<meta property=\"og:image:type\" content=\"image\/jpeg\" \/>\n<meta name=\"twitter:card\" content=\"summary_large_image\" \/>\n<meta name=\"twitter:label1\" content=\"Prix\" \/>\n\t<meta name=\"twitter:data1\" content=\"709,00&nbsp;&euro;\" \/>\n\t<meta name=\"twitter:label2\" content=\"Disponibilit\u00e9\" \/>\n\t<meta name=\"twitter:data2\" content=\"En stock\" \/>\n<script type=\"application\/ld+json\" class=\"yoast-schema-graph\">{\"@context\":\"https:\\\/\\\/schema.org\",\"@graph\":[{\"@type\":\"WebPage\",\"@id\":\"https:\\\/\\\/najnaj.eu\\\/fr\\\/proizvod\\\/besafe-stretch%c2%b2-anthracite-mesh\\\/\",\"url\":\"https:\\\/\\\/najnaj.eu\\\/fr\\\/proizvod\\\/besafe-stretch%c2%b2-anthracite-mesh\\\/\",\"name\":\"BeSafe Stretch\u00b2, Anthracite Mesh - NajNaj.eu\",\"isPartOf\":{\"@id\":\"https:\\\/\\\/najnaj.eu\\\/fr\\\/#website\"},\"primaryImageOfPage\":{\"@id\":\"https:\\\/\\\/najnaj.eu\\\/fr\\\/proizvod\\\/besafe-stretch%c2%b2-anthracite-mesh\\\/#primaryimage\"},\"image\":{\"@id\":\"https:\\\/\\\/najnaj.eu\\\/fr\\\/proizvod\\\/besafe-stretch%c2%b2-anthracite-mesh\\\/#primaryimage\"},\"thumbnailUrl\":\"https:\\\/\\\/najnaj.eu\\\/wp-content\\\/uploads\\\/2026\\\/03\\\/11048209_BeSafe_Stretch2_Anthracite-Mesh_Right_Shadow.jpg\",\"datePublished\":\"2026-03-30T12:55:08+00:00\",\"dateModified\":\"2026-04-08T06:34:34+00:00\",\"description\":\"Autosjedalica inovativnog dizajna koja pru\u017ea vrhunsku sigurnost i udobnost vo\u017enje u suprotnom smjeru, za djecu do 7 godina.\",\"breadcrumb\":{\"@id\":\"https:\\\/\\\/najnaj.eu\\\/fr\\\/proizvod\\\/besafe-stretch%c2%b2-anthracite-mesh\\\/#breadcrumb\"},\"inLanguage\":\"fr-FR\",\"potentialAction\":[{\"@type\":\"ReadAction\",\"target\":[\"https:\\\/\\\/najnaj.eu\\\/fr\\\/proizvod\\\/besafe-stretch%c2%b2-anthracite-mesh\\\/\"]}]},{\"@type\":\"ImageObject\",\"inLanguage\":\"fr-FR\",\"@id\":\"https:\\\/\\\/najnaj.eu\\\/fr\\\/proizvod\\\/besafe-stretch%c2%b2-anthracite-mesh\\\/#primaryimage\",\"url\":\"https:\\\/\\\/najnaj.eu\\\/wp-content\\\/uploads\\\/2026\\\/03\\\/11048209_BeSafe_Stretch2_Anthracite-Mesh_Right_Shadow.jpg\",\"contentUrl\":\"https:\\\/\\\/najnaj.eu\\\/wp-content\\\/uploads\\\/2026\\\/03\\\/11048209_BeSafe_Stretch2_Anthracite-Mesh_Right_Shadow.jpg\",\"width\":1000,\"height\":1000},{\"@type\":\"BreadcrumbList\",\"@id\":\"https:\\\/\\\/najnaj.eu\\\/fr\\\/proizvod\\\/besafe-stretch%c2%b2-anthracite-mesh\\\/#breadcrumb\",\"itemListElement\":[{\"@type\":\"ListItem\",\"position\":1,\"name\":\"Po\u010detna stranica\",\"item\":\"https:\\\/\\\/najnaj.eu\\\/fr\\\/\"},{\"@type\":\"ListItem\",\"position\":2,\"name\":\"Trgovina\",\"item\":\"https:\\\/\\\/najnaj.hr\\\/trgovina\\\/\"},{\"@type\":\"ListItem\",\"position\":3,\"name\":\"BeSafe Stretch\u00b2, Anthracite Mesh\"}]},{\"@type\":\"WebSite\",\"@id\":\"https:\\\/\\\/najnaj.eu\\\/fr\\\/#website\",\"url\":\"https:\\\/\\\/najnaj.eu\\\/fr\\\/\",\"name\":\"NajNaj.eu\",\"description\":\"Za najva\u017enije!\",\"potentialAction\":[{\"@type\":\"SearchAction\",\"target\":{\"@type\":\"EntryPoint\",\"urlTemplate\":\"https:\\\/\\\/najnaj.eu\\\/fr\\\/?s={search_term_string}\"},\"query-input\":{\"@type\":\"PropertyValueSpecification\",\"valueRequired\":true,\"valueName\":\"search_term_string\"}}],\"inLanguage\":\"fr-FR\"}]}<\/script>\n<meta property=\"product:brand\" content=\"BeSafe\" \/>\n<meta property=\"product:price:amount\" content=\"709.00\" \/>\n<meta property=\"product:price:currency\" content=\"EUR\" \/>\n<meta property=\"og:availability\" content=\"instock\" \/>\n<meta property=\"product:availability\" content=\"instock\" \/>\n<meta property=\"product:retailer_item_id\" content=\"11048209-AnthraMesh-Std\" \/>\n<meta property=\"product:condition\" content=\"new\" \/>\n<!-- \/ Yoast SEO Premium plugin. -->","yoast_head_json":{"title":"BeSafe Stretch\u00b2, Anthracite Mesh - NajNaj.eu","description":"Autosjedalica inovativnog dizajna koja pru\u017ea vrhunsku sigurnost i udobnost vo\u017enje u suprotnom smjeru, za djecu do 7 godina.","robots":{"index":"index","follow":"follow","max-snippet":"max-snippet:-1","max-image-preview":"max-image-preview:large","max-video-preview":"max-video-preview:-1"},"canonical":"https:\/\/najnaj.eu\/fr\/proizvod\/besafe-stretch%c2%b2-anthracite-mesh\/","og_locale":"fr_FR","og_type":"article","og_title":"BeSafe Stretch\u00b2, Anthracite Mesh","og_description":"Autosjedalica inovativnog dizajna koja pru\u017ea vrhunsku sigurnost i udobnost vo\u017enje u suprotnom smjeru, za djecu do 7 godina.","og_url":"https:\/\/najnaj.eu\/fr\/proizvod\/besafe-stretch%c2%b2-anthracite-mesh\/","og_site_name":"NajNaj.eu","article_publisher":"https:\/\/web.facebook.com\/najnaj.eu\/","article_modified_time":"2026-04-08T06:34:34+00:00","og_image":[{"width":1000,"height":1000,"url":"https:\/\/najnaj.eu\/wp-content\/uploads\/2026\/03\/11048209_BeSafe_Stretch2_Anthracite-Mesh_Right_Shadow.jpg","type":"image\/jpeg"}],"twitter_card":"summary_large_image","twitter_misc":{"Prix":"709,00&nbsp;&euro;","Disponibilit\u00e9":"En stock"},"schema":{"@context":"https:\/\/schema.org","@graph":[{"@type":"WebPage","@id":"https:\/\/najnaj.eu\/fr\/proizvod\/besafe-stretch%c2%b2-anthracite-mesh\/","url":"https:\/\/najnaj.eu\/fr\/proizvod\/besafe-stretch%c2%b2-anthracite-mesh\/","name":"BeSafe Stretch\u00b2, Anthracite Mesh - NajNaj.eu","isPartOf":{"@id":"https:\/\/najnaj.eu\/fr\/#website"},"primaryImageOfPage":{"@id":"https:\/\/najnaj.eu\/fr\/proizvod\/besafe-stretch%c2%b2-anthracite-mesh\/#primaryimage"},"image":{"@id":"https:\/\/najnaj.eu\/fr\/proizvod\/besafe-stretch%c2%b2-anthracite-mesh\/#primaryimage"},"thumbnailUrl":"https:\/\/najnaj.eu\/wp-content\/uploads\/2026\/03\/11048209_BeSafe_Stretch2_Anthracite-Mesh_Right_Shadow.jpg","datePublished":"2026-03-30T12:55:08+00:00","dateModified":"2026-04-08T06:34:34+00:00","description":"Autosjedalica inovativnog dizajna koja pru\u017ea vrhunsku sigurnost i udobnost vo\u017enje u suprotnom smjeru, za djecu do 7 godina.","breadcrumb":{"@id":"https:\/\/najnaj.eu\/fr\/proizvod\/besafe-stretch%c2%b2-anthracite-mesh\/#breadcrumb"},"inLanguage":"fr-FR","potentialAction":[{"@type":"ReadAction","target":["https:\/\/najnaj.eu\/fr\/proizvod\/besafe-stretch%c2%b2-anthracite-mesh\/"]}]},{"@type":"ImageObject","inLanguage":"fr-FR","@id":"https:\/\/najnaj.eu\/fr\/proizvod\/besafe-stretch%c2%b2-anthracite-mesh\/#primaryimage","url":"https:\/\/najnaj.eu\/wp-content\/uploads\/2026\/03\/11048209_BeSafe_Stretch2_Anthracite-Mesh_Right_Shadow.jpg","contentUrl":"https:\/\/najnaj.eu\/wp-content\/uploads\/2026\/03\/11048209_BeSafe_Stretch2_Anthracite-Mesh_Right_Shadow.jpg","width":1000,"height":1000},{"@type":"BreadcrumbList","@id":"https:\/\/najnaj.eu\/fr\/proizvod\/besafe-stretch%c2%b2-anthracite-mesh\/#breadcrumb","itemListElement":[{"@type":"ListItem","position":1,"name":"Po\u010detna stranica","item":"https:\/\/najnaj.eu\/fr\/"},{"@type":"ListItem","position":2,"name":"Trgovina","item":"https:\/\/najnaj.hr\/trgovina\/"},{"@type":"ListItem","position":3,"name":"BeSafe Stretch\u00b2, Anthracite Mesh"}]},{"@type":"WebSite","@id":"https:\/\/najnaj.eu\/fr\/#website","url":"https:\/\/najnaj.eu\/fr\/","name":"NajNaj.eu","description":"Za najva\u017enije!","potentialAction":[{"@type":"SearchAction","target":{"@type":"EntryPoint","urlTemplate":"https:\/\/najnaj.eu\/fr\/?s={search_term_string}"},"query-input":{"@type":"PropertyValueSpecification","valueRequired":true,"valueName":"search_term_string"}}],"inLanguage":"fr-FR"}]},"product_brand":"BeSafe","product_price_amount":"709.00","product_price_currency":"EUR","og_availability":"instock","product_availability":"instock","product_retailer_item_id":"11048209-AnthraMesh-Std","product_condition":"new"},"_links":{"self":[{"href":"https:\/\/najnaj.eu\/fr\/wp-json\/wp\/v2\/product\/304138","targetHints":{"allow":["GET"]}}],"collection":[{"href":"https:\/\/najnaj.eu\/fr\/wp-json\/wp\/v2\/product"}],"about":[{"href":"https:\/\/najnaj.eu\/fr\/wp-json\/wp\/v2\/types\/product"}],"replies":[{"embeddable":true,"href":"https:\/\/najnaj.eu\/fr\/wp-json\/wp\/v2\/comments?post=304138"}],"version-history":[{"count":1,"href":"https:\/\/najnaj.eu\/fr\/wp-json\/wp\/v2\/product\/304138\/revisions"}],"predecessor-version":[{"id":305355,"href":"https:\/\/najnaj.eu\/fr\/wp-json\/wp\/v2\/product\/304138\/revisions\/305355"}],"wp:featuredmedia":[{"embeddable":true,"href":"https:\/\/najnaj.eu\/fr\/wp-json\/wp\/v2\/media\/304141"}],"wp:attachment":[{"href":"https:\/\/najnaj.eu\/fr\/wp-json\/wp\/v2\/media?parent=304138"}],"wp:term":[{"taxonomy":"product_brand","embeddable":true,"href":"https:\/\/najnaj.eu\/fr\/wp-json\/wp\/v2\/product_brand?post=304138"},{"taxonomy":"product_cat","embeddable":true,"href":"https:\/\/najnaj.eu\/fr\/wp-json\/wp\/v2\/product_cat?post=304138"},{"taxonomy":"product_tag","embeddable":true,"href":"https:\/\/najnaj.eu\/fr\/wp-json\/wp\/v2\/product_tag?post=304138"}],"curies":[{"name":"wp","href":"https:\/\/api.w.org\/{rel}","templated":true}]}}