{"id":303854,"date":"2026-03-26T09:34:06","date_gmt":"2026-03-26T08:34:06","guid":{"rendered":"https:\/\/najnaj.eu\/?post_type=product&#038;p=303854"},"modified":"2026-04-09T08:25:37","modified_gmt":"2026-04-09T06:25:37","slug":"citron-600ml-termo-boca-tumbler-glow-up-pink-yellow","status":"publish","type":"product","link":"https:\/\/najnaj.eu\/fr\/proizvod\/citron-600ml-termo-boca-tumbler-glow-up-pink-yellow\/","title":{"rendered":"Citron 600ml Termo Boca Tumbler Glow Up Pink Yellow"},"content":{"rendered":"<p>    <form name=\"loginform\" id=\"loginform\" action=\"https:\/\/najnaj.eu\/fr\/najnajbolji\/\" method=\"post\"><p class=\"login-username\">\n\t\t\t\t<label for=\"user_login\">Identifiant ou adresse e-mail<\/label>\n\t\t\t\t<input type=\"text\" name=\"log\" id=\"user_login\" autocomplete=\"username\" class=\"input\" value=\"\" size=\"20\" \/>\n\t\t\t<\/p><p class=\"login-password\">\n\t\t\t\t<label for=\"user_pass\">Mot de passe<\/label>\n\t\t\t\t<input type=\"password\" name=\"pwd\" id=\"user_pass\" autocomplete=\"current-password\" spellcheck=\"false\" class=\"input\" value=\"\" size=\"20\" \/>\n\t\t\t<\/p><p class=\"login-remember\"><label><input name=\"rememberme\" type=\"checkbox\" id=\"rememberme\" value=\"forever\" \/> Se souvenir de moi<\/label><\/p><p class=\"login-submit\">\n\t\t\t\t<input type=\"submit\" name=\"wp-submit\" id=\"wp-submit\" class=\"button button-primary\" value=\"Se connecter\" \/>\n\t\t\t\t<input type=\"hidden\" name=\"redirect_to\" value=\"https:\/\/najnaj.eu\/fr\/wp-json\/wp\/v2\/product\/303854\" \/>\n\t\t\t<\/p><\/form>Karakteristike:<br \/>\n+ Dvostruka izolacija od nehr\u0111aju\u0107eg \u010delika<br \/>\n+ Teku\u0107ine ostaju tople 12 sati i hladne 24 sata<br \/>\n+ Kapacitet 600 ml<br \/>\n+ Ostaje suha i hladna izvana, bez obzira koliko vru\u0107 ili hladan bio njen sadr\u017eaj<br \/>\n+ Uklonjivi poklopac s ugra\u0111enom slamkom ne propu\u0161ta kada je zatvoren<br \/>\n+ Ergonomska rotiraju\u0107a ru\u010dka \u2013 lako se dr\u017ei i nosi<br \/>\n+ Odgovara ve\u0107ini dr\u017ea\u010da za \u010da\u0161e u automobilima, teretanama i \u0161kolama<br \/>\n+ Izra\u0111ena od netoksi\u010dnih materijala (bez BPA, ftalata i olova) i sigurna za kontakt s hranom<br \/>\n+ Prikladno za dob 8+<\/p>\n","protected":false},"excerpt":{"rendered":"<p>Citron Termo boca Tumbler sa svojim dimenzijama i prakti\u010dnim dizajnom stvorena je za svakodnevnu hidrataciju u \u0161koli, na poslu, u teretani ili u pokretu. Dvostruka izolacija odr\u017eava napitke toplima ili hladnima satima, dok kerami\u010dka unutarnja obloga \u010duva \u010dist okus bez prijenosa aroma.<\/p>\n<p>Uz prakti\u010dnu rotiraju\u0107u ru\u010dku za lak\u0161e no\u0161enje i poklopac s ugra\u0111enom slamkom koji ne propu\u0161ta kada je zatvoren, ovo je prakti\u010dna termo boca za kojom \u0107ete posezati tijekom cijelog dana.<\/p>\n","protected":false},"featured_media":303858,"comment_status":"closed","ping_status":"closed","template":"","meta":{"_acf_changed":false,"footnotes":""},"product_brand":[],"product_cat":[654,622],"product_tag":[2141],"class_list":{"0":"post-303854","1":"product","2":"type-product","3":"status-publish","4":"has-post-thumbnail","6":"product_cat-boce-za-vodu","7":"product_cat-posude","8":"product_tag-personalizirani-proizvodi","9":"pa_brand-citron","11":"first","12":"instock","13":"shipping-taxable","14":"purchasable","15":"product-type-simple"},"bundled_by":[],"bundle_stock_status":"instock","bundle_stock_quantity":9,"bundle_virtual":false,"bundle_layout":"","bundle_add_to_cart_form_location":"","bundle_editable_in_cart":false,"bundle_sold_individually_context":"","bundle_item_grouping":"","bundle_min_size":"","bundle_max_size":"","bundle_price":[],"bundled_items":[],"bundle_sell_ids":[],"acf":[],"yoast_head":"<!-- This site is optimized with the Yoast SEO Premium plugin v21.5 (Yoast SEO v27.4) - https:\/\/yoast.com\/product\/yoast-seo-premium-wordpress\/ -->\n<title>Citron 600ml Termo Boca Tumbler Glow Up Pink Yellow - NajNaj.eu<\/title>\n<meta name=\"robots\" content=\"index, follow, max-snippet:-1, max-image-preview:large, max-video-preview:-1\" \/>\n<link rel=\"canonical\" href=\"https:\/\/najnaj.eu\/fr\/proizvod\/citron-600ml-termo-boca-tumbler-glow-up-pink-yellow\/\" \/>\n<meta property=\"og:locale\" content=\"fr_FR\" \/>\n<meta property=\"og:type\" content=\"article\" \/>\n<meta property=\"og:title\" content=\"Citron 600ml Termo Boca Tumbler Glow Up Pink Yellow\" \/>\n<meta property=\"og:description\" content=\"Citron Termo boca Tumbler sa svojim dimenzijama i prakti\u010dnim dizajnom stvorena je za svakodnevnu hidrataciju u \u0161koli, na poslu, u teretani ili u pokretu. Dvostruka izolacija odr\u017eava napitke toplima ili hladnima satima, dok kerami\u010dka unutarnja obloga \u010duva \u010dist okus bez prijenosa aroma.  Uz prakti\u010dnu rotiraju\u0107u ru\u010dku za lak\u0161e no\u0161enje i poklopac s ugra\u0111enom slamkom koji ne propu\u0161ta kada je zatvoren, ovo je prakti\u010dna termo boca za kojom \u0107ete posezati tijekom cijelog dana.\" \/>\n<meta property=\"og:url\" content=\"https:\/\/najnaj.eu\/fr\/proizvod\/citron-600ml-termo-boca-tumbler-glow-up-pink-yellow\/\" \/>\n<meta property=\"og:site_name\" content=\"NajNaj.eu\" \/>\n<meta property=\"article:publisher\" content=\"https:\/\/web.facebook.com\/najnaj.eu\/\" \/>\n<meta property=\"article:modified_time\" content=\"2026-04-09T06:25:37+00:00\" \/>\n<meta property=\"og:image\" content=\"https:\/\/najnaj.eu\/wp-content\/uploads\/2026\/03\/BX501501.jpg\" \/>\n\t<meta property=\"og:image:width\" content=\"2000\" \/>\n\t<meta property=\"og:image:height\" content=\"2000\" \/>\n\t<meta property=\"og:image:type\" content=\"image\/jpeg\" \/>\n<meta name=\"twitter:card\" content=\"summary_large_image\" \/>\n<meta name=\"twitter:label1\" content=\"Prix\" \/>\n\t<meta name=\"twitter:data1\" content=\"36,99&nbsp;&euro;\" \/>\n\t<meta name=\"twitter:label2\" content=\"Disponibilit\u00e9\" \/>\n\t<meta name=\"twitter:data2\" content=\"En stock\" \/>\n<script type=\"application\/ld+json\" class=\"yoast-schema-graph\">{\"@context\":\"https:\\\/\\\/schema.org\",\"@graph\":[{\"@type\":\"WebPage\",\"@id\":\"https:\\\/\\\/najnaj.eu\\\/fr\\\/proizvod\\\/citron-600ml-termo-boca-tumbler-glow-up-pink-yellow\\\/\",\"url\":\"https:\\\/\\\/najnaj.eu\\\/fr\\\/proizvod\\\/citron-600ml-termo-boca-tumbler-glow-up-pink-yellow\\\/\",\"name\":\"Citron 600ml Termo Boca Tumbler Glow Up Pink Yellow - NajNaj.eu\",\"isPartOf\":{\"@id\":\"https:\\\/\\\/najnaj.eu\\\/fr\\\/#website\"},\"primaryImageOfPage\":{\"@id\":\"https:\\\/\\\/najnaj.eu\\\/fr\\\/proizvod\\\/citron-600ml-termo-boca-tumbler-glow-up-pink-yellow\\\/#primaryimage\"},\"image\":{\"@id\":\"https:\\\/\\\/najnaj.eu\\\/fr\\\/proizvod\\\/citron-600ml-termo-boca-tumbler-glow-up-pink-yellow\\\/#primaryimage\"},\"thumbnailUrl\":\"https:\\\/\\\/najnaj.eu\\\/wp-content\\\/uploads\\\/2026\\\/03\\\/BX501501.jpg\",\"datePublished\":\"2026-03-26T08:34:06+00:00\",\"dateModified\":\"2026-04-09T06:25:37+00:00\",\"breadcrumb\":{\"@id\":\"https:\\\/\\\/najnaj.eu\\\/fr\\\/proizvod\\\/citron-600ml-termo-boca-tumbler-glow-up-pink-yellow\\\/#breadcrumb\"},\"inLanguage\":\"fr-FR\",\"potentialAction\":[{\"@type\":\"ReadAction\",\"target\":[\"https:\\\/\\\/najnaj.eu\\\/fr\\\/proizvod\\\/citron-600ml-termo-boca-tumbler-glow-up-pink-yellow\\\/\"]}]},{\"@type\":\"ImageObject\",\"inLanguage\":\"fr-FR\",\"@id\":\"https:\\\/\\\/najnaj.eu\\\/fr\\\/proizvod\\\/citron-600ml-termo-boca-tumbler-glow-up-pink-yellow\\\/#primaryimage\",\"url\":\"https:\\\/\\\/najnaj.eu\\\/wp-content\\\/uploads\\\/2026\\\/03\\\/BX501501.jpg\",\"contentUrl\":\"https:\\\/\\\/najnaj.eu\\\/wp-content\\\/uploads\\\/2026\\\/03\\\/BX501501.jpg\",\"width\":2000,\"height\":2000},{\"@type\":\"BreadcrumbList\",\"@id\":\"https:\\\/\\\/najnaj.eu\\\/fr\\\/proizvod\\\/citron-600ml-termo-boca-tumbler-glow-up-pink-yellow\\\/#breadcrumb\",\"itemListElement\":[{\"@type\":\"ListItem\",\"position\":1,\"name\":\"Po\u010detna stranica\",\"item\":\"https:\\\/\\\/najnaj.eu\\\/fr\\\/\"},{\"@type\":\"ListItem\",\"position\":2,\"name\":\"Trgovina\",\"item\":\"https:\\\/\\\/najnaj.hr\\\/trgovina\\\/\"},{\"@type\":\"ListItem\",\"position\":3,\"name\":\"Citron 600ml Termo Boca Tumbler Glow Up Pink Yellow\"}]},{\"@type\":\"WebSite\",\"@id\":\"https:\\\/\\\/najnaj.eu\\\/fr\\\/#website\",\"url\":\"https:\\\/\\\/najnaj.eu\\\/fr\\\/\",\"name\":\"NajNaj.eu\",\"description\":\"Za najva\u017enije!\",\"potentialAction\":[{\"@type\":\"SearchAction\",\"target\":{\"@type\":\"EntryPoint\",\"urlTemplate\":\"https:\\\/\\\/najnaj.eu\\\/fr\\\/?s={search_term_string}\"},\"query-input\":{\"@type\":\"PropertyValueSpecification\",\"valueRequired\":true,\"valueName\":\"search_term_string\"}}],\"inLanguage\":\"fr-FR\"}]}<\/script>\n<meta property=\"product:brand\" content=\"Citron\" \/>\n<meta property=\"product:price:amount\" content=\"36.99\" \/>\n<meta property=\"product:price:currency\" content=\"EUR\" \/>\n<meta property=\"og:availability\" content=\"instock\" \/>\n<meta property=\"product:availability\" content=\"instock\" \/>\n<meta property=\"product:retailer_item_id\" content=\"Tumbler_600_Pink_Yellow_Glowup\" \/>\n<meta property=\"product:condition\" content=\"new\" \/>\n<!-- \/ Yoast SEO Premium plugin. -->","yoast_head_json":{"title":"Citron 600ml Termo Boca Tumbler Glow Up Pink Yellow - NajNaj.eu","robots":{"index":"index","follow":"follow","max-snippet":"max-snippet:-1","max-image-preview":"max-image-preview:large","max-video-preview":"max-video-preview:-1"},"canonical":"https:\/\/najnaj.eu\/fr\/proizvod\/citron-600ml-termo-boca-tumbler-glow-up-pink-yellow\/","og_locale":"fr_FR","og_type":"article","og_title":"Citron 600ml Termo Boca Tumbler Glow Up Pink Yellow","og_description":"Citron Termo boca Tumbler sa svojim dimenzijama i prakti\u010dnim dizajnom stvorena je za svakodnevnu hidrataciju u \u0161koli, na poslu, u teretani ili u pokretu. Dvostruka izolacija odr\u017eava napitke toplima ili hladnima satima, dok kerami\u010dka unutarnja obloga \u010duva \u010dist okus bez prijenosa aroma.  Uz prakti\u010dnu rotiraju\u0107u ru\u010dku za lak\u0161e no\u0161enje i poklopac s ugra\u0111enom slamkom koji ne propu\u0161ta kada je zatvoren, ovo je prakti\u010dna termo boca za kojom \u0107ete posezati tijekom cijelog dana.","og_url":"https:\/\/najnaj.eu\/fr\/proizvod\/citron-600ml-termo-boca-tumbler-glow-up-pink-yellow\/","og_site_name":"NajNaj.eu","article_publisher":"https:\/\/web.facebook.com\/najnaj.eu\/","article_modified_time":"2026-04-09T06:25:37+00:00","og_image":[{"width":2000,"height":2000,"url":"https:\/\/najnaj.eu\/wp-content\/uploads\/2026\/03\/BX501501.jpg","type":"image\/jpeg"}],"twitter_card":"summary_large_image","twitter_misc":{"Prix":"36,99&nbsp;&euro;","Disponibilit\u00e9":"En stock"},"schema":{"@context":"https:\/\/schema.org","@graph":[{"@type":"WebPage","@id":"https:\/\/najnaj.eu\/fr\/proizvod\/citron-600ml-termo-boca-tumbler-glow-up-pink-yellow\/","url":"https:\/\/najnaj.eu\/fr\/proizvod\/citron-600ml-termo-boca-tumbler-glow-up-pink-yellow\/","name":"Citron 600ml Termo Boca Tumbler Glow Up Pink Yellow - NajNaj.eu","isPartOf":{"@id":"https:\/\/najnaj.eu\/fr\/#website"},"primaryImageOfPage":{"@id":"https:\/\/najnaj.eu\/fr\/proizvod\/citron-600ml-termo-boca-tumbler-glow-up-pink-yellow\/#primaryimage"},"image":{"@id":"https:\/\/najnaj.eu\/fr\/proizvod\/citron-600ml-termo-boca-tumbler-glow-up-pink-yellow\/#primaryimage"},"thumbnailUrl":"https:\/\/najnaj.eu\/wp-content\/uploads\/2026\/03\/BX501501.jpg","datePublished":"2026-03-26T08:34:06+00:00","dateModified":"2026-04-09T06:25:37+00:00","breadcrumb":{"@id":"https:\/\/najnaj.eu\/fr\/proizvod\/citron-600ml-termo-boca-tumbler-glow-up-pink-yellow\/#breadcrumb"},"inLanguage":"fr-FR","potentialAction":[{"@type":"ReadAction","target":["https:\/\/najnaj.eu\/fr\/proizvod\/citron-600ml-termo-boca-tumbler-glow-up-pink-yellow\/"]}]},{"@type":"ImageObject","inLanguage":"fr-FR","@id":"https:\/\/najnaj.eu\/fr\/proizvod\/citron-600ml-termo-boca-tumbler-glow-up-pink-yellow\/#primaryimage","url":"https:\/\/najnaj.eu\/wp-content\/uploads\/2026\/03\/BX501501.jpg","contentUrl":"https:\/\/najnaj.eu\/wp-content\/uploads\/2026\/03\/BX501501.jpg","width":2000,"height":2000},{"@type":"BreadcrumbList","@id":"https:\/\/najnaj.eu\/fr\/proizvod\/citron-600ml-termo-boca-tumbler-glow-up-pink-yellow\/#breadcrumb","itemListElement":[{"@type":"ListItem","position":1,"name":"Po\u010detna stranica","item":"https:\/\/najnaj.eu\/fr\/"},{"@type":"ListItem","position":2,"name":"Trgovina","item":"https:\/\/najnaj.hr\/trgovina\/"},{"@type":"ListItem","position":3,"name":"Citron 600ml Termo Boca Tumbler Glow Up Pink Yellow"}]},{"@type":"WebSite","@id":"https:\/\/najnaj.eu\/fr\/#website","url":"https:\/\/najnaj.eu\/fr\/","name":"NajNaj.eu","description":"Za najva\u017enije!","potentialAction":[{"@type":"SearchAction","target":{"@type":"EntryPoint","urlTemplate":"https:\/\/najnaj.eu\/fr\/?s={search_term_string}"},"query-input":{"@type":"PropertyValueSpecification","valueRequired":true,"valueName":"search_term_string"}}],"inLanguage":"fr-FR"}]},"product_brand":"Citron","product_price_amount":"36.99","product_price_currency":"EUR","og_availability":"instock","product_availability":"instock","product_retailer_item_id":"Tumbler_600_Pink_Yellow_Glowup","product_condition":"new"},"_links":{"self":[{"href":"https:\/\/najnaj.eu\/fr\/wp-json\/wp\/v2\/product\/303854","targetHints":{"allow":["GET"]}}],"collection":[{"href":"https:\/\/najnaj.eu\/fr\/wp-json\/wp\/v2\/product"}],"about":[{"href":"https:\/\/najnaj.eu\/fr\/wp-json\/wp\/v2\/types\/product"}],"replies":[{"embeddable":true,"href":"https:\/\/najnaj.eu\/fr\/wp-json\/wp\/v2\/comments?post=303854"}],"version-history":[{"count":0,"href":"https:\/\/najnaj.eu\/fr\/wp-json\/wp\/v2\/product\/303854\/revisions"}],"wp:featuredmedia":[{"embeddable":true,"href":"https:\/\/najnaj.eu\/fr\/wp-json\/wp\/v2\/media\/303858"}],"wp:attachment":[{"href":"https:\/\/najnaj.eu\/fr\/wp-json\/wp\/v2\/media?parent=303854"}],"wp:term":[{"taxonomy":"product_brand","embeddable":true,"href":"https:\/\/najnaj.eu\/fr\/wp-json\/wp\/v2\/product_brand?post=303854"},{"taxonomy":"product_cat","embeddable":true,"href":"https:\/\/najnaj.eu\/fr\/wp-json\/wp\/v2\/product_cat?post=303854"},{"taxonomy":"product_tag","embeddable":true,"href":"https:\/\/najnaj.eu\/fr\/wp-json\/wp\/v2\/product_tag?post=303854"}],"curies":[{"name":"wp","href":"https:\/\/api.w.org\/{rel}","templated":true}]}}