{"id":303339,"date":"2022-09-28T11:52:30","date_gmt":"2022-09-28T09:52:30","guid":{"rendered":"https:\/\/najnaj.eu\/proizvod\/chaussons-souples-pour-bebe-baobaby-leo\/"},"modified":"2026-04-13T13:16:12","modified_gmt":"2026-04-13T11:16:12","slug":"chaussons-souples-pour-bebe-baobaby-leo","status":"publish","type":"product","link":"https:\/\/najnaj.eu\/fr\/proizvod\/chaussons-souples-pour-bebe-baobaby-leo\/","title":{"rendered":"Chaussons souples pour b\u00e9b\u00e9 Baobaby, Leo"},"content":{"rendered":"<p>Les semelles Baobaby, extr\u00eamement souples et flexibles, favorisent le d\u00e9veloppement naturel du pied. Elles offrent une grande libert\u00e9 de mouvement et encouragent l&rsquo;apprentissage du quatre pattes, de la station debout et des premiers pas. En portant des semelles Baobaby, votre enfant d\u00e9veloppe un meilleur \u00e9quilibre et renforce les muscles de ses pieds. Les orthop\u00e9distes recommandent aux enfants de marcher pieds nus.   <\/p>\n<p>Pour une utilisation int\u00e9rieure ou ext\u00e9rieure par temps sec.<\/p>\n<p>Con\u00e7u et fabriqu\u00e9 en Croatie, UE.<\/p>\n<p>La couleur et la texture du cuir tann\u00e9 v\u00e9g\u00e9tal peuvent diff\u00e9rer de l&rsquo;image.<\/p>\n","protected":false},"excerpt":{"rendered":"<p>Des chaussures b\u00e9b\u00e9 ultra confortables, id\u00e9ales pour les premiers pas et jusqu&rsquo;\u00e0 3 ans. Leurs adorables personnages \u00e9gayeront votre enfant. Les semelles souples favorisent le d\u00e9veloppement naturel du pied et la marche pieds nus. Fabriqu\u00e9es en cuir v\u00e9ritable tann\u00e9 v\u00e9g\u00e9tal de premi\u00e8re qualit\u00e9, elles sont parfaitement s\u00fbres pour les pieds nus des enfants. Filles et gar\u00e7ons les adorent&nbsp;!   <\/p>\n<p>\u00a9 semelle antid\u00e9rapante<br \/>\n \u00a9 Faciles \u00e0 enfiler et \u00e0 garder aux pieds<br \/>\n \u00a9 souple et flexible<br \/>\n \u00a9 respirant et adapt\u00e9 aux personnes sujettes aux allergies<br \/>\n \u00a9 sans chrome<br \/>\n \u00a9 durabilit\u00e9 exceptionnelle<br \/>\n \u00a9 Fabriqu\u00e9 \u00e0 la main dans l&rsquo;UE<\/p>\n","protected":false},"featured_media":303372,"comment_status":"closed","ping_status":"closed","template":"","meta":{"_acf_changed":false,"footnotes":""},"product_brand":[],"product_cat":[2383,2382,2405,2381,2380],"product_tag":[],"class_list":{"0":"post-303339","1":"product","2":"type-product","3":"status-publish","4":"has-post-thumbnail","6":"product_cat-baobab","7":"product_cat-cadeaux","8":"product_cat-poulets-classiques-3","9":"product_cat-poulets-classiques","10":"product_cat-vetements-et-chaussures","11":"pa_brand-baobaby-fr","12":"pa_omiljeno-le-prefere-des-garcons","14":"first","15":"instock","16":"purchasable","17":"product-type-variable"},"bundled_by":[],"bundle_stock_status":"instock","bundle_stock_quantity":null,"bundle_virtual":false,"bundle_layout":"","bundle_add_to_cart_form_location":"","bundle_editable_in_cart":false,"bundle_sold_individually_context":"","bundle_item_grouping":"","bundle_min_size":"","bundle_max_size":"","bundle_price":[],"bundled_items":[],"bundle_sell_ids":[],"acf":[],"yoast_head":"<!-- This site is optimized with the Yoast SEO Premium plugin v21.5 (Yoast SEO v27.4) - https:\/\/yoast.com\/product\/yoast-seo-premium-wordpress\/ -->\n<title>Chaussons souples pour b\u00e9b\u00e9 Baobaby, Leo - NajNaj.eu<\/title>\n<meta name=\"robots\" content=\"index, follow, max-snippet:-1, max-image-preview:large, max-video-preview:-1\" \/>\n<link rel=\"canonical\" href=\"https:\/\/najnaj.eu\/fr\/proizvod\/chaussons-souples-pour-bebe-baobaby-leo\/\" \/>\n<meta property=\"og:locale\" content=\"fr_FR\" \/>\n<meta property=\"og:type\" content=\"article\" \/>\n<meta property=\"og:title\" content=\"Chaussons souples pour b\u00e9b\u00e9 Baobaby, Leo\" \/>\n<meta property=\"og:description\" content=\"Des chaussures b\u00e9b\u00e9 ultra confortables, id\u00e9ales pour les premiers pas et jusqu&#039;\u00e0 3 ans. Leurs adorables personnages \u00e9gayeront votre enfant. Les semelles souples favorisent le d\u00e9veloppement naturel du pied et la marche pieds nus. Fabriqu\u00e9es en cuir v\u00e9ritable tann\u00e9 v\u00e9g\u00e9tal de premi\u00e8re qualit\u00e9, elles sont parfaitement s\u00fbres pour les pieds nus des enfants. Filles et gar\u00e7ons les adorent&nbsp;!   \u00a9 semelle antid\u00e9rapante \u00a9 Faciles \u00e0 enfiler et \u00e0 garder aux pieds \u00a9 souple et flexible \u00a9 respirant et adapt\u00e9 aux personnes sujettes aux allergies \u00a9 sans chrome \u00a9 durabilit\u00e9 exceptionnelle \u00a9 Fabriqu\u00e9 \u00e0 la main dans l&#039;UE\" \/>\n<meta property=\"og:url\" content=\"https:\/\/najnaj.eu\/fr\/proizvod\/chaussons-souples-pour-bebe-baobaby-leo\/\" \/>\n<meta property=\"og:site_name\" content=\"NajNaj.eu\" \/>\n<meta property=\"article:publisher\" content=\"https:\/\/web.facebook.com\/najnaj.eu\/\" \/>\n<meta property=\"article:modified_time\" content=\"2026-04-13T11:16:12+00:00\" \/>\n<meta property=\"og:image\" content=\"https:\/\/najnaj.eu\/wp-content\/uploads\/2023\/08\/170-Baobaby-soft-sole-baby-shoes-Leo.jpg\" \/>\n\t<meta property=\"og:image:width\" content=\"1200\" \/>\n\t<meta property=\"og:image:height\" content=\"1313\" \/>\n\t<meta property=\"og:image:type\" content=\"image\/jpeg\" \/>\n<meta name=\"twitter:card\" content=\"summary_large_image\" \/>\n<meta name=\"twitter:label1\" content=\"Disponibilit\u00e9\" \/>\n\t<meta name=\"twitter:data1\" content=\"En stock\" \/>\n<script type=\"application\/ld+json\" class=\"yoast-schema-graph\">{\"@context\":\"https:\\\/\\\/schema.org\",\"@graph\":[{\"@type\":\"WebPage\",\"@id\":\"https:\\\/\\\/najnaj.eu\\\/fr\\\/proizvod\\\/chaussons-souples-pour-bebe-baobaby-leo\\\/\",\"url\":\"https:\\\/\\\/najnaj.eu\\\/fr\\\/proizvod\\\/chaussons-souples-pour-bebe-baobaby-leo\\\/\",\"name\":\"Chaussons souples pour b\u00e9b\u00e9 Baobaby, Leo - NajNaj.eu\",\"isPartOf\":{\"@id\":\"https:\\\/\\\/najnaj.eu\\\/fr\\\/#website\"},\"primaryImageOfPage\":{\"@id\":\"https:\\\/\\\/najnaj.eu\\\/fr\\\/proizvod\\\/chaussons-souples-pour-bebe-baobaby-leo\\\/#primaryimage\"},\"image\":{\"@id\":\"https:\\\/\\\/najnaj.eu\\\/fr\\\/proizvod\\\/chaussons-souples-pour-bebe-baobaby-leo\\\/#primaryimage\"},\"thumbnailUrl\":\"https:\\\/\\\/najnaj.eu\\\/wp-content\\\/uploads\\\/2023\\\/08\\\/170-Baobaby-soft-sole-baby-shoes-Leo.jpg\",\"datePublished\":\"2022-09-28T09:52:30+00:00\",\"dateModified\":\"2026-04-13T11:16:12+00:00\",\"breadcrumb\":{\"@id\":\"https:\\\/\\\/najnaj.eu\\\/fr\\\/proizvod\\\/chaussons-souples-pour-bebe-baobaby-leo\\\/#breadcrumb\"},\"inLanguage\":\"fr-FR\",\"potentialAction\":[{\"@type\":\"ReadAction\",\"target\":[\"https:\\\/\\\/najnaj.eu\\\/fr\\\/proizvod\\\/chaussons-souples-pour-bebe-baobaby-leo\\\/\"]}]},{\"@type\":\"ImageObject\",\"inLanguage\":\"fr-FR\",\"@id\":\"https:\\\/\\\/najnaj.eu\\\/fr\\\/proizvod\\\/chaussons-souples-pour-bebe-baobaby-leo\\\/#primaryimage\",\"url\":\"https:\\\/\\\/najnaj.eu\\\/wp-content\\\/uploads\\\/2023\\\/08\\\/170-Baobaby-soft-sole-baby-shoes-Leo.jpg\",\"contentUrl\":\"https:\\\/\\\/najnaj.eu\\\/wp-content\\\/uploads\\\/2023\\\/08\\\/170-Baobaby-soft-sole-baby-shoes-Leo.jpg\",\"width\":1200,\"height\":1313},{\"@type\":\"BreadcrumbList\",\"@id\":\"https:\\\/\\\/najnaj.eu\\\/fr\\\/proizvod\\\/chaussons-souples-pour-bebe-baobaby-leo\\\/#breadcrumb\",\"itemListElement\":[{\"@type\":\"ListItem\",\"position\":1,\"name\":\"Po\u010detna stranica\",\"item\":\"https:\\\/\\\/najnaj.eu\\\/fr\\\/\"},{\"@type\":\"ListItem\",\"position\":2,\"name\":\"Trgovina\",\"item\":\"https:\\\/\\\/najnaj.hr\\\/trgovina\\\/\"},{\"@type\":\"ListItem\",\"position\":3,\"name\":\"Chaussons souples pour b\u00e9b\u00e9 Baobaby, Leo\"}]},{\"@type\":\"WebSite\",\"@id\":\"https:\\\/\\\/najnaj.eu\\\/fr\\\/#website\",\"url\":\"https:\\\/\\\/najnaj.eu\\\/fr\\\/\",\"name\":\"NajNaj.eu\",\"description\":\"Za najva\u017enije!\",\"potentialAction\":[{\"@type\":\"SearchAction\",\"target\":{\"@type\":\"EntryPoint\",\"urlTemplate\":\"https:\\\/\\\/najnaj.eu\\\/fr\\\/?s={search_term_string}\"},\"query-input\":{\"@type\":\"PropertyValueSpecification\",\"valueRequired\":true,\"valueName\":\"search_term_string\"}}],\"inLanguage\":\"fr-FR\"}]}<\/script>\n<meta property=\"product:brand\" content=\"Baobaby\" \/>\n<meta property=\"og:availability\" content=\"instock\" \/>\n<meta property=\"product:availability\" content=\"instock\" \/>\n<meta property=\"product:retailer_item_id\" content=\"BBCL212\" \/>\n<meta property=\"product:condition\" content=\"new\" \/>\n<!-- \/ Yoast SEO Premium plugin. -->","yoast_head_json":{"title":"Chaussons souples pour b\u00e9b\u00e9 Baobaby, Leo - NajNaj.eu","robots":{"index":"index","follow":"follow","max-snippet":"max-snippet:-1","max-image-preview":"max-image-preview:large","max-video-preview":"max-video-preview:-1"},"canonical":"https:\/\/najnaj.eu\/fr\/proizvod\/chaussons-souples-pour-bebe-baobaby-leo\/","og_locale":"fr_FR","og_type":"article","og_title":"Chaussons souples pour b\u00e9b\u00e9 Baobaby, Leo","og_description":"Des chaussures b\u00e9b\u00e9 ultra confortables, id\u00e9ales pour les premiers pas et jusqu'\u00e0 3 ans. Leurs adorables personnages \u00e9gayeront votre enfant. Les semelles souples favorisent le d\u00e9veloppement naturel du pied et la marche pieds nus. Fabriqu\u00e9es en cuir v\u00e9ritable tann\u00e9 v\u00e9g\u00e9tal de premi\u00e8re qualit\u00e9, elles sont parfaitement s\u00fbres pour les pieds nus des enfants. Filles et gar\u00e7ons les adorent&nbsp;!   \u00a9 semelle antid\u00e9rapante \u00a9 Faciles \u00e0 enfiler et \u00e0 garder aux pieds \u00a9 souple et flexible \u00a9 respirant et adapt\u00e9 aux personnes sujettes aux allergies \u00a9 sans chrome \u00a9 durabilit\u00e9 exceptionnelle \u00a9 Fabriqu\u00e9 \u00e0 la main dans l'UE","og_url":"https:\/\/najnaj.eu\/fr\/proizvod\/chaussons-souples-pour-bebe-baobaby-leo\/","og_site_name":"NajNaj.eu","article_publisher":"https:\/\/web.facebook.com\/najnaj.eu\/","article_modified_time":"2026-04-13T11:16:12+00:00","og_image":[{"width":1200,"height":1313,"url":"https:\/\/najnaj.eu\/wp-content\/uploads\/2023\/08\/170-Baobaby-soft-sole-baby-shoes-Leo.jpg","type":"image\/jpeg"}],"twitter_card":"summary_large_image","twitter_misc":{"Disponibilit\u00e9":"En stock"},"schema":{"@context":"https:\/\/schema.org","@graph":[{"@type":"WebPage","@id":"https:\/\/najnaj.eu\/fr\/proizvod\/chaussons-souples-pour-bebe-baobaby-leo\/","url":"https:\/\/najnaj.eu\/fr\/proizvod\/chaussons-souples-pour-bebe-baobaby-leo\/","name":"Chaussons souples pour b\u00e9b\u00e9 Baobaby, Leo - NajNaj.eu","isPartOf":{"@id":"https:\/\/najnaj.eu\/fr\/#website"},"primaryImageOfPage":{"@id":"https:\/\/najnaj.eu\/fr\/proizvod\/chaussons-souples-pour-bebe-baobaby-leo\/#primaryimage"},"image":{"@id":"https:\/\/najnaj.eu\/fr\/proizvod\/chaussons-souples-pour-bebe-baobaby-leo\/#primaryimage"},"thumbnailUrl":"https:\/\/najnaj.eu\/wp-content\/uploads\/2023\/08\/170-Baobaby-soft-sole-baby-shoes-Leo.jpg","datePublished":"2022-09-28T09:52:30+00:00","dateModified":"2026-04-13T11:16:12+00:00","breadcrumb":{"@id":"https:\/\/najnaj.eu\/fr\/proizvod\/chaussons-souples-pour-bebe-baobaby-leo\/#breadcrumb"},"inLanguage":"fr-FR","potentialAction":[{"@type":"ReadAction","target":["https:\/\/najnaj.eu\/fr\/proizvod\/chaussons-souples-pour-bebe-baobaby-leo\/"]}]},{"@type":"ImageObject","inLanguage":"fr-FR","@id":"https:\/\/najnaj.eu\/fr\/proizvod\/chaussons-souples-pour-bebe-baobaby-leo\/#primaryimage","url":"https:\/\/najnaj.eu\/wp-content\/uploads\/2023\/08\/170-Baobaby-soft-sole-baby-shoes-Leo.jpg","contentUrl":"https:\/\/najnaj.eu\/wp-content\/uploads\/2023\/08\/170-Baobaby-soft-sole-baby-shoes-Leo.jpg","width":1200,"height":1313},{"@type":"BreadcrumbList","@id":"https:\/\/najnaj.eu\/fr\/proizvod\/chaussons-souples-pour-bebe-baobaby-leo\/#breadcrumb","itemListElement":[{"@type":"ListItem","position":1,"name":"Po\u010detna stranica","item":"https:\/\/najnaj.eu\/fr\/"},{"@type":"ListItem","position":2,"name":"Trgovina","item":"https:\/\/najnaj.hr\/trgovina\/"},{"@type":"ListItem","position":3,"name":"Chaussons souples pour b\u00e9b\u00e9 Baobaby, Leo"}]},{"@type":"WebSite","@id":"https:\/\/najnaj.eu\/fr\/#website","url":"https:\/\/najnaj.eu\/fr\/","name":"NajNaj.eu","description":"Za najva\u017enije!","potentialAction":[{"@type":"SearchAction","target":{"@type":"EntryPoint","urlTemplate":"https:\/\/najnaj.eu\/fr\/?s={search_term_string}"},"query-input":{"@type":"PropertyValueSpecification","valueRequired":true,"valueName":"search_term_string"}}],"inLanguage":"fr-FR"}]},"product_brand":"Baobaby","og_availability":"instock","product_availability":"instock","product_retailer_item_id":"BBCL212","product_condition":"new"},"_links":{"self":[{"href":"https:\/\/najnaj.eu\/fr\/wp-json\/wp\/v2\/product\/303339","targetHints":{"allow":["GET"]}}],"collection":[{"href":"https:\/\/najnaj.eu\/fr\/wp-json\/wp\/v2\/product"}],"about":[{"href":"https:\/\/najnaj.eu\/fr\/wp-json\/wp\/v2\/types\/product"}],"replies":[{"embeddable":true,"href":"https:\/\/najnaj.eu\/fr\/wp-json\/wp\/v2\/comments?post=303339"}],"version-history":[{"count":0,"href":"https:\/\/najnaj.eu\/fr\/wp-json\/wp\/v2\/product\/303339\/revisions"}],"wp:featuredmedia":[{"embeddable":true,"href":"https:\/\/najnaj.eu\/fr\/wp-json\/wp\/v2\/media\/303372"}],"wp:attachment":[{"href":"https:\/\/najnaj.eu\/fr\/wp-json\/wp\/v2\/media?parent=303339"}],"wp:term":[{"taxonomy":"product_brand","embeddable":true,"href":"https:\/\/najnaj.eu\/fr\/wp-json\/wp\/v2\/product_brand?post=303339"},{"taxonomy":"product_cat","embeddable":true,"href":"https:\/\/najnaj.eu\/fr\/wp-json\/wp\/v2\/product_cat?post=303339"},{"taxonomy":"product_tag","embeddable":true,"href":"https:\/\/najnaj.eu\/fr\/wp-json\/wp\/v2\/product_tag?post=303339"}],"curies":[{"name":"wp","href":"https:\/\/api.w.org\/{rel}","templated":true}]}}