{"id":302089,"date":"2026-02-07T14:03:53","date_gmt":"2026-02-07T13:03:53","guid":{"rendered":"https:\/\/najnaj.eu\/?post_type=product&#038;p=302089"},"modified":"2026-03-25T14:54:27","modified_gmt":"2026-03-25T13:54:27","slug":"carriwell-grudnjak-za-trudnice-i-dojilje-podstavljeni-bijeli-m-ostecena","status":"publish","type":"product","link":"https:\/\/najnaj.eu\/fr\/proizvod\/carriwell-grudnjak-za-trudnice-i-dojilje-podstavljeni-bijeli-m-ostecena\/","title":{"rendered":"SNI\u017dENO: Carriwell Grudnjak za trudnice i dojilje podstavljeni &#8211; bijeli, M &#8211; O\u0160TE\u0106ENA AMBALA\u017dA"},"content":{"rendered":"<p>Predstavljamo be\u0161avni grudnjak za trudnice i dojilje s jastu\u010di\u0107ima, uistinu izuzetan grudnjak koji spaja stil, udobnost i funkcionalnost. Ovaj grudnjak je dizajniran da se prilagodi va\u0161em promjenjivom obliku tijela, pru\u017eaju\u0107i najve\u0107u udobnost tijekom va\u0161eg porodiljnog putovanja.<\/p>\n<p>Do\u017eivite najljep\u0161i grudnjak za dojilje koji smo ikada stvorili. Lagane uklonjive oblikovane ko\u0161arice mijenjaju igru, nude\u0107i oblikovanje i potporu za nagla\u0161avanje va\u0161ih prirodnih oblina. Osje\u0107ajte se samouvjereno i podr\u017eano dok prihva\u0107ate promjene u svom tijelu.<\/p>\n<p>Udobnost je najva\u017enija, a ovaj grudnjak pru\u017ea mnogo toga. Izra\u0111en od be\u0161avne ultra-fine mikrofibre, ovaj grudnjak pru\u017ea luksuzan osje\u0107aj koji \u0107ete voljeti. Osim toga, uklonjivi jastu\u010di\u0107i nude svestranost, omogu\u0107uju\u0107i vam da prilagodite razinu udobnosti.<\/p>\n<p>Podr\u0161ka je bitna, posebno za prsno puniju mamu. Oblikovane ko\u0161arice ovog grudnjaka igraju klju\u010dnu ulogu u smanjenju istezanja tkanine, pru\u017eaju\u0107i ve\u0107u potporu tamo gdje vam je najpotrebnija. Osje\u0107ajte se sigurno i uz podr\u0161ku tijekom dana, bilo da ste kod ku\u0107e ili vani.<\/p>\n<p>Privatnost je glavni prioritet za mnoge dojilje. Meke ko\u0161arice imaju dvostruku svrhu, ne samo da oblikuju i podupiru va\u0161e grudi, ve\u0107 i pru\u017eaju privatnost. Poma\u017eu prikriti tamnije bradavice ili areole za dojenje i diskretno dr\u017ee jastu\u010di\u0107e za dojke na mjestu, kao i pokrivaju\u0107i slu\u010dajno curenje mlijeka.<\/p>\n<p>Prihvatite ljepotu maj\u010dinstva s Carriwell be\u0161avnim grudnjakom s jastu\u010di\u0107ima. U\u017eivajte u lijepom dizajnu koji isti\u010de va\u0161u siluetu. U\u017eivajte u iznimnoj udobnosti koju pru\u017eaju mekani i uklonjivi jastu\u010di\u0107i za oblikovanje. Do\u017eivite podr\u0161ku koju zaslu\u017eujete, pogotovo ako imate bujnije grudi.<\/p>\n<p>Odaberite Carriwell podstavljeni grudnjak za trudnice i dojilje za neusporedivu kombinaciju stila, udobnosti, podr\u0161ke i privatnosti. Pobolj\u0161ajte svoje iskustvo dojenja uz grudnjak koji vas uistinu razumije i podr\u017eava na svakom koraku.<\/p>\n","protected":false},"excerpt":{"rendered":"<ul>\n<li>jednostavno otvaranje ko\u0161arice jednom rukom<\/li>\n<li>mekani jastu\u010di\u0107i, koje je lako ukloniti, daju Va\u0161im grudima izvrstan oblik i potporu<\/li>\n<li>oblikuju\u0107i jastu\u010di\u0107i smanjuju \u0161irenje tkanine na ko\u0161aricama \u0161to pove\u0107ava potporu majkama sa punijim grudima<\/li>\n<li>mekani jastu\u010di\u0107i imaju dvostruku funkciju, u isto vrijeme skrivaju bradavice i upijaju mlijeko koje mo\u017ee slu\u010dajno procuriti iz grudi<\/li>\n<\/ul>\n<p><span style=\"color: #800000;\"><span class=\"notion-enable-hover\" data-token-index=\"0\"><strong>Ovom proizvodu je o\u0161te\u0107ena ambala\u017ea tijekom transporta, zbog \u010dega se prodaje po sni\u017eenoj cijeni<\/strong><\/span><span class=\"notion-enable-hover\" data-token-index=\"0\"><strong>. Proizvod je nekori\u0161ten.<\/strong><\/span><\/span><\/p>\n","protected":false},"featured_media":299998,"comment_status":"open","ping_status":"closed","template":"","meta":{"_acf_changed":false,"footnotes":""},"product_brand":[],"product_cat":[546,586,588,562],"product_tag":[2103,2220],"class_list":{"0":"post-302089","1":"product","2":"type-product","3":"status-publish","4":"has-post-thumbnail","6":"product_cat-dojenje","7":"product_cat-grudnjaci-za-dojenje","8":"product_cat-grudnjaci-za-trudnice","9":"product_cat-za-mamu","10":"product_tag-new-mum","11":"product_tag-popust-otvorena-ambalaza","12":"pa_boja-bijela","13":"pa_brand-carriwell","15":"first","16":"instock","17":"sale","18":"purchasable","19":"product-type-simple"},"bundled_by":[],"bundle_stock_status":"instock","bundle_stock_quantity":1,"bundle_virtual":false,"bundle_layout":"","bundle_add_to_cart_form_location":"","bundle_editable_in_cart":false,"bundle_sold_individually_context":"","bundle_item_grouping":"","bundle_min_size":"","bundle_max_size":"","bundle_price":[],"bundled_items":[],"bundle_sell_ids":[],"acf":[],"yoast_head":"<!-- This site is optimized with the Yoast SEO Premium plugin v21.5 (Yoast SEO v27.4) - https:\/\/yoast.com\/product\/yoast-seo-premium-wordpress\/ -->\n<title>SNI\u017dENO: Carriwell Grudnjak za trudnice i dojilje podstavljeni - bijeli, M - O\u0160TE\u0106ENA AMBALA\u017dA - NajNaj.eu<\/title>\n<meta name=\"robots\" content=\"index, follow, max-snippet:-1, max-image-preview:large, max-video-preview:-1\" \/>\n<link rel=\"canonical\" href=\"https:\/\/najnaj.eu\/fr\/proizvod\/carriwell-grudnjak-za-trudnice-i-dojilje-podstavljeni-bijeli-m-ostecena\/\" \/>\n<meta property=\"og:locale\" content=\"fr_FR\" \/>\n<meta property=\"og:type\" content=\"article\" \/>\n<meta property=\"og:title\" content=\"SNI\u017dENO: Carriwell Grudnjak za trudnice i dojilje podstavljeni - bijeli, M - O\u0160TE\u0106ENA AMBALA\u017dA\" \/>\n<meta property=\"og:description\" content=\"jednostavno otvaranje ko\u0161arice jednom rukom  mekani jastu\u010di\u0107i, koje je lako ukloniti, daju Va\u0161im grudima izvrstan oblik i potporu  oblikuju\u0107i jastu\u010di\u0107i smanjuju \u0161irenje tkanine na ko\u0161aricama \u0161to pove\u0107ava potporu majkama sa punijim grudima  mekani jastu\u010di\u0107i imaju dvostruku funkciju, u isto vrijeme skrivaju bradavice i upijaju mlijeko koje mo\u017ee slu\u010dajno procuriti iz grudi  Ovom proizvodu je o\u0161te\u0107ena ambala\u017ea tijekom transporta, zbog \u010dega se prodaje po sni\u017eenoj cijeni. Proizvod je nekori\u0161ten.\" \/>\n<meta property=\"og:url\" content=\"https:\/\/najnaj.eu\/fr\/proizvod\/carriwell-grudnjak-za-trudnice-i-dojilje-podstavljeni-bijeli-m-ostecena\/\" \/>\n<meta property=\"og:site_name\" content=\"NajNaj.eu\" \/>\n<meta property=\"article:publisher\" content=\"https:\/\/web.facebook.com\/najnaj.eu\/\" \/>\n<meta property=\"article:modified_time\" content=\"2026-03-25T13:54:27+00:00\" \/>\n<meta property=\"og:image\" content=\"https:\/\/najnaj.eu\/wp-content\/uploads\/2020\/04\/3300_Seamless-Padded-Maternity-Nursing-Bra_White_Web_v00.jpg\" \/>\n\t<meta property=\"og:image:width\" content=\"1000\" \/>\n\t<meta property=\"og:image:height\" content=\"1250\" \/>\n\t<meta property=\"og:image:type\" content=\"image\/jpeg\" \/>\n<meta name=\"twitter:card\" content=\"summary_large_image\" \/>\n<meta name=\"twitter:label1\" content=\"Prix\" \/>\n\t<meta name=\"twitter:data1\" content=\"37,82&nbsp;&euro;\" \/>\n\t<meta name=\"twitter:label2\" content=\"Disponibilit\u00e9\" \/>\n\t<meta name=\"twitter:data2\" content=\"En stock\" \/>\n<script type=\"application\/ld+json\" class=\"yoast-schema-graph\">{\"@context\":\"https:\\\/\\\/schema.org\",\"@graph\":[{\"@type\":\"WebPage\",\"@id\":\"https:\\\/\\\/najnaj.eu\\\/fr\\\/proizvod\\\/carriwell-grudnjak-za-trudnice-i-dojilje-podstavljeni-bijeli-m-ostecena\\\/\",\"url\":\"https:\\\/\\\/najnaj.eu\\\/fr\\\/proizvod\\\/carriwell-grudnjak-za-trudnice-i-dojilje-podstavljeni-bijeli-m-ostecena\\\/\",\"name\":\"SNI\u017dENO: Carriwell Grudnjak za trudnice i dojilje podstavljeni - bijeli, M - O\u0160TE\u0106ENA AMBALA\u017dA - NajNaj.eu\",\"isPartOf\":{\"@id\":\"https:\\\/\\\/najnaj.eu\\\/fr\\\/#website\"},\"primaryImageOfPage\":{\"@id\":\"https:\\\/\\\/najnaj.eu\\\/fr\\\/proizvod\\\/carriwell-grudnjak-za-trudnice-i-dojilje-podstavljeni-bijeli-m-ostecena\\\/#primaryimage\"},\"image\":{\"@id\":\"https:\\\/\\\/najnaj.eu\\\/fr\\\/proizvod\\\/carriwell-grudnjak-za-trudnice-i-dojilje-podstavljeni-bijeli-m-ostecena\\\/#primaryimage\"},\"thumbnailUrl\":\"https:\\\/\\\/najnaj.eu\\\/wp-content\\\/uploads\\\/2020\\\/04\\\/3300_Seamless-Padded-Maternity-Nursing-Bra_White_Web_v00.jpg\",\"datePublished\":\"2026-02-07T13:03:53+00:00\",\"dateModified\":\"2026-03-25T13:54:27+00:00\",\"breadcrumb\":{\"@id\":\"https:\\\/\\\/najnaj.eu\\\/fr\\\/proizvod\\\/carriwell-grudnjak-za-trudnice-i-dojilje-podstavljeni-bijeli-m-ostecena\\\/#breadcrumb\"},\"inLanguage\":\"fr-FR\",\"potentialAction\":[{\"@type\":\"ReadAction\",\"target\":[\"https:\\\/\\\/najnaj.eu\\\/fr\\\/proizvod\\\/carriwell-grudnjak-za-trudnice-i-dojilje-podstavljeni-bijeli-m-ostecena\\\/\"]}]},{\"@type\":\"ImageObject\",\"inLanguage\":\"fr-FR\",\"@id\":\"https:\\\/\\\/najnaj.eu\\\/fr\\\/proizvod\\\/carriwell-grudnjak-za-trudnice-i-dojilje-podstavljeni-bijeli-m-ostecena\\\/#primaryimage\",\"url\":\"https:\\\/\\\/najnaj.eu\\\/wp-content\\\/uploads\\\/2020\\\/04\\\/3300_Seamless-Padded-Maternity-Nursing-Bra_White_Web_v00.jpg\",\"contentUrl\":\"https:\\\/\\\/najnaj.eu\\\/wp-content\\\/uploads\\\/2020\\\/04\\\/3300_Seamless-Padded-Maternity-Nursing-Bra_White_Web_v00.jpg\",\"width\":1000,\"height\":1250},{\"@type\":\"BreadcrumbList\",\"@id\":\"https:\\\/\\\/najnaj.eu\\\/fr\\\/proizvod\\\/carriwell-grudnjak-za-trudnice-i-dojilje-podstavljeni-bijeli-m-ostecena\\\/#breadcrumb\",\"itemListElement\":[{\"@type\":\"ListItem\",\"position\":1,\"name\":\"Po\u010detna stranica\",\"item\":\"https:\\\/\\\/najnaj.eu\\\/fr\\\/\"},{\"@type\":\"ListItem\",\"position\":2,\"name\":\"Trgovina\",\"item\":\"https:\\\/\\\/najnaj.hr\\\/trgovina\\\/\"},{\"@type\":\"ListItem\",\"position\":3,\"name\":\"SNI\u017dENO: Carriwell Grudnjak za trudnice i dojilje podstavljeni &#8211; bijeli, M &#8211; O\u0160TE\u0106ENA AMBALA\u017dA\"}]},{\"@type\":\"WebSite\",\"@id\":\"https:\\\/\\\/najnaj.eu\\\/fr\\\/#website\",\"url\":\"https:\\\/\\\/najnaj.eu\\\/fr\\\/\",\"name\":\"NajNaj.eu\",\"description\":\"Za najva\u017enije!\",\"potentialAction\":[{\"@type\":\"SearchAction\",\"target\":{\"@type\":\"EntryPoint\",\"urlTemplate\":\"https:\\\/\\\/najnaj.eu\\\/fr\\\/?s={search_term_string}\"},\"query-input\":{\"@type\":\"PropertyValueSpecification\",\"valueRequired\":true,\"valueName\":\"search_term_string\"}}],\"inLanguage\":\"fr-FR\"}]}<\/script>\n<meta property=\"product:brand\" content=\"Carriwell\" \/>\n<meta property=\"product:price:amount\" content=\"37.82\" \/>\n<meta property=\"product:price:currency\" content=\"EUR\" \/>\n<meta property=\"og:availability\" content=\"instock\" \/>\n<meta property=\"product:availability\" content=\"instock\" \/>\n<meta property=\"product:retailer_item_id\" content=\"CW3301-ostecena\" \/>\n<meta property=\"product:condition\" content=\"new\" \/>\n<!-- \/ Yoast SEO Premium plugin. -->","yoast_head_json":{"title":"SNI\u017dENO: Carriwell Grudnjak za trudnice i dojilje podstavljeni - bijeli, M - O\u0160TE\u0106ENA AMBALA\u017dA - NajNaj.eu","robots":{"index":"index","follow":"follow","max-snippet":"max-snippet:-1","max-image-preview":"max-image-preview:large","max-video-preview":"max-video-preview:-1"},"canonical":"https:\/\/najnaj.eu\/fr\/proizvod\/carriwell-grudnjak-za-trudnice-i-dojilje-podstavljeni-bijeli-m-ostecena\/","og_locale":"fr_FR","og_type":"article","og_title":"SNI\u017dENO: Carriwell Grudnjak za trudnice i dojilje podstavljeni - bijeli, M - O\u0160TE\u0106ENA AMBALA\u017dA","og_description":"jednostavno otvaranje ko\u0161arice jednom rukom  mekani jastu\u010di\u0107i, koje je lako ukloniti, daju Va\u0161im grudima izvrstan oblik i potporu  oblikuju\u0107i jastu\u010di\u0107i smanjuju \u0161irenje tkanine na ko\u0161aricama \u0161to pove\u0107ava potporu majkama sa punijim grudima  mekani jastu\u010di\u0107i imaju dvostruku funkciju, u isto vrijeme skrivaju bradavice i upijaju mlijeko koje mo\u017ee slu\u010dajno procuriti iz grudi  Ovom proizvodu je o\u0161te\u0107ena ambala\u017ea tijekom transporta, zbog \u010dega se prodaje po sni\u017eenoj cijeni. Proizvod je nekori\u0161ten.","og_url":"https:\/\/najnaj.eu\/fr\/proizvod\/carriwell-grudnjak-za-trudnice-i-dojilje-podstavljeni-bijeli-m-ostecena\/","og_site_name":"NajNaj.eu","article_publisher":"https:\/\/web.facebook.com\/najnaj.eu\/","article_modified_time":"2026-03-25T13:54:27+00:00","og_image":[{"width":1000,"height":1250,"url":"https:\/\/najnaj.eu\/wp-content\/uploads\/2020\/04\/3300_Seamless-Padded-Maternity-Nursing-Bra_White_Web_v00.jpg","type":"image\/jpeg"}],"twitter_card":"summary_large_image","twitter_misc":{"Prix":"37,82&nbsp;&euro;","Disponibilit\u00e9":"En stock"},"schema":{"@context":"https:\/\/schema.org","@graph":[{"@type":"WebPage","@id":"https:\/\/najnaj.eu\/fr\/proizvod\/carriwell-grudnjak-za-trudnice-i-dojilje-podstavljeni-bijeli-m-ostecena\/","url":"https:\/\/najnaj.eu\/fr\/proizvod\/carriwell-grudnjak-za-trudnice-i-dojilje-podstavljeni-bijeli-m-ostecena\/","name":"SNI\u017dENO: Carriwell Grudnjak za trudnice i dojilje podstavljeni - bijeli, M - O\u0160TE\u0106ENA AMBALA\u017dA - NajNaj.eu","isPartOf":{"@id":"https:\/\/najnaj.eu\/fr\/#website"},"primaryImageOfPage":{"@id":"https:\/\/najnaj.eu\/fr\/proizvod\/carriwell-grudnjak-za-trudnice-i-dojilje-podstavljeni-bijeli-m-ostecena\/#primaryimage"},"image":{"@id":"https:\/\/najnaj.eu\/fr\/proizvod\/carriwell-grudnjak-za-trudnice-i-dojilje-podstavljeni-bijeli-m-ostecena\/#primaryimage"},"thumbnailUrl":"https:\/\/najnaj.eu\/wp-content\/uploads\/2020\/04\/3300_Seamless-Padded-Maternity-Nursing-Bra_White_Web_v00.jpg","datePublished":"2026-02-07T13:03:53+00:00","dateModified":"2026-03-25T13:54:27+00:00","breadcrumb":{"@id":"https:\/\/najnaj.eu\/fr\/proizvod\/carriwell-grudnjak-za-trudnice-i-dojilje-podstavljeni-bijeli-m-ostecena\/#breadcrumb"},"inLanguage":"fr-FR","potentialAction":[{"@type":"ReadAction","target":["https:\/\/najnaj.eu\/fr\/proizvod\/carriwell-grudnjak-za-trudnice-i-dojilje-podstavljeni-bijeli-m-ostecena\/"]}]},{"@type":"ImageObject","inLanguage":"fr-FR","@id":"https:\/\/najnaj.eu\/fr\/proizvod\/carriwell-grudnjak-za-trudnice-i-dojilje-podstavljeni-bijeli-m-ostecena\/#primaryimage","url":"https:\/\/najnaj.eu\/wp-content\/uploads\/2020\/04\/3300_Seamless-Padded-Maternity-Nursing-Bra_White_Web_v00.jpg","contentUrl":"https:\/\/najnaj.eu\/wp-content\/uploads\/2020\/04\/3300_Seamless-Padded-Maternity-Nursing-Bra_White_Web_v00.jpg","width":1000,"height":1250},{"@type":"BreadcrumbList","@id":"https:\/\/najnaj.eu\/fr\/proizvod\/carriwell-grudnjak-za-trudnice-i-dojilje-podstavljeni-bijeli-m-ostecena\/#breadcrumb","itemListElement":[{"@type":"ListItem","position":1,"name":"Po\u010detna stranica","item":"https:\/\/najnaj.eu\/fr\/"},{"@type":"ListItem","position":2,"name":"Trgovina","item":"https:\/\/najnaj.hr\/trgovina\/"},{"@type":"ListItem","position":3,"name":"SNI\u017dENO: Carriwell Grudnjak za trudnice i dojilje podstavljeni &#8211; bijeli, M &#8211; O\u0160TE\u0106ENA AMBALA\u017dA"}]},{"@type":"WebSite","@id":"https:\/\/najnaj.eu\/fr\/#website","url":"https:\/\/najnaj.eu\/fr\/","name":"NajNaj.eu","description":"Za najva\u017enije!","potentialAction":[{"@type":"SearchAction","target":{"@type":"EntryPoint","urlTemplate":"https:\/\/najnaj.eu\/fr\/?s={search_term_string}"},"query-input":{"@type":"PropertyValueSpecification","valueRequired":true,"valueName":"search_term_string"}}],"inLanguage":"fr-FR"}]},"product_brand":"Carriwell","product_price_amount":"37.82","product_price_currency":"EUR","og_availability":"instock","product_availability":"instock","product_retailer_item_id":"CW3301-ostecena","product_condition":"new"},"_links":{"self":[{"href":"https:\/\/najnaj.eu\/fr\/wp-json\/wp\/v2\/product\/302089","targetHints":{"allow":["GET"]}}],"collection":[{"href":"https:\/\/najnaj.eu\/fr\/wp-json\/wp\/v2\/product"}],"about":[{"href":"https:\/\/najnaj.eu\/fr\/wp-json\/wp\/v2\/types\/product"}],"replies":[{"embeddable":true,"href":"https:\/\/najnaj.eu\/fr\/wp-json\/wp\/v2\/comments?post=302089"}],"version-history":[{"count":0,"href":"https:\/\/najnaj.eu\/fr\/wp-json\/wp\/v2\/product\/302089\/revisions"}],"wp:featuredmedia":[{"embeddable":true,"href":"https:\/\/najnaj.eu\/fr\/wp-json\/wp\/v2\/media\/299998"}],"wp:attachment":[{"href":"https:\/\/najnaj.eu\/fr\/wp-json\/wp\/v2\/media?parent=302089"}],"wp:term":[{"taxonomy":"product_brand","embeddable":true,"href":"https:\/\/najnaj.eu\/fr\/wp-json\/wp\/v2\/product_brand?post=302089"},{"taxonomy":"product_cat","embeddable":true,"href":"https:\/\/najnaj.eu\/fr\/wp-json\/wp\/v2\/product_cat?post=302089"},{"taxonomy":"product_tag","embeddable":true,"href":"https:\/\/najnaj.eu\/fr\/wp-json\/wp\/v2\/product_tag?post=302089"}],"curies":[{"name":"wp","href":"https:\/\/api.w.org\/{rel}","templated":true}]}}