{"id":301408,"date":"2026-03-17T16:05:58","date_gmt":"2026-03-17T15:05:58","guid":{"rendered":"https:\/\/najnaj.eu\/?post_type=product&#038;p=301408"},"modified":"2026-04-08T09:22:38","modified_gmt":"2026-04-08T07:22:38","slug":"citron-500ml-boca-za-vodu-blue-dino","status":"publish","type":"product","link":"https:\/\/najnaj.eu\/fr\/proizvod\/citron-500ml-boca-za-vodu-blue-dino\/","title":{"rendered":"Citron 500ml Boca za vodu Blue Dino"},"content":{"rendered":"<ul>\n<li>Vakuumski izolirana s trostrukom stijenkom za odr\u017eavanje temperature pi\u0107a<\/li>\n<li>Odr\u017eava vodu hladnom do 24 sata i toplom do 12 sati<\/li>\n<li>Izra\u0111ena od nehr\u0111aju\u0107eg \u010delika 304 odobrenog za kontakt s hranom<\/li>\n<li>Dizajnirana od odr\u017eivih materijala<\/li>\n<li>Napravljena bez otrovnih materijala (bez BPA, ftalata i olova)<\/li>\n<li>Odr\u017eava torbu za ru\u010dak suhom i \u010distom pomo\u0107u nepropusnog poklopca<\/li>\n<li>Ostaje suha i hladna izvana, bez obzira koliko vru\u0107 ili hladan bio njezin sadr\u017eaj<\/li>\n<li>Uklju\u010duje 1 poklopac, 2 slamke, 1 \u010detku za \u010di\u0161\u0107enje, 1 neklizaju\u0107i silikonski odbojnik<\/li>\n<li>Prikladno za djecu od 12+ mjeseci<\/li>\n<li>Dimenzije: D6,1 x V23,9cm<\/li>\n<li>Kapacitet: 500ml teku\u0107ine<\/li>\n<li>Maksimalni kapacitet temperature: 55\u00b0C<\/li>\n<\/ul>\n<p><img loading=\"lazy\" decoding=\"async\" class=\"alignnone wp-image-271548 size-full\" src=\"https:\/\/najnaj.eu\/wp-content\/uploads\/2025\/09\/Z1069-Stormy-Unicorn-Extra-8-scaled.jpg\" alt=\"\" width=\"2560\" height=\"2560\" srcset=\"https:\/\/najnaj.eu\/wp-content\/uploads\/2025\/09\/Z1069-Stormy-Unicorn-Extra-8-scaled.jpg 2560w, https:\/\/najnaj.eu\/wp-content\/uploads\/2025\/09\/Z1069-Stormy-Unicorn-Extra-8-scaled-324x324.jpg 324w, https:\/\/najnaj.eu\/wp-content\/uploads\/2025\/09\/Z1069-Stormy-Unicorn-Extra-8-100x100.jpg 100w, https:\/\/najnaj.eu\/wp-content\/uploads\/2025\/09\/Z1069-Stormy-Unicorn-Extra-8-scaled-1200x1200.jpg 1200w, https:\/\/najnaj.eu\/wp-content\/uploads\/2025\/09\/Z1069-Stormy-Unicorn-Extra-8-300x300.jpg 300w, https:\/\/najnaj.eu\/wp-content\/uploads\/2025\/09\/Z1069-Stormy-Unicorn-Extra-8-1024x1024.jpg 1024w, https:\/\/najnaj.eu\/wp-content\/uploads\/2025\/09\/Z1069-Stormy-Unicorn-Extra-8-150x150.jpg 150w, https:\/\/najnaj.eu\/wp-content\/uploads\/2025\/09\/Z1069-Stormy-Unicorn-Extra-8-768x768.jpg 768w, https:\/\/najnaj.eu\/wp-content\/uploads\/2025\/09\/Z1069-Stormy-Unicorn-Extra-8-1536x1536.jpg 1536w, https:\/\/najnaj.eu\/wp-content\/uploads\/2025\/09\/Z1069-Stormy-Unicorn-Extra-8-2048x2048.jpg 2048w, https:\/\/najnaj.eu\/wp-content\/uploads\/2025\/09\/Z1069-Stormy-Unicorn-Extra-8-1440x1440.jpg 1440w, https:\/\/najnaj.eu\/wp-content\/uploads\/2025\/09\/Z1069-Stormy-Unicorn-Extra-8-420x420.jpg 420w, https:\/\/najnaj.eu\/wp-content\/uploads\/2025\/09\/Z1069-Stormy-Unicorn-Extra-8-50x50.jpg 50w\" sizes=\"auto, (max-width: 2560px) 100vw, 2560px\" \/><\/p>\n","protected":false},"excerpt":{"rendered":"<p>Velika djeca, tinejd\u017eeri i odrasli voljet \u0107e zna\u010dajke na\u0161e termo izolirane boce za vodu od 500 ml. Od \u0161irokog otvora za jednostavno ispijanje do dr\u017eanja bez znojenja, otpornosti na udarce zahvaljuju\u0107i silikonskom nastavku do trostruko izolirane toplinske tehnologije koja odr\u017eava teku\u0107ine toplima do 12 sati i hladnima do 24 sata &#8211; bez obzira gdje ga stavite!<\/p>\n","protected":false},"featured_media":301440,"comment_status":"closed","ping_status":"closed","template":"","meta":{"_acf_changed":false,"footnotes":""},"product_brand":[],"product_cat":[654,1709,622],"product_tag":[2141,2271],"class_list":{"0":"post-301408","1":"product","2":"type-product","3":"status-publish","4":"has-post-thumbnail","6":"product_cat-boce-za-vodu","7":"product_cat-pokloni","8":"product_cat-posude","9":"product_tag-personalizirani-proizvodi","10":"product_tag-zima","11":"pa_boja-tamno-plava","12":"pa_brand-citron","13":"pa_vrsta-posuda-termo-bocice","15":"first","16":"instock","17":"shipping-taxable","18":"purchasable","19":"product-type-simple"},"bundled_by":[],"bundle_stock_status":"instock","bundle_stock_quantity":2,"bundle_virtual":false,"bundle_layout":"","bundle_add_to_cart_form_location":"","bundle_editable_in_cart":false,"bundle_sold_individually_context":"","bundle_item_grouping":"","bundle_min_size":"","bundle_max_size":"","bundle_price":[],"bundled_items":[],"bundle_sell_ids":[],"acf":[],"yoast_head":"<!-- This site is optimized with the Yoast SEO Premium plugin v21.5 (Yoast SEO v27.4) - https:\/\/yoast.com\/product\/yoast-seo-premium-wordpress\/ -->\n<title>Citron 500ml Boca za vodu Blue Dino - NajNaj.eu<\/title>\n<meta name=\"robots\" content=\"index, follow, max-snippet:-1, max-image-preview:large, max-video-preview:-1\" \/>\n<link rel=\"canonical\" href=\"https:\/\/najnaj.eu\/fr\/proizvod\/citron-500ml-boca-za-vodu-blue-dino\/\" \/>\n<meta property=\"og:locale\" content=\"fr_FR\" \/>\n<meta property=\"og:type\" content=\"article\" \/>\n<meta property=\"og:title\" content=\"Citron 500ml Boca za vodu Blue Dino\" \/>\n<meta property=\"og:description\" content=\"Velika djeca, tinejd\u017eeri i odrasli voljet \u0107e zna\u010dajke na\u0161e termo izolirane boce za vodu od 500 ml. Od \u0161irokog otvora za jednostavno ispijanje do dr\u017eanja bez znojenja, otpornosti na udarce zahvaljuju\u0107i silikonskom nastavku do trostruko izolirane toplinske tehnologije koja odr\u017eava teku\u0107ine toplima do 12 sati i hladnima do 24 sata - bez obzira gdje ga stavite!\" \/>\n<meta property=\"og:url\" content=\"https:\/\/najnaj.eu\/fr\/proizvod\/citron-500ml-boca-za-vodu-blue-dino\/\" \/>\n<meta property=\"og:site_name\" content=\"NajNaj.eu\" \/>\n<meta property=\"article:publisher\" content=\"https:\/\/web.facebook.com\/najnaj.eu\/\" \/>\n<meta property=\"article:modified_time\" content=\"2026-04-08T07:22:38+00:00\" \/>\n<meta property=\"og:image\" content=\"https:\/\/najnaj.eu\/wp-content\/uploads\/2026\/03\/prod-photo-blue-dino.jpg\" \/>\n\t<meta property=\"og:image:width\" content=\"2000\" \/>\n\t<meta property=\"og:image:height\" content=\"2000\" \/>\n\t<meta property=\"og:image:type\" content=\"image\/jpeg\" \/>\n<meta name=\"twitter:card\" content=\"summary_large_image\" \/>\n<meta name=\"twitter:label1\" content=\"Prix\" \/>\n\t<meta name=\"twitter:data1\" content=\"36,99&nbsp;&euro;\" \/>\n\t<meta name=\"twitter:label2\" content=\"Disponibilit\u00e9\" \/>\n\t<meta name=\"twitter:data2\" content=\"En stock\" \/>\n<script type=\"application\/ld+json\" class=\"yoast-schema-graph\">{\"@context\":\"https:\\\/\\\/schema.org\",\"@graph\":[{\"@type\":\"WebPage\",\"@id\":\"https:\\\/\\\/najnaj.eu\\\/fr\\\/proizvod\\\/citron-500ml-boca-za-vodu-blue-dino\\\/\",\"url\":\"https:\\\/\\\/najnaj.eu\\\/fr\\\/proizvod\\\/citron-500ml-boca-za-vodu-blue-dino\\\/\",\"name\":\"Citron 500ml Boca za vodu Blue Dino - NajNaj.eu\",\"isPartOf\":{\"@id\":\"https:\\\/\\\/najnaj.eu\\\/fr\\\/#website\"},\"primaryImageOfPage\":{\"@id\":\"https:\\\/\\\/najnaj.eu\\\/fr\\\/proizvod\\\/citron-500ml-boca-za-vodu-blue-dino\\\/#primaryimage\"},\"image\":{\"@id\":\"https:\\\/\\\/najnaj.eu\\\/fr\\\/proizvod\\\/citron-500ml-boca-za-vodu-blue-dino\\\/#primaryimage\"},\"thumbnailUrl\":\"https:\\\/\\\/najnaj.eu\\\/wp-content\\\/uploads\\\/2026\\\/03\\\/prod-photo-blue-dino.jpg\",\"datePublished\":\"2026-03-17T15:05:58+00:00\",\"dateModified\":\"2026-04-08T07:22:38+00:00\",\"breadcrumb\":{\"@id\":\"https:\\\/\\\/najnaj.eu\\\/fr\\\/proizvod\\\/citron-500ml-boca-za-vodu-blue-dino\\\/#breadcrumb\"},\"inLanguage\":\"fr-FR\",\"potentialAction\":[{\"@type\":\"ReadAction\",\"target\":[\"https:\\\/\\\/najnaj.eu\\\/fr\\\/proizvod\\\/citron-500ml-boca-za-vodu-blue-dino\\\/\"]}]},{\"@type\":\"ImageObject\",\"inLanguage\":\"fr-FR\",\"@id\":\"https:\\\/\\\/najnaj.eu\\\/fr\\\/proizvod\\\/citron-500ml-boca-za-vodu-blue-dino\\\/#primaryimage\",\"url\":\"https:\\\/\\\/najnaj.eu\\\/wp-content\\\/uploads\\\/2026\\\/03\\\/prod-photo-blue-dino.jpg\",\"contentUrl\":\"https:\\\/\\\/najnaj.eu\\\/wp-content\\\/uploads\\\/2026\\\/03\\\/prod-photo-blue-dino.jpg\",\"width\":2000,\"height\":2000},{\"@type\":\"BreadcrumbList\",\"@id\":\"https:\\\/\\\/najnaj.eu\\\/fr\\\/proizvod\\\/citron-500ml-boca-za-vodu-blue-dino\\\/#breadcrumb\",\"itemListElement\":[{\"@type\":\"ListItem\",\"position\":1,\"name\":\"Po\u010detna stranica\",\"item\":\"https:\\\/\\\/najnaj.eu\\\/fr\\\/\"},{\"@type\":\"ListItem\",\"position\":2,\"name\":\"Trgovina\",\"item\":\"https:\\\/\\\/najnaj.hr\\\/trgovina\\\/\"},{\"@type\":\"ListItem\",\"position\":3,\"name\":\"Citron 500ml Boca za vodu Blue Dino\"}]},{\"@type\":\"WebSite\",\"@id\":\"https:\\\/\\\/najnaj.eu\\\/fr\\\/#website\",\"url\":\"https:\\\/\\\/najnaj.eu\\\/fr\\\/\",\"name\":\"NajNaj.eu\",\"description\":\"Za najva\u017enije!\",\"potentialAction\":[{\"@type\":\"SearchAction\",\"target\":{\"@type\":\"EntryPoint\",\"urlTemplate\":\"https:\\\/\\\/najnaj.eu\\\/fr\\\/?s={search_term_string}\"},\"query-input\":{\"@type\":\"PropertyValueSpecification\",\"valueRequired\":true,\"valueName\":\"search_term_string\"}}],\"inLanguage\":\"fr-FR\"}]}<\/script>\n<meta property=\"product:brand\" content=\"Citron\" \/>\n<meta property=\"product:price:amount\" content=\"36.99\" \/>\n<meta property=\"product:price:currency\" content=\"EUR\" \/>\n<meta property=\"og:availability\" content=\"instock\" \/>\n<meta property=\"product:availability\" content=\"instock\" \/>\n<meta property=\"product:retailer_item_id\" content=\"WB_500_Dino\" \/>\n<meta property=\"product:condition\" content=\"new\" \/>\n<!-- \/ Yoast SEO Premium plugin. -->","yoast_head_json":{"title":"Citron 500ml Boca za vodu Blue Dino - NajNaj.eu","robots":{"index":"index","follow":"follow","max-snippet":"max-snippet:-1","max-image-preview":"max-image-preview:large","max-video-preview":"max-video-preview:-1"},"canonical":"https:\/\/najnaj.eu\/fr\/proizvod\/citron-500ml-boca-za-vodu-blue-dino\/","og_locale":"fr_FR","og_type":"article","og_title":"Citron 500ml Boca za vodu Blue Dino","og_description":"Velika djeca, tinejd\u017eeri i odrasli voljet \u0107e zna\u010dajke na\u0161e termo izolirane boce za vodu od 500 ml. Od \u0161irokog otvora za jednostavno ispijanje do dr\u017eanja bez znojenja, otpornosti na udarce zahvaljuju\u0107i silikonskom nastavku do trostruko izolirane toplinske tehnologije koja odr\u017eava teku\u0107ine toplima do 12 sati i hladnima do 24 sata - bez obzira gdje ga stavite!","og_url":"https:\/\/najnaj.eu\/fr\/proizvod\/citron-500ml-boca-za-vodu-blue-dino\/","og_site_name":"NajNaj.eu","article_publisher":"https:\/\/web.facebook.com\/najnaj.eu\/","article_modified_time":"2026-04-08T07:22:38+00:00","og_image":[{"width":2000,"height":2000,"url":"https:\/\/najnaj.eu\/wp-content\/uploads\/2026\/03\/prod-photo-blue-dino.jpg","type":"image\/jpeg"}],"twitter_card":"summary_large_image","twitter_misc":{"Prix":"36,99&nbsp;&euro;","Disponibilit\u00e9":"En stock"},"schema":{"@context":"https:\/\/schema.org","@graph":[{"@type":"WebPage","@id":"https:\/\/najnaj.eu\/fr\/proizvod\/citron-500ml-boca-za-vodu-blue-dino\/","url":"https:\/\/najnaj.eu\/fr\/proizvod\/citron-500ml-boca-za-vodu-blue-dino\/","name":"Citron 500ml Boca za vodu Blue Dino - NajNaj.eu","isPartOf":{"@id":"https:\/\/najnaj.eu\/fr\/#website"},"primaryImageOfPage":{"@id":"https:\/\/najnaj.eu\/fr\/proizvod\/citron-500ml-boca-za-vodu-blue-dino\/#primaryimage"},"image":{"@id":"https:\/\/najnaj.eu\/fr\/proizvod\/citron-500ml-boca-za-vodu-blue-dino\/#primaryimage"},"thumbnailUrl":"https:\/\/najnaj.eu\/wp-content\/uploads\/2026\/03\/prod-photo-blue-dino.jpg","datePublished":"2026-03-17T15:05:58+00:00","dateModified":"2026-04-08T07:22:38+00:00","breadcrumb":{"@id":"https:\/\/najnaj.eu\/fr\/proizvod\/citron-500ml-boca-za-vodu-blue-dino\/#breadcrumb"},"inLanguage":"fr-FR","potentialAction":[{"@type":"ReadAction","target":["https:\/\/najnaj.eu\/fr\/proizvod\/citron-500ml-boca-za-vodu-blue-dino\/"]}]},{"@type":"ImageObject","inLanguage":"fr-FR","@id":"https:\/\/najnaj.eu\/fr\/proizvod\/citron-500ml-boca-za-vodu-blue-dino\/#primaryimage","url":"https:\/\/najnaj.eu\/wp-content\/uploads\/2026\/03\/prod-photo-blue-dino.jpg","contentUrl":"https:\/\/najnaj.eu\/wp-content\/uploads\/2026\/03\/prod-photo-blue-dino.jpg","width":2000,"height":2000},{"@type":"BreadcrumbList","@id":"https:\/\/najnaj.eu\/fr\/proizvod\/citron-500ml-boca-za-vodu-blue-dino\/#breadcrumb","itemListElement":[{"@type":"ListItem","position":1,"name":"Po\u010detna stranica","item":"https:\/\/najnaj.eu\/fr\/"},{"@type":"ListItem","position":2,"name":"Trgovina","item":"https:\/\/najnaj.hr\/trgovina\/"},{"@type":"ListItem","position":3,"name":"Citron 500ml Boca za vodu Blue Dino"}]},{"@type":"WebSite","@id":"https:\/\/najnaj.eu\/fr\/#website","url":"https:\/\/najnaj.eu\/fr\/","name":"NajNaj.eu","description":"Za najva\u017enije!","potentialAction":[{"@type":"SearchAction","target":{"@type":"EntryPoint","urlTemplate":"https:\/\/najnaj.eu\/fr\/?s={search_term_string}"},"query-input":{"@type":"PropertyValueSpecification","valueRequired":true,"valueName":"search_term_string"}}],"inLanguage":"fr-FR"}]},"product_brand":"Citron","product_price_amount":"36.99","product_price_currency":"EUR","og_availability":"instock","product_availability":"instock","product_retailer_item_id":"WB_500_Dino","product_condition":"new"},"_links":{"self":[{"href":"https:\/\/najnaj.eu\/fr\/wp-json\/wp\/v2\/product\/301408","targetHints":{"allow":["GET"]}}],"collection":[{"href":"https:\/\/najnaj.eu\/fr\/wp-json\/wp\/v2\/product"}],"about":[{"href":"https:\/\/najnaj.eu\/fr\/wp-json\/wp\/v2\/types\/product"}],"replies":[{"embeddable":true,"href":"https:\/\/najnaj.eu\/fr\/wp-json\/wp\/v2\/comments?post=301408"}],"version-history":[{"count":0,"href":"https:\/\/najnaj.eu\/fr\/wp-json\/wp\/v2\/product\/301408\/revisions"}],"wp:featuredmedia":[{"embeddable":true,"href":"https:\/\/najnaj.eu\/fr\/wp-json\/wp\/v2\/media\/301440"}],"wp:attachment":[{"href":"https:\/\/najnaj.eu\/fr\/wp-json\/wp\/v2\/media?parent=301408"}],"wp:term":[{"taxonomy":"product_brand","embeddable":true,"href":"https:\/\/najnaj.eu\/fr\/wp-json\/wp\/v2\/product_brand?post=301408"},{"taxonomy":"product_cat","embeddable":true,"href":"https:\/\/najnaj.eu\/fr\/wp-json\/wp\/v2\/product_cat?post=301408"},{"taxonomy":"product_tag","embeddable":true,"href":"https:\/\/najnaj.eu\/fr\/wp-json\/wp\/v2\/product_tag?post=301408"}],"curies":[{"name":"wp","href":"https:\/\/api.w.org\/{rel}","templated":true}]}}