{"id":301076,"date":"2026-03-16T15:43:11","date_gmt":"2026-03-16T14:43:11","guid":{"rendered":"https:\/\/najnaj.eu\/?post_type=product&#038;p=301076"},"modified":"2026-03-17T10:52:27","modified_gmt":"2026-03-17T09:52:27","slug":"carriwell-ulosci-nakon-poroda-10kom","status":"publish","type":"product","link":"https:\/\/najnaj.eu\/fr\/proizvod\/carriwell-ulosci-nakon-poroda-10kom\/","title":{"rendered":"Carriwell Ulo\u0161ci nakon poroda, 10kom"},"content":{"rendered":"<p><span data-sheets-root=\"1\">Nakon poroda tijelo prolazi kroz velike promjene i razdoblje prilagodbe, zbog \u010dega je potrebna dodatna za\u0161tita, udobnost i sigurnost. <\/span><\/p>\n<p><span data-sheets-root=\"1\">Ovi postporo\u0111ajni ulo\u0161ci posebno su namijenjeni za prve, najosjetljivije dane oporavka.<br \/>\nImaju visoku mo\u0107 upijanja te pru\u017eaju maksimalnu za\u0161titu od postporo\u0111ajnog krvarenja, uz osje\u0107aj meko\u0107e i ugode. Zahvaljuju\u0107i u\u010dinkovitoj apsorpciji i zadr\u017eavanju teku\u0107ine, poma\u017eu vam da se osje\u0107ate suho i za\u0161ti\u0107eno tijekom cijelog dana i no\u0107i.<br \/>\nNjihova mekana i prozra\u010dna struktura nje\u017ena je prema osjetljivoj ko\u017ei te smanjuje rizik od iritacija i nelagode. Povr\u0161ina od organskog pamuka dermatolo\u0161ki je testirana i sigurna za svakodnevnu upotrebu.<br \/>\n<\/span><\/p>\n<p><span data-sheets-root=\"1\">Anatomski oblikovan dizajn omogu\u0107uje sigurno prianjanje i udobno cjelodnevno no\u0161enje. <\/span><\/p>\n<p><span data-sheets-root=\"1\">Svaki ulo\u017eak pojedina\u010dno je pakiran, \u0161to osigurava dodatnu higijensku za\u0161titu.<\/span><\/p>\n","protected":false},"excerpt":{"rendered":"<p><span data-sheets-root=\"1\">Carriwell Ulo\u0161ci nakon poroda nje\u017eno su i pouzdano rje\u0161enje u osjetljivom postporo\u0111ajnom razdoblju. Pru\u017eaju maksimalnu za\u0161titu, udobnost i sigurnost upravo kada vam je najpotrebnije.<br \/>\nIzuzetno su mekani i prozra\u010dni, posebno dizajnirani za u\u010dinkovito upijanje i dugotrajan osje\u0107aj suho\u0107e. Nje\u017eni su prema ko\u017ei te idealni za prve dane oporavka, kada je potrebna dodatna podr\u0161ka i bezbri\u017enost.<\/span><\/p>\n","protected":false},"featured_media":301077,"comment_status":"closed","ping_status":"closed","template":"","meta":{"_acf_changed":false,"footnotes":""},"product_brand":[],"product_cat":[681,562],"product_tag":[],"class_list":{"0":"post-301076","1":"product","2":"type-product","3":"status-publish","4":"has-post-thumbnail","6":"product_cat-ostalo-za-trudnice","7":"product_cat-za-mamu","8":"pa_brand-carriwell","10":"first","11":"instock","12":"shipping-taxable","13":"purchasable","14":"product-type-simple"},"bundled_by":[],"bundle_stock_status":"instock","bundle_stock_quantity":15,"bundle_virtual":false,"bundle_layout":"","bundle_add_to_cart_form_location":"","bundle_editable_in_cart":false,"bundle_sold_individually_context":"","bundle_item_grouping":"","bundle_min_size":"","bundle_max_size":"","bundle_price":[],"bundled_items":[],"bundle_sell_ids":[],"acf":[],"yoast_head":"<!-- This site is optimized with the Yoast SEO Premium plugin v21.5 (Yoast SEO v27.4) - https:\/\/yoast.com\/product\/yoast-seo-premium-wordpress\/ -->\n<title>Carriwell Ulo\u0161ci nakon poroda, 10kom - NajNaj.eu<\/title>\n<meta name=\"robots\" content=\"index, follow, max-snippet:-1, max-image-preview:large, max-video-preview:-1\" \/>\n<link rel=\"canonical\" href=\"https:\/\/najnaj.eu\/fr\/proizvod\/carriwell-ulosci-nakon-poroda-10kom\/\" \/>\n<meta property=\"og:locale\" content=\"fr_FR\" \/>\n<meta property=\"og:type\" content=\"article\" \/>\n<meta property=\"og:title\" content=\"Carriwell Ulo\u0161ci nakon poroda, 10kom\" \/>\n<meta property=\"og:description\" content=\"Carriwell Ulo\u0161ci nakon poroda nje\u017eno su i pouzdano rje\u0161enje u osjetljivom postporo\u0111ajnom razdoblju. Pru\u017eaju maksimalnu za\u0161titu, udobnost i sigurnost upravo kada vam je najpotrebnije. Izuzetno su mekani i prozra\u010dni, posebno dizajnirani za u\u010dinkovito upijanje i dugotrajan osje\u0107aj suho\u0107e. Nje\u017eni su prema ko\u017ei te idealni za prve dane oporavka, kada je potrebna dodatna podr\u0161ka i bezbri\u017enost.\" \/>\n<meta property=\"og:url\" content=\"https:\/\/najnaj.eu\/fr\/proizvod\/carriwell-ulosci-nakon-poroda-10kom\/\" \/>\n<meta property=\"og:site_name\" content=\"NajNaj.eu\" \/>\n<meta property=\"article:publisher\" content=\"https:\/\/web.facebook.com\/najnaj.eu\/\" \/>\n<meta property=\"article:modified_time\" content=\"2026-03-17T09:52:27+00:00\" \/>\n<meta property=\"og:image\" content=\"https:\/\/najnaj.eu\/wp-content\/uploads\/2026\/03\/1200_Disposable-10x-Maternity-Post-Birth-Care-Pads_Web_v08-819x1024.jpg\" \/>\n\t<meta property=\"og:image:width\" content=\"819\" \/>\n\t<meta property=\"og:image:height\" content=\"1024\" \/>\n\t<meta property=\"og:image:type\" content=\"image\/jpeg\" \/>\n<meta name=\"twitter:card\" content=\"summary_large_image\" \/>\n<meta name=\"twitter:label1\" content=\"Prix\" \/>\n\t<meta name=\"twitter:data1\" content=\"9,99&nbsp;&euro;\" \/>\n\t<meta name=\"twitter:label2\" content=\"Disponibilit\u00e9\" \/>\n\t<meta name=\"twitter:data2\" content=\"En stock\" \/>\n<script type=\"application\/ld+json\" class=\"yoast-schema-graph\">{\"@context\":\"https:\\\/\\\/schema.org\",\"@graph\":[{\"@type\":\"WebPage\",\"@id\":\"https:\\\/\\\/najnaj.eu\\\/fr\\\/proizvod\\\/carriwell-ulosci-nakon-poroda-10kom\\\/\",\"url\":\"https:\\\/\\\/najnaj.eu\\\/fr\\\/proizvod\\\/carriwell-ulosci-nakon-poroda-10kom\\\/\",\"name\":\"Carriwell Ulo\u0161ci nakon poroda, 10kom - NajNaj.eu\",\"isPartOf\":{\"@id\":\"https:\\\/\\\/najnaj.eu\\\/fr\\\/#website\"},\"primaryImageOfPage\":{\"@id\":\"https:\\\/\\\/najnaj.eu\\\/fr\\\/proizvod\\\/carriwell-ulosci-nakon-poroda-10kom\\\/#primaryimage\"},\"image\":{\"@id\":\"https:\\\/\\\/najnaj.eu\\\/fr\\\/proizvod\\\/carriwell-ulosci-nakon-poroda-10kom\\\/#primaryimage\"},\"thumbnailUrl\":\"https:\\\/\\\/najnaj.eu\\\/wp-content\\\/uploads\\\/2026\\\/03\\\/1200_Disposable-10x-Maternity-Post-Birth-Care-Pads_Web_v08.jpg\",\"datePublished\":\"2026-03-16T14:43:11+00:00\",\"dateModified\":\"2026-03-17T09:52:27+00:00\",\"breadcrumb\":{\"@id\":\"https:\\\/\\\/najnaj.eu\\\/fr\\\/proizvod\\\/carriwell-ulosci-nakon-poroda-10kom\\\/#breadcrumb\"},\"inLanguage\":\"fr-FR\",\"potentialAction\":[{\"@type\":\"ReadAction\",\"target\":[\"https:\\\/\\\/najnaj.eu\\\/fr\\\/proizvod\\\/carriwell-ulosci-nakon-poroda-10kom\\\/\"]}]},{\"@type\":\"ImageObject\",\"inLanguage\":\"fr-FR\",\"@id\":\"https:\\\/\\\/najnaj.eu\\\/fr\\\/proizvod\\\/carriwell-ulosci-nakon-poroda-10kom\\\/#primaryimage\",\"url\":\"https:\\\/\\\/najnaj.eu\\\/wp-content\\\/uploads\\\/2026\\\/03\\\/1200_Disposable-10x-Maternity-Post-Birth-Care-Pads_Web_v08.jpg\",\"contentUrl\":\"https:\\\/\\\/najnaj.eu\\\/wp-content\\\/uploads\\\/2026\\\/03\\\/1200_Disposable-10x-Maternity-Post-Birth-Care-Pads_Web_v08.jpg\",\"width\":2048,\"height\":2560},{\"@type\":\"BreadcrumbList\",\"@id\":\"https:\\\/\\\/najnaj.eu\\\/fr\\\/proizvod\\\/carriwell-ulosci-nakon-poroda-10kom\\\/#breadcrumb\",\"itemListElement\":[{\"@type\":\"ListItem\",\"position\":1,\"name\":\"Po\u010detna stranica\",\"item\":\"https:\\\/\\\/najnaj.eu\\\/fr\\\/\"},{\"@type\":\"ListItem\",\"position\":2,\"name\":\"Trgovina\",\"item\":\"https:\\\/\\\/najnaj.hr\\\/trgovina\\\/\"},{\"@type\":\"ListItem\",\"position\":3,\"name\":\"Carriwell Ulo\u0161ci nakon poroda, 10kom\"}]},{\"@type\":\"WebSite\",\"@id\":\"https:\\\/\\\/najnaj.eu\\\/fr\\\/#website\",\"url\":\"https:\\\/\\\/najnaj.eu\\\/fr\\\/\",\"name\":\"NajNaj.eu\",\"description\":\"Za najva\u017enije!\",\"potentialAction\":[{\"@type\":\"SearchAction\",\"target\":{\"@type\":\"EntryPoint\",\"urlTemplate\":\"https:\\\/\\\/najnaj.eu\\\/fr\\\/?s={search_term_string}\"},\"query-input\":{\"@type\":\"PropertyValueSpecification\",\"valueRequired\":true,\"valueName\":\"search_term_string\"}}],\"inLanguage\":\"fr-FR\"}]}<\/script>\n<meta property=\"product:brand\" content=\"Carriwell\" \/>\n<meta property=\"product:price:amount\" content=\"9.99\" \/>\n<meta property=\"product:price:currency\" content=\"EUR\" \/>\n<meta property=\"og:availability\" content=\"instock\" \/>\n<meta property=\"product:availability\" content=\"instock\" \/>\n<meta property=\"product:retailer_item_id\" content=\"CW920700\" \/>\n<meta property=\"product:condition\" content=\"new\" \/>\n<!-- \/ Yoast SEO Premium plugin. -->","yoast_head_json":{"title":"Carriwell Ulo\u0161ci nakon poroda, 10kom - NajNaj.eu","robots":{"index":"index","follow":"follow","max-snippet":"max-snippet:-1","max-image-preview":"max-image-preview:large","max-video-preview":"max-video-preview:-1"},"canonical":"https:\/\/najnaj.eu\/fr\/proizvod\/carriwell-ulosci-nakon-poroda-10kom\/","og_locale":"fr_FR","og_type":"article","og_title":"Carriwell Ulo\u0161ci nakon poroda, 10kom","og_description":"Carriwell Ulo\u0161ci nakon poroda nje\u017eno su i pouzdano rje\u0161enje u osjetljivom postporo\u0111ajnom razdoblju. Pru\u017eaju maksimalnu za\u0161titu, udobnost i sigurnost upravo kada vam je najpotrebnije. Izuzetno su mekani i prozra\u010dni, posebno dizajnirani za u\u010dinkovito upijanje i dugotrajan osje\u0107aj suho\u0107e. Nje\u017eni su prema ko\u017ei te idealni za prve dane oporavka, kada je potrebna dodatna podr\u0161ka i bezbri\u017enost.","og_url":"https:\/\/najnaj.eu\/fr\/proizvod\/carriwell-ulosci-nakon-poroda-10kom\/","og_site_name":"NajNaj.eu","article_publisher":"https:\/\/web.facebook.com\/najnaj.eu\/","article_modified_time":"2026-03-17T09:52:27+00:00","og_image":[{"width":819,"height":1024,"url":"https:\/\/najnaj.eu\/wp-content\/uploads\/2026\/03\/1200_Disposable-10x-Maternity-Post-Birth-Care-Pads_Web_v08-819x1024.jpg","type":"image\/jpeg"}],"twitter_card":"summary_large_image","twitter_misc":{"Prix":"9,99&nbsp;&euro;","Disponibilit\u00e9":"En stock"},"schema":{"@context":"https:\/\/schema.org","@graph":[{"@type":"WebPage","@id":"https:\/\/najnaj.eu\/fr\/proizvod\/carriwell-ulosci-nakon-poroda-10kom\/","url":"https:\/\/najnaj.eu\/fr\/proizvod\/carriwell-ulosci-nakon-poroda-10kom\/","name":"Carriwell Ulo\u0161ci nakon poroda, 10kom - NajNaj.eu","isPartOf":{"@id":"https:\/\/najnaj.eu\/fr\/#website"},"primaryImageOfPage":{"@id":"https:\/\/najnaj.eu\/fr\/proizvod\/carriwell-ulosci-nakon-poroda-10kom\/#primaryimage"},"image":{"@id":"https:\/\/najnaj.eu\/fr\/proizvod\/carriwell-ulosci-nakon-poroda-10kom\/#primaryimage"},"thumbnailUrl":"https:\/\/najnaj.eu\/wp-content\/uploads\/2026\/03\/1200_Disposable-10x-Maternity-Post-Birth-Care-Pads_Web_v08.jpg","datePublished":"2026-03-16T14:43:11+00:00","dateModified":"2026-03-17T09:52:27+00:00","breadcrumb":{"@id":"https:\/\/najnaj.eu\/fr\/proizvod\/carriwell-ulosci-nakon-poroda-10kom\/#breadcrumb"},"inLanguage":"fr-FR","potentialAction":[{"@type":"ReadAction","target":["https:\/\/najnaj.eu\/fr\/proizvod\/carriwell-ulosci-nakon-poroda-10kom\/"]}]},{"@type":"ImageObject","inLanguage":"fr-FR","@id":"https:\/\/najnaj.eu\/fr\/proizvod\/carriwell-ulosci-nakon-poroda-10kom\/#primaryimage","url":"https:\/\/najnaj.eu\/wp-content\/uploads\/2026\/03\/1200_Disposable-10x-Maternity-Post-Birth-Care-Pads_Web_v08.jpg","contentUrl":"https:\/\/najnaj.eu\/wp-content\/uploads\/2026\/03\/1200_Disposable-10x-Maternity-Post-Birth-Care-Pads_Web_v08.jpg","width":2048,"height":2560},{"@type":"BreadcrumbList","@id":"https:\/\/najnaj.eu\/fr\/proizvod\/carriwell-ulosci-nakon-poroda-10kom\/#breadcrumb","itemListElement":[{"@type":"ListItem","position":1,"name":"Po\u010detna stranica","item":"https:\/\/najnaj.eu\/fr\/"},{"@type":"ListItem","position":2,"name":"Trgovina","item":"https:\/\/najnaj.hr\/trgovina\/"},{"@type":"ListItem","position":3,"name":"Carriwell Ulo\u0161ci nakon poroda, 10kom"}]},{"@type":"WebSite","@id":"https:\/\/najnaj.eu\/fr\/#website","url":"https:\/\/najnaj.eu\/fr\/","name":"NajNaj.eu","description":"Za najva\u017enije!","potentialAction":[{"@type":"SearchAction","target":{"@type":"EntryPoint","urlTemplate":"https:\/\/najnaj.eu\/fr\/?s={search_term_string}"},"query-input":{"@type":"PropertyValueSpecification","valueRequired":true,"valueName":"search_term_string"}}],"inLanguage":"fr-FR"}]},"product_brand":"Carriwell","product_price_amount":"9.99","product_price_currency":"EUR","og_availability":"instock","product_availability":"instock","product_retailer_item_id":"CW920700","product_condition":"new"},"_links":{"self":[{"href":"https:\/\/najnaj.eu\/fr\/wp-json\/wp\/v2\/product\/301076","targetHints":{"allow":["GET"]}}],"collection":[{"href":"https:\/\/najnaj.eu\/fr\/wp-json\/wp\/v2\/product"}],"about":[{"href":"https:\/\/najnaj.eu\/fr\/wp-json\/wp\/v2\/types\/product"}],"replies":[{"embeddable":true,"href":"https:\/\/najnaj.eu\/fr\/wp-json\/wp\/v2\/comments?post=301076"}],"version-history":[{"count":0,"href":"https:\/\/najnaj.eu\/fr\/wp-json\/wp\/v2\/product\/301076\/revisions"}],"wp:featuredmedia":[{"embeddable":true,"href":"https:\/\/najnaj.eu\/fr\/wp-json\/wp\/v2\/media\/301077"}],"wp:attachment":[{"href":"https:\/\/najnaj.eu\/fr\/wp-json\/wp\/v2\/media?parent=301076"}],"wp:term":[{"taxonomy":"product_brand","embeddable":true,"href":"https:\/\/najnaj.eu\/fr\/wp-json\/wp\/v2\/product_brand?post=301076"},{"taxonomy":"product_cat","embeddable":true,"href":"https:\/\/najnaj.eu\/fr\/wp-json\/wp\/v2\/product_cat?post=301076"},{"taxonomy":"product_tag","embeddable":true,"href":"https:\/\/najnaj.eu\/fr\/wp-json\/wp\/v2\/product_tag?post=301076"}],"curies":[{"name":"wp","href":"https:\/\/api.w.org\/{rel}","templated":true}]}}