{"id":298820,"date":"2026-03-11T12:25:16","date_gmt":"2026-03-11T11:25:16","guid":{"rendered":"https:\/\/najnaj.eu\/?post_type=product&#038;p=298820"},"modified":"2026-03-24T10:39:03","modified_gmt":"2026-03-24T09:39:03","slug":"kaos-klapp-set-djecja-set-za-novorodence-reciklirana-plastika-charcoal-black","status":"publish","type":"product","link":"https:\/\/najnaj.eu\/fr\/proizvod\/kaos-klapp-set-djecja-set-za-novorodence-reciklirana-plastika-charcoal-black\/","title":{"rendered":"KAOS Klapp Set dje\u010dja stolica + set za novoro\u0111en\u010de, reciklirana plastika, Charcoal Black"},"content":{"rendered":"<p class=\"first:mt-1.5!\"><strong>KAOS KLAPP\u00ae je moderna dizajnerska klasika \u2013 visoka stolica koja raste s va\u0161im djetetom od novoro\u0111en\u010deta do odrasle osobe (0\u2013110 kg)<\/strong><strong>. <\/strong><\/p>\n<p class=\"first:mt-1.5!\">Inspirirana stepenicama, KAOS KLAPP\u00ae prirodno pru\u017ea ergonomski i aktivan polo\u017eaj sjedenja bez potrebe za pode\u0161avanjima. Sklopiva je i dolazi potpuno sastavljena, ru\u010dno montirana do savr\u0161enstva, spremna za upotrebu odmah iz kutije. Stolica koja spaja bezvremenski dizajn s pametnom funkcionalno\u0161\u0107u. Izra\u0111ena od 100% reciklirane plastike pomije\u0161ane s \u010distom drvenom pulpom, \u0161to je \u010dini odr\u017eivim rje\u0161enjem za roditelje koji brinu o okoli\u0161u.<\/p>\n<p class=\"first:mt-1.5!\">Dizajnirana za najmla\u0111e, Kaos hranilica pru\u017ea stabilnost i udobnost tijekom obroka ili igre, te je vrlo jednostavna za odr\u017eavanje.<\/p>\n<p class=\"first:mt-1.5!\">Minimalisti\u010dki i moderan dizajn Kaos dje\u010dje hranilice osigurat \u0107e uklapanje u svaki interijer. Pored toga, hranilica je vrlo lagana, prenosiva i jednostavna za prilagodbu.<\/p>\n<p class=\"first:mt-1.5!\">Kaos dje\u010dja stolica predstavlja savr\u0161en izbor za roditelje koji \u017eele kombinaciju stila, kvalitete i sigurnosti.<\/p>\n<p class=\"first:mt-1.5!\"><strong>Zna\u010dajke:<\/strong><br \/>\n\u2013 Visoka dje\u010dja stolica za cijelo djetinjstvo &#8211; uz set za novoro\u0111en\u010de mo\u017ee se koristiti od ro\u0111enja do 6 mjeseci ili maksimalne te\u017eine 9kg<br \/>\n\u2013 Kada se koristi kao visoka stolica u kombinaciji s KAOS KLAPP za\u0161titnom ogradicom, ovaj proizvod je namijenjen djeci koja mogu samostalno sjediti, do 3 godine starosti ili maksimalne te\u017eine od 15 kg<br \/>\n\u2013 Bez dodataka se mo\u017ee nastaviti koristiti kao stolica nosivosti do 110kg<br \/>\n\u2013 Dolazi potpuno sastavljena<br \/>\n\u2013 Izra\u0111ena od reciklirane plastike, ekolo\u0161ki prihvatljiva, dugotrajan proizvod<br \/>\n\u2013 Ergonomi\u010dan dizajn koji pru\u017ea udobnost va\u0161em djetetu tijekom obroka ili igre<br \/>\n\u2013 Lako odr\u017eavanje i \u010di\u0161\u0107enje, idealna za obiteljske prostore<br \/>\n\u2013 Sigurna, stabilna i otporna na udarce, osiguravaju\u0107i dugovje\u010dnost<br \/>\n\u2013 Dostupna u modernim bojama koje se uklapaju u svaki interijer<br \/>\n\u2013 Prilagodljiv dizajn koji raste s va\u0161im djetetom<\/p>\n<p class=\"first:mt-1.5!\"><strong>Sklopiva<\/strong><br \/>\nKAOS KLAPP\u00ae hranilica lako se sklapa i mo\u017ee se pohraniti kada se ne koristi \u2013 ili ponijeti sa sobom na putovanja.<\/p>\n<p class=\"first:mt-1.5!\"><strong>Spremna za upotrebu odmah iz kutije<\/strong><br \/>\nKAOS KLAPP\u00ae hranilica dolazi potpuno sastavljena. Jednostavno rasklopite noge, kliknite sjede\u010di dio u zaklju\u010dani polo\u017eaj i stolica je spremna za upotrebu. Nema potrebe za pode\u0161avanjima, a lako je odr\u017eavati \u010disto\u0107u.<\/p>\n<p class=\"first:mt-1.5!\"><strong>Nagra\u0111ivana<\/strong><br \/>\nPrepoznata zbog svog bezvremenskog dizajna i inovativne funkcionalnosti, KAOS KLAPP\u00ae dizajnirao je nagra\u0111ivani norve\u0161ki dizajner proizvoda Ole Petter Wullum. Dje\u010dja stolica koja spaja skandinavsku estetiku, odr\u017eivost i pametni in\u017eenjering \u2013 izgra\u0111ena da traje kroz generacije.<\/p>\n<p data-path-to-node=\"10\"><b data-path-to-node=\"10\" data-index-in-node=\"0\">KAOS Klapp Set za novoro\u0111en\u010de \u2013 Prvi zajedni\u010dki trenuci za stolom<\/b><br \/>\nOvaj set omogu\u0107uje va\u0161oj bebi da bude dio obiteljskih okupljanja oko stola od prvog dana. Dizajniran je da dr\u017ei bebu u razini va\u0161ih o\u010diju, poti\u010du\u0107i interakciju i bliskost. Set je jednostavan za postavljanje na naslon stolice i sadr\u017ei:<\/p>\n<p>&#8211; Mekani, perivi set jastu\u010di\u0107a za maksimalnu udobnost.<br \/>\n&#8211; Sigurnosni pojas s upori\u0161tem u 5 to\u010daka.<br \/>\n&#8211; Dodatni ulo\u017eak za najmla\u0111e koji se lako uklanja kako beba raste.<br \/>\n&#8211; Posebne za\u0161tite protiv naginjanja koje se montiraju na stra\u017enje noge stolice za maksimalnu sigurnost.<\/p>\n<p class=\"first:mt-1.5!\"><strong>\u0160to je u kutiji?<\/strong><br \/>\n\u2013 KAOS Klapp visoka stolica od reciklirane plastike, Charcoal Black<br \/>\n\u2013 KAOS Klapp set za novoro\u0111en\u010de (s jastu\u010di\u0107ima, pojasom i za\u0161titom od naginjanja), Charcoal Black<\/p>\n<p>&nbsp;<\/p>\n<p><img loading=\"lazy\" decoding=\"async\" class=\"aligncenter wp-image-257757 size-large\" src=\"https:\/\/najnaj.eu\/wp-content\/uploads\/2025\/03\/KLA-OAK-BLA-7-1024x1024.jpg\" alt=\"\" width=\"980\" height=\"980\" srcset=\"https:\/\/najnaj.eu\/wp-content\/uploads\/2025\/03\/KLA-OAK-BLA-7-1024x1024.jpg 1024w, https:\/\/najnaj.eu\/wp-content\/uploads\/2025\/03\/KLA-OAK-BLA-7-324x324.jpg 324w, https:\/\/najnaj.eu\/wp-content\/uploads\/2025\/03\/KLA-OAK-BLA-7-100x100.jpg 100w, https:\/\/najnaj.eu\/wp-content\/uploads\/2025\/03\/KLA-OAK-BLA-7-1200x1200.jpg 1200w, https:\/\/najnaj.eu\/wp-content\/uploads\/2025\/03\/KLA-OAK-BLA-7-300x300.jpg 300w, https:\/\/najnaj.eu\/wp-content\/uploads\/2025\/03\/KLA-OAK-BLA-7-150x150.jpg 150w, https:\/\/najnaj.eu\/wp-content\/uploads\/2025\/03\/KLA-OAK-BLA-7-768x768.jpg 768w, https:\/\/najnaj.eu\/wp-content\/uploads\/2025\/03\/KLA-OAK-BLA-7-1536x1536.jpg 1536w, https:\/\/najnaj.eu\/wp-content\/uploads\/2025\/03\/KLA-OAK-BLA-7-1440x1440.jpg 1440w, https:\/\/najnaj.eu\/wp-content\/uploads\/2025\/03\/KLA-OAK-BLA-7-420x420.jpg 420w, https:\/\/najnaj.eu\/wp-content\/uploads\/2025\/03\/KLA-OAK-BLA-7-50x50.jpg 50w, https:\/\/najnaj.eu\/wp-content\/uploads\/2025\/03\/KLA-OAK-BLA-7.jpg 2048w\" sizes=\"auto, (max-width: 980px) 100vw, 980px\" \/><\/p>\n<p>&nbsp;<\/p>\n","protected":false},"excerpt":{"rendered":"<p data-path-to-node=\"3\">Ovaj set sadr\u017ei sve \u0161to trebate kako bi va\u0161e novoro\u0111en\u010de od prvog dana sudjelovalo u obiteljskim trenucima za stolom \u2013 sigurno, udobno i u razini o\u010diju. KAOS KLAPP\u00ae sklopiva visoka stolica od reciklirane plastike dolazi potpuno sastavljena i raste s djetetom (0\u2013110 kg), a uz set za novoro\u0111en\u010de pretvara se u savr\u0161eno ergonomsko gnijezdo za bebu do 6 mjeseci (9 kg). Skandinavski dizajn, odr\u017eivi materijali i inkluzivnost od prvog dana \u2013 u savr\u0161eno uskla\u0111enoj Charcoal Black varijanti.<\/p>\n<p data-path-to-node=\"3\">Ako \u017eelite odmah biti spremni za dohranu, dodajte u ko\u0161aricu i set za\u0161titne ogradice i pladnja u istoj boji!<\/p>\n","protected":false},"featured_media":298477,"comment_status":"closed","ping_status":"closed","template":"","meta":{"_acf_changed":false,"footnotes":""},"product_brand":[],"product_cat":[578,577,652],"product_tag":[],"class_list":{"0":"post-298820","1":"product","2":"type-product","3":"status-publish","4":"has-post-thumbnail","6":"product_cat-hranilice","7":"product_cat-hranjenje","8":"product_cat-stolice-za-hranjenje","9":"pa_boja-crna","10":"pa_brand-kaos","11":"pa_hranilica-stolica-za-hranjenje","13":"first","14":"instock","15":"shipping-taxable","16":"purchasable","17":"product-type-bundle"},"bundled_by":[],"bundle_stock_status":"instock","bundle_stock_quantity":3,"bundle_virtual":false,"bundle_layout":"grid","bundle_add_to_cart_form_location":"default","bundle_editable_in_cart":false,"bundle_sold_individually_context":"product","bundle_item_grouping":"parent","bundle_min_size":"","bundle_max_size":"","bundle_price":{"price":{"min":{"incl_tax":"358.00","excl_tax":"358.00"},"max":{"incl_tax":"477","excl_tax":"477"}},"regular_price":{"min":{"incl_tax":"358.00","excl_tax":"358.00"},"max":{"incl_tax":"477","excl_tax":"477"}}},"bundled_items":[{"bundled_item_id":476,"product_id":243144,"menu_order":0,"quantity_min":1,"quantity_max":1,"quantity_default":1,"priced_individually":false,"shipped_individually":false,"override_title":true,"title":"Dje\u010dja stolica","override_description":true,"description":"","optional":false,"hide_thumbnail":false,"discount":"","override_variations":false,"allowed_variations":[],"override_default_variation_attributes":false,"default_variation_attributes":[],"single_product_visibility":"visible","cart_visibility":"visible","order_visibility":"visible","single_product_price_visibility":"visible","cart_price_visibility":"visible","order_price_visibility":"visible","stock_status":"in_stock"},{"bundled_item_id":543,"product_id":298468,"menu_order":1,"quantity_min":1,"quantity_max":1,"quantity_default":1,"priced_individually":false,"shipped_individually":false,"override_title":true,"title":"Set za novoro\u0111en\u010de","override_description":true,"description":"","optional":false,"hide_thumbnail":false,"discount":"","override_variations":false,"allowed_variations":[],"override_default_variation_attributes":false,"default_variation_attributes":[],"single_product_visibility":"visible","cart_visibility":"visible","order_visibility":"visible","single_product_price_visibility":"visible","cart_price_visibility":"visible","order_price_visibility":"visible","stock_status":"in_stock"},{"bundled_item_id":477,"product_id":298200,"menu_order":2,"quantity_min":1,"quantity_max":1,"quantity_default":1,"priced_individually":true,"shipped_individually":false,"override_title":true,"title":"Za\u0161titna ogradica i pladanj","override_description":true,"description":"","optional":true,"hide_thumbnail":false,"discount":"","override_variations":false,"allowed_variations":[],"override_default_variation_attributes":false,"default_variation_attributes":[],"single_product_visibility":"visible","cart_visibility":"visible","order_visibility":"visible","single_product_price_visibility":"visible","cart_price_visibility":"visible","order_price_visibility":"visible","stock_status":"in_stock"}],"bundle_sell_ids":[],"acf":[],"yoast_head":"<!-- This site is optimized with the Yoast SEO Premium plugin v21.5 (Yoast SEO v27.4) - https:\/\/yoast.com\/product\/yoast-seo-premium-wordpress\/ -->\n<title>KAOS Klapp dje\u010dja stolica sa setom za novoro\u0111en\u010de - NajNaj.eu<\/title>\n<meta name=\"description\" content=\"KAOS Klapp dje\u010dja stolica sa setom za novoro\u0111en\u010de omogu\u0107uje bebi sudjelovanje u obrocima od ro\u0111enja. Sklopiva i ergonomska hranilica koja raste s djetetom.\" \/>\n<meta name=\"robots\" content=\"index, follow, max-snippet:-1, max-image-preview:large, max-video-preview:-1\" \/>\n<link rel=\"canonical\" href=\"https:\/\/najnaj.eu\/fr\/proizvod\/kaos-klapp-set-djecja-set-za-novorodence-reciklirana-plastika-charcoal-black\/\" \/>\n<meta property=\"og:locale\" content=\"fr_FR\" \/>\n<meta property=\"og:type\" content=\"article\" \/>\n<meta property=\"og:title\" content=\"KAOS Klapp Set dje\u010dja stolica + set za novoro\u0111en\u010de, reciklirana plastika, Charcoal Black\" \/>\n<meta property=\"og:description\" content=\"KAOS Klapp dje\u010dja stolica sa setom za novoro\u0111en\u010de omogu\u0107uje bebi sudjelovanje u obrocima od ro\u0111enja. Sklopiva i ergonomska hranilica koja raste s djetetom.\" \/>\n<meta property=\"og:url\" content=\"https:\/\/najnaj.eu\/fr\/proizvod\/kaos-klapp-set-djecja-set-za-novorodence-reciklirana-plastika-charcoal-black\/\" \/>\n<meta property=\"og:site_name\" content=\"NajNaj.eu\" \/>\n<meta property=\"article:publisher\" content=\"https:\/\/web.facebook.com\/najnaj.eu\/\" \/>\n<meta property=\"article:modified_time\" content=\"2026-03-24T09:39:03+00:00\" \/>\n<meta property=\"og:image\" content=\"https:\/\/najnaj.eu\/wp-content\/uploads\/2026\/03\/3_KLAPP_Newborn_Charcoal_Black.jpg\" \/>\n\t<meta property=\"og:image:width\" content=\"2048\" \/>\n\t<meta property=\"og:image:height\" content=\"2048\" \/>\n\t<meta property=\"og:image:type\" content=\"image\/jpeg\" \/>\n<meta name=\"twitter:card\" content=\"summary_large_image\" \/>\n<meta name=\"twitter:label1\" content=\"Prix\" \/>\n\t<meta name=\"twitter:data1\" content=\"358,00&nbsp;&euro;\" \/>\n\t<meta name=\"twitter:label2\" content=\"Disponibilit\u00e9\" \/>\n\t<meta name=\"twitter:data2\" content=\"En stock\" \/>\n<script type=\"application\/ld+json\" class=\"yoast-schema-graph\">{\"@context\":\"https:\\\/\\\/schema.org\",\"@graph\":[{\"@type\":\"WebPage\",\"@id\":\"https:\\\/\\\/najnaj.eu\\\/fr\\\/proizvod\\\/kaos-klapp-set-djecja-set-za-novorodence-reciklirana-plastika-charcoal-black\\\/\",\"url\":\"https:\\\/\\\/najnaj.eu\\\/fr\\\/proizvod\\\/kaos-klapp-set-djecja-set-za-novorodence-reciklirana-plastika-charcoal-black\\\/\",\"name\":\"KAOS Klapp dje\u010dja stolica sa setom za novoro\u0111en\u010de - NajNaj.eu\",\"isPartOf\":{\"@id\":\"https:\\\/\\\/najnaj.eu\\\/fr\\\/#website\"},\"primaryImageOfPage\":{\"@id\":\"https:\\\/\\\/najnaj.eu\\\/fr\\\/proizvod\\\/kaos-klapp-set-djecja-set-za-novorodence-reciklirana-plastika-charcoal-black\\\/#primaryimage\"},\"image\":{\"@id\":\"https:\\\/\\\/najnaj.eu\\\/fr\\\/proizvod\\\/kaos-klapp-set-djecja-set-za-novorodence-reciklirana-plastika-charcoal-black\\\/#primaryimage\"},\"thumbnailUrl\":\"https:\\\/\\\/najnaj.eu\\\/wp-content\\\/uploads\\\/2026\\\/03\\\/3_KLAPP_Newborn_Charcoal_Black.jpg\",\"datePublished\":\"2026-03-11T11:25:16+00:00\",\"dateModified\":\"2026-03-24T09:39:03+00:00\",\"description\":\"KAOS Klapp dje\u010dja stolica sa setom za novoro\u0111en\u010de omogu\u0107uje bebi sudjelovanje u obrocima od ro\u0111enja. Sklopiva i ergonomska hranilica koja raste s djetetom.\",\"breadcrumb\":{\"@id\":\"https:\\\/\\\/najnaj.eu\\\/fr\\\/proizvod\\\/kaos-klapp-set-djecja-set-za-novorodence-reciklirana-plastika-charcoal-black\\\/#breadcrumb\"},\"inLanguage\":\"fr-FR\",\"potentialAction\":[{\"@type\":\"ReadAction\",\"target\":[\"https:\\\/\\\/najnaj.eu\\\/fr\\\/proizvod\\\/kaos-klapp-set-djecja-set-za-novorodence-reciklirana-plastika-charcoal-black\\\/\"]}]},{\"@type\":\"ImageObject\",\"inLanguage\":\"fr-FR\",\"@id\":\"https:\\\/\\\/najnaj.eu\\\/fr\\\/proizvod\\\/kaos-klapp-set-djecja-set-za-novorodence-reciklirana-plastika-charcoal-black\\\/#primaryimage\",\"url\":\"https:\\\/\\\/najnaj.eu\\\/wp-content\\\/uploads\\\/2026\\\/03\\\/3_KLAPP_Newborn_Charcoal_Black.jpg\",\"contentUrl\":\"https:\\\/\\\/najnaj.eu\\\/wp-content\\\/uploads\\\/2026\\\/03\\\/3_KLAPP_Newborn_Charcoal_Black.jpg\",\"width\":2048,\"height\":2048},{\"@type\":\"BreadcrumbList\",\"@id\":\"https:\\\/\\\/najnaj.eu\\\/fr\\\/proizvod\\\/kaos-klapp-set-djecja-set-za-novorodence-reciklirana-plastika-charcoal-black\\\/#breadcrumb\",\"itemListElement\":[{\"@type\":\"ListItem\",\"position\":1,\"name\":\"Po\u010detna stranica\",\"item\":\"https:\\\/\\\/najnaj.eu\\\/fr\\\/\"},{\"@type\":\"ListItem\",\"position\":2,\"name\":\"Trgovina\",\"item\":\"https:\\\/\\\/najnaj.hr\\\/trgovina\\\/\"},{\"@type\":\"ListItem\",\"position\":3,\"name\":\"KAOS Klapp Set dje\u010dja stolica + set za novoro\u0111en\u010de, reciklirana plastika, Charcoal Black\"}]},{\"@type\":\"WebSite\",\"@id\":\"https:\\\/\\\/najnaj.eu\\\/fr\\\/#website\",\"url\":\"https:\\\/\\\/najnaj.eu\\\/fr\\\/\",\"name\":\"NajNaj.eu\",\"description\":\"Za najva\u017enije!\",\"potentialAction\":[{\"@type\":\"SearchAction\",\"target\":{\"@type\":\"EntryPoint\",\"urlTemplate\":\"https:\\\/\\\/najnaj.eu\\\/fr\\\/?s={search_term_string}\"},\"query-input\":{\"@type\":\"PropertyValueSpecification\",\"valueRequired\":true,\"valueName\":\"search_term_string\"}}],\"inLanguage\":\"fr-FR\"}]}<\/script>\n<meta property=\"product:brand\" content=\"KAOS\" \/>\n<meta property=\"product:price:amount\" content=\"358.00\" \/>\n<meta property=\"product:price:currency\" content=\"EUR\" \/>\n<meta property=\"og:availability\" content=\"instock\" \/>\n<meta property=\"product:availability\" content=\"instock\" \/>\n<meta property=\"product:retailer_item_id\" content=\"KAOS_baby_bundle_Charcoal_Black\" \/>\n<meta property=\"product:condition\" content=\"new\" \/>\n<!-- \/ Yoast SEO Premium plugin. -->","yoast_head_json":{"title":"KAOS Klapp dje\u010dja stolica sa setom za novoro\u0111en\u010de - NajNaj.eu","description":"KAOS Klapp dje\u010dja stolica sa setom za novoro\u0111en\u010de omogu\u0107uje bebi sudjelovanje u obrocima od ro\u0111enja. Sklopiva i ergonomska hranilica koja raste s djetetom.","robots":{"index":"index","follow":"follow","max-snippet":"max-snippet:-1","max-image-preview":"max-image-preview:large","max-video-preview":"max-video-preview:-1"},"canonical":"https:\/\/najnaj.eu\/fr\/proizvod\/kaos-klapp-set-djecja-set-za-novorodence-reciklirana-plastika-charcoal-black\/","og_locale":"fr_FR","og_type":"article","og_title":"KAOS Klapp Set dje\u010dja stolica + set za novoro\u0111en\u010de, reciklirana plastika, Charcoal Black","og_description":"KAOS Klapp dje\u010dja stolica sa setom za novoro\u0111en\u010de omogu\u0107uje bebi sudjelovanje u obrocima od ro\u0111enja. Sklopiva i ergonomska hranilica koja raste s djetetom.","og_url":"https:\/\/najnaj.eu\/fr\/proizvod\/kaos-klapp-set-djecja-set-za-novorodence-reciklirana-plastika-charcoal-black\/","og_site_name":"NajNaj.eu","article_publisher":"https:\/\/web.facebook.com\/najnaj.eu\/","article_modified_time":"2026-03-24T09:39:03+00:00","og_image":[{"width":2048,"height":2048,"url":"https:\/\/najnaj.eu\/wp-content\/uploads\/2026\/03\/3_KLAPP_Newborn_Charcoal_Black.jpg","type":"image\/jpeg"}],"twitter_card":"summary_large_image","twitter_misc":{"Prix":"358,00&nbsp;&euro;","Disponibilit\u00e9":"En stock"},"schema":{"@context":"https:\/\/schema.org","@graph":[{"@type":"WebPage","@id":"https:\/\/najnaj.eu\/fr\/proizvod\/kaos-klapp-set-djecja-set-za-novorodence-reciklirana-plastika-charcoal-black\/","url":"https:\/\/najnaj.eu\/fr\/proizvod\/kaos-klapp-set-djecja-set-za-novorodence-reciklirana-plastika-charcoal-black\/","name":"KAOS Klapp dje\u010dja stolica sa setom za novoro\u0111en\u010de - NajNaj.eu","isPartOf":{"@id":"https:\/\/najnaj.eu\/fr\/#website"},"primaryImageOfPage":{"@id":"https:\/\/najnaj.eu\/fr\/proizvod\/kaos-klapp-set-djecja-set-za-novorodence-reciklirana-plastika-charcoal-black\/#primaryimage"},"image":{"@id":"https:\/\/najnaj.eu\/fr\/proizvod\/kaos-klapp-set-djecja-set-za-novorodence-reciklirana-plastika-charcoal-black\/#primaryimage"},"thumbnailUrl":"https:\/\/najnaj.eu\/wp-content\/uploads\/2026\/03\/3_KLAPP_Newborn_Charcoal_Black.jpg","datePublished":"2026-03-11T11:25:16+00:00","dateModified":"2026-03-24T09:39:03+00:00","description":"KAOS Klapp dje\u010dja stolica sa setom za novoro\u0111en\u010de omogu\u0107uje bebi sudjelovanje u obrocima od ro\u0111enja. Sklopiva i ergonomska hranilica koja raste s djetetom.","breadcrumb":{"@id":"https:\/\/najnaj.eu\/fr\/proizvod\/kaos-klapp-set-djecja-set-za-novorodence-reciklirana-plastika-charcoal-black\/#breadcrumb"},"inLanguage":"fr-FR","potentialAction":[{"@type":"ReadAction","target":["https:\/\/najnaj.eu\/fr\/proizvod\/kaos-klapp-set-djecja-set-za-novorodence-reciklirana-plastika-charcoal-black\/"]}]},{"@type":"ImageObject","inLanguage":"fr-FR","@id":"https:\/\/najnaj.eu\/fr\/proizvod\/kaos-klapp-set-djecja-set-za-novorodence-reciklirana-plastika-charcoal-black\/#primaryimage","url":"https:\/\/najnaj.eu\/wp-content\/uploads\/2026\/03\/3_KLAPP_Newborn_Charcoal_Black.jpg","contentUrl":"https:\/\/najnaj.eu\/wp-content\/uploads\/2026\/03\/3_KLAPP_Newborn_Charcoal_Black.jpg","width":2048,"height":2048},{"@type":"BreadcrumbList","@id":"https:\/\/najnaj.eu\/fr\/proizvod\/kaos-klapp-set-djecja-set-za-novorodence-reciklirana-plastika-charcoal-black\/#breadcrumb","itemListElement":[{"@type":"ListItem","position":1,"name":"Po\u010detna stranica","item":"https:\/\/najnaj.eu\/fr\/"},{"@type":"ListItem","position":2,"name":"Trgovina","item":"https:\/\/najnaj.hr\/trgovina\/"},{"@type":"ListItem","position":3,"name":"KAOS Klapp Set dje\u010dja stolica + set za novoro\u0111en\u010de, reciklirana plastika, Charcoal Black"}]},{"@type":"WebSite","@id":"https:\/\/najnaj.eu\/fr\/#website","url":"https:\/\/najnaj.eu\/fr\/","name":"NajNaj.eu","description":"Za najva\u017enije!","potentialAction":[{"@type":"SearchAction","target":{"@type":"EntryPoint","urlTemplate":"https:\/\/najnaj.eu\/fr\/?s={search_term_string}"},"query-input":{"@type":"PropertyValueSpecification","valueRequired":true,"valueName":"search_term_string"}}],"inLanguage":"fr-FR"}]},"product_brand":"KAOS","product_price_amount":"358.00","product_price_currency":"EUR","og_availability":"instock","product_availability":"instock","product_retailer_item_id":"KAOS_baby_bundle_Charcoal_Black","product_condition":"new"},"_links":{"self":[{"href":"https:\/\/najnaj.eu\/fr\/wp-json\/wp\/v2\/product\/298820","targetHints":{"allow":["GET"]}}],"collection":[{"href":"https:\/\/najnaj.eu\/fr\/wp-json\/wp\/v2\/product"}],"about":[{"href":"https:\/\/najnaj.eu\/fr\/wp-json\/wp\/v2\/types\/product"}],"replies":[{"embeddable":true,"href":"https:\/\/najnaj.eu\/fr\/wp-json\/wp\/v2\/comments?post=298820"}],"version-history":[{"count":0,"href":"https:\/\/najnaj.eu\/fr\/wp-json\/wp\/v2\/product\/298820\/revisions"}],"wp:featuredmedia":[{"embeddable":true,"href":"https:\/\/najnaj.eu\/fr\/wp-json\/wp\/v2\/media\/298477"}],"wp:attachment":[{"href":"https:\/\/najnaj.eu\/fr\/wp-json\/wp\/v2\/media?parent=298820"}],"wp:term":[{"taxonomy":"product_brand","embeddable":true,"href":"https:\/\/najnaj.eu\/fr\/wp-json\/wp\/v2\/product_brand?post=298820"},{"taxonomy":"product_cat","embeddable":true,"href":"https:\/\/najnaj.eu\/fr\/wp-json\/wp\/v2\/product_cat?post=298820"},{"taxonomy":"product_tag","embeddable":true,"href":"https:\/\/najnaj.eu\/fr\/wp-json\/wp\/v2\/product_tag?post=298820"}],"curies":[{"name":"wp","href":"https:\/\/api.w.org\/{rel}","templated":true}]}}