{"id":298414,"date":"2026-03-10T14:35:27","date_gmt":"2026-03-10T13:35:27","guid":{"rendered":"https:\/\/najnaj.eu\/?post_type=product&#038;p=298414"},"modified":"2026-03-13T11:06:37","modified_gmt":"2026-03-13T10:06:37","slug":"kaos-klapp-set-za-novorodence-terracotta-pink","status":"publish","type":"product","link":"https:\/\/najnaj.eu\/fr\/proizvod\/kaos-klapp-set-za-novorodence-terracotta-pink\/","title":{"rendered":"KAOS Klapp Set za novoro\u0111en\u010de Terracotta Pink"},"content":{"rendered":"<p>Kaos Klapp Set za novoro\u0111en\u010de savr\u0161en je dodatak ako \u017eelite uklju\u010diti bebu oko stola za blagovanje od prvog dana \u2013 sigurno, za\u0161ti\u0107eno i u razini o\u010diju.<\/p>\n<p>Set za novoro\u0111en\u010de jednostavan je za postavljanje i uklanjanje, te se pri\u010dvr\u0161\u0107uje na naslon Kaos Klapp dje\u010dje stolice. Set za novoro\u0111en\u010de sadr\u017ei mekani i perivi set jastu\u010di\u0107a, pojastu\u010deni sigurnosni pojas u 5 to\u010daka te dodatni umetak za najmanju djecu koji se mo\u017ee lako ukloniti. U setu za novoro\u0111en\u010de dolaze i za\u0161tite protiv naginjanja koje se stavljaju na stra\u017enje noge stolice.<\/p>\n<p>Klapp Set za novoro\u0111en\u010de izra\u0111en je od 100% reciklirane plastike iz postindustrijskog ili pretpotro\u0161a\u010dkog otpada. Odabirom KAOS Klapp Seta za novoro\u0111en\u010de pridonosite smanjenju plasti\u010dnog otpada koji bi ina\u010de mogao zavr\u0161iti na odlagali\u0161tima.<\/p>\n","protected":false},"excerpt":{"rendered":"<p>KAOS Klapp Set za novoro\u0111en\u010de omogu\u0107uje va\u0161em novoro\u0111en\u010detu da od prvog dana sudjeluje u obiteljskim obrocima \u2013 sigurno, udobno i u razini o\u010diju.<br \/>\nPrikladno od ro\u0111enja do 9 kg.<\/p>\n<p>U setu za novoro\u0111en\u010de dolaze i <a href=\"https:\/\/najnaj.eu\/proizvod\/kaos-zastita-protiv-naginjanja-za-recikliranu-djecju-stolicu-cream\/\">za\u0161tite protiv naginjanja<\/a> koje se stavljaju na stra\u017enje noge stolice.<\/p>\n<p><a href=\"https:\/\/najnaj.eu\/?s=dje%C4%8Dja+stolica&amp;post_type=product\" target=\"_blank\" rel=\"noopener\">KAOS Klapp visoka dje\u010dja stolica<\/a> kupuje se zasebno.<\/p>\n","protected":false},"featured_media":298417,"comment_status":"closed","ping_status":"closed","template":"","meta":{"_acf_changed":false,"footnotes":""},"product_brand":[],"product_cat":[579,578,577,652],"product_tag":[],"class_list":{"0":"post-298414","1":"product","2":"type-product","3":"status-publish","4":"has-post-thumbnail","6":"product_cat-dodaci-za-hranilice","7":"product_cat-hranilice","8":"product_cat-hranjenje","9":"product_cat-stolice-za-hranjenje","10":"pa_boja-narancasta","11":"pa_boja-roza","12":"pa_brand-kaos","13":"pa_hranilica-dodaci-za-hranilice","14":"pa_hranilica-stolica-za-hranjenje","16":"first","17":"instock","18":"shipping-taxable","19":"purchasable","20":"product-type-simple"},"bundled_by":["277435","298849"],"bundle_stock_status":"instock","bundle_stock_quantity":2,"bundle_virtual":false,"bundle_layout":"","bundle_add_to_cart_form_location":"","bundle_editable_in_cart":false,"bundle_sold_individually_context":"","bundle_item_grouping":"","bundle_min_size":"","bundle_max_size":"","bundle_price":[],"bundled_items":[],"bundle_sell_ids":[],"acf":[],"yoast_head":"<!-- This site is optimized with the Yoast SEO Premium plugin v21.5 (Yoast SEO v27.4) - https:\/\/yoast.com\/product\/yoast-seo-premium-wordpress\/ -->\n<title>KAOS Klapp Set za novoro\u0111en\u010de Terracotta Pink - NajNaj.eu<\/title>\n<meta name=\"robots\" content=\"index, follow, max-snippet:-1, max-image-preview:large, max-video-preview:-1\" \/>\n<link rel=\"canonical\" href=\"https:\/\/najnaj.eu\/fr\/proizvod\/kaos-klapp-set-za-novorodence-terracotta-pink\/\" \/>\n<meta property=\"og:locale\" content=\"fr_FR\" \/>\n<meta property=\"og:type\" content=\"article\" \/>\n<meta property=\"og:title\" content=\"KAOS Klapp Set za novoro\u0111en\u010de Terracotta Pink\" \/>\n<meta property=\"og:description\" content=\"KAOS Klapp Set za novoro\u0111en\u010de omogu\u0107uje va\u0161em novoro\u0111en\u010detu da od prvog dana sudjeluje u obiteljskim obrocima \u2013 sigurno, udobno i u razini o\u010diju. Prikladno od ro\u0111enja do 9 kg.  U setu za novoro\u0111en\u010de dolaze i za\u0161tite protiv naginjanja koje se stavljaju na stra\u017enje noge stolice.  KAOS Klapp visoka dje\u010dja stolica kupuje se zasebno.\" \/>\n<meta property=\"og:url\" content=\"https:\/\/najnaj.eu\/fr\/proizvod\/kaos-klapp-set-za-novorodence-terracotta-pink\/\" \/>\n<meta property=\"og:site_name\" content=\"NajNaj.eu\" \/>\n<meta property=\"article:publisher\" content=\"https:\/\/web.facebook.com\/najnaj.eu\/\" \/>\n<meta property=\"article:modified_time\" content=\"2026-03-13T10:06:37+00:00\" \/>\n<meta property=\"og:image\" content=\"https:\/\/najnaj.eu\/wp-content\/uploads\/2026\/03\/1_KLAPP_Newborn_Seat_Terracotta_Pink.jpg\" \/>\n\t<meta property=\"og:image:width\" content=\"2048\" \/>\n\t<meta property=\"og:image:height\" content=\"2048\" \/>\n\t<meta property=\"og:image:type\" content=\"image\/jpeg\" \/>\n<meta name=\"twitter:card\" content=\"summary_large_image\" \/>\n<meta name=\"twitter:label1\" content=\"Prix\" \/>\n\t<meta name=\"twitter:data1\" content=\"129,00&nbsp;&euro;\" \/>\n\t<meta name=\"twitter:label2\" content=\"Disponibilit\u00e9\" \/>\n\t<meta name=\"twitter:data2\" content=\"En stock\" \/>\n<script type=\"application\/ld+json\" class=\"yoast-schema-graph\">{\"@context\":\"https:\\\/\\\/schema.org\",\"@graph\":[{\"@type\":\"WebPage\",\"@id\":\"https:\\\/\\\/najnaj.eu\\\/fr\\\/proizvod\\\/kaos-klapp-set-za-novorodence-terracotta-pink\\\/\",\"url\":\"https:\\\/\\\/najnaj.eu\\\/fr\\\/proizvod\\\/kaos-klapp-set-za-novorodence-terracotta-pink\\\/\",\"name\":\"KAOS Klapp Set za novoro\u0111en\u010de Terracotta Pink - NajNaj.eu\",\"isPartOf\":{\"@id\":\"https:\\\/\\\/najnaj.eu\\\/fr\\\/#website\"},\"primaryImageOfPage\":{\"@id\":\"https:\\\/\\\/najnaj.eu\\\/fr\\\/proizvod\\\/kaos-klapp-set-za-novorodence-terracotta-pink\\\/#primaryimage\"},\"image\":{\"@id\":\"https:\\\/\\\/najnaj.eu\\\/fr\\\/proizvod\\\/kaos-klapp-set-za-novorodence-terracotta-pink\\\/#primaryimage\"},\"thumbnailUrl\":\"https:\\\/\\\/najnaj.eu\\\/wp-content\\\/uploads\\\/2026\\\/03\\\/1_KLAPP_Newborn_Seat_Terracotta_Pink.jpg\",\"datePublished\":\"2026-03-10T13:35:27+00:00\",\"dateModified\":\"2026-03-13T10:06:37+00:00\",\"breadcrumb\":{\"@id\":\"https:\\\/\\\/najnaj.eu\\\/fr\\\/proizvod\\\/kaos-klapp-set-za-novorodence-terracotta-pink\\\/#breadcrumb\"},\"inLanguage\":\"fr-FR\",\"potentialAction\":[{\"@type\":\"ReadAction\",\"target\":[\"https:\\\/\\\/najnaj.eu\\\/fr\\\/proizvod\\\/kaos-klapp-set-za-novorodence-terracotta-pink\\\/\"]}]},{\"@type\":\"ImageObject\",\"inLanguage\":\"fr-FR\",\"@id\":\"https:\\\/\\\/najnaj.eu\\\/fr\\\/proizvod\\\/kaos-klapp-set-za-novorodence-terracotta-pink\\\/#primaryimage\",\"url\":\"https:\\\/\\\/najnaj.eu\\\/wp-content\\\/uploads\\\/2026\\\/03\\\/1_KLAPP_Newborn_Seat_Terracotta_Pink.jpg\",\"contentUrl\":\"https:\\\/\\\/najnaj.eu\\\/wp-content\\\/uploads\\\/2026\\\/03\\\/1_KLAPP_Newborn_Seat_Terracotta_Pink.jpg\",\"width\":2048,\"height\":2048},{\"@type\":\"BreadcrumbList\",\"@id\":\"https:\\\/\\\/najnaj.eu\\\/fr\\\/proizvod\\\/kaos-klapp-set-za-novorodence-terracotta-pink\\\/#breadcrumb\",\"itemListElement\":[{\"@type\":\"ListItem\",\"position\":1,\"name\":\"Po\u010detna stranica\",\"item\":\"https:\\\/\\\/najnaj.eu\\\/fr\\\/\"},{\"@type\":\"ListItem\",\"position\":2,\"name\":\"Trgovina\",\"item\":\"https:\\\/\\\/najnaj.hr\\\/trgovina\\\/\"},{\"@type\":\"ListItem\",\"position\":3,\"name\":\"KAOS Klapp Set za novoro\u0111en\u010de Terracotta Pink\"}]},{\"@type\":\"WebSite\",\"@id\":\"https:\\\/\\\/najnaj.eu\\\/fr\\\/#website\",\"url\":\"https:\\\/\\\/najnaj.eu\\\/fr\\\/\",\"name\":\"NajNaj.eu\",\"description\":\"Za najva\u017enije!\",\"potentialAction\":[{\"@type\":\"SearchAction\",\"target\":{\"@type\":\"EntryPoint\",\"urlTemplate\":\"https:\\\/\\\/najnaj.eu\\\/fr\\\/?s={search_term_string}\"},\"query-input\":{\"@type\":\"PropertyValueSpecification\",\"valueRequired\":true,\"valueName\":\"search_term_string\"}}],\"inLanguage\":\"fr-FR\"}]}<\/script>\n<meta property=\"product:brand\" content=\"KAOS\" \/>\n<meta property=\"product:price:amount\" content=\"129.00\" \/>\n<meta property=\"product:price:currency\" content=\"EUR\" \/>\n<meta property=\"og:availability\" content=\"instock\" \/>\n<meta property=\"product:availability\" content=\"instock\" \/>\n<meta property=\"product:retailer_item_id\" content=\"NEW-REC-TER-PIN\" \/>\n<meta property=\"product:condition\" content=\"new\" \/>\n<!-- \/ Yoast SEO Premium plugin. -->","yoast_head_json":{"title":"KAOS Klapp Set za novoro\u0111en\u010de Terracotta Pink - NajNaj.eu","robots":{"index":"index","follow":"follow","max-snippet":"max-snippet:-1","max-image-preview":"max-image-preview:large","max-video-preview":"max-video-preview:-1"},"canonical":"https:\/\/najnaj.eu\/fr\/proizvod\/kaos-klapp-set-za-novorodence-terracotta-pink\/","og_locale":"fr_FR","og_type":"article","og_title":"KAOS Klapp Set za novoro\u0111en\u010de Terracotta Pink","og_description":"KAOS Klapp Set za novoro\u0111en\u010de omogu\u0107uje va\u0161em novoro\u0111en\u010detu da od prvog dana sudjeluje u obiteljskim obrocima \u2013 sigurno, udobno i u razini o\u010diju. Prikladno od ro\u0111enja do 9 kg.  U setu za novoro\u0111en\u010de dolaze i za\u0161tite protiv naginjanja koje se stavljaju na stra\u017enje noge stolice.  KAOS Klapp visoka dje\u010dja stolica kupuje se zasebno.","og_url":"https:\/\/najnaj.eu\/fr\/proizvod\/kaos-klapp-set-za-novorodence-terracotta-pink\/","og_site_name":"NajNaj.eu","article_publisher":"https:\/\/web.facebook.com\/najnaj.eu\/","article_modified_time":"2026-03-13T10:06:37+00:00","og_image":[{"width":2048,"height":2048,"url":"https:\/\/najnaj.eu\/wp-content\/uploads\/2026\/03\/1_KLAPP_Newborn_Seat_Terracotta_Pink.jpg","type":"image\/jpeg"}],"twitter_card":"summary_large_image","twitter_misc":{"Prix":"129,00&nbsp;&euro;","Disponibilit\u00e9":"En stock"},"schema":{"@context":"https:\/\/schema.org","@graph":[{"@type":"WebPage","@id":"https:\/\/najnaj.eu\/fr\/proizvod\/kaos-klapp-set-za-novorodence-terracotta-pink\/","url":"https:\/\/najnaj.eu\/fr\/proizvod\/kaos-klapp-set-za-novorodence-terracotta-pink\/","name":"KAOS Klapp Set za novoro\u0111en\u010de Terracotta Pink - NajNaj.eu","isPartOf":{"@id":"https:\/\/najnaj.eu\/fr\/#website"},"primaryImageOfPage":{"@id":"https:\/\/najnaj.eu\/fr\/proizvod\/kaos-klapp-set-za-novorodence-terracotta-pink\/#primaryimage"},"image":{"@id":"https:\/\/najnaj.eu\/fr\/proizvod\/kaos-klapp-set-za-novorodence-terracotta-pink\/#primaryimage"},"thumbnailUrl":"https:\/\/najnaj.eu\/wp-content\/uploads\/2026\/03\/1_KLAPP_Newborn_Seat_Terracotta_Pink.jpg","datePublished":"2026-03-10T13:35:27+00:00","dateModified":"2026-03-13T10:06:37+00:00","breadcrumb":{"@id":"https:\/\/najnaj.eu\/fr\/proizvod\/kaos-klapp-set-za-novorodence-terracotta-pink\/#breadcrumb"},"inLanguage":"fr-FR","potentialAction":[{"@type":"ReadAction","target":["https:\/\/najnaj.eu\/fr\/proizvod\/kaos-klapp-set-za-novorodence-terracotta-pink\/"]}]},{"@type":"ImageObject","inLanguage":"fr-FR","@id":"https:\/\/najnaj.eu\/fr\/proizvod\/kaos-klapp-set-za-novorodence-terracotta-pink\/#primaryimage","url":"https:\/\/najnaj.eu\/wp-content\/uploads\/2026\/03\/1_KLAPP_Newborn_Seat_Terracotta_Pink.jpg","contentUrl":"https:\/\/najnaj.eu\/wp-content\/uploads\/2026\/03\/1_KLAPP_Newborn_Seat_Terracotta_Pink.jpg","width":2048,"height":2048},{"@type":"BreadcrumbList","@id":"https:\/\/najnaj.eu\/fr\/proizvod\/kaos-klapp-set-za-novorodence-terracotta-pink\/#breadcrumb","itemListElement":[{"@type":"ListItem","position":1,"name":"Po\u010detna stranica","item":"https:\/\/najnaj.eu\/fr\/"},{"@type":"ListItem","position":2,"name":"Trgovina","item":"https:\/\/najnaj.hr\/trgovina\/"},{"@type":"ListItem","position":3,"name":"KAOS Klapp Set za novoro\u0111en\u010de Terracotta Pink"}]},{"@type":"WebSite","@id":"https:\/\/najnaj.eu\/fr\/#website","url":"https:\/\/najnaj.eu\/fr\/","name":"NajNaj.eu","description":"Za najva\u017enije!","potentialAction":[{"@type":"SearchAction","target":{"@type":"EntryPoint","urlTemplate":"https:\/\/najnaj.eu\/fr\/?s={search_term_string}"},"query-input":{"@type":"PropertyValueSpecification","valueRequired":true,"valueName":"search_term_string"}}],"inLanguage":"fr-FR"}]},"product_brand":"KAOS","product_price_amount":"129.00","product_price_currency":"EUR","og_availability":"instock","product_availability":"instock","product_retailer_item_id":"NEW-REC-TER-PIN","product_condition":"new"},"_links":{"self":[{"href":"https:\/\/najnaj.eu\/fr\/wp-json\/wp\/v2\/product\/298414","targetHints":{"allow":["GET"]}}],"collection":[{"href":"https:\/\/najnaj.eu\/fr\/wp-json\/wp\/v2\/product"}],"about":[{"href":"https:\/\/najnaj.eu\/fr\/wp-json\/wp\/v2\/types\/product"}],"replies":[{"embeddable":true,"href":"https:\/\/najnaj.eu\/fr\/wp-json\/wp\/v2\/comments?post=298414"}],"version-history":[{"count":0,"href":"https:\/\/najnaj.eu\/fr\/wp-json\/wp\/v2\/product\/298414\/revisions"}],"wp:featuredmedia":[{"embeddable":true,"href":"https:\/\/najnaj.eu\/fr\/wp-json\/wp\/v2\/media\/298417"}],"wp:attachment":[{"href":"https:\/\/najnaj.eu\/fr\/wp-json\/wp\/v2\/media?parent=298414"}],"wp:term":[{"taxonomy":"product_brand","embeddable":true,"href":"https:\/\/najnaj.eu\/fr\/wp-json\/wp\/v2\/product_brand?post=298414"},{"taxonomy":"product_cat","embeddable":true,"href":"https:\/\/najnaj.eu\/fr\/wp-json\/wp\/v2\/product_cat?post=298414"},{"taxonomy":"product_tag","embeddable":true,"href":"https:\/\/najnaj.eu\/fr\/wp-json\/wp\/v2\/product_tag?post=298414"}],"curies":[{"name":"wp","href":"https:\/\/api.w.org\/{rel}","templated":true}]}}