{"id":297732,"date":"2026-03-06T11:31:48","date_gmt":"2026-03-06T10:31:48","guid":{"rendered":"https:\/\/najnaj.eu\/?post_type=product&#038;p=297732"},"modified":"2026-03-29T15:24:02","modified_gmt":"2026-03-29T13:24:02","slug":"voksi-carry-me-sjenilo-i-mrezica-protiv-komaraca-seashell-sand","status":"publish","type":"product","link":"https:\/\/najnaj.eu\/fr\/proizvod\/voksi-carry-me-sjenilo-i-mrezica-protiv-komaraca-seashell-sand\/","title":{"rendered":"Voksi Carry Me sjenilo i mre\u017eica protiv komaraca, Seashell Sand"},"content":{"rendered":"<p>Ugra\u0111ena mre\u017eica protiv komaraca jednostavno se izvla\u010di kada je potrebna, a kada nije u upotrebi, lako se pohranjuje u skrivenom d\u017eepu, omogu\u0107uju\u0107i djetetu da u\u017eiva u svje\u017eem zraku bez smetnji. Na taj na\u010din, svaki izlazak postaje lak\u0161i i ugodniji jer Carry Me sjenilo kombinira prakti\u010dnost i promi\u0161ljeni dizajn, koji roditeljima olak\u0161ava svaki trenutak.<\/p>\n<p>Svi materijali u Voksi Carry Me sjenilu i mre\u017eici protiv komaraca imaju OEKO-TEX\u00ae Standard 100, klasa 1 certifikat, \u0161to jam\u010di da proizvod ne sadr\u017ei \u0161tetne kemikalije, pru\u017eaju\u0107i sigurnost i nje\u017enost osjetljivoj ko\u017ei va\u0161eg djeteta.<\/p>\n<p>Carry me sjenilo dolazi u dvije pa\u017eljivo odabrane boje koje se savr\u0161eno uskla\u0111uju sa svim bojama Carry Me prijenosne ko\u0161are, omogu\u0107uju\u0107i vam da stvorite harmoni\u010dan izgled, uz istu pouzdanu za\u0161titu i udobnost.<\/p>\n","protected":false},"excerpt":{"rendered":"<p>Uz Carry Me sjenilo i mre\u017eicu, va\u0161e dijete bit \u0107e za\u0161ti\u0107eno od sunca, vjetra i insekata dok ste u pokretu. Voksi Carry me sjenilo savr\u0161eno se uklapa uz <strong><a href=\"https:\/\/najnaj.eu\/kategorija-proizvoda\/djecja-kolica\/dodaci-za-kolica\/prijenosna-kosara\/?brand=voksi\">Voksi Carry Me prijenosnu ko\u0161aru<\/a><\/strong>, pru\u017eaju\u0107i va\u0161em djetetu udobnost i za\u0161titu tijekom sun\u010danih dana i vanjskih avantura.<\/p>\n","protected":false},"featured_media":297740,"comment_status":"closed","ping_status":"closed","template":"","meta":{"_acf_changed":false,"footnotes":""},"product_brand":[],"product_cat":[552,1677],"product_tag":[],"class_list":{"0":"post-297732","1":"product","2":"type-product","3":"status-publish","4":"has-post-thumbnail","6":"product_cat-dodaci-za-kolica","7":"product_cat-prijenosna-kosara","8":"pa_boja-bez","9":"pa_brand-voksi","11":"first","12":"instock","13":"shipping-taxable","14":"purchasable","15":"product-type-simple"},"bundled_by":[],"bundle_stock_status":"instock","bundle_stock_quantity":3,"bundle_virtual":false,"bundle_layout":"","bundle_add_to_cart_form_location":"","bundle_editable_in_cart":false,"bundle_sold_individually_context":"","bundle_item_grouping":"","bundle_min_size":"","bundle_max_size":"","bundle_price":[],"bundled_items":[],"bundle_sell_ids":[],"acf":[],"yoast_head":"<!-- This site is optimized with the Yoast SEO Premium plugin v21.5 (Yoast SEO v27.4) - https:\/\/yoast.com\/product\/yoast-seo-premium-wordpress\/ -->\n<title>Voksi Carry Me sjenilo i mre\u017eica protiv komaraca, Seashell Sand - NajNaj.eu<\/title>\n<meta name=\"robots\" content=\"index, follow, max-snippet:-1, max-image-preview:large, max-video-preview:-1\" \/>\n<link rel=\"canonical\" href=\"https:\/\/najnaj.eu\/fr\/proizvod\/voksi-carry-me-sjenilo-i-mrezica-protiv-komaraca-seashell-sand\/\" \/>\n<meta property=\"og:locale\" content=\"fr_FR\" \/>\n<meta property=\"og:type\" content=\"article\" \/>\n<meta property=\"og:title\" content=\"Voksi Carry Me sjenilo i mre\u017eica protiv komaraca, Seashell Sand\" \/>\n<meta property=\"og:description\" content=\"Uz Carry Me sjenilo i mre\u017eicu, va\u0161e dijete bit \u0107e za\u0161ti\u0107eno od sunca, vjetra i insekata dok ste u pokretu. Voksi Carry me sjenilo savr\u0161eno se uklapa uz Voksi Carry Me prijenosnu ko\u0161aru, pru\u017eaju\u0107i va\u0161em djetetu udobnost i za\u0161titu tijekom sun\u010danih dana i vanjskih avantura.\" \/>\n<meta property=\"og:url\" content=\"https:\/\/najnaj.eu\/fr\/proizvod\/voksi-carry-me-sjenilo-i-mrezica-protiv-komaraca-seashell-sand\/\" \/>\n<meta property=\"og:site_name\" content=\"NajNaj.eu\" \/>\n<meta property=\"article:publisher\" content=\"https:\/\/web.facebook.com\/najnaj.eu\/\" \/>\n<meta property=\"article:modified_time\" content=\"2026-03-29T13:24:02+00:00\" \/>\n<meta property=\"og:image\" content=\"https:\/\/najnaj.eu\/wp-content\/uploads\/2026\/03\/11045627_Voksi_CarryMe-Canopy_SeashellSand_Mosquito-net.png\" \/>\n\t<meta property=\"og:image:width\" content=\"800\" \/>\n\t<meta property=\"og:image:height\" content=\"800\" \/>\n\t<meta property=\"og:image:type\" content=\"image\/png\" \/>\n<meta name=\"twitter:card\" content=\"summary_large_image\" \/>\n<meta name=\"twitter:label1\" content=\"Prix\" \/>\n\t<meta name=\"twitter:data1\" content=\"39,90&nbsp;&euro;\" \/>\n\t<meta name=\"twitter:label2\" content=\"Disponibilit\u00e9\" \/>\n\t<meta name=\"twitter:data2\" content=\"En stock\" \/>\n<script type=\"application\/ld+json\" class=\"yoast-schema-graph\">{\"@context\":\"https:\\\/\\\/schema.org\",\"@graph\":[{\"@type\":\"WebPage\",\"@id\":\"https:\\\/\\\/najnaj.eu\\\/fr\\\/proizvod\\\/voksi-carry-me-sjenilo-i-mrezica-protiv-komaraca-seashell-sand\\\/\",\"url\":\"https:\\\/\\\/najnaj.eu\\\/fr\\\/proizvod\\\/voksi-carry-me-sjenilo-i-mrezica-protiv-komaraca-seashell-sand\\\/\",\"name\":\"Voksi Carry Me sjenilo i mre\u017eica protiv komaraca, Seashell Sand - NajNaj.eu\",\"isPartOf\":{\"@id\":\"https:\\\/\\\/najnaj.eu\\\/fr\\\/#website\"},\"primaryImageOfPage\":{\"@id\":\"https:\\\/\\\/najnaj.eu\\\/fr\\\/proizvod\\\/voksi-carry-me-sjenilo-i-mrezica-protiv-komaraca-seashell-sand\\\/#primaryimage\"},\"image\":{\"@id\":\"https:\\\/\\\/najnaj.eu\\\/fr\\\/proizvod\\\/voksi-carry-me-sjenilo-i-mrezica-protiv-komaraca-seashell-sand\\\/#primaryimage\"},\"thumbnailUrl\":\"https:\\\/\\\/najnaj.eu\\\/wp-content\\\/uploads\\\/2026\\\/03\\\/11045627_Voksi_CarryMe-Canopy_SeashellSand_Mosquito-net.png\",\"datePublished\":\"2026-03-06T10:31:48+00:00\",\"dateModified\":\"2026-03-29T13:24:02+00:00\",\"breadcrumb\":{\"@id\":\"https:\\\/\\\/najnaj.eu\\\/fr\\\/proizvod\\\/voksi-carry-me-sjenilo-i-mrezica-protiv-komaraca-seashell-sand\\\/#breadcrumb\"},\"inLanguage\":\"fr-FR\",\"potentialAction\":[{\"@type\":\"ReadAction\",\"target\":[\"https:\\\/\\\/najnaj.eu\\\/fr\\\/proizvod\\\/voksi-carry-me-sjenilo-i-mrezica-protiv-komaraca-seashell-sand\\\/\"]}]},{\"@type\":\"ImageObject\",\"inLanguage\":\"fr-FR\",\"@id\":\"https:\\\/\\\/najnaj.eu\\\/fr\\\/proizvod\\\/voksi-carry-me-sjenilo-i-mrezica-protiv-komaraca-seashell-sand\\\/#primaryimage\",\"url\":\"https:\\\/\\\/najnaj.eu\\\/wp-content\\\/uploads\\\/2026\\\/03\\\/11045627_Voksi_CarryMe-Canopy_SeashellSand_Mosquito-net.png\",\"contentUrl\":\"https:\\\/\\\/najnaj.eu\\\/wp-content\\\/uploads\\\/2026\\\/03\\\/11045627_Voksi_CarryMe-Canopy_SeashellSand_Mosquito-net.png\",\"width\":800,\"height\":800},{\"@type\":\"BreadcrumbList\",\"@id\":\"https:\\\/\\\/najnaj.eu\\\/fr\\\/proizvod\\\/voksi-carry-me-sjenilo-i-mrezica-protiv-komaraca-seashell-sand\\\/#breadcrumb\",\"itemListElement\":[{\"@type\":\"ListItem\",\"position\":1,\"name\":\"Po\u010detna stranica\",\"item\":\"https:\\\/\\\/najnaj.eu\\\/fr\\\/\"},{\"@type\":\"ListItem\",\"position\":2,\"name\":\"Trgovina\",\"item\":\"https:\\\/\\\/najnaj.hr\\\/trgovina\\\/\"},{\"@type\":\"ListItem\",\"position\":3,\"name\":\"Voksi Carry Me sjenilo i mre\u017eica protiv komaraca, Seashell Sand\"}]},{\"@type\":\"WebSite\",\"@id\":\"https:\\\/\\\/najnaj.eu\\\/fr\\\/#website\",\"url\":\"https:\\\/\\\/najnaj.eu\\\/fr\\\/\",\"name\":\"NajNaj.eu\",\"description\":\"Za najva\u017enije!\",\"potentialAction\":[{\"@type\":\"SearchAction\",\"target\":{\"@type\":\"EntryPoint\",\"urlTemplate\":\"https:\\\/\\\/najnaj.eu\\\/fr\\\/?s={search_term_string}\"},\"query-input\":{\"@type\":\"PropertyValueSpecification\",\"valueRequired\":true,\"valueName\":\"search_term_string\"}}],\"inLanguage\":\"fr-FR\"}]}<\/script>\n<meta property=\"product:brand\" content=\"Voksi\" \/>\n<meta property=\"product:price:amount\" content=\"39.90\" \/>\n<meta property=\"product:price:currency\" content=\"EUR\" \/>\n<meta property=\"og:availability\" content=\"instock\" \/>\n<meta property=\"product:availability\" content=\"instock\" \/>\n<meta property=\"product:retailer_item_id\" content=\"11045627-SeashellSa-Std\" \/>\n<meta property=\"product:condition\" content=\"new\" \/>\n<!-- \/ Yoast SEO Premium plugin. -->","yoast_head_json":{"title":"Voksi Carry Me sjenilo i mre\u017eica protiv komaraca, Seashell Sand - NajNaj.eu","robots":{"index":"index","follow":"follow","max-snippet":"max-snippet:-1","max-image-preview":"max-image-preview:large","max-video-preview":"max-video-preview:-1"},"canonical":"https:\/\/najnaj.eu\/fr\/proizvod\/voksi-carry-me-sjenilo-i-mrezica-protiv-komaraca-seashell-sand\/","og_locale":"fr_FR","og_type":"article","og_title":"Voksi Carry Me sjenilo i mre\u017eica protiv komaraca, Seashell Sand","og_description":"Uz Carry Me sjenilo i mre\u017eicu, va\u0161e dijete bit \u0107e za\u0161ti\u0107eno od sunca, vjetra i insekata dok ste u pokretu. Voksi Carry me sjenilo savr\u0161eno se uklapa uz Voksi Carry Me prijenosnu ko\u0161aru, pru\u017eaju\u0107i va\u0161em djetetu udobnost i za\u0161titu tijekom sun\u010danih dana i vanjskih avantura.","og_url":"https:\/\/najnaj.eu\/fr\/proizvod\/voksi-carry-me-sjenilo-i-mrezica-protiv-komaraca-seashell-sand\/","og_site_name":"NajNaj.eu","article_publisher":"https:\/\/web.facebook.com\/najnaj.eu\/","article_modified_time":"2026-03-29T13:24:02+00:00","og_image":[{"width":800,"height":800,"url":"https:\/\/najnaj.eu\/wp-content\/uploads\/2026\/03\/11045627_Voksi_CarryMe-Canopy_SeashellSand_Mosquito-net.png","type":"image\/png"}],"twitter_card":"summary_large_image","twitter_misc":{"Prix":"39,90&nbsp;&euro;","Disponibilit\u00e9":"En stock"},"schema":{"@context":"https:\/\/schema.org","@graph":[{"@type":"WebPage","@id":"https:\/\/najnaj.eu\/fr\/proizvod\/voksi-carry-me-sjenilo-i-mrezica-protiv-komaraca-seashell-sand\/","url":"https:\/\/najnaj.eu\/fr\/proizvod\/voksi-carry-me-sjenilo-i-mrezica-protiv-komaraca-seashell-sand\/","name":"Voksi Carry Me sjenilo i mre\u017eica protiv komaraca, Seashell Sand - NajNaj.eu","isPartOf":{"@id":"https:\/\/najnaj.eu\/fr\/#website"},"primaryImageOfPage":{"@id":"https:\/\/najnaj.eu\/fr\/proizvod\/voksi-carry-me-sjenilo-i-mrezica-protiv-komaraca-seashell-sand\/#primaryimage"},"image":{"@id":"https:\/\/najnaj.eu\/fr\/proizvod\/voksi-carry-me-sjenilo-i-mrezica-protiv-komaraca-seashell-sand\/#primaryimage"},"thumbnailUrl":"https:\/\/najnaj.eu\/wp-content\/uploads\/2026\/03\/11045627_Voksi_CarryMe-Canopy_SeashellSand_Mosquito-net.png","datePublished":"2026-03-06T10:31:48+00:00","dateModified":"2026-03-29T13:24:02+00:00","breadcrumb":{"@id":"https:\/\/najnaj.eu\/fr\/proizvod\/voksi-carry-me-sjenilo-i-mrezica-protiv-komaraca-seashell-sand\/#breadcrumb"},"inLanguage":"fr-FR","potentialAction":[{"@type":"ReadAction","target":["https:\/\/najnaj.eu\/fr\/proizvod\/voksi-carry-me-sjenilo-i-mrezica-protiv-komaraca-seashell-sand\/"]}]},{"@type":"ImageObject","inLanguage":"fr-FR","@id":"https:\/\/najnaj.eu\/fr\/proizvod\/voksi-carry-me-sjenilo-i-mrezica-protiv-komaraca-seashell-sand\/#primaryimage","url":"https:\/\/najnaj.eu\/wp-content\/uploads\/2026\/03\/11045627_Voksi_CarryMe-Canopy_SeashellSand_Mosquito-net.png","contentUrl":"https:\/\/najnaj.eu\/wp-content\/uploads\/2026\/03\/11045627_Voksi_CarryMe-Canopy_SeashellSand_Mosquito-net.png","width":800,"height":800},{"@type":"BreadcrumbList","@id":"https:\/\/najnaj.eu\/fr\/proizvod\/voksi-carry-me-sjenilo-i-mrezica-protiv-komaraca-seashell-sand\/#breadcrumb","itemListElement":[{"@type":"ListItem","position":1,"name":"Po\u010detna stranica","item":"https:\/\/najnaj.eu\/fr\/"},{"@type":"ListItem","position":2,"name":"Trgovina","item":"https:\/\/najnaj.hr\/trgovina\/"},{"@type":"ListItem","position":3,"name":"Voksi Carry Me sjenilo i mre\u017eica protiv komaraca, Seashell Sand"}]},{"@type":"WebSite","@id":"https:\/\/najnaj.eu\/fr\/#website","url":"https:\/\/najnaj.eu\/fr\/","name":"NajNaj.eu","description":"Za najva\u017enije!","potentialAction":[{"@type":"SearchAction","target":{"@type":"EntryPoint","urlTemplate":"https:\/\/najnaj.eu\/fr\/?s={search_term_string}"},"query-input":{"@type":"PropertyValueSpecification","valueRequired":true,"valueName":"search_term_string"}}],"inLanguage":"fr-FR"}]},"product_brand":"Voksi","product_price_amount":"39.90","product_price_currency":"EUR","og_availability":"instock","product_availability":"instock","product_retailer_item_id":"11045627-SeashellSa-Std","product_condition":"new"},"_links":{"self":[{"href":"https:\/\/najnaj.eu\/fr\/wp-json\/wp\/v2\/product\/297732","targetHints":{"allow":["GET"]}}],"collection":[{"href":"https:\/\/najnaj.eu\/fr\/wp-json\/wp\/v2\/product"}],"about":[{"href":"https:\/\/najnaj.eu\/fr\/wp-json\/wp\/v2\/types\/product"}],"replies":[{"embeddable":true,"href":"https:\/\/najnaj.eu\/fr\/wp-json\/wp\/v2\/comments?post=297732"}],"version-history":[{"count":0,"href":"https:\/\/najnaj.eu\/fr\/wp-json\/wp\/v2\/product\/297732\/revisions"}],"wp:featuredmedia":[{"embeddable":true,"href":"https:\/\/najnaj.eu\/fr\/wp-json\/wp\/v2\/media\/297740"}],"wp:attachment":[{"href":"https:\/\/najnaj.eu\/fr\/wp-json\/wp\/v2\/media?parent=297732"}],"wp:term":[{"taxonomy":"product_brand","embeddable":true,"href":"https:\/\/najnaj.eu\/fr\/wp-json\/wp\/v2\/product_brand?post=297732"},{"taxonomy":"product_cat","embeddable":true,"href":"https:\/\/najnaj.eu\/fr\/wp-json\/wp\/v2\/product_cat?post=297732"},{"taxonomy":"product_tag","embeddable":true,"href":"https:\/\/najnaj.eu\/fr\/wp-json\/wp\/v2\/product_tag?post=297732"}],"curies":[{"name":"wp","href":"https:\/\/api.w.org\/{rel}","templated":true}]}}