{"id":297511,"date":"2026-03-05T15:50:03","date_gmt":"2026-03-05T14:50:03","guid":{"rendered":"https:\/\/najnaj.eu\/?post_type=product&#038;p=297511"},"modified":"2026-03-23T14:22:40","modified_gmt":"2026-03-23T13:22:40","slug":"snizeno-kaos-klapp-djecja-stolica-reciklirana-plastika-desert-sand-ostecen","status":"publish","type":"product","link":"https:\/\/najnaj.eu\/fr\/proizvod\/snizeno-kaos-klapp-djecja-stolica-reciklirana-plastika-desert-sand-ostecen\/","title":{"rendered":"SNI\u017dENO: KAOS Klapp Dje\u010dja stolica, reciklirana plastika, Desert Sand &#8211; O\u0160TE\u0106EN PROIZVOD"},"content":{"rendered":"<p>Ova stolica izra\u0111ena je od visokokvalitetne reciklirane plastike, \u0161to je \u010dini odr\u017eivim rje\u0161enjem za roditelje koji brinu o okoli\u0161u. Dizajnirana za najmla\u0111e, Kaos hranilica pru\u017ea stabilnost i udobnost tijekom obroka ili igre, te je vrlo jednostavna za odr\u017eavanje.<\/p>\n<p>Minimalisti\u010dki i moderan dizajn, te nekoliko raznih boja Kaos dje\u010dje hranilice osigurat \u0107e uklapanje u svaki interijer. Pored toga, hranilica je vrlo lagana, prenosiva i jednostavna za prilagodbu.<\/p>\n<p>Kaos dje\u010dja stolica predstavlja savr\u0161en izbor za roditelje koji \u017eele kombinaciju stila, kvalitete i sigurnosti.<\/p>\n<p><strong>Zna\u010dajke:<\/strong><br \/>\n\u2013 Visoka dje\u010dja stolica za cijelo djetinjstvo<br \/>\n\u2013 Uz\u00a0<a href=\"https:\/\/najnaj.eu\/proizvod\/kaos-klapp-set-za-novorodence-ivory\/\">Set za novoro\u0111en\u010de<\/a>\u00a0mo\u017ee se koristiti od ro\u0111enja do 6 mjeseci ili maksimalne te\u017eine 9kg<br \/>\n\u2013 Kada se koristi kao visoka stolica u kombinaciji s KAOS KLAPP za\u0161titnom ogradicom, ovaj proizvod je namijenjen djeci koja mogu samostalno sjediti, do 3 godine starosti ili maksimalne te\u017eine od 15 kg<br \/>\n\u2013 Bez dodataka se mo\u017ee nastaviti koristiti kao stolica nosivosti do 110kg<br \/>\n&#8211; Dolazi potpuno sastavljena<br \/>\n&#8211; Izra\u0111ena od reciklirane plastike, ekolo\u0161ki prihvatljiva, dugotrajan proizvod<br \/>\n&#8211; Ergonomi\u010dan dizajn koji pru\u017ea udobnost va\u0161em djetetu tijekom obroka ili igre<br \/>\n&#8211; Lako odr\u017eavanje i \u010di\u0161\u0107enje, idealna za obiteljske prostore<br \/>\n&#8211; Sigurna, stabilna i otporna na udarce, osiguravaju\u0107i dugovje\u010dnost<br \/>\n&#8211; Dostupna u modernim bojama koje se uklapaju u svaki interijer<br \/>\n&#8211; Prilagodljiv dizajn koji raste s va\u0161im djetetom<\/p>\n<p>Kaos dje\u010dja stolica od reciklirane plastike \u2013 savr\u0161en je spoj odr\u017eivosti, funkcionalnosti i stila, a istovremeno doprinosi o\u010duvanju okoli\u0161a. Idealna za obitelji koje \u017eele pru\u017eiti najbolje za svoje dijete, bez kompromisa prema prirodi.<\/p>\n<p>Sigurna, prakti\u010dna i elegantna, Kaos dje\u010dja stolica bit \u0107e savr\u0161en dodatak za va\u0161 dom.<\/p>\n<p>KAOS KLAPP\u00ae je moderna dizajnerska klasika, razvijena da djeci svih uzrasta omogu\u0107i prirodan i aktivan polo\u017eaj sjedenja. Inspirirana stepenicama, KLAPP\u00ae omogu\u0107ava djeci da automatski prona\u0111u ergonomski polo\u017eaj sa stabilnom potporom za stopala \u2013 bez potrebe za pode\u0161avanjima. Od novoro\u0111en\u010deta uz KLAPP\u00ae Set za novoro\u0111en\u010de, do bebe s KLAPP\u00ae Za\u0161titnom ogradicom i kroz djetinjstvo sve do 110 kg.<\/p>\n<p><strong><a href=\"https:\/\/najnaj.eu\/kategorija-proizvoda\/hranjenje\/dodaci-za-hranilice\/\" target=\"_blank\" rel=\"noopener\">Dostupni dodaci<\/a><\/strong>(kupuju se odvojeno):<br \/>\n&#8211; Set za novoro\u0111en\u010de 0-9 kg<br \/>\n&#8211; Sigurnosna ogradica za djecu 0-36 mj.<br \/>\n&#8211; Sigurnosni pojas (do 36 mj.)<br \/>\n&#8211; Pladanj<br \/>\n&#8211; Set jastu\u010di\u0107a<br \/>\n&#8211; Za\u0161tita protiv naginjanja<br \/>\n&#8211; Zidna kuka<\/p>\n<p><strong>Sklopiva<\/strong><br \/>\nKAOS KLAPP\u00ae hranilica lako se sklapa i mo\u017ee se pohraniti kada se ne koristi \u2013 ili ponijeti sa sobom na putovanja.<\/p>\n<p><strong>Spremna za upotrebu odmah iz kutije<\/strong><br \/>\nKAOS KLAPP\u00ae hranilica dolazi potpuno sastavljena. Jednostavno rasklopite noge, kliknite sjede\u010di dio u zaklju\u010dani polo\u017eaj i stolica je spremna za upotrebu. Nema potrebe za pode\u0161avanjima, a lako je odr\u017eavati \u010disto\u0107u.<\/p>\n<p><strong>Nagra\u0111ivana<\/strong><br \/>\nPrepoznata zbog svog bezvremenskog dizajna i inovativne funkcionalnosti, KAOS KLAPP\u00ae dizajnirao je nagra\u0111ivani norve\u0161ki dizajner proizvoda Ole Petter Wullum. Dje\u010dja stolica koja spaja skandinavsku estetiku, odr\u017eivost i pametni in\u017eenjering \u2013 izgra\u0111ena da traje kroz generacije.<\/p>\n<p><strong>\u0160to je u kutiji?<\/strong><br \/>\nKAOS KLAPP\u00ae visoka stolica \u2013 spremna za upotrebu.<br \/>\nNema potrebe za sastavljanjem \u2013 jednostavno rasklopite noge, kliknite sjedalo u zaklju\u010dani polo\u017eaj i KAOS KLAPP\u00ae je spreman za kori\u0161tenje!<br \/>\n<a href=\"https:\/\/najnaj.eu\/kategorija-proizvoda\/hranjenje\/dodaci-za-hranilice\/\" target=\"_blank\" rel=\"noopener\">Dodatci<\/a> se kupuju zasebno.<\/p>\n<p><img loading=\"lazy\" decoding=\"async\" class=\"aligncenter wp-image-257757 size-large\" src=\"https:\/\/najnaj.eu\/wp-content\/uploads\/2025\/03\/KLA-OAK-BLA-7-1024x1024.jpg\" alt=\"\" width=\"980\" height=\"980\" srcset=\"https:\/\/najnaj.eu\/wp-content\/uploads\/2025\/03\/KLA-OAK-BLA-7-1024x1024.jpg 1024w, https:\/\/najnaj.eu\/wp-content\/uploads\/2025\/03\/KLA-OAK-BLA-7-324x324.jpg 324w, https:\/\/najnaj.eu\/wp-content\/uploads\/2025\/03\/KLA-OAK-BLA-7-100x100.jpg 100w, https:\/\/najnaj.eu\/wp-content\/uploads\/2025\/03\/KLA-OAK-BLA-7-1200x1200.jpg 1200w, https:\/\/najnaj.eu\/wp-content\/uploads\/2025\/03\/KLA-OAK-BLA-7-300x300.jpg 300w, https:\/\/najnaj.eu\/wp-content\/uploads\/2025\/03\/KLA-OAK-BLA-7-150x150.jpg 150w, https:\/\/najnaj.eu\/wp-content\/uploads\/2025\/03\/KLA-OAK-BLA-7-768x768.jpg 768w, https:\/\/najnaj.eu\/wp-content\/uploads\/2025\/03\/KLA-OAK-BLA-7-1536x1536.jpg 1536w, https:\/\/najnaj.eu\/wp-content\/uploads\/2025\/03\/KLA-OAK-BLA-7-1440x1440.jpg 1440w, https:\/\/najnaj.eu\/wp-content\/uploads\/2025\/03\/KLA-OAK-BLA-7-420x420.jpg 420w, https:\/\/najnaj.eu\/wp-content\/uploads\/2025\/03\/KLA-OAK-BLA-7-50x50.jpg 50w, https:\/\/najnaj.eu\/wp-content\/uploads\/2025\/03\/KLA-OAK-BLA-7.jpg 2048w\" sizes=\"auto, (max-width: 980px) 100vw, 980px\" \/><\/p>\n<p>&nbsp;<\/p>\n","protected":false},"excerpt":{"rendered":"<p>&#8211; Aktivno sjedenje, 0-110 kg<br \/>\n-Dolazi potpuno sastavljeno<br \/>\n-Nema potrebe za pode\u0161avanjem<br \/>\n-Vrlo jednostavno za odr\u017eavanje<br \/>\n-Za unutarnju i vanjsku upotrebu<br \/>\n-100% reciklirana plastika<br \/>\n-63% manji utjecaj na klimu<\/p>\n<p>KAOS KLAPP\u00ae je moderna dizajnerska klasika \u2013 visoka stolica koja raste s va\u0161im djetetom od novoro\u0111en\u010deta do odrasle osobe (0-110 kg). Inspirirana stepenicama, KAOS KLAPP\u00ae prirodno pru\u017ea ergonomski i aktivan polo\u017eaj sjedenja bez potrebe za pode\u0161avanjima. Sklopiva je i dolazi potpuno sastavljena, ru\u010dno montirana do savr\u0161enstva, spremna za upotrebu odmah iz kutije. Stolica koja spaja bezvremenski dizajn s pametnom funkcionalno\u0161\u0107u.<\/p>\n<p>Izra\u0111ena od 100% reciklirane plastike, pomije\u0161ane s \u010distom drvenom pulpom.<\/p>\n<p><span style=\"color: #800000;\"><strong>Ovaj proizvod je sni\u017een zbog estetskih nedostataka: uz nestandardno pro\u0161aranu boju, vidljiva su i povr\u0161inska o\u0161te\u0107enja na nogicama (vidljivo na slikama). Strukturno je potpuno ispravan i siguran za kori\u0161tenje!<\/strong><\/span><\/p>\n","protected":false},"featured_media":257811,"comment_status":"closed","ping_status":"closed","template":"","meta":{"_acf_changed":false,"footnotes":""},"product_brand":[],"product_cat":[578,577,652],"product_tag":[2220,2277],"class_list":{"0":"post-297511","1":"product","2":"type-product","3":"status-publish","4":"has-post-thumbnail","6":"product_cat-hranilice","7":"product_cat-hranjenje","8":"product_cat-stolice-za-hranjenje","9":"product_tag-popust-otvorena-ambalaza","10":"product_tag-rasprodaja","11":"pa_boja-bez","12":"pa_brand-kaos","13":"pa_hranilica-stolica-za-hranjenje","15":"first","16":"instock","17":"sale","18":"shipping-taxable","19":"purchasable","20":"product-type-simple"},"bundled_by":[],"bundle_stock_status":"instock","bundle_stock_quantity":1,"bundle_virtual":false,"bundle_layout":"","bundle_add_to_cart_form_location":"","bundle_editable_in_cart":false,"bundle_sold_individually_context":"","bundle_item_grouping":"","bundle_min_size":"","bundle_max_size":"","bundle_price":[],"bundled_items":[],"bundle_sell_ids":[],"acf":[],"yoast_head":"<!-- This site is optimized with the Yoast SEO Premium plugin v21.5 (Yoast SEO v27.4) - https:\/\/yoast.com\/product\/yoast-seo-premium-wordpress\/ -->\n<title>SNI\u017dENO: KAOS Klapp Dje\u010dja stolica, reciklirana plastika, Desert Sand - O\u0160TE\u0106EN PROIZVOD - NajNaj.eu<\/title>\n<meta name=\"robots\" content=\"index, follow, max-snippet:-1, max-image-preview:large, max-video-preview:-1\" \/>\n<link rel=\"canonical\" href=\"https:\/\/najnaj.eu\/fr\/proizvod\/snizeno-kaos-klapp-djecja-stolica-reciklirana-plastika-desert-sand-ostecen\/\" \/>\n<meta property=\"og:locale\" content=\"fr_FR\" \/>\n<meta property=\"og:type\" content=\"article\" \/>\n<meta property=\"og:title\" content=\"SNI\u017dENO: KAOS Klapp Dje\u010dja stolica, reciklirana plastika, Desert Sand - O\u0160TE\u0106EN PROIZVOD\" \/>\n<meta property=\"og:description\" content=\"- Aktivno sjedenje, 0-110 kg -Dolazi potpuno sastavljeno -Nema potrebe za pode\u0161avanjem -Vrlo jednostavno za odr\u017eavanje -Za unutarnju i vanjsku upotrebu -100% reciklirana plastika -63% manji utjecaj na klimu  KAOS KLAPP\u00ae je moderna dizajnerska klasika \u2013 visoka stolica koja raste s va\u0161im djetetom od novoro\u0111en\u010deta do odrasle osobe (0-110 kg). Inspirirana stepenicama, KAOS KLAPP\u00ae prirodno pru\u017ea ergonomski i aktivan polo\u017eaj sjedenja bez potrebe za pode\u0161avanjima. Sklopiva je i dolazi potpuno sastavljena, ru\u010dno montirana do savr\u0161enstva, spremna za upotrebu odmah iz kutije. Stolica koja spaja bezvremenski dizajn s pametnom funkcionalno\u0161\u0107u.  Izra\u0111ena od 100% reciklirane plastike, pomije\u0161ane s \u010distom drvenom pulpom.  Ovaj proizvod je sni\u017een zbog estetskih nedostataka: uz nestandardno pro\u0161aranu boju, vidljiva su i povr\u0161inska o\u0161te\u0107enja na nogicama (vidljivo na slikama). Strukturno je potpuno ispravan i siguran za kori\u0161tenje!\" \/>\n<meta property=\"og:url\" content=\"https:\/\/najnaj.eu\/fr\/proizvod\/snizeno-kaos-klapp-djecja-stolica-reciklirana-plastika-desert-sand-ostecen\/\" \/>\n<meta property=\"og:site_name\" content=\"NajNaj.eu\" \/>\n<meta property=\"article:publisher\" content=\"https:\/\/web.facebook.com\/najnaj.eu\/\" \/>\n<meta property=\"article:modified_time\" content=\"2026-03-23T13:22:40+00:00\" \/>\n<meta property=\"og:image\" content=\"https:\/\/najnaj.eu\/wp-content\/uploads\/2025\/03\/KLA-REC-DES-SAN-1-1.jpg\" \/>\n\t<meta property=\"og:image:width\" content=\"2048\" \/>\n\t<meta property=\"og:image:height\" content=\"2048\" \/>\n\t<meta property=\"og:image:type\" content=\"image\/jpeg\" \/>\n<meta name=\"twitter:card\" content=\"summary_large_image\" \/>\n<meta name=\"twitter:label1\" content=\"Prix\" \/>\n\t<meta name=\"twitter:data1\" content=\"229,00&nbsp;&euro;\" \/>\n\t<meta name=\"twitter:label2\" content=\"Disponibilit\u00e9\" \/>\n\t<meta name=\"twitter:data2\" content=\"En stock\" \/>\n<script type=\"application\/ld+json\" class=\"yoast-schema-graph\">{\"@context\":\"https:\\\/\\\/schema.org\",\"@graph\":[{\"@type\":\"WebPage\",\"@id\":\"https:\\\/\\\/najnaj.eu\\\/fr\\\/proizvod\\\/snizeno-kaos-klapp-djecja-stolica-reciklirana-plastika-desert-sand-ostecen\\\/\",\"url\":\"https:\\\/\\\/najnaj.eu\\\/fr\\\/proizvod\\\/snizeno-kaos-klapp-djecja-stolica-reciklirana-plastika-desert-sand-ostecen\\\/\",\"name\":\"SNI\u017dENO: KAOS Klapp Dje\u010dja stolica, reciklirana plastika, Desert Sand - O\u0160TE\u0106EN PROIZVOD - NajNaj.eu\",\"isPartOf\":{\"@id\":\"https:\\\/\\\/najnaj.eu\\\/fr\\\/#website\"},\"primaryImageOfPage\":{\"@id\":\"https:\\\/\\\/najnaj.eu\\\/fr\\\/proizvod\\\/snizeno-kaos-klapp-djecja-stolica-reciklirana-plastika-desert-sand-ostecen\\\/#primaryimage\"},\"image\":{\"@id\":\"https:\\\/\\\/najnaj.eu\\\/fr\\\/proizvod\\\/snizeno-kaos-klapp-djecja-stolica-reciklirana-plastika-desert-sand-ostecen\\\/#primaryimage\"},\"thumbnailUrl\":\"https:\\\/\\\/najnaj.eu\\\/wp-content\\\/uploads\\\/2025\\\/03\\\/KLA-REC-DES-SAN-1-1.jpg\",\"datePublished\":\"2026-03-05T14:50:03+00:00\",\"dateModified\":\"2026-03-23T13:22:40+00:00\",\"breadcrumb\":{\"@id\":\"https:\\\/\\\/najnaj.eu\\\/fr\\\/proizvod\\\/snizeno-kaos-klapp-djecja-stolica-reciklirana-plastika-desert-sand-ostecen\\\/#breadcrumb\"},\"inLanguage\":\"fr-FR\",\"potentialAction\":[{\"@type\":\"ReadAction\",\"target\":[\"https:\\\/\\\/najnaj.eu\\\/fr\\\/proizvod\\\/snizeno-kaos-klapp-djecja-stolica-reciklirana-plastika-desert-sand-ostecen\\\/\"]}]},{\"@type\":\"ImageObject\",\"inLanguage\":\"fr-FR\",\"@id\":\"https:\\\/\\\/najnaj.eu\\\/fr\\\/proizvod\\\/snizeno-kaos-klapp-djecja-stolica-reciklirana-plastika-desert-sand-ostecen\\\/#primaryimage\",\"url\":\"https:\\\/\\\/najnaj.eu\\\/wp-content\\\/uploads\\\/2025\\\/03\\\/KLA-REC-DES-SAN-1-1.jpg\",\"contentUrl\":\"https:\\\/\\\/najnaj.eu\\\/wp-content\\\/uploads\\\/2025\\\/03\\\/KLA-REC-DES-SAN-1-1.jpg\",\"width\":2048,\"height\":2048},{\"@type\":\"BreadcrumbList\",\"@id\":\"https:\\\/\\\/najnaj.eu\\\/fr\\\/proizvod\\\/snizeno-kaos-klapp-djecja-stolica-reciklirana-plastika-desert-sand-ostecen\\\/#breadcrumb\",\"itemListElement\":[{\"@type\":\"ListItem\",\"position\":1,\"name\":\"Po\u010detna stranica\",\"item\":\"https:\\\/\\\/najnaj.eu\\\/fr\\\/\"},{\"@type\":\"ListItem\",\"position\":2,\"name\":\"Trgovina\",\"item\":\"https:\\\/\\\/najnaj.hr\\\/trgovina\\\/\"},{\"@type\":\"ListItem\",\"position\":3,\"name\":\"SNI\u017dENO: KAOS Klapp Dje\u010dja stolica, reciklirana plastika, Desert Sand &#8211; O\u0160TE\u0106EN PROIZVOD\"}]},{\"@type\":\"WebSite\",\"@id\":\"https:\\\/\\\/najnaj.eu\\\/fr\\\/#website\",\"url\":\"https:\\\/\\\/najnaj.eu\\\/fr\\\/\",\"name\":\"NajNaj.eu\",\"description\":\"Za najva\u017enije!\",\"potentialAction\":[{\"@type\":\"SearchAction\",\"target\":{\"@type\":\"EntryPoint\",\"urlTemplate\":\"https:\\\/\\\/najnaj.eu\\\/fr\\\/?s={search_term_string}\"},\"query-input\":{\"@type\":\"PropertyValueSpecification\",\"valueRequired\":true,\"valueName\":\"search_term_string\"}}],\"inLanguage\":\"fr-FR\"}]}<\/script>\n<meta property=\"product:brand\" content=\"KAOS\" \/>\n<meta property=\"product:price:amount\" content=\"229.00\" \/>\n<meta property=\"product:price:currency\" content=\"EUR\" \/>\n<meta property=\"og:availability\" content=\"instock\" \/>\n<meta property=\"product:availability\" content=\"instock\" \/>\n<meta property=\"product:retailer_item_id\" content=\"KLA-REC-DES-SAN-tv-gr-ostecen\" \/>\n<meta property=\"product:condition\" content=\"new\" \/>\n<!-- \/ Yoast SEO Premium plugin. -->","yoast_head_json":{"title":"SNI\u017dENO: KAOS Klapp Dje\u010dja stolica, reciklirana plastika, Desert Sand - O\u0160TE\u0106EN PROIZVOD - NajNaj.eu","robots":{"index":"index","follow":"follow","max-snippet":"max-snippet:-1","max-image-preview":"max-image-preview:large","max-video-preview":"max-video-preview:-1"},"canonical":"https:\/\/najnaj.eu\/fr\/proizvod\/snizeno-kaos-klapp-djecja-stolica-reciklirana-plastika-desert-sand-ostecen\/","og_locale":"fr_FR","og_type":"article","og_title":"SNI\u017dENO: KAOS Klapp Dje\u010dja stolica, reciklirana plastika, Desert Sand - O\u0160TE\u0106EN PROIZVOD","og_description":"- Aktivno sjedenje, 0-110 kg -Dolazi potpuno sastavljeno -Nema potrebe za pode\u0161avanjem -Vrlo jednostavno za odr\u017eavanje -Za unutarnju i vanjsku upotrebu -100% reciklirana plastika -63% manji utjecaj na klimu  KAOS KLAPP\u00ae je moderna dizajnerska klasika \u2013 visoka stolica koja raste s va\u0161im djetetom od novoro\u0111en\u010deta do odrasle osobe (0-110 kg). Inspirirana stepenicama, KAOS KLAPP\u00ae prirodno pru\u017ea ergonomski i aktivan polo\u017eaj sjedenja bez potrebe za pode\u0161avanjima. Sklopiva je i dolazi potpuno sastavljena, ru\u010dno montirana do savr\u0161enstva, spremna za upotrebu odmah iz kutije. Stolica koja spaja bezvremenski dizajn s pametnom funkcionalno\u0161\u0107u.  Izra\u0111ena od 100% reciklirane plastike, pomije\u0161ane s \u010distom drvenom pulpom.  Ovaj proizvod je sni\u017een zbog estetskih nedostataka: uz nestandardno pro\u0161aranu boju, vidljiva su i povr\u0161inska o\u0161te\u0107enja na nogicama (vidljivo na slikama). Strukturno je potpuno ispravan i siguran za kori\u0161tenje!","og_url":"https:\/\/najnaj.eu\/fr\/proizvod\/snizeno-kaos-klapp-djecja-stolica-reciklirana-plastika-desert-sand-ostecen\/","og_site_name":"NajNaj.eu","article_publisher":"https:\/\/web.facebook.com\/najnaj.eu\/","article_modified_time":"2026-03-23T13:22:40+00:00","og_image":[{"width":2048,"height":2048,"url":"https:\/\/najnaj.eu\/wp-content\/uploads\/2025\/03\/KLA-REC-DES-SAN-1-1.jpg","type":"image\/jpeg"}],"twitter_card":"summary_large_image","twitter_misc":{"Prix":"229,00&nbsp;&euro;","Disponibilit\u00e9":"En stock"},"schema":{"@context":"https:\/\/schema.org","@graph":[{"@type":"WebPage","@id":"https:\/\/najnaj.eu\/fr\/proizvod\/snizeno-kaos-klapp-djecja-stolica-reciklirana-plastika-desert-sand-ostecen\/","url":"https:\/\/najnaj.eu\/fr\/proizvod\/snizeno-kaos-klapp-djecja-stolica-reciklirana-plastika-desert-sand-ostecen\/","name":"SNI\u017dENO: KAOS Klapp Dje\u010dja stolica, reciklirana plastika, Desert Sand - O\u0160TE\u0106EN PROIZVOD - NajNaj.eu","isPartOf":{"@id":"https:\/\/najnaj.eu\/fr\/#website"},"primaryImageOfPage":{"@id":"https:\/\/najnaj.eu\/fr\/proizvod\/snizeno-kaos-klapp-djecja-stolica-reciklirana-plastika-desert-sand-ostecen\/#primaryimage"},"image":{"@id":"https:\/\/najnaj.eu\/fr\/proizvod\/snizeno-kaos-klapp-djecja-stolica-reciklirana-plastika-desert-sand-ostecen\/#primaryimage"},"thumbnailUrl":"https:\/\/najnaj.eu\/wp-content\/uploads\/2025\/03\/KLA-REC-DES-SAN-1-1.jpg","datePublished":"2026-03-05T14:50:03+00:00","dateModified":"2026-03-23T13:22:40+00:00","breadcrumb":{"@id":"https:\/\/najnaj.eu\/fr\/proizvod\/snizeno-kaos-klapp-djecja-stolica-reciklirana-plastika-desert-sand-ostecen\/#breadcrumb"},"inLanguage":"fr-FR","potentialAction":[{"@type":"ReadAction","target":["https:\/\/najnaj.eu\/fr\/proizvod\/snizeno-kaos-klapp-djecja-stolica-reciklirana-plastika-desert-sand-ostecen\/"]}]},{"@type":"ImageObject","inLanguage":"fr-FR","@id":"https:\/\/najnaj.eu\/fr\/proizvod\/snizeno-kaos-klapp-djecja-stolica-reciklirana-plastika-desert-sand-ostecen\/#primaryimage","url":"https:\/\/najnaj.eu\/wp-content\/uploads\/2025\/03\/KLA-REC-DES-SAN-1-1.jpg","contentUrl":"https:\/\/najnaj.eu\/wp-content\/uploads\/2025\/03\/KLA-REC-DES-SAN-1-1.jpg","width":2048,"height":2048},{"@type":"BreadcrumbList","@id":"https:\/\/najnaj.eu\/fr\/proizvod\/snizeno-kaos-klapp-djecja-stolica-reciklirana-plastika-desert-sand-ostecen\/#breadcrumb","itemListElement":[{"@type":"ListItem","position":1,"name":"Po\u010detna stranica","item":"https:\/\/najnaj.eu\/fr\/"},{"@type":"ListItem","position":2,"name":"Trgovina","item":"https:\/\/najnaj.hr\/trgovina\/"},{"@type":"ListItem","position":3,"name":"SNI\u017dENO: KAOS Klapp Dje\u010dja stolica, reciklirana plastika, Desert Sand &#8211; O\u0160TE\u0106EN PROIZVOD"}]},{"@type":"WebSite","@id":"https:\/\/najnaj.eu\/fr\/#website","url":"https:\/\/najnaj.eu\/fr\/","name":"NajNaj.eu","description":"Za najva\u017enije!","potentialAction":[{"@type":"SearchAction","target":{"@type":"EntryPoint","urlTemplate":"https:\/\/najnaj.eu\/fr\/?s={search_term_string}"},"query-input":{"@type":"PropertyValueSpecification","valueRequired":true,"valueName":"search_term_string"}}],"inLanguage":"fr-FR"}]},"product_brand":"KAOS","product_price_amount":"229.00","product_price_currency":"EUR","og_availability":"instock","product_availability":"instock","product_retailer_item_id":"KLA-REC-DES-SAN-tv-gr-ostecen","product_condition":"new"},"_links":{"self":[{"href":"https:\/\/najnaj.eu\/fr\/wp-json\/wp\/v2\/product\/297511","targetHints":{"allow":["GET"]}}],"collection":[{"href":"https:\/\/najnaj.eu\/fr\/wp-json\/wp\/v2\/product"}],"about":[{"href":"https:\/\/najnaj.eu\/fr\/wp-json\/wp\/v2\/types\/product"}],"replies":[{"embeddable":true,"href":"https:\/\/najnaj.eu\/fr\/wp-json\/wp\/v2\/comments?post=297511"}],"version-history":[{"count":0,"href":"https:\/\/najnaj.eu\/fr\/wp-json\/wp\/v2\/product\/297511\/revisions"}],"wp:featuredmedia":[{"embeddable":true,"href":"https:\/\/najnaj.eu\/fr\/wp-json\/wp\/v2\/media\/257811"}],"wp:attachment":[{"href":"https:\/\/najnaj.eu\/fr\/wp-json\/wp\/v2\/media?parent=297511"}],"wp:term":[{"taxonomy":"product_brand","embeddable":true,"href":"https:\/\/najnaj.eu\/fr\/wp-json\/wp\/v2\/product_brand?post=297511"},{"taxonomy":"product_cat","embeddable":true,"href":"https:\/\/najnaj.eu\/fr\/wp-json\/wp\/v2\/product_cat?post=297511"},{"taxonomy":"product_tag","embeddable":true,"href":"https:\/\/najnaj.eu\/fr\/wp-json\/wp\/v2\/product_tag?post=297511"}],"curies":[{"name":"wp","href":"https:\/\/api.w.org\/{rel}","templated":true}]}}