{"id":296813,"date":"2026-03-04T15:37:06","date_gmt":"2026-03-04T14:37:06","guid":{"rendered":"https:\/\/najnaj.eu\/?post_type=product&#038;p=296813"},"modified":"2026-04-10T11:11:29","modified_gmt":"2026-04-10T09:11:29","slug":"ergobaby-metro-3-deluxe-2u1-djecja-kolica","status":"publish","type":"product","link":"https:\/\/najnaj.eu\/fr\/proizvod\/ergobaby-metro-3-deluxe-2u1-djecja-kolica\/","title":{"rendered":"Ergobaby Metro 3 Deluxe 2u1 dje\u010dja kolica"},"content":{"rendered":"<p data-path-to-node=\"4\">Ergobaby Metro 3 Deluxe 2u1 sustav dizajniran je za roditelje koji \u017eele potpunu funkcionalnost klasi\u010dnih 2u1 kolica, ali u luksuznom, kompaktnom i laganom izdanju, pru\u017eaju\u0107i va\u0161em djetetu maksimalnu udobnost od prvog dana do vrti\u0107ke dobi.<\/p>\n<h3 data-path-to-node=\"5\"><b data-path-to-node=\"5\" data-index-in-node=\"0\">Udobnost od prvog dana s Metro 3 ko\u0161arom<\/b><\/h3>\n<p data-path-to-node=\"6\">Uz Metro 3 ko\u0161aru za novoro\u0111en\u010de, va\u0161a beba u\u017eiva u potpuno ravnom le\u017eaju i mekanoj, oblo\u017eenoj unutra\u0161njosti. Najmjenjena je za kori\u0161tenje od ro\u0111enja do 6 mjeseci (do 9 kg), a dizajnirana s fokusom na prakti\u010dnost:<\/p>\n<ul data-path-to-node=\"7\">\n<li>\n<p data-path-to-node=\"7,0,0\"><b data-path-to-node=\"7,0,0\" data-index-in-node=\"0\">Sklopivi dizajn:<\/b> Kada nije u upotrebi, ko\u0161ara se sklapa na minimalnu debljinu, \u0161tede\u0107i prostor u stanu ili automobilu.<\/p>\n<\/li>\n<li>\n<p data-path-to-node=\"7,1,0\"><b data-path-to-node=\"7,1,0\" data-index-in-node=\"0\">Jednostavna i fleksibilna monta\u017ea:<\/b> Ko\u0161ara se pomo\u0107u adaptera jednostavno postavlja na konstrukciju kolica, okrenuta prema roditelju. Mo\u017ee se postaviti preko sjede\u0107eg dijela, ali se on mo\u017ee i potpuno skinuti za elegantniji izgled.<\/p>\n<\/li>\n<li>\n<p data-path-to-node=\"7,2,0\"><b data-path-to-node=\"7,2,0\" data-index-in-node=\"0\">Lako\u0107a preno\u0161enja:<\/b> Te\u017ei svega <b data-path-to-node=\"7,2,0\" data-index-in-node=\"30\">2,85 kg<\/b>, \u0161to olak\u0161ava preno\u0161enje bez bu\u0111enja djeteta.<\/p>\n<\/li>\n<\/ul>\n<h3 data-path-to-node=\"8\"><b data-path-to-node=\"8\" data-index-in-node=\"0\">Vrhunska ergonomija i Deluxe materijali<\/b><\/h3>\n<p data-path-to-node=\"9\">Metro 3 Deluxe nagra\u0111ena su <b data-path-to-node=\"9\" data-index-in-node=\"59\">AGR certifikatom<\/b> (Aktion Gesunder R\u00fccken) za zdravlje le\u0111a. Sportsko sjedalo posjeduje vi\u0161ezonsku podstavu koja pru\u017ea potporu tamo gdje je najpotrebnija, dok podesivi oslonac za noge osigurava udoban polo\u017eaj \u010dak i tijekom dugih \u0161etnji. Nagib sjedala potpuno je podesiv zatezanjem u bilo kojem kutu, a u le\u017ee\u0107em polo\u017eaju i uz integrirane skrivene panele stvara udobno gnijezdo za spavanje. Roditelji \u0107e cijeniti i premium tkanine krovi\u0107a i sjedi\u0161ta te sofisticirane ko\u017ene ru\u010dke.<\/p>\n<h3 data-path-to-node=\"13\"><b data-path-to-node=\"13\" data-index-in-node=\"0\">Prakti\u010dnost bez premca<\/b><\/h3>\n<ul>\n<li><b data-path-to-node=\"15,0,0\" data-index-in-node=\"0\">Magnetsko kop\u010danje:<\/b> Sigurnosni pojasevi u 5 to\u010daka s magnetskom kop\u010dom \u010dine smje\u0161tanje djeteta u kolica brzim i jednostavnim.<\/li>\n<li><strong>Jednostavno preno\u0161enje:<\/strong> Zahvaljuju\u0107i prakti\u010dnom ramenom pojasu, no\u0161enje sklopljenih kolica je lako i daje vam jo\u0161 jednu slobodnu ruku.<\/li>\n<li>\n<p data-path-to-node=\"11,0,0\"><b data-path-to-node=\"11,0,0\" data-index-in-node=\"0\">Automatsko sklapanje jednom rukom:<\/b> Dok u jednoj ruci dr\u017eite dijete, drugom rukom u sekundi sklapate kolica.<\/p>\n<\/li>\n<li>\n<p data-path-to-node=\"11,1,0\"><b data-path-to-node=\"11,1,0\" data-index-in-node=\"0\">Kompaktnost za putovanja:<\/b> Sklopljena kolica odgovaraju dimenzijama ru\u010dne prtljage ve\u0107ine aviokompanija, \u0161to ih \u010dini idealnim za putovanja.<\/p>\n<\/li>\n<li>\n<p data-path-to-node=\"11,2,0\"><b data-path-to-node=\"11,2,0\" data-index-in-node=\"0\">Napredna amortizacija:<\/b> Amortizacija na sva \u010detiri kota\u010da s gumenim kota\u010dima otpornim na bu\u0161enje osigurava glatku vo\u017enju preko rubnika i neravnih plo\u010dnika.<\/p>\n<\/li>\n<li>\n<p data-path-to-node=\"11,3,0\"><b data-path-to-node=\"11,3,0\" data-index-in-node=\"0\">Vrhunska za\u0161tita i prozra\u010dnost:<\/b> Veliki UPF 50+ krovi\u0107 \u0161titi dijete od sunca, dok mre\u017easti prozor\u010di\u0107i osiguravaju optimalan protok zraka tijekom ljetnih dana.<\/p>\n<\/li>\n<li>\n<p data-path-to-node=\"11,4,0\"><b data-path-to-node=\"11,4,0\" data-index-in-node=\"0\">Podesiva ru\u010dka:<\/b> Teleskopska ru\u010dka (101 \u2013 108 cm) omogu\u0107uje udobno guranje roditeljima svih visina.<\/p>\n<\/li>\n<li>\n<p data-path-to-node=\"11,5,0\"><b data-path-to-node=\"11,5,0\" data-index-in-node=\"0\">Prostrana pohrana:<\/b> Velika ko\u0161ara ispod sjedala nosivosti do 10 kg omogu\u0107uje vam da sve potrep\u0161tine nosite sa sobom bez dodatnog optere\u0107enja.<\/p>\n<\/li>\n<\/ul>\n<h3 data-path-to-node=\"10\"><b data-path-to-node=\"10\" data-index-in-node=\"0\">Putni sustav spreman za sve izazove<\/b><\/h3>\n<p data-path-to-node=\"11\">Uklju\u010deni Metro 3 adapteri pretvaraju va\u0161a kolica u svestrani putni sustav. Osim \u0161to slu\u017ee za monta\u017eu ko\u0161are, ovi adapteri omogu\u0107uju postavljanje vode\u0107ih autosjedalica (tzv. \u00ab\u00a0jaje\u00a0\u00bb) izravno na konstrukciju.<\/p>\n<p data-path-to-node=\"11\">Kompatibilni modeli autosjedalica: <strong><a href=\"https:\/\/najnaj.eu\/kategorija-proizvoda\/autosjedalice\/?brand=besafe&amp;Model=izi-go-modular\" target=\"_blank\" rel=\"noopener\">BeSafe iZi Go Modular X2 i-size<\/a><\/strong>, Cybex Aton Q, Cybex Cloud Q, Cybex Aton S2 i-size, Cybex Cloud T i-size, Britax Baby-Safe 5z, Avionaut Pixel Pro 2 C, Nuna Arra Next, Nuna Pipa Next, Maxi Cosi Rock, Maxi Cosi Pebble Pro, Maxi Cosi CabrioFix i-size<\/p>\n<h3 data-path-to-node=\"15\"><b data-path-to-node=\"15\" data-index-in-node=\"0\">Sigurnost i trajnost<\/b><\/h3>\n<p data-path-to-node=\"16\">Ergobaby stoji iza svoje kvalitete, stoga Metro 3 dolazi s <b data-path-to-node=\"16\" data-index-in-node=\"59\">10-godi\u0161njim ErgoPromise jamstvom.<\/b><\/p>\n","protected":false},"excerpt":{"rendered":"<p data-path-to-node=\"4\">Ergobaby Metro 3 Deluxe 2u1 pru\u017ea funkcionalnost sustava od ro\u0111enja do 22 kg u kompaktnom formatu koji ne zauzima prostor u domu i prtlja\u017eniku poput klasi\u010dnih 2u1 kolica. Ova Deluxe verzija Metro 3 modela donosi premium materijale, dodatnu prakti\u010dnost uz magnetsko kop\u010danje pojasa i rameni pojas, te uklju\u010dene dodatke.<\/p>\n<ul>\n<li data-path-to-node=\"5,0,0\"><b data-path-to-node=\"5,0,0\" data-index-in-node=\"0\">Vrhunska ergonomija:<\/b> Presti\u017eni AGR certifikat za zdravlje le\u0111a djeteta i roditelja.<\/li>\n<li data-path-to-node=\"4,1,0\"><b data-path-to-node=\"4,1,0\" data-index-in-node=\"0\">Premium materijali:<\/b> Elegantne tkanine krovi\u0107a i sjedi\u0161ta, sofisticirana ko\u017ena ru\u010dka.<\/li>\n<li data-path-to-node=\"4,2,0\"><b data-path-to-node=\"4,2,0\" data-index-in-node=\"0\">Jednostavno kop\u010danje:<\/b> Sigurnosni pojasevi u 5 to\u010daka s magnetskom kop\u010dom za brzo i lako kop\u010danje.<\/li>\n<li data-path-to-node=\"5,1,0\"><b data-path-to-node=\"5,1,0\" data-index-in-node=\"0\">Glatka vo\u017enja:<\/b> Napredni amortizeri na sva \u010detiri kota\u010da osiguravaju udobnost na svim gradskim podlogama.<\/li>\n<li data-path-to-node=\"5,2,0\"><b data-path-to-node=\"5,2,0\" data-index-in-node=\"0\">Maksimalna prakti\u010dnost:<\/b> Jednostavno upravljanje i automatsko sklapanje jednom rukom.<\/li>\n<li data-path-to-node=\"5,3,0\"><b data-path-to-node=\"5,3,0\" data-index-in-node=\"0\">Ultra-lagana i kompaktna:<\/b> Te\u017ee svega 7,6 kg i sklopljena odgovaraju dimenzijama ru\u010dne prtljage u zrakoplovu.<\/li>\n<li data-path-to-node=\"5,3,0\"><b data-path-to-node=\"14,3,0\" data-index-in-node=\"0\">Vrhunska za\u0161tita:<\/b> Produ\u017eivi UPF 50+ krovi\u0107 s mre\u017eicom za protok zraka i magnetnim prozor\u010di\u0107em.<\/li>\n<li data-path-to-node=\"5,4,0\"><b data-path-to-node=\"5,4,0\" data-index-in-node=\"0\">Fleksibilna ko\u0161ara:<\/b> Sklopiva ko\u0161ara za novoro\u0111en\u010de mo\u017ee se postaviti sa ili bez sjede\u0107eg dijela na kolicima.<\/li>\n<li data-path-to-node=\"5,5,0\"><b data-path-to-node=\"5,5,0\" data-index-in-node=\"0\">Putni sustav:<\/b> Uklju\u010deni adapteri kompatibilni su s vode\u0107im autosjedalicama (BeSafe, Cybex, Maxi-Cosi, Avionaut, Britax).<\/li>\n<li data-path-to-node=\"5,6,0\"><b data-path-to-node=\"5,6,0\" data-index-in-node=\"0\">Dugovje\u010dnost:<\/b> Bezbri\u017eno kori\u0161tenje uz 10 godina ErgoPromise jamstva.<\/li>\n<\/ul>\n<p>U pakiranju dolaze kolica sa sportskim sjedalom, ko\u0161ara za novoro\u0111en\u010de, adapteri, prednja ru\u010dka, dr\u017ea\u010d za bocu i ki\u0161na navlaka.<\/p>\n<p><strong>Odaberi boju krovi\u0107a sportskog sjedala:<\/strong><\/p>\n","protected":false},"featured_media":297452,"comment_status":"closed","ping_status":"closed","template":"","meta":{"_acf_changed":false,"footnotes":""},"product_brand":[],"product_cat":[551,556,609],"product_tag":[],"class_list":{"0":"post-296813","1":"product","2":"type-product","3":"status-publish","4":"has-post-thumbnail","6":"product_cat-djecja-kolica","7":"product_cat-kolica-2u1","8":"product_cat-kompaktna-kolica","9":"pa_boja-camel","10":"pa_boja-jet-black","11":"pa_boja-pearl-grey","12":"pa_boja-willow-green","13":"pa_brand-ergobaby","14":"pa_vrsta-kolica-2u1","15":"pa_vrsta-kolica-kompaktna-kolica","17":"first","18":"instock","19":"shipping-taxable","20":"purchasable","21":"product-type-variable"},"bundled_by":[],"bundle_stock_status":"instock","bundle_stock_quantity":null,"bundle_virtual":false,"bundle_layout":"","bundle_add_to_cart_form_location":"","bundle_editable_in_cart":false,"bundle_sold_individually_context":"","bundle_item_grouping":"","bundle_min_size":"","bundle_max_size":"","bundle_price":[],"bundled_items":[],"bundle_sell_ids":[],"acf":[],"yoast_head":"<!-- This site is optimized with the Yoast SEO Premium plugin v21.5 (Yoast SEO v27.4) - https:\/\/yoast.com\/product\/yoast-seo-premium-wordpress\/ -->\n<title>Ergobaby Metro 3 Deluxe 2u1 dje\u010dja kolica - NajNaj.eu<\/title>\n<meta name=\"description\" content=\"Metro 3 Deluxe 2u1 kolica: od ro\u0111enja do 22 kg u kompaktnom izdanju i premium materijalima. Lagana, ergonomska i spremna za sve obiteljske avanture!\" \/>\n<meta name=\"robots\" content=\"index, follow, max-snippet:-1, max-image-preview:large, max-video-preview:-1\" \/>\n<link rel=\"canonical\" href=\"https:\/\/najnaj.eu\/fr\/proizvod\/ergobaby-metro-3-deluxe-2u1-djecja-kolica\/\" \/>\n<meta property=\"og:locale\" content=\"fr_FR\" \/>\n<meta property=\"og:type\" content=\"article\" \/>\n<meta property=\"og:title\" content=\"Ergobaby Metro 3 Deluxe 2u1 dje\u010dja kolica\" \/>\n<meta property=\"og:description\" content=\"Metro 3 Deluxe 2u1 kolica: od ro\u0111enja do 22 kg u kompaktnom izdanju i premium materijalima. Lagana, ergonomska i spremna za sve obiteljske avanture!\" \/>\n<meta property=\"og:url\" content=\"https:\/\/najnaj.eu\/fr\/proizvod\/ergobaby-metro-3-deluxe-2u1-djecja-kolica\/\" \/>\n<meta property=\"og:site_name\" content=\"NajNaj.eu\" \/>\n<meta property=\"article:publisher\" content=\"https:\/\/web.facebook.com\/najnaj.eu\/\" \/>\n<meta property=\"article:modified_time\" content=\"2026-04-10T09:11:29+00:00\" \/>\n<meta property=\"og:image\" content=\"https:\/\/najnaj.eu\/wp-content\/uploads\/2026\/03\/metro-3-deluxe-2u1-prod.png\" \/>\n\t<meta property=\"og:image:width\" content=\"1200\" \/>\n\t<meta property=\"og:image:height\" content=\"1200\" \/>\n\t<meta property=\"og:image:type\" content=\"image\/png\" \/>\n<meta name=\"twitter:card\" content=\"summary_large_image\" \/>\n<meta name=\"twitter:label1\" content=\"Disponibilit\u00e9\" \/>\n\t<meta name=\"twitter:data1\" content=\"En stock\" \/>\n<script type=\"application\/ld+json\" class=\"yoast-schema-graph\">{\"@context\":\"https:\\\/\\\/schema.org\",\"@graph\":[{\"@type\":\"WebPage\",\"@id\":\"https:\\\/\\\/najnaj.eu\\\/fr\\\/proizvod\\\/ergobaby-metro-3-deluxe-2u1-djecja-kolica\\\/\",\"url\":\"https:\\\/\\\/najnaj.eu\\\/fr\\\/proizvod\\\/ergobaby-metro-3-deluxe-2u1-djecja-kolica\\\/\",\"name\":\"Ergobaby Metro 3 Deluxe 2u1 dje\u010dja kolica - NajNaj.eu\",\"isPartOf\":{\"@id\":\"https:\\\/\\\/najnaj.eu\\\/fr\\\/#website\"},\"primaryImageOfPage\":{\"@id\":\"https:\\\/\\\/najnaj.eu\\\/fr\\\/proizvod\\\/ergobaby-metro-3-deluxe-2u1-djecja-kolica\\\/#primaryimage\"},\"image\":{\"@id\":\"https:\\\/\\\/najnaj.eu\\\/fr\\\/proizvod\\\/ergobaby-metro-3-deluxe-2u1-djecja-kolica\\\/#primaryimage\"},\"thumbnailUrl\":\"https:\\\/\\\/najnaj.eu\\\/wp-content\\\/uploads\\\/2026\\\/03\\\/metro-3-deluxe-2u1-prod.png\",\"datePublished\":\"2026-03-04T14:37:06+00:00\",\"dateModified\":\"2026-04-10T09:11:29+00:00\",\"description\":\"Metro 3 Deluxe 2u1 kolica: od ro\u0111enja do 22 kg u kompaktnom izdanju i premium materijalima. Lagana, ergonomska i spremna za sve obiteljske avanture!\",\"breadcrumb\":{\"@id\":\"https:\\\/\\\/najnaj.eu\\\/fr\\\/proizvod\\\/ergobaby-metro-3-deluxe-2u1-djecja-kolica\\\/#breadcrumb\"},\"inLanguage\":\"fr-FR\",\"potentialAction\":[{\"@type\":\"ReadAction\",\"target\":[\"https:\\\/\\\/najnaj.eu\\\/fr\\\/proizvod\\\/ergobaby-metro-3-deluxe-2u1-djecja-kolica\\\/\"]}]},{\"@type\":\"ImageObject\",\"inLanguage\":\"fr-FR\",\"@id\":\"https:\\\/\\\/najnaj.eu\\\/fr\\\/proizvod\\\/ergobaby-metro-3-deluxe-2u1-djecja-kolica\\\/#primaryimage\",\"url\":\"https:\\\/\\\/najnaj.eu\\\/wp-content\\\/uploads\\\/2026\\\/03\\\/metro-3-deluxe-2u1-prod.png\",\"contentUrl\":\"https:\\\/\\\/najnaj.eu\\\/wp-content\\\/uploads\\\/2026\\\/03\\\/metro-3-deluxe-2u1-prod.png\",\"width\":1200,\"height\":1200},{\"@type\":\"BreadcrumbList\",\"@id\":\"https:\\\/\\\/najnaj.eu\\\/fr\\\/proizvod\\\/ergobaby-metro-3-deluxe-2u1-djecja-kolica\\\/#breadcrumb\",\"itemListElement\":[{\"@type\":\"ListItem\",\"position\":1,\"name\":\"Po\u010detna stranica\",\"item\":\"https:\\\/\\\/najnaj.eu\\\/fr\\\/\"},{\"@type\":\"ListItem\",\"position\":2,\"name\":\"Trgovina\",\"item\":\"https:\\\/\\\/najnaj.hr\\\/trgovina\\\/\"},{\"@type\":\"ListItem\",\"position\":3,\"name\":\"Ergobaby Metro 3 Deluxe 2u1 dje\u010dja kolica\"}]},{\"@type\":\"WebSite\",\"@id\":\"https:\\\/\\\/najnaj.eu\\\/fr\\\/#website\",\"url\":\"https:\\\/\\\/najnaj.eu\\\/fr\\\/\",\"name\":\"NajNaj.eu\",\"description\":\"Za najva\u017enije!\",\"potentialAction\":[{\"@type\":\"SearchAction\",\"target\":{\"@type\":\"EntryPoint\",\"urlTemplate\":\"https:\\\/\\\/najnaj.eu\\\/fr\\\/?s={search_term_string}\"},\"query-input\":{\"@type\":\"PropertyValueSpecification\",\"valueRequired\":true,\"valueName\":\"search_term_string\"}}],\"inLanguage\":\"fr-FR\"}]}<\/script>\n<meta property=\"product:brand\" content=\"Ergobaby\" \/>\n<meta property=\"og:availability\" content=\"instock\" \/>\n<meta property=\"product:availability\" content=\"instock\" \/>\n<meta property=\"product:retailer_item_id\" content=\"METRO3_Deluxe_2u1\" \/>\n<meta property=\"product:condition\" content=\"new\" \/>\n<!-- \/ Yoast SEO Premium plugin. -->","yoast_head_json":{"title":"Ergobaby Metro 3 Deluxe 2u1 dje\u010dja kolica - NajNaj.eu","description":"Metro 3 Deluxe 2u1 kolica: od ro\u0111enja do 22 kg u kompaktnom izdanju i premium materijalima. Lagana, ergonomska i spremna za sve obiteljske avanture!","robots":{"index":"index","follow":"follow","max-snippet":"max-snippet:-1","max-image-preview":"max-image-preview:large","max-video-preview":"max-video-preview:-1"},"canonical":"https:\/\/najnaj.eu\/fr\/proizvod\/ergobaby-metro-3-deluxe-2u1-djecja-kolica\/","og_locale":"fr_FR","og_type":"article","og_title":"Ergobaby Metro 3 Deluxe 2u1 dje\u010dja kolica","og_description":"Metro 3 Deluxe 2u1 kolica: od ro\u0111enja do 22 kg u kompaktnom izdanju i premium materijalima. Lagana, ergonomska i spremna za sve obiteljske avanture!","og_url":"https:\/\/najnaj.eu\/fr\/proizvod\/ergobaby-metro-3-deluxe-2u1-djecja-kolica\/","og_site_name":"NajNaj.eu","article_publisher":"https:\/\/web.facebook.com\/najnaj.eu\/","article_modified_time":"2026-04-10T09:11:29+00:00","og_image":[{"width":1200,"height":1200,"url":"https:\/\/najnaj.eu\/wp-content\/uploads\/2026\/03\/metro-3-deluxe-2u1-prod.png","type":"image\/png"}],"twitter_card":"summary_large_image","twitter_misc":{"Disponibilit\u00e9":"En stock"},"schema":{"@context":"https:\/\/schema.org","@graph":[{"@type":"WebPage","@id":"https:\/\/najnaj.eu\/fr\/proizvod\/ergobaby-metro-3-deluxe-2u1-djecja-kolica\/","url":"https:\/\/najnaj.eu\/fr\/proizvod\/ergobaby-metro-3-deluxe-2u1-djecja-kolica\/","name":"Ergobaby Metro 3 Deluxe 2u1 dje\u010dja kolica - NajNaj.eu","isPartOf":{"@id":"https:\/\/najnaj.eu\/fr\/#website"},"primaryImageOfPage":{"@id":"https:\/\/najnaj.eu\/fr\/proizvod\/ergobaby-metro-3-deluxe-2u1-djecja-kolica\/#primaryimage"},"image":{"@id":"https:\/\/najnaj.eu\/fr\/proizvod\/ergobaby-metro-3-deluxe-2u1-djecja-kolica\/#primaryimage"},"thumbnailUrl":"https:\/\/najnaj.eu\/wp-content\/uploads\/2026\/03\/metro-3-deluxe-2u1-prod.png","datePublished":"2026-03-04T14:37:06+00:00","dateModified":"2026-04-10T09:11:29+00:00","description":"Metro 3 Deluxe 2u1 kolica: od ro\u0111enja do 22 kg u kompaktnom izdanju i premium materijalima. Lagana, ergonomska i spremna za sve obiteljske avanture!","breadcrumb":{"@id":"https:\/\/najnaj.eu\/fr\/proizvod\/ergobaby-metro-3-deluxe-2u1-djecja-kolica\/#breadcrumb"},"inLanguage":"fr-FR","potentialAction":[{"@type":"ReadAction","target":["https:\/\/najnaj.eu\/fr\/proizvod\/ergobaby-metro-3-deluxe-2u1-djecja-kolica\/"]}]},{"@type":"ImageObject","inLanguage":"fr-FR","@id":"https:\/\/najnaj.eu\/fr\/proizvod\/ergobaby-metro-3-deluxe-2u1-djecja-kolica\/#primaryimage","url":"https:\/\/najnaj.eu\/wp-content\/uploads\/2026\/03\/metro-3-deluxe-2u1-prod.png","contentUrl":"https:\/\/najnaj.eu\/wp-content\/uploads\/2026\/03\/metro-3-deluxe-2u1-prod.png","width":1200,"height":1200},{"@type":"BreadcrumbList","@id":"https:\/\/najnaj.eu\/fr\/proizvod\/ergobaby-metro-3-deluxe-2u1-djecja-kolica\/#breadcrumb","itemListElement":[{"@type":"ListItem","position":1,"name":"Po\u010detna stranica","item":"https:\/\/najnaj.eu\/fr\/"},{"@type":"ListItem","position":2,"name":"Trgovina","item":"https:\/\/najnaj.hr\/trgovina\/"},{"@type":"ListItem","position":3,"name":"Ergobaby Metro 3 Deluxe 2u1 dje\u010dja kolica"}]},{"@type":"WebSite","@id":"https:\/\/najnaj.eu\/fr\/#website","url":"https:\/\/najnaj.eu\/fr\/","name":"NajNaj.eu","description":"Za najva\u017enije!","potentialAction":[{"@type":"SearchAction","target":{"@type":"EntryPoint","urlTemplate":"https:\/\/najnaj.eu\/fr\/?s={search_term_string}"},"query-input":{"@type":"PropertyValueSpecification","valueRequired":true,"valueName":"search_term_string"}}],"inLanguage":"fr-FR"}]},"product_brand":"Ergobaby","og_availability":"instock","product_availability":"instock","product_retailer_item_id":"METRO3_Deluxe_2u1","product_condition":"new"},"_links":{"self":[{"href":"https:\/\/najnaj.eu\/fr\/wp-json\/wp\/v2\/product\/296813","targetHints":{"allow":["GET"]}}],"collection":[{"href":"https:\/\/najnaj.eu\/fr\/wp-json\/wp\/v2\/product"}],"about":[{"href":"https:\/\/najnaj.eu\/fr\/wp-json\/wp\/v2\/types\/product"}],"replies":[{"embeddable":true,"href":"https:\/\/najnaj.eu\/fr\/wp-json\/wp\/v2\/comments?post=296813"}],"version-history":[{"count":0,"href":"https:\/\/najnaj.eu\/fr\/wp-json\/wp\/v2\/product\/296813\/revisions"}],"wp:featuredmedia":[{"embeddable":true,"href":"https:\/\/najnaj.eu\/fr\/wp-json\/wp\/v2\/media\/297452"}],"wp:attachment":[{"href":"https:\/\/najnaj.eu\/fr\/wp-json\/wp\/v2\/media?parent=296813"}],"wp:term":[{"taxonomy":"product_brand","embeddable":true,"href":"https:\/\/najnaj.eu\/fr\/wp-json\/wp\/v2\/product_brand?post=296813"},{"taxonomy":"product_cat","embeddable":true,"href":"https:\/\/najnaj.eu\/fr\/wp-json\/wp\/v2\/product_cat?post=296813"},{"taxonomy":"product_tag","embeddable":true,"href":"https:\/\/najnaj.eu\/fr\/wp-json\/wp\/v2\/product_tag?post=296813"}],"curies":[{"name":"wp","href":"https:\/\/api.w.org\/{rel}","templated":true}]}}