{"id":290236,"date":"2026-02-19T08:24:05","date_gmt":"2026-02-19T07:24:05","guid":{"rendered":"https:\/\/najnaj.eu\/?post_type=product&#038;p=290236"},"modified":"2026-03-25T09:29:08","modified_gmt":"2026-03-25T08:29:08","slug":"citron-casa-od-bambusa-dusty-blue-rasprodaja","status":"publish","type":"product","link":"https:\/\/najnaj.eu\/fr\/proizvod\/citron-casa-od-bambusa-dusty-blue-rasprodaja\/","title":{"rendered":"SNI\u017dENO: Citron \u010da\u0161a od bambusa Dusty Blue &#8211; O\u0160TE\u0106ENA AMBALA\u017dA"},"content":{"rendered":"<p>Bambus je materijal bez toksina s antibakterijskim svojstvima, raste nevjerojatnom brzinom, pa je i ekolo\u0161ki prihvatljiv.<br \/>\nUklonjiva usisna baza omogu\u0107uje vam prijelaz na redovitu upotrebu kako va\u0161e dijete raste.<br \/>\nNapravljen od 100% organskog bambusa, prirodno antimikrobno, hipoalergeno i netoksi\u010dno.<\/p>\n<p><img loading=\"lazy\" decoding=\"async\" class=\"aligncenter wp-image-210664 size-full\" src=\"https:\/\/najnaj.eu\/wp-content\/uploads\/2024\/03\/Z1039-Bamboo-Cup-Dusty-Blue-Extra-3.webp\" alt=\"\" width=\"823\" height=\"823\" srcset=\"https:\/\/najnaj.eu\/wp-content\/uploads\/2024\/03\/Z1039-Bamboo-Cup-Dusty-Blue-Extra-3.webp 823w, https:\/\/najnaj.eu\/wp-content\/uploads\/2024\/03\/Z1039-Bamboo-Cup-Dusty-Blue-Extra-3-324x324.webp 324w, https:\/\/najnaj.eu\/wp-content\/uploads\/2024\/03\/Z1039-Bamboo-Cup-Dusty-Blue-Extra-3-100x100.webp 100w, https:\/\/najnaj.eu\/wp-content\/uploads\/2024\/03\/Z1039-Bamboo-Cup-Dusty-Blue-Extra-3-300x300.webp 300w, https:\/\/najnaj.eu\/wp-content\/uploads\/2024\/03\/Z1039-Bamboo-Cup-Dusty-Blue-Extra-3-150x150.webp 150w, https:\/\/najnaj.eu\/wp-content\/uploads\/2024\/03\/Z1039-Bamboo-Cup-Dusty-Blue-Extra-3-768x768.webp 768w, https:\/\/najnaj.eu\/wp-content\/uploads\/2024\/03\/Z1039-Bamboo-Cup-Dusty-Blue-Extra-3-420x420.webp 420w, https:\/\/najnaj.eu\/wp-content\/uploads\/2024\/03\/Z1039-Bamboo-Cup-Dusty-Blue-Extra-3-800x800.webp 800w, https:\/\/najnaj.eu\/wp-content\/uploads\/2024\/03\/Z1039-Bamboo-Cup-Dusty-Blue-Extra-3-50x50.webp 50w\" sizes=\"auto, (max-width: 823px) 100vw, 823px\" \/><\/p>\n","protected":false},"excerpt":{"rendered":"<p>+ Dolazi s gutljajem i slamnatim poklopcem + slamkom od bambusa<br \/>\n+ Izra\u0111ena od 100% organskog bambusa<br \/>\n+ BPA, bez melamina i plastike<br \/>\n+ Prikladno za djecu od 6+ mjeseci<br \/>\n+ Dimenzije: D7,5*H9cm<br \/>\n+ Kapacitet: 0,8 \u0161alica ili 180 ml<\/p>\n<p><span style=\"color: #800000;\"><span class=\"notion-enable-hover\" data-token-index=\"0\"><strong>Ovom proizvodu je o\u0161te\u0107ena ambala\u017ea tijekom transporta, zbog \u010dega se prodaje po sni\u017eenoj cijeni<\/strong><\/span><span class=\"notion-enable-hover\" data-token-index=\"0\"><strong>. Proizvod je nekori\u0161ten.<br \/>\n<\/strong>O\u0161te\u0107enje ambala\u017ee mo\u017eete vidjeti u galeriji.<\/span><\/span><\/p>\n","protected":false},"featured_media":199245,"comment_status":"open","ping_status":"closed","template":"","meta":{"_acf_changed":false,"footnotes":""},"product_brand":[],"product_cat":[656,577,622],"product_tag":[2220,2277],"class_list":{"0":"post-290236","1":"product","2":"type-product","3":"status-publish","4":"has-post-thumbnail","6":"product_cat-salice","7":"product_cat-hranjenje","8":"product_cat-posude","9":"product_tag-popust-otvorena-ambalaza","10":"product_tag-rasprodaja","11":"pa_boja-zelena","12":"pa_brand-citron","13":"pa_vrsta-posuda-casice-i-salice","15":"first","16":"instock","17":"sale","18":"shipping-taxable","19":"purchasable","20":"product-type-simple"},"bundled_by":[],"bundle_stock_status":"instock","bundle_stock_quantity":1,"bundle_virtual":false,"bundle_layout":"","bundle_add_to_cart_form_location":"","bundle_editable_in_cart":false,"bundle_sold_individually_context":"","bundle_item_grouping":"","bundle_min_size":"","bundle_max_size":"","bundle_price":[],"bundled_items":[],"bundle_sell_ids":[],"acf":[],"yoast_head":"<!-- This site is optimized with the Yoast SEO Premium plugin v21.5 (Yoast SEO v27.4) - https:\/\/yoast.com\/product\/yoast-seo-premium-wordpress\/ -->\n<title>SNI\u017dENO: Citron \u010da\u0161a od bambusa Dusty Blue - O\u0160TE\u0106ENA AMBALA\u017dA - NajNaj.eu<\/title>\n<meta name=\"robots\" content=\"index, follow, max-snippet:-1, max-image-preview:large, max-video-preview:-1\" \/>\n<link rel=\"canonical\" href=\"https:\/\/najnaj.eu\/fr\/proizvod\/citron-casa-od-bambusa-dusty-blue-rasprodaja\/\" \/>\n<meta property=\"og:locale\" content=\"fr_FR\" \/>\n<meta property=\"og:type\" content=\"article\" \/>\n<meta property=\"og:title\" content=\"SNI\u017dENO: Citron \u010da\u0161a od bambusa Dusty Blue - O\u0160TE\u0106ENA AMBALA\u017dA\" \/>\n<meta property=\"og:description\" content=\"+ Dolazi s gutljajem i slamnatim poklopcem + slamkom od bambusa + Izra\u0111ena od 100% organskog bambusa + BPA, bez melamina i plastike + Prikladno za djecu od 6+ mjeseci + Dimenzije: D7,5*H9cm + Kapacitet: 0,8 \u0161alica ili 180 ml  Ovom proizvodu je o\u0161te\u0107ena ambala\u017ea tijekom transporta, zbog \u010dega se prodaje po sni\u017eenoj cijeni. Proizvod je nekori\u0161ten. O\u0161te\u0107enje ambala\u017ee mo\u017eete vidjeti u galeriji.\" \/>\n<meta property=\"og:url\" content=\"https:\/\/najnaj.eu\/fr\/proizvod\/citron-casa-od-bambusa-dusty-blue-rasprodaja\/\" \/>\n<meta property=\"og:site_name\" content=\"NajNaj.eu\" \/>\n<meta property=\"article:publisher\" content=\"https:\/\/web.facebook.com\/najnaj.eu\/\" \/>\n<meta property=\"article:modified_time\" content=\"2026-03-25T08:29:08+00:00\" \/>\n<meta property=\"og:image\" content=\"https:\/\/najnaj.eu\/wp-content\/uploads\/2024\/03\/Z1039-Bamboo-Cup-Dusty-Blue-Extra-0-Large.jpg\" \/>\n\t<meta property=\"og:image:width\" content=\"1080\" \/>\n\t<meta property=\"og:image:height\" content=\"1080\" \/>\n\t<meta property=\"og:image:type\" content=\"image\/jpeg\" \/>\n<meta name=\"twitter:card\" content=\"summary_large_image\" \/>\n<meta name=\"twitter:label1\" content=\"Prix\" \/>\n\t<meta name=\"twitter:data1\" content=\"17,99&nbsp;&euro;\" \/>\n\t<meta name=\"twitter:label2\" content=\"Disponibilit\u00e9\" \/>\n\t<meta name=\"twitter:data2\" content=\"En stock\" \/>\n<script type=\"application\/ld+json\" class=\"yoast-schema-graph\">{\"@context\":\"https:\\\/\\\/schema.org\",\"@graph\":[{\"@type\":\"WebPage\",\"@id\":\"https:\\\/\\\/najnaj.eu\\\/fr\\\/proizvod\\\/citron-casa-od-bambusa-dusty-blue-rasprodaja\\\/\",\"url\":\"https:\\\/\\\/najnaj.eu\\\/fr\\\/proizvod\\\/citron-casa-od-bambusa-dusty-blue-rasprodaja\\\/\",\"name\":\"SNI\u017dENO: Citron \u010da\u0161a od bambusa Dusty Blue - O\u0160TE\u0106ENA AMBALA\u017dA - NajNaj.eu\",\"isPartOf\":{\"@id\":\"https:\\\/\\\/najnaj.eu\\\/fr\\\/#website\"},\"primaryImageOfPage\":{\"@id\":\"https:\\\/\\\/najnaj.eu\\\/fr\\\/proizvod\\\/citron-casa-od-bambusa-dusty-blue-rasprodaja\\\/#primaryimage\"},\"image\":{\"@id\":\"https:\\\/\\\/najnaj.eu\\\/fr\\\/proizvod\\\/citron-casa-od-bambusa-dusty-blue-rasprodaja\\\/#primaryimage\"},\"thumbnailUrl\":\"https:\\\/\\\/najnaj.eu\\\/wp-content\\\/uploads\\\/2024\\\/03\\\/Z1039-Bamboo-Cup-Dusty-Blue-Extra-0-Large.jpg\",\"datePublished\":\"2026-02-19T07:24:05+00:00\",\"dateModified\":\"2026-03-25T08:29:08+00:00\",\"breadcrumb\":{\"@id\":\"https:\\\/\\\/najnaj.eu\\\/fr\\\/proizvod\\\/citron-casa-od-bambusa-dusty-blue-rasprodaja\\\/#breadcrumb\"},\"inLanguage\":\"fr-FR\",\"potentialAction\":[{\"@type\":\"ReadAction\",\"target\":[\"https:\\\/\\\/najnaj.eu\\\/fr\\\/proizvod\\\/citron-casa-od-bambusa-dusty-blue-rasprodaja\\\/\"]}]},{\"@type\":\"ImageObject\",\"inLanguage\":\"fr-FR\",\"@id\":\"https:\\\/\\\/najnaj.eu\\\/fr\\\/proizvod\\\/citron-casa-od-bambusa-dusty-blue-rasprodaja\\\/#primaryimage\",\"url\":\"https:\\\/\\\/najnaj.eu\\\/wp-content\\\/uploads\\\/2024\\\/03\\\/Z1039-Bamboo-Cup-Dusty-Blue-Extra-0-Large.jpg\",\"contentUrl\":\"https:\\\/\\\/najnaj.eu\\\/wp-content\\\/uploads\\\/2024\\\/03\\\/Z1039-Bamboo-Cup-Dusty-Blue-Extra-0-Large.jpg\",\"width\":1080,\"height\":1080},{\"@type\":\"BreadcrumbList\",\"@id\":\"https:\\\/\\\/najnaj.eu\\\/fr\\\/proizvod\\\/citron-casa-od-bambusa-dusty-blue-rasprodaja\\\/#breadcrumb\",\"itemListElement\":[{\"@type\":\"ListItem\",\"position\":1,\"name\":\"Po\u010detna stranica\",\"item\":\"https:\\\/\\\/najnaj.eu\\\/fr\\\/\"},{\"@type\":\"ListItem\",\"position\":2,\"name\":\"Trgovina\",\"item\":\"https:\\\/\\\/najnaj.hr\\\/trgovina\\\/\"},{\"@type\":\"ListItem\",\"position\":3,\"name\":\"SNI\u017dENO: Citron \u010da\u0161a od bambusa Dusty Blue &#8211; O\u0160TE\u0106ENA AMBALA\u017dA\"}]},{\"@type\":\"WebSite\",\"@id\":\"https:\\\/\\\/najnaj.eu\\\/fr\\\/#website\",\"url\":\"https:\\\/\\\/najnaj.eu\\\/fr\\\/\",\"name\":\"NajNaj.eu\",\"description\":\"Za najva\u017enije!\",\"potentialAction\":[{\"@type\":\"SearchAction\",\"target\":{\"@type\":\"EntryPoint\",\"urlTemplate\":\"https:\\\/\\\/najnaj.eu\\\/fr\\\/?s={search_term_string}\"},\"query-input\":{\"@type\":\"PropertyValueSpecification\",\"valueRequired\":true,\"valueName\":\"search_term_string\"}}],\"inLanguage\":\"fr-FR\"}]}<\/script>\n<meta property=\"product:brand\" content=\"Citron\" \/>\n<meta property=\"product:price:amount\" content=\"17.99\" \/>\n<meta property=\"product:price:currency\" content=\"EUR\" \/>\n<meta property=\"og:availability\" content=\"instock\" \/>\n<meta property=\"product:availability\" content=\"instock\" \/>\n<meta property=\"product:retailer_item_id\" content=\"Bamboo_Cup_21_Blue-ostecena\" \/>\n<meta property=\"product:condition\" content=\"new\" \/>\n<!-- \/ Yoast SEO Premium plugin. -->","yoast_head_json":{"title":"SNI\u017dENO: Citron \u010da\u0161a od bambusa Dusty Blue - O\u0160TE\u0106ENA AMBALA\u017dA - NajNaj.eu","robots":{"index":"index","follow":"follow","max-snippet":"max-snippet:-1","max-image-preview":"max-image-preview:large","max-video-preview":"max-video-preview:-1"},"canonical":"https:\/\/najnaj.eu\/fr\/proizvod\/citron-casa-od-bambusa-dusty-blue-rasprodaja\/","og_locale":"fr_FR","og_type":"article","og_title":"SNI\u017dENO: Citron \u010da\u0161a od bambusa Dusty Blue - O\u0160TE\u0106ENA AMBALA\u017dA","og_description":"+ Dolazi s gutljajem i slamnatim poklopcem + slamkom od bambusa + Izra\u0111ena od 100% organskog bambusa + BPA, bez melamina i plastike + Prikladno za djecu od 6+ mjeseci + Dimenzije: D7,5*H9cm + Kapacitet: 0,8 \u0161alica ili 180 ml  Ovom proizvodu je o\u0161te\u0107ena ambala\u017ea tijekom transporta, zbog \u010dega se prodaje po sni\u017eenoj cijeni. Proizvod je nekori\u0161ten. O\u0161te\u0107enje ambala\u017ee mo\u017eete vidjeti u galeriji.","og_url":"https:\/\/najnaj.eu\/fr\/proizvod\/citron-casa-od-bambusa-dusty-blue-rasprodaja\/","og_site_name":"NajNaj.eu","article_publisher":"https:\/\/web.facebook.com\/najnaj.eu\/","article_modified_time":"2026-03-25T08:29:08+00:00","og_image":[{"width":1080,"height":1080,"url":"https:\/\/najnaj.eu\/wp-content\/uploads\/2024\/03\/Z1039-Bamboo-Cup-Dusty-Blue-Extra-0-Large.jpg","type":"image\/jpeg"}],"twitter_card":"summary_large_image","twitter_misc":{"Prix":"17,99&nbsp;&euro;","Disponibilit\u00e9":"En stock"},"schema":{"@context":"https:\/\/schema.org","@graph":[{"@type":"WebPage","@id":"https:\/\/najnaj.eu\/fr\/proizvod\/citron-casa-od-bambusa-dusty-blue-rasprodaja\/","url":"https:\/\/najnaj.eu\/fr\/proizvod\/citron-casa-od-bambusa-dusty-blue-rasprodaja\/","name":"SNI\u017dENO: Citron \u010da\u0161a od bambusa Dusty Blue - O\u0160TE\u0106ENA AMBALA\u017dA - NajNaj.eu","isPartOf":{"@id":"https:\/\/najnaj.eu\/fr\/#website"},"primaryImageOfPage":{"@id":"https:\/\/najnaj.eu\/fr\/proizvod\/citron-casa-od-bambusa-dusty-blue-rasprodaja\/#primaryimage"},"image":{"@id":"https:\/\/najnaj.eu\/fr\/proizvod\/citron-casa-od-bambusa-dusty-blue-rasprodaja\/#primaryimage"},"thumbnailUrl":"https:\/\/najnaj.eu\/wp-content\/uploads\/2024\/03\/Z1039-Bamboo-Cup-Dusty-Blue-Extra-0-Large.jpg","datePublished":"2026-02-19T07:24:05+00:00","dateModified":"2026-03-25T08:29:08+00:00","breadcrumb":{"@id":"https:\/\/najnaj.eu\/fr\/proizvod\/citron-casa-od-bambusa-dusty-blue-rasprodaja\/#breadcrumb"},"inLanguage":"fr-FR","potentialAction":[{"@type":"ReadAction","target":["https:\/\/najnaj.eu\/fr\/proizvod\/citron-casa-od-bambusa-dusty-blue-rasprodaja\/"]}]},{"@type":"ImageObject","inLanguage":"fr-FR","@id":"https:\/\/najnaj.eu\/fr\/proizvod\/citron-casa-od-bambusa-dusty-blue-rasprodaja\/#primaryimage","url":"https:\/\/najnaj.eu\/wp-content\/uploads\/2024\/03\/Z1039-Bamboo-Cup-Dusty-Blue-Extra-0-Large.jpg","contentUrl":"https:\/\/najnaj.eu\/wp-content\/uploads\/2024\/03\/Z1039-Bamboo-Cup-Dusty-Blue-Extra-0-Large.jpg","width":1080,"height":1080},{"@type":"BreadcrumbList","@id":"https:\/\/najnaj.eu\/fr\/proizvod\/citron-casa-od-bambusa-dusty-blue-rasprodaja\/#breadcrumb","itemListElement":[{"@type":"ListItem","position":1,"name":"Po\u010detna stranica","item":"https:\/\/najnaj.eu\/fr\/"},{"@type":"ListItem","position":2,"name":"Trgovina","item":"https:\/\/najnaj.hr\/trgovina\/"},{"@type":"ListItem","position":3,"name":"SNI\u017dENO: Citron \u010da\u0161a od bambusa Dusty Blue &#8211; O\u0160TE\u0106ENA AMBALA\u017dA"}]},{"@type":"WebSite","@id":"https:\/\/najnaj.eu\/fr\/#website","url":"https:\/\/najnaj.eu\/fr\/","name":"NajNaj.eu","description":"Za najva\u017enije!","potentialAction":[{"@type":"SearchAction","target":{"@type":"EntryPoint","urlTemplate":"https:\/\/najnaj.eu\/fr\/?s={search_term_string}"},"query-input":{"@type":"PropertyValueSpecification","valueRequired":true,"valueName":"search_term_string"}}],"inLanguage":"fr-FR"}]},"product_brand":"Citron","product_price_amount":"17.99","product_price_currency":"EUR","og_availability":"instock","product_availability":"instock","product_retailer_item_id":"Bamboo_Cup_21_Blue-ostecena","product_condition":"new"},"_links":{"self":[{"href":"https:\/\/najnaj.eu\/fr\/wp-json\/wp\/v2\/product\/290236","targetHints":{"allow":["GET"]}}],"collection":[{"href":"https:\/\/najnaj.eu\/fr\/wp-json\/wp\/v2\/product"}],"about":[{"href":"https:\/\/najnaj.eu\/fr\/wp-json\/wp\/v2\/types\/product"}],"replies":[{"embeddable":true,"href":"https:\/\/najnaj.eu\/fr\/wp-json\/wp\/v2\/comments?post=290236"}],"version-history":[{"count":0,"href":"https:\/\/najnaj.eu\/fr\/wp-json\/wp\/v2\/product\/290236\/revisions"}],"wp:featuredmedia":[{"embeddable":true,"href":"https:\/\/najnaj.eu\/fr\/wp-json\/wp\/v2\/media\/199245"}],"wp:attachment":[{"href":"https:\/\/najnaj.eu\/fr\/wp-json\/wp\/v2\/media?parent=290236"}],"wp:term":[{"taxonomy":"product_brand","embeddable":true,"href":"https:\/\/najnaj.eu\/fr\/wp-json\/wp\/v2\/product_brand?post=290236"},{"taxonomy":"product_cat","embeddable":true,"href":"https:\/\/najnaj.eu\/fr\/wp-json\/wp\/v2\/product_cat?post=290236"},{"taxonomy":"product_tag","embeddable":true,"href":"https:\/\/najnaj.eu\/fr\/wp-json\/wp\/v2\/product_tag?post=290236"}],"curies":[{"name":"wp","href":"https:\/\/api.w.org\/{rel}","templated":true}]}}