{"id":289855,"date":"2026-02-16T11:26:40","date_gmt":"2026-02-16T10:26:40","guid":{"rendered":"https:\/\/najnaj.eu\/?post_type=product&#038;p=289855"},"modified":"2026-04-15T15:53:19","modified_gmt":"2026-04-15T13:53:19","slug":"carriwell-steznik-za-trbuh-od-organskog-pamuka-na-cicak-bez-rasprodaja","status":"publish","type":"product","link":"https:\/\/najnaj.eu\/fr\/proizvod\/carriwell-steznik-za-trbuh-od-organskog-pamuka-na-cicak-bez-rasprodaja\/","title":{"rendered":"SNI\u017dENO: Carriwell Steznik za trbuh od organskog pamuka, na \u010di\u010dak &#8211; be\u017e, S\/M &#8211; O\u0160TE\u0106ENA AMBALA\u017dA"},"content":{"rendered":"<p>Predstavljamo Carriwell Steznik za trbuh od organskog pamuka revolucionarno rje\u0161enje za mlade majke koje \u017eele vratiti svoju figuru poslije trudno\u0107e. Nakon mjeseci no\u0161enja djeteta, prirodno je po\u017eeljeti tanji struk i zategnut trbu\u0161\u010di\u0107. Uz Carriwell Steznik za trbuh od organskog pamuka, postizanje ovih ciljeva postaje lak\u0161e i dosti\u017enije nego ikada prije.<\/p>\n<p>Izra\u0111en od mekanog i prozra\u010dnog organskog pamuka, ovaj povez za trbuh nudi niz prednosti koje nadilaze puku estetiku. Dok pru\u017ea bitnu potporu va\u0161im trbu\u0161nim mi\u0161i\u0107ima, tako\u0111er poti\u010de pravilno dr\u017eanje i ubla\u017eava nelagodu u donjem dijelu le\u0111a, \u0161to ga \u010dini idealnim izborom za oporavak nakon carskog reza.<\/p>\n<p>Carriwell Steznik za trbuh dizajniran je da prirodno potakne va\u0161 trbuh da se vrati u svoj izvorni oblik. Nje\u017eno zate\u017eu\u0107i trbu\u0161\u010di\u0107, smanjuje rizik od strija i poma\u017ee vam da postignete vitkiji i samouvjereniji izgled. S podesivim pojasom imate fleksibilnost da personalizirate razinu zategnutosti, omogu\u0107uju\u0107i postupno zatezanje i u\u010dvr\u0161\u0107ivanje opu\u0161tene ko\u017ee tijekom vremena.<\/p>\n<p>Ne samo da Carriwell Steznik za trbuh pobolj\u0161ava va\u0161e fizi\u010dko blagostanje, ve\u0107 tako\u0111er poma\u017ee u stvaranju povoljnog polo\u017eaja za dojenje. Bilo da sjedite, stojite ili dojite, ovo vezivo pru\u017ea dodatnu potporu va\u0161im le\u0111ima i trbuhu, osiguravaju\u0107i udobnost i pobolj\u0161ano dr\u017eanje tijekom va\u0161ih dnevnih aktivnosti.<\/p>\n<p>Va\u017eno je napomenuti da se Carriwell Steznik za trbuh ne preporu\u010duje za kori\u0161tenje tijekom trudno\u0107e. Kao i kod bilo kojeg drugog proizvoda nakon poroda, savjetujemo da se prije uporabe posavjetujete s lije\u010dnikom ili zdravstvenim radnikom kako biste bili sigurni da je uskla\u0111en s va\u0161im osobnim okolnostima.<\/p>\n<p>Budite uvjereni da kada odaberete Carriwell Steznik za trbuh, odabirete proizvod izra\u0111en od certificiranog organskog pamuka, koji jam\u010di najvi\u0161e standarde kvalitete, udobnosti i odr\u017eivosti.<\/p>\n<p>Vratite svoje samopouzdanje i zagrlite svoje tijelo nakon ro\u0111enja s Carriwell Steznikom za trbuh. Do\u017eivite prirodnu transformaciju dok podupirete oporavak svog tijela i u\u017eivate u blagodatima zategnutog, dobro podr\u017eanog trbuha.<\/p>\n","protected":false},"excerpt":{"rendered":"<ul>\n<li>pru\u017ea potporu i udobnost nakon carskog reza<\/li>\n<li>poma\u017ee u pravilnom dr\u017eanju dok sjedite, stojite i posebno za vrijeme dojenja<\/li>\n<li>smanjuje strije pritezanjem i u\u010dvr\u0161\u0107uje opu\u0161tenu ko\u017eu<\/li>\n<li>Carriwell-ov organski pamuk je nositelj certifikata<\/li>\n<\/ul>\n<p><span style=\"color: #800000;\"><strong><span class=\"notion-enable-hover\" data-token-index=\"0\">Ovom proizvodu je o\u0161te\u0107ena ambala\u017ea tijekom transporta, zbog \u010dega se prodaje po sni\u017eenoj cijeni. Proizvod je nekori\u0161ten.<\/span><\/strong><\/span><!-- notionvc: c24d17fe-9de4-4cd6-b5f5-c7115af0cdef --><\/p>\n","protected":false},"featured_media":300696,"comment_status":"open","ping_status":"closed","template":"","meta":{"_acf_changed":false,"footnotes":""},"product_brand":[],"product_cat":[827,562],"product_tag":[2105,2220],"class_list":{"0":"post-289855","1":"product","2":"type-product","3":"status-publish","4":"has-post-thumbnail","6":"product_cat-steznici","7":"product_cat-za-mamu","8":"product_tag-back-to-you","9":"product_tag-popust-otvorena-ambalaza","10":"pa_boja-bez","11":"pa_brand-carriwell","13":"first","14":"instock","15":"purchasable","16":"product-type-simple"},"bundled_by":[],"bundle_stock_status":"instock","bundle_stock_quantity":1,"bundle_virtual":false,"bundle_layout":"","bundle_add_to_cart_form_location":"","bundle_editable_in_cart":false,"bundle_sold_individually_context":"","bundle_item_grouping":"","bundle_min_size":"","bundle_max_size":"","bundle_price":[],"bundled_items":[],"bundle_sell_ids":[],"acf":[],"yoast_head":"<!-- This site is optimized with the Yoast SEO Premium plugin v21.5 (Yoast SEO v27.4) - https:\/\/yoast.com\/product\/yoast-seo-premium-wordpress\/ -->\n<title>SNI\u017dENO: Carriwell Steznik za trbuh od organskog pamuka, na \u010di\u010dak - be\u017e, S\/M - O\u0160TE\u0106ENA AMBALA\u017dA - NajNaj.eu<\/title>\n<meta name=\"robots\" content=\"index, follow, max-snippet:-1, max-image-preview:large, max-video-preview:-1\" \/>\n<link rel=\"canonical\" href=\"https:\/\/najnaj.eu\/fr\/proizvod\/carriwell-steznik-za-trbuh-od-organskog-pamuka-na-cicak-bez-rasprodaja\/\" \/>\n<meta property=\"og:locale\" content=\"fr_FR\" \/>\n<meta property=\"og:type\" content=\"article\" \/>\n<meta property=\"og:title\" content=\"SNI\u017dENO: Carriwell Steznik za trbuh od organskog pamuka, na \u010di\u010dak - be\u017e, S\/M - O\u0160TE\u0106ENA AMBALA\u017dA\" \/>\n<meta property=\"og:description\" content=\"pru\u017ea potporu i udobnost nakon carskog reza  poma\u017ee u pravilnom dr\u017eanju dok sjedite, stojite i posebno za vrijeme dojenja  smanjuje strije pritezanjem i u\u010dvr\u0161\u0107uje opu\u0161tenu ko\u017eu  Carriwell-ov organski pamuk je nositelj certifikata  Ovom proizvodu je o\u0161te\u0107ena ambala\u017ea tijekom transporta, zbog \u010dega se prodaje po sni\u017eenoj cijeni. Proizvod je nekori\u0161ten.\" \/>\n<meta property=\"og:url\" content=\"https:\/\/najnaj.eu\/fr\/proizvod\/carriwell-steznik-za-trbuh-od-organskog-pamuka-na-cicak-bez-rasprodaja\/\" \/>\n<meta property=\"og:site_name\" content=\"NajNaj.eu\" \/>\n<meta property=\"article:publisher\" content=\"https:\/\/web.facebook.com\/najnaj.eu\/\" \/>\n<meta property=\"article:modified_time\" content=\"2026-04-15T13:53:19+00:00\" \/>\n<meta property=\"og:image\" content=\"https:\/\/najnaj.eu\/wp-content\/uploads\/2020\/04\/1800_Organic-Cotton-Post-Birth-Belly-Binder_Beige_Web_v02.jpg\" \/>\n\t<meta property=\"og:image:width\" content=\"1000\" \/>\n\t<meta property=\"og:image:height\" content=\"1250\" \/>\n\t<meta property=\"og:image:type\" content=\"image\/jpeg\" \/>\n<meta name=\"twitter:card\" content=\"summary_large_image\" \/>\n<meta name=\"twitter:label1\" content=\"Prix\" \/>\n\t<meta name=\"twitter:data1\" content=\"49,77&nbsp;&euro;\" \/>\n\t<meta name=\"twitter:label2\" content=\"Disponibilit\u00e9\" \/>\n\t<meta name=\"twitter:data2\" content=\"En stock\" \/>\n<script type=\"application\/ld+json\" class=\"yoast-schema-graph\">{\"@context\":\"https:\\\/\\\/schema.org\",\"@graph\":[{\"@type\":\"WebPage\",\"@id\":\"https:\\\/\\\/najnaj.eu\\\/fr\\\/proizvod\\\/carriwell-steznik-za-trbuh-od-organskog-pamuka-na-cicak-bez-rasprodaja\\\/\",\"url\":\"https:\\\/\\\/najnaj.eu\\\/fr\\\/proizvod\\\/carriwell-steznik-za-trbuh-od-organskog-pamuka-na-cicak-bez-rasprodaja\\\/\",\"name\":\"SNI\u017dENO: Carriwell Steznik za trbuh od organskog pamuka, na \u010di\u010dak - be\u017e, S\\\/M - O\u0160TE\u0106ENA AMBALA\u017dA - NajNaj.eu\",\"isPartOf\":{\"@id\":\"https:\\\/\\\/najnaj.eu\\\/fr\\\/#website\"},\"primaryImageOfPage\":{\"@id\":\"https:\\\/\\\/najnaj.eu\\\/fr\\\/proizvod\\\/carriwell-steznik-za-trbuh-od-organskog-pamuka-na-cicak-bez-rasprodaja\\\/#primaryimage\"},\"image\":{\"@id\":\"https:\\\/\\\/najnaj.eu\\\/fr\\\/proizvod\\\/carriwell-steznik-za-trbuh-od-organskog-pamuka-na-cicak-bez-rasprodaja\\\/#primaryimage\"},\"thumbnailUrl\":\"https:\\\/\\\/najnaj.eu\\\/wp-content\\\/uploads\\\/2020\\\/04\\\/1800_Organic-Cotton-Post-Birth-Belly-Binder_Beige_Web_v02.jpg\",\"datePublished\":\"2026-02-16T10:26:40+00:00\",\"dateModified\":\"2026-04-15T13:53:19+00:00\",\"breadcrumb\":{\"@id\":\"https:\\\/\\\/najnaj.eu\\\/fr\\\/proizvod\\\/carriwell-steznik-za-trbuh-od-organskog-pamuka-na-cicak-bez-rasprodaja\\\/#breadcrumb\"},\"inLanguage\":\"fr-FR\",\"potentialAction\":[{\"@type\":\"ReadAction\",\"target\":[\"https:\\\/\\\/najnaj.eu\\\/fr\\\/proizvod\\\/carriwell-steznik-za-trbuh-od-organskog-pamuka-na-cicak-bez-rasprodaja\\\/\"]}]},{\"@type\":\"ImageObject\",\"inLanguage\":\"fr-FR\",\"@id\":\"https:\\\/\\\/najnaj.eu\\\/fr\\\/proizvod\\\/carriwell-steznik-za-trbuh-od-organskog-pamuka-na-cicak-bez-rasprodaja\\\/#primaryimage\",\"url\":\"https:\\\/\\\/najnaj.eu\\\/wp-content\\\/uploads\\\/2020\\\/04\\\/1800_Organic-Cotton-Post-Birth-Belly-Binder_Beige_Web_v02.jpg\",\"contentUrl\":\"https:\\\/\\\/najnaj.eu\\\/wp-content\\\/uploads\\\/2020\\\/04\\\/1800_Organic-Cotton-Post-Birth-Belly-Binder_Beige_Web_v02.jpg\",\"width\":1000,\"height\":1250},{\"@type\":\"BreadcrumbList\",\"@id\":\"https:\\\/\\\/najnaj.eu\\\/fr\\\/proizvod\\\/carriwell-steznik-za-trbuh-od-organskog-pamuka-na-cicak-bez-rasprodaja\\\/#breadcrumb\",\"itemListElement\":[{\"@type\":\"ListItem\",\"position\":1,\"name\":\"Po\u010detna stranica\",\"item\":\"https:\\\/\\\/najnaj.eu\\\/fr\\\/\"},{\"@type\":\"ListItem\",\"position\":2,\"name\":\"Trgovina\",\"item\":\"https:\\\/\\\/najnaj.hr\\\/trgovina\\\/\"},{\"@type\":\"ListItem\",\"position\":3,\"name\":\"SNI\u017dENO: Carriwell Steznik za trbuh od organskog pamuka, na \u010di\u010dak &#8211; be\u017e, S\\\/M &#8211; O\u0160TE\u0106ENA AMBALA\u017dA\"}]},{\"@type\":\"WebSite\",\"@id\":\"https:\\\/\\\/najnaj.eu\\\/fr\\\/#website\",\"url\":\"https:\\\/\\\/najnaj.eu\\\/fr\\\/\",\"name\":\"NajNaj.eu\",\"description\":\"Za najva\u017enije!\",\"potentialAction\":[{\"@type\":\"SearchAction\",\"target\":{\"@type\":\"EntryPoint\",\"urlTemplate\":\"https:\\\/\\\/najnaj.eu\\\/fr\\\/?s={search_term_string}\"},\"query-input\":{\"@type\":\"PropertyValueSpecification\",\"valueRequired\":true,\"valueName\":\"search_term_string\"}}],\"inLanguage\":\"fr-FR\"}]}<\/script>\n<meta property=\"product:brand\" content=\"Carriwell\" \/>\n<meta property=\"product:price:amount\" content=\"49.77\" \/>\n<meta property=\"product:price:currency\" content=\"EUR\" \/>\n<meta property=\"og:availability\" content=\"instock\" \/>\n<meta property=\"product:availability\" content=\"instock\" \/>\n<meta property=\"product:retailer_item_id\" content=\"CW181500-ostecena\" \/>\n<meta property=\"product:condition\" content=\"new\" \/>\n<!-- \/ Yoast SEO Premium plugin. -->","yoast_head_json":{"title":"SNI\u017dENO: Carriwell Steznik za trbuh od organskog pamuka, na \u010di\u010dak - be\u017e, S\/M - O\u0160TE\u0106ENA AMBALA\u017dA - NajNaj.eu","robots":{"index":"index","follow":"follow","max-snippet":"max-snippet:-1","max-image-preview":"max-image-preview:large","max-video-preview":"max-video-preview:-1"},"canonical":"https:\/\/najnaj.eu\/fr\/proizvod\/carriwell-steznik-za-trbuh-od-organskog-pamuka-na-cicak-bez-rasprodaja\/","og_locale":"fr_FR","og_type":"article","og_title":"SNI\u017dENO: Carriwell Steznik za trbuh od organskog pamuka, na \u010di\u010dak - be\u017e, S\/M - O\u0160TE\u0106ENA AMBALA\u017dA","og_description":"pru\u017ea potporu i udobnost nakon carskog reza  poma\u017ee u pravilnom dr\u017eanju dok sjedite, stojite i posebno za vrijeme dojenja  smanjuje strije pritezanjem i u\u010dvr\u0161\u0107uje opu\u0161tenu ko\u017eu  Carriwell-ov organski pamuk je nositelj certifikata  Ovom proizvodu je o\u0161te\u0107ena ambala\u017ea tijekom transporta, zbog \u010dega se prodaje po sni\u017eenoj cijeni. Proizvod je nekori\u0161ten.","og_url":"https:\/\/najnaj.eu\/fr\/proizvod\/carriwell-steznik-za-trbuh-od-organskog-pamuka-na-cicak-bez-rasprodaja\/","og_site_name":"NajNaj.eu","article_publisher":"https:\/\/web.facebook.com\/najnaj.eu\/","article_modified_time":"2026-04-15T13:53:19+00:00","og_image":[{"width":1000,"height":1250,"url":"https:\/\/najnaj.eu\/wp-content\/uploads\/2020\/04\/1800_Organic-Cotton-Post-Birth-Belly-Binder_Beige_Web_v02.jpg","type":"image\/jpeg"}],"twitter_card":"summary_large_image","twitter_misc":{"Prix":"49,77&nbsp;&euro;","Disponibilit\u00e9":"En stock"},"schema":{"@context":"https:\/\/schema.org","@graph":[{"@type":"WebPage","@id":"https:\/\/najnaj.eu\/fr\/proizvod\/carriwell-steznik-za-trbuh-od-organskog-pamuka-na-cicak-bez-rasprodaja\/","url":"https:\/\/najnaj.eu\/fr\/proizvod\/carriwell-steznik-za-trbuh-od-organskog-pamuka-na-cicak-bez-rasprodaja\/","name":"SNI\u017dENO: Carriwell Steznik za trbuh od organskog pamuka, na \u010di\u010dak - be\u017e, S\/M - O\u0160TE\u0106ENA AMBALA\u017dA - NajNaj.eu","isPartOf":{"@id":"https:\/\/najnaj.eu\/fr\/#website"},"primaryImageOfPage":{"@id":"https:\/\/najnaj.eu\/fr\/proizvod\/carriwell-steznik-za-trbuh-od-organskog-pamuka-na-cicak-bez-rasprodaja\/#primaryimage"},"image":{"@id":"https:\/\/najnaj.eu\/fr\/proizvod\/carriwell-steznik-za-trbuh-od-organskog-pamuka-na-cicak-bez-rasprodaja\/#primaryimage"},"thumbnailUrl":"https:\/\/najnaj.eu\/wp-content\/uploads\/2020\/04\/1800_Organic-Cotton-Post-Birth-Belly-Binder_Beige_Web_v02.jpg","datePublished":"2026-02-16T10:26:40+00:00","dateModified":"2026-04-15T13:53:19+00:00","breadcrumb":{"@id":"https:\/\/najnaj.eu\/fr\/proizvod\/carriwell-steznik-za-trbuh-od-organskog-pamuka-na-cicak-bez-rasprodaja\/#breadcrumb"},"inLanguage":"fr-FR","potentialAction":[{"@type":"ReadAction","target":["https:\/\/najnaj.eu\/fr\/proizvod\/carriwell-steznik-za-trbuh-od-organskog-pamuka-na-cicak-bez-rasprodaja\/"]}]},{"@type":"ImageObject","inLanguage":"fr-FR","@id":"https:\/\/najnaj.eu\/fr\/proizvod\/carriwell-steznik-za-trbuh-od-organskog-pamuka-na-cicak-bez-rasprodaja\/#primaryimage","url":"https:\/\/najnaj.eu\/wp-content\/uploads\/2020\/04\/1800_Organic-Cotton-Post-Birth-Belly-Binder_Beige_Web_v02.jpg","contentUrl":"https:\/\/najnaj.eu\/wp-content\/uploads\/2020\/04\/1800_Organic-Cotton-Post-Birth-Belly-Binder_Beige_Web_v02.jpg","width":1000,"height":1250},{"@type":"BreadcrumbList","@id":"https:\/\/najnaj.eu\/fr\/proizvod\/carriwell-steznik-za-trbuh-od-organskog-pamuka-na-cicak-bez-rasprodaja\/#breadcrumb","itemListElement":[{"@type":"ListItem","position":1,"name":"Po\u010detna stranica","item":"https:\/\/najnaj.eu\/fr\/"},{"@type":"ListItem","position":2,"name":"Trgovina","item":"https:\/\/najnaj.hr\/trgovina\/"},{"@type":"ListItem","position":3,"name":"SNI\u017dENO: Carriwell Steznik za trbuh od organskog pamuka, na \u010di\u010dak &#8211; be\u017e, S\/M &#8211; O\u0160TE\u0106ENA AMBALA\u017dA"}]},{"@type":"WebSite","@id":"https:\/\/najnaj.eu\/fr\/#website","url":"https:\/\/najnaj.eu\/fr\/","name":"NajNaj.eu","description":"Za najva\u017enije!","potentialAction":[{"@type":"SearchAction","target":{"@type":"EntryPoint","urlTemplate":"https:\/\/najnaj.eu\/fr\/?s={search_term_string}"},"query-input":{"@type":"PropertyValueSpecification","valueRequired":true,"valueName":"search_term_string"}}],"inLanguage":"fr-FR"}]},"product_brand":"Carriwell","product_price_amount":"49.77","product_price_currency":"EUR","og_availability":"instock","product_availability":"instock","product_retailer_item_id":"CW181500-ostecena","product_condition":"new"},"_links":{"self":[{"href":"https:\/\/najnaj.eu\/fr\/wp-json\/wp\/v2\/product\/289855","targetHints":{"allow":["GET"]}}],"collection":[{"href":"https:\/\/najnaj.eu\/fr\/wp-json\/wp\/v2\/product"}],"about":[{"href":"https:\/\/najnaj.eu\/fr\/wp-json\/wp\/v2\/types\/product"}],"replies":[{"embeddable":true,"href":"https:\/\/najnaj.eu\/fr\/wp-json\/wp\/v2\/comments?post=289855"}],"version-history":[{"count":0,"href":"https:\/\/najnaj.eu\/fr\/wp-json\/wp\/v2\/product\/289855\/revisions"}],"wp:featuredmedia":[{"embeddable":true,"href":"https:\/\/najnaj.eu\/fr\/wp-json\/wp\/v2\/media\/300696"}],"wp:attachment":[{"href":"https:\/\/najnaj.eu\/fr\/wp-json\/wp\/v2\/media?parent=289855"}],"wp:term":[{"taxonomy":"product_brand","embeddable":true,"href":"https:\/\/najnaj.eu\/fr\/wp-json\/wp\/v2\/product_brand?post=289855"},{"taxonomy":"product_cat","embeddable":true,"href":"https:\/\/najnaj.eu\/fr\/wp-json\/wp\/v2\/product_cat?post=289855"},{"taxonomy":"product_tag","embeddable":true,"href":"https:\/\/najnaj.eu\/fr\/wp-json\/wp\/v2\/product_tag?post=289855"}],"curies":[{"name":"wp","href":"https:\/\/api.w.org\/{rel}","templated":true}]}}