{"id":287872,"date":"2026-02-03T14:14:21","date_gmt":"2026-02-03T13:14:21","guid":{"rendered":"https:\/\/najnaj.eu\/?post_type=product&#038;p=287872"},"modified":"2026-03-31T12:11:38","modified_gmt":"2026-03-31T10:11:38","slug":"lassig-cas-toaletna-torbica-bordo-lavanda","status":"publish","type":"product","link":"https:\/\/najnaj.eu\/fr\/proizvod\/lassig-cas-toaletna-torbica-bordo-lavanda\/","title":{"rendered":"L\u00e4ssig CAS Toaletna torbica Bordo Lavanda"},"content":{"rendered":"<p>Mobilna jedinica za previjanje: S L\u00c4SSIG-ovom toaletnom torbicom iz kolekcije Casual, roditelji uvijek imaju najva\u017enije stvari za previjanje pri ruci. Elegantna toaletna torbica ne samo da izgleda sjajno na stolu za previjanje, ve\u0107 se mo\u017ee ponijeti posvuda. Bilo da se radi o spu\u0161tanju u dnevni boravak, sljede\u0107em vikend izletu ili prvom no\u0107enju kod rodbine &#8211; prakti\u010dna ko\u0161ara eliminira potrebu za zamornim pakiranjem i raspakiranjem.<\/p>\n<p>U toaletnoj torbici svi predmeti za previjanje pregledno su poslo\u017eeni zahvaljuju\u0107i \u0161irokom otvoru s patentnim zatvara\u010dem i svijetloj podstavi. Dok se predmeti potrebni za previjanje pelena nalaze u glavnom odjeljku s brojnim bo\u010dnim d\u017eepovima i tamo su tako\u0111er pri\u010dvr\u0161\u0107eni elasti\u010dnim trakama, mali predmeti poput \u010darapa, duda i sli\u010dno sigurno su pohranjeni u odjeljku s patentnim zatvara\u010dem na preklopu.<\/p>\n<p>Za spontana putovanja ili putovanja s no\u0107enjem, samo najva\u017enije stvari jo\u0161 uvijek treba spakirati u organizator i spremni ste! Zahvaljuju\u0107i prakti\u010dnoj ru\u010dki za no\u0161enje, Nursery Caddy To Go u tren oka sti\u017ee u automobil i spremni ste za sljede\u0107u avanturu sa svojom bebom.<\/p>\n<p>Prakti\u010dna toaletna torbica za ponijeti dostupna je u raznim trendi dizajnima i mo\u017ee se prati u perilici rublja na 30\u00b0C u programu za nje\u017eno pranje.<\/p>\n","protected":false},"excerpt":{"rendered":"<p>Toaletna torbica nije samo elegantni organizator za pohranu na stolu za previjanje, ve\u0107 i prakti\u010dan suputnik za va\u0161e sljede\u0107e putovanje. U njoj mo\u017eete pametno pohraniti najva\u017enije predmete.<\/p>\n","protected":false},"featured_media":287875,"comment_status":"open","ping_status":"closed","template":"","meta":{"_acf_changed":false,"footnotes":""},"product_brand":[],"product_cat":[676,752,562],"product_tag":[],"class_list":{"0":"post-287872","1":"product","2":"type-product","3":"status-publish","4":"has-post-thumbnail","6":"product_cat-moda","7":"product_cat-toaletne-torbice","8":"product_cat-za-mamu","9":"pa_boja-ljubicasta","10":"pa_brand-lassig","12":"first","13":"instock","14":"purchasable","15":"product-type-simple"},"bundled_by":[],"bundle_stock_status":"instock","bundle_stock_quantity":15,"bundle_virtual":false,"bundle_layout":"","bundle_add_to_cart_form_location":"","bundle_editable_in_cart":false,"bundle_sold_individually_context":"","bundle_item_grouping":"","bundle_min_size":"","bundle_max_size":"","bundle_price":[],"bundled_items":[],"bundle_sell_ids":[],"acf":[],"yoast_head":"<!-- This site is optimized with the Yoast SEO Premium plugin v21.5 (Yoast SEO v27.4) - https:\/\/yoast.com\/product\/yoast-seo-premium-wordpress\/ -->\n<title>L\u00e4ssig CAS Toaletna torbica Bordo Lavanda - NajNaj.eu<\/title>\n<meta name=\"robots\" content=\"index, follow, max-snippet:-1, max-image-preview:large, max-video-preview:-1\" \/>\n<link rel=\"canonical\" href=\"https:\/\/najnaj.eu\/fr\/proizvod\/lassig-cas-toaletna-torbica-bordo-lavanda\/\" \/>\n<meta property=\"og:locale\" content=\"fr_FR\" \/>\n<meta property=\"og:type\" content=\"article\" \/>\n<meta property=\"og:title\" content=\"L\u00e4ssig CAS Toaletna torbica Bordo Lavanda\" \/>\n<meta property=\"og:description\" content=\"Toaletna torbica nije samo elegantni organizator za pohranu na stolu za previjanje, ve\u0107 i prakti\u010dan suputnik za va\u0161e sljede\u0107e putovanje. U njoj mo\u017eete pametno pohraniti najva\u017enije predmete.\" \/>\n<meta property=\"og:url\" content=\"https:\/\/najnaj.eu\/fr\/proizvod\/lassig-cas-toaletna-torbica-bordo-lavanda\/\" \/>\n<meta property=\"og:site_name\" content=\"NajNaj.eu\" \/>\n<meta property=\"article:publisher\" content=\"https:\/\/web.facebook.com\/najnaj.eu\/\" \/>\n<meta property=\"article:modified_time\" content=\"2026-03-31T10:11:38+00:00\" \/>\n<meta property=\"og:image\" content=\"https:\/\/najnaj.eu\/wp-content\/uploads\/2026\/02\/CAS_F23_1106018656_P_1.jpg\" \/>\n\t<meta property=\"og:image:width\" content=\"2000\" \/>\n\t<meta property=\"og:image:height\" content=\"2000\" \/>\n\t<meta property=\"og:image:type\" content=\"image\/jpeg\" \/>\n<meta name=\"twitter:card\" content=\"summary_large_image\" \/>\n<meta name=\"twitter:label1\" content=\"Prix\" \/>\n\t<meta name=\"twitter:data1\" content=\"29,95&nbsp;&euro;\" \/>\n\t<meta name=\"twitter:label2\" content=\"Disponibilit\u00e9\" \/>\n\t<meta name=\"twitter:data2\" content=\"En stock\" \/>\n<script type=\"application\/ld+json\" class=\"yoast-schema-graph\">{\"@context\":\"https:\\\/\\\/schema.org\",\"@graph\":[{\"@type\":\"WebPage\",\"@id\":\"https:\\\/\\\/najnaj.eu\\\/fr\\\/proizvod\\\/lassig-cas-toaletna-torbica-bordo-lavanda\\\/\",\"url\":\"https:\\\/\\\/najnaj.eu\\\/fr\\\/proizvod\\\/lassig-cas-toaletna-torbica-bordo-lavanda\\\/\",\"name\":\"L\u00e4ssig CAS Toaletna torbica Bordo Lavanda - NajNaj.eu\",\"isPartOf\":{\"@id\":\"https:\\\/\\\/najnaj.eu\\\/fr\\\/#website\"},\"primaryImageOfPage\":{\"@id\":\"https:\\\/\\\/najnaj.eu\\\/fr\\\/proizvod\\\/lassig-cas-toaletna-torbica-bordo-lavanda\\\/#primaryimage\"},\"image\":{\"@id\":\"https:\\\/\\\/najnaj.eu\\\/fr\\\/proizvod\\\/lassig-cas-toaletna-torbica-bordo-lavanda\\\/#primaryimage\"},\"thumbnailUrl\":\"https:\\\/\\\/najnaj.eu\\\/wp-content\\\/uploads\\\/2026\\\/02\\\/CAS_F23_1106018656_P_1.jpg\",\"datePublished\":\"2026-02-03T13:14:21+00:00\",\"dateModified\":\"2026-03-31T10:11:38+00:00\",\"breadcrumb\":{\"@id\":\"https:\\\/\\\/najnaj.eu\\\/fr\\\/proizvod\\\/lassig-cas-toaletna-torbica-bordo-lavanda\\\/#breadcrumb\"},\"inLanguage\":\"fr-FR\",\"potentialAction\":[{\"@type\":\"ReadAction\",\"target\":[\"https:\\\/\\\/najnaj.eu\\\/fr\\\/proizvod\\\/lassig-cas-toaletna-torbica-bordo-lavanda\\\/\"]}]},{\"@type\":\"ImageObject\",\"inLanguage\":\"fr-FR\",\"@id\":\"https:\\\/\\\/najnaj.eu\\\/fr\\\/proizvod\\\/lassig-cas-toaletna-torbica-bordo-lavanda\\\/#primaryimage\",\"url\":\"https:\\\/\\\/najnaj.eu\\\/wp-content\\\/uploads\\\/2026\\\/02\\\/CAS_F23_1106018656_P_1.jpg\",\"contentUrl\":\"https:\\\/\\\/najnaj.eu\\\/wp-content\\\/uploads\\\/2026\\\/02\\\/CAS_F23_1106018656_P_1.jpg\",\"width\":2000,\"height\":2000},{\"@type\":\"BreadcrumbList\",\"@id\":\"https:\\\/\\\/najnaj.eu\\\/fr\\\/proizvod\\\/lassig-cas-toaletna-torbica-bordo-lavanda\\\/#breadcrumb\",\"itemListElement\":[{\"@type\":\"ListItem\",\"position\":1,\"name\":\"Po\u010detna stranica\",\"item\":\"https:\\\/\\\/najnaj.eu\\\/fr\\\/\"},{\"@type\":\"ListItem\",\"position\":2,\"name\":\"Trgovina\",\"item\":\"https:\\\/\\\/najnaj.hr\\\/trgovina\\\/\"},{\"@type\":\"ListItem\",\"position\":3,\"name\":\"L\u00e4ssig CAS Toaletna torbica Bordo Lavanda\"}]},{\"@type\":\"WebSite\",\"@id\":\"https:\\\/\\\/najnaj.eu\\\/fr\\\/#website\",\"url\":\"https:\\\/\\\/najnaj.eu\\\/fr\\\/\",\"name\":\"NajNaj.eu\",\"description\":\"Za najva\u017enije!\",\"potentialAction\":[{\"@type\":\"SearchAction\",\"target\":{\"@type\":\"EntryPoint\",\"urlTemplate\":\"https:\\\/\\\/najnaj.eu\\\/fr\\\/?s={search_term_string}\"},\"query-input\":{\"@type\":\"PropertyValueSpecification\",\"valueRequired\":true,\"valueName\":\"search_term_string\"}}],\"inLanguage\":\"fr-FR\"}]}<\/script>\n<meta property=\"product:brand\" content=\"L\u00e4ssig\" \/>\n<meta property=\"product:price:amount\" content=\"29.95\" \/>\n<meta property=\"product:price:currency\" content=\"EUR\" \/>\n<meta property=\"og:availability\" content=\"instock\" \/>\n<meta property=\"product:availability\" content=\"instock\" \/>\n<meta property=\"product:retailer_item_id\" content=\"1106018656\" \/>\n<meta property=\"product:condition\" content=\"new\" \/>\n<!-- \/ Yoast SEO Premium plugin. -->","yoast_head_json":{"title":"L\u00e4ssig CAS Toaletna torbica Bordo Lavanda - NajNaj.eu","robots":{"index":"index","follow":"follow","max-snippet":"max-snippet:-1","max-image-preview":"max-image-preview:large","max-video-preview":"max-video-preview:-1"},"canonical":"https:\/\/najnaj.eu\/fr\/proizvod\/lassig-cas-toaletna-torbica-bordo-lavanda\/","og_locale":"fr_FR","og_type":"article","og_title":"L\u00e4ssig CAS Toaletna torbica Bordo Lavanda","og_description":"Toaletna torbica nije samo elegantni organizator za pohranu na stolu za previjanje, ve\u0107 i prakti\u010dan suputnik za va\u0161e sljede\u0107e putovanje. U njoj mo\u017eete pametno pohraniti najva\u017enije predmete.","og_url":"https:\/\/najnaj.eu\/fr\/proizvod\/lassig-cas-toaletna-torbica-bordo-lavanda\/","og_site_name":"NajNaj.eu","article_publisher":"https:\/\/web.facebook.com\/najnaj.eu\/","article_modified_time":"2026-03-31T10:11:38+00:00","og_image":[{"width":2000,"height":2000,"url":"https:\/\/najnaj.eu\/wp-content\/uploads\/2026\/02\/CAS_F23_1106018656_P_1.jpg","type":"image\/jpeg"}],"twitter_card":"summary_large_image","twitter_misc":{"Prix":"29,95&nbsp;&euro;","Disponibilit\u00e9":"En stock"},"schema":{"@context":"https:\/\/schema.org","@graph":[{"@type":"WebPage","@id":"https:\/\/najnaj.eu\/fr\/proizvod\/lassig-cas-toaletna-torbica-bordo-lavanda\/","url":"https:\/\/najnaj.eu\/fr\/proizvod\/lassig-cas-toaletna-torbica-bordo-lavanda\/","name":"L\u00e4ssig CAS Toaletna torbica Bordo Lavanda - NajNaj.eu","isPartOf":{"@id":"https:\/\/najnaj.eu\/fr\/#website"},"primaryImageOfPage":{"@id":"https:\/\/najnaj.eu\/fr\/proizvod\/lassig-cas-toaletna-torbica-bordo-lavanda\/#primaryimage"},"image":{"@id":"https:\/\/najnaj.eu\/fr\/proizvod\/lassig-cas-toaletna-torbica-bordo-lavanda\/#primaryimage"},"thumbnailUrl":"https:\/\/najnaj.eu\/wp-content\/uploads\/2026\/02\/CAS_F23_1106018656_P_1.jpg","datePublished":"2026-02-03T13:14:21+00:00","dateModified":"2026-03-31T10:11:38+00:00","breadcrumb":{"@id":"https:\/\/najnaj.eu\/fr\/proizvod\/lassig-cas-toaletna-torbica-bordo-lavanda\/#breadcrumb"},"inLanguage":"fr-FR","potentialAction":[{"@type":"ReadAction","target":["https:\/\/najnaj.eu\/fr\/proizvod\/lassig-cas-toaletna-torbica-bordo-lavanda\/"]}]},{"@type":"ImageObject","inLanguage":"fr-FR","@id":"https:\/\/najnaj.eu\/fr\/proizvod\/lassig-cas-toaletna-torbica-bordo-lavanda\/#primaryimage","url":"https:\/\/najnaj.eu\/wp-content\/uploads\/2026\/02\/CAS_F23_1106018656_P_1.jpg","contentUrl":"https:\/\/najnaj.eu\/wp-content\/uploads\/2026\/02\/CAS_F23_1106018656_P_1.jpg","width":2000,"height":2000},{"@type":"BreadcrumbList","@id":"https:\/\/najnaj.eu\/fr\/proizvod\/lassig-cas-toaletna-torbica-bordo-lavanda\/#breadcrumb","itemListElement":[{"@type":"ListItem","position":1,"name":"Po\u010detna stranica","item":"https:\/\/najnaj.eu\/fr\/"},{"@type":"ListItem","position":2,"name":"Trgovina","item":"https:\/\/najnaj.hr\/trgovina\/"},{"@type":"ListItem","position":3,"name":"L\u00e4ssig CAS Toaletna torbica Bordo Lavanda"}]},{"@type":"WebSite","@id":"https:\/\/najnaj.eu\/fr\/#website","url":"https:\/\/najnaj.eu\/fr\/","name":"NajNaj.eu","description":"Za najva\u017enije!","potentialAction":[{"@type":"SearchAction","target":{"@type":"EntryPoint","urlTemplate":"https:\/\/najnaj.eu\/fr\/?s={search_term_string}"},"query-input":{"@type":"PropertyValueSpecification","valueRequired":true,"valueName":"search_term_string"}}],"inLanguage":"fr-FR"}]},"product_brand":"L\u00e4ssig","product_price_amount":"29.95","product_price_currency":"EUR","og_availability":"instock","product_availability":"instock","product_retailer_item_id":"1106018656","product_condition":"new"},"_links":{"self":[{"href":"https:\/\/najnaj.eu\/fr\/wp-json\/wp\/v2\/product\/287872","targetHints":{"allow":["GET"]}}],"collection":[{"href":"https:\/\/najnaj.eu\/fr\/wp-json\/wp\/v2\/product"}],"about":[{"href":"https:\/\/najnaj.eu\/fr\/wp-json\/wp\/v2\/types\/product"}],"replies":[{"embeddable":true,"href":"https:\/\/najnaj.eu\/fr\/wp-json\/wp\/v2\/comments?post=287872"}],"version-history":[{"count":0,"href":"https:\/\/najnaj.eu\/fr\/wp-json\/wp\/v2\/product\/287872\/revisions"}],"wp:featuredmedia":[{"embeddable":true,"href":"https:\/\/najnaj.eu\/fr\/wp-json\/wp\/v2\/media\/287875"}],"wp:attachment":[{"href":"https:\/\/najnaj.eu\/fr\/wp-json\/wp\/v2\/media?parent=287872"}],"wp:term":[{"taxonomy":"product_brand","embeddable":true,"href":"https:\/\/najnaj.eu\/fr\/wp-json\/wp\/v2\/product_brand?post=287872"},{"taxonomy":"product_cat","embeddable":true,"href":"https:\/\/najnaj.eu\/fr\/wp-json\/wp\/v2\/product_cat?post=287872"},{"taxonomy":"product_tag","embeddable":true,"href":"https:\/\/najnaj.eu\/fr\/wp-json\/wp\/v2\/product_tag?post=287872"}],"curies":[{"name":"wp","href":"https:\/\/api.w.org\/{rel}","templated":true}]}}