{"id":287836,"date":"2026-02-04T12:47:56","date_gmt":"2026-02-04T11:47:56","guid":{"rendered":"https:\/\/najnaj.eu\/?post_type=product&#038;p=287836"},"modified":"2026-02-06T15:52:18","modified_gmt":"2026-02-06T14:52:18","slug":"lassig-tiny-team-ruksak-pas","status":"publish","type":"product","link":"https:\/\/najnaj.eu\/fr\/proizvod\/lassig-tiny-team-ruksak-pas\/","title":{"rendered":"L\u00e4ssig Tiny Team Ruksak Pas"},"content":{"rendered":"<p>Dobrodo\u0161li u L\u00c4SSIG Funclub! Ovdje se zabava, kretanje i timski duh spajaju u veselim stilovima spremnim za svaku avanturu. Dje\u010dji ruksak Tiny Team odli\u010dan je pratitelj za djecu od 3 godine i vi\u0161e. S razigranim detaljima i veselim dizajnom, postaje vjeran pratitelj od prvog dana.<\/p>\n<p>Posebne zna\u010dajke:<br \/>\n&#8211; izgled mekanog flisa<br \/>\n&#8211; idealan prvi ruksak za vrti\u0107<br \/>\n&#8211; veliki glavni pretinac<br \/>\n&#8211; unutarnji dr\u017ea\u010d za bo\u010dicu<br \/>\n&#8211; podesiv, podstavljene naramenice, prsni remeni, plus podstavljena stra\u017enja strana<br \/>\n&#8211; oznaka s imenom za jednostavnu identifikaciju<br \/>\n&#8211; perivo na 30\u00b0C u programu za nje\u017eno pranje<\/p>\n<p>Ruksak Tiny Team savr\u0161eno nadopunjuje ostale dje\u010dje proizvode iz kolekcije Tiny Team i postaje pouzdan svakodnevni pratitelj.<\/p>\n","protected":false},"excerpt":{"rendered":"<p>Dje\u010dji ruksak iz kolekcije Tiny Team, kapaciteta 3,5 litara, savr\u0161en je za djecu od 3 godine i vi\u0161e. Veseli dizajni i promi\u0161ljeni detalji \u010dine ga pouzdanim svakodnevnim suputnikom.<\/p>\n","protected":false},"featured_media":287839,"comment_status":"open","ping_status":"closed","template":"","meta":{"_acf_changed":false,"footnotes":""},"product_brand":[],"product_cat":[663,318],"product_tag":[],"class_list":{"0":"post-287836","1":"product","2":"type-product","3":"status-publish","4":"has-post-thumbnail","6":"product_cat-djecji-ruksaci","7":"product_cat-proizvodi","8":"pa_boja-smeda","9":"pa_brand-lassig","10":"pa_omiljeno-omiljeno-djecacima","11":"pa_omiljeno-omiljeno-djevojcicama","13":"first","14":"instock","15":"shipping-taxable","16":"purchasable","17":"product-type-simple"},"bundled_by":[],"bundle_stock_status":"instock","bundle_stock_quantity":15,"bundle_virtual":false,"bundle_layout":"","bundle_add_to_cart_form_location":"","bundle_editable_in_cart":false,"bundle_sold_individually_context":"","bundle_item_grouping":"","bundle_min_size":"","bundle_max_size":"","bundle_price":[],"bundled_items":[],"bundle_sell_ids":[],"acf":[],"yoast_head":"<!-- This site is optimized with the Yoast SEO Premium plugin v21.5 (Yoast SEO v27.4) - https:\/\/yoast.com\/product\/yoast-seo-premium-wordpress\/ -->\n<title>L\u00e4ssig Tiny Team Ruksak Pas - NajNaj.eu<\/title>\n<meta name=\"robots\" content=\"index, follow, max-snippet:-1, max-image-preview:large, max-video-preview:-1\" \/>\n<link rel=\"canonical\" href=\"https:\/\/najnaj.eu\/fr\/proizvod\/lassig-tiny-team-ruksak-pas\/\" \/>\n<meta property=\"og:locale\" content=\"fr_FR\" \/>\n<meta property=\"og:type\" content=\"article\" \/>\n<meta property=\"og:title\" content=\"L\u00e4ssig Tiny Team Ruksak Pas\" \/>\n<meta property=\"og:description\" content=\"Dje\u010dji ruksak iz kolekcije Tiny Team, kapaciteta 3,5 litara, savr\u0161en je za djecu od 3 godine i vi\u0161e. Veseli dizajni i promi\u0161ljeni detalji \u010dine ga pouzdanim svakodnevnim suputnikom.\" \/>\n<meta property=\"og:url\" content=\"https:\/\/najnaj.eu\/fr\/proizvod\/lassig-tiny-team-ruksak-pas\/\" \/>\n<meta property=\"og:site_name\" content=\"NajNaj.eu\" \/>\n<meta property=\"article:publisher\" content=\"https:\/\/web.facebook.com\/najnaj.eu\/\" \/>\n<meta property=\"article:modified_time\" content=\"2026-02-06T14:52:18+00:00\" \/>\n<meta property=\"og:image\" content=\"https:\/\/najnaj.eu\/wp-content\/uploads\/2026\/02\/KID_A25_12030565025_P_1.jpg\" \/>\n\t<meta property=\"og:image:width\" content=\"2000\" \/>\n\t<meta property=\"og:image:height\" content=\"2000\" \/>\n\t<meta property=\"og:image:type\" content=\"image\/jpeg\" \/>\n<meta name=\"twitter:card\" content=\"summary_large_image\" \/>\n<meta name=\"twitter:label1\" content=\"Prix\" \/>\n\t<meta name=\"twitter:data1\" content=\"29,95&nbsp;&euro;\" \/>\n\t<meta name=\"twitter:label2\" content=\"Disponibilit\u00e9\" \/>\n\t<meta name=\"twitter:data2\" content=\"En stock\" \/>\n<script type=\"application\/ld+json\" class=\"yoast-schema-graph\">{\"@context\":\"https:\\\/\\\/schema.org\",\"@graph\":[{\"@type\":\"WebPage\",\"@id\":\"https:\\\/\\\/najnaj.eu\\\/fr\\\/proizvod\\\/lassig-tiny-team-ruksak-pas\\\/\",\"url\":\"https:\\\/\\\/najnaj.eu\\\/fr\\\/proizvod\\\/lassig-tiny-team-ruksak-pas\\\/\",\"name\":\"L\u00e4ssig Tiny Team Ruksak Pas - NajNaj.eu\",\"isPartOf\":{\"@id\":\"https:\\\/\\\/najnaj.eu\\\/fr\\\/#website\"},\"primaryImageOfPage\":{\"@id\":\"https:\\\/\\\/najnaj.eu\\\/fr\\\/proizvod\\\/lassig-tiny-team-ruksak-pas\\\/#primaryimage\"},\"image\":{\"@id\":\"https:\\\/\\\/najnaj.eu\\\/fr\\\/proizvod\\\/lassig-tiny-team-ruksak-pas\\\/#primaryimage\"},\"thumbnailUrl\":\"https:\\\/\\\/najnaj.eu\\\/wp-content\\\/uploads\\\/2026\\\/02\\\/KID_A25_12030565025_P_1.jpg\",\"datePublished\":\"2026-02-04T11:47:56+00:00\",\"dateModified\":\"2026-02-06T14:52:18+00:00\",\"breadcrumb\":{\"@id\":\"https:\\\/\\\/najnaj.eu\\\/fr\\\/proizvod\\\/lassig-tiny-team-ruksak-pas\\\/#breadcrumb\"},\"inLanguage\":\"fr-FR\",\"potentialAction\":[{\"@type\":\"ReadAction\",\"target\":[\"https:\\\/\\\/najnaj.eu\\\/fr\\\/proizvod\\\/lassig-tiny-team-ruksak-pas\\\/\"]}]},{\"@type\":\"ImageObject\",\"inLanguage\":\"fr-FR\",\"@id\":\"https:\\\/\\\/najnaj.eu\\\/fr\\\/proizvod\\\/lassig-tiny-team-ruksak-pas\\\/#primaryimage\",\"url\":\"https:\\\/\\\/najnaj.eu\\\/wp-content\\\/uploads\\\/2026\\\/02\\\/KID_A25_12030565025_P_1.jpg\",\"contentUrl\":\"https:\\\/\\\/najnaj.eu\\\/wp-content\\\/uploads\\\/2026\\\/02\\\/KID_A25_12030565025_P_1.jpg\",\"width\":2000,\"height\":2000},{\"@type\":\"BreadcrumbList\",\"@id\":\"https:\\\/\\\/najnaj.eu\\\/fr\\\/proizvod\\\/lassig-tiny-team-ruksak-pas\\\/#breadcrumb\",\"itemListElement\":[{\"@type\":\"ListItem\",\"position\":1,\"name\":\"Po\u010detna stranica\",\"item\":\"https:\\\/\\\/najnaj.eu\\\/fr\\\/\"},{\"@type\":\"ListItem\",\"position\":2,\"name\":\"Trgovina\",\"item\":\"https:\\\/\\\/najnaj.hr\\\/trgovina\\\/\"},{\"@type\":\"ListItem\",\"position\":3,\"name\":\"L\u00e4ssig Tiny Team Ruksak Pas\"}]},{\"@type\":\"WebSite\",\"@id\":\"https:\\\/\\\/najnaj.eu\\\/fr\\\/#website\",\"url\":\"https:\\\/\\\/najnaj.eu\\\/fr\\\/\",\"name\":\"NajNaj.eu\",\"description\":\"Za najva\u017enije!\",\"potentialAction\":[{\"@type\":\"SearchAction\",\"target\":{\"@type\":\"EntryPoint\",\"urlTemplate\":\"https:\\\/\\\/najnaj.eu\\\/fr\\\/?s={search_term_string}\"},\"query-input\":{\"@type\":\"PropertyValueSpecification\",\"valueRequired\":true,\"valueName\":\"search_term_string\"}}],\"inLanguage\":\"fr-FR\"}]}<\/script>\n<meta property=\"product:brand\" content=\"L\u00e4ssig\" \/>\n<meta property=\"product:price:amount\" content=\"29.95\" \/>\n<meta property=\"product:price:currency\" content=\"EUR\" \/>\n<meta property=\"og:availability\" content=\"instock\" \/>\n<meta property=\"product:availability\" content=\"instock\" \/>\n<meta property=\"product:retailer_item_id\" content=\"12030565025\" \/>\n<meta property=\"product:condition\" content=\"new\" \/>\n<!-- \/ Yoast SEO Premium plugin. -->","yoast_head_json":{"title":"L\u00e4ssig Tiny Team Ruksak Pas - NajNaj.eu","robots":{"index":"index","follow":"follow","max-snippet":"max-snippet:-1","max-image-preview":"max-image-preview:large","max-video-preview":"max-video-preview:-1"},"canonical":"https:\/\/najnaj.eu\/fr\/proizvod\/lassig-tiny-team-ruksak-pas\/","og_locale":"fr_FR","og_type":"article","og_title":"L\u00e4ssig Tiny Team Ruksak Pas","og_description":"Dje\u010dji ruksak iz kolekcije Tiny Team, kapaciteta 3,5 litara, savr\u0161en je za djecu od 3 godine i vi\u0161e. Veseli dizajni i promi\u0161ljeni detalji \u010dine ga pouzdanim svakodnevnim suputnikom.","og_url":"https:\/\/najnaj.eu\/fr\/proizvod\/lassig-tiny-team-ruksak-pas\/","og_site_name":"NajNaj.eu","article_publisher":"https:\/\/web.facebook.com\/najnaj.eu\/","article_modified_time":"2026-02-06T14:52:18+00:00","og_image":[{"width":2000,"height":2000,"url":"https:\/\/najnaj.eu\/wp-content\/uploads\/2026\/02\/KID_A25_12030565025_P_1.jpg","type":"image\/jpeg"}],"twitter_card":"summary_large_image","twitter_misc":{"Prix":"29,95&nbsp;&euro;","Disponibilit\u00e9":"En stock"},"schema":{"@context":"https:\/\/schema.org","@graph":[{"@type":"WebPage","@id":"https:\/\/najnaj.eu\/fr\/proizvod\/lassig-tiny-team-ruksak-pas\/","url":"https:\/\/najnaj.eu\/fr\/proizvod\/lassig-tiny-team-ruksak-pas\/","name":"L\u00e4ssig Tiny Team Ruksak Pas - NajNaj.eu","isPartOf":{"@id":"https:\/\/najnaj.eu\/fr\/#website"},"primaryImageOfPage":{"@id":"https:\/\/najnaj.eu\/fr\/proizvod\/lassig-tiny-team-ruksak-pas\/#primaryimage"},"image":{"@id":"https:\/\/najnaj.eu\/fr\/proizvod\/lassig-tiny-team-ruksak-pas\/#primaryimage"},"thumbnailUrl":"https:\/\/najnaj.eu\/wp-content\/uploads\/2026\/02\/KID_A25_12030565025_P_1.jpg","datePublished":"2026-02-04T11:47:56+00:00","dateModified":"2026-02-06T14:52:18+00:00","breadcrumb":{"@id":"https:\/\/najnaj.eu\/fr\/proizvod\/lassig-tiny-team-ruksak-pas\/#breadcrumb"},"inLanguage":"fr-FR","potentialAction":[{"@type":"ReadAction","target":["https:\/\/najnaj.eu\/fr\/proizvod\/lassig-tiny-team-ruksak-pas\/"]}]},{"@type":"ImageObject","inLanguage":"fr-FR","@id":"https:\/\/najnaj.eu\/fr\/proizvod\/lassig-tiny-team-ruksak-pas\/#primaryimage","url":"https:\/\/najnaj.eu\/wp-content\/uploads\/2026\/02\/KID_A25_12030565025_P_1.jpg","contentUrl":"https:\/\/najnaj.eu\/wp-content\/uploads\/2026\/02\/KID_A25_12030565025_P_1.jpg","width":2000,"height":2000},{"@type":"BreadcrumbList","@id":"https:\/\/najnaj.eu\/fr\/proizvod\/lassig-tiny-team-ruksak-pas\/#breadcrumb","itemListElement":[{"@type":"ListItem","position":1,"name":"Po\u010detna stranica","item":"https:\/\/najnaj.eu\/fr\/"},{"@type":"ListItem","position":2,"name":"Trgovina","item":"https:\/\/najnaj.hr\/trgovina\/"},{"@type":"ListItem","position":3,"name":"L\u00e4ssig Tiny Team Ruksak Pas"}]},{"@type":"WebSite","@id":"https:\/\/najnaj.eu\/fr\/#website","url":"https:\/\/najnaj.eu\/fr\/","name":"NajNaj.eu","description":"Za najva\u017enije!","potentialAction":[{"@type":"SearchAction","target":{"@type":"EntryPoint","urlTemplate":"https:\/\/najnaj.eu\/fr\/?s={search_term_string}"},"query-input":{"@type":"PropertyValueSpecification","valueRequired":true,"valueName":"search_term_string"}}],"inLanguage":"fr-FR"}]},"product_brand":"L\u00e4ssig","product_price_amount":"29.95","product_price_currency":"EUR","og_availability":"instock","product_availability":"instock","product_retailer_item_id":"12030565025","product_condition":"new"},"_links":{"self":[{"href":"https:\/\/najnaj.eu\/fr\/wp-json\/wp\/v2\/product\/287836","targetHints":{"allow":["GET"]}}],"collection":[{"href":"https:\/\/najnaj.eu\/fr\/wp-json\/wp\/v2\/product"}],"about":[{"href":"https:\/\/najnaj.eu\/fr\/wp-json\/wp\/v2\/types\/product"}],"replies":[{"embeddable":true,"href":"https:\/\/najnaj.eu\/fr\/wp-json\/wp\/v2\/comments?post=287836"}],"version-history":[{"count":0,"href":"https:\/\/najnaj.eu\/fr\/wp-json\/wp\/v2\/product\/287836\/revisions"}],"wp:featuredmedia":[{"embeddable":true,"href":"https:\/\/najnaj.eu\/fr\/wp-json\/wp\/v2\/media\/287839"}],"wp:attachment":[{"href":"https:\/\/najnaj.eu\/fr\/wp-json\/wp\/v2\/media?parent=287836"}],"wp:term":[{"taxonomy":"product_brand","embeddable":true,"href":"https:\/\/najnaj.eu\/fr\/wp-json\/wp\/v2\/product_brand?post=287836"},{"taxonomy":"product_cat","embeddable":true,"href":"https:\/\/najnaj.eu\/fr\/wp-json\/wp\/v2\/product_cat?post=287836"},{"taxonomy":"product_tag","embeddable":true,"href":"https:\/\/najnaj.eu\/fr\/wp-json\/wp\/v2\/product_tag?post=287836"}],"curies":[{"name":"wp","href":"https:\/\/api.w.org\/{rel}","templated":true}]}}