{"id":285263,"date":"2026-01-16T10:01:37","date_gmt":"2026-01-16T09:01:37","guid":{"rendered":"https:\/\/najnaj.eu\/?post_type=product&#038;p=285263"},"modified":"2026-03-17T09:38:57","modified_gmt":"2026-03-17T08:38:57","slug":"ergobaby-metro-3-kosara-za-novorodence","status":"publish","type":"product","link":"https:\/\/najnaj.eu\/fr\/proizvod\/ergobaby-metro-3-kosara-za-novorodence\/","title":{"rendered":"Ergobaby Metro 3 ko\u0161ara za novoro\u0111en\u010de"},"content":{"rendered":"<p><strong>Blizina roditelja od prvog dana<\/strong><\/p>\n<p>Sigurno i udobno mjesto okrenuto prema roditelju pru\u017ea povezanost s novoro\u0111en\u010detom, omogu\u0107uju\u0107i mir i ja\u010danje veze od prvog dana.<\/p>\n<p><strong>Jednostavne promjene polo\u017eaja<\/strong><\/p>\n<p>Lagana (2,85 kg) i jednostavna za rukovanje, ko\u0161ara se brzo pri\u010dvr\u0161\u0107uje i uklanja, omogu\u0107uju\u0107i lagan prijelaz s kolica u ruke i natrag.<\/p>\n<p><strong>Udobnost u pokretu<\/strong><\/p>\n<p>Mekana, oblo\u017eena unutra\u0161njost s potpuno ravnim le\u017eajem nudi ugodno i potporno mjesto za odmor tijekom svakodnevnih \u0161etnji i izleta.<\/p>\n<p><strong>Spremna za svaku situaciju<\/strong><\/p>\n<p>Postavlja se na Metro 3 kolica pomo\u0107u <a href=\"https:\/\/najnaj.eu\/proizvod\/metro-3-adapteri-za-autosjedalicu\/\" target=\"_blank\" rel=\"noopener\">Metro 3 adaptera<\/a> (kupuju se odvojeno) \u2013 jednostavne promjene izme\u0111u ko\u0161are i autosjedalice za maksimalnu prakti\u010dnost na svakom putovanju.<\/p>\n<p><strong>Fleksibilna monta\u017ea:<\/strong> ko\u0161ara se mo\u017ee postaviti <strong>sa ili bez sjede\u0107eg dijela<\/strong> na kolicima.<\/p>\n","protected":false},"excerpt":{"rendered":"<p>Ko\u0161ara za novoro\u0111en\u010de pru\u017ea sigurno i udobno mjesto za bebu, okrenuto prema roditelju &#8211; idealno za svakodnevne \u0161etnje i kratke izlete.<\/p>\n<p>Lagana i jednostavna za pri\u010dvr\u0161\u0107ivanje, lako se prebacuje s kolica u ruke, \u0161to je \u010dini prakti\u010dnom, uz u\u017eivanje u \u0161etnjama ili mirne trenutke u pokretu.<\/p>\n<p>&#8211; od ro\u0111enja do 6 mjeseci (do 9 kg)<br \/>\n&#8211; kori\u0161tenje uz <a href=\"https:\/\/najnaj.eu\/proizvod\/metro-3-adapteri-za-autosjedalicu\/\" target=\"_blank\" rel=\"noopener\">Metro 3 adaptere<\/a> (kupuju se zasebno)<br \/>\n&#8211; kompatibilna s Metro 3 i Metro 3 Deluxe modelima<br \/>\n&#8211; sklopiva<\/p>\n","protected":false},"featured_media":285333,"comment_status":"closed","ping_status":"closed","template":"","meta":{"_acf_changed":false,"footnotes":""},"product_brand":[],"product_cat":[552,609,649,1677],"product_tag":[],"class_list":{"0":"post-285263","1":"product","2":"type-product","3":"status-publish","4":"has-post-thumbnail","6":"product_cat-dodaci-za-kolica","7":"product_cat-kompaktna-kolica","8":"product_cat-ostalo","9":"product_cat-prijenosna-kosara","10":"pa_brand-ergobaby","12":"first","13":"instock","14":"shipping-taxable","15":"purchasable","16":"product-type-simple"},"bundled_by":[],"bundle_stock_status":"instock","bundle_stock_quantity":15,"bundle_virtual":false,"bundle_layout":"","bundle_add_to_cart_form_location":"","bundle_editable_in_cart":false,"bundle_sold_individually_context":"","bundle_item_grouping":"","bundle_min_size":"","bundle_max_size":"","bundle_price":[],"bundled_items":[],"bundle_sell_ids":[],"acf":[],"yoast_head":"<!-- This site is optimized with the Yoast SEO Premium plugin v21.5 (Yoast SEO v27.4) - https:\/\/yoast.com\/product\/yoast-seo-premium-wordpress\/ -->\n<title>Ergobaby Metro 3 ko\u0161ara za novoro\u0111en\u010de - NajNaj.eu<\/title>\n<meta name=\"description\" content=\"Ko\u0161ara za novoro\u0111en\u010de pru\u017ea maksimalnu udobnost i sigurnost od prvog dana. Lagana, sklopiva i jednostavno se postavlja na Metro 3 i Metro 3 Deluxe kolica.\" \/>\n<meta name=\"robots\" content=\"index, follow, max-snippet:-1, max-image-preview:large, max-video-preview:-1\" \/>\n<link rel=\"canonical\" href=\"https:\/\/najnaj.eu\/fr\/proizvod\/ergobaby-metro-3-kosara-za-novorodence\/\" \/>\n<meta property=\"og:locale\" content=\"fr_FR\" \/>\n<meta property=\"og:type\" content=\"article\" \/>\n<meta property=\"og:title\" content=\"Ergobaby Metro 3 ko\u0161ara za novoro\u0111en\u010de\" \/>\n<meta property=\"og:description\" content=\"Ko\u0161ara za novoro\u0111en\u010de pru\u017ea maksimalnu udobnost i sigurnost od prvog dana. Lagana, sklopiva i jednostavno se postavlja na Metro 3 i Metro 3 Deluxe kolica.\" \/>\n<meta property=\"og:url\" content=\"https:\/\/najnaj.eu\/fr\/proizvod\/ergobaby-metro-3-kosara-za-novorodence\/\" \/>\n<meta property=\"og:site_name\" content=\"NajNaj.eu\" \/>\n<meta property=\"article:publisher\" content=\"https:\/\/web.facebook.com\/najnaj.eu\/\" \/>\n<meta property=\"article:modified_time\" content=\"2026-03-17T08:38:57+00:00\" \/>\n<meta property=\"og:image\" content=\"https:\/\/najnaj.eu\/wp-content\/uploads\/2026\/01\/ergobaby-stroller-accessories-carry-cot-product-12.jpg\" \/>\n\t<meta property=\"og:image:width\" content=\"1500\" \/>\n\t<meta property=\"og:image:height\" content=\"1500\" \/>\n\t<meta property=\"og:image:type\" content=\"image\/jpeg\" \/>\n<meta name=\"twitter:card\" content=\"summary_large_image\" \/>\n<meta name=\"twitter:label1\" content=\"Prix\" \/>\n\t<meta name=\"twitter:data1\" content=\"179,90&nbsp;&euro;\" \/>\n\t<meta name=\"twitter:label2\" content=\"Disponibilit\u00e9\" \/>\n\t<meta name=\"twitter:data2\" content=\"En stock\" \/>\n<script type=\"application\/ld+json\" class=\"yoast-schema-graph\">{\"@context\":\"https:\\\/\\\/schema.org\",\"@graph\":[{\"@type\":\"WebPage\",\"@id\":\"https:\\\/\\\/najnaj.eu\\\/fr\\\/proizvod\\\/ergobaby-metro-3-kosara-za-novorodence\\\/\",\"url\":\"https:\\\/\\\/najnaj.eu\\\/fr\\\/proizvod\\\/ergobaby-metro-3-kosara-za-novorodence\\\/\",\"name\":\"Ergobaby Metro 3 ko\u0161ara za novoro\u0111en\u010de - NajNaj.eu\",\"isPartOf\":{\"@id\":\"https:\\\/\\\/najnaj.eu\\\/fr\\\/#website\"},\"primaryImageOfPage\":{\"@id\":\"https:\\\/\\\/najnaj.eu\\\/fr\\\/proizvod\\\/ergobaby-metro-3-kosara-za-novorodence\\\/#primaryimage\"},\"image\":{\"@id\":\"https:\\\/\\\/najnaj.eu\\\/fr\\\/proizvod\\\/ergobaby-metro-3-kosara-za-novorodence\\\/#primaryimage\"},\"thumbnailUrl\":\"https:\\\/\\\/najnaj.eu\\\/wp-content\\\/uploads\\\/2026\\\/01\\\/ergobaby-stroller-accessories-carry-cot-product-12.jpg\",\"datePublished\":\"2026-01-16T09:01:37+00:00\",\"dateModified\":\"2026-03-17T08:38:57+00:00\",\"description\":\"Ko\u0161ara za novoro\u0111en\u010de pru\u017ea maksimalnu udobnost i sigurnost od prvog dana. Lagana, sklopiva i jednostavno se postavlja na Metro 3 i Metro 3 Deluxe kolica.\",\"breadcrumb\":{\"@id\":\"https:\\\/\\\/najnaj.eu\\\/fr\\\/proizvod\\\/ergobaby-metro-3-kosara-za-novorodence\\\/#breadcrumb\"},\"inLanguage\":\"fr-FR\",\"potentialAction\":[{\"@type\":\"ReadAction\",\"target\":[\"https:\\\/\\\/najnaj.eu\\\/fr\\\/proizvod\\\/ergobaby-metro-3-kosara-za-novorodence\\\/\"]}]},{\"@type\":\"ImageObject\",\"inLanguage\":\"fr-FR\",\"@id\":\"https:\\\/\\\/najnaj.eu\\\/fr\\\/proizvod\\\/ergobaby-metro-3-kosara-za-novorodence\\\/#primaryimage\",\"url\":\"https:\\\/\\\/najnaj.eu\\\/wp-content\\\/uploads\\\/2026\\\/01\\\/ergobaby-stroller-accessories-carry-cot-product-12.jpg\",\"contentUrl\":\"https:\\\/\\\/najnaj.eu\\\/wp-content\\\/uploads\\\/2026\\\/01\\\/ergobaby-stroller-accessories-carry-cot-product-12.jpg\",\"width\":1500,\"height\":1500},{\"@type\":\"BreadcrumbList\",\"@id\":\"https:\\\/\\\/najnaj.eu\\\/fr\\\/proizvod\\\/ergobaby-metro-3-kosara-za-novorodence\\\/#breadcrumb\",\"itemListElement\":[{\"@type\":\"ListItem\",\"position\":1,\"name\":\"Po\u010detna stranica\",\"item\":\"https:\\\/\\\/najnaj.eu\\\/fr\\\/\"},{\"@type\":\"ListItem\",\"position\":2,\"name\":\"Trgovina\",\"item\":\"https:\\\/\\\/najnaj.hr\\\/trgovina\\\/\"},{\"@type\":\"ListItem\",\"position\":3,\"name\":\"Ergobaby Metro 3 ko\u0161ara za novoro\u0111en\u010de\"}]},{\"@type\":\"WebSite\",\"@id\":\"https:\\\/\\\/najnaj.eu\\\/fr\\\/#website\",\"url\":\"https:\\\/\\\/najnaj.eu\\\/fr\\\/\",\"name\":\"NajNaj.eu\",\"description\":\"Za najva\u017enije!\",\"potentialAction\":[{\"@type\":\"SearchAction\",\"target\":{\"@type\":\"EntryPoint\",\"urlTemplate\":\"https:\\\/\\\/najnaj.eu\\\/fr\\\/?s={search_term_string}\"},\"query-input\":{\"@type\":\"PropertyValueSpecification\",\"valueRequired\":true,\"valueName\":\"search_term_string\"}}],\"inLanguage\":\"fr-FR\"}]}<\/script>\n<meta property=\"product:brand\" content=\"Ergobaby\" \/>\n<meta property=\"product:price:amount\" content=\"179.90\" \/>\n<meta property=\"product:price:currency\" content=\"EUR\" \/>\n<meta property=\"og:availability\" content=\"instock\" \/>\n<meta property=\"product:availability\" content=\"instock\" \/>\n<meta property=\"product:retailer_item_id\" content=\"METRO3CARRYCOT\" \/>\n<meta property=\"product:condition\" content=\"new\" \/>\n<!-- \/ Yoast SEO Premium plugin. -->","yoast_head_json":{"title":"Ergobaby Metro 3 ko\u0161ara za novoro\u0111en\u010de - NajNaj.eu","description":"Ko\u0161ara za novoro\u0111en\u010de pru\u017ea maksimalnu udobnost i sigurnost od prvog dana. Lagana, sklopiva i jednostavno se postavlja na Metro 3 i Metro 3 Deluxe kolica.","robots":{"index":"index","follow":"follow","max-snippet":"max-snippet:-1","max-image-preview":"max-image-preview:large","max-video-preview":"max-video-preview:-1"},"canonical":"https:\/\/najnaj.eu\/fr\/proizvod\/ergobaby-metro-3-kosara-za-novorodence\/","og_locale":"fr_FR","og_type":"article","og_title":"Ergobaby Metro 3 ko\u0161ara za novoro\u0111en\u010de","og_description":"Ko\u0161ara za novoro\u0111en\u010de pru\u017ea maksimalnu udobnost i sigurnost od prvog dana. Lagana, sklopiva i jednostavno se postavlja na Metro 3 i Metro 3 Deluxe kolica.","og_url":"https:\/\/najnaj.eu\/fr\/proizvod\/ergobaby-metro-3-kosara-za-novorodence\/","og_site_name":"NajNaj.eu","article_publisher":"https:\/\/web.facebook.com\/najnaj.eu\/","article_modified_time":"2026-03-17T08:38:57+00:00","og_image":[{"width":1500,"height":1500,"url":"https:\/\/najnaj.eu\/wp-content\/uploads\/2026\/01\/ergobaby-stroller-accessories-carry-cot-product-12.jpg","type":"image\/jpeg"}],"twitter_card":"summary_large_image","twitter_misc":{"Prix":"179,90&nbsp;&euro;","Disponibilit\u00e9":"En stock"},"schema":{"@context":"https:\/\/schema.org","@graph":[{"@type":"WebPage","@id":"https:\/\/najnaj.eu\/fr\/proizvod\/ergobaby-metro-3-kosara-za-novorodence\/","url":"https:\/\/najnaj.eu\/fr\/proizvod\/ergobaby-metro-3-kosara-za-novorodence\/","name":"Ergobaby Metro 3 ko\u0161ara za novoro\u0111en\u010de - NajNaj.eu","isPartOf":{"@id":"https:\/\/najnaj.eu\/fr\/#website"},"primaryImageOfPage":{"@id":"https:\/\/najnaj.eu\/fr\/proizvod\/ergobaby-metro-3-kosara-za-novorodence\/#primaryimage"},"image":{"@id":"https:\/\/najnaj.eu\/fr\/proizvod\/ergobaby-metro-3-kosara-za-novorodence\/#primaryimage"},"thumbnailUrl":"https:\/\/najnaj.eu\/wp-content\/uploads\/2026\/01\/ergobaby-stroller-accessories-carry-cot-product-12.jpg","datePublished":"2026-01-16T09:01:37+00:00","dateModified":"2026-03-17T08:38:57+00:00","description":"Ko\u0161ara za novoro\u0111en\u010de pru\u017ea maksimalnu udobnost i sigurnost od prvog dana. Lagana, sklopiva i jednostavno se postavlja na Metro 3 i Metro 3 Deluxe kolica.","breadcrumb":{"@id":"https:\/\/najnaj.eu\/fr\/proizvod\/ergobaby-metro-3-kosara-za-novorodence\/#breadcrumb"},"inLanguage":"fr-FR","potentialAction":[{"@type":"ReadAction","target":["https:\/\/najnaj.eu\/fr\/proizvod\/ergobaby-metro-3-kosara-za-novorodence\/"]}]},{"@type":"ImageObject","inLanguage":"fr-FR","@id":"https:\/\/najnaj.eu\/fr\/proizvod\/ergobaby-metro-3-kosara-za-novorodence\/#primaryimage","url":"https:\/\/najnaj.eu\/wp-content\/uploads\/2026\/01\/ergobaby-stroller-accessories-carry-cot-product-12.jpg","contentUrl":"https:\/\/najnaj.eu\/wp-content\/uploads\/2026\/01\/ergobaby-stroller-accessories-carry-cot-product-12.jpg","width":1500,"height":1500},{"@type":"BreadcrumbList","@id":"https:\/\/najnaj.eu\/fr\/proizvod\/ergobaby-metro-3-kosara-za-novorodence\/#breadcrumb","itemListElement":[{"@type":"ListItem","position":1,"name":"Po\u010detna stranica","item":"https:\/\/najnaj.eu\/fr\/"},{"@type":"ListItem","position":2,"name":"Trgovina","item":"https:\/\/najnaj.hr\/trgovina\/"},{"@type":"ListItem","position":3,"name":"Ergobaby Metro 3 ko\u0161ara za novoro\u0111en\u010de"}]},{"@type":"WebSite","@id":"https:\/\/najnaj.eu\/fr\/#website","url":"https:\/\/najnaj.eu\/fr\/","name":"NajNaj.eu","description":"Za najva\u017enije!","potentialAction":[{"@type":"SearchAction","target":{"@type":"EntryPoint","urlTemplate":"https:\/\/najnaj.eu\/fr\/?s={search_term_string}"},"query-input":{"@type":"PropertyValueSpecification","valueRequired":true,"valueName":"search_term_string"}}],"inLanguage":"fr-FR"}]},"product_brand":"Ergobaby","product_price_amount":"179.90","product_price_currency":"EUR","og_availability":"instock","product_availability":"instock","product_retailer_item_id":"METRO3CARRYCOT","product_condition":"new"},"_links":{"self":[{"href":"https:\/\/najnaj.eu\/fr\/wp-json\/wp\/v2\/product\/285263","targetHints":{"allow":["GET"]}}],"collection":[{"href":"https:\/\/najnaj.eu\/fr\/wp-json\/wp\/v2\/product"}],"about":[{"href":"https:\/\/najnaj.eu\/fr\/wp-json\/wp\/v2\/types\/product"}],"replies":[{"embeddable":true,"href":"https:\/\/najnaj.eu\/fr\/wp-json\/wp\/v2\/comments?post=285263"}],"version-history":[{"count":0,"href":"https:\/\/najnaj.eu\/fr\/wp-json\/wp\/v2\/product\/285263\/revisions"}],"wp:featuredmedia":[{"embeddable":true,"href":"https:\/\/najnaj.eu\/fr\/wp-json\/wp\/v2\/media\/285333"}],"wp:attachment":[{"href":"https:\/\/najnaj.eu\/fr\/wp-json\/wp\/v2\/media?parent=285263"}],"wp:term":[{"taxonomy":"product_brand","embeddable":true,"href":"https:\/\/najnaj.eu\/fr\/wp-json\/wp\/v2\/product_brand?post=285263"},{"taxonomy":"product_cat","embeddable":true,"href":"https:\/\/najnaj.eu\/fr\/wp-json\/wp\/v2\/product_cat?post=285263"},{"taxonomy":"product_tag","embeddable":true,"href":"https:\/\/najnaj.eu\/fr\/wp-json\/wp\/v2\/product_tag?post=285263"}],"curies":[{"name":"wp","href":"https:\/\/api.w.org\/{rel}","templated":true}]}}