{"id":284857,"date":"2026-01-09T14:35:03","date_gmt":"2026-01-09T13:35:03","guid":{"rendered":"https:\/\/najnaj.eu\/?post_type=product&#038;p=284857"},"modified":"2026-02-06T18:46:06","modified_gmt":"2026-02-06T17:46:06","slug":"ergobaby-omni-classic-mesh-nosiljka-luminous-ivory","status":"publish","type":"product","link":"https:\/\/najnaj.eu\/fr\/proizvod\/ergobaby-omni-classic-mesh-nosiljka-luminous-ivory\/","title":{"rendered":"Ergobaby Omni Classic Mesh nosiljka, Luminous Ivory"},"content":{"rendered":"<h2 class=\"alt-font\"><span style=\"color: #f99b1c;\">Svestrana\u00a0<\/span><span style=\"color: #f99b1c;\">Ergobaby nosiljka prakti\u010dnog i udobnog dizajna.<\/span><\/h2>\n<p><strong>Ergobaby Omni Classic Mesh je nosiljka za sve bebe od ro\u0111enja do vrti\u0107ke dobi.<\/strong><br \/>\nPru\u017ea sve polo\u017eaje no\u0161enja i dozvoljava brzu promjenu polo\u017eaja djeteta iz polo\u017eaja gledanja unatrag u polo\u017eaj gledanja prema naprijed koja se mo\u017ee napraviti u hodu.<br \/>\nNosiljka koja se bez umetka mo\u017ee koristiti od ro\u0111enja te uvijek osigurava da je dijete u nosiljci postavljeno u prirodnom \u201cM-polo\u017eaju\u201d nogu, s ra\u0161irenim koljenima, s guzom u razini ili ispod razine koljena i kralje\u017enicom pravilno zakrivljenom u obliku slova C. Nosiljka podr\u017eava dijete od bedra do bedra, raste s djetetom i namje\u0161ta se ovisno o veli\u010dini djeteta i polo\u017eaju no\u0161enja.<br \/>\nDodatno podstavljene naramenice koje je mogu\u0107e i prekri\u017eiti, te podesivi pojas za struk s podr\u0161kom za lumbalni dio kralje\u017enice pru\u017eaju novu razinu udobnosti za roditelje. Sigurnosne kop\u010de na naramenicama pove\u0107avaju sigurnost i smanjuju mogu\u0107nost pogre\u0161ne upotrebe.<\/p>\n<p>&nbsp;<\/p>\n","protected":false},"excerpt":{"rendered":"<h3>Ergobaby Omni Classic Mesh<\/h3>\n<ul>\n<li>svi polo\u017eaji no\u0161enja: na trbuhu prema natrag, na boku, na le\u0111ima i na trbuhu prema naprijed<\/li>\n<li>za sve bebe od ro\u0111enja do vrti\u0107ke dobi (3,2 &#8211; 20 kg) bez umetka<\/li>\n<li>prozra\u010dna i lagana, mre\u017easta nosiljka<\/li>\n<li>lumbalna podr\u0161ka i naramenice koje se kri\u017eaju za dugotrajnu udobnost no\u0161enja<\/li>\n<li>brzo i jednostavno mijenjanje polo\u017eaja djeteta u hodu iz polo\u017eaja gledanja prema natrag u polo\u017eaj gledanja prema naprijed<\/li>\n<li>udoban i ergonomski polo\u017eaj za dijete u svim polo\u017eajima no\u0161enja<\/li>\n<li>podstavljena i prilagodljiva potpora za glavu i vrat djeteta<\/li>\n<li>uklju\u010dena odvojiva torbica u boji nosiljke<\/li>\n<li>kapulja\u010da za za\u0161titu od sunca (UPF 50+) i privatnost<\/li>\n<li>100% poliester<\/li>\n<\/ul>\n","protected":false},"featured_media":284890,"comment_status":"open","ping_status":"closed","template":"","meta":{"_acf_changed":false,"footnotes":""},"product_brand":[],"product_cat":[735,544,738],"product_tag":[],"class_list":{"0":"post-284857","1":"product","2":"type-product","3":"status-publish","4":"has-post-thumbnail","6":"product_cat-4-polozaja-nosenja","7":"product_cat-nosiljke","8":"product_cat-od-rodenja-do-3-godine","9":"pa_boja-bez","10":"pa_brand-ergobaby","12":"first","13":"instock","14":"purchasable","15":"product-type-simple"},"bundled_by":[],"bundle_stock_status":"instock","bundle_stock_quantity":2,"bundle_virtual":false,"bundle_layout":"","bundle_add_to_cart_form_location":"","bundle_editable_in_cart":false,"bundle_sold_individually_context":"","bundle_item_grouping":"","bundle_min_size":"","bundle_max_size":"","bundle_price":[],"bundled_items":[],"bundle_sell_ids":[],"acf":[],"yoast_head":"<!-- This site is optimized with the Yoast SEO Premium plugin v21.5 (Yoast SEO v27.4) - https:\/\/yoast.com\/product\/yoast-seo-premium-wordpress\/ -->\n<title>Ergobaby Omni Classic Mesh nosiljka, Luminous Ivory - NajNaj.eu<\/title>\n<meta name=\"robots\" content=\"index, follow, max-snippet:-1, max-image-preview:large, max-video-preview:-1\" \/>\n<link rel=\"canonical\" href=\"https:\/\/najnaj.eu\/fr\/proizvod\/ergobaby-omni-classic-mesh-nosiljka-luminous-ivory\/\" \/>\n<meta property=\"og:locale\" content=\"fr_FR\" \/>\n<meta property=\"og:type\" content=\"article\" \/>\n<meta property=\"og:title\" content=\"Ergobaby Omni Classic Mesh nosiljka, Luminous Ivory\" \/>\n<meta property=\"og:description\" content=\"Ergobaby Omni Classic Mesh   svi polo\u017eaji no\u0161enja: na trbuhu prema natrag, na boku, na le\u0111ima i na trbuhu prema naprijed  za sve bebe od ro\u0111enja do vrti\u0107ke dobi (3,2 - 20 kg) bez umetka  prozra\u010dna i lagana, mre\u017easta nosiljka  lumbalna podr\u0161ka i naramenice koje se kri\u017eaju za dugotrajnu udobnost no\u0161enja  brzo i jednostavno mijenjanje polo\u017eaja djeteta u hodu iz polo\u017eaja gledanja prema natrag u polo\u017eaj gledanja prema naprijed  udoban i ergonomski polo\u017eaj za dijete u svim polo\u017eajima no\u0161enja  podstavljena i prilagodljiva potpora za glavu i vrat djeteta  uklju\u010dena odvojiva torbica u boji nosiljke  kapulja\u010da za za\u0161titu od sunca (UPF 50+) i privatnost  100% poliester\" \/>\n<meta property=\"og:url\" content=\"https:\/\/najnaj.eu\/fr\/proizvod\/ergobaby-omni-classic-mesh-nosiljka-luminous-ivory\/\" \/>\n<meta property=\"og:site_name\" content=\"NajNaj.eu\" \/>\n<meta property=\"article:publisher\" content=\"https:\/\/web.facebook.com\/najnaj.eu\/\" \/>\n<meta property=\"article:modified_time\" content=\"2026-02-06T17:46:06+00:00\" \/>\n<meta property=\"og:image\" content=\"https:\/\/najnaj.eu\/wp-content\/uploads\/2026\/01\/ergobaby-carrier-omni-classic-mesh-luminous-ivory-combo.jpg\" \/>\n\t<meta property=\"og:image:width\" content=\"1500\" \/>\n\t<meta property=\"og:image:height\" content=\"1494\" \/>\n\t<meta property=\"og:image:type\" content=\"image\/jpeg\" \/>\n<meta name=\"twitter:card\" content=\"summary_large_image\" \/>\n<meta name=\"twitter:label1\" content=\"Prix\" \/>\n\t<meta name=\"twitter:data1\" content=\"179,90&nbsp;&euro;\" \/>\n\t<meta name=\"twitter:label2\" content=\"Disponibilit\u00e9\" \/>\n\t<meta name=\"twitter:data2\" content=\"En stock\" \/>\n<script type=\"application\/ld+json\" class=\"yoast-schema-graph\">{\"@context\":\"https:\\\/\\\/schema.org\",\"@graph\":[{\"@type\":\"WebPage\",\"@id\":\"https:\\\/\\\/najnaj.eu\\\/fr\\\/proizvod\\\/ergobaby-omni-classic-mesh-nosiljka-luminous-ivory\\\/\",\"url\":\"https:\\\/\\\/najnaj.eu\\\/fr\\\/proizvod\\\/ergobaby-omni-classic-mesh-nosiljka-luminous-ivory\\\/\",\"name\":\"Ergobaby Omni Classic Mesh nosiljka, Luminous Ivory - NajNaj.eu\",\"isPartOf\":{\"@id\":\"https:\\\/\\\/najnaj.eu\\\/fr\\\/#website\"},\"primaryImageOfPage\":{\"@id\":\"https:\\\/\\\/najnaj.eu\\\/fr\\\/proizvod\\\/ergobaby-omni-classic-mesh-nosiljka-luminous-ivory\\\/#primaryimage\"},\"image\":{\"@id\":\"https:\\\/\\\/najnaj.eu\\\/fr\\\/proizvod\\\/ergobaby-omni-classic-mesh-nosiljka-luminous-ivory\\\/#primaryimage\"},\"thumbnailUrl\":\"https:\\\/\\\/najnaj.eu\\\/wp-content\\\/uploads\\\/2026\\\/01\\\/ergobaby-carrier-omni-classic-mesh-luminous-ivory-combo.jpg\",\"datePublished\":\"2026-01-09T13:35:03+00:00\",\"dateModified\":\"2026-02-06T17:46:06+00:00\",\"breadcrumb\":{\"@id\":\"https:\\\/\\\/najnaj.eu\\\/fr\\\/proizvod\\\/ergobaby-omni-classic-mesh-nosiljka-luminous-ivory\\\/#breadcrumb\"},\"inLanguage\":\"fr-FR\",\"potentialAction\":[{\"@type\":\"ReadAction\",\"target\":[\"https:\\\/\\\/najnaj.eu\\\/fr\\\/proizvod\\\/ergobaby-omni-classic-mesh-nosiljka-luminous-ivory\\\/\"]}]},{\"@type\":\"ImageObject\",\"inLanguage\":\"fr-FR\",\"@id\":\"https:\\\/\\\/najnaj.eu\\\/fr\\\/proizvod\\\/ergobaby-omni-classic-mesh-nosiljka-luminous-ivory\\\/#primaryimage\",\"url\":\"https:\\\/\\\/najnaj.eu\\\/wp-content\\\/uploads\\\/2026\\\/01\\\/ergobaby-carrier-omni-classic-mesh-luminous-ivory-combo.jpg\",\"contentUrl\":\"https:\\\/\\\/najnaj.eu\\\/wp-content\\\/uploads\\\/2026\\\/01\\\/ergobaby-carrier-omni-classic-mesh-luminous-ivory-combo.jpg\",\"width\":1500,\"height\":1494},{\"@type\":\"BreadcrumbList\",\"@id\":\"https:\\\/\\\/najnaj.eu\\\/fr\\\/proizvod\\\/ergobaby-omni-classic-mesh-nosiljka-luminous-ivory\\\/#breadcrumb\",\"itemListElement\":[{\"@type\":\"ListItem\",\"position\":1,\"name\":\"Po\u010detna stranica\",\"item\":\"https:\\\/\\\/najnaj.eu\\\/fr\\\/\"},{\"@type\":\"ListItem\",\"position\":2,\"name\":\"Trgovina\",\"item\":\"https:\\\/\\\/najnaj.hr\\\/trgovina\\\/\"},{\"@type\":\"ListItem\",\"position\":3,\"name\":\"Ergobaby Omni Classic Mesh nosiljka, Luminous Ivory\"}]},{\"@type\":\"WebSite\",\"@id\":\"https:\\\/\\\/najnaj.eu\\\/fr\\\/#website\",\"url\":\"https:\\\/\\\/najnaj.eu\\\/fr\\\/\",\"name\":\"NajNaj.eu\",\"description\":\"Za najva\u017enije!\",\"potentialAction\":[{\"@type\":\"SearchAction\",\"target\":{\"@type\":\"EntryPoint\",\"urlTemplate\":\"https:\\\/\\\/najnaj.eu\\\/fr\\\/?s={search_term_string}\"},\"query-input\":{\"@type\":\"PropertyValueSpecification\",\"valueRequired\":true,\"valueName\":\"search_term_string\"}}],\"inLanguage\":\"fr-FR\"}]}<\/script>\n<meta property=\"product:brand\" content=\"Ergobaby\" \/>\n<meta property=\"product:price:amount\" content=\"179.90\" \/>\n<meta property=\"product:price:currency\" content=\"EUR\" \/>\n<meta property=\"og:availability\" content=\"instock\" \/>\n<meta property=\"product:availability\" content=\"instock\" \/>\n<meta property=\"product:retailer_item_id\" content=\"BCS360MLUMIVY\" \/>\n<meta property=\"product:condition\" content=\"new\" \/>\n<!-- \/ Yoast SEO Premium plugin. -->","yoast_head_json":{"title":"Ergobaby Omni Classic Mesh nosiljka, Luminous Ivory - NajNaj.eu","robots":{"index":"index","follow":"follow","max-snippet":"max-snippet:-1","max-image-preview":"max-image-preview:large","max-video-preview":"max-video-preview:-1"},"canonical":"https:\/\/najnaj.eu\/fr\/proizvod\/ergobaby-omni-classic-mesh-nosiljka-luminous-ivory\/","og_locale":"fr_FR","og_type":"article","og_title":"Ergobaby Omni Classic Mesh nosiljka, Luminous Ivory","og_description":"Ergobaby Omni Classic Mesh   svi polo\u017eaji no\u0161enja: na trbuhu prema natrag, na boku, na le\u0111ima i na trbuhu prema naprijed  za sve bebe od ro\u0111enja do vrti\u0107ke dobi (3,2 - 20 kg) bez umetka  prozra\u010dna i lagana, mre\u017easta nosiljka  lumbalna podr\u0161ka i naramenice koje se kri\u017eaju za dugotrajnu udobnost no\u0161enja  brzo i jednostavno mijenjanje polo\u017eaja djeteta u hodu iz polo\u017eaja gledanja prema natrag u polo\u017eaj gledanja prema naprijed  udoban i ergonomski polo\u017eaj za dijete u svim polo\u017eajima no\u0161enja  podstavljena i prilagodljiva potpora za glavu i vrat djeteta  uklju\u010dena odvojiva torbica u boji nosiljke  kapulja\u010da za za\u0161titu od sunca (UPF 50+) i privatnost  100% poliester","og_url":"https:\/\/najnaj.eu\/fr\/proizvod\/ergobaby-omni-classic-mesh-nosiljka-luminous-ivory\/","og_site_name":"NajNaj.eu","article_publisher":"https:\/\/web.facebook.com\/najnaj.eu\/","article_modified_time":"2026-02-06T17:46:06+00:00","og_image":[{"width":1500,"height":1494,"url":"https:\/\/najnaj.eu\/wp-content\/uploads\/2026\/01\/ergobaby-carrier-omni-classic-mesh-luminous-ivory-combo.jpg","type":"image\/jpeg"}],"twitter_card":"summary_large_image","twitter_misc":{"Prix":"179,90&nbsp;&euro;","Disponibilit\u00e9":"En stock"},"schema":{"@context":"https:\/\/schema.org","@graph":[{"@type":"WebPage","@id":"https:\/\/najnaj.eu\/fr\/proizvod\/ergobaby-omni-classic-mesh-nosiljka-luminous-ivory\/","url":"https:\/\/najnaj.eu\/fr\/proizvod\/ergobaby-omni-classic-mesh-nosiljka-luminous-ivory\/","name":"Ergobaby Omni Classic Mesh nosiljka, Luminous Ivory - NajNaj.eu","isPartOf":{"@id":"https:\/\/najnaj.eu\/fr\/#website"},"primaryImageOfPage":{"@id":"https:\/\/najnaj.eu\/fr\/proizvod\/ergobaby-omni-classic-mesh-nosiljka-luminous-ivory\/#primaryimage"},"image":{"@id":"https:\/\/najnaj.eu\/fr\/proizvod\/ergobaby-omni-classic-mesh-nosiljka-luminous-ivory\/#primaryimage"},"thumbnailUrl":"https:\/\/najnaj.eu\/wp-content\/uploads\/2026\/01\/ergobaby-carrier-omni-classic-mesh-luminous-ivory-combo.jpg","datePublished":"2026-01-09T13:35:03+00:00","dateModified":"2026-02-06T17:46:06+00:00","breadcrumb":{"@id":"https:\/\/najnaj.eu\/fr\/proizvod\/ergobaby-omni-classic-mesh-nosiljka-luminous-ivory\/#breadcrumb"},"inLanguage":"fr-FR","potentialAction":[{"@type":"ReadAction","target":["https:\/\/najnaj.eu\/fr\/proizvod\/ergobaby-omni-classic-mesh-nosiljka-luminous-ivory\/"]}]},{"@type":"ImageObject","inLanguage":"fr-FR","@id":"https:\/\/najnaj.eu\/fr\/proizvod\/ergobaby-omni-classic-mesh-nosiljka-luminous-ivory\/#primaryimage","url":"https:\/\/najnaj.eu\/wp-content\/uploads\/2026\/01\/ergobaby-carrier-omni-classic-mesh-luminous-ivory-combo.jpg","contentUrl":"https:\/\/najnaj.eu\/wp-content\/uploads\/2026\/01\/ergobaby-carrier-omni-classic-mesh-luminous-ivory-combo.jpg","width":1500,"height":1494},{"@type":"BreadcrumbList","@id":"https:\/\/najnaj.eu\/fr\/proizvod\/ergobaby-omni-classic-mesh-nosiljka-luminous-ivory\/#breadcrumb","itemListElement":[{"@type":"ListItem","position":1,"name":"Po\u010detna stranica","item":"https:\/\/najnaj.eu\/fr\/"},{"@type":"ListItem","position":2,"name":"Trgovina","item":"https:\/\/najnaj.hr\/trgovina\/"},{"@type":"ListItem","position":3,"name":"Ergobaby Omni Classic Mesh nosiljka, Luminous Ivory"}]},{"@type":"WebSite","@id":"https:\/\/najnaj.eu\/fr\/#website","url":"https:\/\/najnaj.eu\/fr\/","name":"NajNaj.eu","description":"Za najva\u017enije!","potentialAction":[{"@type":"SearchAction","target":{"@type":"EntryPoint","urlTemplate":"https:\/\/najnaj.eu\/fr\/?s={search_term_string}"},"query-input":{"@type":"PropertyValueSpecification","valueRequired":true,"valueName":"search_term_string"}}],"inLanguage":"fr-FR"}]},"product_brand":"Ergobaby","product_price_amount":"179.90","product_price_currency":"EUR","og_availability":"instock","product_availability":"instock","product_retailer_item_id":"BCS360MLUMIVY","product_condition":"new"},"_links":{"self":[{"href":"https:\/\/najnaj.eu\/fr\/wp-json\/wp\/v2\/product\/284857","targetHints":{"allow":["GET"]}}],"collection":[{"href":"https:\/\/najnaj.eu\/fr\/wp-json\/wp\/v2\/product"}],"about":[{"href":"https:\/\/najnaj.eu\/fr\/wp-json\/wp\/v2\/types\/product"}],"replies":[{"embeddable":true,"href":"https:\/\/najnaj.eu\/fr\/wp-json\/wp\/v2\/comments?post=284857"}],"version-history":[{"count":0,"href":"https:\/\/najnaj.eu\/fr\/wp-json\/wp\/v2\/product\/284857\/revisions"}],"wp:featuredmedia":[{"embeddable":true,"href":"https:\/\/najnaj.eu\/fr\/wp-json\/wp\/v2\/media\/284890"}],"wp:attachment":[{"href":"https:\/\/najnaj.eu\/fr\/wp-json\/wp\/v2\/media?parent=284857"}],"wp:term":[{"taxonomy":"product_brand","embeddable":true,"href":"https:\/\/najnaj.eu\/fr\/wp-json\/wp\/v2\/product_brand?post=284857"},{"taxonomy":"product_cat","embeddable":true,"href":"https:\/\/najnaj.eu\/fr\/wp-json\/wp\/v2\/product_cat?post=284857"},{"taxonomy":"product_tag","embeddable":true,"href":"https:\/\/najnaj.eu\/fr\/wp-json\/wp\/v2\/product_tag?post=284857"}],"curies":[{"name":"wp","href":"https:\/\/api.w.org\/{rel}","templated":true}]}}