{"id":284663,"date":"2026-01-07T12:47:16","date_gmt":"2026-01-07T11:47:16","guid":{"rendered":"https:\/\/najnaj.eu\/?post_type=product&#038;p=284663"},"modified":"2026-02-03T20:08:29","modified_gmt":"2026-02-03T19:08:29","slug":"voksi-zimska-vreca-move-black","status":"publish","type":"product","link":"https:\/\/najnaj.eu\/fr\/proizvod\/voksi-zimska-vreca-move-black\/","title":{"rendered":"Voksi zimska vre\u0107a, Move, Black"},"content":{"rendered":"<p>Vre\u0107a za autosjedalicu koja olak\u0161ava putovanja autom s va\u0161om bebom i mo\u017ee se koristiti od ro\u0111enja do otprilike 18 mjeseci starosti. Savr\u0161ena je za kratka i duga putovanja, a dizajnirana je tako da djetetu u automobilu osigurava sigurnost, toplinu i udobnost. Mo\u017ee se koristiti i kao vre\u0107a za spavanje, a ima patentni zatvara\u010d s prednje strane za lak\u0161i pristup djetetu.<\/p>\n<p>Voksi\u00ae Move izra\u0111ena je od prirodnih i kvalitetno certificiranih materijala poput vune i paperja. U stra\u017enjem dijelu vre\u0107e nalazi se vuna koja osigurava ugodnu temperaturu odvode\u0107i vlagu s djetetova tijela. Vre\u0107a je ispunjena mekanim paperjem koje pru\u017ea izvrsnu izolaciju i grije va\u0161e dijete. Vanjski dio vre\u0107e premazan je BIONIC-FINISH\u00aeECO slojem, \u0161to je \u010dini prirodno vodoodbojnom. Svi materijali u Voksi Move proizvodu certificirani su prema OEKO-TEX\u00ae Standard 100, klasa 1, \u0161to zna\u010di da nijedan materijal ne sadr\u017ei \u0161tetne kemikalije.<\/p>\n<p>Kod kori\u0161tenja u autosjedalici, pravilna instalacija djeteta i pravilno zatezanje pojaseva izuzetno su va\u017eni. Kada se koristi u autosjedalici, Voksi Move zamjenjuje potrebu za jaknama i drugom toplom odje\u0107om. Na taj na\u010din pojas sjedalice mo\u017ee biti bli\u017ee djetetovom tijelu, bez dodatnog sloja odje\u0107e preko ramena i gornjeg dijela tijela. Patentni zatvara\u010d s prednje strane omogu\u0107uje brz i lak pristup djetetu. Jedinstveni dizajn sa stra\u017enje strane s otvorima za pojaseve omogu\u0107uje jednostavnu instalaciju i dobro prilago\u0111avanje sigurnosnom pojasu. Gumb na stra\u017enjem dijelu omogu\u0107uje jednostavno pode\u0161avanje duljine.<\/p>\n<p>Kada se temperatura u automobilu povisi, vre\u0107a se mo\u017ee potpuno otvoriti kako bi se sprije\u010dilo pregrijavanje djeteta i omogu\u0107ila bolja ventilacija u autosjedalici. Voksi proizvodi koji su namijenjeni kori\u0161tenju u autosjedalicama testirani su na sudare u kombinaciji s BeSafe autosjedalicama u preporu\u010denom polo\u017eaju okrenutom prema natrag, suprotno od smjera vo\u017enje. Ispravna instalacija djeteta klju\u010dna je, a posebno je va\u017eno pravilno zategnuti sigurnosni pojas, \u0161to mo\u017ee zahtijevati ne\u0161to vi\u0161e truda u usporedbi s kori\u0161tenjem bez vre\u0107e. U podru\u010dju oko glave nalazi se podesiva vezica kojom se otvor mo\u017ee prilagoditi potrebama i \u017eeljama djeteta u razli\u010ditim vremenskim uvjetima.<\/p>\n<p>Voksi Move osvojio je nagradu za najbolji proizvod u testiranju svih vre\u0107a za autosjedalice na norve\u0161kom tr\u017ei\u0161tu prema Babytesterne.<\/p>\n","protected":false},"excerpt":{"rendered":"<p>&#8211; Prikladna od ro\u0111enja do 18 mjeseci \u2013 idealna za kratka i duga putovanja autom.<br \/>\n&#8211; Zamjenjuje zimsku odje\u0107u \u2013 omogu\u0107uje pravilno i sigurno postavljanje pojasa u autosjedalici<br \/>\n&#8211; Prirodni certificirani materijali i vodonepropusna vanj\u0161tina (OEKO-TEX\u00ae Standard 100, klasa 1 certifikat)<br \/>\n&#8211; Jednostavno kori\u0161tenje &#8211; gumb na stra\u017enjem dijelu za jednostavno pode\u0161avanje duljine. Vre\u0107a se mo\u017ee potpuno otvoriti radi lak\u0161e ventilacije u autosjedalici<br \/>\n&#8211; Testirana na sudarima \u2013 u kombinaciji s BeSafe autosjedalicama<\/p>\n","protected":false},"featured_media":284684,"comment_status":"closed","ping_status":"closed","template":"","meta":{"_acf_changed":false,"footnotes":""},"product_brand":[],"product_cat":[829,645],"product_tag":[2271],"class_list":{"0":"post-284663","1":"product","2":"type-product","3":"status-publish","4":"has-post-thumbnail","6":"product_cat-dodaci-za-autosjedalice","7":"product_cat-zimske-vrece","8":"product_tag-zima","9":"pa_boja-crna","10":"pa_brand-voksi","12":"first","13":"instock","14":"shipping-taxable","15":"purchasable","16":"product-type-simple"},"bundled_by":[],"bundle_stock_status":"instock","bundle_stock_quantity":5,"bundle_virtual":false,"bundle_layout":"","bundle_add_to_cart_form_location":"","bundle_editable_in_cart":false,"bundle_sold_individually_context":"","bundle_item_grouping":"","bundle_min_size":"","bundle_max_size":"","bundle_price":[],"bundled_items":[],"bundle_sell_ids":[],"acf":[],"yoast_head":"<!-- This site is optimized with the Yoast SEO Premium plugin v21.5 (Yoast SEO v27.4) - https:\/\/yoast.com\/product\/yoast-seo-premium-wordpress\/ -->\n<title>Voksi zimska vre\u0107a, Move, Black - NajNaj.eu<\/title>\n<meta name=\"description\" content=\"Zamjenjuje zimsku odje\u0107u, omogu\u0107uje pravilno i sigurno postavljanje pojasa u autosjedalici. Od prirodnih certificirani materijala i vodonepropusne vanj\u0161tine\" \/>\n<meta name=\"robots\" content=\"index, follow, max-snippet:-1, max-image-preview:large, max-video-preview:-1\" \/>\n<link rel=\"canonical\" href=\"https:\/\/najnaj.eu\/fr\/proizvod\/voksi-zimska-vreca-move-black\/\" \/>\n<meta property=\"og:locale\" content=\"fr_FR\" \/>\n<meta property=\"og:type\" content=\"article\" \/>\n<meta property=\"og:title\" content=\"Voksi zimska vre\u0107a, Move, Black\" \/>\n<meta property=\"og:description\" content=\"Zamjenjuje zimsku odje\u0107u, omogu\u0107uje pravilno i sigurno postavljanje pojasa u autosjedalici. Od prirodnih certificirani materijala i vodonepropusne vanj\u0161tine\" \/>\n<meta property=\"og:url\" content=\"https:\/\/najnaj.eu\/fr\/proizvod\/voksi-zimska-vreca-move-black\/\" \/>\n<meta property=\"og:site_name\" content=\"NajNaj.eu\" \/>\n<meta property=\"article:publisher\" content=\"https:\/\/web.facebook.com\/najnaj.eu\/\" \/>\n<meta property=\"article:modified_time\" content=\"2026-02-03T19:08:29+00:00\" \/>\n<meta property=\"og:image\" content=\"https:\/\/najnaj.eu\/wp-content\/uploads\/2026\/01\/11040955_Voksi_Move_Black_Front.jpg\" \/>\n\t<meta property=\"og:image:width\" content=\"1000\" \/>\n\t<meta property=\"og:image:height\" content=\"1000\" \/>\n\t<meta property=\"og:image:type\" content=\"image\/jpeg\" \/>\n<meta name=\"twitter:card\" content=\"summary_large_image\" \/>\n<meta name=\"twitter:label1\" content=\"Prix\" \/>\n\t<meta name=\"twitter:data1\" content=\"119,90&nbsp;&euro;\" \/>\n\t<meta name=\"twitter:label2\" content=\"Disponibilit\u00e9\" \/>\n\t<meta name=\"twitter:data2\" content=\"En stock\" \/>\n<script type=\"application\/ld+json\" class=\"yoast-schema-graph\">{\"@context\":\"https:\\\/\\\/schema.org\",\"@graph\":[{\"@type\":\"WebPage\",\"@id\":\"https:\\\/\\\/najnaj.eu\\\/fr\\\/proizvod\\\/voksi-zimska-vreca-move-black\\\/\",\"url\":\"https:\\\/\\\/najnaj.eu\\\/fr\\\/proizvod\\\/voksi-zimska-vreca-move-black\\\/\",\"name\":\"Voksi zimska vre\u0107a, Move, Black - NajNaj.eu\",\"isPartOf\":{\"@id\":\"https:\\\/\\\/najnaj.eu\\\/fr\\\/#website\"},\"primaryImageOfPage\":{\"@id\":\"https:\\\/\\\/najnaj.eu\\\/fr\\\/proizvod\\\/voksi-zimska-vreca-move-black\\\/#primaryimage\"},\"image\":{\"@id\":\"https:\\\/\\\/najnaj.eu\\\/fr\\\/proizvod\\\/voksi-zimska-vreca-move-black\\\/#primaryimage\"},\"thumbnailUrl\":\"https:\\\/\\\/najnaj.eu\\\/wp-content\\\/uploads\\\/2026\\\/01\\\/11040955_Voksi_Move_Black_Front.jpg\",\"datePublished\":\"2026-01-07T11:47:16+00:00\",\"dateModified\":\"2026-02-03T19:08:29+00:00\",\"description\":\"Zamjenjuje zimsku odje\u0107u, omogu\u0107uje pravilno i sigurno postavljanje pojasa u autosjedalici. Od prirodnih certificirani materijala i vodonepropusne vanj\u0161tine\",\"breadcrumb\":{\"@id\":\"https:\\\/\\\/najnaj.eu\\\/fr\\\/proizvod\\\/voksi-zimska-vreca-move-black\\\/#breadcrumb\"},\"inLanguage\":\"fr-FR\",\"potentialAction\":[{\"@type\":\"ReadAction\",\"target\":[\"https:\\\/\\\/najnaj.eu\\\/fr\\\/proizvod\\\/voksi-zimska-vreca-move-black\\\/\"]}]},{\"@type\":\"ImageObject\",\"inLanguage\":\"fr-FR\",\"@id\":\"https:\\\/\\\/najnaj.eu\\\/fr\\\/proizvod\\\/voksi-zimska-vreca-move-black\\\/#primaryimage\",\"url\":\"https:\\\/\\\/najnaj.eu\\\/wp-content\\\/uploads\\\/2026\\\/01\\\/11040955_Voksi_Move_Black_Front.jpg\",\"contentUrl\":\"https:\\\/\\\/najnaj.eu\\\/wp-content\\\/uploads\\\/2026\\\/01\\\/11040955_Voksi_Move_Black_Front.jpg\",\"width\":1000,\"height\":1000},{\"@type\":\"BreadcrumbList\",\"@id\":\"https:\\\/\\\/najnaj.eu\\\/fr\\\/proizvod\\\/voksi-zimska-vreca-move-black\\\/#breadcrumb\",\"itemListElement\":[{\"@type\":\"ListItem\",\"position\":1,\"name\":\"Po\u010detna stranica\",\"item\":\"https:\\\/\\\/najnaj.eu\\\/fr\\\/\"},{\"@type\":\"ListItem\",\"position\":2,\"name\":\"Trgovina\",\"item\":\"https:\\\/\\\/najnaj.hr\\\/trgovina\\\/\"},{\"@type\":\"ListItem\",\"position\":3,\"name\":\"Voksi zimska vre\u0107a, Move, Black\"}]},{\"@type\":\"WebSite\",\"@id\":\"https:\\\/\\\/najnaj.eu\\\/fr\\\/#website\",\"url\":\"https:\\\/\\\/najnaj.eu\\\/fr\\\/\",\"name\":\"NajNaj.eu\",\"description\":\"Za najva\u017enije!\",\"potentialAction\":[{\"@type\":\"SearchAction\",\"target\":{\"@type\":\"EntryPoint\",\"urlTemplate\":\"https:\\\/\\\/najnaj.eu\\\/fr\\\/?s={search_term_string}\"},\"query-input\":{\"@type\":\"PropertyValueSpecification\",\"valueRequired\":true,\"valueName\":\"search_term_string\"}}],\"inLanguage\":\"fr-FR\"}]}<\/script>\n<meta property=\"product:brand\" content=\"Voksi\" \/>\n<meta property=\"product:price:amount\" content=\"119.90\" \/>\n<meta property=\"product:price:currency\" content=\"EUR\" \/>\n<meta property=\"og:availability\" content=\"instock\" \/>\n<meta property=\"product:availability\" content=\"instock\" \/>\n<meta property=\"product:retailer_item_id\" content=\"11040955-Black-0-1,5Y-solid\" \/>\n<meta property=\"product:condition\" content=\"new\" \/>\n<!-- \/ Yoast SEO Premium plugin. -->","yoast_head_json":{"title":"Voksi zimska vre\u0107a, Move, Black - NajNaj.eu","description":"Zamjenjuje zimsku odje\u0107u, omogu\u0107uje pravilno i sigurno postavljanje pojasa u autosjedalici. Od prirodnih certificirani materijala i vodonepropusne vanj\u0161tine","robots":{"index":"index","follow":"follow","max-snippet":"max-snippet:-1","max-image-preview":"max-image-preview:large","max-video-preview":"max-video-preview:-1"},"canonical":"https:\/\/najnaj.eu\/fr\/proizvod\/voksi-zimska-vreca-move-black\/","og_locale":"fr_FR","og_type":"article","og_title":"Voksi zimska vre\u0107a, Move, Black","og_description":"Zamjenjuje zimsku odje\u0107u, omogu\u0107uje pravilno i sigurno postavljanje pojasa u autosjedalici. Od prirodnih certificirani materijala i vodonepropusne vanj\u0161tine","og_url":"https:\/\/najnaj.eu\/fr\/proizvod\/voksi-zimska-vreca-move-black\/","og_site_name":"NajNaj.eu","article_publisher":"https:\/\/web.facebook.com\/najnaj.eu\/","article_modified_time":"2026-02-03T19:08:29+00:00","og_image":[{"width":1000,"height":1000,"url":"https:\/\/najnaj.eu\/wp-content\/uploads\/2026\/01\/11040955_Voksi_Move_Black_Front.jpg","type":"image\/jpeg"}],"twitter_card":"summary_large_image","twitter_misc":{"Prix":"119,90&nbsp;&euro;","Disponibilit\u00e9":"En stock"},"schema":{"@context":"https:\/\/schema.org","@graph":[{"@type":"WebPage","@id":"https:\/\/najnaj.eu\/fr\/proizvod\/voksi-zimska-vreca-move-black\/","url":"https:\/\/najnaj.eu\/fr\/proizvod\/voksi-zimska-vreca-move-black\/","name":"Voksi zimska vre\u0107a, Move, Black - NajNaj.eu","isPartOf":{"@id":"https:\/\/najnaj.eu\/fr\/#website"},"primaryImageOfPage":{"@id":"https:\/\/najnaj.eu\/fr\/proizvod\/voksi-zimska-vreca-move-black\/#primaryimage"},"image":{"@id":"https:\/\/najnaj.eu\/fr\/proizvod\/voksi-zimska-vreca-move-black\/#primaryimage"},"thumbnailUrl":"https:\/\/najnaj.eu\/wp-content\/uploads\/2026\/01\/11040955_Voksi_Move_Black_Front.jpg","datePublished":"2026-01-07T11:47:16+00:00","dateModified":"2026-02-03T19:08:29+00:00","description":"Zamjenjuje zimsku odje\u0107u, omogu\u0107uje pravilno i sigurno postavljanje pojasa u autosjedalici. Od prirodnih certificirani materijala i vodonepropusne vanj\u0161tine","breadcrumb":{"@id":"https:\/\/najnaj.eu\/fr\/proizvod\/voksi-zimska-vreca-move-black\/#breadcrumb"},"inLanguage":"fr-FR","potentialAction":[{"@type":"ReadAction","target":["https:\/\/najnaj.eu\/fr\/proizvod\/voksi-zimska-vreca-move-black\/"]}]},{"@type":"ImageObject","inLanguage":"fr-FR","@id":"https:\/\/najnaj.eu\/fr\/proizvod\/voksi-zimska-vreca-move-black\/#primaryimage","url":"https:\/\/najnaj.eu\/wp-content\/uploads\/2026\/01\/11040955_Voksi_Move_Black_Front.jpg","contentUrl":"https:\/\/najnaj.eu\/wp-content\/uploads\/2026\/01\/11040955_Voksi_Move_Black_Front.jpg","width":1000,"height":1000},{"@type":"BreadcrumbList","@id":"https:\/\/najnaj.eu\/fr\/proizvod\/voksi-zimska-vreca-move-black\/#breadcrumb","itemListElement":[{"@type":"ListItem","position":1,"name":"Po\u010detna stranica","item":"https:\/\/najnaj.eu\/fr\/"},{"@type":"ListItem","position":2,"name":"Trgovina","item":"https:\/\/najnaj.hr\/trgovina\/"},{"@type":"ListItem","position":3,"name":"Voksi zimska vre\u0107a, Move, Black"}]},{"@type":"WebSite","@id":"https:\/\/najnaj.eu\/fr\/#website","url":"https:\/\/najnaj.eu\/fr\/","name":"NajNaj.eu","description":"Za najva\u017enije!","potentialAction":[{"@type":"SearchAction","target":{"@type":"EntryPoint","urlTemplate":"https:\/\/najnaj.eu\/fr\/?s={search_term_string}"},"query-input":{"@type":"PropertyValueSpecification","valueRequired":true,"valueName":"search_term_string"}}],"inLanguage":"fr-FR"}]},"product_brand":"Voksi","product_price_amount":"119.90","product_price_currency":"EUR","og_availability":"instock","product_availability":"instock","product_retailer_item_id":"11040955-Black-0-1,5Y-solid","product_condition":"new"},"_links":{"self":[{"href":"https:\/\/najnaj.eu\/fr\/wp-json\/wp\/v2\/product\/284663","targetHints":{"allow":["GET"]}}],"collection":[{"href":"https:\/\/najnaj.eu\/fr\/wp-json\/wp\/v2\/product"}],"about":[{"href":"https:\/\/najnaj.eu\/fr\/wp-json\/wp\/v2\/types\/product"}],"replies":[{"embeddable":true,"href":"https:\/\/najnaj.eu\/fr\/wp-json\/wp\/v2\/comments?post=284663"}],"version-history":[{"count":0,"href":"https:\/\/najnaj.eu\/fr\/wp-json\/wp\/v2\/product\/284663\/revisions"}],"wp:featuredmedia":[{"embeddable":true,"href":"https:\/\/najnaj.eu\/fr\/wp-json\/wp\/v2\/media\/284684"}],"wp:attachment":[{"href":"https:\/\/najnaj.eu\/fr\/wp-json\/wp\/v2\/media?parent=284663"}],"wp:term":[{"taxonomy":"product_brand","embeddable":true,"href":"https:\/\/najnaj.eu\/fr\/wp-json\/wp\/v2\/product_brand?post=284663"},{"taxonomy":"product_cat","embeddable":true,"href":"https:\/\/najnaj.eu\/fr\/wp-json\/wp\/v2\/product_cat?post=284663"},{"taxonomy":"product_tag","embeddable":true,"href":"https:\/\/najnaj.eu\/fr\/wp-json\/wp\/v2\/product_tag?post=284663"}],"curies":[{"name":"wp","href":"https:\/\/api.w.org\/{rel}","templated":true}]}}