{"id":281016,"date":"2025-11-27T13:51:52","date_gmt":"2025-11-27T12:51:52","guid":{"rendered":"https:\/\/najnaj.eu\/?post_type=product&#038;p=281016"},"modified":"2026-04-14T17:21:05","modified_gmt":"2026-04-14T15:21:05","slug":"b-box-ultimativni-set-za-hranjenje-blush","status":"publish","type":"product","link":"https:\/\/najnaj.eu\/fr\/proizvod\/b-box-ultimativni-set-za-hranjenje-blush\/","title":{"rendered":"b.box Ultimativni set za hranjenje &#8211; blush"},"content":{"rendered":"<p>Ultimativni set za hranjenje je sveobuhvatni paket za male gurmane \u2013 od prvih ka\u0161ica do so\u010dnog vo\u0107a! U njemu se nalazi sve \u0161to roditelji obo\u017eavaju, a mali\u0161ani rado koriste: tanjur s poklopcem, prakti\u010dna Fill + Feed zdjelica, mekani silikonski podbradnjak, dje\u010dji pribor za jelo te hranilica za svje\u017ee vo\u0107e s dodatnim nastavcima. Manje nereda, vi\u0161e u\u017eivanja i puno novih okusa \u2013 savr\u0161eni all-in-one po\u010detak svake male gastro avanture!<\/p>\n<h4><a href=\"https:\/\/najnaj.eu\/proizvod\/b-box-silikonski-tanjur-poklopac-blush\/\" target=\"_blank\" rel=\"noopener\"><strong>1. Silikonski tanjur + poklopac<\/strong><\/a><\/h4>\n<ul>\n<li>Izra\u0111en od platinum silikona &#8211; sigurnog za bebe<\/li>\n<li>\u010cvrsta neklizaju\u0107a silikonska prijanjaju\u0107a baza koja dr\u017ei<\/li>\n<li>Jednostavno povucite jezi\u010dak da biste oslobodili tanjur<\/li>\n<li>3 odjeljka &#8211; idealno za porcioniranje hrane i izbirljivce<\/li>\n<li>Svestrani nepropusni poklopac slu\u017ei i kao prostirka za hranjenje<\/li>\n<li>Zakrivljene strane za jednostavno grabljenje i samostalno hranjenje<\/li>\n<li>Pogodan za toplu i hladnu hranu<\/li>\n<\/ul>\n<h4><a href=\"https:\/\/najnaj.eu\/proizvod\/b-box-fill-feed-zdjelica-blush\/\" target=\"_blank\" rel=\"noopener\"><strong>2. Fill + Feed zdjelica<\/strong><\/a><\/h4>\n<ul>\n<li>Idealno za dohranu i hranjenje beba od 4 mjeseca<\/li>\n<li>Mo\u017ee se ponovno puniti i koristiti za doma\u0107e piree od vo\u0107a i povr\u0107a, jogurt i sli\u010dno<\/li>\n<li>\u0160irok otvor omogu\u0107uje roditeljima jednostavno punjenje silikonske vre\u0107ice uz manje nereda, poklopac se zatvara kako bi zadr\u017eao hranu<\/li>\n<li>Ergonomski oblikovan za male ruke za dr\u017eanje i stiskanje<\/li>\n<li>Djeca intuitivno pijuckaju iz nagnutog izljeva, odrasli mogu pomo\u0107i iscijediti i poslu\u017eiti sa silikonskom \u017elicom za one prve dane hranjenja<\/li>\n<li>Prilo\u017eene brtve na poklopcu zatvorene tako da ne curi u pokretu i odr\u017eava vrh izljeva \u010distim i higijenskim<\/li>\n<li>Mo\u017ee se prati u perilici posu\u0111a (gornja polica) i sterilizatoru za jednostavno \u010di\u0161\u0107enje, spreman za ponovnu upotrebu<\/li>\n<li>Mo\u017ee se koristiti u mikrovalnoj pe\u0107nici (otvoren poklopac) za zagrijavanje i poslu\u017eivanje<\/li>\n<li>Kapacitet vre\u0107ice 110 ml<\/li>\n<li>Bez BPA<\/li>\n<\/ul>\n<h4><a href=\"https:\/\/najnaj.eu\/proizvod\/b-box-silikonski-podbradnjak-blush\/\" target=\"_blank\" rel=\"noopener\"><strong>3. Silikonski podbradnjak<\/strong><\/a><\/h4>\n<ul>\n<li>4mj+<\/li>\n<li>Duboki \u201cstay open\u201d d\u017eep hvata vi\u0161e hrane i teku\u0107ine<\/li>\n<li>Udoban su\u017eeni oblik ramena<\/li>\n<li>Glatki oblo\u017eeni rub za udobnije no\u0161enje<\/li>\n<li>Podesivo zatvaranje vrata<\/li>\n<li>Netoksi\u010dni silikon zadr\u017eava svoju glatku neljepljivu povr\u0161inu, \u010dak i kada je mokar<\/li>\n<li>Smotajte i osigurajte za kompaktnije &gt;skladi\u0161tenje u pokretu<\/li>\n<li>Lako se \u010disti<\/li>\n<li>Pogodno za pranje u perilici posu\u0111a<\/li>\n<li>Izra\u0111en od FDA silikona<\/li>\n<li>Dimenzije: 21,8cm x 29,6cm<\/li>\n<li>Bez BPA, ftalata i PVC-a<\/li>\n<\/ul>\n<h4><a href=\"https:\/\/najnaj.eu\/proizvod\/b-box-pribor-za-jelo-blush\/\" target=\"_blank\" rel=\"noopener\"><strong>4. Pribor za jelo<\/strong><\/a><\/h4>\n<ul>\n<li>Ru\u010dke za jednostavno dr\u017eanje pod kutom za optimalno pozicioniranje ruke na usta<\/li>\n<li>Jedinstveni cvjetni dizajn omogu\u0107uje djeci napikavanje hrane i prilago\u0111avanje veli\u010dini i obliku malih usta<\/li>\n<li>Zaobljeni zupci nje\u017eniji su za male desni pa mali\u0161ani mogu sigurno jesti<\/li>\n<li>Prakti\u010dna putna torbica odr\u017eava pribor \u010distim dok ste u pokretu<\/li>\n<li>Mo\u017ee se prati u perilici posu\u0111a<\/li>\n<\/ul>\n<h4><a href=\"https:\/\/najnaj.eu\/proizvod\/b-box-silikonska-hranilica-za-svjeze-voce-blush\/\" target=\"_blank\" rel=\"noopener\"><strong>5. Silikonska hranilica za svje\u017ee vo\u0107e<\/strong><\/a><\/h4>\n<ul>\n<li>Idealan pribor za higijensko i sigurno upoznavanje s novim okusima<\/li>\n<li>Silikonska \u017evakalica je vrlo ugodna za bebine desni<\/li>\n<li>Tri ru\u010dkice bebama olak\u0161avaju dr\u017eanje s jednom ili dvije ruke, a ostavljaju prostora i roditeljima da prisko\u010de u pomo\u0107<\/li>\n<li>Otvaranje i zatvaranje na click-lock prsten<\/li>\n<li>Kapica za silikonski dio poma\u017ee u odr\u017eavanju \u010disto\u0107e i higijene<\/li>\n<li>Svi dijelovi se mogu rastaviti i oprati<\/li>\n<li>Perivo na gornjoj polici u perilici posu\u0111a<\/li>\n<li>Mogu\u0107a sterilizacija u parnom sterilizatoru<\/li>\n<\/ul>\n<h4><a href=\"https:\/\/najnaj.eu\/proizvod\/b-box-zamjenski-silikonski-nastavak-za-fill-feed-2-kom\/\" target=\"_blank\" rel=\"noopener\"><strong>6. Zamjenski silikonski nastavak za hranilicu za svje\u017ee vo\u0107e<\/strong><\/a><\/h4>\n<p>Kako o\u010distiti i zamijeniti silikonski nastavak:<br \/>\nDr\u017ee\u0107i trono\u017eac, okrenite prsten na hranilici svje\u017ee hrane prema dolje u smjeru suprotnom od kazaljke na satu kako biste otklju\u010dali i oslobodili silikonski nastavak.<br \/>\nTemeljito ga operite u toploj vodi sa sapunicom ili u perilici posu\u0111a (gornja polica). Silikonski nastavak se mo\u017ee okrenuti naopako kako bi se omogu\u0107ilo pa\u017eljivo \u010di\u0161\u0107enje na te\u0161ko dostupnim mjestima.<br \/>\nMo\u017ee se sterilizirati i parom. Ostavite da se osu\u0161i prije ponovnog pri\u010dvr\u0161\u0107ivanja.<br \/>\nPostavite o\u010di\u0161\u0107en ili zamjenski silikonski nastavak na predvi\u0111eno mjesto, zatim zavrnite prsten prema gore u smjeru kazaljke na satu dok ne klikne i zaklju\u010da silikonski nastavak na svoje mjesto.<\/p>\n","protected":false},"excerpt":{"rendered":"<p>Sadr\u017eaj seta:<\/p>\n<ul>\n<li>b.box Silikonski tanjur + poklopac<\/li>\n<li>b.box Fill + Feed zdjelica<\/li>\n<li>b.box Silikonski podbradnjak<\/li>\n<li>b.box Pribor za jelo<\/li>\n<li>b.box Silikonska hranilica za svje\u017ee vo\u0107e<\/li>\n<li>b.box Zamjenski silikonski nastavak za hranilicu (2 kom)<\/li>\n<\/ul>\n<p>&#8211; Potpuni set koji pokriva prijelaz od ka\u0161ica do \u010dvrste hrane i vo\u0107nih zalogaja<br \/>\n&#8211; Idealno za zdravo hranjenje doma i u pokretu<br \/>\n&#8211; Hranilica s rezervnim nastavcima omogu\u0107uje sigurno istra\u017eivanje novih okusa<\/p>\n","protected":false},"featured_media":281035,"comment_status":"closed","ping_status":"closed","template":"","meta":{"_acf_changed":false,"footnotes":""},"product_brand":[],"product_cat":[577,1709,2216],"product_tag":[],"class_list":{"0":"post-281016","1":"product","2":"type-product","3":"status-publish","4":"has-post-thumbnail","6":"product_cat-hranjenje","7":"product_cat-pokloni","8":"product_cat-setovi-za-hranjenje","9":"pa_boja-roza","10":"pa_brand-b-box","11":"pa_vrsta-posuda-hranilica-za-voce","12":"pa_vrsta-posuda-pribor-za-jelo","13":"pa_vrsta-posuda-tanjuri-i-zdjelice","15":"first","16":"instock","17":"sale","18":"virtual","19":"purchasable","20":"product-type-bundle"},"bundled_by":[],"bundle_stock_status":"instock","bundle_stock_quantity":13,"bundle_virtual":false,"bundle_layout":"grid","bundle_add_to_cart_form_location":"default","bundle_editable_in_cart":false,"bundle_sold_individually_context":"product","bundle_item_grouping":"parent","bundle_min_size":"","bundle_max_size":"","bundle_price":{"price":{"min":{"incl_tax":"59.99","excl_tax":"59.99"},"max":{"incl_tax":"59.99","excl_tax":"59.99"}},"regular_price":{"min":{"incl_tax":"78.45","excl_tax":"78.45"},"max":{"incl_tax":"78.45","excl_tax":"78.45"}}},"bundled_items":[{"bundled_item_id":371,"product_id":216493,"menu_order":0,"quantity_min":1,"quantity_max":1,"quantity_default":1,"priced_individually":false,"shipped_individually":false,"override_title":true,"title":"Silikonski tanjur + poklopac - blush","override_description":true,"description":"","optional":false,"hide_thumbnail":false,"discount":"","override_variations":false,"allowed_variations":[],"override_default_variation_attributes":false,"default_variation_attributes":[],"single_product_visibility":"visible","cart_visibility":"visible","order_visibility":"visible","single_product_price_visibility":"visible","cart_price_visibility":"visible","order_price_visibility":"visible","stock_status":"in_stock"},{"bundled_item_id":372,"product_id":203624,"menu_order":1,"quantity_min":1,"quantity_max":1,"quantity_default":1,"priced_individually":false,"shipped_individually":false,"override_title":true,"title":"Fill + Feed zdjelica - blush","override_description":true,"description":"","optional":false,"hide_thumbnail":false,"discount":"","override_variations":false,"allowed_variations":[],"override_default_variation_attributes":false,"default_variation_attributes":[],"single_product_visibility":"visible","cart_visibility":"visible","order_visibility":"visible","single_product_price_visibility":"visible","cart_price_visibility":"visible","order_price_visibility":"visible","stock_status":"in_stock"},{"bundled_item_id":373,"product_id":203707,"menu_order":2,"quantity_min":1,"quantity_max":1,"quantity_default":1,"priced_individually":false,"shipped_individually":false,"override_title":true,"title":"Silikonski podbradnjak - blush","override_description":true,"description":"","optional":false,"hide_thumbnail":false,"discount":"","override_variations":false,"allowed_variations":[],"override_default_variation_attributes":false,"default_variation_attributes":[],"single_product_visibility":"visible","cart_visibility":"visible","order_visibility":"visible","single_product_price_visibility":"visible","cart_price_visibility":"visible","order_price_visibility":"visible","stock_status":"in_stock"},{"bundled_item_id":374,"product_id":278795,"menu_order":3,"quantity_min":1,"quantity_max":1,"quantity_default":1,"priced_individually":false,"shipped_individually":false,"override_title":true,"title":"Pribor za jelo - blush","override_description":true,"description":"","optional":false,"hide_thumbnail":false,"discount":"","override_variations":false,"allowed_variations":[],"override_default_variation_attributes":false,"default_variation_attributes":[],"single_product_visibility":"visible","cart_visibility":"visible","order_visibility":"visible","single_product_price_visibility":"visible","cart_price_visibility":"visible","order_price_visibility":"visible","stock_status":"in_stock"},{"bundled_item_id":375,"product_id":199006,"menu_order":4,"quantity_min":1,"quantity_max":1,"quantity_default":1,"priced_individually":false,"shipped_individually":false,"override_title":true,"title":"Silikonska hranilica za vo\u0107e - blush","override_description":true,"description":"","optional":false,"hide_thumbnail":false,"discount":"","override_variations":false,"allowed_variations":[],"override_default_variation_attributes":false,"default_variation_attributes":[],"single_product_visibility":"visible","cart_visibility":"visible","order_visibility":"visible","single_product_price_visibility":"visible","cart_price_visibility":"visible","order_price_visibility":"visible","stock_status":"in_stock"},{"bundled_item_id":376,"product_id":216550,"menu_order":5,"quantity_min":1,"quantity_max":1,"quantity_default":1,"priced_individually":false,"shipped_individually":false,"override_title":true,"title":"Zamjenski nastavak za hranilicu za vo\u0107e - blush","override_description":true,"description":"","optional":false,"hide_thumbnail":false,"discount":"","override_variations":false,"allowed_variations":[],"override_default_variation_attributes":false,"default_variation_attributes":[],"single_product_visibility":"visible","cart_visibility":"visible","order_visibility":"visible","single_product_price_visibility":"visible","cart_price_visibility":"visible","order_price_visibility":"visible","stock_status":"in_stock"}],"bundle_sell_ids":[],"acf":[],"yoast_head":"<!-- This site is optimized with the Yoast SEO Premium plugin v21.5 (Yoast SEO v27.4) - https:\/\/yoast.com\/product\/yoast-seo-premium-wordpress\/ -->\n<title>b.box Ultimativni set za hranjenje - blush - NajNaj.eu<\/title>\n<meta name=\"description\" content=\"Ultimativni set za hranjenje: tanjur s poklopcem, Fill + Feed, podbradnjak, pribor i hranilica za vo\u0107e za manje nereda i vi\u0161e gurmanskih avantura.\" \/>\n<meta name=\"robots\" content=\"index, follow, max-snippet:-1, max-image-preview:large, max-video-preview:-1\" \/>\n<link rel=\"canonical\" href=\"https:\/\/najnaj.eu\/fr\/proizvod\/b-box-ultimativni-set-za-hranjenje-blush\/\" \/>\n<meta property=\"og:locale\" content=\"fr_FR\" \/>\n<meta property=\"og:type\" content=\"article\" \/>\n<meta property=\"og:title\" content=\"b.box Ultimativni set za hranjenje - blush\" \/>\n<meta property=\"og:description\" content=\"Ultimativni set za hranjenje: tanjur s poklopcem, Fill + Feed, podbradnjak, pribor i hranilica za vo\u0107e za manje nereda i vi\u0161e gurmanskih avantura.\" \/>\n<meta property=\"og:url\" content=\"https:\/\/najnaj.eu\/fr\/proizvod\/b-box-ultimativni-set-za-hranjenje-blush\/\" \/>\n<meta property=\"og:site_name\" content=\"NajNaj.eu\" \/>\n<meta property=\"article:publisher\" content=\"https:\/\/web.facebook.com\/najnaj.eu\/\" \/>\n<meta property=\"article:modified_time\" content=\"2026-04-14T15:21:05+00:00\" \/>\n<meta property=\"og:image\" content=\"https:\/\/najnaj.eu\/wp-content\/uploads\/2025\/11\/Feeding-starter-set-Maxi-Blush-2.png\" \/>\n\t<meta property=\"og:image:width\" content=\"1080\" \/>\n\t<meta property=\"og:image:height\" content=\"1080\" \/>\n\t<meta property=\"og:image:type\" content=\"image\/png\" \/>\n<meta name=\"twitter:card\" content=\"summary_large_image\" \/>\n<meta name=\"twitter:label1\" content=\"Prix\" \/>\n\t<meta name=\"twitter:data1\" content=\"59,99&nbsp;&euro;\" \/>\n\t<meta name=\"twitter:label2\" content=\"Disponibilit\u00e9\" \/>\n\t<meta name=\"twitter:data2\" content=\"En stock\" \/>\n<script type=\"application\/ld+json\" class=\"yoast-schema-graph\">{\"@context\":\"https:\\\/\\\/schema.org\",\"@graph\":[{\"@type\":\"WebPage\",\"@id\":\"https:\\\/\\\/najnaj.eu\\\/fr\\\/proizvod\\\/b-box-ultimativni-set-za-hranjenje-blush\\\/\",\"url\":\"https:\\\/\\\/najnaj.eu\\\/fr\\\/proizvod\\\/b-box-ultimativni-set-za-hranjenje-blush\\\/\",\"name\":\"b.box Ultimativni set za hranjenje - blush - NajNaj.eu\",\"isPartOf\":{\"@id\":\"https:\\\/\\\/najnaj.eu\\\/fr\\\/#website\"},\"primaryImageOfPage\":{\"@id\":\"https:\\\/\\\/najnaj.eu\\\/fr\\\/proizvod\\\/b-box-ultimativni-set-za-hranjenje-blush\\\/#primaryimage\"},\"image\":{\"@id\":\"https:\\\/\\\/najnaj.eu\\\/fr\\\/proizvod\\\/b-box-ultimativni-set-za-hranjenje-blush\\\/#primaryimage\"},\"thumbnailUrl\":\"https:\\\/\\\/najnaj.eu\\\/wp-content\\\/uploads\\\/2025\\\/11\\\/Feeding-starter-set-Maxi-Blush-2.png\",\"datePublished\":\"2025-11-27T12:51:52+00:00\",\"dateModified\":\"2026-04-14T15:21:05+00:00\",\"description\":\"Ultimativni set za hranjenje: tanjur s poklopcem, Fill + Feed, podbradnjak, pribor i hranilica za vo\u0107e za manje nereda i vi\u0161e gurmanskih avantura.\",\"breadcrumb\":{\"@id\":\"https:\\\/\\\/najnaj.eu\\\/fr\\\/proizvod\\\/b-box-ultimativni-set-za-hranjenje-blush\\\/#breadcrumb\"},\"inLanguage\":\"fr-FR\",\"potentialAction\":[{\"@type\":\"ReadAction\",\"target\":[\"https:\\\/\\\/najnaj.eu\\\/fr\\\/proizvod\\\/b-box-ultimativni-set-za-hranjenje-blush\\\/\"]}]},{\"@type\":\"ImageObject\",\"inLanguage\":\"fr-FR\",\"@id\":\"https:\\\/\\\/najnaj.eu\\\/fr\\\/proizvod\\\/b-box-ultimativni-set-za-hranjenje-blush\\\/#primaryimage\",\"url\":\"https:\\\/\\\/najnaj.eu\\\/wp-content\\\/uploads\\\/2025\\\/11\\\/Feeding-starter-set-Maxi-Blush-2.png\",\"contentUrl\":\"https:\\\/\\\/najnaj.eu\\\/wp-content\\\/uploads\\\/2025\\\/11\\\/Feeding-starter-set-Maxi-Blush-2.png\",\"width\":1080,\"height\":1080},{\"@type\":\"BreadcrumbList\",\"@id\":\"https:\\\/\\\/najnaj.eu\\\/fr\\\/proizvod\\\/b-box-ultimativni-set-za-hranjenje-blush\\\/#breadcrumb\",\"itemListElement\":[{\"@type\":\"ListItem\",\"position\":1,\"name\":\"Po\u010detna stranica\",\"item\":\"https:\\\/\\\/najnaj.eu\\\/fr\\\/\"},{\"@type\":\"ListItem\",\"position\":2,\"name\":\"Trgovina\",\"item\":\"https:\\\/\\\/najnaj.hr\\\/trgovina\\\/\"},{\"@type\":\"ListItem\",\"position\":3,\"name\":\"b.box Ultimativni set za hranjenje &#8211; blush\"}]},{\"@type\":\"WebSite\",\"@id\":\"https:\\\/\\\/najnaj.eu\\\/fr\\\/#website\",\"url\":\"https:\\\/\\\/najnaj.eu\\\/fr\\\/\",\"name\":\"NajNaj.eu\",\"description\":\"Za najva\u017enije!\",\"potentialAction\":[{\"@type\":\"SearchAction\",\"target\":{\"@type\":\"EntryPoint\",\"urlTemplate\":\"https:\\\/\\\/najnaj.eu\\\/fr\\\/?s={search_term_string}\"},\"query-input\":{\"@type\":\"PropertyValueSpecification\",\"valueRequired\":true,\"valueName\":\"search_term_string\"}}],\"inLanguage\":\"fr-FR\"}]}<\/script>\n<meta property=\"product:brand\" content=\"b.box\" \/>\n<meta property=\"product:price:amount\" content=\"59.99\" \/>\n<meta property=\"product:price:currency\" content=\"EUR\" \/>\n<meta property=\"og:availability\" content=\"instock\" \/>\n<meta property=\"product:availability\" content=\"instock\" \/>\n<meta property=\"product:retailer_item_id\" content=\"Ultimativni_set_za_hranjenje_blush\" \/>\n<meta property=\"product:condition\" content=\"new\" \/>\n<!-- \/ Yoast SEO Premium plugin. -->","yoast_head_json":{"title":"b.box Ultimativni set za hranjenje - blush - NajNaj.eu","description":"Ultimativni set za hranjenje: tanjur s poklopcem, Fill + Feed, podbradnjak, pribor i hranilica za vo\u0107e za manje nereda i vi\u0161e gurmanskih avantura.","robots":{"index":"index","follow":"follow","max-snippet":"max-snippet:-1","max-image-preview":"max-image-preview:large","max-video-preview":"max-video-preview:-1"},"canonical":"https:\/\/najnaj.eu\/fr\/proizvod\/b-box-ultimativni-set-za-hranjenje-blush\/","og_locale":"fr_FR","og_type":"article","og_title":"b.box Ultimativni set za hranjenje - blush","og_description":"Ultimativni set za hranjenje: tanjur s poklopcem, Fill + Feed, podbradnjak, pribor i hranilica za vo\u0107e za manje nereda i vi\u0161e gurmanskih avantura.","og_url":"https:\/\/najnaj.eu\/fr\/proizvod\/b-box-ultimativni-set-za-hranjenje-blush\/","og_site_name":"NajNaj.eu","article_publisher":"https:\/\/web.facebook.com\/najnaj.eu\/","article_modified_time":"2026-04-14T15:21:05+00:00","og_image":[{"width":1080,"height":1080,"url":"https:\/\/najnaj.eu\/wp-content\/uploads\/2025\/11\/Feeding-starter-set-Maxi-Blush-2.png","type":"image\/png"}],"twitter_card":"summary_large_image","twitter_misc":{"Prix":"59,99&nbsp;&euro;","Disponibilit\u00e9":"En stock"},"schema":{"@context":"https:\/\/schema.org","@graph":[{"@type":"WebPage","@id":"https:\/\/najnaj.eu\/fr\/proizvod\/b-box-ultimativni-set-za-hranjenje-blush\/","url":"https:\/\/najnaj.eu\/fr\/proizvod\/b-box-ultimativni-set-za-hranjenje-blush\/","name":"b.box Ultimativni set za hranjenje - blush - NajNaj.eu","isPartOf":{"@id":"https:\/\/najnaj.eu\/fr\/#website"},"primaryImageOfPage":{"@id":"https:\/\/najnaj.eu\/fr\/proizvod\/b-box-ultimativni-set-za-hranjenje-blush\/#primaryimage"},"image":{"@id":"https:\/\/najnaj.eu\/fr\/proizvod\/b-box-ultimativni-set-za-hranjenje-blush\/#primaryimage"},"thumbnailUrl":"https:\/\/najnaj.eu\/wp-content\/uploads\/2025\/11\/Feeding-starter-set-Maxi-Blush-2.png","datePublished":"2025-11-27T12:51:52+00:00","dateModified":"2026-04-14T15:21:05+00:00","description":"Ultimativni set za hranjenje: tanjur s poklopcem, Fill + Feed, podbradnjak, pribor i hranilica za vo\u0107e za manje nereda i vi\u0161e gurmanskih avantura.","breadcrumb":{"@id":"https:\/\/najnaj.eu\/fr\/proizvod\/b-box-ultimativni-set-za-hranjenje-blush\/#breadcrumb"},"inLanguage":"fr-FR","potentialAction":[{"@type":"ReadAction","target":["https:\/\/najnaj.eu\/fr\/proizvod\/b-box-ultimativni-set-za-hranjenje-blush\/"]}]},{"@type":"ImageObject","inLanguage":"fr-FR","@id":"https:\/\/najnaj.eu\/fr\/proizvod\/b-box-ultimativni-set-za-hranjenje-blush\/#primaryimage","url":"https:\/\/najnaj.eu\/wp-content\/uploads\/2025\/11\/Feeding-starter-set-Maxi-Blush-2.png","contentUrl":"https:\/\/najnaj.eu\/wp-content\/uploads\/2025\/11\/Feeding-starter-set-Maxi-Blush-2.png","width":1080,"height":1080},{"@type":"BreadcrumbList","@id":"https:\/\/najnaj.eu\/fr\/proizvod\/b-box-ultimativni-set-za-hranjenje-blush\/#breadcrumb","itemListElement":[{"@type":"ListItem","position":1,"name":"Po\u010detna stranica","item":"https:\/\/najnaj.eu\/fr\/"},{"@type":"ListItem","position":2,"name":"Trgovina","item":"https:\/\/najnaj.hr\/trgovina\/"},{"@type":"ListItem","position":3,"name":"b.box Ultimativni set za hranjenje &#8211; blush"}]},{"@type":"WebSite","@id":"https:\/\/najnaj.eu\/fr\/#website","url":"https:\/\/najnaj.eu\/fr\/","name":"NajNaj.eu","description":"Za najva\u017enije!","potentialAction":[{"@type":"SearchAction","target":{"@type":"EntryPoint","urlTemplate":"https:\/\/najnaj.eu\/fr\/?s={search_term_string}"},"query-input":{"@type":"PropertyValueSpecification","valueRequired":true,"valueName":"search_term_string"}}],"inLanguage":"fr-FR"}]},"product_brand":"b.box","product_price_amount":"59.99","product_price_currency":"EUR","og_availability":"instock","product_availability":"instock","product_retailer_item_id":"Ultimativni_set_za_hranjenje_blush","product_condition":"new"},"_links":{"self":[{"href":"https:\/\/najnaj.eu\/fr\/wp-json\/wp\/v2\/product\/281016","targetHints":{"allow":["GET"]}}],"collection":[{"href":"https:\/\/najnaj.eu\/fr\/wp-json\/wp\/v2\/product"}],"about":[{"href":"https:\/\/najnaj.eu\/fr\/wp-json\/wp\/v2\/types\/product"}],"replies":[{"embeddable":true,"href":"https:\/\/najnaj.eu\/fr\/wp-json\/wp\/v2\/comments?post=281016"}],"version-history":[{"count":0,"href":"https:\/\/najnaj.eu\/fr\/wp-json\/wp\/v2\/product\/281016\/revisions"}],"wp:featuredmedia":[{"embeddable":true,"href":"https:\/\/najnaj.eu\/fr\/wp-json\/wp\/v2\/media\/281035"}],"wp:attachment":[{"href":"https:\/\/najnaj.eu\/fr\/wp-json\/wp\/v2\/media?parent=281016"}],"wp:term":[{"taxonomy":"product_brand","embeddable":true,"href":"https:\/\/najnaj.eu\/fr\/wp-json\/wp\/v2\/product_brand?post=281016"},{"taxonomy":"product_cat","embeddable":true,"href":"https:\/\/najnaj.eu\/fr\/wp-json\/wp\/v2\/product_cat?post=281016"},{"taxonomy":"product_tag","embeddable":true,"href":"https:\/\/najnaj.eu\/fr\/wp-json\/wp\/v2\/product_tag?post=281016"}],"curies":[{"name":"wp","href":"https:\/\/api.w.org\/{rel}","templated":true}]}}