{"id":280935,"date":"2025-11-27T13:04:51","date_gmt":"2025-11-27T12:04:51","guid":{"rendered":"https:\/\/najnaj.eu\/?post_type=product&#038;p=280935"},"modified":"2026-04-14T20:00:09","modified_gmt":"2026-04-14T18:00:09","slug":"b-box-set-za-hranjenje-u-pokretu-emerald-forest","status":"publish","type":"product","link":"https:\/\/najnaj.eu\/fr\/proizvod\/b-box-set-za-hranjenje-u-pokretu-emerald-forest\/","title":{"rendered":"b.box Set za hranjenje u pokretu &#8211; emerald forest"},"content":{"rendered":"<p>Ovaj set za hranjenje u pokretu prati male avanturiste gdje god krenuli! Toplu juhicu ili hladno vo\u0107e, osvje\u017eenje i omiljene grickalice \u2013 ponesite sve sa sobom u prakti\u010dnoj termo posudi, pametnoj Tritan\u2122 bo\u010dici sa slamkom i kutiji koja sprje\u010dava mrvice u torbi. Kompaktno, izdr\u017eljivo i spremno za sve dnevne pothvate \u2013 set koji olak\u0161ava izlaske, a djeci svaki obrok pretvara u mali u\u017eitak!<\/p>\n<h4><a href=\"https:\/\/najnaj.eu\/proizvod\/b-box-termo-posuda-za-hranu-emerald-forest\/\" target=\"_blank\" rel=\"noopener\"><strong>1. Termo posuda za hranu<\/strong><\/a><\/h4>\n<ul>\n<li>Hrana ostaje hladna do 8 ili topla do 6 sati<\/li>\n<li>Nehr\u0111aju\u0107i \u010delik s trostrukom izolacijskom stijenkom<\/li>\n<li>Ru\u010dke je lako ukloniti, kako bi se posudica \u0161to bolje prilagodila \u017eeljama i potrebama djeteta<\/li>\n<li>Ru\u010dkica na poklopcu olak\u0161ava dje\u010dici da si sama otvore posudicu<\/li>\n<li>Jedinstvani stoper sprje\u010dava prejako stezanje poklopca<\/li>\n<li>\u017dlica\/vilica uklju\u010dena u set, umetnuta u poseban utor<\/li>\n<li>Perivo u perilici posu\u0111a<\/li>\n<li>Kapacitet: 335 ml<\/li>\n<\/ul>\n<h4><a href=\"https:\/\/najnaj.eu\/proizvod\/b-box-tritan-bocica-sa-slamkom-450-ml-emerald-forest\/\" target=\"_blank\" rel=\"noopener\"><strong>2. Tritan\u2122 bo\u010dica sa slamkom, 450ml<\/strong><\/a><\/h4>\n<ul>\n<li>od 9+ mj<\/li>\n<li>Jedinstven ergonomski trokutasti oblik omogu\u0107ava lak\u0161e dr\u017eanje dvjema ru\u010dicama<\/li>\n<li>Poklopac dizajniran za lako otvaranje i zatvaranje, otvara se pritiskom tipke i ostaje zaklju\u010dan, kako bi sprije\u010dio udaranje djeteta po licu prilikom naginjanja<\/li>\n<li>Vrh slamke s ventilom otpornim na prolijevanje sprje\u010dava slu\u010dajno prolijevanje<\/li>\n<li>Velika ru\u010dka za lak\u0161e va\u0111enje iz torbe i no\u0161enje u ruci<\/li>\n<li>Veliki otvor za lak\u0161e punjenje i stavljanje kockica leda<\/li>\n<li>Malo dijelova za lak\u0161e \u010di\u0161\u0107enje i sastavljanje<\/li>\n<li>Kapacitet: 450 ml<\/li>\n<li>Dimenzije: 7,7 x 7,5 x 23,2 cm<\/li>\n<\/ul>\n<h4><a href=\"https:\/\/najnaj.eu\/proizvod\/b-box-kutija-za-grickalice-emerald-forest\/\" target=\"_blank\" rel=\"noopener\"><strong>3. Kutija za grickalice<\/strong><\/a><\/h4>\n<ul>\n<li>Dva zatvorena odjeljka otporna na curenje, osiguravaju mokru hranu poput pirea, jogurta ili umaka<\/li>\n<li>Brtve se mogu potpuno ukloniti radi lak\u0161eg \u010di\u0161\u0107enja i sprje\u010davanja nakupljanja plijesni<\/li>\n<li>Uz jedinstveni odjeljak za cijelo vo\u0107e s rastezljivom brtvom nema potrebe za rezanjem vo\u0107a na komadi\u0107e<\/li>\n<li>Pogodno za perilicu posu\u0111a, samo na gornjoj polici<\/li>\n<li>Dimenzije: 11 x 16,5 x 5,7 cm<\/li>\n<li>Kapacitet: 350 ml<\/li>\n<\/ul>\n","protected":false},"excerpt":{"rendered":"<p>Sadr\u017eaj seta:<\/p>\n<ul>\n<li>b.box Termo posuda za hranu<\/li>\n<li>b.box Tritan\u2122 bo\u010dica sa slamkom, 450 ml<\/li>\n<li>b.box Kutija za grickalice<\/li>\n<\/ul>\n<p>&#8211; Dr\u017ei obroke toplima ili hladnima i idealan je za obroke izvan ku\u0107e<br \/>\n&#8211; Bo\u010dica s izdr\u017eljivom slamkom omogu\u0107uje jednostavnu hidrataciju u pokretu<br \/>\n&#8211; Kompaktna kutijica \u010duva grickalice svje\u017eima i sprje\u010dava nered u torbi<\/p>\n","protected":false},"featured_media":280937,"comment_status":"closed","ping_status":"closed","template":"","meta":{"_acf_changed":false,"footnotes":""},"product_brand":[],"product_cat":[577,1709,2216],"product_tag":[],"class_list":{"0":"post-280935","1":"product","2":"type-product","3":"status-publish","4":"has-post-thumbnail","6":"product_cat-hranjenje","7":"product_cat-pokloni","8":"product_cat-setovi-za-hranjenje","9":"pa_boja-zelena","10":"pa_brand-b-box","11":"pa_vrsta-posuda-bocice-za-vodu","12":"pa_vrsta-posuda-kutije-za-grickalice","13":"pa_vrsta-posuda-posude-za-hranu","15":"first","16":"instock","17":"sale","18":"virtual","19":"purchasable","20":"product-type-bundle"},"bundled_by":[],"bundle_stock_status":"instock","bundle_stock_quantity":13,"bundle_virtual":false,"bundle_layout":"grid","bundle_add_to_cart_form_location":"default","bundle_editable_in_cart":false,"bundle_sold_individually_context":"product","bundle_item_grouping":"parent","bundle_min_size":"","bundle_max_size":"","bundle_price":{"price":{"min":{"incl_tax":"49.99","excl_tax":"49.99"},"max":{"incl_tax":"49.99","excl_tax":"49.99"}},"regular_price":{"min":{"incl_tax":"62.97","excl_tax":"62.97"},"max":{"incl_tax":"62.97","excl_tax":"62.97"}}},"bundled_items":[{"bundled_item_id":362,"product_id":150786,"menu_order":0,"quantity_min":1,"quantity_max":1,"quantity_default":1,"priced_individually":false,"shipped_individually":false,"override_title":true,"title":"Termo posuda za hranu - emerald forest","override_description":true,"description":"","optional":false,"hide_thumbnail":false,"discount":"","override_variations":false,"allowed_variations":[],"override_default_variation_attributes":false,"default_variation_attributes":[],"single_product_visibility":"visible","cart_visibility":"visible","order_visibility":"visible","single_product_price_visibility":"visible","cart_price_visibility":"visible","order_price_visibility":"visible","stock_status":"in_stock"},{"bundled_item_id":363,"product_id":150503,"menu_order":1,"quantity_min":1,"quantity_max":1,"quantity_default":1,"priced_individually":false,"shipped_individually":false,"override_title":true,"title":"Bo\u010dica sa slamkom 450 ml - emerald forest","override_description":true,"description":"","optional":false,"hide_thumbnail":false,"discount":"","override_variations":false,"allowed_variations":[],"override_default_variation_attributes":false,"default_variation_attributes":[],"single_product_visibility":"visible","cart_visibility":"visible","order_visibility":"visible","single_product_price_visibility":"visible","cart_price_visibility":"visible","order_price_visibility":"visible","stock_status":"in_stock"},{"bundled_item_id":364,"product_id":150806,"menu_order":2,"quantity_min":1,"quantity_max":1,"quantity_default":1,"priced_individually":false,"shipped_individually":false,"override_title":true,"title":"Kutija za grickalice - emerald forest","override_description":true,"description":"","optional":false,"hide_thumbnail":false,"discount":"","override_variations":false,"allowed_variations":[],"override_default_variation_attributes":false,"default_variation_attributes":[],"single_product_visibility":"visible","cart_visibility":"visible","order_visibility":"visible","single_product_price_visibility":"visible","cart_price_visibility":"visible","order_price_visibility":"visible","stock_status":"in_stock"}],"bundle_sell_ids":[],"acf":[],"yoast_head":"<!-- This site is optimized with the Yoast SEO Premium plugin v21.5 (Yoast SEO v27.4) - https:\/\/yoast.com\/product\/yoast-seo-premium-wordpress\/ -->\n<title>b.box Set za hranjenje u pokretu - emerald forest - NajNaj.eu<\/title>\n<meta name=\"description\" content=\"Set za hranjenje u pokretu: termo posuda, Tritan\u2122 bo\u010dica i kutija za grickalice. Savr\u0161eno za male avanturiste i obroke izvan doma!\" \/>\n<meta name=\"robots\" content=\"index, follow, max-snippet:-1, max-image-preview:large, max-video-preview:-1\" \/>\n<link rel=\"canonical\" href=\"https:\/\/najnaj.eu\/fr\/proizvod\/b-box-set-za-hranjenje-u-pokretu-emerald-forest\/\" \/>\n<meta property=\"og:locale\" content=\"fr_FR\" \/>\n<meta property=\"og:type\" content=\"article\" \/>\n<meta property=\"og:title\" content=\"b.box Set za hranjenje u pokretu - emerald forest\" \/>\n<meta property=\"og:description\" content=\"Set za hranjenje u pokretu: termo posuda, Tritan\u2122 bo\u010dica i kutija za grickalice. Savr\u0161eno za male avanturiste i obroke izvan doma!\" \/>\n<meta property=\"og:url\" content=\"https:\/\/najnaj.eu\/fr\/proizvod\/b-box-set-za-hranjenje-u-pokretu-emerald-forest\/\" \/>\n<meta property=\"og:site_name\" content=\"NajNaj.eu\" \/>\n<meta property=\"article:publisher\" content=\"https:\/\/web.facebook.com\/najnaj.eu\/\" \/>\n<meta property=\"article:modified_time\" content=\"2026-04-14T18:00:09+00:00\" \/>\n<meta property=\"og:image\" content=\"https:\/\/najnaj.eu\/wp-content\/uploads\/2025\/11\/Toddler-feeding-set-Emerald-Forest-2.png\" \/>\n\t<meta property=\"og:image:width\" content=\"1080\" \/>\n\t<meta property=\"og:image:height\" content=\"1080\" \/>\n\t<meta property=\"og:image:type\" content=\"image\/png\" \/>\n<meta name=\"twitter:card\" content=\"summary_large_image\" \/>\n<meta name=\"twitter:label1\" content=\"Prix\" \/>\n\t<meta name=\"twitter:data1\" content=\"49,99&nbsp;&euro;\" \/>\n\t<meta name=\"twitter:label2\" content=\"Disponibilit\u00e9\" \/>\n\t<meta name=\"twitter:data2\" content=\"En stock\" \/>\n<script type=\"application\/ld+json\" class=\"yoast-schema-graph\">{\"@context\":\"https:\\\/\\\/schema.org\",\"@graph\":[{\"@type\":\"WebPage\",\"@id\":\"https:\\\/\\\/najnaj.eu\\\/fr\\\/proizvod\\\/b-box-set-za-hranjenje-u-pokretu-emerald-forest\\\/\",\"url\":\"https:\\\/\\\/najnaj.eu\\\/fr\\\/proizvod\\\/b-box-set-za-hranjenje-u-pokretu-emerald-forest\\\/\",\"name\":\"b.box Set za hranjenje u pokretu - emerald forest - NajNaj.eu\",\"isPartOf\":{\"@id\":\"https:\\\/\\\/najnaj.eu\\\/fr\\\/#website\"},\"primaryImageOfPage\":{\"@id\":\"https:\\\/\\\/najnaj.eu\\\/fr\\\/proizvod\\\/b-box-set-za-hranjenje-u-pokretu-emerald-forest\\\/#primaryimage\"},\"image\":{\"@id\":\"https:\\\/\\\/najnaj.eu\\\/fr\\\/proizvod\\\/b-box-set-za-hranjenje-u-pokretu-emerald-forest\\\/#primaryimage\"},\"thumbnailUrl\":\"https:\\\/\\\/najnaj.eu\\\/wp-content\\\/uploads\\\/2025\\\/11\\\/Toddler-feeding-set-Emerald-Forest-2.png\",\"datePublished\":\"2025-11-27T12:04:51+00:00\",\"dateModified\":\"2026-04-14T18:00:09+00:00\",\"description\":\"Set za hranjenje u pokretu: termo posuda, Tritan\u2122 bo\u010dica i kutija za grickalice. Savr\u0161eno za male avanturiste i obroke izvan doma!\",\"breadcrumb\":{\"@id\":\"https:\\\/\\\/najnaj.eu\\\/fr\\\/proizvod\\\/b-box-set-za-hranjenje-u-pokretu-emerald-forest\\\/#breadcrumb\"},\"inLanguage\":\"fr-FR\",\"potentialAction\":[{\"@type\":\"ReadAction\",\"target\":[\"https:\\\/\\\/najnaj.eu\\\/fr\\\/proizvod\\\/b-box-set-za-hranjenje-u-pokretu-emerald-forest\\\/\"]}]},{\"@type\":\"ImageObject\",\"inLanguage\":\"fr-FR\",\"@id\":\"https:\\\/\\\/najnaj.eu\\\/fr\\\/proizvod\\\/b-box-set-za-hranjenje-u-pokretu-emerald-forest\\\/#primaryimage\",\"url\":\"https:\\\/\\\/najnaj.eu\\\/wp-content\\\/uploads\\\/2025\\\/11\\\/Toddler-feeding-set-Emerald-Forest-2.png\",\"contentUrl\":\"https:\\\/\\\/najnaj.eu\\\/wp-content\\\/uploads\\\/2025\\\/11\\\/Toddler-feeding-set-Emerald-Forest-2.png\",\"width\":1080,\"height\":1080},{\"@type\":\"BreadcrumbList\",\"@id\":\"https:\\\/\\\/najnaj.eu\\\/fr\\\/proizvod\\\/b-box-set-za-hranjenje-u-pokretu-emerald-forest\\\/#breadcrumb\",\"itemListElement\":[{\"@type\":\"ListItem\",\"position\":1,\"name\":\"Po\u010detna stranica\",\"item\":\"https:\\\/\\\/najnaj.eu\\\/fr\\\/\"},{\"@type\":\"ListItem\",\"position\":2,\"name\":\"Trgovina\",\"item\":\"https:\\\/\\\/najnaj.hr\\\/trgovina\\\/\"},{\"@type\":\"ListItem\",\"position\":3,\"name\":\"b.box Set za hranjenje u pokretu &#8211; emerald forest\"}]},{\"@type\":\"WebSite\",\"@id\":\"https:\\\/\\\/najnaj.eu\\\/fr\\\/#website\",\"url\":\"https:\\\/\\\/najnaj.eu\\\/fr\\\/\",\"name\":\"NajNaj.eu\",\"description\":\"Za najva\u017enije!\",\"potentialAction\":[{\"@type\":\"SearchAction\",\"target\":{\"@type\":\"EntryPoint\",\"urlTemplate\":\"https:\\\/\\\/najnaj.eu\\\/fr\\\/?s={search_term_string}\"},\"query-input\":{\"@type\":\"PropertyValueSpecification\",\"valueRequired\":true,\"valueName\":\"search_term_string\"}}],\"inLanguage\":\"fr-FR\"}]}<\/script>\n<meta property=\"product:brand\" content=\"b.box\" \/>\n<meta property=\"product:price:amount\" content=\"49.99\" \/>\n<meta property=\"product:price:currency\" content=\"EUR\" \/>\n<meta property=\"og:availability\" content=\"instock\" \/>\n<meta property=\"product:availability\" content=\"instock\" \/>\n<meta property=\"product:retailer_item_id\" content=\"Set_za_hranjenje_u_pokretu_emerald_forest\" \/>\n<meta property=\"product:condition\" content=\"new\" \/>\n<!-- \/ Yoast SEO Premium plugin. -->","yoast_head_json":{"title":"b.box Set za hranjenje u pokretu - emerald forest - NajNaj.eu","description":"Set za hranjenje u pokretu: termo posuda, Tritan\u2122 bo\u010dica i kutija za grickalice. Savr\u0161eno za male avanturiste i obroke izvan doma!","robots":{"index":"index","follow":"follow","max-snippet":"max-snippet:-1","max-image-preview":"max-image-preview:large","max-video-preview":"max-video-preview:-1"},"canonical":"https:\/\/najnaj.eu\/fr\/proizvod\/b-box-set-za-hranjenje-u-pokretu-emerald-forest\/","og_locale":"fr_FR","og_type":"article","og_title":"b.box Set za hranjenje u pokretu - emerald forest","og_description":"Set za hranjenje u pokretu: termo posuda, Tritan\u2122 bo\u010dica i kutija za grickalice. Savr\u0161eno za male avanturiste i obroke izvan doma!","og_url":"https:\/\/najnaj.eu\/fr\/proizvod\/b-box-set-za-hranjenje-u-pokretu-emerald-forest\/","og_site_name":"NajNaj.eu","article_publisher":"https:\/\/web.facebook.com\/najnaj.eu\/","article_modified_time":"2026-04-14T18:00:09+00:00","og_image":[{"width":1080,"height":1080,"url":"https:\/\/najnaj.eu\/wp-content\/uploads\/2025\/11\/Toddler-feeding-set-Emerald-Forest-2.png","type":"image\/png"}],"twitter_card":"summary_large_image","twitter_misc":{"Prix":"49,99&nbsp;&euro;","Disponibilit\u00e9":"En stock"},"schema":{"@context":"https:\/\/schema.org","@graph":[{"@type":"WebPage","@id":"https:\/\/najnaj.eu\/fr\/proizvod\/b-box-set-za-hranjenje-u-pokretu-emerald-forest\/","url":"https:\/\/najnaj.eu\/fr\/proizvod\/b-box-set-za-hranjenje-u-pokretu-emerald-forest\/","name":"b.box Set za hranjenje u pokretu - emerald forest - NajNaj.eu","isPartOf":{"@id":"https:\/\/najnaj.eu\/fr\/#website"},"primaryImageOfPage":{"@id":"https:\/\/najnaj.eu\/fr\/proizvod\/b-box-set-za-hranjenje-u-pokretu-emerald-forest\/#primaryimage"},"image":{"@id":"https:\/\/najnaj.eu\/fr\/proizvod\/b-box-set-za-hranjenje-u-pokretu-emerald-forest\/#primaryimage"},"thumbnailUrl":"https:\/\/najnaj.eu\/wp-content\/uploads\/2025\/11\/Toddler-feeding-set-Emerald-Forest-2.png","datePublished":"2025-11-27T12:04:51+00:00","dateModified":"2026-04-14T18:00:09+00:00","description":"Set za hranjenje u pokretu: termo posuda, Tritan\u2122 bo\u010dica i kutija za grickalice. Savr\u0161eno za male avanturiste i obroke izvan doma!","breadcrumb":{"@id":"https:\/\/najnaj.eu\/fr\/proizvod\/b-box-set-za-hranjenje-u-pokretu-emerald-forest\/#breadcrumb"},"inLanguage":"fr-FR","potentialAction":[{"@type":"ReadAction","target":["https:\/\/najnaj.eu\/fr\/proizvod\/b-box-set-za-hranjenje-u-pokretu-emerald-forest\/"]}]},{"@type":"ImageObject","inLanguage":"fr-FR","@id":"https:\/\/najnaj.eu\/fr\/proizvod\/b-box-set-za-hranjenje-u-pokretu-emerald-forest\/#primaryimage","url":"https:\/\/najnaj.eu\/wp-content\/uploads\/2025\/11\/Toddler-feeding-set-Emerald-Forest-2.png","contentUrl":"https:\/\/najnaj.eu\/wp-content\/uploads\/2025\/11\/Toddler-feeding-set-Emerald-Forest-2.png","width":1080,"height":1080},{"@type":"BreadcrumbList","@id":"https:\/\/najnaj.eu\/fr\/proizvod\/b-box-set-za-hranjenje-u-pokretu-emerald-forest\/#breadcrumb","itemListElement":[{"@type":"ListItem","position":1,"name":"Po\u010detna stranica","item":"https:\/\/najnaj.eu\/fr\/"},{"@type":"ListItem","position":2,"name":"Trgovina","item":"https:\/\/najnaj.hr\/trgovina\/"},{"@type":"ListItem","position":3,"name":"b.box Set za hranjenje u pokretu &#8211; emerald forest"}]},{"@type":"WebSite","@id":"https:\/\/najnaj.eu\/fr\/#website","url":"https:\/\/najnaj.eu\/fr\/","name":"NajNaj.eu","description":"Za najva\u017enije!","potentialAction":[{"@type":"SearchAction","target":{"@type":"EntryPoint","urlTemplate":"https:\/\/najnaj.eu\/fr\/?s={search_term_string}"},"query-input":{"@type":"PropertyValueSpecification","valueRequired":true,"valueName":"search_term_string"}}],"inLanguage":"fr-FR"}]},"product_brand":"b.box","product_price_amount":"49.99","product_price_currency":"EUR","og_availability":"instock","product_availability":"instock","product_retailer_item_id":"Set_za_hranjenje_u_pokretu_emerald_forest","product_condition":"new"},"_links":{"self":[{"href":"https:\/\/najnaj.eu\/fr\/wp-json\/wp\/v2\/product\/280935","targetHints":{"allow":["GET"]}}],"collection":[{"href":"https:\/\/najnaj.eu\/fr\/wp-json\/wp\/v2\/product"}],"about":[{"href":"https:\/\/najnaj.eu\/fr\/wp-json\/wp\/v2\/types\/product"}],"replies":[{"embeddable":true,"href":"https:\/\/najnaj.eu\/fr\/wp-json\/wp\/v2\/comments?post=280935"}],"version-history":[{"count":0,"href":"https:\/\/najnaj.eu\/fr\/wp-json\/wp\/v2\/product\/280935\/revisions"}],"wp:featuredmedia":[{"embeddable":true,"href":"https:\/\/najnaj.eu\/fr\/wp-json\/wp\/v2\/media\/280937"}],"wp:attachment":[{"href":"https:\/\/najnaj.eu\/fr\/wp-json\/wp\/v2\/media?parent=280935"}],"wp:term":[{"taxonomy":"product_brand","embeddable":true,"href":"https:\/\/najnaj.eu\/fr\/wp-json\/wp\/v2\/product_brand?post=280935"},{"taxonomy":"product_cat","embeddable":true,"href":"https:\/\/najnaj.eu\/fr\/wp-json\/wp\/v2\/product_cat?post=280935"},{"taxonomy":"product_tag","embeddable":true,"href":"https:\/\/najnaj.eu\/fr\/wp-json\/wp\/v2\/product_tag?post=280935"}],"curies":[{"name":"wp","href":"https:\/\/api.w.org\/{rel}","templated":true}]}}