{"id":280901,"date":"2025-11-27T12:40:45","date_gmt":"2025-11-27T11:40:45","guid":{"rendered":"https:\/\/najnaj.eu\/?post_type=product&#038;p=280901"},"modified":"2026-03-21T22:40:23","modified_gmt":"2026-03-21T21:40:23","slug":"b-box-osnovni-set-za-hranjenje-sage","status":"publish","type":"product","link":"https:\/\/najnaj.eu\/fr\/proizvod\/b-box-osnovni-set-za-hranjenje-sage\/","title":{"rendered":"b.box Osnovni set za hranjenje &#8211; sage"},"content":{"rendered":"<p>Osnovni set za hranjenje donosi sve \u0161to mali gurman treba za velike zalogaje! U jednom prakti\u010dnom paketi\u0107u dolaze silikonski tanjur s poklopcem za bezbri\u017ena putovanja, super-fleksibilni podbradnjak koji hvata ba\u0161 sve mrvice i dje\u010dji pribor za jelo koji poti\u010de sigurno i samostalno hranjenje. Manje nereda, vi\u0161e u\u017eivanja \u2013 savr\u0161ena kombinacija za slasne po\u010detke za stolom!<\/p>\n<h4><a href=\"https:\/\/najnaj.eu\/proizvod\/b-box-2u1-prijanjajuci-tanjur-sage\/\" target=\"_blank\" rel=\"noopener\"><strong>1. Silikonski tanjur + poklopac<\/strong><\/a><\/h4>\n<ul>\n<li>Izra\u0111en od platinum silikona &#8211; sigurnog za bebe<\/li>\n<li>\u010cvrsta neklizaju\u0107a silikonska prijanjaju\u0107a baza koja dr\u017ei<\/li>\n<li>Jednostavno povucite jezi\u010dak da biste oslobodili tanjur<\/li>\n<li>3 odjeljka &#8211; idealno za porcioniranje hrane i izbirljivce<\/li>\n<li>Svestrani nepropusni poklopac slu\u017ei i kao prostirka za hranjenje<\/li>\n<li>Zakrivljene strane za jednostavno grabljenje i samostalno hranjenje<\/li>\n<li>Pogodan za toplu i hladnu hranu<\/li>\n<\/ul>\n<h4><a href=\"https:\/\/najnaj.eu\/proizvod\/b-box-silikonski-podbradnjak-sage\/\" target=\"_blank\" rel=\"noopener\"><strong>2. Silikonski podbradnjak<\/strong><\/a><\/h4>\n<ul>\n<li>4mj+<\/li>\n<li>Duboki \u201cstay open\u201d d\u017eep hvata vi\u0161e hrane i teku\u0107ine<\/li>\n<li>Udoban su\u017eeni oblik ramena<\/li>\n<li>Glatki oblo\u017eeni rub za udobnije no\u0161enje<\/li>\n<li>Podesivo zatvaranje vrata<\/li>\n<li>Netoksi\u010dni silikon zadr\u017eava svoju glatku neljepljivu povr\u0161inu, \u010dak i kada je mokar<\/li>\n<li>Smotajte i osigurajte za kompaktnije &gt;skladi\u0161tenje u pokretu<\/li>\n<li>Lako se \u010disti<\/li>\n<li>Pogodno za pranje u perilici posu\u0111a<\/li>\n<li>Izra\u0111en od FDA silikona<\/li>\n<li>Dimenzije: 21,8cm x 29,6cm<\/li>\n<li>Bez BPA, ftalata i PVC-a<\/li>\n<\/ul>\n<h4><strong><a href=\"https:\/\/najnaj.eu\/proizvod\/b-box-pribor-za-jelo-sage\/\" target=\"_blank\" rel=\"noopener\">3. Pribor za jelo<\/a><\/strong><\/h4>\n<ul>\n<li>Ru\u010dke za jednostavno dr\u017eanje pod kutom za optimalno pozicioniranje ruke na usta<\/li>\n<li>Jedinstveni cvjetni dizajn omogu\u0107uje djeci napikavanje hrane i prilago\u0111avanje veli\u010dini i obliku malih usta<\/li>\n<li>Zaobljeni zupci nje\u017eniji su za male desni pa mali\u0161ani mogu sigurno jesti<\/li>\n<li>Prakti\u010dna putna torbica odr\u017eava pribor \u010distim dok ste u pokretu<\/li>\n<li>Mo\u017ee se prati u perilici posu\u0111a<\/li>\n<li>Dimenzije: cvjeti\u0107: du\u017eina 11 cm, \u017elica: du\u017eina 13 cm, kutija zatvorena: 14 x 5,5 x 3,5 cm<\/li>\n<\/ul>\n","protected":false},"excerpt":{"rendered":"<p>Sadr\u017eaj seta:<\/p>\n<ul>\n<li>b.box Silikonski tanjur + poklopac<\/li>\n<li>b.box Silikonski podbradnjak<\/li>\n<li>b.box Pribor za jelo<\/li>\n<\/ul>\n<p>&#8211; Prakti\u010dan po\u010detni komplet za prve samostalne obroke<br \/>\n&#8211; Smanjuje nered zahvaljuju\u0107i podbradnjaku i tanjuru koji se mo\u017ee zatvoriti<br \/>\n&#8211; Ergonomi\u010dni pribor poti\u010de razvoj fine motorike i samostalnog hranjenja<\/p>\n","protected":false},"featured_media":280902,"comment_status":"closed","ping_status":"closed","template":"","meta":{"_acf_changed":false,"footnotes":""},"product_brand":[],"product_cat":[577,2382,2216],"product_tag":[],"class_list":{"0":"post-280901","1":"product","2":"type-product","3":"status-publish","4":"has-post-thumbnail","6":"product_cat-hranjenje","7":"product_cat-cadeaux","8":"product_cat-setovi-za-hranjenje","9":"pa_boja-zelena","10":"pa_brand-b-box","11":"pa_vrsta-posuda-pribor-za-jelo","12":"pa_vrsta-posuda-tanjuri-i-zdjelice","14":"first","15":"instock","16":"sale","17":"virtual","18":"purchasable","19":"product-type-bundle"},"bundled_by":[],"bundle_stock_status":"instock","bundle_stock_quantity":15,"bundle_virtual":false,"bundle_layout":"grid","bundle_add_to_cart_form_location":"default","bundle_editable_in_cart":false,"bundle_sold_individually_context":"product","bundle_item_grouping":"parent","bundle_min_size":"","bundle_max_size":"","bundle_price":{"price":{"min":{"incl_tax":"39.99","excl_tax":"39.99"},"max":{"incl_tax":"39.99","excl_tax":"39.99"}},"regular_price":{"min":{"incl_tax":"48.97","excl_tax":"48.97"},"max":{"incl_tax":"48.97","excl_tax":"48.97"}}},"bundled_items":[{"bundled_item_id":360,"product_id":216437,"menu_order":0,"quantity_min":1,"quantity_max":1,"quantity_default":1,"priced_individually":false,"shipped_individually":false,"override_title":true,"title":"Silikonski tanjur + poklopac - sage","override_description":true,"description":"","optional":false,"hide_thumbnail":false,"discount":"","override_variations":false,"allowed_variations":[],"override_default_variation_attributes":false,"default_variation_attributes":[],"single_product_visibility":"visible","cart_visibility":"visible","order_visibility":"visible","single_product_price_visibility":"visible","cart_price_visibility":"visible","order_price_visibility":"visible","stock_status":"in_stock"},{"bundled_item_id":358,"product_id":203681,"menu_order":1,"quantity_min":1,"quantity_max":1,"quantity_default":1,"priced_individually":false,"shipped_individually":false,"override_title":true,"title":"Silikonski podbradnjak - sage","override_description":true,"description":"","optional":false,"hide_thumbnail":false,"discount":"","override_variations":false,"allowed_variations":[],"override_default_variation_attributes":false,"default_variation_attributes":[],"single_product_visibility":"visible","cart_visibility":"visible","order_visibility":"visible","single_product_price_visibility":"visible","cart_price_visibility":"visible","order_price_visibility":"visible","stock_status":"in_stock"},{"bundled_item_id":361,"product_id":278945,"menu_order":2,"quantity_min":1,"quantity_max":1,"quantity_default":1,"priced_individually":false,"shipped_individually":false,"override_title":true,"title":"Pribor za jelo - sage","override_description":true,"description":"","optional":false,"hide_thumbnail":false,"discount":"","override_variations":false,"allowed_variations":[],"override_default_variation_attributes":false,"default_variation_attributes":[],"single_product_visibility":"visible","cart_visibility":"visible","order_visibility":"visible","single_product_price_visibility":"visible","cart_price_visibility":"visible","order_price_visibility":"visible","stock_status":"in_stock"}],"bundle_sell_ids":[],"acf":[],"yoast_head":"<!-- This site is optimized with the Yoast SEO Premium plugin v21.5 (Yoast SEO v27.4) - https:\/\/yoast.com\/product\/yoast-seo-premium-wordpress\/ -->\n<title>b.box Osnovni set za hranjenje - sage - NajNaj.eu<\/title>\n<meta name=\"description\" content=\"Osnovni set za hranjenje: silikonski tanjur s poklopcem, podbradnjak i pribor za jelo za manje nereda i sigurno, samostalno hranjenje mali\u0161ana.\" \/>\n<meta name=\"robots\" content=\"index, follow, max-snippet:-1, max-image-preview:large, max-video-preview:-1\" \/>\n<link rel=\"canonical\" href=\"https:\/\/najnaj.eu\/fr\/proizvod\/b-box-osnovni-set-za-hranjenje-sage\/\" \/>\n<meta property=\"og:locale\" content=\"fr_FR\" \/>\n<meta property=\"og:type\" content=\"article\" \/>\n<meta property=\"og:title\" content=\"b.box Osnovni set za hranjenje - sage\" \/>\n<meta property=\"og:description\" content=\"Osnovni set za hranjenje: silikonski tanjur s poklopcem, podbradnjak i pribor za jelo za manje nereda i sigurno, samostalno hranjenje mali\u0161ana.\" \/>\n<meta property=\"og:url\" content=\"https:\/\/najnaj.eu\/fr\/proizvod\/b-box-osnovni-set-za-hranjenje-sage\/\" \/>\n<meta property=\"og:site_name\" content=\"NajNaj.eu\" \/>\n<meta property=\"article:publisher\" content=\"https:\/\/web.facebook.com\/najnaj.eu\/\" \/>\n<meta property=\"article:modified_time\" content=\"2026-03-21T21:40:23+00:00\" \/>\n<meta property=\"og:image\" content=\"https:\/\/najnaj.eu\/wp-content\/uploads\/2025\/11\/Feeding-starter-set-mini-Sage-2.png\" \/>\n\t<meta property=\"og:image:width\" content=\"1080\" \/>\n\t<meta property=\"og:image:height\" content=\"1080\" \/>\n\t<meta property=\"og:image:type\" content=\"image\/png\" \/>\n<meta name=\"twitter:card\" content=\"summary_large_image\" \/>\n<meta name=\"twitter:label1\" content=\"Prix\" \/>\n\t<meta name=\"twitter:data1\" content=\"39,99&nbsp;&euro;\" \/>\n\t<meta name=\"twitter:label2\" content=\"Disponibilit\u00e9\" \/>\n\t<meta name=\"twitter:data2\" content=\"En stock\" \/>\n<script type=\"application\/ld+json\" class=\"yoast-schema-graph\">{\"@context\":\"https:\\\/\\\/schema.org\",\"@graph\":[{\"@type\":\"WebPage\",\"@id\":\"https:\\\/\\\/najnaj.eu\\\/fr\\\/proizvod\\\/b-box-osnovni-set-za-hranjenje-sage\\\/\",\"url\":\"https:\\\/\\\/najnaj.eu\\\/fr\\\/proizvod\\\/b-box-osnovni-set-za-hranjenje-sage\\\/\",\"name\":\"b.box Osnovni set za hranjenje - sage - NajNaj.eu\",\"isPartOf\":{\"@id\":\"https:\\\/\\\/najnaj.eu\\\/fr\\\/#website\"},\"primaryImageOfPage\":{\"@id\":\"https:\\\/\\\/najnaj.eu\\\/fr\\\/proizvod\\\/b-box-osnovni-set-za-hranjenje-sage\\\/#primaryimage\"},\"image\":{\"@id\":\"https:\\\/\\\/najnaj.eu\\\/fr\\\/proizvod\\\/b-box-osnovni-set-za-hranjenje-sage\\\/#primaryimage\"},\"thumbnailUrl\":\"https:\\\/\\\/najnaj.eu\\\/wp-content\\\/uploads\\\/2025\\\/11\\\/Feeding-starter-set-mini-Sage-2.png\",\"datePublished\":\"2025-11-27T11:40:45+00:00\",\"dateModified\":\"2026-03-21T21:40:23+00:00\",\"description\":\"Osnovni set za hranjenje: silikonski tanjur s poklopcem, podbradnjak i pribor za jelo za manje nereda i sigurno, samostalno hranjenje mali\u0161ana.\",\"breadcrumb\":{\"@id\":\"https:\\\/\\\/najnaj.eu\\\/fr\\\/proizvod\\\/b-box-osnovni-set-za-hranjenje-sage\\\/#breadcrumb\"},\"inLanguage\":\"fr-FR\",\"potentialAction\":[{\"@type\":\"ReadAction\",\"target\":[\"https:\\\/\\\/najnaj.eu\\\/fr\\\/proizvod\\\/b-box-osnovni-set-za-hranjenje-sage\\\/\"]}]},{\"@type\":\"ImageObject\",\"inLanguage\":\"fr-FR\",\"@id\":\"https:\\\/\\\/najnaj.eu\\\/fr\\\/proizvod\\\/b-box-osnovni-set-za-hranjenje-sage\\\/#primaryimage\",\"url\":\"https:\\\/\\\/najnaj.eu\\\/wp-content\\\/uploads\\\/2025\\\/11\\\/Feeding-starter-set-mini-Sage-2.png\",\"contentUrl\":\"https:\\\/\\\/najnaj.eu\\\/wp-content\\\/uploads\\\/2025\\\/11\\\/Feeding-starter-set-mini-Sage-2.png\",\"width\":1080,\"height\":1080},{\"@type\":\"BreadcrumbList\",\"@id\":\"https:\\\/\\\/najnaj.eu\\\/fr\\\/proizvod\\\/b-box-osnovni-set-za-hranjenje-sage\\\/#breadcrumb\",\"itemListElement\":[{\"@type\":\"ListItem\",\"position\":1,\"name\":\"Po\u010detna stranica\",\"item\":\"https:\\\/\\\/najnaj.eu\\\/fr\\\/\"},{\"@type\":\"ListItem\",\"position\":2,\"name\":\"Trgovina\",\"item\":\"https:\\\/\\\/najnaj.hr\\\/trgovina\\\/\"},{\"@type\":\"ListItem\",\"position\":3,\"name\":\"b.box Osnovni set za hranjenje &#8211; sage\"}]},{\"@type\":\"WebSite\",\"@id\":\"https:\\\/\\\/najnaj.eu\\\/fr\\\/#website\",\"url\":\"https:\\\/\\\/najnaj.eu\\\/fr\\\/\",\"name\":\"NajNaj.eu\",\"description\":\"Za najva\u017enije!\",\"potentialAction\":[{\"@type\":\"SearchAction\",\"target\":{\"@type\":\"EntryPoint\",\"urlTemplate\":\"https:\\\/\\\/najnaj.eu\\\/fr\\\/?s={search_term_string}\"},\"query-input\":{\"@type\":\"PropertyValueSpecification\",\"valueRequired\":true,\"valueName\":\"search_term_string\"}}],\"inLanguage\":\"fr-FR\"}]}<\/script>\n<meta property=\"product:brand\" content=\"b.box\" \/>\n<meta property=\"product:price:amount\" content=\"39.99\" \/>\n<meta property=\"product:price:currency\" content=\"EUR\" \/>\n<meta property=\"og:availability\" content=\"instock\" \/>\n<meta property=\"product:availability\" content=\"instock\" \/>\n<meta property=\"product:retailer_item_id\" content=\"Osnovni_set_za_hranjenje_sage\" \/>\n<meta property=\"product:condition\" content=\"new\" \/>\n<!-- \/ Yoast SEO Premium plugin. -->","yoast_head_json":{"title":"b.box Osnovni set za hranjenje - sage - NajNaj.eu","description":"Osnovni set za hranjenje: silikonski tanjur s poklopcem, podbradnjak i pribor za jelo za manje nereda i sigurno, samostalno hranjenje mali\u0161ana.","robots":{"index":"index","follow":"follow","max-snippet":"max-snippet:-1","max-image-preview":"max-image-preview:large","max-video-preview":"max-video-preview:-1"},"canonical":"https:\/\/najnaj.eu\/fr\/proizvod\/b-box-osnovni-set-za-hranjenje-sage\/","og_locale":"fr_FR","og_type":"article","og_title":"b.box Osnovni set za hranjenje - sage","og_description":"Osnovni set za hranjenje: silikonski tanjur s poklopcem, podbradnjak i pribor za jelo za manje nereda i sigurno, samostalno hranjenje mali\u0161ana.","og_url":"https:\/\/najnaj.eu\/fr\/proizvod\/b-box-osnovni-set-za-hranjenje-sage\/","og_site_name":"NajNaj.eu","article_publisher":"https:\/\/web.facebook.com\/najnaj.eu\/","article_modified_time":"2026-03-21T21:40:23+00:00","og_image":[{"width":1080,"height":1080,"url":"https:\/\/najnaj.eu\/wp-content\/uploads\/2025\/11\/Feeding-starter-set-mini-Sage-2.png","type":"image\/png"}],"twitter_card":"summary_large_image","twitter_misc":{"Prix":"39,99&nbsp;&euro;","Disponibilit\u00e9":"En stock"},"schema":{"@context":"https:\/\/schema.org","@graph":[{"@type":"WebPage","@id":"https:\/\/najnaj.eu\/fr\/proizvod\/b-box-osnovni-set-za-hranjenje-sage\/","url":"https:\/\/najnaj.eu\/fr\/proizvod\/b-box-osnovni-set-za-hranjenje-sage\/","name":"b.box Osnovni set za hranjenje - sage - NajNaj.eu","isPartOf":{"@id":"https:\/\/najnaj.eu\/fr\/#website"},"primaryImageOfPage":{"@id":"https:\/\/najnaj.eu\/fr\/proizvod\/b-box-osnovni-set-za-hranjenje-sage\/#primaryimage"},"image":{"@id":"https:\/\/najnaj.eu\/fr\/proizvod\/b-box-osnovni-set-za-hranjenje-sage\/#primaryimage"},"thumbnailUrl":"https:\/\/najnaj.eu\/wp-content\/uploads\/2025\/11\/Feeding-starter-set-mini-Sage-2.png","datePublished":"2025-11-27T11:40:45+00:00","dateModified":"2026-03-21T21:40:23+00:00","description":"Osnovni set za hranjenje: silikonski tanjur s poklopcem, podbradnjak i pribor za jelo za manje nereda i sigurno, samostalno hranjenje mali\u0161ana.","breadcrumb":{"@id":"https:\/\/najnaj.eu\/fr\/proizvod\/b-box-osnovni-set-za-hranjenje-sage\/#breadcrumb"},"inLanguage":"fr-FR","potentialAction":[{"@type":"ReadAction","target":["https:\/\/najnaj.eu\/fr\/proizvod\/b-box-osnovni-set-za-hranjenje-sage\/"]}]},{"@type":"ImageObject","inLanguage":"fr-FR","@id":"https:\/\/najnaj.eu\/fr\/proizvod\/b-box-osnovni-set-za-hranjenje-sage\/#primaryimage","url":"https:\/\/najnaj.eu\/wp-content\/uploads\/2025\/11\/Feeding-starter-set-mini-Sage-2.png","contentUrl":"https:\/\/najnaj.eu\/wp-content\/uploads\/2025\/11\/Feeding-starter-set-mini-Sage-2.png","width":1080,"height":1080},{"@type":"BreadcrumbList","@id":"https:\/\/najnaj.eu\/fr\/proizvod\/b-box-osnovni-set-za-hranjenje-sage\/#breadcrumb","itemListElement":[{"@type":"ListItem","position":1,"name":"Po\u010detna stranica","item":"https:\/\/najnaj.eu\/fr\/"},{"@type":"ListItem","position":2,"name":"Trgovina","item":"https:\/\/najnaj.hr\/trgovina\/"},{"@type":"ListItem","position":3,"name":"b.box Osnovni set za hranjenje &#8211; sage"}]},{"@type":"WebSite","@id":"https:\/\/najnaj.eu\/fr\/#website","url":"https:\/\/najnaj.eu\/fr\/","name":"NajNaj.eu","description":"Za najva\u017enije!","potentialAction":[{"@type":"SearchAction","target":{"@type":"EntryPoint","urlTemplate":"https:\/\/najnaj.eu\/fr\/?s={search_term_string}"},"query-input":{"@type":"PropertyValueSpecification","valueRequired":true,"valueName":"search_term_string"}}],"inLanguage":"fr-FR"}]},"product_brand":"b.box","product_price_amount":"39.99","product_price_currency":"EUR","og_availability":"instock","product_availability":"instock","product_retailer_item_id":"Osnovni_set_za_hranjenje_sage","product_condition":"new"},"_links":{"self":[{"href":"https:\/\/najnaj.eu\/fr\/wp-json\/wp\/v2\/product\/280901","targetHints":{"allow":["GET"]}}],"collection":[{"href":"https:\/\/najnaj.eu\/fr\/wp-json\/wp\/v2\/product"}],"about":[{"href":"https:\/\/najnaj.eu\/fr\/wp-json\/wp\/v2\/types\/product"}],"replies":[{"embeddable":true,"href":"https:\/\/najnaj.eu\/fr\/wp-json\/wp\/v2\/comments?post=280901"}],"version-history":[{"count":0,"href":"https:\/\/najnaj.eu\/fr\/wp-json\/wp\/v2\/product\/280901\/revisions"}],"wp:featuredmedia":[{"embeddable":true,"href":"https:\/\/najnaj.eu\/fr\/wp-json\/wp\/v2\/media\/280902"}],"wp:attachment":[{"href":"https:\/\/najnaj.eu\/fr\/wp-json\/wp\/v2\/media?parent=280901"}],"wp:term":[{"taxonomy":"product_brand","embeddable":true,"href":"https:\/\/najnaj.eu\/fr\/wp-json\/wp\/v2\/product_brand?post=280901"},{"taxonomy":"product_cat","embeddable":true,"href":"https:\/\/najnaj.eu\/fr\/wp-json\/wp\/v2\/product_cat?post=280901"},{"taxonomy":"product_tag","embeddable":true,"href":"https:\/\/najnaj.eu\/fr\/wp-json\/wp\/v2\/product_tag?post=280901"}],"curies":[{"name":"wp","href":"https:\/\/api.w.org\/{rel}","templated":true}]}}