{"id":280809,"date":"2025-11-27T12:04:52","date_gmt":"2025-11-27T11:04:52","guid":{"rendered":"https:\/\/najnaj.eu\/?post_type=product&#038;p=280809"},"modified":"2026-04-14T23:05:15","modified_gmt":"2026-04-14T21:05:15","slug":"b-box-sippy-cup-starter-set-sage","status":"publish","type":"product","link":"https:\/\/najnaj.eu\/fr\/proizvod\/b-box-sippy-cup-starter-set-sage\/","title":{"rendered":"b.box Sippy Cup Starter set &#8211; sage"},"content":{"rendered":"<p>Sippy Cup Starter set je sve \u0161to mali istra\u017eiva\u010d treba da pije bez prolijevanja i bez stresa! U jednom prakti\u010dnom paketu spaja omiljenu b.box bo\u010dicu sa slamkom, pametnu traku koja sprje\u010dava padanje bo\u010dice na pod i rezervni set slamke s \u010detkicom za super-jednostavno \u010di\u0161\u0107enje. Manje brige, vi\u0161e sretnih gutljaja \u2013 savr\u0161en po\u010detak za samostalno ispijanje!<\/p>\n<h4><strong><a href=\"https:\/\/najnaj.eu\/proizvod\/b-box-sippy-cup-bocica-sa-slamkom-sage\/\" target=\"_blank\" rel=\"noopener\">1. Sippy Cup bo\u010dica sa slamkom<\/a><\/strong><\/h4>\n<ul>\n<li>Od 6 mj.<\/li>\n<li>Slamka s ute\u017ei\u0107em pomi\u010de se zajedno s teku\u0107inom, pod bilo kojim kutem<\/li>\n<li>Jedinstveni dvostrani ventil za lak\u0161e ispijanje, bez curenja<\/li>\n<li>Mo\u017ee se koristiti i za toplu vodu<\/li>\n<li>Jednostavno klizno otvaranje<\/li>\n<li>Ru\u010dke omogu\u0107uju jednostavan hvat<\/li>\n<li>Perivo u perilici posu\u0111a<\/li>\n<li>Dostupna zamjenska slamka i \u010detkica za \u010di\u0161\u0107enje (prodaje se odvojeno)<\/li>\n<li>Dimenzije: 15 x 12 x7,5 cm<\/li>\n<li>Kapacitet: 240 ml<\/li>\n<\/ul>\n<h4><a href=\"https:\/\/najnaj.eu\/proizvod\/b-box-traka-za-bocicu-connect-a-cup-sage\/\" target=\"_blank\" rel=\"noopener\"><strong>2. Traka za bo\u010dicu Connect-A-Cup<\/strong><\/a><\/h4>\n<ul>\n<li>Dizajnirana za sippy cup i bo\u010dice za vodu (maksimalna te\u017eina 400 grama)<\/li>\n<li>Pri\u010dvr\u0161\u0107uje se za kolica, hranilicu ili autosjedalicu<\/li>\n<li>2 sigurnosna otvora za bezbri\u017enost<\/li>\n<li>Razmak za pisanje imena<\/li>\n<li>Zahvaljuju\u0107i 3 odvojena dijela mo\u017ee se skratiti ili produ\u017eiti po potrebi<\/li>\n<li>Izra\u0111en od TPE<\/li>\n<li>Bez BPA, ftalata i PVC-a<\/li>\n<\/ul>\n<h4><strong><a href=\"https:\/\/najnaj.eu\/proizvod\/b-box-sippy-cup-set-slamka-i-cetkica-za-ciscenje\/\" target=\"_blank\" rel=\"noopener\">3. Sippy cup set slamka i \u010detkica za \u010di\u0161\u0107enje<\/a><\/strong><\/h4>\n<ul>\n<li>Dvije zamjenske slamke i \u010detkica za \u010di\u0161\u0107enje<\/li>\n<li>Dizajnirano za b.box Sippy cup<\/li>\n<li>Sigurno za pranje u perilici posu\u0111a<\/li>\n<li>Ne sadr\u017ei ftalate, BPA i PVC<\/li>\n<\/ul>\n<p>Kako zamijeniti slamku:<br \/>\nZa zamjenu slam\u010dice, pa\u017eljivo uhvatite jezi\u010dak za povla\u010denje na slam\u010dici i povucite prema dolje kako biste je oslobodili. Zatim nje\u017eno uklonite uteg i pri\u010dvrstite ga na rezervnu slamku.<\/p>\n<p>Kako o\u010distiti slamku:<br \/>\n\u010cetka za \u010di\u0161\u0107enje dizajnirana je za \u010di\u0161\u0107enje unutra\u0161njosti slamke, umetnite \u010detku za \u010di\u0161\u0107enje iz baze slamke i gurnite je da o\u010distite slamku iznutra. Lagano povucite prema dolje kako biste uklonili \u010detku, ponovite s obje strane s toplom vodom i sapunicom.<\/p>\n","protected":false},"excerpt":{"rendered":"<p>Sadr\u017eaj seta:<\/p>\n<ul>\n<li>b.box Sippy cup bo\u010dica sa slamkom<\/li>\n<li>b.box Traku za bo\u010dicu \u2013 Connect-A-Cup<\/li>\n<li>b.box Sippy cup set slamka i \u010detkica za \u010di\u0161\u0107enje<\/li>\n<\/ul>\n<p>&#8211; Omogu\u0107uje jednostavno i samostalno pijenje bez prolijevanja<br \/>\n&#8211; Sprje\u010dava padanje i gubljenje bo\u010dice zahvaljuju\u0107i traci<br \/>\n&#8211; Rezervna slamka i \u010detkica olak\u0161avaju higijenu i produ\u017euju trajanje bo\u010dice<\/p>\n","protected":false},"featured_media":280818,"comment_status":"closed","ping_status":"closed","template":"","meta":{"_acf_changed":false,"footnotes":""},"product_brand":[],"product_cat":[577,1709,2216],"product_tag":[],"class_list":{"0":"post-280809","1":"product","2":"type-product","3":"status-publish","4":"has-post-thumbnail","6":"product_cat-hranjenje","7":"product_cat-pokloni","8":"product_cat-setovi-za-hranjenje","9":"pa_boja-zelena","10":"pa_brand-b-box","11":"pa_vrsta-posuda-bocice-za-vodu","13":"first","14":"instock","15":"sale","16":"virtual","17":"purchasable","18":"product-type-bundle"},"bundled_by":[],"bundle_stock_status":"instock","bundle_stock_quantity":2,"bundle_virtual":false,"bundle_layout":"grid","bundle_add_to_cart_form_location":"default","bundle_editable_in_cart":false,"bundle_sold_individually_context":"product","bundle_item_grouping":"parent","bundle_min_size":"","bundle_max_size":"","bundle_price":{"price":{"min":{"incl_tax":"24.99","excl_tax":"24.99"},"max":{"incl_tax":"24.99","excl_tax":"24.99"}},"regular_price":{"min":{"incl_tax":"30.97","excl_tax":"30.97"},"max":{"incl_tax":"30.97","excl_tax":"30.97"}}},"bundled_items":[{"bundled_item_id":352,"product_id":216582,"menu_order":0,"quantity_min":1,"quantity_max":1,"quantity_default":1,"priced_individually":false,"shipped_individually":false,"override_title":true,"title":"Sippy Cup bo\u010dica sa slamkom - sage","override_description":true,"description":"","optional":false,"hide_thumbnail":false,"discount":"","override_variations":false,"allowed_variations":[],"override_default_variation_attributes":false,"default_variation_attributes":[],"single_product_visibility":"visible","cart_visibility":"visible","order_visibility":"visible","single_product_price_visibility":"visible","cart_price_visibility":"visible","order_price_visibility":"visible","stock_status":"in_stock"},{"bundled_item_id":353,"product_id":209180,"menu_order":1,"quantity_min":1,"quantity_max":1,"quantity_default":1,"priced_individually":false,"shipped_individually":false,"override_title":true,"title":"Traka za bo\u010dicu - sage","override_description":true,"description":"","optional":false,"hide_thumbnail":false,"discount":"","override_variations":false,"allowed_variations":[],"override_default_variation_attributes":false,"default_variation_attributes":[],"single_product_visibility":"visible","cart_visibility":"visible","order_visibility":"visible","single_product_price_visibility":"visible","cart_price_visibility":"visible","order_price_visibility":"visible","stock_status":"in_stock"},{"bundled_item_id":351,"product_id":150672,"menu_order":2,"quantity_min":1,"quantity_max":1,"quantity_default":1,"priced_individually":false,"shipped_individually":false,"override_title":true,"title":"Set - slamka i \u010detkica za \u010di\u0161\u0107enje","override_description":true,"description":"","optional":false,"hide_thumbnail":false,"discount":"","override_variations":false,"allowed_variations":[],"override_default_variation_attributes":false,"default_variation_attributes":[],"single_product_visibility":"visible","cart_visibility":"visible","order_visibility":"visible","single_product_price_visibility":"visible","cart_price_visibility":"visible","order_price_visibility":"visible","stock_status":"in_stock"}],"bundle_sell_ids":[],"acf":[],"yoast_head":"<!-- This site is optimized with the Yoast SEO Premium plugin v21.5 (Yoast SEO v27.4) - https:\/\/yoast.com\/product\/yoast-seo-premium-wordpress\/ -->\n<title>b.box Sippy Cup Starter set - sage - NajNaj.eu<\/title>\n<meta name=\"description\" content=\"Set koji olak\u0161ava prve samostalne gutljaje. Uklju\u010duje b.box Sippy cup bo\u010dicu, podesivu traku, te set zamjenskih slamki s \u010detkicom za \u010di\u0161\u0107enje.\" \/>\n<meta name=\"robots\" content=\"index, follow, max-snippet:-1, max-image-preview:large, max-video-preview:-1\" \/>\n<link rel=\"canonical\" href=\"https:\/\/najnaj.eu\/fr\/proizvod\/b-box-sippy-cup-starter-set-sage\/\" \/>\n<meta property=\"og:locale\" content=\"fr_FR\" \/>\n<meta property=\"og:type\" content=\"article\" \/>\n<meta property=\"og:title\" content=\"b.box Sippy Cup Starter set - sage\" \/>\n<meta property=\"og:description\" content=\"Set koji olak\u0161ava prve samostalne gutljaje. Uklju\u010duje b.box Sippy cup bo\u010dicu, podesivu traku, te set zamjenskih slamki s \u010detkicom za \u010di\u0161\u0107enje.\" \/>\n<meta property=\"og:url\" content=\"https:\/\/najnaj.eu\/fr\/proizvod\/b-box-sippy-cup-starter-set-sage\/\" \/>\n<meta property=\"og:site_name\" content=\"NajNaj.eu\" \/>\n<meta property=\"article:publisher\" content=\"https:\/\/web.facebook.com\/najnaj.eu\/\" \/>\n<meta property=\"article:modified_time\" content=\"2026-04-14T21:05:15+00:00\" \/>\n<meta property=\"og:image\" content=\"https:\/\/najnaj.eu\/wp-content\/uploads\/2025\/11\/Sippy-Cup-Starter-set-Sage-2.png\" \/>\n\t<meta property=\"og:image:width\" content=\"1080\" \/>\n\t<meta property=\"og:image:height\" content=\"1080\" \/>\n\t<meta property=\"og:image:type\" content=\"image\/png\" \/>\n<meta name=\"twitter:card\" content=\"summary_large_image\" \/>\n<meta name=\"twitter:label1\" content=\"Prix\" \/>\n\t<meta name=\"twitter:data1\" content=\"24,99&nbsp;&euro;\" \/>\n\t<meta name=\"twitter:label2\" content=\"Disponibilit\u00e9\" \/>\n\t<meta name=\"twitter:data2\" content=\"En stock\" \/>\n<script type=\"application\/ld+json\" class=\"yoast-schema-graph\">{\"@context\":\"https:\\\/\\\/schema.org\",\"@graph\":[{\"@type\":\"WebPage\",\"@id\":\"https:\\\/\\\/najnaj.eu\\\/fr\\\/proizvod\\\/b-box-sippy-cup-starter-set-sage\\\/\",\"url\":\"https:\\\/\\\/najnaj.eu\\\/fr\\\/proizvod\\\/b-box-sippy-cup-starter-set-sage\\\/\",\"name\":\"b.box Sippy Cup Starter set - sage - NajNaj.eu\",\"isPartOf\":{\"@id\":\"https:\\\/\\\/najnaj.eu\\\/fr\\\/#website\"},\"primaryImageOfPage\":{\"@id\":\"https:\\\/\\\/najnaj.eu\\\/fr\\\/proizvod\\\/b-box-sippy-cup-starter-set-sage\\\/#primaryimage\"},\"image\":{\"@id\":\"https:\\\/\\\/najnaj.eu\\\/fr\\\/proizvod\\\/b-box-sippy-cup-starter-set-sage\\\/#primaryimage\"},\"thumbnailUrl\":\"https:\\\/\\\/najnaj.eu\\\/wp-content\\\/uploads\\\/2025\\\/11\\\/Sippy-Cup-Starter-set-Sage-2.png\",\"datePublished\":\"2025-11-27T11:04:52+00:00\",\"dateModified\":\"2026-04-14T21:05:15+00:00\",\"description\":\"Set koji olak\u0161ava prve samostalne gutljaje. Uklju\u010duje b.box Sippy cup bo\u010dicu, podesivu traku, te set zamjenskih slamki s \u010detkicom za \u010di\u0161\u0107enje.\",\"breadcrumb\":{\"@id\":\"https:\\\/\\\/najnaj.eu\\\/fr\\\/proizvod\\\/b-box-sippy-cup-starter-set-sage\\\/#breadcrumb\"},\"inLanguage\":\"fr-FR\",\"potentialAction\":[{\"@type\":\"ReadAction\",\"target\":[\"https:\\\/\\\/najnaj.eu\\\/fr\\\/proizvod\\\/b-box-sippy-cup-starter-set-sage\\\/\"]}]},{\"@type\":\"ImageObject\",\"inLanguage\":\"fr-FR\",\"@id\":\"https:\\\/\\\/najnaj.eu\\\/fr\\\/proizvod\\\/b-box-sippy-cup-starter-set-sage\\\/#primaryimage\",\"url\":\"https:\\\/\\\/najnaj.eu\\\/wp-content\\\/uploads\\\/2025\\\/11\\\/Sippy-Cup-Starter-set-Sage-2.png\",\"contentUrl\":\"https:\\\/\\\/najnaj.eu\\\/wp-content\\\/uploads\\\/2025\\\/11\\\/Sippy-Cup-Starter-set-Sage-2.png\",\"width\":1080,\"height\":1080},{\"@type\":\"BreadcrumbList\",\"@id\":\"https:\\\/\\\/najnaj.eu\\\/fr\\\/proizvod\\\/b-box-sippy-cup-starter-set-sage\\\/#breadcrumb\",\"itemListElement\":[{\"@type\":\"ListItem\",\"position\":1,\"name\":\"Po\u010detna stranica\",\"item\":\"https:\\\/\\\/najnaj.eu\\\/fr\\\/\"},{\"@type\":\"ListItem\",\"position\":2,\"name\":\"Trgovina\",\"item\":\"https:\\\/\\\/najnaj.hr\\\/trgovina\\\/\"},{\"@type\":\"ListItem\",\"position\":3,\"name\":\"b.box Sippy Cup Starter set &#8211; sage\"}]},{\"@type\":\"WebSite\",\"@id\":\"https:\\\/\\\/najnaj.eu\\\/fr\\\/#website\",\"url\":\"https:\\\/\\\/najnaj.eu\\\/fr\\\/\",\"name\":\"NajNaj.eu\",\"description\":\"Za najva\u017enije!\",\"potentialAction\":[{\"@type\":\"SearchAction\",\"target\":{\"@type\":\"EntryPoint\",\"urlTemplate\":\"https:\\\/\\\/najnaj.eu\\\/fr\\\/?s={search_term_string}\"},\"query-input\":{\"@type\":\"PropertyValueSpecification\",\"valueRequired\":true,\"valueName\":\"search_term_string\"}}],\"inLanguage\":\"fr-FR\"}]}<\/script>\n<meta property=\"product:brand\" content=\"b.box\" \/>\n<meta property=\"product:price:amount\" content=\"24.99\" \/>\n<meta property=\"product:price:currency\" content=\"EUR\" \/>\n<meta property=\"og:availability\" content=\"instock\" \/>\n<meta property=\"product:availability\" content=\"instock\" \/>\n<meta property=\"product:retailer_item_id\" content=\"Sippy_Cup_Starter_Set_sage\" \/>\n<meta property=\"product:condition\" content=\"new\" \/>\n<!-- \/ Yoast SEO Premium plugin. -->","yoast_head_json":{"title":"b.box Sippy Cup Starter set - sage - NajNaj.eu","description":"Set koji olak\u0161ava prve samostalne gutljaje. Uklju\u010duje b.box Sippy cup bo\u010dicu, podesivu traku, te set zamjenskih slamki s \u010detkicom za \u010di\u0161\u0107enje.","robots":{"index":"index","follow":"follow","max-snippet":"max-snippet:-1","max-image-preview":"max-image-preview:large","max-video-preview":"max-video-preview:-1"},"canonical":"https:\/\/najnaj.eu\/fr\/proizvod\/b-box-sippy-cup-starter-set-sage\/","og_locale":"fr_FR","og_type":"article","og_title":"b.box Sippy Cup Starter set - sage","og_description":"Set koji olak\u0161ava prve samostalne gutljaje. Uklju\u010duje b.box Sippy cup bo\u010dicu, podesivu traku, te set zamjenskih slamki s \u010detkicom za \u010di\u0161\u0107enje.","og_url":"https:\/\/najnaj.eu\/fr\/proizvod\/b-box-sippy-cup-starter-set-sage\/","og_site_name":"NajNaj.eu","article_publisher":"https:\/\/web.facebook.com\/najnaj.eu\/","article_modified_time":"2026-04-14T21:05:15+00:00","og_image":[{"width":1080,"height":1080,"url":"https:\/\/najnaj.eu\/wp-content\/uploads\/2025\/11\/Sippy-Cup-Starter-set-Sage-2.png","type":"image\/png"}],"twitter_card":"summary_large_image","twitter_misc":{"Prix":"24,99&nbsp;&euro;","Disponibilit\u00e9":"En stock"},"schema":{"@context":"https:\/\/schema.org","@graph":[{"@type":"WebPage","@id":"https:\/\/najnaj.eu\/fr\/proizvod\/b-box-sippy-cup-starter-set-sage\/","url":"https:\/\/najnaj.eu\/fr\/proizvod\/b-box-sippy-cup-starter-set-sage\/","name":"b.box Sippy Cup Starter set - sage - NajNaj.eu","isPartOf":{"@id":"https:\/\/najnaj.eu\/fr\/#website"},"primaryImageOfPage":{"@id":"https:\/\/najnaj.eu\/fr\/proizvod\/b-box-sippy-cup-starter-set-sage\/#primaryimage"},"image":{"@id":"https:\/\/najnaj.eu\/fr\/proizvod\/b-box-sippy-cup-starter-set-sage\/#primaryimage"},"thumbnailUrl":"https:\/\/najnaj.eu\/wp-content\/uploads\/2025\/11\/Sippy-Cup-Starter-set-Sage-2.png","datePublished":"2025-11-27T11:04:52+00:00","dateModified":"2026-04-14T21:05:15+00:00","description":"Set koji olak\u0161ava prve samostalne gutljaje. Uklju\u010duje b.box Sippy cup bo\u010dicu, podesivu traku, te set zamjenskih slamki s \u010detkicom za \u010di\u0161\u0107enje.","breadcrumb":{"@id":"https:\/\/najnaj.eu\/fr\/proizvod\/b-box-sippy-cup-starter-set-sage\/#breadcrumb"},"inLanguage":"fr-FR","potentialAction":[{"@type":"ReadAction","target":["https:\/\/najnaj.eu\/fr\/proizvod\/b-box-sippy-cup-starter-set-sage\/"]}]},{"@type":"ImageObject","inLanguage":"fr-FR","@id":"https:\/\/najnaj.eu\/fr\/proizvod\/b-box-sippy-cup-starter-set-sage\/#primaryimage","url":"https:\/\/najnaj.eu\/wp-content\/uploads\/2025\/11\/Sippy-Cup-Starter-set-Sage-2.png","contentUrl":"https:\/\/najnaj.eu\/wp-content\/uploads\/2025\/11\/Sippy-Cup-Starter-set-Sage-2.png","width":1080,"height":1080},{"@type":"BreadcrumbList","@id":"https:\/\/najnaj.eu\/fr\/proizvod\/b-box-sippy-cup-starter-set-sage\/#breadcrumb","itemListElement":[{"@type":"ListItem","position":1,"name":"Po\u010detna stranica","item":"https:\/\/najnaj.eu\/fr\/"},{"@type":"ListItem","position":2,"name":"Trgovina","item":"https:\/\/najnaj.hr\/trgovina\/"},{"@type":"ListItem","position":3,"name":"b.box Sippy Cup Starter set &#8211; sage"}]},{"@type":"WebSite","@id":"https:\/\/najnaj.eu\/fr\/#website","url":"https:\/\/najnaj.eu\/fr\/","name":"NajNaj.eu","description":"Za najva\u017enije!","potentialAction":[{"@type":"SearchAction","target":{"@type":"EntryPoint","urlTemplate":"https:\/\/najnaj.eu\/fr\/?s={search_term_string}"},"query-input":{"@type":"PropertyValueSpecification","valueRequired":true,"valueName":"search_term_string"}}],"inLanguage":"fr-FR"}]},"product_brand":"b.box","product_price_amount":"24.99","product_price_currency":"EUR","og_availability":"instock","product_availability":"instock","product_retailer_item_id":"Sippy_Cup_Starter_Set_sage","product_condition":"new"},"_links":{"self":[{"href":"https:\/\/najnaj.eu\/fr\/wp-json\/wp\/v2\/product\/280809","targetHints":{"allow":["GET"]}}],"collection":[{"href":"https:\/\/najnaj.eu\/fr\/wp-json\/wp\/v2\/product"}],"about":[{"href":"https:\/\/najnaj.eu\/fr\/wp-json\/wp\/v2\/types\/product"}],"replies":[{"embeddable":true,"href":"https:\/\/najnaj.eu\/fr\/wp-json\/wp\/v2\/comments?post=280809"}],"version-history":[{"count":0,"href":"https:\/\/najnaj.eu\/fr\/wp-json\/wp\/v2\/product\/280809\/revisions"}],"wp:featuredmedia":[{"embeddable":true,"href":"https:\/\/najnaj.eu\/fr\/wp-json\/wp\/v2\/media\/280818"}],"wp:attachment":[{"href":"https:\/\/najnaj.eu\/fr\/wp-json\/wp\/v2\/media?parent=280809"}],"wp:term":[{"taxonomy":"product_brand","embeddable":true,"href":"https:\/\/najnaj.eu\/fr\/wp-json\/wp\/v2\/product_brand?post=280809"},{"taxonomy":"product_cat","embeddable":true,"href":"https:\/\/najnaj.eu\/fr\/wp-json\/wp\/v2\/product_cat?post=280809"},{"taxonomy":"product_tag","embeddable":true,"href":"https:\/\/najnaj.eu\/fr\/wp-json\/wp\/v2\/product_tag?post=280809"}],"curies":[{"name":"wp","href":"https:\/\/api.w.org\/{rel}","templated":true}]}}