{"id":280294,"date":"2025-11-24T15:45:26","date_gmt":"2025-11-24T14:45:26","guid":{"rendered":"https:\/\/najnaj.eu\/?post_type=product&#038;p=280294"},"modified":"2026-03-02T14:03:21","modified_gmt":"2026-03-02T13:03:21","slug":"minimeis-g5-nosiljka-za-ramena-sand-premium","status":"publish","type":"product","link":"https:\/\/najnaj.eu\/fr\/proizvod\/minimeis-g5-nosiljka-za-ramena-sand-premium\/","title":{"rendered":"MiniMeis G5 Nosiljka za ramena &#8211; Sand Premium"},"content":{"rendered":"<p><strong>NO\u0160ENJE NA VI\u0160OJ RAZINI<\/strong><br \/>\nRoditelji dobro znaju osmijeh na licu djeteta kada ga se podigne na ramena.<br \/>\nUpravo zato je stvoren MiniMeis &#8211; kako bi djeca mogla u\u017eivati u istom nevjerojatnom pogledu i blizini, ali uz dodatnu udobnost i sigurnost me\u0111unarodno nagra\u0111ivane nosiljke.<br \/>\nZato stavite dijete na ramena, zakop\u010dajte ga i zajedno stvarajte uspomene na svakom koraku.<\/p>\n<p><img loading=\"lazy\" decoding=\"async\" class=\"alignnone wp-image-283122\" src=\"https:\/\/najnaj.eu\/wp-content\/uploads\/2025\/11\/mm01_-_coolest_ride-1-240x300.webp\" alt=\"\" width=\"600\" height=\"750\" srcset=\"https:\/\/najnaj.eu\/wp-content\/uploads\/2025\/11\/mm01_-_coolest_ride-1-240x300.webp 240w, https:\/\/najnaj.eu\/wp-content\/uploads\/2025\/11\/mm01_-_coolest_ride-1-324x405.webp 324w, https:\/\/najnaj.eu\/wp-content\/uploads\/2025\/11\/mm01_-_coolest_ride-1-960x1200.webp 960w, https:\/\/najnaj.eu\/wp-content\/uploads\/2025\/11\/mm01_-_coolest_ride-1-819x1024.webp 819w, https:\/\/najnaj.eu\/wp-content\/uploads\/2025\/11\/mm01_-_coolest_ride-1-768x960.webp 768w, https:\/\/najnaj.eu\/wp-content\/uploads\/2025\/11\/mm01_-_coolest_ride-1-420x525.webp 420w, https:\/\/najnaj.eu\/wp-content\/uploads\/2025\/11\/mm01_-_coolest_ride-1.webp 1200w\" sizes=\"auto, (max-width: 600px) 100vw, 600px\" \/><\/p>\n<p><strong>LAGANO POSTAVLJANJE<\/strong><br \/>\nMiniMeis G5 postavlja se za nekoliko sekundi!<br \/>\nJednostavno rasklopite nosiljku, stavite je na ramena i spojite kop\u010de. Podignite dijete u sjedalicu i pri\u010dvrstite ga pojasom oko struka i remenima za noge.<\/p>\n<p><strong>MALI, ALI MO\u0106AN<\/strong><br \/>\nSklopiv na kompaktnu veli\u010dinu od 30&#215;30 cm, MiniMeis G5 lako je prenosiv, \u0161to ga \u010dini idealnim za obitelji u pokretu.<br \/>\nSa samo 1,6 kg, to je ujedno i najlak\u0161a nosiljka za djecu s okvirom na tr\u017ei\u0161tu.<br \/>\nNosite ga sa sobom svugdje: dr\u017eite u ko\u0161ari kolica, ubacite u ruksak ili stavite u kofer \u2013 uvijek je spreman za akciju.<\/p>\n<p><strong>UDOBNO I SA STILOM<\/strong><br \/>\nUdobnost za roditelja osigurana je postavljanjem djeteta na posebno dizajnirani luk, osloba\u0111aju\u0107i va\u0161 vrat i ramena od izravnog pritiska.<br \/>\nTe\u017eina djeteta je ravnomjerno raspore\u0111ena kroz konstrukciju nosiljke, \u0161to omogu\u0107uje du\u017ee udobne \u0161etnje, i roditeljima i djeci!<\/p>\n<p><strong>SIGURNI I SRETNI ISTRA\u017dIVA\u010cI<\/strong><br \/>\nDok otkriva svijet, va\u0161e dijete sigurno sjedi na va\u0161im ramenima pri\u010dvr\u0161\u0107eno sigurnosnim pojasom oko struka i remenima za noge. Oba elementa s elegantnim detaljima od umjetne ko\u017ee.<br \/>\nUklju\u010deni su i pojasevi za preko ramena koji pru\u017eaju dodatnu potporu gornjem dijelu tijela za najmanju djecu (6-10 mjeseci).<br \/>\nPodstavljeno sjedalo i fleksibilni naslon za le\u0111a pru\u017eaju maksimalnu udobnost djetetu dok u\u017eiva u pogledu odozgo!<\/p>\n<p><strong>VRUHNSKI ODR\u017dIVI MATERIJALI<\/strong><br \/>\nPodignite roditeljstvo na novu razinu s Minimeisom koji spaja skandinavski dizajn s odr\u017eivo\u0161\u0107u.<br \/>\nIzra\u0111ena od recikliranih oceanskih boca i vrhunskih materijala, ova elegantna nosiljka za ramena izgleda dobro i dobra je za okoli\u0161.<br \/>\nNadovezuju\u0107i se na uspjeh na\u0161eg prethodnika, G5 MiniMeis nudi pobolj\u0161anu jednostavnost kori\u0161tenja i udobnost, sve u istoj nagra\u0111ivanoj strukturi.<\/p>\n<p><strong>UPOTPUNITE S \u00ab\u00a0HERO\u00a0\u00bb RUKSAKOM<\/strong><br \/>\nTo je jedini ruksak koji se pri\u010dvr\u0161\u0107uje na MiniMeis, a kada ga ne koristite, MiniMeis se uredno posprema u ruksak te ostavlja puno slobodnog prostora.<br \/>\nTo je torba za pelene koju tata \u017eeli koristiti u uredu i jedini ruksak na svijetu koji se pretvara u dje\u010dju sjedalicu dok ste u pokretu.<br \/>\nNe\u0107ete po\u017ealiti ako dodate i ovog <a href=\"https:\/\/najnaj.eu\/proizvod\/minimeis-hero-ruksak-sand-premium\/\">HEROJA<\/a> u svoju ko\u0161aricu.<\/p>\n<p><a href=\"https:\/\/najnaj.eu\/proizvod\/minimeis-hero-ruksak-sand-premium\/\"><img loading=\"lazy\" decoding=\"async\" class=\"alignnone wp-image-283051\" src=\"https:\/\/najnaj.eu\/wp-content\/uploads\/2024\/10\/mm_08_-_hero_collage_v2-240x300.jpg\" alt=\"\" width=\"600\" height=\"750\" srcset=\"https:\/\/najnaj.eu\/wp-content\/uploads\/2024\/10\/mm_08_-_hero_collage_v2-240x300.jpg 240w, https:\/\/najnaj.eu\/wp-content\/uploads\/2024\/10\/mm_08_-_hero_collage_v2-324x405.jpg 324w, https:\/\/najnaj.eu\/wp-content\/uploads\/2024\/10\/mm_08_-_hero_collage_v2-960x1200.jpg 960w, https:\/\/najnaj.eu\/wp-content\/uploads\/2024\/10\/mm_08_-_hero_collage_v2-819x1024.jpg 819w, https:\/\/najnaj.eu\/wp-content\/uploads\/2024\/10\/mm_08_-_hero_collage_v2-768x960.jpg 768w, https:\/\/najnaj.eu\/wp-content\/uploads\/2024\/10\/mm_08_-_hero_collage_v2-1229x1536.jpg 1229w, https:\/\/najnaj.eu\/wp-content\/uploads\/2024\/10\/mm_08_-_hero_collage_v2-1638x2048.jpg 1638w, https:\/\/najnaj.eu\/wp-content\/uploads\/2024\/10\/mm_08_-_hero_collage_v2-1440x1800.jpg 1440w, https:\/\/najnaj.eu\/wp-content\/uploads\/2024\/10\/mm_08_-_hero_collage_v2-420x525.jpg 420w, https:\/\/najnaj.eu\/wp-content\/uploads\/2024\/10\/mm_08_-_hero_collage_v2.jpg 2000w\" sizes=\"auto, (max-width: 600px) 100vw, 600px\" \/><\/a><\/p>\n<p><strong>HLAD ZA NAJMANJE<\/strong><br \/>\nUparite MiniMeis nosiljku za ramena sa <a href=\"https:\/\/najnaj.eu\/proizvod\/minimeis-sjenilo\/\">sjenilom za hladovinu<\/a> gdje god lutali.<br \/>\nOvaj sklopivi dodatak jednostavan za kori\u0161tenje osigurava va\u0161em djetetu u\u017eivanje u sjajnom MiniMeis pogledu dok je istovremeno za\u0161ti\u0107eno u ugodnosti sjene.<br \/>\nDakle, bilo \u017earko sunce ili nekoliko kapi ki\u0161e, sjenilo \u0107e za\u0161tititi va\u0161e dijete!<\/p>\n<p><a href=\"https:\/\/najnaj.eu\/proizvod\/minimeis-sjenilo\/\"><img loading=\"lazy\" decoding=\"async\" class=\"alignnone wp-image-283103\" src=\"https:\/\/najnaj.eu\/wp-content\/uploads\/2025\/11\/MiniMeis-Sunshade-Lifestyle-6-240x300.webp\" alt=\"\" width=\"600\" height=\"750\" srcset=\"https:\/\/najnaj.eu\/wp-content\/uploads\/2025\/11\/MiniMeis-Sunshade-Lifestyle-6-240x300.webp 240w, https:\/\/najnaj.eu\/wp-content\/uploads\/2025\/11\/MiniMeis-Sunshade-Lifestyle-6-324x405.webp 324w, https:\/\/najnaj.eu\/wp-content\/uploads\/2025\/11\/MiniMeis-Sunshade-Lifestyle-6-960x1200.webp 960w, https:\/\/najnaj.eu\/wp-content\/uploads\/2025\/11\/MiniMeis-Sunshade-Lifestyle-6-819x1024.webp 819w, https:\/\/najnaj.eu\/wp-content\/uploads\/2025\/11\/MiniMeis-Sunshade-Lifestyle-6-768x960.webp 768w, https:\/\/najnaj.eu\/wp-content\/uploads\/2025\/11\/MiniMeis-Sunshade-Lifestyle-6-1229x1536.webp 1229w, https:\/\/najnaj.eu\/wp-content\/uploads\/2025\/11\/MiniMeis-Sunshade-Lifestyle-6-1638x2048.webp 1638w, https:\/\/najnaj.eu\/wp-content\/uploads\/2025\/11\/MiniMeis-Sunshade-Lifestyle-6-1440x1800.webp 1440w, https:\/\/najnaj.eu\/wp-content\/uploads\/2025\/11\/MiniMeis-Sunshade-Lifestyle-6-420x525.webp 420w, https:\/\/najnaj.eu\/wp-content\/uploads\/2025\/11\/MiniMeis-Sunshade-Lifestyle-6.webp 1920w\" sizes=\"auto, (max-width: 600px) 100vw, 600px\" \/><\/a><\/p>\n","protected":false},"excerpt":{"rendered":"<p>&gt; Nagra\u0111ivana nosiljka za ramena<br \/>\n&gt; Favorit djece &#8211; pru\u017ea najbolji pogled<br \/>\n&gt; Od 6 mjeseci \u2013 4 godine (maks. 18 kg)<br \/>\n&gt; Sklopiva poput laptopa<br \/>\n&gt; Skandinavski dizajn i kvaliteta<br \/>\n&gt; Testirana sigurnost &#8211; odobrena prema standardima EU i SAD<\/p>\n","protected":false},"featured_media":280296,"comment_status":"open","ping_status":"closed","template":"","meta":{"_acf_changed":false,"footnotes":""},"product_brand":[],"product_cat":[732,1711,1713],"product_tag":[],"class_list":{"0":"post-280294","1":"product","2":"type-product","3":"status-publish","4":"has-post-thumbnail","6":"product_cat-1-polozaj-nosenja","7":"product_cat-nosiljka-za-ramena","8":"product_cat-od-6-mjeseci-do-4-godine","9":"pa_boja-zelena","10":"pa_brand-minimeis","12":"first","13":"instock","14":"shipping-taxable","15":"purchasable","16":"product-type-simple"},"bundled_by":[],"bundle_stock_status":"instock","bundle_stock_quantity":6,"bundle_virtual":false,"bundle_layout":"","bundle_add_to_cart_form_location":"","bundle_editable_in_cart":false,"bundle_sold_individually_context":"","bundle_item_grouping":"","bundle_min_size":"","bundle_max_size":"","bundle_price":[],"bundled_items":[],"bundle_sell_ids":[],"acf":[],"yoast_head":"<!-- This site is optimized with the Yoast SEO Premium plugin v21.5 (Yoast SEO v27.4) - https:\/\/yoast.com\/product\/yoast-seo-premium-wordpress\/ -->\n<title>MiniMeis G5 Nosiljka za ramena - Sand Premium - NajNaj.eu<\/title>\n<meta name=\"robots\" content=\"index, follow, max-snippet:-1, max-image-preview:large, max-video-preview:-1\" \/>\n<link rel=\"canonical\" href=\"https:\/\/najnaj.eu\/fr\/proizvod\/minimeis-g5-nosiljka-za-ramena-sand-premium\/\" \/>\n<meta property=\"og:locale\" content=\"fr_FR\" \/>\n<meta property=\"og:type\" content=\"article\" \/>\n<meta property=\"og:title\" content=\"MiniMeis G5 Nosiljka za ramena - Sand Premium\" \/>\n<meta property=\"og:description\" content=\"&gt; Nagra\u0111ivana nosiljka za ramena &gt; Favorit djece - pru\u017ea najbolji pogled &gt; Od 6 mjeseci \u2013 4 godine (maks. 18 kg) &gt; Sklopiva poput laptopa &gt; Skandinavski dizajn i kvaliteta &gt; Testirana sigurnost - odobrena prema standardima EU i SAD\" \/>\n<meta property=\"og:url\" content=\"https:\/\/najnaj.eu\/fr\/proizvod\/minimeis-g5-nosiljka-za-ramena-sand-premium\/\" \/>\n<meta property=\"og:site_name\" content=\"NajNaj.eu\" \/>\n<meta property=\"article:publisher\" content=\"https:\/\/web.facebook.com\/najnaj.eu\/\" \/>\n<meta property=\"article:modified_time\" content=\"2026-03-02T13:03:21+00:00\" \/>\n<meta property=\"og:image\" content=\"https:\/\/najnaj.eu\/wp-content\/uploads\/2025\/11\/MMG5_sand_no-bg-and-shadow-3.jpg\" \/>\n\t<meta property=\"og:image:width\" content=\"750\" \/>\n\t<meta property=\"og:image:height\" content=\"1000\" \/>\n\t<meta property=\"og:image:type\" content=\"image\/jpeg\" \/>\n<meta name=\"twitter:card\" content=\"summary_large_image\" \/>\n<meta name=\"twitter:label1\" content=\"Prix\" \/>\n\t<meta name=\"twitter:data1\" content=\"249,00&nbsp;&euro;\" \/>\n\t<meta name=\"twitter:label2\" content=\"Disponibilit\u00e9\" \/>\n\t<meta name=\"twitter:data2\" content=\"En stock\" \/>\n<script type=\"application\/ld+json\" class=\"yoast-schema-graph\">{\"@context\":\"https:\\\/\\\/schema.org\",\"@graph\":[{\"@type\":\"WebPage\",\"@id\":\"https:\\\/\\\/najnaj.eu\\\/fr\\\/proizvod\\\/minimeis-g5-nosiljka-za-ramena-sand-premium\\\/\",\"url\":\"https:\\\/\\\/najnaj.eu\\\/fr\\\/proizvod\\\/minimeis-g5-nosiljka-za-ramena-sand-premium\\\/\",\"name\":\"MiniMeis G5 Nosiljka za ramena - Sand Premium - NajNaj.eu\",\"isPartOf\":{\"@id\":\"https:\\\/\\\/najnaj.eu\\\/fr\\\/#website\"},\"primaryImageOfPage\":{\"@id\":\"https:\\\/\\\/najnaj.eu\\\/fr\\\/proizvod\\\/minimeis-g5-nosiljka-za-ramena-sand-premium\\\/#primaryimage\"},\"image\":{\"@id\":\"https:\\\/\\\/najnaj.eu\\\/fr\\\/proizvod\\\/minimeis-g5-nosiljka-za-ramena-sand-premium\\\/#primaryimage\"},\"thumbnailUrl\":\"https:\\\/\\\/najnaj.eu\\\/wp-content\\\/uploads\\\/2025\\\/11\\\/MMG5_sand_no-bg-and-shadow-3.jpg\",\"datePublished\":\"2025-11-24T14:45:26+00:00\",\"dateModified\":\"2026-03-02T13:03:21+00:00\",\"breadcrumb\":{\"@id\":\"https:\\\/\\\/najnaj.eu\\\/fr\\\/proizvod\\\/minimeis-g5-nosiljka-za-ramena-sand-premium\\\/#breadcrumb\"},\"inLanguage\":\"fr-FR\",\"potentialAction\":[{\"@type\":\"ReadAction\",\"target\":[\"https:\\\/\\\/najnaj.eu\\\/fr\\\/proizvod\\\/minimeis-g5-nosiljka-za-ramena-sand-premium\\\/\"]}]},{\"@type\":\"ImageObject\",\"inLanguage\":\"fr-FR\",\"@id\":\"https:\\\/\\\/najnaj.eu\\\/fr\\\/proizvod\\\/minimeis-g5-nosiljka-za-ramena-sand-premium\\\/#primaryimage\",\"url\":\"https:\\\/\\\/najnaj.eu\\\/wp-content\\\/uploads\\\/2025\\\/11\\\/MMG5_sand_no-bg-and-shadow-3.jpg\",\"contentUrl\":\"https:\\\/\\\/najnaj.eu\\\/wp-content\\\/uploads\\\/2025\\\/11\\\/MMG5_sand_no-bg-and-shadow-3.jpg\",\"width\":750,\"height\":1000},{\"@type\":\"BreadcrumbList\",\"@id\":\"https:\\\/\\\/najnaj.eu\\\/fr\\\/proizvod\\\/minimeis-g5-nosiljka-za-ramena-sand-premium\\\/#breadcrumb\",\"itemListElement\":[{\"@type\":\"ListItem\",\"position\":1,\"name\":\"Po\u010detna stranica\",\"item\":\"https:\\\/\\\/najnaj.eu\\\/fr\\\/\"},{\"@type\":\"ListItem\",\"position\":2,\"name\":\"Trgovina\",\"item\":\"https:\\\/\\\/najnaj.hr\\\/trgovina\\\/\"},{\"@type\":\"ListItem\",\"position\":3,\"name\":\"MiniMeis G5 Nosiljka za ramena &#8211; Sand Premium\"}]},{\"@type\":\"WebSite\",\"@id\":\"https:\\\/\\\/najnaj.eu\\\/fr\\\/#website\",\"url\":\"https:\\\/\\\/najnaj.eu\\\/fr\\\/\",\"name\":\"NajNaj.eu\",\"description\":\"Za najva\u017enije!\",\"potentialAction\":[{\"@type\":\"SearchAction\",\"target\":{\"@type\":\"EntryPoint\",\"urlTemplate\":\"https:\\\/\\\/najnaj.eu\\\/fr\\\/?s={search_term_string}\"},\"query-input\":{\"@type\":\"PropertyValueSpecification\",\"valueRequired\":true,\"valueName\":\"search_term_string\"}}],\"inLanguage\":\"fr-FR\"}]}<\/script>\n<meta property=\"product:brand\" content=\"MiniMeis\" \/>\n<meta property=\"product:price:amount\" content=\"249.00\" \/>\n<meta property=\"product:price:currency\" content=\"EUR\" \/>\n<meta property=\"og:availability\" content=\"instock\" \/>\n<meta property=\"product:availability\" content=\"instock\" \/>\n<meta property=\"product:retailer_item_id\" content=\"11038981-Sand-6mth-18kg-premium\" \/>\n<meta property=\"product:condition\" content=\"new\" \/>\n<!-- \/ Yoast SEO Premium plugin. -->","yoast_head_json":{"title":"MiniMeis G5 Nosiljka za ramena - Sand Premium - NajNaj.eu","robots":{"index":"index","follow":"follow","max-snippet":"max-snippet:-1","max-image-preview":"max-image-preview:large","max-video-preview":"max-video-preview:-1"},"canonical":"https:\/\/najnaj.eu\/fr\/proizvod\/minimeis-g5-nosiljka-za-ramena-sand-premium\/","og_locale":"fr_FR","og_type":"article","og_title":"MiniMeis G5 Nosiljka za ramena - Sand Premium","og_description":"&gt; Nagra\u0111ivana nosiljka za ramena &gt; Favorit djece - pru\u017ea najbolji pogled &gt; Od 6 mjeseci \u2013 4 godine (maks. 18 kg) &gt; Sklopiva poput laptopa &gt; Skandinavski dizajn i kvaliteta &gt; Testirana sigurnost - odobrena prema standardima EU i SAD","og_url":"https:\/\/najnaj.eu\/fr\/proizvod\/minimeis-g5-nosiljka-za-ramena-sand-premium\/","og_site_name":"NajNaj.eu","article_publisher":"https:\/\/web.facebook.com\/najnaj.eu\/","article_modified_time":"2026-03-02T13:03:21+00:00","og_image":[{"width":750,"height":1000,"url":"https:\/\/najnaj.eu\/wp-content\/uploads\/2025\/11\/MMG5_sand_no-bg-and-shadow-3.jpg","type":"image\/jpeg"}],"twitter_card":"summary_large_image","twitter_misc":{"Prix":"249,00&nbsp;&euro;","Disponibilit\u00e9":"En stock"},"schema":{"@context":"https:\/\/schema.org","@graph":[{"@type":"WebPage","@id":"https:\/\/najnaj.eu\/fr\/proizvod\/minimeis-g5-nosiljka-za-ramena-sand-premium\/","url":"https:\/\/najnaj.eu\/fr\/proizvod\/minimeis-g5-nosiljka-za-ramena-sand-premium\/","name":"MiniMeis G5 Nosiljka za ramena - Sand Premium - NajNaj.eu","isPartOf":{"@id":"https:\/\/najnaj.eu\/fr\/#website"},"primaryImageOfPage":{"@id":"https:\/\/najnaj.eu\/fr\/proizvod\/minimeis-g5-nosiljka-za-ramena-sand-premium\/#primaryimage"},"image":{"@id":"https:\/\/najnaj.eu\/fr\/proizvod\/minimeis-g5-nosiljka-za-ramena-sand-premium\/#primaryimage"},"thumbnailUrl":"https:\/\/najnaj.eu\/wp-content\/uploads\/2025\/11\/MMG5_sand_no-bg-and-shadow-3.jpg","datePublished":"2025-11-24T14:45:26+00:00","dateModified":"2026-03-02T13:03:21+00:00","breadcrumb":{"@id":"https:\/\/najnaj.eu\/fr\/proizvod\/minimeis-g5-nosiljka-za-ramena-sand-premium\/#breadcrumb"},"inLanguage":"fr-FR","potentialAction":[{"@type":"ReadAction","target":["https:\/\/najnaj.eu\/fr\/proizvod\/minimeis-g5-nosiljka-za-ramena-sand-premium\/"]}]},{"@type":"ImageObject","inLanguage":"fr-FR","@id":"https:\/\/najnaj.eu\/fr\/proizvod\/minimeis-g5-nosiljka-za-ramena-sand-premium\/#primaryimage","url":"https:\/\/najnaj.eu\/wp-content\/uploads\/2025\/11\/MMG5_sand_no-bg-and-shadow-3.jpg","contentUrl":"https:\/\/najnaj.eu\/wp-content\/uploads\/2025\/11\/MMG5_sand_no-bg-and-shadow-3.jpg","width":750,"height":1000},{"@type":"BreadcrumbList","@id":"https:\/\/najnaj.eu\/fr\/proizvod\/minimeis-g5-nosiljka-za-ramena-sand-premium\/#breadcrumb","itemListElement":[{"@type":"ListItem","position":1,"name":"Po\u010detna stranica","item":"https:\/\/najnaj.eu\/fr\/"},{"@type":"ListItem","position":2,"name":"Trgovina","item":"https:\/\/najnaj.hr\/trgovina\/"},{"@type":"ListItem","position":3,"name":"MiniMeis G5 Nosiljka za ramena &#8211; Sand Premium"}]},{"@type":"WebSite","@id":"https:\/\/najnaj.eu\/fr\/#website","url":"https:\/\/najnaj.eu\/fr\/","name":"NajNaj.eu","description":"Za najva\u017enije!","potentialAction":[{"@type":"SearchAction","target":{"@type":"EntryPoint","urlTemplate":"https:\/\/najnaj.eu\/fr\/?s={search_term_string}"},"query-input":{"@type":"PropertyValueSpecification","valueRequired":true,"valueName":"search_term_string"}}],"inLanguage":"fr-FR"}]},"product_brand":"MiniMeis","product_price_amount":"249.00","product_price_currency":"EUR","og_availability":"instock","product_availability":"instock","product_retailer_item_id":"11038981-Sand-6mth-18kg-premium","product_condition":"new"},"_links":{"self":[{"href":"https:\/\/najnaj.eu\/fr\/wp-json\/wp\/v2\/product\/280294","targetHints":{"allow":["GET"]}}],"collection":[{"href":"https:\/\/najnaj.eu\/fr\/wp-json\/wp\/v2\/product"}],"about":[{"href":"https:\/\/najnaj.eu\/fr\/wp-json\/wp\/v2\/types\/product"}],"replies":[{"embeddable":true,"href":"https:\/\/najnaj.eu\/fr\/wp-json\/wp\/v2\/comments?post=280294"}],"version-history":[{"count":0,"href":"https:\/\/najnaj.eu\/fr\/wp-json\/wp\/v2\/product\/280294\/revisions"}],"wp:featuredmedia":[{"embeddable":true,"href":"https:\/\/najnaj.eu\/fr\/wp-json\/wp\/v2\/media\/280296"}],"wp:attachment":[{"href":"https:\/\/najnaj.eu\/fr\/wp-json\/wp\/v2\/media?parent=280294"}],"wp:term":[{"taxonomy":"product_brand","embeddable":true,"href":"https:\/\/najnaj.eu\/fr\/wp-json\/wp\/v2\/product_brand?post=280294"},{"taxonomy":"product_cat","embeddable":true,"href":"https:\/\/najnaj.eu\/fr\/wp-json\/wp\/v2\/product_cat?post=280294"},{"taxonomy":"product_tag","embeddable":true,"href":"https:\/\/najnaj.eu\/fr\/wp-json\/wp\/v2\/product_tag?post=280294"}],"curies":[{"name":"wp","href":"https:\/\/api.w.org\/{rel}","templated":true}]}}