{"id":279324,"date":"2025-11-19T09:59:40","date_gmt":"2025-11-19T08:59:40","guid":{"rendered":"https:\/\/najnaj.eu\/?post_type=product&#038;p=279324"},"modified":"2026-03-26T07:51:59","modified_gmt":"2026-03-26T06:51:59","slug":"b-box-silikonska-zastita-za-flip-top-690ml-midnight","status":"publish","type":"product","link":"https:\/\/najnaj.eu\/fr\/proizvod\/b-box-silikonska-zastita-za-flip-top-690ml-midnight\/","title":{"rendered":"b.box Silikonska za\u0161tita za Flip Top 690ml &#8211; midnight"},"content":{"rendered":"<p>Za\u0161titite i personalizirajte!<\/p>\n<p>Neka va\u0161a b.box Termo boca Flip Top 690mL izgleda svje\u017ee uz ovu uklonjivu silikonsku za\u0161titu. Izra\u0111ena od 100% silikona, na\u0161 jedinstveni dizajn zra\u010dnog jastuka smanjuje rizik od o\u0161te\u0107enja baze i poma\u017ee smanjiti kontaktnu buku, pobolj\u0161avaju\u0107i va\u0161e svakodnevno iskustvo hidratacije i produ\u017euju\u0107i vijek trajanja va\u0161e bo\u010dice. Dostupna u vi\u0161e modernih nijansi!<\/p>\n","protected":false},"excerpt":{"rendered":"<ul>\n<li>Poma\u017ee u za\u0161titi baze i stranica va\u0161e b.box Termo boce Flip top 690ml s preklopnim vrhom od tragova i ogrebotina<\/li>\n<li>Jedinstveni dizajn zra\u010dnog jastuka poma\u017ee apsorbirati udarce na podlogu, produ\u017euju\u0107i vijek trajanja va\u0161e b.box boce od 690ml<\/li>\n<li>Izra\u0111en od fleksibilnog 100% silikona s glatkom povr\u0161inom koja se ne lijepi<\/li>\n<li>Fleksibilna i jaka, ali udobna u ruci<\/li>\n<li>Su\u017eeni rub i konturirani oblik nude elegantan dizajn po mjeri<\/li>\n<li>Smanjuje kontaktnu buku izme\u0111u boce i povr\u0161ina za ugodnije iskustvo kori\u0161tenja<\/li>\n<\/ul>\n","protected":false},"featured_media":279355,"comment_status":"closed","ping_status":"closed","template":"","meta":{"_acf_changed":false,"footnotes":""},"product_brand":[],"product_cat":[659],"product_tag":[],"class_list":{"0":"post-279324","1":"product","2":"type-product","3":"status-publish","4":"has-post-thumbnail","6":"product_cat-ostalo-za-hranjenje","7":"pa_boja-tamno-plava","8":"pa_brand-b-box","10":"first","11":"instock","12":"shipping-taxable","13":"purchasable","14":"product-type-simple"},"bundled_by":[],"bundle_stock_status":"instock","bundle_stock_quantity":15,"bundle_virtual":false,"bundle_layout":"","bundle_add_to_cart_form_location":"","bundle_editable_in_cart":false,"bundle_sold_individually_context":"","bundle_item_grouping":"","bundle_min_size":"","bundle_max_size":"","bundle_price":[],"bundled_items":[],"bundle_sell_ids":[],"acf":[],"yoast_head":"<!-- This site is optimized with the Yoast SEO Premium plugin v21.5 (Yoast SEO v27.4) - https:\/\/yoast.com\/product\/yoast-seo-premium-wordpress\/ -->\n<title>b.box Silikonska za\u0161tita za Flip Top 690ml - midnight - NajNaj.eu<\/title>\n<meta name=\"robots\" content=\"index, follow, max-snippet:-1, max-image-preview:large, max-video-preview:-1\" \/>\n<link rel=\"canonical\" href=\"https:\/\/najnaj.eu\/fr\/proizvod\/b-box-silikonska-zastita-za-flip-top-690ml-midnight\/\" \/>\n<meta property=\"og:locale\" content=\"fr_FR\" \/>\n<meta property=\"og:type\" content=\"article\" \/>\n<meta property=\"og:title\" content=\"b.box Silikonska za\u0161tita za Flip Top 690ml - midnight\" \/>\n<meta property=\"og:description\" content=\"Poma\u017ee u za\u0161titi baze i stranica va\u0161e b.box Termo boce Flip top 690ml s preklopnim vrhom od tragova i ogrebotina  Jedinstveni dizajn zra\u010dnog jastuka poma\u017ee apsorbirati udarce na podlogu, produ\u017euju\u0107i vijek trajanja va\u0161e b.box boce od 690ml  Izra\u0111en od fleksibilnog 100% silikona s glatkom povr\u0161inom koja se ne lijepi  Fleksibilna i jaka, ali udobna u ruci  Su\u017eeni rub i konturirani oblik nude elegantan dizajn po mjeri  Smanjuje kontaktnu buku izme\u0111u boce i povr\u0161ina za ugodnije iskustvo kori\u0161tenja\" \/>\n<meta property=\"og:url\" content=\"https:\/\/najnaj.eu\/fr\/proizvod\/b-box-silikonska-zastita-za-flip-top-690ml-midnight\/\" \/>\n<meta property=\"og:site_name\" content=\"NajNaj.eu\" \/>\n<meta property=\"article:publisher\" content=\"https:\/\/web.facebook.com\/najnaj.eu\/\" \/>\n<meta property=\"article:modified_time\" content=\"2026-03-26T06:51:59+00:00\" \/>\n<meta property=\"og:image\" content=\"https:\/\/najnaj.eu\/wp-content\/uploads\/2025\/11\/690-Bumper-Midnight-1.jpg\" \/>\n\t<meta property=\"og:image:width\" content=\"1200\" \/>\n\t<meta property=\"og:image:height\" content=\"1200\" \/>\n\t<meta property=\"og:image:type\" content=\"image\/jpeg\" \/>\n<meta name=\"twitter:card\" content=\"summary_large_image\" \/>\n<meta name=\"twitter:label1\" content=\"Prix\" \/>\n\t<meta name=\"twitter:data1\" content=\"7,49&nbsp;&euro;\" \/>\n\t<meta name=\"twitter:label2\" content=\"Disponibilit\u00e9\" \/>\n\t<meta name=\"twitter:data2\" content=\"En stock\" \/>\n<script type=\"application\/ld+json\" class=\"yoast-schema-graph\">{\"@context\":\"https:\\\/\\\/schema.org\",\"@graph\":[{\"@type\":\"WebPage\",\"@id\":\"https:\\\/\\\/najnaj.eu\\\/fr\\\/proizvod\\\/b-box-silikonska-zastita-za-flip-top-690ml-midnight\\\/\",\"url\":\"https:\\\/\\\/najnaj.eu\\\/fr\\\/proizvod\\\/b-box-silikonska-zastita-za-flip-top-690ml-midnight\\\/\",\"name\":\"b.box Silikonska za\u0161tita za Flip Top 690ml - midnight - NajNaj.eu\",\"isPartOf\":{\"@id\":\"https:\\\/\\\/najnaj.eu\\\/fr\\\/#website\"},\"primaryImageOfPage\":{\"@id\":\"https:\\\/\\\/najnaj.eu\\\/fr\\\/proizvod\\\/b-box-silikonska-zastita-za-flip-top-690ml-midnight\\\/#primaryimage\"},\"image\":{\"@id\":\"https:\\\/\\\/najnaj.eu\\\/fr\\\/proizvod\\\/b-box-silikonska-zastita-za-flip-top-690ml-midnight\\\/#primaryimage\"},\"thumbnailUrl\":\"https:\\\/\\\/najnaj.eu\\\/wp-content\\\/uploads\\\/2025\\\/11\\\/690-Bumper-Midnight-1.jpg\",\"datePublished\":\"2025-11-19T08:59:40+00:00\",\"dateModified\":\"2026-03-26T06:51:59+00:00\",\"breadcrumb\":{\"@id\":\"https:\\\/\\\/najnaj.eu\\\/fr\\\/proizvod\\\/b-box-silikonska-zastita-za-flip-top-690ml-midnight\\\/#breadcrumb\"},\"inLanguage\":\"fr-FR\",\"potentialAction\":[{\"@type\":\"ReadAction\",\"target\":[\"https:\\\/\\\/najnaj.eu\\\/fr\\\/proizvod\\\/b-box-silikonska-zastita-za-flip-top-690ml-midnight\\\/\"]}]},{\"@type\":\"ImageObject\",\"inLanguage\":\"fr-FR\",\"@id\":\"https:\\\/\\\/najnaj.eu\\\/fr\\\/proizvod\\\/b-box-silikonska-zastita-za-flip-top-690ml-midnight\\\/#primaryimage\",\"url\":\"https:\\\/\\\/najnaj.eu\\\/wp-content\\\/uploads\\\/2025\\\/11\\\/690-Bumper-Midnight-1.jpg\",\"contentUrl\":\"https:\\\/\\\/najnaj.eu\\\/wp-content\\\/uploads\\\/2025\\\/11\\\/690-Bumper-Midnight-1.jpg\",\"width\":1200,\"height\":1200},{\"@type\":\"BreadcrumbList\",\"@id\":\"https:\\\/\\\/najnaj.eu\\\/fr\\\/proizvod\\\/b-box-silikonska-zastita-za-flip-top-690ml-midnight\\\/#breadcrumb\",\"itemListElement\":[{\"@type\":\"ListItem\",\"position\":1,\"name\":\"Po\u010detna stranica\",\"item\":\"https:\\\/\\\/najnaj.eu\\\/fr\\\/\"},{\"@type\":\"ListItem\",\"position\":2,\"name\":\"Trgovina\",\"item\":\"https:\\\/\\\/najnaj.hr\\\/trgovina\\\/\"},{\"@type\":\"ListItem\",\"position\":3,\"name\":\"b.box Silikonska za\u0161tita za Flip Top 690ml &#8211; midnight\"}]},{\"@type\":\"WebSite\",\"@id\":\"https:\\\/\\\/najnaj.eu\\\/fr\\\/#website\",\"url\":\"https:\\\/\\\/najnaj.eu\\\/fr\\\/\",\"name\":\"NajNaj.eu\",\"description\":\"Za najva\u017enije!\",\"potentialAction\":[{\"@type\":\"SearchAction\",\"target\":{\"@type\":\"EntryPoint\",\"urlTemplate\":\"https:\\\/\\\/najnaj.eu\\\/fr\\\/?s={search_term_string}\"},\"query-input\":{\"@type\":\"PropertyValueSpecification\",\"valueRequired\":true,\"valueName\":\"search_term_string\"}}],\"inLanguage\":\"fr-FR\"}]}<\/script>\n<meta property=\"product:brand\" content=\"b.box\" \/>\n<meta property=\"product:price:amount\" content=\"7.49\" \/>\n<meta property=\"product:price:currency\" content=\"EUR\" \/>\n<meta property=\"og:availability\" content=\"instock\" \/>\n<meta property=\"product:availability\" content=\"instock\" \/>\n<meta property=\"product:retailer_item_id\" content=\"BX1343\" \/>\n<meta property=\"product:condition\" content=\"new\" \/>\n<!-- \/ Yoast SEO Premium plugin. -->","yoast_head_json":{"title":"b.box Silikonska za\u0161tita za Flip Top 690ml - midnight - NajNaj.eu","robots":{"index":"index","follow":"follow","max-snippet":"max-snippet:-1","max-image-preview":"max-image-preview:large","max-video-preview":"max-video-preview:-1"},"canonical":"https:\/\/najnaj.eu\/fr\/proizvod\/b-box-silikonska-zastita-za-flip-top-690ml-midnight\/","og_locale":"fr_FR","og_type":"article","og_title":"b.box Silikonska za\u0161tita za Flip Top 690ml - midnight","og_description":"Poma\u017ee u za\u0161titi baze i stranica va\u0161e b.box Termo boce Flip top 690ml s preklopnim vrhom od tragova i ogrebotina  Jedinstveni dizajn zra\u010dnog jastuka poma\u017ee apsorbirati udarce na podlogu, produ\u017euju\u0107i vijek trajanja va\u0161e b.box boce od 690ml  Izra\u0111en od fleksibilnog 100% silikona s glatkom povr\u0161inom koja se ne lijepi  Fleksibilna i jaka, ali udobna u ruci  Su\u017eeni rub i konturirani oblik nude elegantan dizajn po mjeri  Smanjuje kontaktnu buku izme\u0111u boce i povr\u0161ina za ugodnije iskustvo kori\u0161tenja","og_url":"https:\/\/najnaj.eu\/fr\/proizvod\/b-box-silikonska-zastita-za-flip-top-690ml-midnight\/","og_site_name":"NajNaj.eu","article_publisher":"https:\/\/web.facebook.com\/najnaj.eu\/","article_modified_time":"2026-03-26T06:51:59+00:00","og_image":[{"width":1200,"height":1200,"url":"https:\/\/najnaj.eu\/wp-content\/uploads\/2025\/11\/690-Bumper-Midnight-1.jpg","type":"image\/jpeg"}],"twitter_card":"summary_large_image","twitter_misc":{"Prix":"7,49&nbsp;&euro;","Disponibilit\u00e9":"En stock"},"schema":{"@context":"https:\/\/schema.org","@graph":[{"@type":"WebPage","@id":"https:\/\/najnaj.eu\/fr\/proizvod\/b-box-silikonska-zastita-za-flip-top-690ml-midnight\/","url":"https:\/\/najnaj.eu\/fr\/proizvod\/b-box-silikonska-zastita-za-flip-top-690ml-midnight\/","name":"b.box Silikonska za\u0161tita za Flip Top 690ml - midnight - NajNaj.eu","isPartOf":{"@id":"https:\/\/najnaj.eu\/fr\/#website"},"primaryImageOfPage":{"@id":"https:\/\/najnaj.eu\/fr\/proizvod\/b-box-silikonska-zastita-za-flip-top-690ml-midnight\/#primaryimage"},"image":{"@id":"https:\/\/najnaj.eu\/fr\/proizvod\/b-box-silikonska-zastita-za-flip-top-690ml-midnight\/#primaryimage"},"thumbnailUrl":"https:\/\/najnaj.eu\/wp-content\/uploads\/2025\/11\/690-Bumper-Midnight-1.jpg","datePublished":"2025-11-19T08:59:40+00:00","dateModified":"2026-03-26T06:51:59+00:00","breadcrumb":{"@id":"https:\/\/najnaj.eu\/fr\/proizvod\/b-box-silikonska-zastita-za-flip-top-690ml-midnight\/#breadcrumb"},"inLanguage":"fr-FR","potentialAction":[{"@type":"ReadAction","target":["https:\/\/najnaj.eu\/fr\/proizvod\/b-box-silikonska-zastita-za-flip-top-690ml-midnight\/"]}]},{"@type":"ImageObject","inLanguage":"fr-FR","@id":"https:\/\/najnaj.eu\/fr\/proizvod\/b-box-silikonska-zastita-za-flip-top-690ml-midnight\/#primaryimage","url":"https:\/\/najnaj.eu\/wp-content\/uploads\/2025\/11\/690-Bumper-Midnight-1.jpg","contentUrl":"https:\/\/najnaj.eu\/wp-content\/uploads\/2025\/11\/690-Bumper-Midnight-1.jpg","width":1200,"height":1200},{"@type":"BreadcrumbList","@id":"https:\/\/najnaj.eu\/fr\/proizvod\/b-box-silikonska-zastita-za-flip-top-690ml-midnight\/#breadcrumb","itemListElement":[{"@type":"ListItem","position":1,"name":"Po\u010detna stranica","item":"https:\/\/najnaj.eu\/fr\/"},{"@type":"ListItem","position":2,"name":"Trgovina","item":"https:\/\/najnaj.hr\/trgovina\/"},{"@type":"ListItem","position":3,"name":"b.box Silikonska za\u0161tita za Flip Top 690ml &#8211; midnight"}]},{"@type":"WebSite","@id":"https:\/\/najnaj.eu\/fr\/#website","url":"https:\/\/najnaj.eu\/fr\/","name":"NajNaj.eu","description":"Za najva\u017enije!","potentialAction":[{"@type":"SearchAction","target":{"@type":"EntryPoint","urlTemplate":"https:\/\/najnaj.eu\/fr\/?s={search_term_string}"},"query-input":{"@type":"PropertyValueSpecification","valueRequired":true,"valueName":"search_term_string"}}],"inLanguage":"fr-FR"}]},"product_brand":"b.box","product_price_amount":"7.49","product_price_currency":"EUR","og_availability":"instock","product_availability":"instock","product_retailer_item_id":"BX1343","product_condition":"new"},"_links":{"self":[{"href":"https:\/\/najnaj.eu\/fr\/wp-json\/wp\/v2\/product\/279324","targetHints":{"allow":["GET"]}}],"collection":[{"href":"https:\/\/najnaj.eu\/fr\/wp-json\/wp\/v2\/product"}],"about":[{"href":"https:\/\/najnaj.eu\/fr\/wp-json\/wp\/v2\/types\/product"}],"replies":[{"embeddable":true,"href":"https:\/\/najnaj.eu\/fr\/wp-json\/wp\/v2\/comments?post=279324"}],"version-history":[{"count":0,"href":"https:\/\/najnaj.eu\/fr\/wp-json\/wp\/v2\/product\/279324\/revisions"}],"wp:featuredmedia":[{"embeddable":true,"href":"https:\/\/najnaj.eu\/fr\/wp-json\/wp\/v2\/media\/279355"}],"wp:attachment":[{"href":"https:\/\/najnaj.eu\/fr\/wp-json\/wp\/v2\/media?parent=279324"}],"wp:term":[{"taxonomy":"product_brand","embeddable":true,"href":"https:\/\/najnaj.eu\/fr\/wp-json\/wp\/v2\/product_brand?post=279324"},{"taxonomy":"product_cat","embeddable":true,"href":"https:\/\/najnaj.eu\/fr\/wp-json\/wp\/v2\/product_cat?post=279324"},{"taxonomy":"product_tag","embeddable":true,"href":"https:\/\/najnaj.eu\/fr\/wp-json\/wp\/v2\/product_tag?post=279324"}],"curies":[{"name":"wp","href":"https:\/\/api.w.org\/{rel}","templated":true}]}}