{"id":278795,"date":"2025-11-27T15:40:37","date_gmt":"2025-11-27T14:40:37","guid":{"rendered":"https:\/\/najnaj.eu\/?post_type=product&#038;p=278795"},"modified":"2026-04-14T17:14:58","modified_gmt":"2026-04-14T15:14:58","slug":"b-box-pribor-za-jelo-blush","status":"publish","type":"product","link":"https:\/\/najnaj.eu\/fr\/proizvod\/b-box-pribor-za-jelo-blush\/","title":{"rendered":"b.box pribor za jelo &#8211; blush"},"content":{"rendered":"<p>Na\u0161 set pribora za jelo osmi\u0161ljen je u suradnji s vode\u0107im pedijatrijskim radnim terapeutom kao idealan pribor za djecu koja su spremna samostalno se hraniti. Njegove ru\u010dke koje se lako hvataju nagnute su za optimalno pozicioniranje dlana na usta, omogu\u0107avaju\u0107i lak\u0161e hranjenje. Velika glava \u017elice slu\u017ei i kao grabilica koja omogu\u0107uje mali\u0161anima da zagrabe hranu, \u010dak i na plitkom tanjuru. Osim toga, njegov jedinstveni duboki oblik lopatice zna\u010di da vi\u0161e hrane ostaje na \u017elici dok se kre\u0107e od tanjura do usta! Na\u0161 jedinstveni cvjeti\u0107 omogu\u0107uje djeci da lak\u0161e napiknu hranu i dizajniran je da odgovara veli\u010dini i obliku malih usta. Osim toga, njegovi zaobljeni zupci nje\u017eniji su prema malim ustima i desnima tako da mali\u0161ani mogu sigurno jesti. Set dolazi u kompletu sa prakti\u010dnom putnom torbicom za odr\u017eavanje pribora \u010distim prije obroka.<\/p>\n","protected":false},"excerpt":{"rendered":"<ul>\n<li>\u00a0Ru\u010dke za jednostavno dr\u017eanje pod kutom za optimalno pozicioniranje ruke na usta<\/li>\n<li>Jedinstveni cvjetni dizajn omogu\u0107uje djeci napikavanje hrane i prilago\u0111avanje veli\u010dini i obliku malih usta<\/li>\n<li>Zaobljeni zupci nje\u017eniji su za male desni pa mali\u0161ani mogu sigurno jesti<\/li>\n<li>Prakti\u010dna putna torbica odr\u017eava pribor \u010distim dok ste u pokretu<\/li>\n<li>Mo\u017ee se prati u perilici posu\u0111a<\/li>\n<\/ul>\n","protected":false},"featured_media":278798,"comment_status":"open","ping_status":"closed","template":"","meta":{"_acf_changed":false,"footnotes":""},"product_brand":[],"product_cat":[577,622,658],"product_tag":[],"class_list":{"0":"post-278795","1":"product","2":"type-product","3":"status-publish","4":"has-post-thumbnail","6":"product_cat-hranjenje","7":"product_cat-posude","8":"product_cat-pribor-za-jelo","9":"pa_boja-roza","10":"pa_brand-b-box","11":"pa_vrsta-posuda-bocice-za-vodu","13":"first","14":"instock","15":"purchasable","16":"product-type-simple"},"bundled_by":["281016"],"bundle_stock_status":"instock","bundle_stock_quantity":15,"bundle_virtual":false,"bundle_layout":"","bundle_add_to_cart_form_location":"","bundle_editable_in_cart":false,"bundle_sold_individually_context":"","bundle_item_grouping":"","bundle_min_size":"","bundle_max_size":"","bundle_price":[],"bundled_items":[],"bundle_sell_ids":[],"acf":[],"yoast_head":"<!-- This site is optimized with the Yoast SEO Premium plugin v21.5 (Yoast SEO v27.4) - https:\/\/yoast.com\/product\/yoast-seo-premium-wordpress\/ -->\n<title>b.box pribor za jelo - blush - NajNaj.eu<\/title>\n<meta name=\"robots\" content=\"index, follow, max-snippet:-1, max-image-preview:large, max-video-preview:-1\" \/>\n<link rel=\"canonical\" href=\"https:\/\/najnaj.eu\/fr\/proizvod\/b-box-pribor-za-jelo-blush\/\" \/>\n<meta property=\"og:locale\" content=\"fr_FR\" \/>\n<meta property=\"og:type\" content=\"article\" \/>\n<meta property=\"og:title\" content=\"b.box pribor za jelo - blush\" \/>\n<meta property=\"og:description\" content=\"\u00a0Ru\u010dke za jednostavno dr\u017eanje pod kutom za optimalno pozicioniranje ruke na usta  Jedinstveni cvjetni dizajn omogu\u0107uje djeci napikavanje hrane i prilago\u0111avanje veli\u010dini i obliku malih usta  Zaobljeni zupci nje\u017eniji su za male desni pa mali\u0161ani mogu sigurno jesti  Prakti\u010dna putna torbica odr\u017eava pribor \u010distim dok ste u pokretu  Mo\u017ee se prati u perilici posu\u0111a\" \/>\n<meta property=\"og:url\" content=\"https:\/\/najnaj.eu\/fr\/proizvod\/b-box-pribor-za-jelo-blush\/\" \/>\n<meta property=\"og:site_name\" content=\"NajNaj.eu\" \/>\n<meta property=\"article:publisher\" content=\"https:\/\/web.facebook.com\/najnaj.eu\/\" \/>\n<meta property=\"article:modified_time\" content=\"2026-04-14T15:14:58+00:00\" \/>\n<meta property=\"og:image\" content=\"https:\/\/najnaj.eu\/wp-content\/uploads\/2025\/11\/Cutlery-Set_Blush_1.jpg\" \/>\n\t<meta property=\"og:image:width\" content=\"1200\" \/>\n\t<meta property=\"og:image:height\" content=\"1200\" \/>\n\t<meta property=\"og:image:type\" content=\"image\/jpeg\" \/>\n<meta name=\"twitter:card\" content=\"summary_large_image\" \/>\n<meta name=\"twitter:label1\" content=\"Prix\" \/>\n\t<meta name=\"twitter:data1\" content=\"9,99&nbsp;&euro;\" \/>\n\t<meta name=\"twitter:label2\" content=\"Disponibilit\u00e9\" \/>\n\t<meta name=\"twitter:data2\" content=\"En stock\" \/>\n<script type=\"application\/ld+json\" class=\"yoast-schema-graph\">{\"@context\":\"https:\\\/\\\/schema.org\",\"@graph\":[{\"@type\":\"WebPage\",\"@id\":\"https:\\\/\\\/najnaj.eu\\\/fr\\\/proizvod\\\/b-box-pribor-za-jelo-blush\\\/\",\"url\":\"https:\\\/\\\/najnaj.eu\\\/fr\\\/proizvod\\\/b-box-pribor-za-jelo-blush\\\/\",\"name\":\"b.box pribor za jelo - blush - NajNaj.eu\",\"isPartOf\":{\"@id\":\"https:\\\/\\\/najnaj.eu\\\/fr\\\/#website\"},\"primaryImageOfPage\":{\"@id\":\"https:\\\/\\\/najnaj.eu\\\/fr\\\/proizvod\\\/b-box-pribor-za-jelo-blush\\\/#primaryimage\"},\"image\":{\"@id\":\"https:\\\/\\\/najnaj.eu\\\/fr\\\/proizvod\\\/b-box-pribor-za-jelo-blush\\\/#primaryimage\"},\"thumbnailUrl\":\"https:\\\/\\\/najnaj.eu\\\/wp-content\\\/uploads\\\/2025\\\/11\\\/Cutlery-Set_Blush_1.jpg\",\"datePublished\":\"2025-11-27T14:40:37+00:00\",\"dateModified\":\"2026-04-14T15:14:58+00:00\",\"breadcrumb\":{\"@id\":\"https:\\\/\\\/najnaj.eu\\\/fr\\\/proizvod\\\/b-box-pribor-za-jelo-blush\\\/#breadcrumb\"},\"inLanguage\":\"fr-FR\",\"potentialAction\":[{\"@type\":\"ReadAction\",\"target\":[\"https:\\\/\\\/najnaj.eu\\\/fr\\\/proizvod\\\/b-box-pribor-za-jelo-blush\\\/\"]}]},{\"@type\":\"ImageObject\",\"inLanguage\":\"fr-FR\",\"@id\":\"https:\\\/\\\/najnaj.eu\\\/fr\\\/proizvod\\\/b-box-pribor-za-jelo-blush\\\/#primaryimage\",\"url\":\"https:\\\/\\\/najnaj.eu\\\/wp-content\\\/uploads\\\/2025\\\/11\\\/Cutlery-Set_Blush_1.jpg\",\"contentUrl\":\"https:\\\/\\\/najnaj.eu\\\/wp-content\\\/uploads\\\/2025\\\/11\\\/Cutlery-Set_Blush_1.jpg\",\"width\":1200,\"height\":1200},{\"@type\":\"BreadcrumbList\",\"@id\":\"https:\\\/\\\/najnaj.eu\\\/fr\\\/proizvod\\\/b-box-pribor-za-jelo-blush\\\/#breadcrumb\",\"itemListElement\":[{\"@type\":\"ListItem\",\"position\":1,\"name\":\"Po\u010detna stranica\",\"item\":\"https:\\\/\\\/najnaj.eu\\\/fr\\\/\"},{\"@type\":\"ListItem\",\"position\":2,\"name\":\"Trgovina\",\"item\":\"https:\\\/\\\/najnaj.hr\\\/trgovina\\\/\"},{\"@type\":\"ListItem\",\"position\":3,\"name\":\"b.box pribor za jelo &#8211; blush\"}]},{\"@type\":\"WebSite\",\"@id\":\"https:\\\/\\\/najnaj.eu\\\/fr\\\/#website\",\"url\":\"https:\\\/\\\/najnaj.eu\\\/fr\\\/\",\"name\":\"NajNaj.eu\",\"description\":\"Za najva\u017enije!\",\"potentialAction\":[{\"@type\":\"SearchAction\",\"target\":{\"@type\":\"EntryPoint\",\"urlTemplate\":\"https:\\\/\\\/najnaj.eu\\\/fr\\\/?s={search_term_string}\"},\"query-input\":{\"@type\":\"PropertyValueSpecification\",\"valueRequired\":true,\"valueName\":\"search_term_string\"}}],\"inLanguage\":\"fr-FR\"}]}<\/script>\n<meta property=\"product:brand\" content=\"b.box\" \/>\n<meta property=\"product:price:amount\" content=\"9.99\" \/>\n<meta property=\"product:price:currency\" content=\"EUR\" \/>\n<meta property=\"og:availability\" content=\"instock\" \/>\n<meta property=\"product:availability\" content=\"instock\" \/>\n<meta property=\"product:retailer_item_id\" content=\"BX1327\" \/>\n<meta property=\"product:condition\" content=\"new\" \/>\n<!-- \/ Yoast SEO Premium plugin. -->","yoast_head_json":{"title":"b.box pribor za jelo - blush - NajNaj.eu","robots":{"index":"index","follow":"follow","max-snippet":"max-snippet:-1","max-image-preview":"max-image-preview:large","max-video-preview":"max-video-preview:-1"},"canonical":"https:\/\/najnaj.eu\/fr\/proizvod\/b-box-pribor-za-jelo-blush\/","og_locale":"fr_FR","og_type":"article","og_title":"b.box pribor za jelo - blush","og_description":"\u00a0Ru\u010dke za jednostavno dr\u017eanje pod kutom za optimalno pozicioniranje ruke na usta  Jedinstveni cvjetni dizajn omogu\u0107uje djeci napikavanje hrane i prilago\u0111avanje veli\u010dini i obliku malih usta  Zaobljeni zupci nje\u017eniji su za male desni pa mali\u0161ani mogu sigurno jesti  Prakti\u010dna putna torbica odr\u017eava pribor \u010distim dok ste u pokretu  Mo\u017ee se prati u perilici posu\u0111a","og_url":"https:\/\/najnaj.eu\/fr\/proizvod\/b-box-pribor-za-jelo-blush\/","og_site_name":"NajNaj.eu","article_publisher":"https:\/\/web.facebook.com\/najnaj.eu\/","article_modified_time":"2026-04-14T15:14:58+00:00","og_image":[{"width":1200,"height":1200,"url":"https:\/\/najnaj.eu\/wp-content\/uploads\/2025\/11\/Cutlery-Set_Blush_1.jpg","type":"image\/jpeg"}],"twitter_card":"summary_large_image","twitter_misc":{"Prix":"9,99&nbsp;&euro;","Disponibilit\u00e9":"En stock"},"schema":{"@context":"https:\/\/schema.org","@graph":[{"@type":"WebPage","@id":"https:\/\/najnaj.eu\/fr\/proizvod\/b-box-pribor-za-jelo-blush\/","url":"https:\/\/najnaj.eu\/fr\/proizvod\/b-box-pribor-za-jelo-blush\/","name":"b.box pribor za jelo - blush - NajNaj.eu","isPartOf":{"@id":"https:\/\/najnaj.eu\/fr\/#website"},"primaryImageOfPage":{"@id":"https:\/\/najnaj.eu\/fr\/proizvod\/b-box-pribor-za-jelo-blush\/#primaryimage"},"image":{"@id":"https:\/\/najnaj.eu\/fr\/proizvod\/b-box-pribor-za-jelo-blush\/#primaryimage"},"thumbnailUrl":"https:\/\/najnaj.eu\/wp-content\/uploads\/2025\/11\/Cutlery-Set_Blush_1.jpg","datePublished":"2025-11-27T14:40:37+00:00","dateModified":"2026-04-14T15:14:58+00:00","breadcrumb":{"@id":"https:\/\/najnaj.eu\/fr\/proizvod\/b-box-pribor-za-jelo-blush\/#breadcrumb"},"inLanguage":"fr-FR","potentialAction":[{"@type":"ReadAction","target":["https:\/\/najnaj.eu\/fr\/proizvod\/b-box-pribor-za-jelo-blush\/"]}]},{"@type":"ImageObject","inLanguage":"fr-FR","@id":"https:\/\/najnaj.eu\/fr\/proizvod\/b-box-pribor-za-jelo-blush\/#primaryimage","url":"https:\/\/najnaj.eu\/wp-content\/uploads\/2025\/11\/Cutlery-Set_Blush_1.jpg","contentUrl":"https:\/\/najnaj.eu\/wp-content\/uploads\/2025\/11\/Cutlery-Set_Blush_1.jpg","width":1200,"height":1200},{"@type":"BreadcrumbList","@id":"https:\/\/najnaj.eu\/fr\/proizvod\/b-box-pribor-za-jelo-blush\/#breadcrumb","itemListElement":[{"@type":"ListItem","position":1,"name":"Po\u010detna stranica","item":"https:\/\/najnaj.eu\/fr\/"},{"@type":"ListItem","position":2,"name":"Trgovina","item":"https:\/\/najnaj.hr\/trgovina\/"},{"@type":"ListItem","position":3,"name":"b.box pribor za jelo &#8211; blush"}]},{"@type":"WebSite","@id":"https:\/\/najnaj.eu\/fr\/#website","url":"https:\/\/najnaj.eu\/fr\/","name":"NajNaj.eu","description":"Za najva\u017enije!","potentialAction":[{"@type":"SearchAction","target":{"@type":"EntryPoint","urlTemplate":"https:\/\/najnaj.eu\/fr\/?s={search_term_string}"},"query-input":{"@type":"PropertyValueSpecification","valueRequired":true,"valueName":"search_term_string"}}],"inLanguage":"fr-FR"}]},"product_brand":"b.box","product_price_amount":"9.99","product_price_currency":"EUR","og_availability":"instock","product_availability":"instock","product_retailer_item_id":"BX1327","product_condition":"new"},"_links":{"self":[{"href":"https:\/\/najnaj.eu\/fr\/wp-json\/wp\/v2\/product\/278795","targetHints":{"allow":["GET"]}}],"collection":[{"href":"https:\/\/najnaj.eu\/fr\/wp-json\/wp\/v2\/product"}],"about":[{"href":"https:\/\/najnaj.eu\/fr\/wp-json\/wp\/v2\/types\/product"}],"replies":[{"embeddable":true,"href":"https:\/\/najnaj.eu\/fr\/wp-json\/wp\/v2\/comments?post=278795"}],"version-history":[{"count":0,"href":"https:\/\/najnaj.eu\/fr\/wp-json\/wp\/v2\/product\/278795\/revisions"}],"wp:featuredmedia":[{"embeddable":true,"href":"https:\/\/najnaj.eu\/fr\/wp-json\/wp\/v2\/media\/278798"}],"wp:attachment":[{"href":"https:\/\/najnaj.eu\/fr\/wp-json\/wp\/v2\/media?parent=278795"}],"wp:term":[{"taxonomy":"product_brand","embeddable":true,"href":"https:\/\/najnaj.eu\/fr\/wp-json\/wp\/v2\/product_brand?post=278795"},{"taxonomy":"product_cat","embeddable":true,"href":"https:\/\/najnaj.eu\/fr\/wp-json\/wp\/v2\/product_cat?post=278795"},{"taxonomy":"product_tag","embeddable":true,"href":"https:\/\/najnaj.eu\/fr\/wp-json\/wp\/v2\/product_tag?post=278795"}],"curies":[{"name":"wp","href":"https:\/\/api.w.org\/{rel}","templated":true}]}}