{"id":278584,"date":"2025-11-27T15:12:24","date_gmt":"2025-11-27T14:12:24","guid":{"rendered":"https:\/\/najnaj.eu\/?post_type=product&#038;p=278584"},"modified":"2026-04-13T22:18:50","modified_gmt":"2026-04-13T20:18:50","slug":"b-box-3u1-prijelazni-set-za-pice-ocean","status":"publish","type":"product","link":"https:\/\/najnaj.eu\/fr\/proizvod\/b-box-3u1-prijelazni-set-za-pice-ocean\/","title":{"rendered":"b.box 3u1 prijelazni set za pi\u0107e &#8211; ocean"},"content":{"rendered":"<p>Bez napora pro\u0111ite tranziciju pijenja od po\u010detka do samostalnog pijenja, uz osnovni 3 u 1 set. Ovaj \u00ab\u00a0sve u jedan\u00a0\u00bb set uklju\u010duje nastavak s mekanim silikonskim izljevom, na\u0161u nagra\u0111ivanu Sippy Cup s utegom na slamki te poklopac za vje\u017ebanje pijenja bez prolijevanja.<\/p>\n<p>1. Bo\u010dica s kljunom<br \/>\nKada je vrijeme za po\u010detak hidratacije, na\u0161a bo\u010dica s kljunom idealan je izbor. Ima nje\u017eni silikonski izljev, ru\u010dke koje se lako dr\u017ee i ugra\u0111eni poklopac izljeva kako bi sve ostalo \u010disto.<br \/>\n&#8211; Ergonomski nagnuti silikonski izljev za udobno pijenje<br \/>\n&#8211; Higijenski ugra\u0111eni poklopac izljeva odr\u017eava izljev \u010distim i za\u0161ti\u0107enim<br \/>\n&#8211; Ru\u010dke koje se lako dr\u017ee poti\u010du neovisnost<br \/>\n&#8211; Nema curenja za hidrataciju bez problema<br \/>\n&#8211; Pogodno za bebe od 4+ mjeseci.<\/p>\n<p>2. Sippy Cup bo\u010dica sa slamkom<br \/>\nNa\u0161a nagra\u0111ivana \u010da\u0161ica za pi\u0107e ima inovativnu b.box slamku s utegom koja se pomi\u010de s teku\u0107inom &#8211; bez obzira na kut nagiba \u010da\u0161ice. Slamka ima jedinstveni dvosmjerni ventil, \u0161to osigurava lako pijenje i bez curenja, \u010dak i s toplom vodom.<br \/>\n&#8211; Slamka s utezima pomi\u010de se s teku\u0107inom za pi\u0107e iz bilo kojeg kuta<br \/>\n&#8211; Nepropusni dizajn s jedinstvenim dvosmjernim ventilom, pogodan za tople ili hladne teku\u0107ine<br \/>\n&#8211; Ru\u010dke koje se lako dr\u017ee poti\u010du samostalno pijenje<br \/>\n&#8211; Poklopac na preklop odr\u017eava vrh slamke \u010distim i higijenskim<br \/>\n&#8211; Pogodno za bebe od 6+ mjeseci.<\/p>\n<p>3. \u010ca\u0161ica za vje\u017ebanje samostalnog pijenja<br \/>\nNeka mala djeca piju kao velika djeca. \u010ca\u0161ica za trening savr\u0161en je na\u010din da mali\u0161ani nau\u010de piti iz \u0161alice s povjerenjem i kontrolom.<br \/>\n&#8211; Opona\u0161a protok velike dje\u010dje \u0161alice usmjeravanjem teku\u0107ine u rub za jednostavno i slobodno pijenje.<br \/>\n&#8211; Jedinstveni prozor\u010di\u0107 za vodu u poklopcu poma\u017ee djeci da vide razinu vode i nau\u010de koliko nagnuti \u0161alicu.<br \/>\n&#8211; Izmjenjiva baza i poklopac &#8211; mijenjajte izme\u0111u izljeva, \u0161alice za gutanje i poklopaca za trening kako va\u0161a beba raste.<br \/>\n&#8211; Pogodno za djecu od 12+ mjeseci.<\/p>\n","protected":false},"excerpt":{"rendered":"<p>1 \u010da\u0161ica, 3 poklopca &#8211; jednostavno mijenjajte poklopce kako beba raste, prilago\u0111avaju\u0107i se svakoj dobi i fazi<\/p>\n<ul>\n<li>\u00a0Baza odgovara svakom poklopcu<\/li>\n<li>Uklju\u010duje na\u0161u nagra\u0111ivanu Sippy Cup \u010da\u0161icu za pijenje<\/li>\n<li>Mo\u017ee se prati u perilici posu\u0111a<\/li>\n<li>Baza kapaciteta 240 ml\/8 oz<\/li>\n<\/ul>\n","protected":false},"featured_media":278587,"comment_status":"open","ping_status":"closed","template":"","meta":{"_acf_changed":false,"footnotes":""},"product_brand":[],"product_cat":[654,577,2382,622,2216],"product_tag":[],"class_list":{"0":"post-278584","1":"product","2":"type-product","3":"status-publish","4":"has-post-thumbnail","6":"product_cat-boce-za-vodu","7":"product_cat-hranjenje","8":"product_cat-cadeaux","9":"product_cat-posude","10":"product_cat-setovi-za-hranjenje","11":"pa_boja-plava","12":"pa_brand-b-box","13":"pa_vrsta-posuda-bocice-za-vodu","15":"first","16":"instock","17":"purchasable","18":"product-type-simple"},"bundled_by":[],"bundle_stock_status":"instock","bundle_stock_quantity":12,"bundle_virtual":false,"bundle_layout":"","bundle_add_to_cart_form_location":"","bundle_editable_in_cart":false,"bundle_sold_individually_context":"","bundle_item_grouping":"","bundle_min_size":"","bundle_max_size":"","bundle_price":[],"bundled_items":[],"bundle_sell_ids":[],"acf":[],"yoast_head":"<!-- This site is optimized with the Yoast SEO Premium plugin v21.5 (Yoast SEO v27.4) - https:\/\/yoast.com\/product\/yoast-seo-premium-wordpress\/ -->\n<title>b.box 3u1 prijelazni set za pi\u0107e - ocean - NajNaj.eu<\/title>\n<meta name=\"robots\" content=\"index, follow, max-snippet:-1, max-image-preview:large, max-video-preview:-1\" \/>\n<link rel=\"canonical\" href=\"https:\/\/najnaj.eu\/fr\/proizvod\/b-box-3u1-prijelazni-set-za-pice-ocean\/\" \/>\n<meta property=\"og:locale\" content=\"fr_FR\" \/>\n<meta property=\"og:type\" content=\"article\" \/>\n<meta property=\"og:title\" content=\"b.box 3u1 prijelazni set za pi\u0107e - ocean\" \/>\n<meta property=\"og:description\" content=\"1 \u010da\u0161ica, 3 poklopca - jednostavno mijenjajte poklopce kako beba raste, prilago\u0111avaju\u0107i se svakoj dobi i fazi   \u00a0Baza odgovara svakom poklopcu  Uklju\u010duje na\u0161u nagra\u0111ivanu Sippy Cup \u010da\u0161icu za pijenje  Mo\u017ee se prati u perilici posu\u0111a  Baza kapaciteta 240 ml\/8 oz\" \/>\n<meta property=\"og:url\" content=\"https:\/\/najnaj.eu\/fr\/proizvod\/b-box-3u1-prijelazni-set-za-pice-ocean\/\" \/>\n<meta property=\"og:site_name\" content=\"NajNaj.eu\" \/>\n<meta property=\"article:publisher\" content=\"https:\/\/web.facebook.com\/najnaj.eu\/\" \/>\n<meta property=\"article:modified_time\" content=\"2026-04-13T20:18:50+00:00\" \/>\n<meta property=\"og:image\" content=\"https:\/\/najnaj.eu\/wp-content\/uploads\/2025\/11\/3-in-1-value-pack_Ocean-1.jpg\" \/>\n\t<meta property=\"og:image:width\" content=\"1200\" \/>\n\t<meta property=\"og:image:height\" content=\"1200\" \/>\n\t<meta property=\"og:image:type\" content=\"image\/jpeg\" \/>\n<meta name=\"twitter:card\" content=\"summary_large_image\" \/>\n<meta name=\"twitter:label1\" content=\"Prix\" \/>\n\t<meta name=\"twitter:data1\" content=\"21,99&nbsp;&euro;\" \/>\n\t<meta name=\"twitter:label2\" content=\"Disponibilit\u00e9\" \/>\n\t<meta name=\"twitter:data2\" content=\"En stock\" \/>\n<script type=\"application\/ld+json\" class=\"yoast-schema-graph\">{\"@context\":\"https:\\\/\\\/schema.org\",\"@graph\":[{\"@type\":\"WebPage\",\"@id\":\"https:\\\/\\\/najnaj.eu\\\/fr\\\/proizvod\\\/b-box-3u1-prijelazni-set-za-pice-ocean\\\/\",\"url\":\"https:\\\/\\\/najnaj.eu\\\/fr\\\/proizvod\\\/b-box-3u1-prijelazni-set-za-pice-ocean\\\/\",\"name\":\"b.box 3u1 prijelazni set za pi\u0107e - ocean - NajNaj.eu\",\"isPartOf\":{\"@id\":\"https:\\\/\\\/najnaj.eu\\\/fr\\\/#website\"},\"primaryImageOfPage\":{\"@id\":\"https:\\\/\\\/najnaj.eu\\\/fr\\\/proizvod\\\/b-box-3u1-prijelazni-set-za-pice-ocean\\\/#primaryimage\"},\"image\":{\"@id\":\"https:\\\/\\\/najnaj.eu\\\/fr\\\/proizvod\\\/b-box-3u1-prijelazni-set-za-pice-ocean\\\/#primaryimage\"},\"thumbnailUrl\":\"https:\\\/\\\/najnaj.eu\\\/wp-content\\\/uploads\\\/2025\\\/11\\\/3-in-1-value-pack_Ocean-1.jpg\",\"datePublished\":\"2025-11-27T14:12:24+00:00\",\"dateModified\":\"2026-04-13T20:18:50+00:00\",\"breadcrumb\":{\"@id\":\"https:\\\/\\\/najnaj.eu\\\/fr\\\/proizvod\\\/b-box-3u1-prijelazni-set-za-pice-ocean\\\/#breadcrumb\"},\"inLanguage\":\"fr-FR\",\"potentialAction\":[{\"@type\":\"ReadAction\",\"target\":[\"https:\\\/\\\/najnaj.eu\\\/fr\\\/proizvod\\\/b-box-3u1-prijelazni-set-za-pice-ocean\\\/\"]}]},{\"@type\":\"ImageObject\",\"inLanguage\":\"fr-FR\",\"@id\":\"https:\\\/\\\/najnaj.eu\\\/fr\\\/proizvod\\\/b-box-3u1-prijelazni-set-za-pice-ocean\\\/#primaryimage\",\"url\":\"https:\\\/\\\/najnaj.eu\\\/wp-content\\\/uploads\\\/2025\\\/11\\\/3-in-1-value-pack_Ocean-1.jpg\",\"contentUrl\":\"https:\\\/\\\/najnaj.eu\\\/wp-content\\\/uploads\\\/2025\\\/11\\\/3-in-1-value-pack_Ocean-1.jpg\",\"width\":1200,\"height\":1200},{\"@type\":\"BreadcrumbList\",\"@id\":\"https:\\\/\\\/najnaj.eu\\\/fr\\\/proizvod\\\/b-box-3u1-prijelazni-set-za-pice-ocean\\\/#breadcrumb\",\"itemListElement\":[{\"@type\":\"ListItem\",\"position\":1,\"name\":\"Po\u010detna stranica\",\"item\":\"https:\\\/\\\/najnaj.eu\\\/fr\\\/\"},{\"@type\":\"ListItem\",\"position\":2,\"name\":\"Trgovina\",\"item\":\"https:\\\/\\\/najnaj.hr\\\/trgovina\\\/\"},{\"@type\":\"ListItem\",\"position\":3,\"name\":\"b.box 3u1 prijelazni set za pi\u0107e &#8211; ocean\"}]},{\"@type\":\"WebSite\",\"@id\":\"https:\\\/\\\/najnaj.eu\\\/fr\\\/#website\",\"url\":\"https:\\\/\\\/najnaj.eu\\\/fr\\\/\",\"name\":\"NajNaj.eu\",\"description\":\"Za najva\u017enije!\",\"potentialAction\":[{\"@type\":\"SearchAction\",\"target\":{\"@type\":\"EntryPoint\",\"urlTemplate\":\"https:\\\/\\\/najnaj.eu\\\/fr\\\/?s={search_term_string}\"},\"query-input\":{\"@type\":\"PropertyValueSpecification\",\"valueRequired\":true,\"valueName\":\"search_term_string\"}}],\"inLanguage\":\"fr-FR\"}]}<\/script>\n<meta property=\"product:brand\" content=\"b.box\" \/>\n<meta property=\"product:price:amount\" content=\"21.99\" \/>\n<meta property=\"product:price:currency\" content=\"EUR\" \/>\n<meta property=\"og:availability\" content=\"instock\" \/>\n<meta property=\"product:availability\" content=\"instock\" \/>\n<meta property=\"product:retailer_item_id\" content=\"BX1348\" \/>\n<meta property=\"product:condition\" content=\"new\" \/>\n<!-- \/ Yoast SEO Premium plugin. -->","yoast_head_json":{"title":"b.box 3u1 prijelazni set za pi\u0107e - ocean - NajNaj.eu","robots":{"index":"index","follow":"follow","max-snippet":"max-snippet:-1","max-image-preview":"max-image-preview:large","max-video-preview":"max-video-preview:-1"},"canonical":"https:\/\/najnaj.eu\/fr\/proizvod\/b-box-3u1-prijelazni-set-za-pice-ocean\/","og_locale":"fr_FR","og_type":"article","og_title":"b.box 3u1 prijelazni set za pi\u0107e - ocean","og_description":"1 \u010da\u0161ica, 3 poklopca - jednostavno mijenjajte poklopce kako beba raste, prilago\u0111avaju\u0107i se svakoj dobi i fazi   \u00a0Baza odgovara svakom poklopcu  Uklju\u010duje na\u0161u nagra\u0111ivanu Sippy Cup \u010da\u0161icu za pijenje  Mo\u017ee se prati u perilici posu\u0111a  Baza kapaciteta 240 ml\/8 oz","og_url":"https:\/\/najnaj.eu\/fr\/proizvod\/b-box-3u1-prijelazni-set-za-pice-ocean\/","og_site_name":"NajNaj.eu","article_publisher":"https:\/\/web.facebook.com\/najnaj.eu\/","article_modified_time":"2026-04-13T20:18:50+00:00","og_image":[{"width":1200,"height":1200,"url":"https:\/\/najnaj.eu\/wp-content\/uploads\/2025\/11\/3-in-1-value-pack_Ocean-1.jpg","type":"image\/jpeg"}],"twitter_card":"summary_large_image","twitter_misc":{"Prix":"21,99&nbsp;&euro;","Disponibilit\u00e9":"En stock"},"schema":{"@context":"https:\/\/schema.org","@graph":[{"@type":"WebPage","@id":"https:\/\/najnaj.eu\/fr\/proizvod\/b-box-3u1-prijelazni-set-za-pice-ocean\/","url":"https:\/\/najnaj.eu\/fr\/proizvod\/b-box-3u1-prijelazni-set-za-pice-ocean\/","name":"b.box 3u1 prijelazni set za pi\u0107e - ocean - NajNaj.eu","isPartOf":{"@id":"https:\/\/najnaj.eu\/fr\/#website"},"primaryImageOfPage":{"@id":"https:\/\/najnaj.eu\/fr\/proizvod\/b-box-3u1-prijelazni-set-za-pice-ocean\/#primaryimage"},"image":{"@id":"https:\/\/najnaj.eu\/fr\/proizvod\/b-box-3u1-prijelazni-set-za-pice-ocean\/#primaryimage"},"thumbnailUrl":"https:\/\/najnaj.eu\/wp-content\/uploads\/2025\/11\/3-in-1-value-pack_Ocean-1.jpg","datePublished":"2025-11-27T14:12:24+00:00","dateModified":"2026-04-13T20:18:50+00:00","breadcrumb":{"@id":"https:\/\/najnaj.eu\/fr\/proizvod\/b-box-3u1-prijelazni-set-za-pice-ocean\/#breadcrumb"},"inLanguage":"fr-FR","potentialAction":[{"@type":"ReadAction","target":["https:\/\/najnaj.eu\/fr\/proizvod\/b-box-3u1-prijelazni-set-za-pice-ocean\/"]}]},{"@type":"ImageObject","inLanguage":"fr-FR","@id":"https:\/\/najnaj.eu\/fr\/proizvod\/b-box-3u1-prijelazni-set-za-pice-ocean\/#primaryimage","url":"https:\/\/najnaj.eu\/wp-content\/uploads\/2025\/11\/3-in-1-value-pack_Ocean-1.jpg","contentUrl":"https:\/\/najnaj.eu\/wp-content\/uploads\/2025\/11\/3-in-1-value-pack_Ocean-1.jpg","width":1200,"height":1200},{"@type":"BreadcrumbList","@id":"https:\/\/najnaj.eu\/fr\/proizvod\/b-box-3u1-prijelazni-set-za-pice-ocean\/#breadcrumb","itemListElement":[{"@type":"ListItem","position":1,"name":"Po\u010detna stranica","item":"https:\/\/najnaj.eu\/fr\/"},{"@type":"ListItem","position":2,"name":"Trgovina","item":"https:\/\/najnaj.hr\/trgovina\/"},{"@type":"ListItem","position":3,"name":"b.box 3u1 prijelazni set za pi\u0107e &#8211; ocean"}]},{"@type":"WebSite","@id":"https:\/\/najnaj.eu\/fr\/#website","url":"https:\/\/najnaj.eu\/fr\/","name":"NajNaj.eu","description":"Za najva\u017enije!","potentialAction":[{"@type":"SearchAction","target":{"@type":"EntryPoint","urlTemplate":"https:\/\/najnaj.eu\/fr\/?s={search_term_string}"},"query-input":{"@type":"PropertyValueSpecification","valueRequired":true,"valueName":"search_term_string"}}],"inLanguage":"fr-FR"}]},"product_brand":"b.box","product_price_amount":"21.99","product_price_currency":"EUR","og_availability":"instock","product_availability":"instock","product_retailer_item_id":"BX1348","product_condition":"new"},"_links":{"self":[{"href":"https:\/\/najnaj.eu\/fr\/wp-json\/wp\/v2\/product\/278584","targetHints":{"allow":["GET"]}}],"collection":[{"href":"https:\/\/najnaj.eu\/fr\/wp-json\/wp\/v2\/product"}],"about":[{"href":"https:\/\/najnaj.eu\/fr\/wp-json\/wp\/v2\/types\/product"}],"replies":[{"embeddable":true,"href":"https:\/\/najnaj.eu\/fr\/wp-json\/wp\/v2\/comments?post=278584"}],"version-history":[{"count":0,"href":"https:\/\/najnaj.eu\/fr\/wp-json\/wp\/v2\/product\/278584\/revisions"}],"wp:featuredmedia":[{"embeddable":true,"href":"https:\/\/najnaj.eu\/fr\/wp-json\/wp\/v2\/media\/278587"}],"wp:attachment":[{"href":"https:\/\/najnaj.eu\/fr\/wp-json\/wp\/v2\/media?parent=278584"}],"wp:term":[{"taxonomy":"product_brand","embeddable":true,"href":"https:\/\/najnaj.eu\/fr\/wp-json\/wp\/v2\/product_brand?post=278584"},{"taxonomy":"product_cat","embeddable":true,"href":"https:\/\/najnaj.eu\/fr\/wp-json\/wp\/v2\/product_cat?post=278584"},{"taxonomy":"product_tag","embeddable":true,"href":"https:\/\/najnaj.eu\/fr\/wp-json\/wp\/v2\/product_tag?post=278584"}],"curies":[{"name":"wp","href":"https:\/\/api.w.org\/{rel}","templated":true}]}}