{"id":277296,"date":"2025-11-03T11:38:18","date_gmt":"2025-11-03T10:38:18","guid":{"rendered":"https:\/\/najnaj.eu\/?post_type=product&#038;p=277296"},"modified":"2026-02-03T20:16:03","modified_gmt":"2026-02-03T19:16:03","slug":"ergobaby-zimska-vreca-za-metro-3-kompaktna-gradska-kolica","status":"publish","type":"product","link":"https:\/\/najnaj.eu\/fr\/proizvod\/ergobaby-zimska-vreca-za-metro-3-kompaktna-gradska-kolica\/","title":{"rendered":"Ergobaby Zimska vre\u0107a za Metro 3 kompaktna gradska kolica"},"content":{"rendered":"<p>1. ZA\u0160TITA U SVIM VREMENSKIM PRILIKAMA<br \/>\nVanjski sloj je vodootporan i vjetrootporan te su va\u0161i najmla\u0111i savr\u0161eno za\u0161ti\u0107eni od ki\u0161e, vjetra i snijega u svojim Metro3 \/ Metro3 Deluxe kolicima.<\/p>\n<p>2. UDOBNA ZIMSKA ZA\u0160TITA<br \/>\nUnutra\u0161njost oblo\u017eena mekanim, premium flisom koji \u010dini vo\u017enju Metro3 \/ Metro3 Deluxe kolicima jo\u0161 udobnijom.<\/p>\n<p>3. PRLJAVE CIPELICE? NEMA PROBLEMA!<br \/>\nZimska vre\u0107a ostaje \u010dista \u010dak i kad se koristi dok je dijete u cipelicama jer se dno vre\u0107e mo\u017ee obirsati nakon kori\u0161tenja.<\/p>\n<p>4. PRILAGODLJIVA I SVESTRANA<br \/>\nPatentni zatvara\u010d mo\u017ee se koristiti u oba smjera \u0161to olak\u0161ava kori\u0161tenje kapulja\u010de kao i stavljanje te va\u0111enje djeteta iz zimske vre\u0107e radi maksimalne udobnosti djeteta.<\/p>\n<p>5. UKLONJIVI POKRIVA\u010c<br \/>\nLagano uklanjanje pokriva\u010da tj. gornjeg dijela zimske vre\u0107e omogu\u0107ava maksimalni protok zraka dok je dijete u unutarnjim prostorima.<\/p>\n<p>6. KORISTI SE ZA DJECU OD 6 MJESECI DO 4 GODINE<\/p>\n<p>7. SKLAPANJE S KOLICIMA<br \/>\nZimska vre\u0107a posebno je dizajnirana za Metro3 \/ Metro3 Deluxe kompaktna gradska kolica. Zahvaljuju\u0107i prorezu za ru\u010dku koja se nalazi na sjedalu i slu\u017ei za sklapanje\/no\u0161enje Metro3 \/ Metro3 Deluxe kolica, vre\u0107u nije potrebno skidati prije sklapanja, ve\u0107 se kolica mogu lako sklopiti i ponijeti zajedno sa zimskom vre\u0107om na sjedalu.<\/p>\n<p>8. PERIVA U PERILICI RUBLJA<\/p>\n","protected":false},"excerpt":{"rendered":"<p>Udobno i toplo rje\u0161enje za male no\u017eice &#8211; Metro 3 zimska vre\u0107a pru\u017ea udobnost i toplinu najmla\u0111ima prilikom vo\u017enje.<\/p>\n<p>\u2022 Dizajnirana za Metro3 i Metro3 Deluxe kompaktna gradska kolica<br \/>\n\u2022 Vodootporni vanjski sloj i unutra\u0161njost od vrhunskog flisa za za\u0161titu od vremenskih uvjeta<br \/>\n\u2022 Unutarnja povr\u0161ina zimske vre\u0107e se lako \u010disti nakon kori\u0161tenja<br \/>\n\u2022 Jednostavno se postavlja na kolica i mo\u017ee se sklopiti zajedno s kolicima<br \/>\n\u2022 Prikladna za djecu od 6 mjeseci do 4 godine<br \/>\n\u2022 Periva u perilici rublja<\/p>\n","protected":false},"featured_media":277305,"comment_status":"open","ping_status":"closed","template":"","meta":{"_acf_changed":false,"footnotes":""},"product_brand":[],"product_cat":[552,569],"product_tag":[2271],"class_list":{"0":"post-277296","1":"product","2":"type-product","3":"status-publish","4":"has-post-thumbnail","6":"product_cat-dodaci-za-kolica","7":"product_cat-zimske-vrece-za-kolica","8":"product_tag-zima","9":"pa_brand-ergobaby","11":"first","12":"instock","13":"purchasable","14":"product-type-simple"},"bundled_by":[],"bundle_stock_status":"instock","bundle_stock_quantity":15,"bundle_virtual":false,"bundle_layout":"","bundle_add_to_cart_form_location":"","bundle_editable_in_cart":false,"bundle_sold_individually_context":"","bundle_item_grouping":"","bundle_min_size":"","bundle_max_size":"","bundle_price":[],"bundled_items":[],"bundle_sell_ids":[],"acf":[],"yoast_head":"<!-- This site is optimized with the Yoast SEO Premium plugin v21.5 (Yoast SEO v27.4) - https:\/\/yoast.com\/product\/yoast-seo-premium-wordpress\/ -->\n<title>Ergobaby Zimska vre\u0107a za Metro 3 kompaktna gradska kolica - NajNaj.eu<\/title>\n<meta name=\"robots\" content=\"index, follow, max-snippet:-1, max-image-preview:large, max-video-preview:-1\" \/>\n<link rel=\"canonical\" href=\"https:\/\/najnaj.eu\/fr\/proizvod\/ergobaby-zimska-vreca-za-metro-3-kompaktna-gradska-kolica\/\" \/>\n<meta property=\"og:locale\" content=\"fr_FR\" \/>\n<meta property=\"og:type\" content=\"article\" \/>\n<meta property=\"og:title\" content=\"Ergobaby Zimska vre\u0107a za Metro 3 kompaktna gradska kolica\" \/>\n<meta property=\"og:description\" content=\"Udobno i toplo rje\u0161enje za male no\u017eice - Metro 3 zimska vre\u0107a pru\u017ea udobnost i toplinu najmla\u0111ima prilikom vo\u017enje.  \u2022 Dizajnirana za Metro3 i Metro3 Deluxe kompaktna gradska kolica \u2022 Vodootporni vanjski sloj i unutra\u0161njost od vrhunskog flisa za za\u0161titu od vremenskih uvjeta \u2022 Unutarnja povr\u0161ina zimske vre\u0107e se lako \u010disti nakon kori\u0161tenja \u2022 Jednostavno se postavlja na kolica i mo\u017ee se sklopiti zajedno s kolicima \u2022 Prikladna za djecu od 6 mjeseci do 4 godine \u2022 Periva u perilici rublja\" \/>\n<meta property=\"og:url\" content=\"https:\/\/najnaj.eu\/fr\/proizvod\/ergobaby-zimska-vreca-za-metro-3-kompaktna-gradska-kolica\/\" \/>\n<meta property=\"og:site_name\" content=\"NajNaj.eu\" \/>\n<meta property=\"article:publisher\" content=\"https:\/\/web.facebook.com\/najnaj.eu\/\" \/>\n<meta property=\"article:modified_time\" content=\"2026-02-03T19:16:03+00:00\" \/>\n<meta property=\"og:image\" content=\"https:\/\/najnaj.eu\/wp-content\/uploads\/2025\/11\/Metro3-footmuff-2-scaled.jpg\" \/>\n\t<meta property=\"og:image:width\" content=\"2560\" \/>\n\t<meta property=\"og:image:height\" content=\"2560\" \/>\n\t<meta property=\"og:image:type\" content=\"image\/jpeg\" \/>\n<meta name=\"twitter:card\" content=\"summary_large_image\" \/>\n<meta name=\"twitter:label1\" content=\"Prix\" \/>\n\t<meta name=\"twitter:data1\" content=\"99,90&nbsp;&euro;\" \/>\n\t<meta name=\"twitter:label2\" content=\"Disponibilit\u00e9\" \/>\n\t<meta name=\"twitter:data2\" content=\"En stock\" \/>\n<script type=\"application\/ld+json\" class=\"yoast-schema-graph\">{\"@context\":\"https:\\\/\\\/schema.org\",\"@graph\":[{\"@type\":\"WebPage\",\"@id\":\"https:\\\/\\\/najnaj.eu\\\/fr\\\/proizvod\\\/ergobaby-zimska-vreca-za-metro-3-kompaktna-gradska-kolica\\\/\",\"url\":\"https:\\\/\\\/najnaj.eu\\\/fr\\\/proizvod\\\/ergobaby-zimska-vreca-za-metro-3-kompaktna-gradska-kolica\\\/\",\"name\":\"Ergobaby Zimska vre\u0107a za Metro 3 kompaktna gradska kolica - NajNaj.eu\",\"isPartOf\":{\"@id\":\"https:\\\/\\\/najnaj.eu\\\/fr\\\/#website\"},\"primaryImageOfPage\":{\"@id\":\"https:\\\/\\\/najnaj.eu\\\/fr\\\/proizvod\\\/ergobaby-zimska-vreca-za-metro-3-kompaktna-gradska-kolica\\\/#primaryimage\"},\"image\":{\"@id\":\"https:\\\/\\\/najnaj.eu\\\/fr\\\/proizvod\\\/ergobaby-zimska-vreca-za-metro-3-kompaktna-gradska-kolica\\\/#primaryimage\"},\"thumbnailUrl\":\"https:\\\/\\\/najnaj.eu\\\/wp-content\\\/uploads\\\/2025\\\/11\\\/Metro3-footmuff-2-scaled.jpg\",\"datePublished\":\"2025-11-03T10:38:18+00:00\",\"dateModified\":\"2026-02-03T19:16:03+00:00\",\"breadcrumb\":{\"@id\":\"https:\\\/\\\/najnaj.eu\\\/fr\\\/proizvod\\\/ergobaby-zimska-vreca-za-metro-3-kompaktna-gradska-kolica\\\/#breadcrumb\"},\"inLanguage\":\"fr-FR\",\"potentialAction\":[{\"@type\":\"ReadAction\",\"target\":[\"https:\\\/\\\/najnaj.eu\\\/fr\\\/proizvod\\\/ergobaby-zimska-vreca-za-metro-3-kompaktna-gradska-kolica\\\/\"]}]},{\"@type\":\"ImageObject\",\"inLanguage\":\"fr-FR\",\"@id\":\"https:\\\/\\\/najnaj.eu\\\/fr\\\/proizvod\\\/ergobaby-zimska-vreca-za-metro-3-kompaktna-gradska-kolica\\\/#primaryimage\",\"url\":\"https:\\\/\\\/najnaj.eu\\\/wp-content\\\/uploads\\\/2025\\\/11\\\/Metro3-footmuff-2-scaled.jpg\",\"contentUrl\":\"https:\\\/\\\/najnaj.eu\\\/wp-content\\\/uploads\\\/2025\\\/11\\\/Metro3-footmuff-2-scaled.jpg\",\"width\":2560,\"height\":2560,\"caption\":\"SKU: METRO3MUFF\"},{\"@type\":\"BreadcrumbList\",\"@id\":\"https:\\\/\\\/najnaj.eu\\\/fr\\\/proizvod\\\/ergobaby-zimska-vreca-za-metro-3-kompaktna-gradska-kolica\\\/#breadcrumb\",\"itemListElement\":[{\"@type\":\"ListItem\",\"position\":1,\"name\":\"Po\u010detna stranica\",\"item\":\"https:\\\/\\\/najnaj.eu\\\/fr\\\/\"},{\"@type\":\"ListItem\",\"position\":2,\"name\":\"Trgovina\",\"item\":\"https:\\\/\\\/najnaj.hr\\\/trgovina\\\/\"},{\"@type\":\"ListItem\",\"position\":3,\"name\":\"Ergobaby Zimska vre\u0107a za Metro 3 kompaktna gradska kolica\"}]},{\"@type\":\"WebSite\",\"@id\":\"https:\\\/\\\/najnaj.eu\\\/fr\\\/#website\",\"url\":\"https:\\\/\\\/najnaj.eu\\\/fr\\\/\",\"name\":\"NajNaj.eu\",\"description\":\"Za najva\u017enije!\",\"potentialAction\":[{\"@type\":\"SearchAction\",\"target\":{\"@type\":\"EntryPoint\",\"urlTemplate\":\"https:\\\/\\\/najnaj.eu\\\/fr\\\/?s={search_term_string}\"},\"query-input\":{\"@type\":\"PropertyValueSpecification\",\"valueRequired\":true,\"valueName\":\"search_term_string\"}}],\"inLanguage\":\"fr-FR\"}]}<\/script>\n<meta property=\"product:brand\" content=\"Ergobaby\" \/>\n<meta property=\"product:price:amount\" content=\"99.90\" \/>\n<meta property=\"product:price:currency\" content=\"EUR\" \/>\n<meta property=\"og:availability\" content=\"instock\" \/>\n<meta property=\"product:availability\" content=\"instock\" \/>\n<meta property=\"product:retailer_item_id\" content=\"METRO3FMUFF\" \/>\n<meta property=\"product:condition\" content=\"new\" \/>\n<!-- \/ Yoast SEO Premium plugin. -->","yoast_head_json":{"title":"Ergobaby Zimska vre\u0107a za Metro 3 kompaktna gradska kolica - NajNaj.eu","robots":{"index":"index","follow":"follow","max-snippet":"max-snippet:-1","max-image-preview":"max-image-preview:large","max-video-preview":"max-video-preview:-1"},"canonical":"https:\/\/najnaj.eu\/fr\/proizvod\/ergobaby-zimska-vreca-za-metro-3-kompaktna-gradska-kolica\/","og_locale":"fr_FR","og_type":"article","og_title":"Ergobaby Zimska vre\u0107a za Metro 3 kompaktna gradska kolica","og_description":"Udobno i toplo rje\u0161enje za male no\u017eice - Metro 3 zimska vre\u0107a pru\u017ea udobnost i toplinu najmla\u0111ima prilikom vo\u017enje.  \u2022 Dizajnirana za Metro3 i Metro3 Deluxe kompaktna gradska kolica \u2022 Vodootporni vanjski sloj i unutra\u0161njost od vrhunskog flisa za za\u0161titu od vremenskih uvjeta \u2022 Unutarnja povr\u0161ina zimske vre\u0107e se lako \u010disti nakon kori\u0161tenja \u2022 Jednostavno se postavlja na kolica i mo\u017ee se sklopiti zajedno s kolicima \u2022 Prikladna za djecu od 6 mjeseci do 4 godine \u2022 Periva u perilici rublja","og_url":"https:\/\/najnaj.eu\/fr\/proizvod\/ergobaby-zimska-vreca-za-metro-3-kompaktna-gradska-kolica\/","og_site_name":"NajNaj.eu","article_publisher":"https:\/\/web.facebook.com\/najnaj.eu\/","article_modified_time":"2026-02-03T19:16:03+00:00","og_image":[{"width":2560,"height":2560,"url":"https:\/\/najnaj.eu\/wp-content\/uploads\/2025\/11\/Metro3-footmuff-2-scaled.jpg","type":"image\/jpeg"}],"twitter_card":"summary_large_image","twitter_misc":{"Prix":"99,90&nbsp;&euro;","Disponibilit\u00e9":"En stock"},"schema":{"@context":"https:\/\/schema.org","@graph":[{"@type":"WebPage","@id":"https:\/\/najnaj.eu\/fr\/proizvod\/ergobaby-zimska-vreca-za-metro-3-kompaktna-gradska-kolica\/","url":"https:\/\/najnaj.eu\/fr\/proizvod\/ergobaby-zimska-vreca-za-metro-3-kompaktna-gradska-kolica\/","name":"Ergobaby Zimska vre\u0107a za Metro 3 kompaktna gradska kolica - NajNaj.eu","isPartOf":{"@id":"https:\/\/najnaj.eu\/fr\/#website"},"primaryImageOfPage":{"@id":"https:\/\/najnaj.eu\/fr\/proizvod\/ergobaby-zimska-vreca-za-metro-3-kompaktna-gradska-kolica\/#primaryimage"},"image":{"@id":"https:\/\/najnaj.eu\/fr\/proizvod\/ergobaby-zimska-vreca-za-metro-3-kompaktna-gradska-kolica\/#primaryimage"},"thumbnailUrl":"https:\/\/najnaj.eu\/wp-content\/uploads\/2025\/11\/Metro3-footmuff-2-scaled.jpg","datePublished":"2025-11-03T10:38:18+00:00","dateModified":"2026-02-03T19:16:03+00:00","breadcrumb":{"@id":"https:\/\/najnaj.eu\/fr\/proizvod\/ergobaby-zimska-vreca-za-metro-3-kompaktna-gradska-kolica\/#breadcrumb"},"inLanguage":"fr-FR","potentialAction":[{"@type":"ReadAction","target":["https:\/\/najnaj.eu\/fr\/proizvod\/ergobaby-zimska-vreca-za-metro-3-kompaktna-gradska-kolica\/"]}]},{"@type":"ImageObject","inLanguage":"fr-FR","@id":"https:\/\/najnaj.eu\/fr\/proizvod\/ergobaby-zimska-vreca-za-metro-3-kompaktna-gradska-kolica\/#primaryimage","url":"https:\/\/najnaj.eu\/wp-content\/uploads\/2025\/11\/Metro3-footmuff-2-scaled.jpg","contentUrl":"https:\/\/najnaj.eu\/wp-content\/uploads\/2025\/11\/Metro3-footmuff-2-scaled.jpg","width":2560,"height":2560,"caption":"SKU: METRO3MUFF"},{"@type":"BreadcrumbList","@id":"https:\/\/najnaj.eu\/fr\/proizvod\/ergobaby-zimska-vreca-za-metro-3-kompaktna-gradska-kolica\/#breadcrumb","itemListElement":[{"@type":"ListItem","position":1,"name":"Po\u010detna stranica","item":"https:\/\/najnaj.eu\/fr\/"},{"@type":"ListItem","position":2,"name":"Trgovina","item":"https:\/\/najnaj.hr\/trgovina\/"},{"@type":"ListItem","position":3,"name":"Ergobaby Zimska vre\u0107a za Metro 3 kompaktna gradska kolica"}]},{"@type":"WebSite","@id":"https:\/\/najnaj.eu\/fr\/#website","url":"https:\/\/najnaj.eu\/fr\/","name":"NajNaj.eu","description":"Za najva\u017enije!","potentialAction":[{"@type":"SearchAction","target":{"@type":"EntryPoint","urlTemplate":"https:\/\/najnaj.eu\/fr\/?s={search_term_string}"},"query-input":{"@type":"PropertyValueSpecification","valueRequired":true,"valueName":"search_term_string"}}],"inLanguage":"fr-FR"}]},"product_brand":"Ergobaby","product_price_amount":"99.90","product_price_currency":"EUR","og_availability":"instock","product_availability":"instock","product_retailer_item_id":"METRO3FMUFF","product_condition":"new"},"_links":{"self":[{"href":"https:\/\/najnaj.eu\/fr\/wp-json\/wp\/v2\/product\/277296","targetHints":{"allow":["GET"]}}],"collection":[{"href":"https:\/\/najnaj.eu\/fr\/wp-json\/wp\/v2\/product"}],"about":[{"href":"https:\/\/najnaj.eu\/fr\/wp-json\/wp\/v2\/types\/product"}],"replies":[{"embeddable":true,"href":"https:\/\/najnaj.eu\/fr\/wp-json\/wp\/v2\/comments?post=277296"}],"version-history":[{"count":0,"href":"https:\/\/najnaj.eu\/fr\/wp-json\/wp\/v2\/product\/277296\/revisions"}],"wp:featuredmedia":[{"embeddable":true,"href":"https:\/\/najnaj.eu\/fr\/wp-json\/wp\/v2\/media\/277305"}],"wp:attachment":[{"href":"https:\/\/najnaj.eu\/fr\/wp-json\/wp\/v2\/media?parent=277296"}],"wp:term":[{"taxonomy":"product_brand","embeddable":true,"href":"https:\/\/najnaj.eu\/fr\/wp-json\/wp\/v2\/product_brand?post=277296"},{"taxonomy":"product_cat","embeddable":true,"href":"https:\/\/najnaj.eu\/fr\/wp-json\/wp\/v2\/product_cat?post=277296"},{"taxonomy":"product_tag","embeddable":true,"href":"https:\/\/najnaj.eu\/fr\/wp-json\/wp\/v2\/product_tag?post=277296"}],"curies":[{"name":"wp","href":"https:\/\/api.w.org\/{rel}","templated":true}]}}