{"id":276551,"date":"2025-10-28T15:41:59","date_gmt":"2025-10-28T14:41:59","guid":{"rendered":"https:\/\/najnaj.eu\/?post_type=product&#038;p=276551"},"modified":"2026-02-03T20:18:49","modified_gmt":"2026-02-03T19:18:49","slug":"icandy-pip-2u1-zimska-vreca-i-obloga-sjedista","status":"publish","type":"product","link":"https:\/\/najnaj.eu\/fr\/proizvod\/icandy-pip-2u1-zimska-vreca-i-obloga-sjedista\/","title":{"rendered":"iCandy PIP 2u1 zimska vre\u0107a i obloga sjedi\u0161ta"},"content":{"rendered":"<p class=\"first:mt-1.5\">iCandy Pip 2u1 zimska vre\u0107a i obloga sjedi\u0161ta je va\u0161 nezaobilazni pratitelj za odr\u017eavanje va\u0161eg mali\u0161ana toplim i ugodnim tijekom hladnijih mjeseci. Izra\u0111en od mekih, visokokvalitetnih tkanina, ima pli\u0161anu unutarnju podstavu za vrhunsku udobnost i izdr\u017eljiv vanjski sloj koji \u0161titi od vjetra i hladno\u0107e.<\/p>\n<p class=\"first:mt-1.5\">Dizajniran da se savr\u0161eno uklapa s iCandy Pip kolicima, lako se i sigurno pri\u010dvr\u0161\u0107uje na sjedalo, obavijaju\u0107i va\u0161e dijete toplinom pri svakom izlasku. Zatvara\u010d pune duljine omogu\u0107uje jednostavan pristup i prilagodbu temperature, \u010dine\u0107i hladne \u0161etnje stilskim i ugodnim.<\/p>\n","protected":false},"excerpt":{"rendered":"<p>iCandy PIP 2u1 zimska vre\u0107a i obloga sjedi\u0161ta, savr\u0161en je dodatak za ugodne i tople \u0161etnje tijekom hladnijih mjeseci.<br \/>\nIzra\u0111ena od mekanih, visokokvalitetnih materijala, sadr\u017ei pli\u0161anu unutarnju podstavu za vrhunsku udobnost te izdr\u017eljivi vanjski sloj koji \u0161titi od vjetra i hladno\u0107e.<br \/>\nPosebno je dizajnirana za savr\u0161eno pristajanje uz iCandy PIP kolica, jednostavno se i sigurno pri\u010dvr\u0161\u0107uje na sjede\u0107i dio kolica \u010dine\u0107i svaku \u0161etnju udobnom i toplom.<\/p>\n","protected":false},"featured_media":276554,"comment_status":"closed","ping_status":"closed","template":"","meta":{"_acf_changed":false,"footnotes":""},"product_brand":[],"product_cat":[552,569],"product_tag":[],"class_list":{"0":"post-276551","1":"product","2":"type-product","3":"status-publish","4":"has-post-thumbnail","6":"product_cat-dodaci-za-kolica","7":"product_cat-zimske-vrece-za-kolica","8":"pa_boja-crna","9":"pa_brand-icandy","11":"first","12":"instock","13":"shipping-taxable","14":"purchasable","15":"product-type-simple"},"bundled_by":[],"bundle_stock_status":"instock","bundle_stock_quantity":15,"bundle_virtual":false,"bundle_layout":"","bundle_add_to_cart_form_location":"","bundle_editable_in_cart":false,"bundle_sold_individually_context":"","bundle_item_grouping":"","bundle_min_size":"","bundle_max_size":"","bundle_price":[],"bundled_items":[],"bundle_sell_ids":[],"acf":[],"yoast_head":"<!-- This site is optimized with the Yoast SEO Premium plugin v21.5 (Yoast SEO v27.4) - https:\/\/yoast.com\/product\/yoast-seo-premium-wordpress\/ -->\n<title>iCandy PIP 2u1 zimska vre\u0107a i obloga sjedi\u0161ta - NajNaj.eu<\/title>\n<meta name=\"robots\" content=\"index, follow, max-snippet:-1, max-image-preview:large, max-video-preview:-1\" \/>\n<link rel=\"canonical\" href=\"https:\/\/najnaj.eu\/fr\/proizvod\/icandy-pip-2u1-zimska-vreca-i-obloga-sjedista\/\" \/>\n<meta property=\"og:locale\" content=\"fr_FR\" \/>\n<meta property=\"og:type\" content=\"article\" \/>\n<meta property=\"og:title\" content=\"iCandy PIP 2u1 zimska vre\u0107a i obloga sjedi\u0161ta\" \/>\n<meta property=\"og:description\" content=\"iCandy PIP 2u1 zimska vre\u0107a i obloga sjedi\u0161ta, savr\u0161en je dodatak za ugodne i tople \u0161etnje tijekom hladnijih mjeseci. Izra\u0111ena od mekanih, visokokvalitetnih materijala, sadr\u017ei pli\u0161anu unutarnju podstavu za vrhunsku udobnost te izdr\u017eljivi vanjski sloj koji \u0161titi od vjetra i hladno\u0107e. Posebno je dizajnirana za savr\u0161eno pristajanje uz iCandy PIP kolica, jednostavno se i sigurno pri\u010dvr\u0161\u0107uje na sjede\u0107i dio kolica \u010dine\u0107i svaku \u0161etnju udobnom i toplom.\" \/>\n<meta property=\"og:url\" content=\"https:\/\/najnaj.eu\/fr\/proizvod\/icandy-pip-2u1-zimska-vreca-i-obloga-sjedista\/\" \/>\n<meta property=\"og:site_name\" content=\"NajNaj.eu\" \/>\n<meta property=\"article:publisher\" content=\"https:\/\/web.facebook.com\/najnaj.eu\/\" \/>\n<meta property=\"article:modified_time\" content=\"2026-02-03T19:18:49+00:00\" \/>\n<meta property=\"og:image\" content=\"https:\/\/najnaj.eu\/wp-content\/uploads\/2025\/10\/iCandy_Pip_Footmuff.webp\" \/>\n\t<meta property=\"og:image:width\" content=\"634\" \/>\n\t<meta property=\"og:image:height\" content=\"845\" \/>\n\t<meta property=\"og:image:type\" content=\"image\/webp\" \/>\n<meta name=\"twitter:card\" content=\"summary_large_image\" \/>\n<meta name=\"twitter:label1\" content=\"Prix\" \/>\n\t<meta name=\"twitter:data1\" content=\"99,00&nbsp;&euro;\" \/>\n\t<meta name=\"twitter:label2\" content=\"Disponibilit\u00e9\" \/>\n\t<meta name=\"twitter:data2\" content=\"En stock\" \/>\n<script type=\"application\/ld+json\" class=\"yoast-schema-graph\">{\"@context\":\"https:\\\/\\\/schema.org\",\"@graph\":[{\"@type\":\"WebPage\",\"@id\":\"https:\\\/\\\/najnaj.eu\\\/fr\\\/proizvod\\\/icandy-pip-2u1-zimska-vreca-i-obloga-sjedista\\\/\",\"url\":\"https:\\\/\\\/najnaj.eu\\\/fr\\\/proizvod\\\/icandy-pip-2u1-zimska-vreca-i-obloga-sjedista\\\/\",\"name\":\"iCandy PIP 2u1 zimska vre\u0107a i obloga sjedi\u0161ta - NajNaj.eu\",\"isPartOf\":{\"@id\":\"https:\\\/\\\/najnaj.eu\\\/fr\\\/#website\"},\"primaryImageOfPage\":{\"@id\":\"https:\\\/\\\/najnaj.eu\\\/fr\\\/proizvod\\\/icandy-pip-2u1-zimska-vreca-i-obloga-sjedista\\\/#primaryimage\"},\"image\":{\"@id\":\"https:\\\/\\\/najnaj.eu\\\/fr\\\/proizvod\\\/icandy-pip-2u1-zimska-vreca-i-obloga-sjedista\\\/#primaryimage\"},\"thumbnailUrl\":\"https:\\\/\\\/najnaj.eu\\\/wp-content\\\/uploads\\\/2025\\\/10\\\/iCandy_Pip_Footmuff.webp\",\"datePublished\":\"2025-10-28T14:41:59+00:00\",\"dateModified\":\"2026-02-03T19:18:49+00:00\",\"breadcrumb\":{\"@id\":\"https:\\\/\\\/najnaj.eu\\\/fr\\\/proizvod\\\/icandy-pip-2u1-zimska-vreca-i-obloga-sjedista\\\/#breadcrumb\"},\"inLanguage\":\"fr-FR\",\"potentialAction\":[{\"@type\":\"ReadAction\",\"target\":[\"https:\\\/\\\/najnaj.eu\\\/fr\\\/proizvod\\\/icandy-pip-2u1-zimska-vreca-i-obloga-sjedista\\\/\"]}]},{\"@type\":\"ImageObject\",\"inLanguage\":\"fr-FR\",\"@id\":\"https:\\\/\\\/najnaj.eu\\\/fr\\\/proizvod\\\/icandy-pip-2u1-zimska-vreca-i-obloga-sjedista\\\/#primaryimage\",\"url\":\"https:\\\/\\\/najnaj.eu\\\/wp-content\\\/uploads\\\/2025\\\/10\\\/iCandy_Pip_Footmuff.webp\",\"contentUrl\":\"https:\\\/\\\/najnaj.eu\\\/wp-content\\\/uploads\\\/2025\\\/10\\\/iCandy_Pip_Footmuff.webp\",\"width\":634,\"height\":845},{\"@type\":\"BreadcrumbList\",\"@id\":\"https:\\\/\\\/najnaj.eu\\\/fr\\\/proizvod\\\/icandy-pip-2u1-zimska-vreca-i-obloga-sjedista\\\/#breadcrumb\",\"itemListElement\":[{\"@type\":\"ListItem\",\"position\":1,\"name\":\"Po\u010detna stranica\",\"item\":\"https:\\\/\\\/najnaj.eu\\\/fr\\\/\"},{\"@type\":\"ListItem\",\"position\":2,\"name\":\"Trgovina\",\"item\":\"https:\\\/\\\/najnaj.hr\\\/trgovina\\\/\"},{\"@type\":\"ListItem\",\"position\":3,\"name\":\"iCandy PIP 2u1 zimska vre\u0107a i obloga sjedi\u0161ta\"}]},{\"@type\":\"WebSite\",\"@id\":\"https:\\\/\\\/najnaj.eu\\\/fr\\\/#website\",\"url\":\"https:\\\/\\\/najnaj.eu\\\/fr\\\/\",\"name\":\"NajNaj.eu\",\"description\":\"Za najva\u017enije!\",\"potentialAction\":[{\"@type\":\"SearchAction\",\"target\":{\"@type\":\"EntryPoint\",\"urlTemplate\":\"https:\\\/\\\/najnaj.eu\\\/fr\\\/?s={search_term_string}\"},\"query-input\":{\"@type\":\"PropertyValueSpecification\",\"valueRequired\":true,\"valueName\":\"search_term_string\"}}],\"inLanguage\":\"fr-FR\"}]}<\/script>\n<meta property=\"product:brand\" content=\"iCandy\" \/>\n<meta property=\"product:price:amount\" content=\"99.00\" \/>\n<meta property=\"product:price:currency\" content=\"EUR\" \/>\n<meta property=\"og:availability\" content=\"instock\" \/>\n<meta property=\"product:availability\" content=\"instock\" \/>\n<meta property=\"product:retailer_item_id\" content=\"IC3166\" \/>\n<meta property=\"product:condition\" content=\"new\" \/>\n<!-- \/ Yoast SEO Premium plugin. -->","yoast_head_json":{"title":"iCandy PIP 2u1 zimska vre\u0107a i obloga sjedi\u0161ta - NajNaj.eu","robots":{"index":"index","follow":"follow","max-snippet":"max-snippet:-1","max-image-preview":"max-image-preview:large","max-video-preview":"max-video-preview:-1"},"canonical":"https:\/\/najnaj.eu\/fr\/proizvod\/icandy-pip-2u1-zimska-vreca-i-obloga-sjedista\/","og_locale":"fr_FR","og_type":"article","og_title":"iCandy PIP 2u1 zimska vre\u0107a i obloga sjedi\u0161ta","og_description":"iCandy PIP 2u1 zimska vre\u0107a i obloga sjedi\u0161ta, savr\u0161en je dodatak za ugodne i tople \u0161etnje tijekom hladnijih mjeseci. Izra\u0111ena od mekanih, visokokvalitetnih materijala, sadr\u017ei pli\u0161anu unutarnju podstavu za vrhunsku udobnost te izdr\u017eljivi vanjski sloj koji \u0161titi od vjetra i hladno\u0107e. Posebno je dizajnirana za savr\u0161eno pristajanje uz iCandy PIP kolica, jednostavno se i sigurno pri\u010dvr\u0161\u0107uje na sjede\u0107i dio kolica \u010dine\u0107i svaku \u0161etnju udobnom i toplom.","og_url":"https:\/\/najnaj.eu\/fr\/proizvod\/icandy-pip-2u1-zimska-vreca-i-obloga-sjedista\/","og_site_name":"NajNaj.eu","article_publisher":"https:\/\/web.facebook.com\/najnaj.eu\/","article_modified_time":"2026-02-03T19:18:49+00:00","og_image":[{"width":634,"height":845,"url":"https:\/\/najnaj.eu\/wp-content\/uploads\/2025\/10\/iCandy_Pip_Footmuff.webp","type":"image\/webp"}],"twitter_card":"summary_large_image","twitter_misc":{"Prix":"99,00&nbsp;&euro;","Disponibilit\u00e9":"En stock"},"schema":{"@context":"https:\/\/schema.org","@graph":[{"@type":"WebPage","@id":"https:\/\/najnaj.eu\/fr\/proizvod\/icandy-pip-2u1-zimska-vreca-i-obloga-sjedista\/","url":"https:\/\/najnaj.eu\/fr\/proizvod\/icandy-pip-2u1-zimska-vreca-i-obloga-sjedista\/","name":"iCandy PIP 2u1 zimska vre\u0107a i obloga sjedi\u0161ta - NajNaj.eu","isPartOf":{"@id":"https:\/\/najnaj.eu\/fr\/#website"},"primaryImageOfPage":{"@id":"https:\/\/najnaj.eu\/fr\/proizvod\/icandy-pip-2u1-zimska-vreca-i-obloga-sjedista\/#primaryimage"},"image":{"@id":"https:\/\/najnaj.eu\/fr\/proizvod\/icandy-pip-2u1-zimska-vreca-i-obloga-sjedista\/#primaryimage"},"thumbnailUrl":"https:\/\/najnaj.eu\/wp-content\/uploads\/2025\/10\/iCandy_Pip_Footmuff.webp","datePublished":"2025-10-28T14:41:59+00:00","dateModified":"2026-02-03T19:18:49+00:00","breadcrumb":{"@id":"https:\/\/najnaj.eu\/fr\/proizvod\/icandy-pip-2u1-zimska-vreca-i-obloga-sjedista\/#breadcrumb"},"inLanguage":"fr-FR","potentialAction":[{"@type":"ReadAction","target":["https:\/\/najnaj.eu\/fr\/proizvod\/icandy-pip-2u1-zimska-vreca-i-obloga-sjedista\/"]}]},{"@type":"ImageObject","inLanguage":"fr-FR","@id":"https:\/\/najnaj.eu\/fr\/proizvod\/icandy-pip-2u1-zimska-vreca-i-obloga-sjedista\/#primaryimage","url":"https:\/\/najnaj.eu\/wp-content\/uploads\/2025\/10\/iCandy_Pip_Footmuff.webp","contentUrl":"https:\/\/najnaj.eu\/wp-content\/uploads\/2025\/10\/iCandy_Pip_Footmuff.webp","width":634,"height":845},{"@type":"BreadcrumbList","@id":"https:\/\/najnaj.eu\/fr\/proizvod\/icandy-pip-2u1-zimska-vreca-i-obloga-sjedista\/#breadcrumb","itemListElement":[{"@type":"ListItem","position":1,"name":"Po\u010detna stranica","item":"https:\/\/najnaj.eu\/fr\/"},{"@type":"ListItem","position":2,"name":"Trgovina","item":"https:\/\/najnaj.hr\/trgovina\/"},{"@type":"ListItem","position":3,"name":"iCandy PIP 2u1 zimska vre\u0107a i obloga sjedi\u0161ta"}]},{"@type":"WebSite","@id":"https:\/\/najnaj.eu\/fr\/#website","url":"https:\/\/najnaj.eu\/fr\/","name":"NajNaj.eu","description":"Za najva\u017enije!","potentialAction":[{"@type":"SearchAction","target":{"@type":"EntryPoint","urlTemplate":"https:\/\/najnaj.eu\/fr\/?s={search_term_string}"},"query-input":{"@type":"PropertyValueSpecification","valueRequired":true,"valueName":"search_term_string"}}],"inLanguage":"fr-FR"}]},"product_brand":"iCandy","product_price_amount":"99.00","product_price_currency":"EUR","og_availability":"instock","product_availability":"instock","product_retailer_item_id":"IC3166","product_condition":"new"},"_links":{"self":[{"href":"https:\/\/najnaj.eu\/fr\/wp-json\/wp\/v2\/product\/276551","targetHints":{"allow":["GET"]}}],"collection":[{"href":"https:\/\/najnaj.eu\/fr\/wp-json\/wp\/v2\/product"}],"about":[{"href":"https:\/\/najnaj.eu\/fr\/wp-json\/wp\/v2\/types\/product"}],"replies":[{"embeddable":true,"href":"https:\/\/najnaj.eu\/fr\/wp-json\/wp\/v2\/comments?post=276551"}],"version-history":[{"count":0,"href":"https:\/\/najnaj.eu\/fr\/wp-json\/wp\/v2\/product\/276551\/revisions"}],"wp:featuredmedia":[{"embeddable":true,"href":"https:\/\/najnaj.eu\/fr\/wp-json\/wp\/v2\/media\/276554"}],"wp:attachment":[{"href":"https:\/\/najnaj.eu\/fr\/wp-json\/wp\/v2\/media?parent=276551"}],"wp:term":[{"taxonomy":"product_brand","embeddable":true,"href":"https:\/\/najnaj.eu\/fr\/wp-json\/wp\/v2\/product_brand?post=276551"},{"taxonomy":"product_cat","embeddable":true,"href":"https:\/\/najnaj.eu\/fr\/wp-json\/wp\/v2\/product_cat?post=276551"},{"taxonomy":"product_tag","embeddable":true,"href":"https:\/\/najnaj.eu\/fr\/wp-json\/wp\/v2\/product_tag?post=276551"}],"curies":[{"name":"wp","href":"https:\/\/api.w.org\/{rel}","templated":true}]}}