{"id":276445,"date":"2025-10-28T15:28:17","date_gmt":"2025-10-28T14:28:17","guid":{"rendered":"https:\/\/najnaj.eu\/?post_type=product&#038;p=276445"},"modified":"2026-03-30T16:03:31","modified_gmt":"2026-03-30T14:03:31","slug":"icandy-peach-7-studio-complete-bundle","status":"publish","type":"product","link":"https:\/\/najnaj.eu\/fr\/proizvod\/icandy-peach-7-studio-complete-bundle\/","title":{"rendered":"iCandy Peach 7 STUDIO Complete Bundle"},"content":{"rendered":"<p>iCandy Peach 7 STUDIO redefinira luksuz u dizajnu dje\u010djih kolica zahvaljuju\u0107i vrhunskoj izradi, premium materijalima i nenadma\u0161noj funkcionalnosti. Sa svojim elegantnim ultra mat crnim okvirom, ekskluzivnim tkaninama od umjetne ko\u017ee i profinjenim detaljima inspiriranim visokom modom, STUDIO donosi savr\u0161en sklad stila i sadr\u017eaja.<\/p>\n<p><strong>Klju\u010dne zna\u010dajke:<\/strong><br \/>\n&#8211; Prikladna od ro\u0111enja do 25 kg (maks. 15 kg na povisiva\u010dima)<br \/>\n&#8211; Prostrana ko\u0161ara oblo\u017eena luksuznim materijalima, pogodna za no\u0107no spavanje<br \/>\n&#8211; Jednostavna nadogradnja za blizance ili dvoje djece razli\u010dite dobi<br \/>\n&#8211; Uklju\u010den set adaptera za autosjedalicu \u2013 potpuni 3u1 putni sustav<br \/>\n&#8211; Ekskluzivni dizajn inspiriran visokom modom<br \/>\n&#8211; 5 godina jamstva uklju\u010denih u cijenu<\/p>\n<p>Complete bundle zna\u010di da u cijenu dobivate kompletan set pa\u017eljivo odabranih dodataka koji \u0107e Vam olak\u0161ati svakodnevno kori\u0161tenje kolica i pru\u017eiti maksimalnu prakti\u010dnost. Ovaj paket osigurava sve \u0161to Vam je potrebno za udobnost i sigurnost Va\u0161eg djeteta, bilo kod ku\u0107e ili u \u0161etnji.<\/p>\n<p><strong>\u0160to je sve uklju\u010deno u Complete Bundle paketu:<\/strong><br \/>\n&#8211; Podvozje s integriranim Ride-On Board (platforma za starije dijete do 20 kg)<br \/>\n&#8211; Materijal za ko\u0161aru za sjede\u0107i dio<br \/>\n&#8211; Podloga i madrac za ko\u0161aru (pogodno za cjelono\u0107no spavanje)<br \/>\n&#8211; Materijal za sjede\u0107i dio s vi\u0161e polo\u017eaja i podesivim naslonom za noge<br \/>\n&#8211; Okvir koji se koristi za ko\u0161aru i sjede\u0107i dio<br \/>\n&#8211; Ru\u010dka za ko\u0161aru\/sjede\u0107i dio<br \/>\n&#8211; Produ\u017eivi krovi\u0107 s UV za\u0161titom SPF 50+ i mre\u017eicom za ventilaciju<br \/>\n&#8211; Adapteri za autosjedalicu<br \/>\n&#8211; Adapteri za povisivanje<br \/>\n&#8211; Ki\u0161na navlaka<br \/>\n&#8211; Univerzalno sjenilo za sunce i mre\u017eica protiv komaraca<br \/>\n&#8211; Suncobran<br \/>\n&#8211; Stezaljka za suncobran ili dr\u017ea\u010d za bo\u010dicu<br \/>\n&#8211; Dr\u017ea\u010d za bo\u010dicu<br \/>\n&#8211; Duo Pod: zimska vre\u0107a i obloga sjedi\u0161ta, 2u1<br \/>\n&#8211; Ruksak za pelene<\/p>\n<p><strong>Kompletan putni sustav<\/strong><br \/>\nSavr\u0161en putni sustav koji \u0107e zadovoljiti sve potrebe roditelja \u2013 prikladna za djecu od ro\u0111enja do 25 kg (15 kg na adapterima za povisivanje) jer dolazi kao 2u1 paket \u2013 s ko\u0161arom za novoro\u0111en\u010de te sjede\u0107im dijelom. Dodatno, s uklju\u010denim adapterima za autosjedalicu u paketu, kompatibilna dje\u010dja autosjedalica mo\u017ee se pri\u010dvrstiti na podvozje kolica u samo par sekundi \u010dime se dobivaju 3u1 kolica koja omogu\u0107avaju lako\u0107u i u\u017eivanje u putovanjima, ne samo kolicima ve\u0107 i automobilom.<\/p>\n<p><strong>Jednostavnost nadogradnje \u201cSingle to Double\u201d<\/strong><br \/>\niCandy STUDIO lako se mo\u017ee pretvoriti u kolica za blizance ili za dvoje djece razli\u010dite dobi pomo\u0107u inovativnih iCandy adaptera \u2013 savr\u0161eno jednostavno za rastu\u0107u obitelj. Uz jednostavnost i lako\u0107u prilagodbe, dizajn iCandy kolica i u opciji za dvoje djece ili za blizance i dalje ostaje bez kompromisa.<\/p>\n<p><strong>Podesivi naslon za glavu <\/strong><br \/>\nPodesivi naslon za glavu i naramenice pojasa jednostavna su i iznimno olak\u0161avaju\u0107a zna\u010dajka, a istovremeno zadr\u017eavaju najva\u017eniju potporu za Va\u0161e dijete. Novi lako podesivi \u201cPop-Up\u201d pojas prati visinu Va\u0161eg djeteta, a pomi\u010de se brzo i lako samo jednom rukom \u2013 zbogom provla\u010denju pojaseva i kompliciranom namje\u0161tanju naramenica, sada s pokretnom potporom za glavu koja osigurava vrhunsku udobnost.<\/p>\n<p><strong>Dizajnerske tkanine<\/strong><br \/>\nStvorena za roditelje u trendu. Inspirirana svijetom visoke mode, iCandy STUDIO kolica pretvaraju funkcionalnost u umjetnost \u2013 s profinjenim dizajnom, vrhunskim materijalima i prakti\u010dnim rje\u0161enjima za moderne roditelje koji ne pristaju na kompromise.<\/p>\n<p><strong>Ride-on Board <\/strong><br \/>\nIntegrirani Ride-On Board nudi besprijekorno rje\u0161enje za obitelj s novom bebom i malim djetetom koje hoda, ali jo\u0161 uvijek treba pomo\u0107. Protuklizna platforma nosivosti do 20 kg savr\u0161eno je prakti\u010dno rje\u0161enje za male umorne no\u017eice, bez potrebe za dodatnim glomaznim dodatcima.<\/p>\n<p><strong>Potpuno prilagodljiv <\/strong><br \/>\nNaslon sjedala koji se jednom rukom lak mo\u017ee promijeniti u \u010detiri polo\u017eaja te podesivi naslon za noge omogu\u0107uju vrhunsku udobnost djetetovom iskustvu vo\u017enje.<\/p>\n<p><strong>Pip-Zip torba <\/strong><br \/>\nTorba na stra\u017enjoj strani sjede\u0107eg dijela potpuno se mo\u017ee odvojiti. Prakti\u010dna Pip-Zip torba savr\u0161eno je mjesto za spremanje svakodnevnih bitnih sitnica dok ste u pokretu (mobitel, klju\u010devi, nov\u010danik\u2026).<\/p>\n<p><strong>Sigurno spavanje \u2013 bez potrebe za putnim kreveti\u0107em!<\/strong><br \/>\nProstrana ko\u0161ara za novoro\u0111en\u010de oblo\u017eena je mekanim luksuznim materijalom te je pogodna za cjelono\u0107no spavanje \u2013 zaboravite na no\u0161enje putnog kreveti\u0107a na izlete, more ili kod bake. Ko\u0161ara za novoro\u0111en\u010de savr\u0161eno je rje\u0161enje!<\/p>\n<p><strong>Roll-top ruksak<\/strong><br \/>\nU kompletu je uklju\u010den pripadaju\u0107i Roll-top ruksak modernog dizajna, s prakti\u010dnim pretincima za pohranu raznih stvari. Ukoliko Vam je potrebno, u pretinac stane i laptop!<\/p>\n<p><strong>Udobnost i prakti\u010dnost <\/strong><br \/>\niCandy STUDIO nudi mogu\u0107nost pozicioniranja ko\u0161are za novoro\u0111en\u010de i sjede\u0107eg dijela u oba smjera \u2013 okrenutim prema roditelju ili okrenutim prema svijetu, kao i opciju dodavanja adaptera za povisivanje za jo\u0161 bolju interakciju. Postavljanjem adaptera za povisivanje u smjeru prema roditelju u kombinaciji s ko\u0161arom za novoro\u0111en\u010de, Va\u0161a beba bit \u0107e Vam jo\u0161 bli\u017ee u Va\u0161im \u0161etnjama. Postavljanjem adaptera za povisivanje u smjeru od roditelja, stvara se dodatan prostor izme\u0111u roditelja i ko\u0161are\/sjede\u0107eg dijela \u2013 idealan za starije dijete za vo\u017enju na Ride-On Board sustavu. U kombinaciji sa sjede\u0107im dijelom okrenutim od roditelja te adapterima tako\u0111er postavljenima od roditelja prema van, djetetu je omogu\u0107en pristup blagavaonskom stolu \u2013 u\u017eivajte u obiteljskim trenutcima u restoranu, kod bake ili kod ku\u0107e bez dodatnih glomaznih hranilica \u2013 samo primaknite kolica do stola.<\/p>\n<p><strong>Duo Pod \u2013 zimska vre\u0107a i obloga sjedi\u0161ta, 2u1 <\/strong><br \/>\nInovativna iCandy zimska vre\u0107a koja jednostavnim otkop\u010davanjm postaje obloga sjedi\u0161ta, prati stil i dizajn materijala iCandy kolica. Dolazi u paketu s kolicima te spa\u0161ava roditelje od dodatne kupnje mnogobrojnih dodataka.<\/p>\n<p><strong>Jednostavno i ultra korisno<\/strong><br \/>\nProduljivi vodootporni krovi\u0107 s velikim mre\u017eastim otvorom za ventilaciju i SPF 50+ za\u0161titom od sunca. Ultra glatka vo\u017enja uz neprobu\u0161ive kota\u010de od PU pjene s dodatnim sredi\u0161njim izbo\u010denjem radi smanjenog tro\u0161enja materijala.<\/p>\n<p>Kad se sklope, kolica su kompaktna i samostoje\u0107a, a dolaze uz remen za jednostavnije no\u0161enje.<br \/>\nProstrana donja ko\u0161ara zapremnine 44L koja podr\u017eava te\u017einu do 10 kg, uz integrirani otvor za istjecanje teku\u0107ine. Produljiva ru\u010dka za upravljanje kolicima visine 95 \u2013 105 cm \u2013 idealno za sve roditelje, a pogotove visoke!<\/p>\n<p>iCandy STUDIO postavlja nove standarde luksuza u svijetu roditeljstva. Iskusite bezvremenski dizajn i pa\u017enju prema svakom detalju koju nudi iCandy.<\/p>\n","protected":false},"excerpt":{"rendered":"<p><strong>iCandy STUDIO Complete bundle- luksuz i funkcionalnost u jednom<\/strong><br \/>\niCandy STUDIO Complete bundle donosi sve \u0161to vam je potrebno na jednom mjestu \u2013 vrhunsku kvalitetu, pomno odabrane dodatke i profinjenost koja olak\u0161ava svaki korak va\u0161eg roditeljskog putovanja. Sa svojim elegantnim ultra mat crnim okvirom, ekskluzivnim tkaninama od umjetne ko\u017ee i detaljima inspiriranim visokom modom, STUDIO predstavlja savr\u0161en sklad stila i funkcionalnosti.<br \/>\nOva vrhunska dje\u010dja kolica idealan su izbor za roditelje koji \u017eele luksuz, sigurnost i fleksibilnost. Svjetski poznata i nagra\u0111ivana, iCandy kolica lako se prilago\u0111avaju \u2013 mogu se nadograditi za blizance ili dvoje djece razli\u010dite dobi, a zahvaljuju\u0107i prostranoj ko\u0161ari, pogodnoj i za cjelono\u0107no spavanje, pru\u017eaju potpunu udobnost od prvog dana \u017eivota Va\u0161e bebe.<\/p>\n","protected":false},"featured_media":276448,"comment_status":"closed","ping_status":"closed","template":"","meta":{"_acf_changed":false,"footnotes":""},"product_brand":[],"product_cat":[551,556],"product_tag":[],"class_list":{"0":"post-276445","1":"product","2":"type-product","3":"status-publish","4":"has-post-thumbnail","6":"product_cat-djecja-kolica","7":"product_cat-kolica-2u1","8":"pa_boja-crna","9":"pa_brand-icandy","10":"pa_vrsta-kolica-2u1","12":"first","13":"instock","14":"shipping-taxable","15":"purchasable","16":"product-type-simple"},"bundled_by":[],"bundle_stock_status":"instock","bundle_stock_quantity":1,"bundle_virtual":false,"bundle_layout":"","bundle_add_to_cart_form_location":"","bundle_editable_in_cart":false,"bundle_sold_individually_context":"","bundle_item_grouping":"","bundle_min_size":"","bundle_max_size":"","bundle_price":[],"bundled_items":[],"bundle_sell_ids":[],"acf":[],"yoast_head":"<!-- This site is optimized with the Yoast SEO Premium plugin v21.5 (Yoast SEO v27.4) - https:\/\/yoast.com\/product\/yoast-seo-premium-wordpress\/ -->\n<title>iCandy Peach 7 STUDIO Complete Bundle - NajNaj.eu<\/title>\n<meta name=\"description\" content=\"iCandy STUDIO Complete bundle ima sve \u2013 vrhunsku kvalitetu, pomno odabrane dodatke i profinjenost koja olak\u0161ava va\u0161e roditeljske avanture.\" \/>\n<meta name=\"robots\" content=\"index, follow, max-snippet:-1, max-image-preview:large, max-video-preview:-1\" \/>\n<link rel=\"canonical\" href=\"https:\/\/najnaj.eu\/fr\/proizvod\/icandy-peach-7-studio-complete-bundle\/\" \/>\n<meta property=\"og:locale\" content=\"fr_FR\" \/>\n<meta property=\"og:type\" content=\"article\" \/>\n<meta property=\"og:title\" content=\"iCandy Peach 7 STUDIO Complete Bundle\" \/>\n<meta property=\"og:description\" content=\"iCandy STUDIO Complete bundle ima sve \u2013 vrhunsku kvalitetu, pomno odabrane dodatke i profinjenost koja olak\u0161ava va\u0161e roditeljske avanture.\" \/>\n<meta property=\"og:url\" content=\"https:\/\/najnaj.eu\/fr\/proizvod\/icandy-peach-7-studio-complete-bundle\/\" \/>\n<meta property=\"og:site_name\" content=\"NajNaj.eu\" \/>\n<meta property=\"article:publisher\" content=\"https:\/\/web.facebook.com\/najnaj.eu\/\" \/>\n<meta property=\"article:modified_time\" content=\"2026-03-30T14:03:31+00:00\" \/>\n<meta property=\"og:image\" content=\"https:\/\/najnaj.eu\/wp-content\/uploads\/2025\/10\/Img1_iCandy_STUDIO_Single_Bundle-scaled.jpg\" \/>\n\t<meta property=\"og:image:width\" content=\"1920\" \/>\n\t<meta property=\"og:image:height\" content=\"2560\" \/>\n\t<meta property=\"og:image:type\" content=\"image\/jpeg\" \/>\n<meta name=\"twitter:card\" content=\"summary_large_image\" \/>\n<meta name=\"twitter:label1\" content=\"Prix\" \/>\n\t<meta name=\"twitter:data1\" content=\"1.699,00&nbsp;&euro;\" \/>\n\t<meta name=\"twitter:label2\" content=\"Disponibilit\u00e9\" \/>\n\t<meta name=\"twitter:data2\" content=\"En stock\" \/>\n<script type=\"application\/ld+json\" class=\"yoast-schema-graph\">{\"@context\":\"https:\\\/\\\/schema.org\",\"@graph\":[{\"@type\":\"WebPage\",\"@id\":\"https:\\\/\\\/najnaj.eu\\\/fr\\\/proizvod\\\/icandy-peach-7-studio-complete-bundle\\\/\",\"url\":\"https:\\\/\\\/najnaj.eu\\\/fr\\\/proizvod\\\/icandy-peach-7-studio-complete-bundle\\\/\",\"name\":\"iCandy Peach 7 STUDIO Complete Bundle - NajNaj.eu\",\"isPartOf\":{\"@id\":\"https:\\\/\\\/najnaj.eu\\\/fr\\\/#website\"},\"primaryImageOfPage\":{\"@id\":\"https:\\\/\\\/najnaj.eu\\\/fr\\\/proizvod\\\/icandy-peach-7-studio-complete-bundle\\\/#primaryimage\"},\"image\":{\"@id\":\"https:\\\/\\\/najnaj.eu\\\/fr\\\/proizvod\\\/icandy-peach-7-studio-complete-bundle\\\/#primaryimage\"},\"thumbnailUrl\":\"https:\\\/\\\/najnaj.eu\\\/wp-content\\\/uploads\\\/2025\\\/10\\\/Img1_iCandy_STUDIO_Single_Bundle-scaled.jpg\",\"datePublished\":\"2025-10-28T14:28:17+00:00\",\"dateModified\":\"2026-03-30T14:03:31+00:00\",\"description\":\"iCandy STUDIO Complete bundle ima sve \u2013 vrhunsku kvalitetu, pomno odabrane dodatke i profinjenost koja olak\u0161ava va\u0161e roditeljske avanture.\",\"breadcrumb\":{\"@id\":\"https:\\\/\\\/najnaj.eu\\\/fr\\\/proizvod\\\/icandy-peach-7-studio-complete-bundle\\\/#breadcrumb\"},\"inLanguage\":\"fr-FR\",\"potentialAction\":[{\"@type\":\"ReadAction\",\"target\":[\"https:\\\/\\\/najnaj.eu\\\/fr\\\/proizvod\\\/icandy-peach-7-studio-complete-bundle\\\/\"]}]},{\"@type\":\"ImageObject\",\"inLanguage\":\"fr-FR\",\"@id\":\"https:\\\/\\\/najnaj.eu\\\/fr\\\/proizvod\\\/icandy-peach-7-studio-complete-bundle\\\/#primaryimage\",\"url\":\"https:\\\/\\\/najnaj.eu\\\/wp-content\\\/uploads\\\/2025\\\/10\\\/Img1_iCandy_STUDIO_Single_Bundle-scaled.jpg\",\"contentUrl\":\"https:\\\/\\\/najnaj.eu\\\/wp-content\\\/uploads\\\/2025\\\/10\\\/Img1_iCandy_STUDIO_Single_Bundle-scaled.jpg\",\"width\":1920,\"height\":2560},{\"@type\":\"BreadcrumbList\",\"@id\":\"https:\\\/\\\/najnaj.eu\\\/fr\\\/proizvod\\\/icandy-peach-7-studio-complete-bundle\\\/#breadcrumb\",\"itemListElement\":[{\"@type\":\"ListItem\",\"position\":1,\"name\":\"Po\u010detna stranica\",\"item\":\"https:\\\/\\\/najnaj.eu\\\/fr\\\/\"},{\"@type\":\"ListItem\",\"position\":2,\"name\":\"Trgovina\",\"item\":\"https:\\\/\\\/najnaj.hr\\\/trgovina\\\/\"},{\"@type\":\"ListItem\",\"position\":3,\"name\":\"iCandy Peach 7 STUDIO Complete Bundle\"}]},{\"@type\":\"WebSite\",\"@id\":\"https:\\\/\\\/najnaj.eu\\\/fr\\\/#website\",\"url\":\"https:\\\/\\\/najnaj.eu\\\/fr\\\/\",\"name\":\"NajNaj.eu\",\"description\":\"Za najva\u017enije!\",\"potentialAction\":[{\"@type\":\"SearchAction\",\"target\":{\"@type\":\"EntryPoint\",\"urlTemplate\":\"https:\\\/\\\/najnaj.eu\\\/fr\\\/?s={search_term_string}\"},\"query-input\":{\"@type\":\"PropertyValueSpecification\",\"valueRequired\":true,\"valueName\":\"search_term_string\"}}],\"inLanguage\":\"fr-FR\"}]}<\/script>\n<meta property=\"product:brand\" content=\"iCandy\" \/>\n<meta property=\"product:price:amount\" content=\"1699.00\" \/>\n<meta property=\"product:price:currency\" content=\"EUR\" \/>\n<meta property=\"og:availability\" content=\"instock\" \/>\n<meta property=\"product:availability\" content=\"instock\" \/>\n<meta property=\"product:retailer_item_id\" content=\"IC3198\" \/>\n<meta property=\"product:condition\" content=\"new\" \/>\n<!-- \/ Yoast SEO Premium plugin. -->","yoast_head_json":{"title":"iCandy Peach 7 STUDIO Complete Bundle - NajNaj.eu","description":"iCandy STUDIO Complete bundle ima sve \u2013 vrhunsku kvalitetu, pomno odabrane dodatke i profinjenost koja olak\u0161ava va\u0161e roditeljske avanture.","robots":{"index":"index","follow":"follow","max-snippet":"max-snippet:-1","max-image-preview":"max-image-preview:large","max-video-preview":"max-video-preview:-1"},"canonical":"https:\/\/najnaj.eu\/fr\/proizvod\/icandy-peach-7-studio-complete-bundle\/","og_locale":"fr_FR","og_type":"article","og_title":"iCandy Peach 7 STUDIO Complete Bundle","og_description":"iCandy STUDIO Complete bundle ima sve \u2013 vrhunsku kvalitetu, pomno odabrane dodatke i profinjenost koja olak\u0161ava va\u0161e roditeljske avanture.","og_url":"https:\/\/najnaj.eu\/fr\/proizvod\/icandy-peach-7-studio-complete-bundle\/","og_site_name":"NajNaj.eu","article_publisher":"https:\/\/web.facebook.com\/najnaj.eu\/","article_modified_time":"2026-03-30T14:03:31+00:00","og_image":[{"width":1920,"height":2560,"url":"https:\/\/najnaj.eu\/wp-content\/uploads\/2025\/10\/Img1_iCandy_STUDIO_Single_Bundle-scaled.jpg","type":"image\/jpeg"}],"twitter_card":"summary_large_image","twitter_misc":{"Prix":"1.699,00&nbsp;&euro;","Disponibilit\u00e9":"En stock"},"schema":{"@context":"https:\/\/schema.org","@graph":[{"@type":"WebPage","@id":"https:\/\/najnaj.eu\/fr\/proizvod\/icandy-peach-7-studio-complete-bundle\/","url":"https:\/\/najnaj.eu\/fr\/proizvod\/icandy-peach-7-studio-complete-bundle\/","name":"iCandy Peach 7 STUDIO Complete Bundle - NajNaj.eu","isPartOf":{"@id":"https:\/\/najnaj.eu\/fr\/#website"},"primaryImageOfPage":{"@id":"https:\/\/najnaj.eu\/fr\/proizvod\/icandy-peach-7-studio-complete-bundle\/#primaryimage"},"image":{"@id":"https:\/\/najnaj.eu\/fr\/proizvod\/icandy-peach-7-studio-complete-bundle\/#primaryimage"},"thumbnailUrl":"https:\/\/najnaj.eu\/wp-content\/uploads\/2025\/10\/Img1_iCandy_STUDIO_Single_Bundle-scaled.jpg","datePublished":"2025-10-28T14:28:17+00:00","dateModified":"2026-03-30T14:03:31+00:00","description":"iCandy STUDIO Complete bundle ima sve \u2013 vrhunsku kvalitetu, pomno odabrane dodatke i profinjenost koja olak\u0161ava va\u0161e roditeljske avanture.","breadcrumb":{"@id":"https:\/\/najnaj.eu\/fr\/proizvod\/icandy-peach-7-studio-complete-bundle\/#breadcrumb"},"inLanguage":"fr-FR","potentialAction":[{"@type":"ReadAction","target":["https:\/\/najnaj.eu\/fr\/proizvod\/icandy-peach-7-studio-complete-bundle\/"]}]},{"@type":"ImageObject","inLanguage":"fr-FR","@id":"https:\/\/najnaj.eu\/fr\/proizvod\/icandy-peach-7-studio-complete-bundle\/#primaryimage","url":"https:\/\/najnaj.eu\/wp-content\/uploads\/2025\/10\/Img1_iCandy_STUDIO_Single_Bundle-scaled.jpg","contentUrl":"https:\/\/najnaj.eu\/wp-content\/uploads\/2025\/10\/Img1_iCandy_STUDIO_Single_Bundle-scaled.jpg","width":1920,"height":2560},{"@type":"BreadcrumbList","@id":"https:\/\/najnaj.eu\/fr\/proizvod\/icandy-peach-7-studio-complete-bundle\/#breadcrumb","itemListElement":[{"@type":"ListItem","position":1,"name":"Po\u010detna stranica","item":"https:\/\/najnaj.eu\/fr\/"},{"@type":"ListItem","position":2,"name":"Trgovina","item":"https:\/\/najnaj.hr\/trgovina\/"},{"@type":"ListItem","position":3,"name":"iCandy Peach 7 STUDIO Complete Bundle"}]},{"@type":"WebSite","@id":"https:\/\/najnaj.eu\/fr\/#website","url":"https:\/\/najnaj.eu\/fr\/","name":"NajNaj.eu","description":"Za najva\u017enije!","potentialAction":[{"@type":"SearchAction","target":{"@type":"EntryPoint","urlTemplate":"https:\/\/najnaj.eu\/fr\/?s={search_term_string}"},"query-input":{"@type":"PropertyValueSpecification","valueRequired":true,"valueName":"search_term_string"}}],"inLanguage":"fr-FR"}]},"product_brand":"iCandy","product_price_amount":"1699.00","product_price_currency":"EUR","og_availability":"instock","product_availability":"instock","product_retailer_item_id":"IC3198","product_condition":"new"},"_links":{"self":[{"href":"https:\/\/najnaj.eu\/fr\/wp-json\/wp\/v2\/product\/276445","targetHints":{"allow":["GET"]}}],"collection":[{"href":"https:\/\/najnaj.eu\/fr\/wp-json\/wp\/v2\/product"}],"about":[{"href":"https:\/\/najnaj.eu\/fr\/wp-json\/wp\/v2\/types\/product"}],"replies":[{"embeddable":true,"href":"https:\/\/najnaj.eu\/fr\/wp-json\/wp\/v2\/comments?post=276445"}],"version-history":[{"count":0,"href":"https:\/\/najnaj.eu\/fr\/wp-json\/wp\/v2\/product\/276445\/revisions"}],"wp:featuredmedia":[{"embeddable":true,"href":"https:\/\/najnaj.eu\/fr\/wp-json\/wp\/v2\/media\/276448"}],"wp:attachment":[{"href":"https:\/\/najnaj.eu\/fr\/wp-json\/wp\/v2\/media?parent=276445"}],"wp:term":[{"taxonomy":"product_brand","embeddable":true,"href":"https:\/\/najnaj.eu\/fr\/wp-json\/wp\/v2\/product_brand?post=276445"},{"taxonomy":"product_cat","embeddable":true,"href":"https:\/\/najnaj.eu\/fr\/wp-json\/wp\/v2\/product_cat?post=276445"},{"taxonomy":"product_tag","embeddable":true,"href":"https:\/\/najnaj.eu\/fr\/wp-json\/wp\/v2\/product_tag?post=276445"}],"curies":[{"name":"wp","href":"https:\/\/api.w.org\/{rel}","templated":true}]}}