{"id":275125,"date":"2025-10-20T13:12:59","date_gmt":"2025-10-20T11:12:59","guid":{"rendered":"https:\/\/najnaj.eu\/?post_type=product&#038;p=275125"},"modified":"2026-04-15T02:02:51","modified_gmt":"2026-04-15T00:02:51","slug":"besafe-beyond%c2%b2-360-dark-grey-melange","status":"publish","type":"product","link":"https:\/\/najnaj.eu\/fr\/proizvod\/besafe-beyond%c2%b2-360-dark-grey-melange\/","title":{"rendered":"BeSafe Beyond\u00b2 360, Dark Grey M\u00e9lange"},"content":{"rendered":"<h2>Glavne zna\u010dajke:<\/h2>\n<p><strong>Prostrana unutra\u0161njost za udobno sjedenje<\/strong><br \/>\nUnutra\u0161njost autosjedalice sada pru\u017ea jo\u0161 vi\u0161e prostora, omogu\u0107uju\u0107i djetetu slobodno kretanje ruku i nogu dok je sigurno vezano. Kako dijete raste, naslon za glavu mo\u017ee se brzo podesiti u jednu od 11 pozicija -sve do visine od 125 cm<\/p>\n<p><strong>Vi\u0161e prostora za noge<\/strong><br \/>\nJednostavnim klikom mo\u017eete podesiti prostor za noge do 16 cm. To \u010dinite produljenjem prednjeg oslonca na ISOfix bazi.<\/p>\n<p><strong>Certificirano kao prikladno za le\u0111a od strane AGR-a<\/strong><br \/>\nErgo Cushion\u2122 pru\u017ea dodatnu udobnost starijoj djeci dodatnim jastu\u010di\u0107ima koji se ume\u0107u na naslon za le\u0111a, te tako podupiru prirodnu krivinu lumbalne kralje\u017enice. Ovo je osobito va\u017eno za djecu otprilike od 3\/4 do oko 7 godina starosti, jer u tom razdoblju razvoja kralje\u017enice dolazi do izra\u017eenije zakrivljenosti u donjem dijelu le\u0111a (lumbalna lordoza).<\/p>\n<p><strong>Postavljanje na ISOfix bazu<\/strong><br \/>\nBrzo i jednostavno postavljanje s ISOfix priklju\u010dcima. Kliknite u ISOfix sidri\u0161ta u autu, utisnite bazu u sjedalo i prilagodite potpornu nogu.<\/p>\n<p><strong>Upravljanje jednom rukom <\/strong><br \/>\nJednostavna rotacija i mijenjanje nagiba s istom ru\u010dkom. Rotirajte prema vratima za lak\u0161e stavljanje i va\u0111enje djeteta u\/iz autosjedalice te promijenite nagib za ve\u0107u udobnost. Omogu\u0107uje rotaciju od 360\u00b0 jednom kada je dijete dovoljno staro.<\/p>\n<p><strong>Dodatna bo\u010dna za\u0161tita<\/strong><br \/>\nPru\u017ea 20% ve\u0107u dodatnu za\u0161titu u slu\u010daju bo\u010dnog udara. Pri\u010dvrstite na stranu autosjedalice bli\u017eu vratima automobila. Inovativan naslon za glavu napravljen je od posebnih materijala koji optimalno apsorbiraju sile svih udaraca.<\/p>\n<p><strong>Inovativna tehnologija koja omogu\u0107ava idealan nagib u svim automobilima<\/strong><br \/>\nBeSafe Universal Level Technology\u2122 rje\u0161ava problem autosjedalica koje su previ\u0161e nako\u0161ene. Inovativna konstrukcija ISOfix baze osigurava ispravan i jednak nagib autosjedalice u svakom vozilu, neovisno o modelu automobila. Autosjedalica je pod ispravnim kutom kada je \u00ab\u00a0libela\u00a0\u00bb na bazi unutar zelenog podru\u010dja. Intuitivno i jednostavno!<\/p>\n<h2>Vi\u0161e o BeSafe Beyond\u00b2 360:<\/h2>\n<p>BeSafe Beyond\u00b2 360 \u2013 Prva autosjedalica na svijetu s rotacijskom bazom odobrena za kori\u0161tenje do pribli\u017eno 6. godine (125 cm \/ 22 kg).<br \/>\nOmogu\u0107uje potpunu rotaciju od 360 stupnjeva uz iznimno malu te\u017einu za maksimalnu prakti\u010dnost.<br \/>\nPode\u0161avanje prostora za noge i duljine naslona omogu\u0107uje djetetu prostor za rast, a razli\u010diti nagibi sjedalice pru\u017eaju dodatnu udobnost. Pametan mehanizam za blokiranje sprje\u010dava preranu upotrebu u smjeru vo\u017enje. Sjedalica omogu\u0107uje produljeno kori\u0161tenje u suprotnom smjeru vo\u017enje, \u0161to je \u010dak 5 puta sigurnije u usporedbi s vo\u017enjom u smjeru kretanja.<\/p>\n<p><strong>Vrhunska sigurnost<\/strong><br \/>\n&#8211; Odobrena za vo\u017enju u smjeru suprotnom od smjera vo\u017enje od 61 cm do 125 cm i 22 kg, te u smjeru vo\u017enje od 88 cm do 125 cm i 22 kg<br \/>\n&#8211; Naslon za glavu s Dynamic Force Absorber\u2122 za dodatnu za\u0161titu od bo\u010dnih udara<br \/>\n&#8211; SIP+ dodatna bo\u010dna za\u0161tita &#8211; lako se postavlja na sjedalicu<br \/>\n&#8211; Pametan sigurnosni mehanizam sprje\u010dava prerano okretanje u smjer vo\u017enje<br \/>\n&#8211; Odobrena prema najnovijem sigurnosnom standardu UN R129<br \/>\n&#8211; Omogu\u0107uje vo\u017enju u suprotnom smjeru do otprilike 6. godine \u017eivota &#8211; 5 puta sigurnije od smjera vo\u017enje<\/p>\n<p><strong>Jedinstvene zna\u010dajke za svakodnevnu fleksibilnost<\/strong><br \/>\n&#8211; Brza i jednostavna ISOfix instalacija<br \/>\n&#8211; Lako premje\u0161tanje izme\u0111u automobila &#8211; autosjedalica je odvojena od baze i izuzetno lagana<br \/>\n&#8211; Bo\u010dna rotacija od samog po\u010detka i puna 360\u00b0 rotacija kada dijete malo poraste<br \/>\n&#8211; Jednoru\u010dno upravljanje za rotaciju i pode\u0161avanje nagiba<br \/>\n&#8211; Magnetic Belt Assistants\u2122 &#8211; magneti na pojasevima olak\u0161avaju smje\u0161tanje i va\u0111enje djeteta iz autosjedalice<br \/>\n&#8211; Universal Level Technology\u2122 &#8211; optimalan kut sjedenja u bilo kojem automobilu<\/p>\n<p><strong>Udobnost<\/strong><br \/>\n&#8211; Ergo Cushion\u2122 za dodatnu udobnost starije djece &#8211; umetanjem dodatnih jastu\u010di\u0107a u naslon sjedalice podupire se prirodna krivina donjeg dijela kralje\u017enice (lumbalna lordoza), posebno va\u017enu kod djece od otprilike 3\/4 do 7 godina<br \/>\n&#8211; Certificirana kao prikladna za le\u0111a od strane AGR-a<br \/>\n&#8211; Prostor za noge produljiv do 16 cm u suprotnom smjeru vo\u017enje<br \/>\n&#8211; Podesiv naslon za glavu &#8211; raste s djetetom do 125 cm<br \/>\n&#8211; Podesivi nagib sjedalice za dodatnu udobnost<br \/>\n&#8211; Prostrana unutra\u0161njost sjedalice omogu\u0107uje slobodu kretanja dok je dijete sigurno vezano<br \/>\n&#8211; Dobra ventilacija zahvaljuju\u0107i prozra\u010dnoj strukturi ispod presvlake<\/p>\n<p>BeSafe Beyond\u00b2 360 &#8211; unaprije\u0111ena verzija Beyond 360. Nudi sve prednosti originalnog modela uz dodatne nadogradnje za jo\u0161 ve\u0107u sigurnost, udobnost i svakodnevnu prakti\u010dnost.<\/p>\n<p><strong>Uz brigu o okoli\u0161u i novim oblicima mobilnosti<\/strong><br \/>\nBeSafe Beyond koncept osmi\u0161ljen je kako bi trajao dugo. Kori\u0161tenjem izdr\u017eljivih materijala i konstrukcije koja omogu\u0107uje jednostavne popravke, vijek trajanja svih proizvoda iz ove linije produljen je na \u010dak<strong> 15 godina<\/strong>.<br \/>\nKori\u0161tenjem iste baze za sjedalo za novoro\u0111en\u010de i sjedalo za ve\u0107u djecu (od 0 do 6 godina), znatno se smanjuje koli\u010dina materijala potrebnog za proizvodnju.<\/p>\n<p>Lagani i modularni dizajn \u010dini BeSafe Beyond\u00b2 360 savr\u0161enim rje\u0161enjem za obitelji koje koriste vi\u0161e automobila &#8211; bilo da imaju vlastita vozila ili koriste car sharing usluge.<\/p>\n","protected":false},"excerpt":{"rendered":"<ul>\n<li>jedina rotacijska autosjedalica na tr\u017ei\u0161tu odobrena za kori\u0161tenje od 61 cm do 125 cm i 22 kg<\/li>\n<li>pribli\u017eno od 6 mjeseci do 6 godina<\/li>\n<li>puna rotacija od 360\u00b0<\/li>\n<li>pru\u017ea neusporedivu fleksibilnost i sigurnost s pametnim mehanizmom za blokiranje za sigurnu produ\u017eenu upotrebu u smjeru suprotnom od smjera vo\u017enje<\/li>\n<li>vrhunska udobnost s Ergo Cushion jastukom<\/li>\n<li>optimalni polo\u017eaj u svim autima uz obavezno postavljanje na <a href=\"https:\/\/najnaj.eu\/proizvod\/besafe-beyond-isofix-baza\/\">Beyond ISOfix bazu<\/a><\/li>\n<\/ul>\n<p>Pogledajte Beyond\u00b2 360 u interaktivnom <a href=\"https:\/\/catalogue.arkid.app\/embed\/KpAmTNTrEfAtO5mpvLXkCw\" target=\"_blank\" rel=\"noopener\"><strong>3D prikazu<\/strong><\/a>!<\/p>\n","protected":false},"featured_media":286301,"comment_status":"closed","ping_status":"closed","template":"","meta":{"_acf_changed":false,"footnotes":""},"product_brand":[],"product_cat":[574,831,2286,318],"product_tag":[],"class_list":{"0":"post-275125","1":"product","2":"type-product","3":"status-publish","4":"has-post-thumbnail","6":"product_cat-autosjedalice","7":"product_cat-mala-djeca-1-4-god","8":"product_cat-mala-djeca-6-mj-6-god","9":"product_cat-proizvodi","10":"pa_boja-tamno-siva","11":"pa_brand-besafe","12":"pa_nacin-postavljanja-isofix","13":"pa_visina-djeteta-od-61-do-125-cm","15":"first","16":"instock","17":"shipping-taxable","18":"purchasable","19":"product-type-simple"},"bundled_by":[],"bundle_stock_status":"instock","bundle_stock_quantity":15,"bundle_virtual":false,"bundle_layout":"","bundle_add_to_cart_form_location":"","bundle_editable_in_cart":false,"bundle_sold_individually_context":"","bundle_item_grouping":"","bundle_min_size":"","bundle_max_size":"","bundle_price":[],"bundled_items":[],"bundle_sell_ids":[],"acf":[],"yoast_head":"<!-- This site is optimized with the Yoast SEO Premium plugin v21.5 (Yoast SEO v27.4) - https:\/\/yoast.com\/product\/yoast-seo-premium-wordpress\/ -->\n<title>BeSafe Beyond\u00b2 360, Dark Grey M\u00e9lange - NajNaj.eu<\/title>\n<meta name=\"description\" content=\"BeSafe Beyond\u00b2 360 \u2013 Prva autosjedalica na svijetu s rotacijskom bazom odobrena za kori\u0161tenje do pribli\u017eno 6. godine (125 cm \/ 22 kg)!\" \/>\n<meta name=\"robots\" content=\"index, follow, max-snippet:-1, max-image-preview:large, max-video-preview:-1\" \/>\n<link rel=\"canonical\" href=\"https:\/\/najnaj.eu\/fr\/proizvod\/besafe-beyond%c2%b2-360-dark-grey-melange\/\" \/>\n<meta property=\"og:locale\" content=\"fr_FR\" \/>\n<meta property=\"og:type\" content=\"article\" \/>\n<meta property=\"og:title\" content=\"BeSafe Beyond\u00b2 360, Dark Grey M\u00e9lange\" \/>\n<meta property=\"og:description\" content=\"BeSafe Beyond\u00b2 360 \u2013 Prva autosjedalica na svijetu s rotacijskom bazom odobrena za kori\u0161tenje do pribli\u017eno 6. godine (125 cm \/ 22 kg)!\" \/>\n<meta property=\"og:url\" content=\"https:\/\/najnaj.eu\/fr\/proizvod\/besafe-beyond%c2%b2-360-dark-grey-melange\/\" \/>\n<meta property=\"og:site_name\" content=\"NajNaj.eu\" \/>\n<meta property=\"article:publisher\" content=\"https:\/\/web.facebook.com\/najnaj.eu\/\" \/>\n<meta property=\"article:modified_time\" content=\"2026-04-15T00:02:51+00:00\" \/>\n<meta property=\"og:image\" content=\"https:\/\/najnaj.eu\/wp-content\/uploads\/2025\/10\/11045369_BeSafe_Beyond2-360_DARK-GREYY.jpg\" \/>\n\t<meta property=\"og:image:width\" content=\"1000\" \/>\n\t<meta property=\"og:image:height\" content=\"1000\" \/>\n\t<meta property=\"og:image:type\" content=\"image\/jpeg\" \/>\n<meta name=\"twitter:card\" content=\"summary_large_image\" \/>\n<meta name=\"twitter:label1\" content=\"Prix\" \/>\n\t<meta name=\"twitter:data1\" content=\"549,00&nbsp;&euro;\" \/>\n\t<meta name=\"twitter:label2\" content=\"Disponibilit\u00e9\" \/>\n\t<meta name=\"twitter:data2\" content=\"En stock\" \/>\n<script type=\"application\/ld+json\" class=\"yoast-schema-graph\">{\"@context\":\"https:\\\/\\\/schema.org\",\"@graph\":[{\"@type\":\"WebPage\",\"@id\":\"https:\\\/\\\/najnaj.eu\\\/fr\\\/proizvod\\\/besafe-beyond%c2%b2-360-dark-grey-melange\\\/\",\"url\":\"https:\\\/\\\/najnaj.eu\\\/fr\\\/proizvod\\\/besafe-beyond%c2%b2-360-dark-grey-melange\\\/\",\"name\":\"BeSafe Beyond\u00b2 360, Dark Grey M\u00e9lange - NajNaj.eu\",\"isPartOf\":{\"@id\":\"https:\\\/\\\/najnaj.eu\\\/fr\\\/#website\"},\"primaryImageOfPage\":{\"@id\":\"https:\\\/\\\/najnaj.eu\\\/fr\\\/proizvod\\\/besafe-beyond%c2%b2-360-dark-grey-melange\\\/#primaryimage\"},\"image\":{\"@id\":\"https:\\\/\\\/najnaj.eu\\\/fr\\\/proizvod\\\/besafe-beyond%c2%b2-360-dark-grey-melange\\\/#primaryimage\"},\"thumbnailUrl\":\"https:\\\/\\\/najnaj.eu\\\/wp-content\\\/uploads\\\/2025\\\/10\\\/11045369_BeSafe_Beyond2-360_DARK-GREYY.jpg\",\"datePublished\":\"2025-10-20T11:12:59+00:00\",\"dateModified\":\"2026-04-15T00:02:51+00:00\",\"description\":\"BeSafe Beyond\u00b2 360 \u2013 Prva autosjedalica na svijetu s rotacijskom bazom odobrena za kori\u0161tenje do pribli\u017eno 6. godine (125 cm \\\/ 22 kg)!\",\"breadcrumb\":{\"@id\":\"https:\\\/\\\/najnaj.eu\\\/fr\\\/proizvod\\\/besafe-beyond%c2%b2-360-dark-grey-melange\\\/#breadcrumb\"},\"inLanguage\":\"fr-FR\",\"potentialAction\":[{\"@type\":\"ReadAction\",\"target\":[\"https:\\\/\\\/najnaj.eu\\\/fr\\\/proizvod\\\/besafe-beyond%c2%b2-360-dark-grey-melange\\\/\"]}]},{\"@type\":\"ImageObject\",\"inLanguage\":\"fr-FR\",\"@id\":\"https:\\\/\\\/najnaj.eu\\\/fr\\\/proizvod\\\/besafe-beyond%c2%b2-360-dark-grey-melange\\\/#primaryimage\",\"url\":\"https:\\\/\\\/najnaj.eu\\\/wp-content\\\/uploads\\\/2025\\\/10\\\/11045369_BeSafe_Beyond2-360_DARK-GREYY.jpg\",\"contentUrl\":\"https:\\\/\\\/najnaj.eu\\\/wp-content\\\/uploads\\\/2025\\\/10\\\/11045369_BeSafe_Beyond2-360_DARK-GREYY.jpg\",\"width\":1000,\"height\":1000},{\"@type\":\"BreadcrumbList\",\"@id\":\"https:\\\/\\\/najnaj.eu\\\/fr\\\/proizvod\\\/besafe-beyond%c2%b2-360-dark-grey-melange\\\/#breadcrumb\",\"itemListElement\":[{\"@type\":\"ListItem\",\"position\":1,\"name\":\"Po\u010detna stranica\",\"item\":\"https:\\\/\\\/najnaj.eu\\\/fr\\\/\"},{\"@type\":\"ListItem\",\"position\":2,\"name\":\"Trgovina\",\"item\":\"https:\\\/\\\/najnaj.hr\\\/trgovina\\\/\"},{\"@type\":\"ListItem\",\"position\":3,\"name\":\"BeSafe Beyond\u00b2 360, Dark Grey M\u00e9lange\"}]},{\"@type\":\"WebSite\",\"@id\":\"https:\\\/\\\/najnaj.eu\\\/fr\\\/#website\",\"url\":\"https:\\\/\\\/najnaj.eu\\\/fr\\\/\",\"name\":\"NajNaj.eu\",\"description\":\"Za najva\u017enije!\",\"potentialAction\":[{\"@type\":\"SearchAction\",\"target\":{\"@type\":\"EntryPoint\",\"urlTemplate\":\"https:\\\/\\\/najnaj.eu\\\/fr\\\/?s={search_term_string}\"},\"query-input\":{\"@type\":\"PropertyValueSpecification\",\"valueRequired\":true,\"valueName\":\"search_term_string\"}}],\"inLanguage\":\"fr-FR\"}]}<\/script>\n<meta property=\"product:brand\" content=\"BeSafe\" \/>\n<meta property=\"product:price:amount\" content=\"549.00\" \/>\n<meta property=\"product:price:currency\" content=\"EUR\" \/>\n<meta property=\"og:availability\" content=\"instock\" \/>\n<meta property=\"product:availability\" content=\"instock\" \/>\n<meta property=\"product:retailer_item_id\" content=\"11045369-DarkGreyM\" \/>\n<meta property=\"product:condition\" content=\"new\" \/>\n<!-- \/ Yoast SEO Premium plugin. -->","yoast_head_json":{"title":"BeSafe Beyond\u00b2 360, Dark Grey M\u00e9lange - NajNaj.eu","description":"BeSafe Beyond\u00b2 360 \u2013 Prva autosjedalica na svijetu s rotacijskom bazom odobrena za kori\u0161tenje do pribli\u017eno 6. godine (125 cm \/ 22 kg)!","robots":{"index":"index","follow":"follow","max-snippet":"max-snippet:-1","max-image-preview":"max-image-preview:large","max-video-preview":"max-video-preview:-1"},"canonical":"https:\/\/najnaj.eu\/fr\/proizvod\/besafe-beyond%c2%b2-360-dark-grey-melange\/","og_locale":"fr_FR","og_type":"article","og_title":"BeSafe Beyond\u00b2 360, Dark Grey M\u00e9lange","og_description":"BeSafe Beyond\u00b2 360 \u2013 Prva autosjedalica na svijetu s rotacijskom bazom odobrena za kori\u0161tenje do pribli\u017eno 6. godine (125 cm \/ 22 kg)!","og_url":"https:\/\/najnaj.eu\/fr\/proizvod\/besafe-beyond%c2%b2-360-dark-grey-melange\/","og_site_name":"NajNaj.eu","article_publisher":"https:\/\/web.facebook.com\/najnaj.eu\/","article_modified_time":"2026-04-15T00:02:51+00:00","og_image":[{"width":1000,"height":1000,"url":"https:\/\/najnaj.eu\/wp-content\/uploads\/2025\/10\/11045369_BeSafe_Beyond2-360_DARK-GREYY.jpg","type":"image\/jpeg"}],"twitter_card":"summary_large_image","twitter_misc":{"Prix":"549,00&nbsp;&euro;","Disponibilit\u00e9":"En stock"},"schema":{"@context":"https:\/\/schema.org","@graph":[{"@type":"WebPage","@id":"https:\/\/najnaj.eu\/fr\/proizvod\/besafe-beyond%c2%b2-360-dark-grey-melange\/","url":"https:\/\/najnaj.eu\/fr\/proizvod\/besafe-beyond%c2%b2-360-dark-grey-melange\/","name":"BeSafe Beyond\u00b2 360, Dark Grey M\u00e9lange - NajNaj.eu","isPartOf":{"@id":"https:\/\/najnaj.eu\/fr\/#website"},"primaryImageOfPage":{"@id":"https:\/\/najnaj.eu\/fr\/proizvod\/besafe-beyond%c2%b2-360-dark-grey-melange\/#primaryimage"},"image":{"@id":"https:\/\/najnaj.eu\/fr\/proizvod\/besafe-beyond%c2%b2-360-dark-grey-melange\/#primaryimage"},"thumbnailUrl":"https:\/\/najnaj.eu\/wp-content\/uploads\/2025\/10\/11045369_BeSafe_Beyond2-360_DARK-GREYY.jpg","datePublished":"2025-10-20T11:12:59+00:00","dateModified":"2026-04-15T00:02:51+00:00","description":"BeSafe Beyond\u00b2 360 \u2013 Prva autosjedalica na svijetu s rotacijskom bazom odobrena za kori\u0161tenje do pribli\u017eno 6. godine (125 cm \/ 22 kg)!","breadcrumb":{"@id":"https:\/\/najnaj.eu\/fr\/proizvod\/besafe-beyond%c2%b2-360-dark-grey-melange\/#breadcrumb"},"inLanguage":"fr-FR","potentialAction":[{"@type":"ReadAction","target":["https:\/\/najnaj.eu\/fr\/proizvod\/besafe-beyond%c2%b2-360-dark-grey-melange\/"]}]},{"@type":"ImageObject","inLanguage":"fr-FR","@id":"https:\/\/najnaj.eu\/fr\/proizvod\/besafe-beyond%c2%b2-360-dark-grey-melange\/#primaryimage","url":"https:\/\/najnaj.eu\/wp-content\/uploads\/2025\/10\/11045369_BeSafe_Beyond2-360_DARK-GREYY.jpg","contentUrl":"https:\/\/najnaj.eu\/wp-content\/uploads\/2025\/10\/11045369_BeSafe_Beyond2-360_DARK-GREYY.jpg","width":1000,"height":1000},{"@type":"BreadcrumbList","@id":"https:\/\/najnaj.eu\/fr\/proizvod\/besafe-beyond%c2%b2-360-dark-grey-melange\/#breadcrumb","itemListElement":[{"@type":"ListItem","position":1,"name":"Po\u010detna stranica","item":"https:\/\/najnaj.eu\/fr\/"},{"@type":"ListItem","position":2,"name":"Trgovina","item":"https:\/\/najnaj.hr\/trgovina\/"},{"@type":"ListItem","position":3,"name":"BeSafe Beyond\u00b2 360, Dark Grey M\u00e9lange"}]},{"@type":"WebSite","@id":"https:\/\/najnaj.eu\/fr\/#website","url":"https:\/\/najnaj.eu\/fr\/","name":"NajNaj.eu","description":"Za najva\u017enije!","potentialAction":[{"@type":"SearchAction","target":{"@type":"EntryPoint","urlTemplate":"https:\/\/najnaj.eu\/fr\/?s={search_term_string}"},"query-input":{"@type":"PropertyValueSpecification","valueRequired":true,"valueName":"search_term_string"}}],"inLanguage":"fr-FR"}]},"product_brand":"BeSafe","product_price_amount":"549.00","product_price_currency":"EUR","og_availability":"instock","product_availability":"instock","product_retailer_item_id":"11045369-DarkGreyM","product_condition":"new"},"_links":{"self":[{"href":"https:\/\/najnaj.eu\/fr\/wp-json\/wp\/v2\/product\/275125","targetHints":{"allow":["GET"]}}],"collection":[{"href":"https:\/\/najnaj.eu\/fr\/wp-json\/wp\/v2\/product"}],"about":[{"href":"https:\/\/najnaj.eu\/fr\/wp-json\/wp\/v2\/types\/product"}],"replies":[{"embeddable":true,"href":"https:\/\/najnaj.eu\/fr\/wp-json\/wp\/v2\/comments?post=275125"}],"version-history":[{"count":0,"href":"https:\/\/najnaj.eu\/fr\/wp-json\/wp\/v2\/product\/275125\/revisions"}],"wp:featuredmedia":[{"embeddable":true,"href":"https:\/\/najnaj.eu\/fr\/wp-json\/wp\/v2\/media\/286301"}],"wp:attachment":[{"href":"https:\/\/najnaj.eu\/fr\/wp-json\/wp\/v2\/media?parent=275125"}],"wp:term":[{"taxonomy":"product_brand","embeddable":true,"href":"https:\/\/najnaj.eu\/fr\/wp-json\/wp\/v2\/product_brand?post=275125"},{"taxonomy":"product_cat","embeddable":true,"href":"https:\/\/najnaj.eu\/fr\/wp-json\/wp\/v2\/product_cat?post=275125"},{"taxonomy":"product_tag","embeddable":true,"href":"https:\/\/najnaj.eu\/fr\/wp-json\/wp\/v2\/product_tag?post=275125"}],"curies":[{"name":"wp","href":"https:\/\/api.w.org\/{rel}","templated":true}]}}