{"id":274466,"date":"2025-12-15T11:31:54","date_gmt":"2025-12-15T10:31:54","guid":{"rendered":"https:\/\/najnaj.eu\/?post_type=product&#038;p=274466"},"modified":"2026-02-08T04:58:31","modified_gmt":"2026-02-08T03:58:31","slug":"voksi-zimska-vreca-explorer-grape-clover","status":"publish","type":"product","link":"https:\/\/najnaj.eu\/fr\/proizvod\/voksi-zimska-vreca-explorer-grape-clover\/","title":{"rendered":"Voksi zimska vre\u0107a, Explorer, Grape Clover"},"content":{"rendered":"<p>Voksi\u00ae Explorer sastoji se od prirodnih i visoko kvalitetnih materijala kao \u0161to su vuna i paperje. Zimska vre\u0107a ima prozra\u010dnu vunu na le\u0111ima koja apsorbira vlagu i time osigurava optimalnu temperaturu. Punjena je paperjem koje pru\u017ea jedinstvenu izolaciju i grije dijete.<\/p>\n<p>S vanjske strane vre\u0107a je presvu\u010dena BIONIC-FINISH\u00aeECO premazom koji odbija vodu i \u0161titi od snijega, vjetra i ki\u0161e.<\/p>\n<p>Svi materijali u Voksi\u00ae Exploreru imaju certifikat OEKO-TEX\u00aestandard 100, klasa 1, \u0161to je oznaka kvalitete koja ozna\u010dava da niti jedan materijal u proizvodu ne sadr\u017ei \u0161tetne kemikalije.<\/p>\n<p>Trakica oko podru\u010dja glave omogu\u0107ava prilagodbu vre\u0107e u razli\u010ditim vremenskim uvjetima. Bo\u010dni otvori slu\u017ee za preklapanje prednjeg dijela za optimalnu ventilaciju i dobru vidljivost kada dijete \u017eeli istra\u017eivati \u200b\u200bsvijet iz udobnosti kolica.<\/p>\n<p>Patentni zatvara\u010d omogu\u0107ava brzo odvajanje te se stra\u017enji dio mo\u017ee koristiti kao obloga sjedi\u0161ta ili kao podloga za igru.<\/p>\n<p>Jedinstveni dizajn otvora za naslon omogu\u0107uje da se ova vre\u0107a lako uklopi i koristi u autosjedalicama i dje\u010djim kolicima s razli\u010ditim pojasevima. Protuklizni materijal na stra\u017enjoj strani osigurava da vre\u0107a ostaje na mjestu u kolicima. Kada se koristi u autosjedalici, Voksi\u00ae Explorer pru\u017ea izolaciju koja zamjenjuje debelu zimsku odje\u0107u. Na taj na\u010din pojas je pozicioniran bli\u017ee djetetovom tijelu. Patentni zatvara\u010d se brzo otvara, \u0161to omogu\u0107uje lak pristup djetetu u autosjedalici.<\/p>\n<p>Voksi\u00ae Explorer zimska vre\u0107a testirana je u sudaru s BeSafe autosjedalicama te se zbog otvora na le\u0111ima prilago\u0111ava svim ostalim autosjedalicama.<\/p>\n","protected":false},"excerpt":{"rendered":"<p>Voksi\u00ae Explorer je zimska vre\u0107a za kolica i autosjedalicu namijenjena za hladne jeseni i zime. Mo\u017ee se koristiti od ro\u0111enja do 3. godine.<\/p>\n<p>&#8211; Prirodno punjenje od pa\u010djeg paperja i vune<br \/>\n&#8211; Vodoodbojni gornji sloj<br \/>\n&#8211; Mo\u017ee se koristiti i u autosjedalicama<\/p>\n","protected":false},"featured_media":274467,"comment_status":"closed","ping_status":"closed","template":"","meta":{"_acf_changed":false,"footnotes":""},"product_brand":[],"product_cat":[829,552,645,569],"product_tag":[2271],"class_list":{"0":"post-274466","1":"product","2":"type-product","3":"status-publish","4":"has-post-thumbnail","6":"product_cat-dodaci-za-autosjedalice","7":"product_cat-dodaci-za-kolica","8":"product_cat-zimske-vrece","9":"product_cat-zimske-vrece-za-kolica","10":"product_tag-zima","11":"pa_boja-roza","12":"pa_brand-voksi","14":"first","15":"instock","16":"shipping-taxable","17":"purchasable","18":"product-type-simple"},"bundled_by":[],"bundle_stock_status":"instock","bundle_stock_quantity":15,"bundle_virtual":false,"bundle_layout":"","bundle_add_to_cart_form_location":"","bundle_editable_in_cart":false,"bundle_sold_individually_context":"","bundle_item_grouping":"","bundle_min_size":"","bundle_max_size":"","bundle_price":[],"bundled_items":[],"bundle_sell_ids":[],"acf":[],"yoast_head":"<!-- This site is optimized with the Yoast SEO Premium plugin v21.5 (Yoast SEO v27.4) - https:\/\/yoast.com\/product\/yoast-seo-premium-wordpress\/ -->\n<title>Voksi zimska vre\u0107a, Explorer, Grape Clover - NajNaj.eu<\/title>\n<meta name=\"description\" content=\"Zamjenjuje zimsku odje\u0107u, omogu\u0107uje pravilno i sigurno postavljanje pojasa u autosjedalici. Od prirodnih certificiranih materijala i vodonepropusne vanj\u0161tine.\" \/>\n<meta name=\"robots\" content=\"index, follow, max-snippet:-1, max-image-preview:large, max-video-preview:-1\" \/>\n<link rel=\"canonical\" href=\"https:\/\/najnaj.eu\/fr\/proizvod\/voksi-zimska-vreca-explorer-grape-clover\/\" \/>\n<meta property=\"og:locale\" content=\"fr_FR\" \/>\n<meta property=\"og:type\" content=\"article\" \/>\n<meta property=\"og:title\" content=\"Voksi zimska vre\u0107a, Explorer, Grape Clover\" \/>\n<meta property=\"og:description\" content=\"Zamjenjuje zimsku odje\u0107u, omogu\u0107uje pravilno i sigurno postavljanje pojasa u autosjedalici. Od prirodnih certificiranih materijala i vodonepropusne vanj\u0161tine.\" \/>\n<meta property=\"og:url\" content=\"https:\/\/najnaj.eu\/fr\/proizvod\/voksi-zimska-vreca-explorer-grape-clover\/\" \/>\n<meta property=\"og:site_name\" content=\"NajNaj.eu\" \/>\n<meta property=\"article:publisher\" content=\"https:\/\/web.facebook.com\/najnaj.eu\/\" \/>\n<meta property=\"article:modified_time\" content=\"2026-02-08T03:58:31+00:00\" \/>\n<meta property=\"og:image\" content=\"https:\/\/najnaj.eu\/wp-content\/uploads\/2025\/10\/11040956_Voksi_Explorer_Grape_Front.png\" \/>\n\t<meta property=\"og:image:width\" content=\"1200\" \/>\n\t<meta property=\"og:image:height\" content=\"1200\" \/>\n\t<meta property=\"og:image:type\" content=\"image\/png\" \/>\n<meta name=\"twitter:card\" content=\"summary_large_image\" \/>\n<meta name=\"twitter:label1\" content=\"Prix\" \/>\n\t<meta name=\"twitter:data1\" content=\"159,90&nbsp;&euro;\" \/>\n\t<meta name=\"twitter:label2\" content=\"Disponibilit\u00e9\" \/>\n\t<meta name=\"twitter:data2\" content=\"En stock\" \/>\n<script type=\"application\/ld+json\" class=\"yoast-schema-graph\">{\"@context\":\"https:\\\/\\\/schema.org\",\"@graph\":[{\"@type\":\"WebPage\",\"@id\":\"https:\\\/\\\/najnaj.eu\\\/fr\\\/proizvod\\\/voksi-zimska-vreca-explorer-grape-clover\\\/\",\"url\":\"https:\\\/\\\/najnaj.eu\\\/fr\\\/proizvod\\\/voksi-zimska-vreca-explorer-grape-clover\\\/\",\"name\":\"Voksi zimska vre\u0107a, Explorer, Grape Clover - NajNaj.eu\",\"isPartOf\":{\"@id\":\"https:\\\/\\\/najnaj.eu\\\/fr\\\/#website\"},\"primaryImageOfPage\":{\"@id\":\"https:\\\/\\\/najnaj.eu\\\/fr\\\/proizvod\\\/voksi-zimska-vreca-explorer-grape-clover\\\/#primaryimage\"},\"image\":{\"@id\":\"https:\\\/\\\/najnaj.eu\\\/fr\\\/proizvod\\\/voksi-zimska-vreca-explorer-grape-clover\\\/#primaryimage\"},\"thumbnailUrl\":\"https:\\\/\\\/najnaj.eu\\\/wp-content\\\/uploads\\\/2025\\\/10\\\/11040956_Voksi_Explorer_Grape_Front.png\",\"datePublished\":\"2025-12-15T10:31:54+00:00\",\"dateModified\":\"2026-02-08T03:58:31+00:00\",\"description\":\"Zamjenjuje zimsku odje\u0107u, omogu\u0107uje pravilno i sigurno postavljanje pojasa u autosjedalici. Od prirodnih certificiranih materijala i vodonepropusne vanj\u0161tine.\",\"breadcrumb\":{\"@id\":\"https:\\\/\\\/najnaj.eu\\\/fr\\\/proizvod\\\/voksi-zimska-vreca-explorer-grape-clover\\\/#breadcrumb\"},\"inLanguage\":\"fr-FR\",\"potentialAction\":[{\"@type\":\"ReadAction\",\"target\":[\"https:\\\/\\\/najnaj.eu\\\/fr\\\/proizvod\\\/voksi-zimska-vreca-explorer-grape-clover\\\/\"]}]},{\"@type\":\"ImageObject\",\"inLanguage\":\"fr-FR\",\"@id\":\"https:\\\/\\\/najnaj.eu\\\/fr\\\/proizvod\\\/voksi-zimska-vreca-explorer-grape-clover\\\/#primaryimage\",\"url\":\"https:\\\/\\\/najnaj.eu\\\/wp-content\\\/uploads\\\/2025\\\/10\\\/11040956_Voksi_Explorer_Grape_Front.png\",\"contentUrl\":\"https:\\\/\\\/najnaj.eu\\\/wp-content\\\/uploads\\\/2025\\\/10\\\/11040956_Voksi_Explorer_Grape_Front.png\",\"width\":1200,\"height\":1200},{\"@type\":\"BreadcrumbList\",\"@id\":\"https:\\\/\\\/najnaj.eu\\\/fr\\\/proizvod\\\/voksi-zimska-vreca-explorer-grape-clover\\\/#breadcrumb\",\"itemListElement\":[{\"@type\":\"ListItem\",\"position\":1,\"name\":\"Po\u010detna stranica\",\"item\":\"https:\\\/\\\/najnaj.eu\\\/fr\\\/\"},{\"@type\":\"ListItem\",\"position\":2,\"name\":\"Trgovina\",\"item\":\"https:\\\/\\\/najnaj.hr\\\/trgovina\\\/\"},{\"@type\":\"ListItem\",\"position\":3,\"name\":\"Voksi zimska vre\u0107a, Explorer, Grape Clover\"}]},{\"@type\":\"WebSite\",\"@id\":\"https:\\\/\\\/najnaj.eu\\\/fr\\\/#website\",\"url\":\"https:\\\/\\\/najnaj.eu\\\/fr\\\/\",\"name\":\"NajNaj.eu\",\"description\":\"Za najva\u017enije!\",\"potentialAction\":[{\"@type\":\"SearchAction\",\"target\":{\"@type\":\"EntryPoint\",\"urlTemplate\":\"https:\\\/\\\/najnaj.eu\\\/fr\\\/?s={search_term_string}\"},\"query-input\":{\"@type\":\"PropertyValueSpecification\",\"valueRequired\":true,\"valueName\":\"search_term_string\"}}],\"inLanguage\":\"fr-FR\"}]}<\/script>\n<meta property=\"product:brand\" content=\"Voksi\" \/>\n<meta property=\"product:price:amount\" content=\"159.90\" \/>\n<meta property=\"product:price:currency\" content=\"EUR\" \/>\n<meta property=\"og:availability\" content=\"instock\" \/>\n<meta property=\"product:availability\" content=\"instock\" \/>\n<meta property=\"product:retailer_item_id\" content=\"11040956-Grape-0-3Y-Clover\" \/>\n<meta property=\"product:condition\" content=\"new\" \/>\n<!-- \/ Yoast SEO Premium plugin. -->","yoast_head_json":{"title":"Voksi zimska vre\u0107a, Explorer, Grape Clover - NajNaj.eu","description":"Zamjenjuje zimsku odje\u0107u, omogu\u0107uje pravilno i sigurno postavljanje pojasa u autosjedalici. Od prirodnih certificiranih materijala i vodonepropusne vanj\u0161tine.","robots":{"index":"index","follow":"follow","max-snippet":"max-snippet:-1","max-image-preview":"max-image-preview:large","max-video-preview":"max-video-preview:-1"},"canonical":"https:\/\/najnaj.eu\/fr\/proizvod\/voksi-zimska-vreca-explorer-grape-clover\/","og_locale":"fr_FR","og_type":"article","og_title":"Voksi zimska vre\u0107a, Explorer, Grape Clover","og_description":"Zamjenjuje zimsku odje\u0107u, omogu\u0107uje pravilno i sigurno postavljanje pojasa u autosjedalici. Od prirodnih certificiranih materijala i vodonepropusne vanj\u0161tine.","og_url":"https:\/\/najnaj.eu\/fr\/proizvod\/voksi-zimska-vreca-explorer-grape-clover\/","og_site_name":"NajNaj.eu","article_publisher":"https:\/\/web.facebook.com\/najnaj.eu\/","article_modified_time":"2026-02-08T03:58:31+00:00","og_image":[{"width":1200,"height":1200,"url":"https:\/\/najnaj.eu\/wp-content\/uploads\/2025\/10\/11040956_Voksi_Explorer_Grape_Front.png","type":"image\/png"}],"twitter_card":"summary_large_image","twitter_misc":{"Prix":"159,90&nbsp;&euro;","Disponibilit\u00e9":"En stock"},"schema":{"@context":"https:\/\/schema.org","@graph":[{"@type":"WebPage","@id":"https:\/\/najnaj.eu\/fr\/proizvod\/voksi-zimska-vreca-explorer-grape-clover\/","url":"https:\/\/najnaj.eu\/fr\/proizvod\/voksi-zimska-vreca-explorer-grape-clover\/","name":"Voksi zimska vre\u0107a, Explorer, Grape Clover - NajNaj.eu","isPartOf":{"@id":"https:\/\/najnaj.eu\/fr\/#website"},"primaryImageOfPage":{"@id":"https:\/\/najnaj.eu\/fr\/proizvod\/voksi-zimska-vreca-explorer-grape-clover\/#primaryimage"},"image":{"@id":"https:\/\/najnaj.eu\/fr\/proizvod\/voksi-zimska-vreca-explorer-grape-clover\/#primaryimage"},"thumbnailUrl":"https:\/\/najnaj.eu\/wp-content\/uploads\/2025\/10\/11040956_Voksi_Explorer_Grape_Front.png","datePublished":"2025-12-15T10:31:54+00:00","dateModified":"2026-02-08T03:58:31+00:00","description":"Zamjenjuje zimsku odje\u0107u, omogu\u0107uje pravilno i sigurno postavljanje pojasa u autosjedalici. Od prirodnih certificiranih materijala i vodonepropusne vanj\u0161tine.","breadcrumb":{"@id":"https:\/\/najnaj.eu\/fr\/proizvod\/voksi-zimska-vreca-explorer-grape-clover\/#breadcrumb"},"inLanguage":"fr-FR","potentialAction":[{"@type":"ReadAction","target":["https:\/\/najnaj.eu\/fr\/proizvod\/voksi-zimska-vreca-explorer-grape-clover\/"]}]},{"@type":"ImageObject","inLanguage":"fr-FR","@id":"https:\/\/najnaj.eu\/fr\/proizvod\/voksi-zimska-vreca-explorer-grape-clover\/#primaryimage","url":"https:\/\/najnaj.eu\/wp-content\/uploads\/2025\/10\/11040956_Voksi_Explorer_Grape_Front.png","contentUrl":"https:\/\/najnaj.eu\/wp-content\/uploads\/2025\/10\/11040956_Voksi_Explorer_Grape_Front.png","width":1200,"height":1200},{"@type":"BreadcrumbList","@id":"https:\/\/najnaj.eu\/fr\/proizvod\/voksi-zimska-vreca-explorer-grape-clover\/#breadcrumb","itemListElement":[{"@type":"ListItem","position":1,"name":"Po\u010detna stranica","item":"https:\/\/najnaj.eu\/fr\/"},{"@type":"ListItem","position":2,"name":"Trgovina","item":"https:\/\/najnaj.hr\/trgovina\/"},{"@type":"ListItem","position":3,"name":"Voksi zimska vre\u0107a, Explorer, Grape Clover"}]},{"@type":"WebSite","@id":"https:\/\/najnaj.eu\/fr\/#website","url":"https:\/\/najnaj.eu\/fr\/","name":"NajNaj.eu","description":"Za najva\u017enije!","potentialAction":[{"@type":"SearchAction","target":{"@type":"EntryPoint","urlTemplate":"https:\/\/najnaj.eu\/fr\/?s={search_term_string}"},"query-input":{"@type":"PropertyValueSpecification","valueRequired":true,"valueName":"search_term_string"}}],"inLanguage":"fr-FR"}]},"product_brand":"Voksi","product_price_amount":"159.90","product_price_currency":"EUR","og_availability":"instock","product_availability":"instock","product_retailer_item_id":"11040956-Grape-0-3Y-Clover","product_condition":"new"},"_links":{"self":[{"href":"https:\/\/najnaj.eu\/fr\/wp-json\/wp\/v2\/product\/274466","targetHints":{"allow":["GET"]}}],"collection":[{"href":"https:\/\/najnaj.eu\/fr\/wp-json\/wp\/v2\/product"}],"about":[{"href":"https:\/\/najnaj.eu\/fr\/wp-json\/wp\/v2\/types\/product"}],"replies":[{"embeddable":true,"href":"https:\/\/najnaj.eu\/fr\/wp-json\/wp\/v2\/comments?post=274466"}],"version-history":[{"count":0,"href":"https:\/\/najnaj.eu\/fr\/wp-json\/wp\/v2\/product\/274466\/revisions"}],"wp:featuredmedia":[{"embeddable":true,"href":"https:\/\/najnaj.eu\/fr\/wp-json\/wp\/v2\/media\/274467"}],"wp:attachment":[{"href":"https:\/\/najnaj.eu\/fr\/wp-json\/wp\/v2\/media?parent=274466"}],"wp:term":[{"taxonomy":"product_brand","embeddable":true,"href":"https:\/\/najnaj.eu\/fr\/wp-json\/wp\/v2\/product_brand?post=274466"},{"taxonomy":"product_cat","embeddable":true,"href":"https:\/\/najnaj.eu\/fr\/wp-json\/wp\/v2\/product_cat?post=274466"},{"taxonomy":"product_tag","embeddable":true,"href":"https:\/\/najnaj.eu\/fr\/wp-json\/wp\/v2\/product_tag?post=274466"}],"curies":[{"name":"wp","href":"https:\/\/api.w.org\/{rel}","templated":true}]}}